{"id":171502,"date":"2019-06-04T15:29:41","date_gmt":"2019-06-04T13:29:41","guid":{"rendered":"http:\/\/biomes.world\/?page_id=171502"},"modified":"2021-09-01T16:23:44","modified_gmt":"2021-09-01T14:23:44","slug":"page-non-trouvee-404","status":"publish","type":"page","link":"https:\/\/biomes.world\/fr\/page-non-trouvee-404\/","title":{"rendered":"[404] &#8211; Page non trouv\u00e9e"},"content":{"rendered":"\n<h2 class=\"wp-block-heading\"><span class=\"subheader\">Page non trouv\u00e9e<\/span>Oups, avons-nous pris un mauvais chemin&nbsp;? <\/h2>\n\n\n\n<div class=\"wp-block-image\"><figure class=\"aligncenter size-large\"><img loading=\"lazy\" decoding=\"async\" width=\"218\" height=\"225\" src=\"http:\/\/biomes.world\/wp-content\/uploads\/2021\/05\/BMS_fahrrad.png\" alt=\"\" class=\"wp-image-507361\"\/><\/figure><\/div>\n\n\n\n<p>La page \u00e0 laquelle vous vouliez acc\u00e9der n&rsquo;a pas \u00e9t\u00e9 trouv\u00e9e. Nous le regrettons. Vous trouverez peut-\u00eatre ici ce que vous cherchez&nbsp;:  <\/p>\n\n\n\n<ul class=\"wp-block-list\"><li><a href=\"http:\/\/www.biomes.world\">Accueil<\/a> &#8211; Consultez notre page d&rsquo;accueil.<\/li><li><a href=\"http:\/\/biomes.world\/fr\/boutique\/intest-pro\/\"><strong>INTEST.<\/strong>pro<\/a> &#8211; &nbsp;D\u00e9couvrez notre&nbsp;test intestinal&nbsp; unique en son genre.&nbsp;<\/li><li><a href=\"https:\/\/biomes.world\/fr\/boutique\/\">Boutique<\/a> &#8211; C&rsquo;est ici que vous pourrez commander vos produits.<\/li><li><a href=\"http:\/\/biomes.world\/fr\/\/le-groupe\/technologie\">Technologie <\/a>&#8211; Une biotechnologie de pointe au service des personnes<\/li><\/ul>\n","protected":false},"excerpt":{"rendered":"<p>Oups, avons-nous pris un mauvais chemin&nbsp;? La page \u00e0 laquelle vous vouliez acc\u00e9der n&rsquo;a pas \u00e9t\u00e9 trouv\u00e9e. Nous le regrettons. Vous trouverez peut-\u00eatre ici ce que vous cherchez&nbsp;: Accueil &#8211; Consultez notre page d&rsquo;accueil.INTEST.pro &#8211; &nbsp;D\u00e9couvrez notre&nbsp;test intestinal&nbsp; unique en son genre.&nbsp;Boutique &#8211; C&rsquo;est ici que vous pourrez commander vos produits.Technologie &#8211; Une biotechnologie de [&#8230;]<\/p>\n","protected":false},"author":3168,"featured_media":0,"parent":0,"menu_order":39,"comment_status":"closed","ping_status":"closed","template":"","meta":{"_acf_changed":false,"footnotes":""},"class_list":["post-171502","page","type-page","status-publish","hentry"],"acf":[],"yoast_head":"<!-- This site is optimized with the Yoast SEO plugin v27.4 - https:\/\/yoast.com\/product\/yoast-seo-wordpress\/ -->\n<title>Nous n&#039;avons h\u00e9las pas pu trouver cette page | BIOMES<\/title>\n<meta name=\"description\" content=\"Malheureusement, la page que vous cherchez n&#039;existe pas. Si vous pensez qu&#039;il y a une erreur, n&#039;h\u00e9sitez pas \u00e0 nous le faire savoir.\" \/>\n<meta name=\"robots\" content=\"noindex, nofollow\" \/>\n<meta property=\"og:locale\" content=\"fr_FR\" \/>\n<meta property=\"og:type\" content=\"article\" \/>\n<meta property=\"og:title\" content=\"Nous n&#039;avons h\u00e9las pas pu trouver cette page | BIOMES\" \/>\n<meta property=\"og:description\" content=\"Malheureusement, la page que vous cherchez n&#039;existe pas. Si vous pensez qu&#039;il y a une erreur, n&#039;h\u00e9sitez pas \u00e0 nous le faire savoir.\" \/>\n<meta property=\"og:url\" content=\"https:\/\/biomes.world\/fr\/page-non-trouvee-404\/\" \/>\n<meta property=\"og:site_name\" content=\"BIOMES - Feel better\" \/>\n<meta property=\"article:publisher\" content=\"https:\/\/de-de.facebook.com\/BIOMES.world\/\" \/>\n<meta property=\"article:modified_time\" content=\"2021-09-01T14:23:44+00:00\" \/>\n<meta property=\"og:image\" content=\"http:\/\/biomes.world\/wp-content\/uploads\/2021\/05\/BMS_fahrrad.png\" \/>\n<meta name=\"twitter:card\" content=\"summary_large_image\" \/>\n<meta name=\"twitter:label1\" content=\"Dur\u00e9e de lecture estim\u00e9e\" \/>\n\t<meta name=\"twitter:data1\" content=\"1 minute\" \/>\n<script type=\"application\/ld+json\" class=\"yoast-schema-graph\">{\"@context\":\"https:\\\/\\\/schema.org\",\"@graph\":[{\"@type\":\"WebPage\",\"@id\":\"https:\\\/\\\/biomes.world\\\/fr\\\/page-non-trouvee-404\\\/\",\"url\":\"https:\\\/\\\/biomes.world\\\/fr\\\/page-non-trouvee-404\\\/\",\"name\":\"Nous n'avons h\u00e9las pas pu trouver cette page | BIOMES\",\"isPartOf\":{\"@id\":\"https:\\\/\\\/biomes.world\\\/fr\\\/#website\"},\"primaryImageOfPage\":{\"@id\":\"https:\\\/\\\/biomes.world\\\/fr\\\/page-non-trouvee-404\\\/#primaryimage\"},\"image\":{\"@id\":\"https:\\\/\\\/biomes.world\\\/fr\\\/page-non-trouvee-404\\\/#primaryimage\"},\"thumbnailUrl\":\"http:\\\/\\\/biomes.world\\\/wp-content\\\/uploads\\\/2021\\\/05\\\/BMS_fahrrad.png\",\"datePublished\":\"2019-06-04T13:29:41+00:00\",\"dateModified\":\"2021-09-01T14:23:44+00:00\",\"description\":\"Malheureusement, la page que vous cherchez n'existe pas. Si vous pensez qu'il y a une erreur, n'h\u00e9sitez pas \u00e0 nous le faire savoir.\",\"breadcrumb\":{\"@id\":\"https:\\\/\\\/biomes.world\\\/fr\\\/page-non-trouvee-404\\\/#breadcrumb\"},\"inLanguage\":\"fr-FR\",\"potentialAction\":[{\"@type\":\"ReadAction\",\"target\":[\"https:\\\/\\\/biomes.world\\\/fr\\\/page-non-trouvee-404\\\/\"]}]},{\"@type\":\"ImageObject\",\"inLanguage\":\"fr-FR\",\"@id\":\"https:\\\/\\\/biomes.world\\\/fr\\\/page-non-trouvee-404\\\/#primaryimage\",\"url\":\"http:\\\/\\\/biomes.world\\\/wp-content\\\/uploads\\\/2021\\\/05\\\/BMS_fahrrad.png\",\"contentUrl\":\"http:\\\/\\\/biomes.world\\\/wp-content\\\/uploads\\\/2021\\\/05\\\/BMS_fahrrad.png\"},{\"@type\":\"BreadcrumbList\",\"@id\":\"https:\\\/\\\/biomes.world\\\/fr\\\/page-non-trouvee-404\\\/#breadcrumb\",\"itemListElement\":[{\"@type\":\"ListItem\",\"position\":1,\"name\":\"Home\",\"item\":\"https:\\\/\\\/biomes.world\\\/fr\\\/\"},{\"@type\":\"ListItem\",\"position\":2,\"name\":\"[404] &#8211; Page non trouv\u00e9e\"}]},{\"@type\":\"WebSite\",\"@id\":\"https:\\\/\\\/biomes.world\\\/fr\\\/#website\",\"url\":\"https:\\\/\\\/biomes.world\\\/fr\\\/\",\"name\":\"BIOMES - Feel better\",\"description\":\"Cutting-edge biotechnology used to help people\",\"publisher\":{\"@id\":\"https:\\\/\\\/biomes.world\\\/fr\\\/#organization\"},\"potentialAction\":[{\"@type\":\"SearchAction\",\"target\":{\"@type\":\"EntryPoint\",\"urlTemplate\":\"https:\\\/\\\/biomes.world\\\/fr\\\/?s={search_term_string}\"},\"query-input\":{\"@type\":\"PropertyValueSpecification\",\"valueRequired\":true,\"valueName\":\"search_term_string\"}}],\"inLanguage\":\"fr-FR\"},{\"@type\":\"Organization\",\"@id\":\"https:\\\/\\\/biomes.world\\\/fr\\\/#organization\",\"name\":\"BIOMES 4.0 GmbH\",\"url\":\"https:\\\/\\\/biomes.world\\\/fr\\\/\",\"logo\":{\"@type\":\"ImageObject\",\"inLanguage\":\"fr-FR\",\"@id\":\"https:\\\/\\\/biomes.world\\\/fr\\\/#\\\/schema\\\/logo\\\/image\\\/\",\"url\":\"http:\\\/\\\/biomes.world\\\/wp-content\\\/uploads\\\/2024\\\/04\\\/biomes_logo_2021_RGB.png\",\"contentUrl\":\"http:\\\/\\\/biomes.world\\\/wp-content\\\/uploads\\\/2024\\\/04\\\/biomes_logo_2021_RGB.png\",\"width\":10040,\"height\":2599,\"caption\":\"BIOMES 4.0 GmbH\"},\"image\":{\"@id\":\"https:\\\/\\\/biomes.world\\\/fr\\\/#\\\/schema\\\/logo\\\/image\\\/\"},\"sameAs\":[\"https:\\\/\\\/de-de.facebook.com\\\/BIOMES.world\\\/\",\"https:\\\/\\\/www.youtube.com\\\/@BIOMESworld\",\"https:\\\/\\\/www.instagram.com\\\/biomes_official\\\/\"]}]}<\/script>\n<!-- \/ Yoast SEO plugin. -->","yoast_head_json":{"title":"Nous n'avons h\u00e9las pas pu trouver cette page | BIOMES","description":"Malheureusement, la page que vous cherchez n'existe pas. Si vous pensez qu'il y a une erreur, n'h\u00e9sitez pas \u00e0 nous le faire savoir.","robots":{"index":"noindex","follow":"nofollow"},"og_locale":"fr_FR","og_type":"article","og_title":"Nous n'avons h\u00e9las pas pu trouver cette page | BIOMES","og_description":"Malheureusement, la page que vous cherchez n'existe pas. Si vous pensez qu'il y a une erreur, n'h\u00e9sitez pas \u00e0 nous le faire savoir.","og_url":"https:\/\/biomes.world\/fr\/page-non-trouvee-404\/","og_site_name":"BIOMES - Feel better","article_publisher":"https:\/\/de-de.facebook.com\/BIOMES.world\/","article_modified_time":"2021-09-01T14:23:44+00:00","og_image":[{"url":"http:\/\/biomes.world\/wp-content\/uploads\/2021\/05\/BMS_fahrrad.png","type":"","width":"","height":""}],"twitter_card":"summary_large_image","twitter_misc":{"Dur\u00e9e de lecture estim\u00e9e":"1 minute"},"schema":{"@context":"https:\/\/schema.org","@graph":[{"@type":"WebPage","@id":"https:\/\/biomes.world\/fr\/page-non-trouvee-404\/","url":"https:\/\/biomes.world\/fr\/page-non-trouvee-404\/","name":"Nous n'avons h\u00e9las pas pu trouver cette page | BIOMES","isPartOf":{"@id":"https:\/\/biomes.world\/fr\/#website"},"primaryImageOfPage":{"@id":"https:\/\/biomes.world\/fr\/page-non-trouvee-404\/#primaryimage"},"image":{"@id":"https:\/\/biomes.world\/fr\/page-non-trouvee-404\/#primaryimage"},"thumbnailUrl":"http:\/\/biomes.world\/wp-content\/uploads\/2021\/05\/BMS_fahrrad.png","datePublished":"2019-06-04T13:29:41+00:00","dateModified":"2021-09-01T14:23:44+00:00","description":"Malheureusement, la page que vous cherchez n'existe pas. Si vous pensez qu'il y a une erreur, n'h\u00e9sitez pas \u00e0 nous le faire savoir.","breadcrumb":{"@id":"https:\/\/biomes.world\/fr\/page-non-trouvee-404\/#breadcrumb"},"inLanguage":"fr-FR","potentialAction":[{"@type":"ReadAction","target":["https:\/\/biomes.world\/fr\/page-non-trouvee-404\/"]}]},{"@type":"ImageObject","inLanguage":"fr-FR","@id":"https:\/\/biomes.world\/fr\/page-non-trouvee-404\/#primaryimage","url":"http:\/\/biomes.world\/wp-content\/uploads\/2021\/05\/BMS_fahrrad.png","contentUrl":"http:\/\/biomes.world\/wp-content\/uploads\/2021\/05\/BMS_fahrrad.png"},{"@type":"BreadcrumbList","@id":"https:\/\/biomes.world\/fr\/page-non-trouvee-404\/#breadcrumb","itemListElement":[{"@type":"ListItem","position":1,"name":"Home","item":"https:\/\/biomes.world\/fr\/"},{"@type":"ListItem","position":2,"name":"[404] &#8211; Page non trouv\u00e9e"}]},{"@type":"WebSite","@id":"https:\/\/biomes.world\/fr\/#website","url":"https:\/\/biomes.world\/fr\/","name":"BIOMES - Feel better","description":"Cutting-edge biotechnology used to help people","publisher":{"@id":"https:\/\/biomes.world\/fr\/#organization"},"potentialAction":[{"@type":"SearchAction","target":{"@type":"EntryPoint","urlTemplate":"https:\/\/biomes.world\/fr\/?s={search_term_string}"},"query-input":{"@type":"PropertyValueSpecification","valueRequired":true,"valueName":"search_term_string"}}],"inLanguage":"fr-FR"},{"@type":"Organization","@id":"https:\/\/biomes.world\/fr\/#organization","name":"BIOMES 4.0 GmbH","url":"https:\/\/biomes.world\/fr\/","logo":{"@type":"ImageObject","inLanguage":"fr-FR","@id":"https:\/\/biomes.world\/fr\/#\/schema\/logo\/image\/","url":"http:\/\/biomes.world\/wp-content\/uploads\/2024\/04\/biomes_logo_2021_RGB.png","contentUrl":"http:\/\/biomes.world\/wp-content\/uploads\/2024\/04\/biomes_logo_2021_RGB.png","width":10040,"height":2599,"caption":"BIOMES 4.0 GmbH"},"image":{"@id":"https:\/\/biomes.world\/fr\/#\/schema\/logo\/image\/"},"sameAs":["https:\/\/de-de.facebook.com\/BIOMES.world\/","https:\/\/www.youtube.com\/@BIOMESworld","https:\/\/www.instagram.com\/biomes_official\/"]}]}},"_links":{"self":[{"href":"https:\/\/biomes.world\/fr\/wp-json\/wp\/v2\/pages\/171502","targetHints":{"allow":["GET"]}}],"collection":[{"href":"https:\/\/biomes.world\/fr\/wp-json\/wp\/v2\/pages"}],"about":[{"href":"https:\/\/biomes.world\/fr\/wp-json\/wp\/v2\/types\/page"}],"author":[{"embeddable":true,"href":"https:\/\/biomes.world\/fr\/wp-json\/wp\/v2\/users\/3168"}],"replies":[{"embeddable":true,"href":"https:\/\/biomes.world\/fr\/wp-json\/wp\/v2\/comments?post=171502"}],"version-history":[{"count":0,"href":"https:\/\/biomes.world\/fr\/wp-json\/wp\/v2\/pages\/171502\/revisions"}],"wp:attachment":[{"href":"https:\/\/biomes.world\/fr\/wp-json\/wp\/v2\/media?parent=171502"}],"curies":[{"name":"wp","href":"https:\/\/api.w.org\/{rel}","templated":true}]}}