{"id":145530,"date":"2018-09-09T21:45:53","date_gmt":"2018-09-09T19:45:53","guid":{"rendered":"http:\/\/biomes.world\/versandarten-zahlungsarten\/"},"modified":"2021-09-27T12:31:26","modified_gmt":"2021-09-27T10:31:26","slug":"paiement-livraison","status":"publish","type":"page","link":"https:\/\/biomes.world\/fr\/paiement-livraison\/","title":{"rendered":"Frais d&rsquo;exp\u00e9dition"},"content":{"rendered":"\n<h1 class=\"wp-block-heading\" id=\"h-livraison-modes-de-paiement\">LIVRAISON &amp; MODES DE PAIEMENT<\/h1>\n\n\n\n<p>Les prix indiqu\u00e9s sur les pages des produits comprennent la taxe sur la valeur ajout\u00e9e l\u00e9gale. Nous livrons dans presque tous les pays du monde.<\/p>\n\n\n\n<h2 class=\"wp-block-heading\" id=\"h-frais-de-livraison\">Frais de livraison<\/h2>\n\n\n\n<p>\u00c0 partir d\u2019un montant total de commande de 100 \u20ac, il n\u2019y a pas de frais de port en Allemagne.<\/p>\n\n\n\n<p>En dessous d\u2019un montant total de commande de 100 \u20ac, un forfait de 5,90 \u20ac par commande sera factur\u00e9 en plus des prix des produits indiqu\u00e9s, en Allemagne.<\/p>\n\n\n\n<p>Pour les envois au sein de l\u2019Union europ\u00e9enne, un forfait de 9,90 \u20ac par commande sera factur\u00e9 en plus des prix des produits indiqu\u00e9s. L\u2019envoi au sein de l\u2019Union europ\u00e9enne est gratuite \u00e0 partir d\u2019un montant total de commande de 100 \u20ac.<\/p>\n\n\n\n<p>Pour les envois au sein de l\u2019Union europ\u00e9enne, un forfait de 19,90 \u20ac par commande sera factur\u00e9 en plus des prix des produits indiqu\u00e9s. L\u2019envoi en Europe, hors pays de l\u2019Union europ\u00e9enne, est gratuite \u00e0 partir d\u2019un montant total de 100 \u20ac de commande.<\/p>\n\n\n\n<p>Pour les envois vers les pays hors Europe, un forfait de 19,90 \u20ac par commande est factur\u00e9 en plus des prix des produits indiqu\u00e9s. L\u2019envoi hors Europe est gratuit \u00e0 partir d\u2019un montant total de 200 \u20ac.<\/p>\n\n\n\n<p>Les forfaits pour les frais d\u2019exp\u00e9dition s\u2019entendent toutes taxes sur la valeur ajout\u00e9e l\u00e9gales applicables comprises.<\/p>\n\n\n\n<p>Les frais d\u2019exp\u00e9dition pour l\u2019achat de INTEST.pro comprennent l\u2019exp\u00e9dition aller ainsi que l\u2019exp\u00e9dition retour assur\u00e9e.<\/p>\n\n\n\n<p>Dans certains cas, notre prestataire de services d\u2019exp\u00e9dition facture un suppl\u00e9ment de 25 \u20ac, que nous vous r\u00e9percutons. Vous pouvez voir si ce suppl\u00e9ment s\u2019applique \u00e0 votre adresse de livraison dans l\u2019aper\u00e7u de votre panier.<\/p>\n\n\n\n<h2 class=\"wp-block-heading\" id=\"h-modes-de-paiement\">Modes de paiement<\/h2>\n\n\n\n<p>Nous offrons les options de paiement suivantes:<\/p>\n\n\n\n<ul class=\"wp-block-list\"><li><strong>Virement bancaire direct and note<\/strong><br>Virements directement sur notre compte bancaire. Veuillez utiliser le num\u00e9ro de commande. Votre \u00e9chantillon ne sera analys\u00e9 qu&rsquo;une fois que l&rsquo;argent aura \u00e9t\u00e9 cr\u00e9dit\u00e9 sur notre compte.<\/li><li><strong>Carte de cr\u00e9dit<\/strong>&nbsp;(Visa, Mastercard, Amex)<br>Le traitement du paiement par carte de cr\u00e9dit se fait via Paypal (aucun compte Paypal n&rsquo;est requis).<\/li><li><strong>GiroPay<\/strong><br>Payez directement en ligne par virement bancaire direct<\/li><li><strong>Paypal<\/strong><br>Paiement en ligne pratique via Paypal<\/li><li><strong>EPS<\/strong><br>Paiement en ligne pratique via EPS<\/li><\/ul>\n","protected":false},"excerpt":{"rendered":"<p>LIVRAISON &amp; MODES DE PAIEMENT Les prix indiqu\u00e9s sur les pages des produits comprennent la taxe sur la valeur ajout\u00e9e l\u00e9gale. Nous livrons dans presque tous les pays du monde. Frais de livraison \u00c0 partir d\u2019un montant total de commande de 100 \u20ac, il n\u2019y a pas de frais de port en Allemagne. En dessous [&#8230;]<\/p>\n","protected":false},"author":3168,"featured_media":0,"parent":511931,"menu_order":0,"comment_status":"closed","ping_status":"closed","template":"","meta":{"_acf_changed":false,"footnotes":""},"class_list":["post-145530","page","type-page","status-publish","hentry"],"acf":[],"yoast_head":"<!-- This site is optimized with the Yoast SEO Premium plugin v26.2 (Yoast SEO v27.2) - https:\/\/yoast.com\/product\/yoast-seo-premium-wordpress\/ -->\n<title>Modes de paiement &amp; Exp\u00e9dition | BIOMES Shop<\/title>\n<meta name=\"description\" content=\"Vous trouverez ici les modalit\u00e9s de paiement et les frais d&#039;exp\u00e9dition pour notre boutique BIOMES. Apprenez \u00e0 conna\u00eetre votre microbiome.\" \/>\n<meta name=\"robots\" content=\"index, follow, max-snippet:-1, max-image-preview:large, max-video-preview:-1\" \/>\n<link rel=\"canonical\" href=\"https:\/\/biomes.world\/fr\/paiement-livraison\/\" \/>\n<meta property=\"og:locale\" content=\"fr_FR\" \/>\n<meta property=\"og:type\" content=\"article\" \/>\n<meta property=\"og:title\" content=\"Frais d&#039;exp\u00e9dition\" \/>\n<meta property=\"og:description\" content=\"Vous trouverez ici les modalit\u00e9s de paiement et les frais d&#039;exp\u00e9dition pour notre boutique BIOMES. Apprenez \u00e0 conna\u00eetre votre microbiome.\" \/>\n<meta property=\"og:url\" content=\"https:\/\/biomes.world\/fr\/paiement-livraison\/\" \/>\n<meta property=\"og:site_name\" content=\"BIOMES - Feel better\" \/>\n<meta property=\"article:publisher\" content=\"https:\/\/de-de.facebook.com\/BIOMES.world\/\" \/>\n<meta property=\"article:modified_time\" content=\"2021-09-27T10:31:26+00:00\" \/>\n<meta name=\"twitter:card\" content=\"summary_large_image\" \/>\n<meta name=\"twitter:label1\" content=\"Dur\u00e9e de lecture estim\u00e9e\" \/>\n\t<meta name=\"twitter:data1\" content=\"2 minutes\" \/>\n<script type=\"application\/ld+json\" class=\"yoast-schema-graph\">{\"@context\":\"https:\/\/schema.org\",\"@graph\":[{\"@type\":\"WebPage\",\"@id\":\"https:\/\/biomes.world\/fr\/paiement-livraison\/\",\"url\":\"https:\/\/biomes.world\/fr\/paiement-livraison\/\",\"name\":\"Modes de paiement & Exp\u00e9dition | BIOMES Shop\",\"isPartOf\":{\"@id\":\"https:\/\/biomes.world\/fr\/#website\"},\"datePublished\":\"2018-09-09T19:45:53+00:00\",\"dateModified\":\"2021-09-27T10:31:26+00:00\",\"description\":\"Vous trouverez ici les modalit\u00e9s de paiement et les frais d'exp\u00e9dition pour notre boutique BIOMES. Apprenez \u00e0 conna\u00eetre votre microbiome.\",\"breadcrumb\":{\"@id\":\"https:\/\/biomes.world\/fr\/paiement-livraison\/#breadcrumb\"},\"inLanguage\":\"fr-FR\",\"potentialAction\":[{\"@type\":\"ReadAction\",\"target\":[\"https:\/\/biomes.world\/fr\/paiement-livraison\/\"]}]},{\"@type\":\"BreadcrumbList\",\"@id\":\"https:\/\/biomes.world\/fr\/paiement-livraison\/#breadcrumb\",\"itemListElement\":[{\"@type\":\"ListItem\",\"position\":1,\"name\":\"Home\",\"item\":\"https:\/\/biomes.world\/fr\/\"},{\"@type\":\"ListItem\",\"position\":2,\"name\":\"Pied de page Legal\",\"item\":\"https:\/\/biomes.world\/fr\/legal\/\"},{\"@type\":\"ListItem\",\"position\":3,\"name\":\"Frais d&rsquo;exp\u00e9dition\"}]},{\"@type\":\"WebSite\",\"@id\":\"https:\/\/biomes.world\/fr\/#website\",\"url\":\"https:\/\/biomes.world\/fr\/\",\"name\":\"BIOMES - Feel better\",\"description\":\"Cutting-edge biotechnology used to help people\",\"publisher\":{\"@id\":\"https:\/\/biomes.world\/fr\/#organization\"},\"potentialAction\":[{\"@type\":\"SearchAction\",\"target\":{\"@type\":\"EntryPoint\",\"urlTemplate\":\"https:\/\/biomes.world\/fr\/?s={search_term_string}\"},\"query-input\":{\"@type\":\"PropertyValueSpecification\",\"valueRequired\":true,\"valueName\":\"search_term_string\"}}],\"inLanguage\":\"fr-FR\"},{\"@type\":\"Organization\",\"@id\":\"https:\/\/biomes.world\/fr\/#organization\",\"name\":\"BIOMES 4.0 GmbH\",\"url\":\"https:\/\/biomes.world\/fr\/\",\"logo\":{\"@type\":\"ImageObject\",\"inLanguage\":\"fr-FR\",\"@id\":\"https:\/\/biomes.world\/fr\/#\/schema\/logo\/image\/\",\"url\":\"http:\/\/biomes.world\/wp-content\/uploads\/2024\/04\/biomes_logo_2021_RGB.png\",\"contentUrl\":\"http:\/\/biomes.world\/wp-content\/uploads\/2024\/04\/biomes_logo_2021_RGB.png\",\"width\":10040,\"height\":2599,\"caption\":\"BIOMES 4.0 GmbH\"},\"image\":{\"@id\":\"https:\/\/biomes.world\/fr\/#\/schema\/logo\/image\/\"},\"sameAs\":[\"https:\/\/de-de.facebook.com\/BIOMES.world\/\",\"https:\/\/www.youtube.com\/@BIOMESworld\",\"https:\/\/www.instagram.com\/biomes_official\/\"],\"legalName\":\"BIOMES 4.0 GmbH\",\"duns\":\"314778637\"}]}<\/script>\n<!-- \/ Yoast SEO Premium plugin. -->","yoast_head_json":{"title":"Modes de paiement & Exp\u00e9dition | BIOMES Shop","description":"Vous trouverez ici les modalit\u00e9s de paiement et les frais d'exp\u00e9dition pour notre boutique BIOMES. Apprenez \u00e0 conna\u00eetre votre microbiome.","robots":{"index":"index","follow":"follow","max-snippet":"max-snippet:-1","max-image-preview":"max-image-preview:large","max-video-preview":"max-video-preview:-1"},"canonical":"https:\/\/biomes.world\/fr\/paiement-livraison\/","og_locale":"fr_FR","og_type":"article","og_title":"Frais d'exp\u00e9dition","og_description":"Vous trouverez ici les modalit\u00e9s de paiement et les frais d'exp\u00e9dition pour notre boutique BIOMES. Apprenez \u00e0 conna\u00eetre votre microbiome.","og_url":"https:\/\/biomes.world\/fr\/paiement-livraison\/","og_site_name":"BIOMES - Feel better","article_publisher":"https:\/\/de-de.facebook.com\/BIOMES.world\/","article_modified_time":"2021-09-27T10:31:26+00:00","twitter_card":"summary_large_image","twitter_misc":{"Dur\u00e9e de lecture estim\u00e9e":"2 minutes"},"schema":{"@context":"https:\/\/schema.org","@graph":[{"@type":"WebPage","@id":"https:\/\/biomes.world\/fr\/paiement-livraison\/","url":"https:\/\/biomes.world\/fr\/paiement-livraison\/","name":"Modes de paiement & Exp\u00e9dition | BIOMES Shop","isPartOf":{"@id":"https:\/\/biomes.world\/fr\/#website"},"datePublished":"2018-09-09T19:45:53+00:00","dateModified":"2021-09-27T10:31:26+00:00","description":"Vous trouverez ici les modalit\u00e9s de paiement et les frais d'exp\u00e9dition pour notre boutique BIOMES. Apprenez \u00e0 conna\u00eetre votre microbiome.","breadcrumb":{"@id":"https:\/\/biomes.world\/fr\/paiement-livraison\/#breadcrumb"},"inLanguage":"fr-FR","potentialAction":[{"@type":"ReadAction","target":["https:\/\/biomes.world\/fr\/paiement-livraison\/"]}]},{"@type":"BreadcrumbList","@id":"https:\/\/biomes.world\/fr\/paiement-livraison\/#breadcrumb","itemListElement":[{"@type":"ListItem","position":1,"name":"Home","item":"https:\/\/biomes.world\/fr\/"},{"@type":"ListItem","position":2,"name":"Pied de page Legal","item":"https:\/\/biomes.world\/fr\/legal\/"},{"@type":"ListItem","position":3,"name":"Frais d&rsquo;exp\u00e9dition"}]},{"@type":"WebSite","@id":"https:\/\/biomes.world\/fr\/#website","url":"https:\/\/biomes.world\/fr\/","name":"BIOMES - Feel better","description":"Cutting-edge biotechnology used to help people","publisher":{"@id":"https:\/\/biomes.world\/fr\/#organization"},"potentialAction":[{"@type":"SearchAction","target":{"@type":"EntryPoint","urlTemplate":"https:\/\/biomes.world\/fr\/?s={search_term_string}"},"query-input":{"@type":"PropertyValueSpecification","valueRequired":true,"valueName":"search_term_string"}}],"inLanguage":"fr-FR"},{"@type":"Organization","@id":"https:\/\/biomes.world\/fr\/#organization","name":"BIOMES 4.0 GmbH","url":"https:\/\/biomes.world\/fr\/","logo":{"@type":"ImageObject","inLanguage":"fr-FR","@id":"https:\/\/biomes.world\/fr\/#\/schema\/logo\/image\/","url":"http:\/\/biomes.world\/wp-content\/uploads\/2024\/04\/biomes_logo_2021_RGB.png","contentUrl":"http:\/\/biomes.world\/wp-content\/uploads\/2024\/04\/biomes_logo_2021_RGB.png","width":10040,"height":2599,"caption":"BIOMES 4.0 GmbH"},"image":{"@id":"https:\/\/biomes.world\/fr\/#\/schema\/logo\/image\/"},"sameAs":["https:\/\/de-de.facebook.com\/BIOMES.world\/","https:\/\/www.youtube.com\/@BIOMESworld","https:\/\/www.instagram.com\/biomes_official\/"],"legalName":"BIOMES 4.0 GmbH","duns":"314778637"}]}},"_links":{"self":[{"href":"https:\/\/biomes.world\/fr\/wp-json\/wp\/v2\/pages\/145530","targetHints":{"allow":["GET"]}}],"collection":[{"href":"https:\/\/biomes.world\/fr\/wp-json\/wp\/v2\/pages"}],"about":[{"href":"https:\/\/biomes.world\/fr\/wp-json\/wp\/v2\/types\/page"}],"author":[{"embeddable":true,"href":"https:\/\/biomes.world\/fr\/wp-json\/wp\/v2\/users\/3168"}],"replies":[{"embeddable":true,"href":"https:\/\/biomes.world\/fr\/wp-json\/wp\/v2\/comments?post=145530"}],"version-history":[{"count":0,"href":"https:\/\/biomes.world\/fr\/wp-json\/wp\/v2\/pages\/145530\/revisions"}],"up":[{"embeddable":true,"href":"https:\/\/biomes.world\/fr\/wp-json\/wp\/v2\/pages\/511931"}],"wp:attachment":[{"href":"https:\/\/biomes.world\/fr\/wp-json\/wp\/v2\/media?parent=145530"}],"curies":[{"name":"wp","href":"https:\/\/api.w.org\/{rel}","templated":true}]}}