{"id":621851,"date":"2023-08-03T12:52:29","date_gmt":"2023-08-03T10:52:29","guid":{"rendered":"http:\/\/biomes.world\/?page_id=621851"},"modified":"2023-09-04T10:41:22","modified_gmt":"2023-09-04T08:41:22","slug":"desarrollo-muscular","status":"publish","type":"page","link":"https:\/\/biomes.world\/es\/cosas-a-saber\/fitness-y-bienestar\/desarrollo-muscular\/","title":{"rendered":"Categoria: Desarrollo muscular"},"content":{"rendered":"\n<h2 class=\"wp-block-heading\" id=\"h-desarrollo-muscular\">Desarrollo muscular<\/h2>\n\n\n\n<p><\/p>\n\n\n\n<h2 class=\"wp-block-heading has-text-align-center\" id=\"h-nuevas-publicaciones\">Nuevas publicaciones<\/h2>\n\n\n\n<div id=\"post-304408\" class=\"post__item--sticky post__item post-304408 post type-post status-publish format-standard has-post-thumbnail hentry category-desarrollo-muscular category-fitness-y-bienestar tag-abnehmen-en-2-es\">\n    <div class=\"post__content\">\n\n        <div class=\"stage--sticky stage\">\n            <div class=\"stage__media--sticky stage__media\">\n                <img loading=\"lazy\" decoding=\"async\" width=\"999\" height=\"650\" src=\"https:\/\/biomes.world\/wp-content\/uploads\/2019\/12\/Depositphotos_153032898_s-2019-999x650.jpg\" class=\"attachment-post-header size-post-header wp-post-image\" alt=\"Abnehmen und Muskelaufbau\" \/><div class=\"post__thumbnail\"><\/div>            <\/div>\n            <div class=\"stage__header--sticky stage__header\">\n                <div class=\"stage__col column\">\n                    <div class=\"stage__title--sticky stage__title h1\">\n                        <span class=\"cat-links\"><a href=\"https:\/\/biomes.world\/es\/.\/cosas-a-saber\/fitness-y-bienestar\/desarrollo-muscular\/\" rel=\"tag\">Desarrollo muscular<\/a>, <a href=\"https:\/\/biomes.world\/es\/.\/cosas-a-saber\/fitness-y-bienestar\/\" rel=\"tag\">Fitness y Bienestar<\/a><\/span>                        <a href=\"https:\/\/biomes.world\/es\/cosas-a-saber\/fitness-y-bienestar\/desarrollo-muscular\/desarrollo-muscular-y-perdida-de-peso\/\" aria-hidden=\"true\" tabindex=\"-1\">\n                            <strong>Perder peso y formar m\u00fasculo: \u00bfC\u00f3mo es eso compatible?<\/strong>                        <\/a>\n                    <\/div>\n                <\/div>\n                <a href=\"https:\/\/biomes.world\/es\/cosas-a-saber\/fitness-y-bienestar\/desarrollo-muscular\/desarrollo-muscular-y-perdida-de-peso\/\" aria-hidden=\"true\" tabindex=\"-1\" class=\"stage__blocklink\">\n                    <span class=\"show-for-sr\"><strong>Perder peso y formar m\u00fasculo: \u00bfC\u00f3mo es eso compatible?<\/strong><\/span>\n                <\/a>\n            <\/div><!-- .stage__header -->\n        <\/div>\n\n    <\/div>\n<\/div><!-- #post-304408 -->\n\n\n\n\n<h2 class=\"wp-block-heading has-text-align-center\" id=\"h-mas-articulos\">M\u00e1s art\u00edculos<\/h2>\n\n\n<div class=\"post__entries site-blockspace--both\"><div class=\"post__slide lg-up-3 md-up-2 xs-up-1 row\"><div class=\"post__item post column\"><div class=\"post__content\"><a href=\"https:\/\/biomes.world\/es\/cosas-a-saber\/fitness-y-bienestar\/desarrollo-muscular\/rapido-desarrollo-muscular\/\" class=\"post__thumbnail\" tabindex=\"0\"><img loading=\"lazy\" decoding=\"async\" width=\"800\" height=\"470\" src=\"https:\/\/biomes.world\/wp-content\/uploads\/2020\/09\/Deine-Fitness-beginnt-im-Darm_LIVE-800x470.jpg\" class=\"attachment-post-thumbnail size-post-thumbnail wp-post-image\" alt=\"Schattenfrau\" srcset=\"https:\/\/biomes.world\/wp-content\/uploads\/2020\/09\/Deine-Fitness-beginnt-im-Darm_LIVE-800x470.jpg 800w, https:\/\/biomes.world\/wp-content\/uploads\/2020\/09\/Deine-Fitness-beginnt-im-Darm_LIVE-400x235.jpg 400w\" sizes=\"auto, (max-width: 800px) 100vw, 800px\" \/><\/a><div class=\"entry\"><div class=\"entry__meta\"><span class=\"meta__posted-on\">Posted on <time class=\"meta__date meta__date--published\" datetime=\"2019-10-24T00:10:36+02:00\" itemprop=\"datePublished\">24 de octubre de 2019<\/time><time class=\"meta__date--updated\" datetime=\"2023-08-03T10:28:17+02:00\" itemprop=\"dateModified\"><\/time><\/span><\/div><div class=\"entry__header\"><div class=\"entry__title h2\"><a href=\"https:\/\/biomes.world\/es\/cosas-a-saber\/fitness-y-bienestar\/desarrollo-muscular\/rapido-desarrollo-muscular\/\">\u00bfQuieres ganar masa muscular r\u00e1pido? Te ayudamos<\/a><\/div><\/div><div class=\"entry__excerpt\"><p>El desarrollo de la masa muscular se debe a&nbsp;un&nbsp;proceso de adaptaci\u00f3n de tu cuerpo: si lo desaf\u00edas&nbsp;para que rinda&nbsp;m\u00e1s all\u00e1 [...]<\/p><\/div><\/div><\/div><\/div><div class=\"post__item post column\"><div class=\"post__content\"><a href=\"https:\/\/biomes.world\/es\/cosas-a-saber\/fitness-y-bienestar\/desarrollo-muscular\/desarrollo-muscular-en-edad-avanzada\/\" class=\"post__thumbnail\" tabindex=\"0\"><img loading=\"lazy\" decoding=\"async\" width=\"800\" height=\"470\" src=\"https:\/\/biomes.world\/wp-content\/uploads\/2019\/09\/Depositphotos_4843175_xl-2015-scaled-800x470.jpg\" class=\"attachment-post-thumbnail size-post-thumbnail wp-post-image\" alt=\"\" srcset=\"https:\/\/biomes.world\/wp-content\/uploads\/2019\/09\/Depositphotos_4843175_xl-2015-scaled-800x470.jpg 800w, https:\/\/biomes.world\/wp-content\/uploads\/2019\/09\/Depositphotos_4843175_xl-2015-scaled-400x235.jpg 400w\" sizes=\"auto, (max-width: 800px) 100vw, 800px\" \/><\/a><div class=\"entry\"><div class=\"entry__meta\"><span class=\"meta__posted-on\">Posted on <time class=\"meta__date meta__date--published\" datetime=\"2019-09-13T10:35:17+02:00\" itemprop=\"datePublished\">13 de septiembre de 2019<\/time><time class=\"meta__date--updated\" datetime=\"2023-09-04T10:42:09+02:00\" itemprop=\"dateModified\"><\/time><\/span><\/div><div class=\"entry__header\"><div class=\"entry__title h2\"><a href=\"https:\/\/biomes.world\/es\/cosas-a-saber\/fitness-y-bienestar\/desarrollo-muscular\/desarrollo-muscular-en-edad-avanzada\/\">Aumento de la masa muscular en la edad avanzada.<\/a><\/div><\/div><div class=\"entry__excerpt\"><p>Los ejercicios para el desarrollo muscular son importantes a cualquier edad. Sobretodo en la edad avanzada. En BIOMES puedes averiguar [...]<\/p><\/div><\/div><\/div><\/div><\/div><\/div>\n\n\n\n<p><\/p>\n","protected":false},"excerpt":{"rendered":"<p>Los ejercicios para el desarrollo muscular son importantes a cualquier edad. Sobretodo en la edad avanzada. En BIOMES puedes averiguar [&#8230;]<\/p>\n","protected":false},"author":3168,"featured_media":0,"parent":511069,"menu_order":0,"comment_status":"closed","ping_status":"closed","template":"","meta":{"_acf_changed":false,"footnotes":""},"class_list":["post-621851","page","type-page","status-publish","hentry"],"acf":[],"yoast_head":"<!-- This site is optimized with the Yoast SEO plugin v27.4 - https:\/\/yoast.com\/product\/yoast-seo-wordpress\/ -->\n<title>Categoria: Desarrollo muscular - BIOMES - Feel better<\/title>\n<meta name=\"robots\" content=\"index, follow, max-snippet:-1, max-image-preview:large, max-video-preview:-1\" \/>\n<link rel=\"canonical\" href=\"https:\/\/biomes.world\/es\/cosas-a-saber\/fitness-y-bienestar\/desarrollo-muscular\/\" \/>\n<meta property=\"og:locale\" content=\"es_ES\" \/>\n<meta property=\"og:type\" content=\"article\" \/>\n<meta property=\"og:title\" content=\"Categoria: Desarrollo muscular - BIOMES - Feel better\" \/>\n<meta property=\"og:description\" content=\"Los ejercicios para el desarrollo muscular son importantes a cualquier edad. Sobretodo en la edad avanzada. En BIOMES puedes averiguar [...]\" \/>\n<meta property=\"og:url\" content=\"https:\/\/biomes.world\/es\/cosas-a-saber\/fitness-y-bienestar\/desarrollo-muscular\/\" \/>\n<meta property=\"og:site_name\" content=\"BIOMES - Feel better\" \/>\n<meta property=\"article:publisher\" content=\"https:\/\/de-de.facebook.com\/BIOMES.world\/\" \/>\n<meta property=\"article:modified_time\" content=\"2023-09-04T08:41:22+00:00\" \/>\n<meta name=\"twitter:card\" content=\"summary_large_image\" \/>\n<meta name=\"twitter:label1\" content=\"Tiempo de lectura\" \/>\n\t<meta name=\"twitter:data1\" content=\"1 minuto\" \/>\n<script type=\"application\/ld+json\" class=\"yoast-schema-graph\">{\"@context\":\"https:\\\/\\\/schema.org\",\"@graph\":[{\"@type\":\"WebPage\",\"@id\":\"https:\\\/\\\/biomes.world\\\/es\\\/cosas-a-saber\\\/fitness-y-bienestar\\\/desarrollo-muscular\\\/\",\"url\":\"https:\\\/\\\/biomes.world\\\/es\\\/cosas-a-saber\\\/fitness-y-bienestar\\\/desarrollo-muscular\\\/\",\"name\":\"Categoria: Desarrollo muscular - BIOMES - Feel better\",\"isPartOf\":{\"@id\":\"https:\\\/\\\/biomes.world\\\/es\\\/#website\"},\"datePublished\":\"2023-08-03T10:52:29+00:00\",\"dateModified\":\"2023-09-04T08:41:22+00:00\",\"breadcrumb\":{\"@id\":\"https:\\\/\\\/biomes.world\\\/es\\\/cosas-a-saber\\\/fitness-y-bienestar\\\/desarrollo-muscular\\\/#breadcrumb\"},\"inLanguage\":\"es\",\"potentialAction\":[{\"@type\":\"ReadAction\",\"target\":[\"https:\\\/\\\/biomes.world\\\/es\\\/cosas-a-saber\\\/fitness-y-bienestar\\\/desarrollo-muscular\\\/\"]}]},{\"@type\":\"BreadcrumbList\",\"@id\":\"https:\\\/\\\/biomes.world\\\/es\\\/cosas-a-saber\\\/fitness-y-bienestar\\\/desarrollo-muscular\\\/#breadcrumb\",\"itemListElement\":[{\"@type\":\"ListItem\",\"position\":1,\"name\":\"Home\",\"item\":\"https:\\\/\\\/biomes.world\\\/es\\\/\"},{\"@type\":\"ListItem\",\"position\":2,\"name\":\"My Health, My Life\",\"item\":\"https:\\\/\\\/biomes.world\\\/es\\\/cosas-a-saber\\\/\"},{\"@type\":\"ListItem\",\"position\":3,\"name\":\"Categoria: Fitness &#038; Bienestar\",\"item\":\"https:\\\/\\\/biomes.world\\\/es\\\/wissenswertes\\\/fitness-und-wohlbefinden\\\/\"},{\"@type\":\"ListItem\",\"position\":4,\"name\":\"Categoria: Desarrollo muscular\"}]},{\"@type\":\"WebSite\",\"@id\":\"https:\\\/\\\/biomes.world\\\/es\\\/#website\",\"url\":\"https:\\\/\\\/biomes.world\\\/es\\\/\",\"name\":\"BIOMES - Feel better\",\"description\":\"Cutting-edge biotechnology used to help people\",\"publisher\":{\"@id\":\"https:\\\/\\\/biomes.world\\\/es\\\/#organization\"},\"potentialAction\":[{\"@type\":\"SearchAction\",\"target\":{\"@type\":\"EntryPoint\",\"urlTemplate\":\"https:\\\/\\\/biomes.world\\\/es\\\/?s={search_term_string}\"},\"query-input\":{\"@type\":\"PropertyValueSpecification\",\"valueRequired\":true,\"valueName\":\"search_term_string\"}}],\"inLanguage\":\"es\"},{\"@type\":\"Organization\",\"@id\":\"https:\\\/\\\/biomes.world\\\/es\\\/#organization\",\"name\":\"BIOMES 4.0 GmbH\",\"url\":\"https:\\\/\\\/biomes.world\\\/es\\\/\",\"logo\":{\"@type\":\"ImageObject\",\"inLanguage\":\"es\",\"@id\":\"https:\\\/\\\/biomes.world\\\/es\\\/#\\\/schema\\\/logo\\\/image\\\/\",\"url\":\"http:\\\/\\\/biomes.world\\\/wp-content\\\/uploads\\\/2024\\\/04\\\/biomes_logo_2021_RGB.png\",\"contentUrl\":\"http:\\\/\\\/biomes.world\\\/wp-content\\\/uploads\\\/2024\\\/04\\\/biomes_logo_2021_RGB.png\",\"width\":10040,\"height\":2599,\"caption\":\"BIOMES 4.0 GmbH\"},\"image\":{\"@id\":\"https:\\\/\\\/biomes.world\\\/es\\\/#\\\/schema\\\/logo\\\/image\\\/\"},\"sameAs\":[\"https:\\\/\\\/de-de.facebook.com\\\/BIOMES.world\\\/\",\"https:\\\/\\\/www.youtube.com\\\/@BIOMESworld\",\"https:\\\/\\\/www.instagram.com\\\/biomes_official\\\/\"]}]}<\/script>\n<!-- \/ Yoast SEO plugin. -->","yoast_head_json":{"title":"Categoria: Desarrollo muscular - BIOMES - Feel better","robots":{"index":"index","follow":"follow","max-snippet":"max-snippet:-1","max-image-preview":"max-image-preview:large","max-video-preview":"max-video-preview:-1"},"canonical":"https:\/\/biomes.world\/es\/cosas-a-saber\/fitness-y-bienestar\/desarrollo-muscular\/","og_locale":"es_ES","og_type":"article","og_title":"Categoria: Desarrollo muscular - BIOMES - Feel better","og_description":"Los ejercicios para el desarrollo muscular son importantes a cualquier edad. Sobretodo en la edad avanzada. En BIOMES puedes averiguar [...]","og_url":"https:\/\/biomes.world\/es\/cosas-a-saber\/fitness-y-bienestar\/desarrollo-muscular\/","og_site_name":"BIOMES - Feel better","article_publisher":"https:\/\/de-de.facebook.com\/BIOMES.world\/","article_modified_time":"2023-09-04T08:41:22+00:00","twitter_card":"summary_large_image","twitter_misc":{"Tiempo de lectura":"1 minuto"},"schema":{"@context":"https:\/\/schema.org","@graph":[{"@type":"WebPage","@id":"https:\/\/biomes.world\/es\/cosas-a-saber\/fitness-y-bienestar\/desarrollo-muscular\/","url":"https:\/\/biomes.world\/es\/cosas-a-saber\/fitness-y-bienestar\/desarrollo-muscular\/","name":"Categoria: Desarrollo muscular - BIOMES - Feel better","isPartOf":{"@id":"https:\/\/biomes.world\/es\/#website"},"datePublished":"2023-08-03T10:52:29+00:00","dateModified":"2023-09-04T08:41:22+00:00","breadcrumb":{"@id":"https:\/\/biomes.world\/es\/cosas-a-saber\/fitness-y-bienestar\/desarrollo-muscular\/#breadcrumb"},"inLanguage":"es","potentialAction":[{"@type":"ReadAction","target":["https:\/\/biomes.world\/es\/cosas-a-saber\/fitness-y-bienestar\/desarrollo-muscular\/"]}]},{"@type":"BreadcrumbList","@id":"https:\/\/biomes.world\/es\/cosas-a-saber\/fitness-y-bienestar\/desarrollo-muscular\/#breadcrumb","itemListElement":[{"@type":"ListItem","position":1,"name":"Home","item":"https:\/\/biomes.world\/es\/"},{"@type":"ListItem","position":2,"name":"My Health, My Life","item":"https:\/\/biomes.world\/es\/cosas-a-saber\/"},{"@type":"ListItem","position":3,"name":"Categoria: Fitness &#038; Bienestar","item":"https:\/\/biomes.world\/es\/wissenswertes\/fitness-und-wohlbefinden\/"},{"@type":"ListItem","position":4,"name":"Categoria: Desarrollo muscular"}]},{"@type":"WebSite","@id":"https:\/\/biomes.world\/es\/#website","url":"https:\/\/biomes.world\/es\/","name":"BIOMES - Feel better","description":"Cutting-edge biotechnology used to help people","publisher":{"@id":"https:\/\/biomes.world\/es\/#organization"},"potentialAction":[{"@type":"SearchAction","target":{"@type":"EntryPoint","urlTemplate":"https:\/\/biomes.world\/es\/?s={search_term_string}"},"query-input":{"@type":"PropertyValueSpecification","valueRequired":true,"valueName":"search_term_string"}}],"inLanguage":"es"},{"@type":"Organization","@id":"https:\/\/biomes.world\/es\/#organization","name":"BIOMES 4.0 GmbH","url":"https:\/\/biomes.world\/es\/","logo":{"@type":"ImageObject","inLanguage":"es","@id":"https:\/\/biomes.world\/es\/#\/schema\/logo\/image\/","url":"http:\/\/biomes.world\/wp-content\/uploads\/2024\/04\/biomes_logo_2021_RGB.png","contentUrl":"http:\/\/biomes.world\/wp-content\/uploads\/2024\/04\/biomes_logo_2021_RGB.png","width":10040,"height":2599,"caption":"BIOMES 4.0 GmbH"},"image":{"@id":"https:\/\/biomes.world\/es\/#\/schema\/logo\/image\/"},"sameAs":["https:\/\/de-de.facebook.com\/BIOMES.world\/","https:\/\/www.youtube.com\/@BIOMESworld","https:\/\/www.instagram.com\/biomes_official\/"]}]}},"_links":{"self":[{"href":"https:\/\/biomes.world\/es\/wp-json\/wp\/v2\/pages\/621851","targetHints":{"allow":["GET"]}}],"collection":[{"href":"https:\/\/biomes.world\/es\/wp-json\/wp\/v2\/pages"}],"about":[{"href":"https:\/\/biomes.world\/es\/wp-json\/wp\/v2\/types\/page"}],"author":[{"embeddable":true,"href":"https:\/\/biomes.world\/es\/wp-json\/wp\/v2\/users\/3168"}],"replies":[{"embeddable":true,"href":"https:\/\/biomes.world\/es\/wp-json\/wp\/v2\/comments?post=621851"}],"version-history":[{"count":6,"href":"https:\/\/biomes.world\/es\/wp-json\/wp\/v2\/pages\/621851\/revisions"}],"predecessor-version":[{"id":622898,"href":"https:\/\/biomes.world\/es\/wp-json\/wp\/v2\/pages\/621851\/revisions\/622898"}],"up":[{"embeddable":true,"href":"https:\/\/biomes.world\/es\/wp-json\/wp\/v2\/pages\/511069"}],"wp:attachment":[{"href":"https:\/\/biomes.world\/es\/wp-json\/wp\/v2\/media?parent=621851"}],"curies":[{"name":"wp","href":"https:\/\/api.w.org\/{rel}","templated":true}]}}