{"id":594006,"date":"2022-06-21T17:37:55","date_gmt":"2022-06-21T15:37:55","guid":{"rendered":"http:\/\/biomes.world\/cosas-a-saber\/my-health-my-life-nutricion\/kategorie-veganismus\/"},"modified":"2023-03-03T11:19:02","modified_gmt":"2023-03-03T10:19:02","slug":"vegana","status":"publish","type":"page","link":"https:\/\/biomes.world\/es\/cosas-a-saber\/alimentacion\/vegana\/","title":{"rendered":"Categoria: Vegana"},"content":{"rendered":"\n<h1 class=\"wp-block-heading\" id=\"h-vegana\">Vegana<\/h1>\n\n\n\n<p><strong><strong>Cada vez son m\u00e1s las personas que se siguen una alimentaci\u00f3n vegana y, por lo tanto, renuncian a todos los alimentos de origen animal. Esto incluye no s\u00f3lo la carne, las salchichas y el queso, sino tambi\u00e9n todos los dem\u00e1s productos l\u00e1cteos, los huevos e incluso la miel. No se sabe exactamente cu\u00e1ntos veganos hay en Alemania. En una encuesta realizada por ProVeg (antes VEBU) en 2016, alrededor de 1,3 millones de alemanes declararon que comen predominantemente vegano. Hace ocho a\u00f1os, s\u00f3lo unas 80.000 personas se llamaban a s\u00ed mismas veganas.<\/strong><\/strong><\/p>\n\n\n\n<h2 class=\"wp-block-heading\" id=\"h-que-significa-realmente-la-alimentacion-vegana\">\u00bfQu\u00e9 significa realmente la alimentaci\u00f3n vegana?<\/h2>\n\n\n\n<p>El veganismo es una forma especial de <a href=\"http:\/\/biomes.world\/es\/cosas-a-saber\/alimentacion\/vegana\/vegana-pros-y-contras\/\">vegetarianismo<\/a>. Mientras que los vegetarianos renuncian principalmente a la carne, las salchichas y el pescado en su dieta, los veganos van un paso m\u00e1s all\u00e1 y no consumen <strong>ning\u00fan tipo de productos de origen animal<\/strong>. Muchos veganos no limitan su renuncia \u00fanicamente a la alimentaci\u00f3n: comen vegano y viven vegano. Es decir: No s\u00f3lo eliminan de su plan alimentario los alimentos de origen animal como la leche, los huevos o la miel, sino que adem\u00e1s evitan las prendas de origen animal (por ejemplo, las prendas de cuero o de lana), as\u00ed como los productos cosm\u00e9ticos y los medicamentos, que contienen sustancias animales.<\/p>\n\n\n\n<h2 class=\"wp-block-heading\" id=\"h-razones-para-una-dieta-y-estilo-de-vida-vegetariano\">Razones para una dieta y estilo de vida vegetariano<\/h2>\n\n\n\n<p>Hay muchas razones para vivir vegano. A estas pertenecen, entre otras:<\/p>\n\n\n\n<ul class=\"wp-block-list\">\n<li><strong>Amor a los animales:<\/strong> Respeto por el bienestar de los animales<\/li>\n\n\n\n<li><strong>Protecci\u00f3n del medio ambiente<\/strong>, que se ve gravemente afectado por la ganader\u00eda a gran escala<\/li>\n\n\n\n<li><strong>Miedo<\/strong> a los g\u00e9rmenes resistentes a los antibi\u00f3ticos debido al uso de antibi\u00f3ticos en el engorde de animales<\/li>\n\n\n\n<li><strong>Aspectos sanitarios:<\/strong> Reducir el riesgo de desarrollar enfermedades de la civilizaci\u00f3n asociadas a una dieta rica en carne<\/li>\n<\/ul>\n\n\n\n<h2 class=\"wp-block-heading\" id=\"h-alimentacion-vegana-que-alimentos-estan-permitidos-y-cuales-no\">Alimentaci\u00f3n vegana: \u00bfQu\u00e9 alimentos est\u00e1n permitidos y cu\u00e1les no?<\/h2>\n\n\n\n<p>Los veganos generalmente rechazan todos los alimentos de origen animal y siguen una dieta <strong>puramente vegetal<\/strong>. La dieta suele incluir <strong>muchas frutas y verduras, productos de cereales, legumbres, semillas y frutos secos <\/strong>. Adem\u00e1s, los productos de sustituci\u00f3n veganos se utilizan cada vez con m\u00e1s frecuencia en las cocinas de los hogares veganos.<\/p>\n\n\n\n<p>Dado que el suministro de alimentos para los veganos est\u00e1 en constante crecimiento, ahora es m\u00e1s f\u00e1cil que nunca comer vegano y al mismo tiempo tener una dieta saludable y variada. No s\u00f3lo el n\u00famero de restaurantes vegetarianos aumenta constantemente, sino que casi todos los supermercados ofrecen ahora tambi\u00e9n muchos productos veganos, desde cremas para untar hasta leche de almendras y filete vegetariano. Como con cualquier otra forma de nutrici\u00f3n, se recomienda que los veganos coman lo m\u00e1s fresco posible y comidas preparadas por ellos mismos. Los alimentos fuertemente procesados contienen menos nutrientes y a menudo est\u00e1n enriquecidos con conservantes. Seas vegano o no \u2013 la siguiente regla general se aplica a todos los productos procesados: <strong>Cuanto m\u00e1s corta sea la lista de ingredientes, mejor ser\u00e1 el producto<\/strong>.<\/p>\n\n\n\n<h2 class=\"wp-block-heading\" id=\"h-riesgos-de-una-dieta-vegana-que-se-debe-tener-en-cuenta\">Riesgos de una dieta vegana &#8211; \u00bfqu\u00e9 se debe tener en cuenta?<\/h2>\n\n\n\n<p>Aquellos que siguen una alimentaci\u00f3n vegana equilibrada consumen menos \u00e1cidos grasos saturados y colesterol, pero m\u00e1s fibra y sustancias vegetales secundarias. Esto tiene un efecto positivo en la salud. Sin embargo, los nutricionistas advierten contra posibles <a href=\"http:\/\/biomes.world\/es\/cosas-a-saber\/alimentacion\/vegana\/vegana-sintomas-de-deficiencia\/\">s\u00edntomas de deficiencia<\/a> como resultado de una nutrici\u00f3n desequilibrada. Para una alimentaci\u00f3n vegana algunos nutrientes y sustancias vitales son considerados particularmente importantes por los expertos en nutrici\u00f3n: Estos incluyen, por ejemplo, <strong>vitamina B12, yodo, hierro, calcio, zinc, prote\u00ednas, \u00e1cidos grasos omega-3 y vitamina D<\/strong>. Si quieres comer comida vegana y prevenir posibles carencias de nutrientes, debes dise\u00f1ar tu dieta con mucho cuidado y sobre todo muy variada. Un control m\u00e9dico regular de los valores sangu\u00edneos es esencial para los veganos con s\u00edntomas de deficiencia.<\/p>\n\n\n\n<h2 class=\"wp-block-heading\" id=\"h-para-quienes-no-es-conveniente-una-alimentacion-vegana\">Para quienes no es conveniente una alimentaci\u00f3n vegana<\/h2>\n\n\n\n<p>Existen <strong>grupos de riesgo<\/strong> a los que los expertos en nutrici\u00f3n no les aconsejan una dieta puramente vegana. Entre estos se encuentran las personas con una mayor necesidad de nutrientes, como<\/p>\n\n\n\n<ul class=\"wp-block-list\">\n<li>Mujeres en embarazo y lactancia<\/li>\n\n\n\n<li>Ni\u00f1os y adolescentes<\/li>\n\n\n\n<li>Personas de la tercera edad con capacidad limitada de reabsorci\u00f3n<\/li>\n<\/ul>\n\n\n\n<p>Sin embargo, no s\u00f3lo las personas mayores pueden verse afectadas por una capacidad de absorci\u00f3n limitada, es decir, por una absorci\u00f3n insuficiente de vitaminas, nutrientes y minerales. La capacidad de absorci\u00f3n de las personas con <a href=\"http:\/\/biomes.world\/es\/cosas-a-saber\/intestino\/problemas-intestinales\/\">enfermedades intestinales<\/a> cr\u00f3nicas tambi\u00e9n suele ser limitada. Para saber c\u00f3mo es la salud de tu <a href=\"http:\/\/biomes.world\/es\/cosas-a-saber\/intestino\/salud-intestinal\/intestino-sano\/\">intestino<\/a>, los cient\u00edficos de <strong>BIOMES<\/strong> recomiendan un an\u00e1lisis de la flora intestinal utilizando <a href=\"https:\/\/biomes-salued.es\"><strong>INTEST.<\/strong>pro<\/a>. Con la ayuda de la prueba intestinal puedes averiguar r\u00e1pidamente si tu actividad intestinal puede estar da\u00f1ada y si el equilibrio microbiano de tu flora intestinal est\u00e1 en un equilibrio saludable. Adem\u00e1s, recibir\u00e1s recomendaciones concretas para la acci\u00f3n.<\/p>\n\n\n\n<h2 class=\"wp-block-heading\" id=\"h-vegano-o-no-vegano-la-decision-es-tuya\">Vegano o no vegano &#8211; la decisi\u00f3n es tuya<\/h2>\n\n\n\n<p>Si quieres comer y vivir vegano es tu decisi\u00f3n personal. Hay muchas razones para el veganismo, pero los riesgos de la desnutrici\u00f3n deben ser tomados en cuenta. Sin embargo, si no perteneces a un grupo de alto riesgo y planeas tu dieta con mucho cuidado para satisfacer tus necesidades nutricionales diarias, no hay nada que te impida <a href=\"http:\/\/biomes.world\/es\/cosas-a-saber\/alimentacion\/vegana\/transicion\/\">cambiar a una dieta vegana<\/a> desde el punto de vista de la salud.<\/p>\n\n\n<div\n    id=\"hero-teaser-block_36a15861ef267a33147bd344fa0f49d1\"\n    class=\"hero-teaser site-block\"\n>\n    <div class=\"hero-teaser__media\">\n        <img decoding=\"async\"\n            src=\"https:\/\/biomes.world\/wp-content\/uploads\/2019\/12\/Darmflora_Immunsystem_aus_dem_Bauch_heraus-1600x650.jpg\"\n            alt=\"\"\n            srcset=\"https:\/\/biomes.world\/wp-content\/uploads\/2019\/12\/Darmflora_Immunsystem_aus_dem_Bauch_heraus-300x169.jpg 300w, https:\/\/biomes.world\/wp-content\/uploads\/2019\/12\/Darmflora_Immunsystem_aus_dem_Bauch_heraus-1024x576.jpg 1024w, https:\/\/biomes.world\/wp-content\/uploads\/2019\/12\/Darmflora_Immunsystem_aus_dem_Bauch_heraus-768x432.jpg 768w, https:\/\/biomes.world\/wp-content\/uploads\/2019\/12\/Darmflora_Immunsystem_aus_dem_Bauch_heraus-1536x864.jpg 1536w, https:\/\/biomes.world\/wp-content\/uploads\/2019\/12\/Darmflora_Immunsystem_aus_dem_Bauch_heraus-250x141.jpg 250w, https:\/\/biomes.world\/wp-content\/uploads\/2019\/12\/Darmflora_Immunsystem_aus_dem_Bauch_heraus.jpg 1620w\"\n            sizes=\"(max-width: 30em) 100vw, (max-width: 48em) 100vw, (max-width: 62em) 100vw, (max-width: 75em) 100vw, 1400px\t\"\n        >\n    <\/div>\n    <div class=\"hero-teaser__header\">\n        <div class=\"hero-teaser__col column\">\n            <h2 class=\"hero-teaser__title\">\n                <span>M\u00e1s informaci\u00f3n sobre INTEST.pro<\/span>\n                El test intestinal de BIOMES            <\/h2>\n            \n\n<p>\u00bfC\u00f3mo analizamos tu flora intestinal? \u00bfQu\u00e9 incluye exactamente la prueba? \u00bfD\u00f3nde puedes comprar <strong>INTEST.<\/strong>pro?<br>\u00bfY c\u00f3mo protegemos tus datos?<\/p>\n\n\n\n<div class=\"wp-block-buttons is-layout-flex wp-block-buttons-is-layout-flex\">\n<div class=\"wp-block-button\"><a class=\"wp-block-button__link wp-element-button\" href=\"https:\/\/biomes-salued.es\" target=\"_blank\" rel=\"noreferrer noopener\">Informaci\u00f3n detallada<\/a><\/div>\n<\/div>\n\n        <\/div>\n    <\/div>\n<\/div>\n\n\n\n<p><\/p>\n","protected":false},"excerpt":{"rendered":"<p>Vegana Cada vez son m\u00e1s las personas que se siguen una alimentaci\u00f3n vegana y, por lo tanto, renuncian a todos los alimentos de origen animal. Esto incluye no s\u00f3lo la carne, las salchichas y el queso, sino tambi\u00e9n todos los dem\u00e1s productos l\u00e1cteos, los huevos e incluso la miel. No se sabe exactamente cu\u00e1ntos veganos [&#8230;]<\/p>\n","protected":false},"author":3168,"featured_media":0,"parent":350255,"menu_order":0,"comment_status":"closed","ping_status":"closed","template":"","meta":{"_acf_changed":false,"footnotes":""},"class_list":["post-594006","page","type-page","status-publish","hentry"],"acf":[],"yoast_head":"<!-- This site is optimized with the Yoast SEO Premium plugin v26.2 (Yoast SEO v27.2) - https:\/\/yoast.com\/product\/yoast-seo-premium-wordpress\/ -->\n<title>Categoria: Vegana - BIOMES - Feel better<\/title>\n<meta name=\"description\" content=\"Vivir vegano significa renunciar a los productos de origen animal en la vida diaria. BIOMES te cuenta de qu\u00e9 se trata la alimentaci\u00f3n vegana.\" \/>\n<meta name=\"robots\" content=\"index, follow, max-snippet:-1, max-image-preview:large, max-video-preview:-1\" \/>\n<link rel=\"canonical\" href=\"https:\/\/biomes.world\/es\/cosas-a-saber\/alimentacion\/vegana\/\" \/>\n<meta property=\"og:locale\" content=\"es_ES\" \/>\n<meta property=\"og:type\" content=\"article\" \/>\n<meta property=\"og:title\" content=\"Categoria: Vegana\" \/>\n<meta property=\"og:description\" content=\"Vivir vegano significa renunciar a los productos de origen animal en la vida diaria. BIOMES te cuenta de qu\u00e9 se trata la alimentaci\u00f3n vegana.\" \/>\n<meta property=\"og:url\" content=\"https:\/\/biomes.world\/es\/cosas-a-saber\/alimentacion\/vegana\/\" \/>\n<meta property=\"og:site_name\" content=\"BIOMES - Feel better\" \/>\n<meta property=\"article:publisher\" content=\"https:\/\/de-de.facebook.com\/BIOMES.world\/\" \/>\n<meta property=\"article:modified_time\" content=\"2023-03-03T10:19:02+00:00\" \/>\n<meta name=\"twitter:card\" content=\"summary_large_image\" \/>\n<meta name=\"twitter:label1\" content=\"Tiempo de lectura\" \/>\n\t<meta name=\"twitter:data1\" content=\"5 minutos\" \/>\n<script type=\"application\/ld+json\" class=\"yoast-schema-graph\">{\"@context\":\"https:\/\/schema.org\",\"@graph\":[{\"@type\":\"WebPage\",\"@id\":\"https:\/\/biomes.world\/es\/cosas-a-saber\/alimentacion\/vegana\/\",\"url\":\"https:\/\/biomes.world\/es\/cosas-a-saber\/alimentacion\/vegana\/\",\"name\":\"Categoria: Vegana - BIOMES - Feel better\",\"isPartOf\":{\"@id\":\"https:\/\/biomes.world\/es\/#website\"},\"datePublished\":\"2022-06-21T15:37:55+00:00\",\"dateModified\":\"2023-03-03T10:19:02+00:00\",\"description\":\"Vivir vegano significa renunciar a los productos de origen animal en la vida diaria. BIOMES te cuenta de qu\u00e9 se trata la alimentaci\u00f3n vegana.\",\"breadcrumb\":{\"@id\":\"https:\/\/biomes.world\/es\/cosas-a-saber\/alimentacion\/vegana\/#breadcrumb\"},\"inLanguage\":\"es\",\"potentialAction\":[{\"@type\":\"ReadAction\",\"target\":[\"https:\/\/biomes.world\/es\/cosas-a-saber\/alimentacion\/vegana\/\"]}]},{\"@type\":\"BreadcrumbList\",\"@id\":\"https:\/\/biomes.world\/es\/cosas-a-saber\/alimentacion\/vegana\/#breadcrumb\",\"itemListElement\":[{\"@type\":\"ListItem\",\"position\":1,\"name\":\"Home\",\"item\":\"https:\/\/biomes.world\/es\/\"},{\"@type\":\"ListItem\",\"position\":2,\"name\":\"My Health, My Life\",\"item\":\"https:\/\/biomes.world\/es\/cosas-a-saber\/\"},{\"@type\":\"ListItem\",\"position\":3,\"name\":\"Categoria: Alimentacion\",\"item\":\"https:\/\/biomes.world\/es\/cosas-a-saber\/alimentacion\/\"},{\"@type\":\"ListItem\",\"position\":4,\"name\":\"Categoria: Vegana\"}]},{\"@type\":\"WebSite\",\"@id\":\"https:\/\/biomes.world\/es\/#website\",\"url\":\"https:\/\/biomes.world\/es\/\",\"name\":\"BIOMES - Feel better\",\"description\":\"Cutting-edge biotechnology used to help people\",\"publisher\":{\"@id\":\"https:\/\/biomes.world\/es\/#organization\"},\"potentialAction\":[{\"@type\":\"SearchAction\",\"target\":{\"@type\":\"EntryPoint\",\"urlTemplate\":\"https:\/\/biomes.world\/es\/?s={search_term_string}\"},\"query-input\":{\"@type\":\"PropertyValueSpecification\",\"valueRequired\":true,\"valueName\":\"search_term_string\"}}],\"inLanguage\":\"es\"},{\"@type\":\"Organization\",\"@id\":\"https:\/\/biomes.world\/es\/#organization\",\"name\":\"BIOMES 4.0 GmbH\",\"url\":\"https:\/\/biomes.world\/es\/\",\"logo\":{\"@type\":\"ImageObject\",\"inLanguage\":\"es\",\"@id\":\"https:\/\/biomes.world\/es\/#\/schema\/logo\/image\/\",\"url\":\"http:\/\/biomes.world\/wp-content\/uploads\/2024\/04\/biomes_logo_2021_RGB.png\",\"contentUrl\":\"http:\/\/biomes.world\/wp-content\/uploads\/2024\/04\/biomes_logo_2021_RGB.png\",\"width\":10040,\"height\":2599,\"caption\":\"BIOMES 4.0 GmbH\"},\"image\":{\"@id\":\"https:\/\/biomes.world\/es\/#\/schema\/logo\/image\/\"},\"sameAs\":[\"https:\/\/de-de.facebook.com\/BIOMES.world\/\",\"https:\/\/www.youtube.com\/@BIOMESworld\",\"https:\/\/www.instagram.com\/biomes_official\/\"],\"legalName\":\"BIOMES 4.0 GmbH\",\"duns\":\"314778637\"}]}<\/script>\n<!-- \/ Yoast SEO Premium plugin. -->","yoast_head_json":{"title":"Categoria: Vegana - BIOMES - Feel better","description":"Vivir vegano significa renunciar a los productos de origen animal en la vida diaria. BIOMES te cuenta de qu\u00e9 se trata la alimentaci\u00f3n vegana.","robots":{"index":"index","follow":"follow","max-snippet":"max-snippet:-1","max-image-preview":"max-image-preview:large","max-video-preview":"max-video-preview:-1"},"canonical":"https:\/\/biomes.world\/es\/cosas-a-saber\/alimentacion\/vegana\/","og_locale":"es_ES","og_type":"article","og_title":"Categoria: Vegana","og_description":"Vivir vegano significa renunciar a los productos de origen animal en la vida diaria. BIOMES te cuenta de qu\u00e9 se trata la alimentaci\u00f3n vegana.","og_url":"https:\/\/biomes.world\/es\/cosas-a-saber\/alimentacion\/vegana\/","og_site_name":"BIOMES - Feel better","article_publisher":"https:\/\/de-de.facebook.com\/BIOMES.world\/","article_modified_time":"2023-03-03T10:19:02+00:00","twitter_card":"summary_large_image","twitter_misc":{"Tiempo de lectura":"5 minutos"},"schema":{"@context":"https:\/\/schema.org","@graph":[{"@type":"WebPage","@id":"https:\/\/biomes.world\/es\/cosas-a-saber\/alimentacion\/vegana\/","url":"https:\/\/biomes.world\/es\/cosas-a-saber\/alimentacion\/vegana\/","name":"Categoria: Vegana - BIOMES - Feel better","isPartOf":{"@id":"https:\/\/biomes.world\/es\/#website"},"datePublished":"2022-06-21T15:37:55+00:00","dateModified":"2023-03-03T10:19:02+00:00","description":"Vivir vegano significa renunciar a los productos de origen animal en la vida diaria. BIOMES te cuenta de qu\u00e9 se trata la alimentaci\u00f3n vegana.","breadcrumb":{"@id":"https:\/\/biomes.world\/es\/cosas-a-saber\/alimentacion\/vegana\/#breadcrumb"},"inLanguage":"es","potentialAction":[{"@type":"ReadAction","target":["https:\/\/biomes.world\/es\/cosas-a-saber\/alimentacion\/vegana\/"]}]},{"@type":"BreadcrumbList","@id":"https:\/\/biomes.world\/es\/cosas-a-saber\/alimentacion\/vegana\/#breadcrumb","itemListElement":[{"@type":"ListItem","position":1,"name":"Home","item":"https:\/\/biomes.world\/es\/"},{"@type":"ListItem","position":2,"name":"My Health, My Life","item":"https:\/\/biomes.world\/es\/cosas-a-saber\/"},{"@type":"ListItem","position":3,"name":"Categoria: Alimentacion","item":"https:\/\/biomes.world\/es\/cosas-a-saber\/alimentacion\/"},{"@type":"ListItem","position":4,"name":"Categoria: Vegana"}]},{"@type":"WebSite","@id":"https:\/\/biomes.world\/es\/#website","url":"https:\/\/biomes.world\/es\/","name":"BIOMES - Feel better","description":"Cutting-edge biotechnology used to help people","publisher":{"@id":"https:\/\/biomes.world\/es\/#organization"},"potentialAction":[{"@type":"SearchAction","target":{"@type":"EntryPoint","urlTemplate":"https:\/\/biomes.world\/es\/?s={search_term_string}"},"query-input":{"@type":"PropertyValueSpecification","valueRequired":true,"valueName":"search_term_string"}}],"inLanguage":"es"},{"@type":"Organization","@id":"https:\/\/biomes.world\/es\/#organization","name":"BIOMES 4.0 GmbH","url":"https:\/\/biomes.world\/es\/","logo":{"@type":"ImageObject","inLanguage":"es","@id":"https:\/\/biomes.world\/es\/#\/schema\/logo\/image\/","url":"http:\/\/biomes.world\/wp-content\/uploads\/2024\/04\/biomes_logo_2021_RGB.png","contentUrl":"http:\/\/biomes.world\/wp-content\/uploads\/2024\/04\/biomes_logo_2021_RGB.png","width":10040,"height":2599,"caption":"BIOMES 4.0 GmbH"},"image":{"@id":"https:\/\/biomes.world\/es\/#\/schema\/logo\/image\/"},"sameAs":["https:\/\/de-de.facebook.com\/BIOMES.world\/","https:\/\/www.youtube.com\/@BIOMESworld","https:\/\/www.instagram.com\/biomes_official\/"],"legalName":"BIOMES 4.0 GmbH","duns":"314778637"}]}},"_links":{"self":[{"href":"https:\/\/biomes.world\/es\/wp-json\/wp\/v2\/pages\/594006","targetHints":{"allow":["GET"]}}],"collection":[{"href":"https:\/\/biomes.world\/es\/wp-json\/wp\/v2\/pages"}],"about":[{"href":"https:\/\/biomes.world\/es\/wp-json\/wp\/v2\/types\/page"}],"author":[{"embeddable":true,"href":"https:\/\/biomes.world\/es\/wp-json\/wp\/v2\/users\/3168"}],"replies":[{"embeddable":true,"href":"https:\/\/biomes.world\/es\/wp-json\/wp\/v2\/comments?post=594006"}],"version-history":[{"count":0,"href":"https:\/\/biomes.world\/es\/wp-json\/wp\/v2\/pages\/594006\/revisions"}],"up":[{"embeddable":true,"href":"https:\/\/biomes.world\/es\/wp-json\/wp\/v2\/pages\/350255"}],"wp:attachment":[{"href":"https:\/\/biomes.world\/es\/wp-json\/wp\/v2\/media?parent=594006"}],"curies":[{"name":"wp","href":"https:\/\/api.w.org\/{rel}","templated":true}]}}