{"id":593986,"date":"2022-06-21T17:29:40","date_gmt":"2022-06-21T15:29:40","guid":{"rendered":"http:\/\/biomes.world\/te-interesa-saberlo\/my-health-my-life-nutricion\/ernaehrungsplan\/"},"modified":"2023-03-03T11:26:52","modified_gmt":"2023-03-03T10:26:52","slug":"plan-de-alimentacion","status":"publish","type":"page","link":"https:\/\/biomes.world\/es\/cosas-a-saber\/alimentacion\/plan-de-alimentacion\/","title":{"rendered":"Categoria: Plan de alimentacion"},"content":{"rendered":"\n<h1 class=\"wp-block-heading\" id=\"h-plan-de-alimentacion\">Plan de alimentacion<\/h1>\n\n\n\n<p>Las bacterias que componen el microbioma individual est\u00e1n determinadas en gran medida por la dieta. Los microorganismos tienen sus preferencias &#8211; dependiendo de lo que comemos, alimentamos a algunos y hacemos m\u00e1s dif\u00edcil que otros se multipliquen.<\/p>\n\n\n\n<p>Franziska Dreidax<\/p>\n\n\n\n<p>De esta manera, la composici\u00f3n de la flora intestinal puede ser controlada espec\u00edficamente a trav\u00e9s de la alimentaci\u00f3n, promoviendo as\u00ed la salud a largo plazo. Sin embargo, esto no es posible de la noche a la ma\u00f1ana. Por otro lado, los alimentos que son particularmente beneficiosos para la flora intestinal difieren de una persona a otra. As\u00ed que se necesita tiempo y conocimiento de lo que es bueno para el intestino. Para mantener una <a href=\"https:\/\/biomes.world\/es\/cosas-a-saber\/alimentacion\/plan-de-alimentacion\/alimentacion-saludable\/\">dieta saludable<\/a> a largo plazo, un plan nutricional saludable que apoye el crecimiento de organismos deseables puede ser muy beneficioso.<\/p>\n\n\n\n<h2 class=\"wp-block-heading\" id=\"h-que-es-un-plan-de-alimentacion\">\u00bfQu\u00e9 es un plan de alimentaci\u00f3n?<\/h2>\n\n\n\n<p>Un plan nutricional se define como un plan que determina <strong>la dieta de una persona<\/strong>. Por lo general, estipula el consumo de determinadas comidas durante un per\u00edodo de tiempo establecido, por ejemplo, varios d\u00edas. Hay varias metas que se pueden alcanzar con la ayuda de un plan de dieta: A menudo su objetivo es ayudar a mejorar la forma f\u00edsica, perder peso o promover la salud.<\/p>\n\n\n\n<p>Dependiendo del destino, se determina los alimentos que se pueden consumir. Los alimentos suelen seleccionarse en base a su contenido de nutrientes. En la mayor\u00eda de los casos, el contenido de prote\u00ednas, carbohidratos y grasas es importante. Una alimentaci\u00f3n sana siguiendo el plan, debe ser <strong>muy variada<\/strong> y cubrir las necesidades de todos los nutrientes.<\/p>\n\n\n\n<h2 class=\"wp-block-heading\" id=\"h-ventajas-de-un-plan-nutricional\">Ventajas de un plan nutricional<\/h2>\n\n\n\n<p>Un plan nutricional que determina qu\u00e9 y cu\u00e1ndo se debe comer \u2013 esto es lo que muchas personas inicialmente consideran una restricci\u00f3n. Sin embargo, tal plan puede ser de gran ayuda, especialmente en el caso de un cambio en la dieta: Por un lado aporta estructura a la alimentaci\u00f3n y puede prevenir la dieta excesiva y descontrolada. Por otro lado, facilita la adaptaci\u00f3n a <strong>h\u00e1bitos alimentarios saludables<\/strong>. Cualquier persona que haya seguido un plan de alimentaci\u00f3n durante una o dos semanas y haya comido de forma saludable tiene m\u00e1s probabilidades de comer alimentos ricos en nutrientes con mayor frecuencia.<\/p>\n\n\n\n<p>Otra ventaja de un plan nutricional es que se puede <strong>personalizar<\/strong>. Est\u00e1n disponibles para diferentes tipos de dietas (por ejemplo, vegetarianas, altas en prote\u00ednas o bajas en carbohidratos), pero pueden adaptarse f\u00e1cilmente reemplazando un plato por otro o variando el tama\u00f1o de las porciones. En cualquier caso, es importante que el plan se adapte a tus necesidades cal\u00f3ricas personales y que se tengan en cuenta las intolerancias. En otras palabras, una alimentaci\u00f3n personalizada es la base del plan de dieta.<\/p>\n\n\n\n<h2 class=\"wp-block-heading\" id=\"h-puedes-hacer-tu-propio-plan-de-alimentacion\">\u00bfPuedes hacer tu propio plan de alimentaci\u00f3n?<\/h2>\n\n\n\n<p>No es imposible crear un plan nutricional para uno mismo, pero requiere de un <strong>buen conocimiento de su propio cuerpo<\/strong> as\u00ed como de los diferentes alimentos y sus valores nutricionales. Por lo tanto, no es de extra\u00f1ar que muchos humanos reciban el apoyo de un nutricionista, un dietista o un entrenador.<\/p>\n\n\n\n<p>Como con la mayor\u00eda de las actividades en la vida, en un plan de nutricion saludable, <strong>el primer paso es fijar el objetivo<\/strong>. \u00bfEs principalmente una cuesti\u00f3n de mejorar la salud, <a href=\"https:\/\/biomes-salued.es\" target=\"_blank\" rel=\"noreferrer noopener\">adelgazar<\/a> o fortalecer los m\u00fasculos? Tan pronto como se haya establecido esto, se determina la forma de alimentaci\u00f3n y se calcula la demanda cal\u00f3rica individual. Esto \u00faltimo es importante porque la necesidad de calor\u00edas depende del sexo, la edad y la actividad f\u00edsica. La densidad energ\u00e9tica de las comidas tambi\u00e9n depende del objetivo del plan, como la reducci\u00f3n de peso o el desarrollo muscular.<\/p>\n\n\n\n<h2 class=\"wp-block-heading\" id=\"h-crear-un-plan-nutricional-para-el-propio-microbioma\">\u00bfCrear un plan nutricional para el propio microbioma?<\/h2>\n\n\n\n<p>La flora intestinal siempre se beneficia de una dieta saludable. Los productos integrales, muchas frutas y verduras, as\u00ed como los t\u00e9s no endulzados o el agua son generalmente recomendables. Sin embargo, aquellos que conocen exactamente su microbioma pueden apoyar sus objetivos personales con un plan de dieta adaptado a ellos, por ejemplo, la p\u00e9rdida de peso o el desarrollo muscular. Tambi\u00e9n es posible fortalecer el sistema inmunol\u00f3gico a trav\u00e9s de la alimentaci\u00f3n si se fomentan espec\u00edficamente las <strong>bacterias correctas en los intestinos<\/strong>.<\/p>\n\n\n<div\n    id=\"hero-teaser-block_998f43e1912bb2c75bb7b195c823fa8f\"\n    class=\"hero-teaser site-block\"\n>\n    <div class=\"hero-teaser__media\">\n        <img decoding=\"async\"\n            src=\"https:\/\/biomes.world\/wp-content\/uploads\/2019\/12\/Darmflora_Immunsystem_aus_dem_Bauch_heraus-1600x650.jpg\"\n            alt=\"\"\n            srcset=\"https:\/\/biomes.world\/wp-content\/uploads\/2019\/12\/Darmflora_Immunsystem_aus_dem_Bauch_heraus-300x169.jpg 300w, https:\/\/biomes.world\/wp-content\/uploads\/2019\/12\/Darmflora_Immunsystem_aus_dem_Bauch_heraus-1024x576.jpg 1024w, https:\/\/biomes.world\/wp-content\/uploads\/2019\/12\/Darmflora_Immunsystem_aus_dem_Bauch_heraus-768x432.jpg 768w, https:\/\/biomes.world\/wp-content\/uploads\/2019\/12\/Darmflora_Immunsystem_aus_dem_Bauch_heraus-1536x864.jpg 1536w, https:\/\/biomes.world\/wp-content\/uploads\/2019\/12\/Darmflora_Immunsystem_aus_dem_Bauch_heraus-250x141.jpg 250w, https:\/\/biomes.world\/wp-content\/uploads\/2019\/12\/Darmflora_Immunsystem_aus_dem_Bauch_heraus.jpg 1620w\"\n            sizes=\"(max-width: 30em) 100vw, (max-width: 48em) 100vw, (max-width: 62em) 100vw, (max-width: 75em) 100vw, 1400px\t\"\n        >\n    <\/div>\n    <div class=\"hero-teaser__header\">\n        <div class=\"hero-teaser__col column\">\n            <h2 class=\"hero-teaser__title\">\n                <span>M\u00e1s informaci\u00f3n sobre INTEST.pro<\/span>\n                El test intestinal de BIOMES            <\/h2>\n            \n\n<p>\u00bfC\u00f3mo analizamos tu flora intestinal? \u00bfQu\u00e9 incluye exactamente la prueba? \u00bfD\u00f3nde puedes comprar <strong>INTEST.<\/strong>pro?<br>\u00bfY c\u00f3mo protegemos tus datos?<\/p>\n\n\n\n<div class=\"wp-block-buttons is-layout-flex wp-block-buttons-is-layout-flex\">\n<div class=\"wp-block-button\"><a class=\"wp-block-button__link wp-element-button\" href=\"https:\/\/biomes-salued.es\" target=\"_blank\" rel=\"noreferrer noopener\">Informaci\u00f3n detallada<\/a><\/div>\n<\/div>\n\n        <\/div>\n    <\/div>\n<\/div>\n","protected":false},"excerpt":{"rendered":"<p>Plan de alimentacion Las bacterias que componen el microbioma individual est\u00e1n determinadas en gran medida por la dieta. Los microorganismos tienen sus preferencias &#8211; dependiendo de lo que comemos, alimentamos a algunos y hacemos m\u00e1s dif\u00edcil que otros se multipliquen. Franziska Dreidax De esta manera, la composici\u00f3n de la flora intestinal puede ser controlada espec\u00edficamente [&#8230;]<\/p>\n","protected":false},"author":3168,"featured_media":0,"parent":350255,"menu_order":0,"comment_status":"closed","ping_status":"closed","template":"","meta":{"_acf_changed":false,"footnotes":""},"class_list":["post-593986","page","type-page","status-publish","hentry"],"acf":[],"yoast_head":"<!-- This site is optimized with the Yoast SEO plugin v27.4 - https:\/\/yoast.com\/product\/yoast-seo-wordpress\/ -->\n<title>Categoria: Plan de alimentacion - BIOMES - Feel better<\/title>\n<meta name=\"description\" content=\"Una dieta saludable de acuerdo a un plan nutricional puede tener un efecto positivo en la flora intestinal y ayudar a reducir el peso.\" \/>\n<meta name=\"robots\" content=\"index, follow, max-snippet:-1, max-image-preview:large, max-video-preview:-1\" \/>\n<link rel=\"canonical\" href=\"https:\/\/biomes.world\/es\/cosas-a-saber\/alimentacion\/plan-de-alimentacion\/\" \/>\n<meta property=\"og:locale\" content=\"es_ES\" \/>\n<meta property=\"og:type\" content=\"article\" \/>\n<meta property=\"og:title\" content=\"Categoria: Plan de alimentacion - BIOMES - Feel better\" \/>\n<meta property=\"og:description\" content=\"Una dieta saludable de acuerdo a un plan nutricional puede tener un efecto positivo en la flora intestinal y ayudar a reducir el peso.\" \/>\n<meta property=\"og:url\" content=\"https:\/\/biomes.world\/es\/cosas-a-saber\/alimentacion\/plan-de-alimentacion\/\" \/>\n<meta property=\"og:site_name\" content=\"BIOMES - Feel better\" \/>\n<meta property=\"article:publisher\" content=\"https:\/\/de-de.facebook.com\/BIOMES.world\/\" \/>\n<meta property=\"article:modified_time\" content=\"2023-03-03T10:26:52+00:00\" \/>\n<meta name=\"twitter:card\" content=\"summary_large_image\" \/>\n<meta name=\"twitter:label1\" content=\"Tiempo de lectura\" \/>\n\t<meta name=\"twitter:data1\" content=\"4 minutos\" \/>\n<script type=\"application\/ld+json\" class=\"yoast-schema-graph\">{\"@context\":\"https:\\\/\\\/schema.org\",\"@graph\":[{\"@type\":\"WebPage\",\"@id\":\"https:\\\/\\\/biomes.world\\\/es\\\/cosas-a-saber\\\/alimentacion\\\/plan-de-alimentacion\\\/\",\"url\":\"https:\\\/\\\/biomes.world\\\/es\\\/cosas-a-saber\\\/alimentacion\\\/plan-de-alimentacion\\\/\",\"name\":\"Categoria: Plan de alimentacion - BIOMES - Feel better\",\"isPartOf\":{\"@id\":\"https:\\\/\\\/biomes.world\\\/es\\\/#website\"},\"datePublished\":\"2022-06-21T15:29:40+00:00\",\"dateModified\":\"2023-03-03T10:26:52+00:00\",\"description\":\"Una dieta saludable de acuerdo a un plan nutricional puede tener un efecto positivo en la flora intestinal y ayudar a reducir el peso.\",\"breadcrumb\":{\"@id\":\"https:\\\/\\\/biomes.world\\\/es\\\/cosas-a-saber\\\/alimentacion\\\/plan-de-alimentacion\\\/#breadcrumb\"},\"inLanguage\":\"es\",\"potentialAction\":[{\"@type\":\"ReadAction\",\"target\":[\"https:\\\/\\\/biomes.world\\\/es\\\/cosas-a-saber\\\/alimentacion\\\/plan-de-alimentacion\\\/\"]}]},{\"@type\":\"BreadcrumbList\",\"@id\":\"https:\\\/\\\/biomes.world\\\/es\\\/cosas-a-saber\\\/alimentacion\\\/plan-de-alimentacion\\\/#breadcrumb\",\"itemListElement\":[{\"@type\":\"ListItem\",\"position\":1,\"name\":\"Home\",\"item\":\"https:\\\/\\\/biomes.world\\\/es\\\/\"},{\"@type\":\"ListItem\",\"position\":2,\"name\":\"My Health, My Life\",\"item\":\"https:\\\/\\\/biomes.world\\\/es\\\/cosas-a-saber\\\/\"},{\"@type\":\"ListItem\",\"position\":3,\"name\":\"Categoria: Alimentacion\",\"item\":\"https:\\\/\\\/biomes.world\\\/es\\\/cosas-a-saber\\\/alimentacion\\\/\"},{\"@type\":\"ListItem\",\"position\":4,\"name\":\"Categoria: Plan de alimentacion\"}]},{\"@type\":\"WebSite\",\"@id\":\"https:\\\/\\\/biomes.world\\\/es\\\/#website\",\"url\":\"https:\\\/\\\/biomes.world\\\/es\\\/\",\"name\":\"BIOMES - Feel better\",\"description\":\"Cutting-edge biotechnology used to help people\",\"publisher\":{\"@id\":\"https:\\\/\\\/biomes.world\\\/es\\\/#organization\"},\"potentialAction\":[{\"@type\":\"SearchAction\",\"target\":{\"@type\":\"EntryPoint\",\"urlTemplate\":\"https:\\\/\\\/biomes.world\\\/es\\\/?s={search_term_string}\"},\"query-input\":{\"@type\":\"PropertyValueSpecification\",\"valueRequired\":true,\"valueName\":\"search_term_string\"}}],\"inLanguage\":\"es\"},{\"@type\":\"Organization\",\"@id\":\"https:\\\/\\\/biomes.world\\\/es\\\/#organization\",\"name\":\"BIOMES 4.0 GmbH\",\"url\":\"https:\\\/\\\/biomes.world\\\/es\\\/\",\"logo\":{\"@type\":\"ImageObject\",\"inLanguage\":\"es\",\"@id\":\"https:\\\/\\\/biomes.world\\\/es\\\/#\\\/schema\\\/logo\\\/image\\\/\",\"url\":\"http:\\\/\\\/biomes.world\\\/wp-content\\\/uploads\\\/2024\\\/04\\\/biomes_logo_2021_RGB.png\",\"contentUrl\":\"http:\\\/\\\/biomes.world\\\/wp-content\\\/uploads\\\/2024\\\/04\\\/biomes_logo_2021_RGB.png\",\"width\":10040,\"height\":2599,\"caption\":\"BIOMES 4.0 GmbH\"},\"image\":{\"@id\":\"https:\\\/\\\/biomes.world\\\/es\\\/#\\\/schema\\\/logo\\\/image\\\/\"},\"sameAs\":[\"https:\\\/\\\/de-de.facebook.com\\\/BIOMES.world\\\/\",\"https:\\\/\\\/www.youtube.com\\\/@BIOMESworld\",\"https:\\\/\\\/www.instagram.com\\\/biomes_official\\\/\"]}]}<\/script>\n<!-- \/ Yoast SEO plugin. -->","yoast_head_json":{"title":"Categoria: Plan de alimentacion - BIOMES - Feel better","description":"Una dieta saludable de acuerdo a un plan nutricional puede tener un efecto positivo en la flora intestinal y ayudar a reducir el peso.","robots":{"index":"index","follow":"follow","max-snippet":"max-snippet:-1","max-image-preview":"max-image-preview:large","max-video-preview":"max-video-preview:-1"},"canonical":"https:\/\/biomes.world\/es\/cosas-a-saber\/alimentacion\/plan-de-alimentacion\/","og_locale":"es_ES","og_type":"article","og_title":"Categoria: Plan de alimentacion - BIOMES - Feel better","og_description":"Una dieta saludable de acuerdo a un plan nutricional puede tener un efecto positivo en la flora intestinal y ayudar a reducir el peso.","og_url":"https:\/\/biomes.world\/es\/cosas-a-saber\/alimentacion\/plan-de-alimentacion\/","og_site_name":"BIOMES - Feel better","article_publisher":"https:\/\/de-de.facebook.com\/BIOMES.world\/","article_modified_time":"2023-03-03T10:26:52+00:00","twitter_card":"summary_large_image","twitter_misc":{"Tiempo de lectura":"4 minutos"},"schema":{"@context":"https:\/\/schema.org","@graph":[{"@type":"WebPage","@id":"https:\/\/biomes.world\/es\/cosas-a-saber\/alimentacion\/plan-de-alimentacion\/","url":"https:\/\/biomes.world\/es\/cosas-a-saber\/alimentacion\/plan-de-alimentacion\/","name":"Categoria: Plan de alimentacion - BIOMES - Feel better","isPartOf":{"@id":"https:\/\/biomes.world\/es\/#website"},"datePublished":"2022-06-21T15:29:40+00:00","dateModified":"2023-03-03T10:26:52+00:00","description":"Una dieta saludable de acuerdo a un plan nutricional puede tener un efecto positivo en la flora intestinal y ayudar a reducir el peso.","breadcrumb":{"@id":"https:\/\/biomes.world\/es\/cosas-a-saber\/alimentacion\/plan-de-alimentacion\/#breadcrumb"},"inLanguage":"es","potentialAction":[{"@type":"ReadAction","target":["https:\/\/biomes.world\/es\/cosas-a-saber\/alimentacion\/plan-de-alimentacion\/"]}]},{"@type":"BreadcrumbList","@id":"https:\/\/biomes.world\/es\/cosas-a-saber\/alimentacion\/plan-de-alimentacion\/#breadcrumb","itemListElement":[{"@type":"ListItem","position":1,"name":"Home","item":"https:\/\/biomes.world\/es\/"},{"@type":"ListItem","position":2,"name":"My Health, My Life","item":"https:\/\/biomes.world\/es\/cosas-a-saber\/"},{"@type":"ListItem","position":3,"name":"Categoria: Alimentacion","item":"https:\/\/biomes.world\/es\/cosas-a-saber\/alimentacion\/"},{"@type":"ListItem","position":4,"name":"Categoria: Plan de alimentacion"}]},{"@type":"WebSite","@id":"https:\/\/biomes.world\/es\/#website","url":"https:\/\/biomes.world\/es\/","name":"BIOMES - Feel better","description":"Cutting-edge biotechnology used to help people","publisher":{"@id":"https:\/\/biomes.world\/es\/#organization"},"potentialAction":[{"@type":"SearchAction","target":{"@type":"EntryPoint","urlTemplate":"https:\/\/biomes.world\/es\/?s={search_term_string}"},"query-input":{"@type":"PropertyValueSpecification","valueRequired":true,"valueName":"search_term_string"}}],"inLanguage":"es"},{"@type":"Organization","@id":"https:\/\/biomes.world\/es\/#organization","name":"BIOMES 4.0 GmbH","url":"https:\/\/biomes.world\/es\/","logo":{"@type":"ImageObject","inLanguage":"es","@id":"https:\/\/biomes.world\/es\/#\/schema\/logo\/image\/","url":"http:\/\/biomes.world\/wp-content\/uploads\/2024\/04\/biomes_logo_2021_RGB.png","contentUrl":"http:\/\/biomes.world\/wp-content\/uploads\/2024\/04\/biomes_logo_2021_RGB.png","width":10040,"height":2599,"caption":"BIOMES 4.0 GmbH"},"image":{"@id":"https:\/\/biomes.world\/es\/#\/schema\/logo\/image\/"},"sameAs":["https:\/\/de-de.facebook.com\/BIOMES.world\/","https:\/\/www.youtube.com\/@BIOMESworld","https:\/\/www.instagram.com\/biomes_official\/"]}]}},"_links":{"self":[{"href":"https:\/\/biomes.world\/es\/wp-json\/wp\/v2\/pages\/593986","targetHints":{"allow":["GET"]}}],"collection":[{"href":"https:\/\/biomes.world\/es\/wp-json\/wp\/v2\/pages"}],"about":[{"href":"https:\/\/biomes.world\/es\/wp-json\/wp\/v2\/types\/page"}],"author":[{"embeddable":true,"href":"https:\/\/biomes.world\/es\/wp-json\/wp\/v2\/users\/3168"}],"replies":[{"embeddable":true,"href":"https:\/\/biomes.world\/es\/wp-json\/wp\/v2\/comments?post=593986"}],"version-history":[{"count":0,"href":"https:\/\/biomes.world\/es\/wp-json\/wp\/v2\/pages\/593986\/revisions"}],"up":[{"embeddable":true,"href":"https:\/\/biomes.world\/es\/wp-json\/wp\/v2\/pages\/350255"}],"wp:attachment":[{"href":"https:\/\/biomes.world\/es\/wp-json\/wp\/v2\/media?parent=593986"}],"curies":[{"name":"wp","href":"https:\/\/api.w.org\/{rel}","templated":true}]}}