{"id":593954,"date":"2022-06-21T17:22:54","date_gmt":"2022-06-21T15:22:54","guid":{"rendered":"http:\/\/biomes.world\/?page_id=593954"},"modified":"2023-03-03T11:06:04","modified_gmt":"2023-03-03T10:06:04","slug":"flora-intestinal","status":"publish","type":"page","link":"https:\/\/biomes.world\/es\/cosas-a-saber\/intestino\/flora-intestinal\/","title":{"rendered":"Categoria: La flora intestinal"},"content":{"rendered":"\n<h1 class=\"wp-block-heading\" id=\"h-la-flora-intestinal\">La flora intestinal<\/h1>\n\n\n<div id=\"overflow-block_d04f6751a44130196e022d4d1167a188\" class=\"overflow acf-block\">\n    <div class=\"overflow__pattern\">\n        <div class=\"align-center row\">\n            <div class=\"xl-10 xs-12 column\">\n                <div class=\"overflow__content\">\n                                        <div class=\"row\">\n\n                        <div class=\"overflow__col--shrink overflow__col\">\n                                                    <ul class=\"overflow__list\">\n                            <li class=\"overflow__comb\"><div><span class=\"overflow__data\">2veces<\/span> m\u00e1s de microbios en el cuerpo como c\u00e9lulas propias del cuerpo<\/div><\/li><li class=\"overflow__comb\"><div>Hasta <span class=\"overflow__data\">2kg<\/span> de microbios viven en el intestino<\/div><\/li><li class=\"overflow__comb\"><div><span class=\"overflow__data\">30t<\/span> de alimentos procesan los microbios<\/div><\/li>                            <\/ul>\n                                                <\/div>\n\n                        <div class=\"overflow__col\">\n                            <p>La flora intestinal (microbiota intestinal) se compone de billones de microorganismos. La relaci\u00f3n simbi\u00f3tica natural entre las personas y las bacterias resulta esencial para lograr una vida saludable. La importancia de nuestras bacterias intestinales se ha subestimado durante mucho tiempo. Solo en los \u00faltimos a\u00f1os, gracias a muchos estudios cient\u00edficos, resulta evidente la influencia de las bacterias en nuestra salud, ya que regulan mucho m\u00e1s que la digesti\u00f3n. A lo largo de millones de a\u00f1os de evoluci\u00f3n, han surgido ajustes beneficiosos a largo plazo, que, entre otras cosas, favorecen la digesti\u00f3n, la defensa contra los pat\u00f3genos y el fortalecimiento del sistema inmunol\u00f3gico.<\/p>\n                        <\/div>\n                    <\/div>\n                <\/div>\n            <\/div>\n        <\/div>\n    <\/div>\n<\/div>\n\n\n\n<h2 class=\"wp-block-heading\" id=\"h-que-bacterias-encontramos-en-nuestra-flora-intestinal\">\u00bfQu\u00e9 bacterias encontramos en nuestra flora intestinal?<\/h2>\n\n\n\n<p>No todas las bacterias en nuestro intestino son deseadas. Una flora intestinal equilibrada y saludable est\u00e1 formada, sobre todo, por bacterias beneficiosas que tienen un efecto positivo en el cuerpo, pero tambi\u00e9n por bacterias no deseadas que tienen un efecto negativo en el cuerpo.<\/p>\n\n\n\n<p>Con la ayuda de las bacterias intestinales beneficiosas, se producen enzimas, vitaminas y amino\u00e1cidos vitales, y se neutralizan los contaminantes ingeridos con los alimentos. Por lo tanto, una flora intestinal sana y equilibrada protege eficazmente contra la penetraci\u00f3n y proliferaci\u00f3n de agentes pat\u00f3genos. Por ello, el intestino regula hasta el 80&nbsp;% de todas las respuestas inmunitarias del organismo, lo que lo convierte en el principal \u00f3rgano inmunol\u00f3gico.<\/p>\n\n\n\n<h2 class=\"wp-block-heading\" id=\"h-la-influencia-en-tu-bienestar\">La influencia en tu bienestar<\/h2>\n\n\n\n<p>Adem\u00e1s, la conexi\u00f3n neuronal del intestino y el cerebro resulta fundamental para el ser humano. Por ejemplo, los microbios que viven en el intestino controlan la producci\u00f3n de hormonas importantes, como la hormona de la felicidad (serotonina) y la hormona del sue\u00f1o (melatonina). De este modo, los procesos neurol\u00f3gicos en el cerebro se controlan a trav\u00e9s del eje intestino-cerebro y la flora intestinal influye significativamente en la salud mental y, por lo tanto, en nuestro bienestar.<\/p>\n\n\n\n<p>Un desequilibrio de la flora intestinal puede deberse a estr\u00e9s f\u00edsico y emocional persistente, h\u00e1bitos alimenticios poco saludables, ejercicio insuficiente y medicamentos como los <a href=\"http:\/\/biomes.world\/es\/\/cosas-a-saber\/antibioticos\/\">antibi\u00f3ticos<\/a>. Esto puede provocar gran variedad de problemas.<\/p>\n\n\n\n<ul class=\"wp-block-list\">\n<li>Problemas intestinales (estre\u00f1imiento, flatulencias&#8230;)<\/li>\n\n\n\n<li>Reacciones autoinmunes (psoriasis&#8230;)<\/li>\n\n\n\n<li>Intolerancias alimentarias<\/li>\n\n\n\n<li>Debilitamiento del sistema inmunol\u00f3gico<\/li>\n\n\n\n<li>Sobrepeso y obesidad<\/li>\n\n\n\n<li>Trastornos mentales<\/li>\n<\/ul>\n\n\n\n<h2 class=\"wp-block-heading\" id=\"h-devuelvele-equilibrio-a-tu-flora-intestinal\">Devu\u00e9lvele equilibrio a tu flora intestinal<\/h2>\n\n\n\n<p>Se requiere un an\u00e1lisis preciso de las causas del desequilibrio para poder restablecer el equilibrio en el intestino. Con <strong>INTEST.<\/strong>pro, <strong>BIOMES<\/strong> lanza al mercado el primer an\u00e1lisis completo de la flora intestinal con recomendaciones individualizadas para mejorar la salud, el bienestar y la calidad de vida.<\/p>\n\n\n\n<p><strong><strong>INTEST.<\/strong><\/strong>pro es un autodiagn\u00f3stico para tomar una muestra de heces en un entorno familiar que determine la naturaleza microbiana, es decir, el n\u00famero y la distribuci\u00f3n de bacterias intestinales.<\/p>\n\n\n\n<p>El equilibrio de la flora intestinal puede favorecerse tomando probi\u00f3ticos o alimentos probi\u00f3ticos. Puedes encontrar m\u00e1s informaci\u00f3n en nuestra p\u00e1gina de informativa sobre <a href=\"http:\/\/biomes.world\/es\/cosas-a-saber\/intestino\/salud-intestinal\/probioticos\/\">probi\u00f3ticos<\/a>.<\/p>\n\n\n<div\n    id=\"hero-teaser-block_c0ec022ae26acc5d62c187ef4267efed\"\n    class=\"hero-teaser site-block\"\n>\n    <div class=\"hero-teaser__media\">\n        <img decoding=\"async\"\n            src=\"https:\/\/biomes.world\/wp-content\/uploads\/2019\/12\/Darmflora_Immunsystem_aus_dem_Bauch_heraus-1600x650.jpg\"\n            alt=\"\"\n            srcset=\"https:\/\/biomes.world\/wp-content\/uploads\/2019\/12\/Darmflora_Immunsystem_aus_dem_Bauch_heraus-300x169.jpg 300w, https:\/\/biomes.world\/wp-content\/uploads\/2019\/12\/Darmflora_Immunsystem_aus_dem_Bauch_heraus-1024x576.jpg 1024w, https:\/\/biomes.world\/wp-content\/uploads\/2019\/12\/Darmflora_Immunsystem_aus_dem_Bauch_heraus-768x432.jpg 768w, https:\/\/biomes.world\/wp-content\/uploads\/2019\/12\/Darmflora_Immunsystem_aus_dem_Bauch_heraus-1536x864.jpg 1536w, https:\/\/biomes.world\/wp-content\/uploads\/2019\/12\/Darmflora_Immunsystem_aus_dem_Bauch_heraus-250x141.jpg 250w, https:\/\/biomes.world\/wp-content\/uploads\/2019\/12\/Darmflora_Immunsystem_aus_dem_Bauch_heraus.jpg 1620w\"\n            sizes=\"(max-width: 30em) 100vw, (max-width: 48em) 100vw, (max-width: 62em) 100vw, (max-width: 75em) 100vw, 1400px\t\"\n        >\n    <\/div>\n    <div class=\"hero-teaser__header\">\n        <div class=\"hero-teaser__col column\">\n            <h2 class=\"hero-teaser__title\">\n                <span>M\u00e1s informaci\u00f3n sobre INTEST.pro<\/span>\n                El test intestinal de BIOMES            <\/h2>\n            \n\n<p>\u00bfC\u00f3mo analizamos tu flora intestinal? \u00bfQu\u00e9 incluye exactamente la prueba? \u00bfD\u00f3nde puedes comprar <strong>INTEST.<\/strong>pro?<br>\u00bfY c\u00f3mo protegemos tus datos?<\/p>\n\n\n\n<div class=\"wp-block-buttons is-layout-flex wp-block-buttons-is-layout-flex\">\n<div class=\"wp-block-button\"><a class=\"wp-block-button__link wp-element-button\" href=\"https:\/\/biomes-salued.es\" target=\"_blank\" rel=\"noreferrer noopener\">Informaci\u00f3n detallada<\/a><\/div>\n<\/div>\n\n        <\/div>\n    <\/div>\n<\/div>\n","protected":false},"excerpt":{"rendered":"<p>La flora intestinal 2veces m\u00e1s de microbios en el cuerpo como c\u00e9lulas propias del cuerpoHasta 2kg de microbios viven en el intestino30t de alimentos procesan los microbios La flora intestinal (microbiota intestinal) se compone de billones de microorganismos. La relaci\u00f3n simbi\u00f3tica natural entre las personas y las bacterias resulta esencial para lograr una vida saludable. [&#8230;]<\/p>\n","protected":false},"author":3168,"featured_media":0,"parent":592836,"menu_order":0,"comment_status":"closed","ping_status":"closed","template":"","meta":{"_acf_changed":false,"footnotes":""},"class_list":["post-593954","page","type-page","status-publish","hentry"],"acf":[],"yoast_head":"<!-- This site is optimized with the Yoast SEO plugin v27.4 - https:\/\/yoast.com\/product\/yoast-seo-wordpress\/ -->\n<title>Categoria: La flora intestinal - BIOMES - Feel better<\/title>\n<meta name=\"description\" content=\"\u00bfQu\u00e9 es la flora intestinal? \u2705 Funci\u00f3n de la flora intestinal para tu organismo \u2705 Consejos de nutrici\u00f3n \u27a1\ufe0f \u00a1Aprende m\u00e1s aqu\u00ed!\" \/>\n<meta name=\"robots\" content=\"index, follow, max-snippet:-1, max-image-preview:large, max-video-preview:-1\" \/>\n<link rel=\"canonical\" href=\"https:\/\/biomes.world\/es\/cosas-a-saber\/intestino\/flora-intestinal\/\" \/>\n<meta property=\"og:locale\" content=\"es_ES\" \/>\n<meta property=\"og:type\" content=\"article\" \/>\n<meta property=\"og:title\" content=\"Categoria: La flora intestinal - BIOMES - Feel better\" \/>\n<meta property=\"og:description\" content=\"\u00bfQu\u00e9 es la flora intestinal? \u2705 Funci\u00f3n de la flora intestinal para tu organismo \u2705 Consejos de nutrici\u00f3n \u27a1\ufe0f \u00a1Aprende m\u00e1s aqu\u00ed!\" \/>\n<meta property=\"og:url\" content=\"https:\/\/biomes.world\/es\/cosas-a-saber\/intestino\/flora-intestinal\/\" \/>\n<meta property=\"og:site_name\" content=\"BIOMES - Feel better\" \/>\n<meta property=\"article:publisher\" content=\"https:\/\/de-de.facebook.com\/BIOMES.world\/\" \/>\n<meta property=\"article:modified_time\" content=\"2023-03-03T10:06:04+00:00\" \/>\n<meta name=\"twitter:card\" content=\"summary_large_image\" \/>\n<meta name=\"twitter:label1\" content=\"Tiempo de lectura\" \/>\n\t<meta name=\"twitter:data1\" content=\"3 minutos\" \/>\n<script type=\"application\/ld+json\" class=\"yoast-schema-graph\">{\"@context\":\"https:\\\/\\\/schema.org\",\"@graph\":[{\"@type\":\"WebPage\",\"@id\":\"https:\\\/\\\/biomes.world\\\/es\\\/cosas-a-saber\\\/intestino\\\/flora-intestinal\\\/\",\"url\":\"https:\\\/\\\/biomes.world\\\/es\\\/cosas-a-saber\\\/intestino\\\/flora-intestinal\\\/\",\"name\":\"Categoria: La flora intestinal - BIOMES - Feel better\",\"isPartOf\":{\"@id\":\"https:\\\/\\\/biomes.world\\\/es\\\/#website\"},\"datePublished\":\"2022-06-21T15:22:54+00:00\",\"dateModified\":\"2023-03-03T10:06:04+00:00\",\"description\":\"\u00bfQu\u00e9 es la flora intestinal? \u2705 Funci\u00f3n de la flora intestinal para tu organismo \u2705 Consejos de nutrici\u00f3n \u27a1\ufe0f \u00a1Aprende m\u00e1s aqu\u00ed!\",\"breadcrumb\":{\"@id\":\"https:\\\/\\\/biomes.world\\\/es\\\/cosas-a-saber\\\/intestino\\\/flora-intestinal\\\/#breadcrumb\"},\"inLanguage\":\"es\",\"potentialAction\":[{\"@type\":\"ReadAction\",\"target\":[\"https:\\\/\\\/biomes.world\\\/es\\\/cosas-a-saber\\\/intestino\\\/flora-intestinal\\\/\"]}]},{\"@type\":\"BreadcrumbList\",\"@id\":\"https:\\\/\\\/biomes.world\\\/es\\\/cosas-a-saber\\\/intestino\\\/flora-intestinal\\\/#breadcrumb\",\"itemListElement\":[{\"@type\":\"ListItem\",\"position\":1,\"name\":\"Home\",\"item\":\"https:\\\/\\\/biomes.world\\\/es\\\/\"},{\"@type\":\"ListItem\",\"position\":2,\"name\":\"My Health, My Life\",\"item\":\"https:\\\/\\\/biomes.world\\\/es\\\/cosas-a-saber\\\/\"},{\"@type\":\"ListItem\",\"position\":3,\"name\":\"Categoria: Intestino\",\"item\":\"https:\\\/\\\/biomes.world\\\/es\\\/cosas-a-saber\\\/intestino\\\/\"},{\"@type\":\"ListItem\",\"position\":4,\"name\":\"Categoria: La flora intestinal\"}]},{\"@type\":\"WebSite\",\"@id\":\"https:\\\/\\\/biomes.world\\\/es\\\/#website\",\"url\":\"https:\\\/\\\/biomes.world\\\/es\\\/\",\"name\":\"BIOMES - Feel better\",\"description\":\"Cutting-edge biotechnology used to help people\",\"publisher\":{\"@id\":\"https:\\\/\\\/biomes.world\\\/es\\\/#organization\"},\"potentialAction\":[{\"@type\":\"SearchAction\",\"target\":{\"@type\":\"EntryPoint\",\"urlTemplate\":\"https:\\\/\\\/biomes.world\\\/es\\\/?s={search_term_string}\"},\"query-input\":{\"@type\":\"PropertyValueSpecification\",\"valueRequired\":true,\"valueName\":\"search_term_string\"}}],\"inLanguage\":\"es\"},{\"@type\":\"Organization\",\"@id\":\"https:\\\/\\\/biomes.world\\\/es\\\/#organization\",\"name\":\"BIOMES 4.0 GmbH\",\"url\":\"https:\\\/\\\/biomes.world\\\/es\\\/\",\"logo\":{\"@type\":\"ImageObject\",\"inLanguage\":\"es\",\"@id\":\"https:\\\/\\\/biomes.world\\\/es\\\/#\\\/schema\\\/logo\\\/image\\\/\",\"url\":\"http:\\\/\\\/biomes.world\\\/wp-content\\\/uploads\\\/2024\\\/04\\\/biomes_logo_2021_RGB.png\",\"contentUrl\":\"http:\\\/\\\/biomes.world\\\/wp-content\\\/uploads\\\/2024\\\/04\\\/biomes_logo_2021_RGB.png\",\"width\":10040,\"height\":2599,\"caption\":\"BIOMES 4.0 GmbH\"},\"image\":{\"@id\":\"https:\\\/\\\/biomes.world\\\/es\\\/#\\\/schema\\\/logo\\\/image\\\/\"},\"sameAs\":[\"https:\\\/\\\/de-de.facebook.com\\\/BIOMES.world\\\/\",\"https:\\\/\\\/www.youtube.com\\\/@BIOMESworld\",\"https:\\\/\\\/www.instagram.com\\\/biomes_official\\\/\"]}]}<\/script>\n<!-- \/ Yoast SEO plugin. -->","yoast_head_json":{"title":"Categoria: La flora intestinal - BIOMES - Feel better","description":"\u00bfQu\u00e9 es la flora intestinal? \u2705 Funci\u00f3n de la flora intestinal para tu organismo \u2705 Consejos de nutrici\u00f3n \u27a1\ufe0f \u00a1Aprende m\u00e1s aqu\u00ed!","robots":{"index":"index","follow":"follow","max-snippet":"max-snippet:-1","max-image-preview":"max-image-preview:large","max-video-preview":"max-video-preview:-1"},"canonical":"https:\/\/biomes.world\/es\/cosas-a-saber\/intestino\/flora-intestinal\/","og_locale":"es_ES","og_type":"article","og_title":"Categoria: La flora intestinal - BIOMES - Feel better","og_description":"\u00bfQu\u00e9 es la flora intestinal? \u2705 Funci\u00f3n de la flora intestinal para tu organismo \u2705 Consejos de nutrici\u00f3n \u27a1\ufe0f \u00a1Aprende m\u00e1s aqu\u00ed!","og_url":"https:\/\/biomes.world\/es\/cosas-a-saber\/intestino\/flora-intestinal\/","og_site_name":"BIOMES - Feel better","article_publisher":"https:\/\/de-de.facebook.com\/BIOMES.world\/","article_modified_time":"2023-03-03T10:06:04+00:00","twitter_card":"summary_large_image","twitter_misc":{"Tiempo de lectura":"3 minutos"},"schema":{"@context":"https:\/\/schema.org","@graph":[{"@type":"WebPage","@id":"https:\/\/biomes.world\/es\/cosas-a-saber\/intestino\/flora-intestinal\/","url":"https:\/\/biomes.world\/es\/cosas-a-saber\/intestino\/flora-intestinal\/","name":"Categoria: La flora intestinal - BIOMES - Feel better","isPartOf":{"@id":"https:\/\/biomes.world\/es\/#website"},"datePublished":"2022-06-21T15:22:54+00:00","dateModified":"2023-03-03T10:06:04+00:00","description":"\u00bfQu\u00e9 es la flora intestinal? \u2705 Funci\u00f3n de la flora intestinal para tu organismo \u2705 Consejos de nutrici\u00f3n \u27a1\ufe0f \u00a1Aprende m\u00e1s aqu\u00ed!","breadcrumb":{"@id":"https:\/\/biomes.world\/es\/cosas-a-saber\/intestino\/flora-intestinal\/#breadcrumb"},"inLanguage":"es","potentialAction":[{"@type":"ReadAction","target":["https:\/\/biomes.world\/es\/cosas-a-saber\/intestino\/flora-intestinal\/"]}]},{"@type":"BreadcrumbList","@id":"https:\/\/biomes.world\/es\/cosas-a-saber\/intestino\/flora-intestinal\/#breadcrumb","itemListElement":[{"@type":"ListItem","position":1,"name":"Home","item":"https:\/\/biomes.world\/es\/"},{"@type":"ListItem","position":2,"name":"My Health, My Life","item":"https:\/\/biomes.world\/es\/cosas-a-saber\/"},{"@type":"ListItem","position":3,"name":"Categoria: Intestino","item":"https:\/\/biomes.world\/es\/cosas-a-saber\/intestino\/"},{"@type":"ListItem","position":4,"name":"Categoria: La flora intestinal"}]},{"@type":"WebSite","@id":"https:\/\/biomes.world\/es\/#website","url":"https:\/\/biomes.world\/es\/","name":"BIOMES - Feel better","description":"Cutting-edge biotechnology used to help people","publisher":{"@id":"https:\/\/biomes.world\/es\/#organization"},"potentialAction":[{"@type":"SearchAction","target":{"@type":"EntryPoint","urlTemplate":"https:\/\/biomes.world\/es\/?s={search_term_string}"},"query-input":{"@type":"PropertyValueSpecification","valueRequired":true,"valueName":"search_term_string"}}],"inLanguage":"es"},{"@type":"Organization","@id":"https:\/\/biomes.world\/es\/#organization","name":"BIOMES 4.0 GmbH","url":"https:\/\/biomes.world\/es\/","logo":{"@type":"ImageObject","inLanguage":"es","@id":"https:\/\/biomes.world\/es\/#\/schema\/logo\/image\/","url":"http:\/\/biomes.world\/wp-content\/uploads\/2024\/04\/biomes_logo_2021_RGB.png","contentUrl":"http:\/\/biomes.world\/wp-content\/uploads\/2024\/04\/biomes_logo_2021_RGB.png","width":10040,"height":2599,"caption":"BIOMES 4.0 GmbH"},"image":{"@id":"https:\/\/biomes.world\/es\/#\/schema\/logo\/image\/"},"sameAs":["https:\/\/de-de.facebook.com\/BIOMES.world\/","https:\/\/www.youtube.com\/@BIOMESworld","https:\/\/www.instagram.com\/biomes_official\/"]}]}},"_links":{"self":[{"href":"https:\/\/biomes.world\/es\/wp-json\/wp\/v2\/pages\/593954","targetHints":{"allow":["GET"]}}],"collection":[{"href":"https:\/\/biomes.world\/es\/wp-json\/wp\/v2\/pages"}],"about":[{"href":"https:\/\/biomes.world\/es\/wp-json\/wp\/v2\/types\/page"}],"author":[{"embeddable":true,"href":"https:\/\/biomes.world\/es\/wp-json\/wp\/v2\/users\/3168"}],"replies":[{"embeddable":true,"href":"https:\/\/biomes.world\/es\/wp-json\/wp\/v2\/comments?post=593954"}],"version-history":[{"count":0,"href":"https:\/\/biomes.world\/es\/wp-json\/wp\/v2\/pages\/593954\/revisions"}],"up":[{"embeddable":true,"href":"https:\/\/biomes.world\/es\/wp-json\/wp\/v2\/pages\/592836"}],"wp:attachment":[{"href":"https:\/\/biomes.world\/es\/wp-json\/wp\/v2\/media?parent=593954"}],"curies":[{"name":"wp","href":"https:\/\/api.w.org\/{rel}","templated":true}]}}