{"id":593580,"date":"2022-06-21T17:12:21","date_gmt":"2022-06-21T15:12:21","guid":{"rendered":"http:\/\/biomes.world\/?page_id=593580"},"modified":"2023-05-11T18:53:54","modified_gmt":"2023-05-11T16:53:54","slug":"inflamacion-intestinal","status":"publish","type":"page","link":"https:\/\/biomes.world\/es\/cosas-a-saber\/intestino\/inflamacion-intestinal\/","title":{"rendered":"Categoria: Inflamacion Intestinal"},"content":{"rendered":"\n<h1 class=\"wp-block-heading\" id=\"h-categoria-inflamacion-intestinal\">Categoria: Inflamacion Intestinal<\/h1>\n\n\n\n<p>Las personas que con frecuencia tienen el intestino inflamado saben que a menudo es dif\u00edcil encontrar la causa exacta del dolor abdominal, los calambres o la diarrea. A menudo son necesarios m\u00faltiples ex\u00e1menes para hacer un diagn\u00f3stico exacto. Detr\u00e1s de tales molestias intestinales <strong>no necesariamente se encuentra una enfermedad grave<\/strong>. Tambi\u00e9n muchas <strong>intolerancias alimentarias<\/strong> pueden desencadenarlas. Un examen de heces proporciona una primera impresi\u00f3n de si o qu\u00e9 bacterias causan molestias o gastroenteritis<\/p>\n\n\n\n<h2 class=\"wp-block-heading\" id=\"h-que-es-una-inflamacion-intestinal\">\u00bfQu\u00e9 es una inflamaci\u00f3n intestinal?<\/h2>\n\n\n\n<p>La inflamaci\u00f3n del intestino o gastroenteritis es causada por una <strong>infecci\u00f3n del tracto intestinal<\/strong>. Lo caracter\u00edstico de esta inflamaci\u00f3n del intestino es sobre todo una mucosa intestinal <strong>sensible e irritada<\/strong>. S\u00f3lo una peque\u00f1a parte del intestino puede ser afectada, pero tambi\u00e9n varias partes del intestino pueden inflamarse al mismo tiempo. Si se presentan otros problemas estomacales adem\u00e1s de los s\u00edntomas en el intestino, se trata de enteritis.<\/p>\n\n\n\n<h3 class=\"wp-block-heading\" id=\"h-la-gastroenteritis-o-intestino-inflamado-a-menudo-se-manifiesta-con-los-siguientes-sintomas\">La gastroenteritis o intestino inflamado a menudo se manifiesta con los siguientes s\u00edntomas:<\/h3>\n\n\n\n<ul class=\"wp-block-list\">\n<li>dolor abdominal<\/li>\n\n\n\n<li>calambres<\/li>\n\n\n\n<li>p\u00e9rdida de apetito<\/li>\n\n\n\n<li>v\u00f3mito<\/li>\n\n\n\n<li>n\u00e1useas<\/li>\n\n\n\n<li>fiebre<\/li>\n\n\n\n<li>diarrea<\/li>\n\n\n\n<li>mucosidad o sangre en las heces<\/li>\n<\/ul>\n\n\n\n\n\n<ol class=\"wp-block-list\">\n<li>bacterias, virus, par\u00e1sitos, hongos<\/li>\n\n\n\n<li>disfunci\u00f3n de la circulaci\u00f3n sangu\u00ednea intestinal<\/li>\n\n\n\n<li>enfermedad renal<\/li>\n\n\n\n<li>alimentaci\u00f3n inapropiada (en caso de intolerancias, alergias)<\/li>\n\n\n\n<li>intoxicaci\u00f3n por alimentos (por ejemplo, por g\u00e9rmenes de salmonela)<\/li>\n\n\n\n<li>abuso de alcohol, drogas y ciertos medicamentos<\/li>\n\n\n\n<li>detonantes psicol\u00f3gicos (por ejemplo, estr\u00e9s permanente)<\/li>\n\n\n\n<li>ingesta medicamentos (incluyendo antibi\u00f3ticos o cortisona)<\/li>\n<\/ol>\n\n\n\n<p>Las <strong>inflamaciones agudas o cr\u00f3nicas,<\/strong> \u2013 por ejemplo en el intestino grueso \u2013 a menudo se presentan con dolor, lo que dificulta la vida cotidiana de las personas afectadas.En particular, <strong>el estr\u00e9s a largo plazo<\/strong> puede hacer que el tracto gastrointestinal haga menos trabajo. En el caso de situaciones de peligro repentino o desaf\u00edos temporales, esto sucede, ya que de esta manera el cuerpo proporciona m\u00e1s rendimiento a la circulaci\u00f3n y al cerebro en situaciones de estr\u00e9s. Cuando el estr\u00e9s ha terminado, por ejemplo despu\u00e9s de una prueba, el rendimiento normal del intestino regresa: la sensaci\u00f3n de hambre regresa, las n\u00e1useas desaparecen. Por otro lado, si est\u00e1s permanentemente estresado\/a, esto puede da\u00f1ar las defensas inmunol\u00f3gicas del tracto gastrointestinal a largo plazo y hacerlo <strong>vulnerable a las bacterias y virus da\u00f1inos<\/strong>. Una posible consecuencia es un intestino inflamado y muy doloroso<\/p>\n\n\n\n<figure class=\"wp-block-image size-large\"><img loading=\"lazy\" decoding=\"async\" width=\"1024\" height=\"682\" src=\"http:\/\/biomes.world\/wp-content\/uploads\/2019\/01\/Was_haben_chronische_Darmerkrankungen-1024x682.jpg\" alt=\"Was haben chronische Darmerkrankungen mit Bakterien zu tun\" class=\"wp-image-512081\" srcset=\"https:\/\/biomes.world\/wp-content\/uploads\/2019\/01\/Was_haben_chronische_Darmerkrankungen-1024x682.jpg 1024w, https:\/\/biomes.world\/wp-content\/uploads\/2019\/01\/Was_haben_chronische_Darmerkrankungen-300x200.jpg 300w, https:\/\/biomes.world\/wp-content\/uploads\/2019\/01\/Was_haben_chronische_Darmerkrankungen-768x512.jpg 768w, https:\/\/biomes.world\/wp-content\/uploads\/2019\/01\/Was_haben_chronische_Darmerkrankungen-1536x1024.jpg 1536w, https:\/\/biomes.world\/wp-content\/uploads\/2019\/01\/Was_haben_chronische_Darmerkrankungen-1440x960.jpg 1440w, https:\/\/biomes.world\/wp-content\/uploads\/2019\/01\/Was_haben_chronische_Darmerkrankungen-250x167.jpg 250w, https:\/\/biomes.world\/wp-content\/uploads\/2019\/01\/Was_haben_chronische_Darmerkrankungen.jpg 2000w\" sizes=\"auto, (max-width: 1024px) 100vw, 1024px\" \/><figcaption class=\"wp-element-caption\">Girl lying on the sofa having stomach ache<\/figcaption><\/figure>\n\n\n\n<h2 class=\"wp-block-heading\" id=\"h-enfermedades-inflamatorias-intestinales-cuales-son-las-diferencias\">Enfermedades inflamatorias intestinales: \u00bfCu\u00e1les son las diferencias?<\/h2>\n\n\n\n<p>Puede ser bacterial o viral o por otras causas: Las inflamaciones de los intestinos se manifiestan de manera diferente en cada persona afectada y a menudo progresan de maneras muy diferentes. Un diagn\u00f3stico cuidadoso es importante para que las inflamaciones intestinales agudas no se vuelvan cr\u00f3nicas en alg\u00fan momento. El desencadenante m\u00e1s frecuente de las inflamaciones agudas en los intestinos es el consumo de alimentos malos o infectados con pat\u00f3genos. Por ejemplo,&nbsp;<a href=\"http:\/\/biomes.world\/es\/cosas-a-saber\/intestino\/enfermedades-intestinales-cronicas\/enfermedad-crohn\/enfermedad-crohn-recaida\/\" target=\"_blank\" rel=\"noreferrer noopener\">la enfermedad de Crohn<\/a>&nbsp;o&nbsp;<a href=\"http:\/\/biomes.world\/es\/cosas-a-saber\/intestino\/enfermedades-intestinales-cronicas\/colitis-ulcerosa\/\" target=\"_blank\" rel=\"noreferrer noopener\">colitis ulcerosa<\/a>&nbsp;pertenecen a las&nbsp;<strong>enfermedades intestinales cr\u00f3nicas<\/strong>.<\/p>\n\n\n\n<p>La gravedad de la&nbsp;<a href=\"http:\/\/biomes.world\/es\/cosas-a-saber\/intestino\/enfermedades-intestinales\/\" target=\"_blank\" rel=\"noreferrer noopener\">enfermedad intestinal<\/a>&nbsp;tambi\u00e9n influye en qu\u00e9 tipos de tratamiento se consideran adecuados: en el caso de una&nbsp;<strong>inflamaci\u00f3n intestinal leve&nbsp;<\/strong>reposo en cama, t\u00e9, comida ligera, una bolsa de agua caliente y beber mucho l\u00edquido pueden ser suficientes para la recuperaci\u00f3n. Si es una&nbsp;<strong>inflamaci\u00f3n intestinal grave<\/strong>, se suelen utilizar medicamentos \u2013 por ejemplo, antibi\u00f3ticos para la inflamaci\u00f3n bacteriana, cortisona, anticonvulsivos o analg\u00e9sicos. Adem\u00e1s, dependiendo del diagn\u00f3stico, un cambio en la dieta puede tener un efecto positivo en la salud intestinal.<\/p>\n\n\n\n<h2 class=\"wp-block-heading\" id=\"h-posibles-pasos-para-el-tratamiento-de-la-inflamacion-intestinal\">Posibles pasos para el tratamiento de la inflamaci\u00f3n intestinal<\/h2>\n\n\n\n<p>Dado que muchas enfermedades intestinales son similares en sus s\u00edntomas, se necesitan varios ex\u00e1menes en caso de duda para llegar a un resultado preciso. Una conversaci\u00f3n minuciosa entre el paciente y el m\u00e9dico que lo trata es particularmente importante. Si la persona afectada describe sus s\u00edntomas con precisi\u00f3n, el m\u00e9dico probablemente podr\u00e1 sacar las primeras conclusiones sobre las posibles causas de la inflamaci\u00f3n. Seguido de esto, el m\u00e9dico realiza un <strong>escaneo externo del tracto gastrointestinal<\/strong>. Si se siente endurecido all\u00ed, esto puede ser indicio de que hay \u00e1reas inflamadas. Para obtener resultados m\u00e1s detallados, se realiza un examen <strong>con un dispositivo de ultrasonido<\/strong>.<\/p>\n\n\n\n<p>Esto es seguido por una <strong>prueba de sangre<\/strong> y una <strong>prueba de heces<\/strong> para determinar cualquier discrepancia. Una <strong>gastroscopia o colonoscopia<\/strong> ayuda a localizar anomal\u00edas previamente diagnosticadas y, en caso de ser necesario, a tomar muestras de las zonas correspondientes para realizar un examen en el laboratorio.<\/p>\n\n\n<div\n    id=\"hero-teaser-block_a220663cd39eab7628f105f2db0435f8\"\n    class=\"hero-teaser site-block\"\n>\n    <div class=\"hero-teaser__media\">\n        <img decoding=\"async\"\n            src=\"https:\/\/biomes.world\/wp-content\/uploads\/2021\/09\/side_voller_inhalt_ES-1600x650.jpg\"\n            alt=\"\"\n            srcset=\"https:\/\/biomes.world\/wp-content\/uploads\/2021\/09\/side_voller_inhalt_ES-300x169.jpg 300w, https:\/\/biomes.world\/wp-content\/uploads\/2021\/09\/side_voller_inhalt_ES-1024x576.jpg 1024w, https:\/\/biomes.world\/wp-content\/uploads\/2021\/09\/side_voller_inhalt_ES-768x432.jpg 768w, https:\/\/biomes.world\/wp-content\/uploads\/2021\/09\/side_voller_inhalt_ES-1536x864.jpg 1536w, https:\/\/biomes.world\/wp-content\/uploads\/2021\/09\/side_voller_inhalt_ES-250x141.jpg 250w, https:\/\/biomes.world\/wp-content\/uploads\/2021\/09\/side_voller_inhalt_ES.jpg 1920w\"\n            sizes=\"(max-width: 30em) 100vw, (max-width: 48em) 100vw, (max-width: 62em) 100vw, (max-width: 75em) 100vw, 1400px\t\"\n        >\n    <\/div>\n    <div class=\"hero-teaser__header\">\n        <div class=\"hero-teaser__col column\">\n            <h2 class=\"hero-teaser__title\">\n                <span>M\u00e1s informaci\u00f3n sobre INTEST.pro<\/span>\n                El test intestinal de BIOMES            <\/h2>\n            \n\n<p>\u00bfC\u00f3mo analizamos tu flora intestinal? \u00bfQu\u00e9 incluye exactamente la prueba? \u00bfD\u00f3nde puedes comprar <strong>INTEST.<\/strong>pro?<br>\u00bfY c\u00f3mo protegemos tus datos?<\/p>\n\n\n\n<div class=\"wp-block-buttons is-layout-flex wp-block-buttons-is-layout-flex\">\n<div class=\"wp-block-button\"><a class=\"wp-block-button__link wp-element-button\" href=\"https:\/\/biomes-salued.es\" target=\"_blank\" rel=\"noreferrer noopener\">Informaci\u00f3n detallada<\/a><\/div>\n<\/div>\n\n        <\/div>\n    <\/div>\n<\/div>\n\n\n\n<ul class=\"wp-block-list\">\n<li><a href=\"https:\/\/www.aerzteblatt.de\/archiv\/173706\/Chronisch-entzuendliche-Darm%C2%ADer%C2%ADkrank%C2%ADungen\" rel=\"nofollow\">Chronisch entz\u00fcndliche Darmerkrankungen (aerzteblatt.de)<\/a><\/li>\n\n\n\n<li>Forbes A, Escher J, Hebuterne X, et al. (2017) ESPEN guideline: Clinical nutrition in inflammatory bowel disease. <em>Clin Nutr<\/em>.;36(2):321-347.<\/li>\n\n\n\n<li><a href=\"https:\/\/www.uhhospitals.org\/services\/Digestive-health-services\/Conditions-and-treatments\/small-and-large-intestine\/inflammatory-bowel-disease\/diet-guide\" rel=\"nofollow\">Inflammatory Bowel Disease Diet | Foods to Avoid with Inflammatory Bowel Disease &amp; IBD Diet Plans &#8211; Cleveland, Ohio | University Hospitals (uhhospitals.org)<\/a><\/li>\n\n\n\n<li>Prince A., et. Al. (2016) Fermentable Carbohydrate Restriction (Low FODMAP Diet) in Clinical Practice Improves Functional Gastrointestinal Symptoms in Patients with Inflammatory Bowel Disease,&nbsp;<em>Inflammatory Bowel Diseases<\/em>, Volume 22, Issue 5, Pages 1129\u20131136,<\/li>\n\n\n\n<li>Sartor RB. (2008) Microbial influences in inflammatory bowel diseases. <em>Gastroenterology<\/em>.;134(2):577-94. doi: <a href=\"https:\/\/doi.org\/10.1053\/j.gastro.2007.11.059\" target=\"_blank\" rel=\"noreferrer noopener nofollow\">10.1053\/j.gastro.2007.11.059<\/a><\/li>\n\n\n\n<li>Bischoff S, Koletzko B, Lochs H, Meier R, und das DGEM Steering Committee. (2014) S3-Leitlinie der Deutschen Gesellschaft f\u00fcr Ern\u00e4hrungsmedizin (DGEM) in Zusammenarbeit mit der Gesellschaft f\u00fcr klinische Ern\u00e4hrung der Schweiz (GESKES), der \u00d6sterreichischen Arbeitsgemeinschaft f\u00fcr klinische Ern\u00e4hrung (AKE) und der Deutsche Gesellschaft f\u00fcr Gastroenterologie, Verdauungs- und Stoffwechselkrankheiten (DGVS). <em>Aktuell Ernahrungsmed<\/em>. ;39(03):e72-e98. doi:10.1055\/s-0034-1370084<\/li>\n<\/ul>\n","protected":false},"excerpt":{"rendered":"<p>Categoria: Inflamacion Intestinal Las personas que con frecuencia tienen el intestino inflamado saben que a menudo es dif\u00edcil encontrar la causa exacta del dolor abdominal, los calambres o la diarrea. A menudo son necesarios m\u00faltiples ex\u00e1menes para hacer un diagn\u00f3stico exacto. Detr\u00e1s de tales molestias intestinales no necesariamente se encuentra una enfermedad grave. Tambi\u00e9n muchas [&#8230;]<\/p>\n","protected":false},"author":3168,"featured_media":0,"parent":592836,"menu_order":0,"comment_status":"closed","ping_status":"closed","template":"","meta":{"_acf_changed":false,"footnotes":""},"class_list":["post-593580","page","type-page","status-publish","hentry"],"acf":[],"yoast_head":"<!-- This site is optimized with the Yoast SEO Premium plugin v26.2 (Yoast SEO v27.2) - https:\/\/yoast.com\/product\/yoast-seo-premium-wordpress\/ -->\n<title>Categoria: Inflamacion Intestinal - BIOMES - Feel better<\/title>\n<meta name=\"description\" content=\"La gastroenteritis puede tener muchas causas. Una prueba de heces puede contribuir al diagn\u00f3stico de un intestino inflamado.\" \/>\n<meta name=\"robots\" content=\"index, follow, max-snippet:-1, max-image-preview:large, max-video-preview:-1\" \/>\n<link rel=\"canonical\" href=\"https:\/\/biomes.world\/es\/cosas-a-saber\/intestino\/inflamacion-intestinal\/\" \/>\n<meta property=\"og:locale\" content=\"es_ES\" \/>\n<meta property=\"og:type\" content=\"article\" \/>\n<meta property=\"og:title\" content=\"Categoria: Inflamacion Intestinal\" \/>\n<meta property=\"og:description\" content=\"La gastroenteritis puede tener muchas causas. Una prueba de heces puede contribuir al diagn\u00f3stico de un intestino inflamado.\" \/>\n<meta property=\"og:url\" content=\"https:\/\/biomes.world\/es\/cosas-a-saber\/intestino\/inflamacion-intestinal\/\" \/>\n<meta property=\"og:site_name\" content=\"BIOMES - Feel better\" \/>\n<meta property=\"article:publisher\" content=\"https:\/\/de-de.facebook.com\/BIOMES.world\/\" \/>\n<meta property=\"article:modified_time\" content=\"2023-05-11T16:53:54+00:00\" \/>\n<meta property=\"og:image\" content=\"http:\/\/biomes.world\/wp-content\/uploads\/2019\/01\/Was_haben_chronische_Darmerkrankungen-1024x682.jpg\" \/>\n<meta name=\"twitter:card\" content=\"summary_large_image\" \/>\n<meta name=\"twitter:label1\" content=\"Tiempo de lectura\" \/>\n\t<meta name=\"twitter:data1\" content=\"5 minutos\" \/>\n<script type=\"application\/ld+json\" class=\"yoast-schema-graph\">{\"@context\":\"https:\/\/schema.org\",\"@graph\":[{\"@type\":\"WebPage\",\"@id\":\"https:\/\/biomes.world\/es\/cosas-a-saber\/intestino\/inflamacion-intestinal\/\",\"url\":\"https:\/\/biomes.world\/es\/cosas-a-saber\/intestino\/inflamacion-intestinal\/\",\"name\":\"Categoria: Inflamacion Intestinal - BIOMES - Feel better\",\"isPartOf\":{\"@id\":\"https:\/\/biomes.world\/es\/#website\"},\"primaryImageOfPage\":{\"@id\":\"https:\/\/biomes.world\/es\/cosas-a-saber\/intestino\/inflamacion-intestinal\/#primaryimage\"},\"image\":{\"@id\":\"https:\/\/biomes.world\/es\/cosas-a-saber\/intestino\/inflamacion-intestinal\/#primaryimage\"},\"thumbnailUrl\":\"http:\/\/biomes.world\/wp-content\/uploads\/2019\/01\/Was_haben_chronische_Darmerkrankungen-1024x682.jpg\",\"datePublished\":\"2022-06-21T15:12:21+00:00\",\"dateModified\":\"2023-05-11T16:53:54+00:00\",\"description\":\"La gastroenteritis puede tener muchas causas. Una prueba de heces puede contribuir al diagn\u00f3stico de un intestino inflamado.\",\"breadcrumb\":{\"@id\":\"https:\/\/biomes.world\/es\/cosas-a-saber\/intestino\/inflamacion-intestinal\/#breadcrumb\"},\"inLanguage\":\"es\",\"potentialAction\":[{\"@type\":\"ReadAction\",\"target\":[\"https:\/\/biomes.world\/es\/cosas-a-saber\/intestino\/inflamacion-intestinal\/\"]}]},{\"@type\":\"ImageObject\",\"inLanguage\":\"es\",\"@id\":\"https:\/\/biomes.world\/es\/cosas-a-saber\/intestino\/inflamacion-intestinal\/#primaryimage\",\"url\":\"http:\/\/biomes.world\/wp-content\/uploads\/2019\/01\/Was_haben_chronische_Darmerkrankungen-1024x682.jpg\",\"contentUrl\":\"http:\/\/biomes.world\/wp-content\/uploads\/2019\/01\/Was_haben_chronische_Darmerkrankungen-1024x682.jpg\"},{\"@type\":\"BreadcrumbList\",\"@id\":\"https:\/\/biomes.world\/es\/cosas-a-saber\/intestino\/inflamacion-intestinal\/#breadcrumb\",\"itemListElement\":[{\"@type\":\"ListItem\",\"position\":1,\"name\":\"Home\",\"item\":\"https:\/\/biomes.world\/es\/\"},{\"@type\":\"ListItem\",\"position\":2,\"name\":\"My Health, My Life\",\"item\":\"https:\/\/biomes.world\/es\/cosas-a-saber\/\"},{\"@type\":\"ListItem\",\"position\":3,\"name\":\"Categoria: Intestino\",\"item\":\"https:\/\/biomes.world\/es\/cosas-a-saber\/intestino\/\"},{\"@type\":\"ListItem\",\"position\":4,\"name\":\"Categoria: Inflamacion Intestinal\"}]},{\"@type\":\"WebSite\",\"@id\":\"https:\/\/biomes.world\/es\/#website\",\"url\":\"https:\/\/biomes.world\/es\/\",\"name\":\"BIOMES - Feel better\",\"description\":\"Cutting-edge biotechnology used to help people\",\"publisher\":{\"@id\":\"https:\/\/biomes.world\/es\/#organization\"},\"potentialAction\":[{\"@type\":\"SearchAction\",\"target\":{\"@type\":\"EntryPoint\",\"urlTemplate\":\"https:\/\/biomes.world\/es\/?s={search_term_string}\"},\"query-input\":{\"@type\":\"PropertyValueSpecification\",\"valueRequired\":true,\"valueName\":\"search_term_string\"}}],\"inLanguage\":\"es\"},{\"@type\":\"Organization\",\"@id\":\"https:\/\/biomes.world\/es\/#organization\",\"name\":\"BIOMES 4.0 GmbH\",\"url\":\"https:\/\/biomes.world\/es\/\",\"logo\":{\"@type\":\"ImageObject\",\"inLanguage\":\"es\",\"@id\":\"https:\/\/biomes.world\/es\/#\/schema\/logo\/image\/\",\"url\":\"http:\/\/biomes.world\/wp-content\/uploads\/2024\/04\/biomes_logo_2021_RGB.png\",\"contentUrl\":\"http:\/\/biomes.world\/wp-content\/uploads\/2024\/04\/biomes_logo_2021_RGB.png\",\"width\":10040,\"height\":2599,\"caption\":\"BIOMES 4.0 GmbH\"},\"image\":{\"@id\":\"https:\/\/biomes.world\/es\/#\/schema\/logo\/image\/\"},\"sameAs\":[\"https:\/\/de-de.facebook.com\/BIOMES.world\/\",\"https:\/\/www.youtube.com\/@BIOMESworld\",\"https:\/\/www.instagram.com\/biomes_official\/\"],\"legalName\":\"BIOMES 4.0 GmbH\",\"duns\":\"314778637\"}]}<\/script>\n<!-- \/ Yoast SEO Premium plugin. -->","yoast_head_json":{"title":"Categoria: Inflamacion Intestinal - BIOMES - Feel better","description":"La gastroenteritis puede tener muchas causas. Una prueba de heces puede contribuir al diagn\u00f3stico de un intestino inflamado.","robots":{"index":"index","follow":"follow","max-snippet":"max-snippet:-1","max-image-preview":"max-image-preview:large","max-video-preview":"max-video-preview:-1"},"canonical":"https:\/\/biomes.world\/es\/cosas-a-saber\/intestino\/inflamacion-intestinal\/","og_locale":"es_ES","og_type":"article","og_title":"Categoria: Inflamacion Intestinal","og_description":"La gastroenteritis puede tener muchas causas. Una prueba de heces puede contribuir al diagn\u00f3stico de un intestino inflamado.","og_url":"https:\/\/biomes.world\/es\/cosas-a-saber\/intestino\/inflamacion-intestinal\/","og_site_name":"BIOMES - Feel better","article_publisher":"https:\/\/de-de.facebook.com\/BIOMES.world\/","article_modified_time":"2023-05-11T16:53:54+00:00","og_image":[{"url":"http:\/\/biomes.world\/wp-content\/uploads\/2019\/01\/Was_haben_chronische_Darmerkrankungen-1024x682.jpg","type":"","width":"","height":""}],"twitter_card":"summary_large_image","twitter_misc":{"Tiempo de lectura":"5 minutos"},"schema":{"@context":"https:\/\/schema.org","@graph":[{"@type":"WebPage","@id":"https:\/\/biomes.world\/es\/cosas-a-saber\/intestino\/inflamacion-intestinal\/","url":"https:\/\/biomes.world\/es\/cosas-a-saber\/intestino\/inflamacion-intestinal\/","name":"Categoria: Inflamacion Intestinal - BIOMES - Feel better","isPartOf":{"@id":"https:\/\/biomes.world\/es\/#website"},"primaryImageOfPage":{"@id":"https:\/\/biomes.world\/es\/cosas-a-saber\/intestino\/inflamacion-intestinal\/#primaryimage"},"image":{"@id":"https:\/\/biomes.world\/es\/cosas-a-saber\/intestino\/inflamacion-intestinal\/#primaryimage"},"thumbnailUrl":"http:\/\/biomes.world\/wp-content\/uploads\/2019\/01\/Was_haben_chronische_Darmerkrankungen-1024x682.jpg","datePublished":"2022-06-21T15:12:21+00:00","dateModified":"2023-05-11T16:53:54+00:00","description":"La gastroenteritis puede tener muchas causas. Una prueba de heces puede contribuir al diagn\u00f3stico de un intestino inflamado.","breadcrumb":{"@id":"https:\/\/biomes.world\/es\/cosas-a-saber\/intestino\/inflamacion-intestinal\/#breadcrumb"},"inLanguage":"es","potentialAction":[{"@type":"ReadAction","target":["https:\/\/biomes.world\/es\/cosas-a-saber\/intestino\/inflamacion-intestinal\/"]}]},{"@type":"ImageObject","inLanguage":"es","@id":"https:\/\/biomes.world\/es\/cosas-a-saber\/intestino\/inflamacion-intestinal\/#primaryimage","url":"http:\/\/biomes.world\/wp-content\/uploads\/2019\/01\/Was_haben_chronische_Darmerkrankungen-1024x682.jpg","contentUrl":"http:\/\/biomes.world\/wp-content\/uploads\/2019\/01\/Was_haben_chronische_Darmerkrankungen-1024x682.jpg"},{"@type":"BreadcrumbList","@id":"https:\/\/biomes.world\/es\/cosas-a-saber\/intestino\/inflamacion-intestinal\/#breadcrumb","itemListElement":[{"@type":"ListItem","position":1,"name":"Home","item":"https:\/\/biomes.world\/es\/"},{"@type":"ListItem","position":2,"name":"My Health, My Life","item":"https:\/\/biomes.world\/es\/cosas-a-saber\/"},{"@type":"ListItem","position":3,"name":"Categoria: Intestino","item":"https:\/\/biomes.world\/es\/cosas-a-saber\/intestino\/"},{"@type":"ListItem","position":4,"name":"Categoria: Inflamacion Intestinal"}]},{"@type":"WebSite","@id":"https:\/\/biomes.world\/es\/#website","url":"https:\/\/biomes.world\/es\/","name":"BIOMES - Feel better","description":"Cutting-edge biotechnology used to help people","publisher":{"@id":"https:\/\/biomes.world\/es\/#organization"},"potentialAction":[{"@type":"SearchAction","target":{"@type":"EntryPoint","urlTemplate":"https:\/\/biomes.world\/es\/?s={search_term_string}"},"query-input":{"@type":"PropertyValueSpecification","valueRequired":true,"valueName":"search_term_string"}}],"inLanguage":"es"},{"@type":"Organization","@id":"https:\/\/biomes.world\/es\/#organization","name":"BIOMES 4.0 GmbH","url":"https:\/\/biomes.world\/es\/","logo":{"@type":"ImageObject","inLanguage":"es","@id":"https:\/\/biomes.world\/es\/#\/schema\/logo\/image\/","url":"http:\/\/biomes.world\/wp-content\/uploads\/2024\/04\/biomes_logo_2021_RGB.png","contentUrl":"http:\/\/biomes.world\/wp-content\/uploads\/2024\/04\/biomes_logo_2021_RGB.png","width":10040,"height":2599,"caption":"BIOMES 4.0 GmbH"},"image":{"@id":"https:\/\/biomes.world\/es\/#\/schema\/logo\/image\/"},"sameAs":["https:\/\/de-de.facebook.com\/BIOMES.world\/","https:\/\/www.youtube.com\/@BIOMESworld","https:\/\/www.instagram.com\/biomes_official\/"],"legalName":"BIOMES 4.0 GmbH","duns":"314778637"}]}},"_links":{"self":[{"href":"https:\/\/biomes.world\/es\/wp-json\/wp\/v2\/pages\/593580","targetHints":{"allow":["GET"]}}],"collection":[{"href":"https:\/\/biomes.world\/es\/wp-json\/wp\/v2\/pages"}],"about":[{"href":"https:\/\/biomes.world\/es\/wp-json\/wp\/v2\/types\/page"}],"author":[{"embeddable":true,"href":"https:\/\/biomes.world\/es\/wp-json\/wp\/v2\/users\/3168"}],"replies":[{"embeddable":true,"href":"https:\/\/biomes.world\/es\/wp-json\/wp\/v2\/comments?post=593580"}],"version-history":[{"count":3,"href":"https:\/\/biomes.world\/es\/wp-json\/wp\/v2\/pages\/593580\/revisions"}],"predecessor-version":[{"id":616598,"href":"https:\/\/biomes.world\/es\/wp-json\/wp\/v2\/pages\/593580\/revisions\/616598"}],"up":[{"embeddable":true,"href":"https:\/\/biomes.world\/es\/wp-json\/wp\/v2\/pages\/592836"}],"wp:attachment":[{"href":"https:\/\/biomes.world\/es\/wp-json\/wp\/v2\/media?parent=593580"}],"curies":[{"name":"wp","href":"https:\/\/api.w.org\/{rel}","templated":true}]}}