{"id":593450,"date":"2022-06-21T16:58:21","date_gmt":"2022-06-21T14:58:21","guid":{"rendered":"http:\/\/biomes.world\/te-interesa-saberlo\/intestino\/darmbakterien-2\/"},"modified":"2023-10-06T11:04:40","modified_gmt":"2023-10-06T09:04:40","slug":"bacterias-intestinales","status":"publish","type":"page","link":"https:\/\/biomes.world\/es\/cosas-a-saber\/intestino\/bacterias-intestinales\/","title":{"rendered":"Categoria: Bacterias Intestinales"},"content":{"rendered":"\n<h1 class=\"wp-block-heading\" id=\"h-bacterias-intestinales\">Bacterias Intestinales<\/h1>\n\n\n\n<p>En y sobre nuestros cuerpos viven m\u00e1s microorganismos de los que tenemos en nuestras celulas corporales. Esto no es motivo de preocupaci\u00f3n, al contrario: estos peque\u00f1os hu\u00e9spedes forman el microbioma humano que nos ayuda a mantenernos sanos. Los <strong>microorganismos en el intestino<\/strong> son particularmente importantes para cada ser humano, y se conoce como la flora intestinal en su totalidad. Incluyen muchas bacterias que, por ejemplo, apoyan los procesos metab\u00f3licos, ayudan a digerir los alimentos o apoyan sistema inmunol\u00f3gico.As\u00ed que cuando hablamos de bacterias intestinales, nos referimos a peque\u00f1os ayudantes que han entrado en <strong>una simbiosis saludable<\/strong> con nuestros cuerpos. La investigaci\u00f3n sobre las bacterias en el intestino es todav\u00eda muy reciente, pero se ha demostrado que la composici\u00f3n de la flora intestinal influye en todo el organismo.<\/p>\n\n\n\n<h2 class=\"wp-block-heading\" id=\"h-de-donde-provienen-las-bacterias-en-el-intestino\">\u00bfDe d\u00f3nde provienen las bacterias en el intestino?<\/h2>\n\n\n\n<p>La flora intestinal s\u00f3lo se desarrolla despu\u00e9s de que una persona nace. Este proceso generalmente comienza cuando el beb\u00e9 pasa por el canal de parto. Absorbe las bacterias de la madre y comienza a formar su propio microbioma. En los primeros a\u00f1os de vida, la flora intestinal tambi\u00e9n se desarrolla como parte de este proceso, el cual est\u00e1 <strong>influenciado por muchos factores<\/strong>, especialmente en la ni\u00f1ez. Esto incluye, entre otras cosas:<\/p>\n\n\n\n<ul class=\"wp-block-list\">\n<li>leche materna<\/li>\n\n\n\n<li>nutrici\u00f3n<\/li>\n\n\n\n<li>hermanos<\/li>\n\n\n\n<li>higiene<\/li>\n\n\n\n<li>enfermedades<\/li>\n\n\n\n<li>medicamentos<\/li>\n<\/ul>\n\n\n\n<p>El microbioma ya definido de cada persona es <strong>tan individual como su huella dactilar<\/strong>, pero similar al de sus padres y hermanos. Puede cambiar a lo largo de la vida, esto a su vez, puede conducir a enfermedades o ser el resultado de una enfermedad, pero tambi\u00e9n puede ser simplemente una adaptaci\u00f3n a condiciones de vida y dietas cambiantes.<\/p>\n\n\n\n<h2 class=\"wp-block-heading\" id=\"h-por-que-son-tan-importantes-las-bacterias-intestinales\">\u00bfPor qu\u00e9 son tan importantes las bacterias intestinales?<\/h2>\n\n\n\n<p>La ciencia a\u00fan no ha investigado exhaustivamente lo que los microorganismos efectivos del intestino pueden hacer en el cuerpo humano. Sin embargo, ya existen numerosos estudios cient\u00edficos y cl\u00ednicos que demuestran los <strong>efectos f\u00edsicos y psicol\u00f3gicos de la flora intestinal<\/strong> en los seres humanos. Por ejemplo, se est\u00e1 investigando si los microorganismos de nuestros intestinos se comunican con el cerebro a trav\u00e9s del sistema nervioso y, por lo tanto, proporcionan incentivos para la nutrici\u00f3n y el sistema inmunol\u00f3gico. Tambi\u00e9n hay cada vez m\u00e1s pruebas de que ciertas enfermedades est\u00e1n directamente relacionadas con el estado de la flora intestinal. Es seguro decir que una flora intestinal sana, en la que hay suficientes bacterias para realizar sus diversas tareas, es buena para todo el organismo.<\/p>\n\n\n\n<h2 class=\"wp-block-heading\" id=\"h-que-puedes-hacer-por-tus-bacteria-intestinales\">\u00bfQu\u00e9 puedes hacer por tus bacteria intestinales?<\/h2>\n\n\n\n<p>La composici\u00f3n ideal de bacterias intestinales y otros microorganismos no existe, porque cada ser humano tiene una <strong>flora intestinal individual<\/strong>. Por lo tanto la flora intestinal de dos personas sanas es siempre diferente. Esto explica, por ejemplo, por qu\u00e9 no todas las personas sanas toleran los mismos alimentos.Sin embargo, hay factores que influyen en el microbioma de cada intestino. Es cierto que los antibi\u00f3ticos alteran dr\u00e1sticamente la composici\u00f3n de las bacterias presentes y que su regeneraci\u00f3n toma alg\u00fan tiempo. Otras sustancias, como <strong>la fibra y los probi\u00f3ticos<\/strong>, pueden tener un efecto positivo sobre la flora intestinal. Aparte de estas afirmaciones muy generales, el cuidado de los microorganismos efectivos en el intestino es siempre algo muy individual.Por lo tanto, si deseas hacer algo bueno para tu salud intestinal, primero debes averiguar <strong>c\u00f3mo se encuentra tu microbioma personal en el est\u00f3mago<\/strong>. El <a href=\"https:\/\/biomes-salued.es\">test intestinal <strong>INTEST.<\/strong>pro<\/a> es la manera ideal para hacerlo, ya que muestra en detalle c\u00f3mo funciona tu propia flora intestinal &#8211; de ella se pueden sacar conclusiones que las bacterias en el intestino podr\u00edan necesitar para cumplir mejor sus diversas tareas.<\/p>\n\n\n<div\n    id=\"hero-teaser-block_2c1c4b899a9965d635fe3c81941ff13e\"\n    class=\"hero-teaser site-block\"\n>\n    <div class=\"hero-teaser__media\">\n        <img decoding=\"async\"\n            src=\"https:\/\/biomes.world\/wp-content\/uploads\/2021\/06\/DSCF2639-scaled-1600x650.jpg\"\n            alt=\"\"\n            srcset=\"https:\/\/biomes.world\/wp-content\/uploads\/2021\/06\/DSCF2639-scaled-300x200.jpg 300w, https:\/\/biomes.world\/wp-content\/uploads\/2021\/06\/DSCF2639-scaled-1024x683.jpg 1024w, https:\/\/biomes.world\/wp-content\/uploads\/2021\/06\/DSCF2639-scaled-768x512.jpg 768w, https:\/\/biomes.world\/wp-content\/uploads\/2021\/06\/DSCF2639-scaled-1536x1024.jpg 1536w, https:\/\/biomes.world\/wp-content\/uploads\/2021\/06\/DSCF2639-scaled-2048x1366.jpg 2048w, https:\/\/biomes.world\/wp-content\/uploads\/2021\/06\/DSCF2639-scaled-1440x960.jpg 1440w, https:\/\/biomes.world\/wp-content\/uploads\/2021\/06\/DSCF2639-scaled-250x167.jpg 250w\"\n            sizes=\"(max-width: 30em) 100vw, (max-width: 48em) 100vw, (max-width: 62em) 100vw, (max-width: 75em) 100vw, 1400px\t\"\n        >\n    <\/div>\n    <div class=\"hero-teaser__header\">\n        <div class=\"hero-teaser__col column\">\n            <h2 class=\"hero-teaser__title\">\n                <span>M\u00e1s informaci\u00f3n sobre INTEST.pro<\/span>\n                El test intestinal de BIOMES            <\/h2>\n            \n\n<p>\u00bfC\u00f3mo analizamos tu flora intestinal? \u00bfQu\u00e9 incluye exactamente la prueba? \u00bfD\u00f3nde puedes comprar <strong>INTEST.<\/strong>pro?<br>\u00bfY c\u00f3mo protegemos tus datos?<\/p>\n\n\n\n<div class=\"wp-block-buttons is-layout-flex wp-block-buttons-is-layout-flex\">\n<div class=\"wp-block-button\"><a class=\"wp-block-button__link wp-element-button\" href=\"https:\/\/biomes-salued.es?wcacra=6995858\" target=\"_blank\" rel=\"noreferrer noopener\">Informaci\u00f3n detallada<\/a><\/div>\n<\/div>\n\n        <\/div>\n    <\/div>\n<\/div>\n","protected":false},"excerpt":{"rendered":"<p>Bacterias Intestinales En y sobre nuestros cuerpos viven m\u00e1s microorganismos de los que tenemos en nuestras celulas corporales. Esto no es motivo de preocupaci\u00f3n, al contrario: estos peque\u00f1os hu\u00e9spedes forman el microbioma humano que nos ayuda a mantenernos sanos. Los microorganismos en el intestino son particularmente importantes para cada ser humano, y se conoce como [&#8230;]<\/p>\n","protected":false},"author":3168,"featured_media":0,"parent":592836,"menu_order":0,"comment_status":"closed","ping_status":"closed","template":"","meta":{"_acf_changed":false,"footnotes":""},"class_list":["post-593450","page","type-page","status-publish","hentry"],"acf":[],"yoast_head":"<!-- This site is optimized with the Yoast SEO plugin v27.4 - https:\/\/yoast.com\/product\/yoast-seo-wordpress\/ -->\n<title>Categoria: Bacterias Intestinales - BIOMES - Feel better<\/title>\n<meta name=\"description\" content=\"Las bacterias en el intestino son un componente importante del microbioma humano y realizan muchas tareas que contribuyen a la salud.\" \/>\n<meta name=\"robots\" content=\"index, follow, max-snippet:-1, max-image-preview:large, max-video-preview:-1\" \/>\n<link rel=\"canonical\" href=\"https:\/\/biomes.world\/es\/cosas-a-saber\/intestino\/bacterias-intestinales\/\" \/>\n<meta property=\"og:locale\" content=\"es_ES\" \/>\n<meta property=\"og:type\" content=\"article\" \/>\n<meta property=\"og:title\" content=\"Categoria: Bacterias Intestinales - BIOMES - Feel better\" \/>\n<meta property=\"og:description\" content=\"Las bacterias en el intestino son un componente importante del microbioma humano y realizan muchas tareas que contribuyen a la salud.\" \/>\n<meta property=\"og:url\" content=\"https:\/\/biomes.world\/es\/cosas-a-saber\/intestino\/bacterias-intestinales\/\" \/>\n<meta property=\"og:site_name\" content=\"BIOMES - Feel better\" \/>\n<meta property=\"article:publisher\" content=\"https:\/\/de-de.facebook.com\/BIOMES.world\/\" \/>\n<meta property=\"article:modified_time\" content=\"2023-10-06T09:04:40+00:00\" \/>\n<meta name=\"twitter:card\" content=\"summary_large_image\" \/>\n<meta name=\"twitter:label1\" content=\"Tiempo de lectura\" \/>\n\t<meta name=\"twitter:data1\" content=\"3 minutos\" \/>\n<script type=\"application\/ld+json\" class=\"yoast-schema-graph\">{\"@context\":\"https:\\\/\\\/schema.org\",\"@graph\":[{\"@type\":\"WebPage\",\"@id\":\"https:\\\/\\\/biomes.world\\\/es\\\/cosas-a-saber\\\/intestino\\\/bacterias-intestinales\\\/\",\"url\":\"https:\\\/\\\/biomes.world\\\/es\\\/cosas-a-saber\\\/intestino\\\/bacterias-intestinales\\\/\",\"name\":\"Categoria: Bacterias Intestinales - BIOMES - Feel better\",\"isPartOf\":{\"@id\":\"https:\\\/\\\/biomes.world\\\/es\\\/#website\"},\"datePublished\":\"2022-06-21T14:58:21+00:00\",\"dateModified\":\"2023-10-06T09:04:40+00:00\",\"description\":\"Las bacterias en el intestino son un componente importante del microbioma humano y realizan muchas tareas que contribuyen a la salud.\",\"breadcrumb\":{\"@id\":\"https:\\\/\\\/biomes.world\\\/es\\\/cosas-a-saber\\\/intestino\\\/bacterias-intestinales\\\/#breadcrumb\"},\"inLanguage\":\"es\",\"potentialAction\":[{\"@type\":\"ReadAction\",\"target\":[\"https:\\\/\\\/biomes.world\\\/es\\\/cosas-a-saber\\\/intestino\\\/bacterias-intestinales\\\/\"]}]},{\"@type\":\"BreadcrumbList\",\"@id\":\"https:\\\/\\\/biomes.world\\\/es\\\/cosas-a-saber\\\/intestino\\\/bacterias-intestinales\\\/#breadcrumb\",\"itemListElement\":[{\"@type\":\"ListItem\",\"position\":1,\"name\":\"Home\",\"item\":\"https:\\\/\\\/biomes.world\\\/es\\\/\"},{\"@type\":\"ListItem\",\"position\":2,\"name\":\"My Health, My Life\",\"item\":\"https:\\\/\\\/biomes.world\\\/es\\\/cosas-a-saber\\\/\"},{\"@type\":\"ListItem\",\"position\":3,\"name\":\"Categoria: Intestino\",\"item\":\"https:\\\/\\\/biomes.world\\\/es\\\/cosas-a-saber\\\/intestino\\\/\"},{\"@type\":\"ListItem\",\"position\":4,\"name\":\"Categoria: Bacterias Intestinales\"}]},{\"@type\":\"WebSite\",\"@id\":\"https:\\\/\\\/biomes.world\\\/es\\\/#website\",\"url\":\"https:\\\/\\\/biomes.world\\\/es\\\/\",\"name\":\"BIOMES - Feel better\",\"description\":\"Cutting-edge biotechnology used to help people\",\"publisher\":{\"@id\":\"https:\\\/\\\/biomes.world\\\/es\\\/#organization\"},\"potentialAction\":[{\"@type\":\"SearchAction\",\"target\":{\"@type\":\"EntryPoint\",\"urlTemplate\":\"https:\\\/\\\/biomes.world\\\/es\\\/?s={search_term_string}\"},\"query-input\":{\"@type\":\"PropertyValueSpecification\",\"valueRequired\":true,\"valueName\":\"search_term_string\"}}],\"inLanguage\":\"es\"},{\"@type\":\"Organization\",\"@id\":\"https:\\\/\\\/biomes.world\\\/es\\\/#organization\",\"name\":\"BIOMES 4.0 GmbH\",\"url\":\"https:\\\/\\\/biomes.world\\\/es\\\/\",\"logo\":{\"@type\":\"ImageObject\",\"inLanguage\":\"es\",\"@id\":\"https:\\\/\\\/biomes.world\\\/es\\\/#\\\/schema\\\/logo\\\/image\\\/\",\"url\":\"http:\\\/\\\/biomes.world\\\/wp-content\\\/uploads\\\/2024\\\/04\\\/biomes_logo_2021_RGB.png\",\"contentUrl\":\"http:\\\/\\\/biomes.world\\\/wp-content\\\/uploads\\\/2024\\\/04\\\/biomes_logo_2021_RGB.png\",\"width\":10040,\"height\":2599,\"caption\":\"BIOMES 4.0 GmbH\"},\"image\":{\"@id\":\"https:\\\/\\\/biomes.world\\\/es\\\/#\\\/schema\\\/logo\\\/image\\\/\"},\"sameAs\":[\"https:\\\/\\\/de-de.facebook.com\\\/BIOMES.world\\\/\",\"https:\\\/\\\/www.youtube.com\\\/@BIOMESworld\",\"https:\\\/\\\/www.instagram.com\\\/biomes_official\\\/\"]}]}<\/script>\n<!-- \/ Yoast SEO plugin. -->","yoast_head_json":{"title":"Categoria: Bacterias Intestinales - BIOMES - Feel better","description":"Las bacterias en el intestino son un componente importante del microbioma humano y realizan muchas tareas que contribuyen a la salud.","robots":{"index":"index","follow":"follow","max-snippet":"max-snippet:-1","max-image-preview":"max-image-preview:large","max-video-preview":"max-video-preview:-1"},"canonical":"https:\/\/biomes.world\/es\/cosas-a-saber\/intestino\/bacterias-intestinales\/","og_locale":"es_ES","og_type":"article","og_title":"Categoria: Bacterias Intestinales - BIOMES - Feel better","og_description":"Las bacterias en el intestino son un componente importante del microbioma humano y realizan muchas tareas que contribuyen a la salud.","og_url":"https:\/\/biomes.world\/es\/cosas-a-saber\/intestino\/bacterias-intestinales\/","og_site_name":"BIOMES - Feel better","article_publisher":"https:\/\/de-de.facebook.com\/BIOMES.world\/","article_modified_time":"2023-10-06T09:04:40+00:00","twitter_card":"summary_large_image","twitter_misc":{"Tiempo de lectura":"3 minutos"},"schema":{"@context":"https:\/\/schema.org","@graph":[{"@type":"WebPage","@id":"https:\/\/biomes.world\/es\/cosas-a-saber\/intestino\/bacterias-intestinales\/","url":"https:\/\/biomes.world\/es\/cosas-a-saber\/intestino\/bacterias-intestinales\/","name":"Categoria: Bacterias Intestinales - BIOMES - Feel better","isPartOf":{"@id":"https:\/\/biomes.world\/es\/#website"},"datePublished":"2022-06-21T14:58:21+00:00","dateModified":"2023-10-06T09:04:40+00:00","description":"Las bacterias en el intestino son un componente importante del microbioma humano y realizan muchas tareas que contribuyen a la salud.","breadcrumb":{"@id":"https:\/\/biomes.world\/es\/cosas-a-saber\/intestino\/bacterias-intestinales\/#breadcrumb"},"inLanguage":"es","potentialAction":[{"@type":"ReadAction","target":["https:\/\/biomes.world\/es\/cosas-a-saber\/intestino\/bacterias-intestinales\/"]}]},{"@type":"BreadcrumbList","@id":"https:\/\/biomes.world\/es\/cosas-a-saber\/intestino\/bacterias-intestinales\/#breadcrumb","itemListElement":[{"@type":"ListItem","position":1,"name":"Home","item":"https:\/\/biomes.world\/es\/"},{"@type":"ListItem","position":2,"name":"My Health, My Life","item":"https:\/\/biomes.world\/es\/cosas-a-saber\/"},{"@type":"ListItem","position":3,"name":"Categoria: Intestino","item":"https:\/\/biomes.world\/es\/cosas-a-saber\/intestino\/"},{"@type":"ListItem","position":4,"name":"Categoria: Bacterias Intestinales"}]},{"@type":"WebSite","@id":"https:\/\/biomes.world\/es\/#website","url":"https:\/\/biomes.world\/es\/","name":"BIOMES - Feel better","description":"Cutting-edge biotechnology used to help people","publisher":{"@id":"https:\/\/biomes.world\/es\/#organization"},"potentialAction":[{"@type":"SearchAction","target":{"@type":"EntryPoint","urlTemplate":"https:\/\/biomes.world\/es\/?s={search_term_string}"},"query-input":{"@type":"PropertyValueSpecification","valueRequired":true,"valueName":"search_term_string"}}],"inLanguage":"es"},{"@type":"Organization","@id":"https:\/\/biomes.world\/es\/#organization","name":"BIOMES 4.0 GmbH","url":"https:\/\/biomes.world\/es\/","logo":{"@type":"ImageObject","inLanguage":"es","@id":"https:\/\/biomes.world\/es\/#\/schema\/logo\/image\/","url":"http:\/\/biomes.world\/wp-content\/uploads\/2024\/04\/biomes_logo_2021_RGB.png","contentUrl":"http:\/\/biomes.world\/wp-content\/uploads\/2024\/04\/biomes_logo_2021_RGB.png","width":10040,"height":2599,"caption":"BIOMES 4.0 GmbH"},"image":{"@id":"https:\/\/biomes.world\/es\/#\/schema\/logo\/image\/"},"sameAs":["https:\/\/de-de.facebook.com\/BIOMES.world\/","https:\/\/www.youtube.com\/@BIOMESworld","https:\/\/www.instagram.com\/biomes_official\/"]}]}},"_links":{"self":[{"href":"https:\/\/biomes.world\/es\/wp-json\/wp\/v2\/pages\/593450","targetHints":{"allow":["GET"]}}],"collection":[{"href":"https:\/\/biomes.world\/es\/wp-json\/wp\/v2\/pages"}],"about":[{"href":"https:\/\/biomes.world\/es\/wp-json\/wp\/v2\/types\/page"}],"author":[{"embeddable":true,"href":"https:\/\/biomes.world\/es\/wp-json\/wp\/v2\/users\/3168"}],"replies":[{"embeddable":true,"href":"https:\/\/biomes.world\/es\/wp-json\/wp\/v2\/comments?post=593450"}],"version-history":[{"count":2,"href":"https:\/\/biomes.world\/es\/wp-json\/wp\/v2\/pages\/593450\/revisions"}],"predecessor-version":[{"id":624418,"href":"https:\/\/biomes.world\/es\/wp-json\/wp\/v2\/pages\/593450\/revisions\/624418"}],"up":[{"embeddable":true,"href":"https:\/\/biomes.world\/es\/wp-json\/wp\/v2\/pages\/592836"}],"wp:attachment":[{"href":"https:\/\/biomes.world\/es\/wp-json\/wp\/v2\/media?parent=593450"}],"curies":[{"name":"wp","href":"https:\/\/api.w.org\/{rel}","templated":true}]}}