{"id":592885,"date":"2022-06-21T16:33:17","date_gmt":"2022-06-21T14:33:17","guid":{"rendered":"http:\/\/biomes.world\/te-interesa-saberlo\/intestino\/enfermedades-intestinales-cronicas\/colitis-ulcerosa\/"},"modified":"2022-06-21T16:36:50","modified_gmt":"2022-06-21T14:36:50","slug":"colitis-ulcerosa","status":"publish","type":"page","link":"https:\/\/biomes.world\/es\/cosas-a-saber\/intestino\/enfermedades-intestinales-cronicas\/colitis-ulcerosa\/","title":{"rendered":"Categoria: Colitis Ulcerosa"},"content":{"rendered":"\n<h1 class=\"wp-block-heading\" id=\"h-que-es-la-colitis-ulcerosa\">\u00bfQu\u00e9 es la colitis ulcerosa?<\/h1>\n\n\n\n<p>Al igual que la&nbsp;<a href=\"http:\/\/biomes.world\/es\/cosas-a-saber\/intestino\/enfermedades-intestinales-cronicas\/enfermedad-crohn\/enfermedad-crohn-recaida\/\">enfermedad de Crohn<\/a>&nbsp;la colitis ulcerativa es una&nbsp;<strong>enfermedad intestinal inflamatoria cr\u00f3nica (EII)<\/strong>. La enfermedad suele presentarse por primera vez entre los 20 y 40 a\u00f1os de edad y luego se repite en&nbsp;episodios. En pocas palabras, la colitis ulcerosa causa inflamaci\u00f3n de la mucosa intestinal, lo que conduce a la formaci\u00f3n de \u00falceras. Durante una reca\u00edda la preocupaci\u00f3n sufre de&nbsp;<a href=\"http:\/\/biomes.world\/es\/cosas-a-saber\/intestino\/enfermedades-intestinales-cronicas\/colitis-ulcerosa\/sintomas\/\" target=\"_blank\" rel=\"noreferrer noopener\">s\u00edntomas<\/a>&nbsp;violentos que pueden influir fuertemente en la vida diaria. Las&nbsp;<a href=\"http:\/\/biomes.world\/es\/cosas-a-saber\/intestino\/enfermedades-intestinales-cronicas\/colitis-ulcerosa\/colitis-ulcerosa-causas\/\" target=\"_blank\" rel=\"noreferrer noopener\">causas<\/a>&nbsp;de esta enfermedad intestinal a\u00fan no han sido aclaradas de manera concluyente. Hay sin embargo teor\u00edas y afortunadamente tambi\u00e9n&nbsp;<a href=\"http:\/\/biomes.world\/es\/cosas-a-saber\/intestino\/enfermedades-intestinales-cronicas\/colitis-ulcerosa\/colitis-ulcerosa-terapia\/\" target=\"_blank\" rel=\"noreferrer noopener\">terapias<\/a>&nbsp;efectivas.&nbsp;<\/p>\n\n\n\n<h2 class=\"wp-block-heading\" id=\"h-colitis-ulcerosa-una-definicion\">Colitis ulcerosa: una definici\u00f3n<\/h2>\n\n\n\n<p>La enfermedad intestinal colitis ulcerosa se distingue, entre otras, por las siguientes caracter\u00edsticas:<\/p>\n\n\n\n<ul class=\"wp-block-list\"><li>la inflamaci\u00f3n generalmente s\u00f3lo afecta el colon,<\/li><li>el \u00e1rea inflamada en el intestino es continua,<\/li><li>la inflamaci\u00f3n afecta la capa superior del intestino,<\/li><\/ul>\n\n\n\n<p>De esta manera, la colitis ulcerosa se diferencia significativamente de la enfermedad intestinal m\u00e1s com\u00fan, <strong>la enfermedad de Crohn<\/strong>. Otras partes del sistema digestivo tambi\u00e9n pueden verse afectadas por la inflamaci\u00f3n. En la enfermedad de Crohn la inflamaci\u00f3n no se distribuye en una superficie continua y tambi\u00e9n afecta a las capas m\u00e1s profundas bajo la mucosa intestinal.<\/p>\n\n\n\n<h2 class=\"wp-block-heading\" id=\"h-como-se-manifiesta\">\u00bfC\u00f3mo se manifiesta?<\/h2>\n\n\n\n<p>Debido a que la colitis ulcerosa es una enfermedad que ocurre con reca\u00eddas, algunos pacientes pueden vivir sin ning\u00fan s\u00edntoma. Sin embargo, si se produce una reca\u00edda, puede manifestarse en muchos <strong>s\u00edntomas<\/strong> diferentes. Estos pueden incluir<\/p>\n\n\n\n<ol class=\"wp-block-list\"><li>Dolor y c\u00f3licos abdominales<\/li><li>Diarrea, a menudo con sangre<\/li><li>Fatiga<\/li><li>Dolor articular<\/li><li>Problemas con la piel o los ojos<\/li><li>P\u00e9rdida de peso<\/li><\/ol>\n\n\n\n<p>Por supuesto, todas estas quejas tambi\u00e9n pueden apuntar a otras enfermedades. Por lo tanto, siempre se debe determinar si se trata realmente de colitis ulcerosa <strong>junto con un m\u00e9dico<\/strong>.<\/p>\n\n\n\n<h2 class=\"wp-block-heading\" id=\"h-que-desencadenantes-existen-para-la-colitis-ulcerosa\">\u00bfQu\u00e9 desencadenantes existen para la colitis ulcerosa?<\/h2>\n\n\n\n<p>Las razones por las que alguien sufre de colitis ulcerosa a\u00fan no han sido investigadas exhaustivamente. Se considera cierto que en un paciente con colitis ulcerosa <strong>el sistema inmunol\u00f3gico<\/strong> no puede distinguir entre organismos buenos y malos en el intestino. Reacciona produciendo una inflamaci\u00f3n constante. Esta mala interpretaci\u00f3n puede ser causada por un defecto gen\u00e9tico, influencias ambientales o factores microbiol\u00f3gicos.<\/p>\n\n\n\n<p>Para una explicaci\u00f3n m\u00e1s detallada: Un&nbsp;<strong>defecto<\/strong>&nbsp;podr\u00eda, por ejemplo, ser un desencadenante para que ciertas bacterias en el intestino sean atacadas y la pared intestinal est\u00e9 menos protegida. Las&nbsp;<strong>influencias del entorno<\/strong>&nbsp;como la&nbsp;<a href=\"http:\/\/biomes.world\/es\/cosas-a-saber\/intestino\/enfermedades-intestinales-cronicas\/colitis-ulcerosa\/alimentacion\/\" target=\"_blank\" rel=\"noreferrer noopener\">alimentaci\u00f3n<\/a>&nbsp;y otras circunstancias de la vida son menos significativas durante el desarrollo, pero pueden tener un efecto sobre el curso de las enfermedades intestinales cr\u00f3nicas. Por lo tanto, es bastante sorprendente que enfermedades como la colitis ulcerosa se produzcan con mayor frecuencia en un entorno industrializado. As\u00ed, ciertos componentes de un estilo de vida t\u00edpico en el mundo moderno podr\u00edan favorecer el desarrollo de inflamaciones intestinales.<\/p>\n\n\n\n<p>Otra observaci\u00f3n relacionada es que los pacientes con colitis ulcerosa tienen un microbioma desequilibrado. Esto significa que hay m\u00e1s microorganismos da\u00f1inos que \u00fatiles en la flora intestinal. Este cambio desfavorable en el microbioma, tambi\u00e9n conocido como <strong>disbiosis microbiana<\/strong>, tambi\u00e9n podr\u00eda ser una causa de inflamaci\u00f3n intestinal permanente. Se manifiesta por el hecho de que ciertas bacterias intestinales se presentan con mayor frecuencia, mientras que otras est\u00e1n completamente ausentes o s\u00f3lo est\u00e1n presentes en muy peque\u00f1a medida.<\/p>\n\n\n\n<p>Un primer paso para saber si usted sufre de colitis ulcerosa puede ser hacer examinar su&nbsp;<strong>flora intestinal<\/strong>. Con el&nbsp;<a href=\"https:\/\/biomes-salued.es\" target=\"_blank\" rel=\"noreferrer noopener\"><strong>INTEST.<\/strong>pro<\/a>&nbsp;de&nbsp;<strong>BIOMES<\/strong>&nbsp;puedes aprender f\u00e1cilmente m\u00e1s sobre la composici\u00f3n de tu microbioma. Incluso recibir\u00e1s consejos sobre lo que puedes hacer por la salud de tus intestinos. Por supuesto, el examen no puede reemplazar un diagn\u00f3stico correcto de ciertas enfermedades por parte de un m\u00e9dico, pero puede revelarte muchas cosas sobre las afecciones en tu intestino.<\/p>\n\n\n\n<h2 class=\"wp-block-heading\" id=\"h-que-sigue-tras-una-sospecha-de-colitis-ulcerosa\">\u00bfQu\u00e9 sigue tras una sospecha de colitis-ulcerosa?<\/h2>\n\n\n\n<p>El primer paso, por supuesto, es hacer un diagn\u00f3stico m\u00e9dico. Esto puede consistir en un an\u00e1lisis de sangre o de heces. O se examina el intestino con la ayuda de una c\u00e1mara. Una vez que se ha diagnosticado la colitis ulcerosa, existen varios m\u00e9todos de tratamiento. Estos pueden incluir, por ejemplo,&nbsp;<strong><a href=\"http:\/\/biomes.world\/es\/cosas-a-saber\/intestino\/enfermedades-intestinales-cronicas\/colitis-ulcerosa\/colitis-ulcerosa-medicamentos\/\">medicinas<\/a><\/strong>, pero tambi\u00e9n un cambio en el estilo de vida. Tambi\u00e9n se ha logrado un \u00e9xito prometedor con el uso de&nbsp;<strong>cultivos bacterianos probi\u00f3ticos<\/strong>. Para la terapia es decisivo el grado de ataque de las mucosas intestinales y las partes del intestino afectadas, as\u00ed como el nivel de sufrimiento del paciente. No todas las colitis ulcerosas tienen el mismo curso \u2013 esto se tiene en cuenta al seleccionar las opciones de tratamiento.<\/p>\n\n\n<div\n    id=\"hero-teaser-block_60a3ac7ca1934\"\n    class=\"hero-teaser site-block\"\n>\n    <div class=\"hero-teaser__media\">\n        <img decoding=\"async\"\n            src=\"https:\/\/biomes.world\/wp-content\/uploads\/2019\/12\/Darmflora_Immunsystem_aus_dem_Bauch_heraus-1600x650.jpg\"\n            alt=\"\"\n            srcset=\"https:\/\/biomes.world\/wp-content\/uploads\/2019\/12\/Darmflora_Immunsystem_aus_dem_Bauch_heraus-300x169.jpg 300w, https:\/\/biomes.world\/wp-content\/uploads\/2019\/12\/Darmflora_Immunsystem_aus_dem_Bauch_heraus-1024x576.jpg 1024w, https:\/\/biomes.world\/wp-content\/uploads\/2019\/12\/Darmflora_Immunsystem_aus_dem_Bauch_heraus-768x432.jpg 768w, https:\/\/biomes.world\/wp-content\/uploads\/2019\/12\/Darmflora_Immunsystem_aus_dem_Bauch_heraus-1536x864.jpg 1536w, https:\/\/biomes.world\/wp-content\/uploads\/2019\/12\/Darmflora_Immunsystem_aus_dem_Bauch_heraus-250x141.jpg 250w, https:\/\/biomes.world\/wp-content\/uploads\/2019\/12\/Darmflora_Immunsystem_aus_dem_Bauch_heraus.jpg 1620w\"\n            sizes=\"(max-width: 30em) 100vw, (max-width: 48em) 100vw, (max-width: 62em) 100vw, (max-width: 75em) 100vw, 1400px\t\"\n        >\n    <\/div>\n    <div class=\"hero-teaser__header\">\n        <div class=\"hero-teaser__col column\">\n            <h2 class=\"hero-teaser__title\">\n                <span>M\u00e1s informaci\u00f3n sobre INTEST.pro<\/span>\n                El test intestinal de BIOMES            <\/h2>\n            \n\n<p>\u00bfC\u00f3mo analizamos tu flora intestinal? \u00bfQu\u00e9 incluye exactamente la prueba? \u00bfD\u00f3nde puedes comprar <strong>INTEST.<\/strong>pro?<br>\u00bfY c\u00f3mo protegemos tus datos?<\/p>\n\n\n\n<div class=\"wp-block-buttons is-layout-flex wp-block-buttons-is-layout-flex\">\n<div class=\"wp-block-button\"><a class=\"wp-block-button__link\" href=\"https:\/\/biomes-salued.es\" target=\"_blank\" rel=\"noreferrer noopener\">Informaci\u00f3n detallada<\/a><\/div>\n<\/div>\n\n        <\/div>\n    <\/div>\n<\/div>\n","protected":false},"excerpt":{"rendered":"<p>\u00bfQu\u00e9 es la colitis ulcerosa? Al igual que la&nbsp;enfermedad de Crohn&nbsp;la colitis ulcerativa es una&nbsp;enfermedad intestinal inflamatoria cr\u00f3nica (EII). La enfermedad suele presentarse por primera vez entre los 20 y 40 a\u00f1os de edad y luego se repite en&nbsp;episodios. En pocas palabras, la colitis ulcerosa causa inflamaci\u00f3n de la mucosa intestinal, lo que conduce a [&#8230;]<\/p>\n","protected":false},"author":3168,"featured_media":0,"parent":592874,"menu_order":0,"comment_status":"closed","ping_status":"closed","template":"","meta":{"_acf_changed":false,"footnotes":""},"class_list":["post-592885","page","type-page","status-publish","hentry"],"acf":[],"yoast_head":"<!-- This site is optimized with the Yoast SEO Premium plugin v26.2 (Yoast SEO v27.2) - https:\/\/yoast.com\/product\/yoast-seo-premium-wordpress\/ -->\n<title>Categoria: Colitis Ulcerosa - BIOMES - Feel better<\/title>\n<meta name=\"description\" content=\"Colitis ulcerosa es una enfermedad intestinal cr\u00f3nica. Averigue aqu\u00ed qu\u00e9 la distingue de la enfermedad de Crohn y cu\u00e1les son las diferencias.\" \/>\n<meta name=\"robots\" content=\"index, follow, max-snippet:-1, max-image-preview:large, max-video-preview:-1\" \/>\n<link rel=\"canonical\" href=\"https:\/\/biomes.world\/es\/cosas-a-saber\/intestino\/enfermedades-intestinales-cronicas\/colitis-ulcerosa\/\" \/>\n<meta property=\"og:locale\" content=\"es_ES\" \/>\n<meta property=\"og:type\" content=\"article\" \/>\n<meta property=\"og:title\" content=\"Categoria: Colitis Ulcerosa\" \/>\n<meta property=\"og:description\" content=\"Colitis ulcerosa es una enfermedad intestinal cr\u00f3nica. Averigue aqu\u00ed qu\u00e9 la distingue de la enfermedad de Crohn y cu\u00e1les son las diferencias.\" \/>\n<meta property=\"og:url\" content=\"https:\/\/biomes.world\/es\/cosas-a-saber\/intestino\/enfermedades-intestinales-cronicas\/colitis-ulcerosa\/\" \/>\n<meta property=\"og:site_name\" content=\"BIOMES - Feel better\" \/>\n<meta property=\"article:publisher\" content=\"https:\/\/de-de.facebook.com\/BIOMES.world\/\" \/>\n<meta property=\"article:modified_time\" content=\"2022-06-21T14:36:50+00:00\" \/>\n<meta name=\"twitter:card\" content=\"summary_large_image\" \/>\n<meta name=\"twitter:label1\" content=\"Tiempo de lectura\" \/>\n\t<meta name=\"twitter:data1\" content=\"4 minutos\" \/>\n<script type=\"application\/ld+json\" class=\"yoast-schema-graph\">{\"@context\":\"https:\/\/schema.org\",\"@graph\":[{\"@type\":\"WebPage\",\"@id\":\"https:\/\/biomes.world\/es\/cosas-a-saber\/intestino\/enfermedades-intestinales-cronicas\/colitis-ulcerosa\/\",\"url\":\"https:\/\/biomes.world\/es\/cosas-a-saber\/intestino\/enfermedades-intestinales-cronicas\/colitis-ulcerosa\/\",\"name\":\"Categoria: Colitis Ulcerosa - BIOMES - Feel better\",\"isPartOf\":{\"@id\":\"https:\/\/biomes.world\/es\/#website\"},\"datePublished\":\"2022-06-21T14:33:17+00:00\",\"dateModified\":\"2022-06-21T14:36:50+00:00\",\"description\":\"Colitis ulcerosa es una enfermedad intestinal cr\u00f3nica. Averigue aqu\u00ed qu\u00e9 la distingue de la enfermedad de Crohn y cu\u00e1les son las diferencias.\",\"breadcrumb\":{\"@id\":\"https:\/\/biomes.world\/es\/cosas-a-saber\/intestino\/enfermedades-intestinales-cronicas\/colitis-ulcerosa\/#breadcrumb\"},\"inLanguage\":\"es\",\"potentialAction\":[{\"@type\":\"ReadAction\",\"target\":[\"https:\/\/biomes.world\/es\/cosas-a-saber\/intestino\/enfermedades-intestinales-cronicas\/colitis-ulcerosa\/\"]}]},{\"@type\":\"BreadcrumbList\",\"@id\":\"https:\/\/biomes.world\/es\/cosas-a-saber\/intestino\/enfermedades-intestinales-cronicas\/colitis-ulcerosa\/#breadcrumb\",\"itemListElement\":[{\"@type\":\"ListItem\",\"position\":1,\"name\":\"Home\",\"item\":\"https:\/\/biomes.world\/es\/\"},{\"@type\":\"ListItem\",\"position\":2,\"name\":\"My Health, My Life\",\"item\":\"https:\/\/biomes.world\/es\/cosas-a-saber\/\"},{\"@type\":\"ListItem\",\"position\":3,\"name\":\"Categoria: Intestino\",\"item\":\"https:\/\/biomes.world\/es\/cosas-a-saber\/intestino\/\"},{\"@type\":\"ListItem\",\"position\":4,\"name\":\"Categoria: Enfermedades Intestinales Cronicas\",\"item\":\"https:\/\/biomes.world\/es\/wissenswertes\/darm\/chronische-erkrankungen\/\"},{\"@type\":\"ListItem\",\"position\":5,\"name\":\"Categoria: Colitis Ulcerosa\"}]},{\"@type\":\"WebSite\",\"@id\":\"https:\/\/biomes.world\/es\/#website\",\"url\":\"https:\/\/biomes.world\/es\/\",\"name\":\"BIOMES - Feel better\",\"description\":\"Cutting-edge biotechnology used to help people\",\"publisher\":{\"@id\":\"https:\/\/biomes.world\/es\/#organization\"},\"potentialAction\":[{\"@type\":\"SearchAction\",\"target\":{\"@type\":\"EntryPoint\",\"urlTemplate\":\"https:\/\/biomes.world\/es\/?s={search_term_string}\"},\"query-input\":{\"@type\":\"PropertyValueSpecification\",\"valueRequired\":true,\"valueName\":\"search_term_string\"}}],\"inLanguage\":\"es\"},{\"@type\":\"Organization\",\"@id\":\"https:\/\/biomes.world\/es\/#organization\",\"name\":\"BIOMES 4.0 GmbH\",\"url\":\"https:\/\/biomes.world\/es\/\",\"logo\":{\"@type\":\"ImageObject\",\"inLanguage\":\"es\",\"@id\":\"https:\/\/biomes.world\/es\/#\/schema\/logo\/image\/\",\"url\":\"http:\/\/biomes.world\/wp-content\/uploads\/2024\/04\/biomes_logo_2021_RGB.png\",\"contentUrl\":\"http:\/\/biomes.world\/wp-content\/uploads\/2024\/04\/biomes_logo_2021_RGB.png\",\"width\":10040,\"height\":2599,\"caption\":\"BIOMES 4.0 GmbH\"},\"image\":{\"@id\":\"https:\/\/biomes.world\/es\/#\/schema\/logo\/image\/\"},\"sameAs\":[\"https:\/\/de-de.facebook.com\/BIOMES.world\/\",\"https:\/\/www.youtube.com\/@BIOMESworld\",\"https:\/\/www.instagram.com\/biomes_official\/\"],\"legalName\":\"BIOMES 4.0 GmbH\",\"duns\":\"314778637\"}]}<\/script>\n<!-- \/ Yoast SEO Premium plugin. -->","yoast_head_json":{"title":"Categoria: Colitis Ulcerosa - BIOMES - Feel better","description":"Colitis ulcerosa es una enfermedad intestinal cr\u00f3nica. Averigue aqu\u00ed qu\u00e9 la distingue de la enfermedad de Crohn y cu\u00e1les son las diferencias.","robots":{"index":"index","follow":"follow","max-snippet":"max-snippet:-1","max-image-preview":"max-image-preview:large","max-video-preview":"max-video-preview:-1"},"canonical":"https:\/\/biomes.world\/es\/cosas-a-saber\/intestino\/enfermedades-intestinales-cronicas\/colitis-ulcerosa\/","og_locale":"es_ES","og_type":"article","og_title":"Categoria: Colitis Ulcerosa","og_description":"Colitis ulcerosa es una enfermedad intestinal cr\u00f3nica. Averigue aqu\u00ed qu\u00e9 la distingue de la enfermedad de Crohn y cu\u00e1les son las diferencias.","og_url":"https:\/\/biomes.world\/es\/cosas-a-saber\/intestino\/enfermedades-intestinales-cronicas\/colitis-ulcerosa\/","og_site_name":"BIOMES - Feel better","article_publisher":"https:\/\/de-de.facebook.com\/BIOMES.world\/","article_modified_time":"2022-06-21T14:36:50+00:00","twitter_card":"summary_large_image","twitter_misc":{"Tiempo de lectura":"4 minutos"},"schema":{"@context":"https:\/\/schema.org","@graph":[{"@type":"WebPage","@id":"https:\/\/biomes.world\/es\/cosas-a-saber\/intestino\/enfermedades-intestinales-cronicas\/colitis-ulcerosa\/","url":"https:\/\/biomes.world\/es\/cosas-a-saber\/intestino\/enfermedades-intestinales-cronicas\/colitis-ulcerosa\/","name":"Categoria: Colitis Ulcerosa - BIOMES - Feel better","isPartOf":{"@id":"https:\/\/biomes.world\/es\/#website"},"datePublished":"2022-06-21T14:33:17+00:00","dateModified":"2022-06-21T14:36:50+00:00","description":"Colitis ulcerosa es una enfermedad intestinal cr\u00f3nica. Averigue aqu\u00ed qu\u00e9 la distingue de la enfermedad de Crohn y cu\u00e1les son las diferencias.","breadcrumb":{"@id":"https:\/\/biomes.world\/es\/cosas-a-saber\/intestino\/enfermedades-intestinales-cronicas\/colitis-ulcerosa\/#breadcrumb"},"inLanguage":"es","potentialAction":[{"@type":"ReadAction","target":["https:\/\/biomes.world\/es\/cosas-a-saber\/intestino\/enfermedades-intestinales-cronicas\/colitis-ulcerosa\/"]}]},{"@type":"BreadcrumbList","@id":"https:\/\/biomes.world\/es\/cosas-a-saber\/intestino\/enfermedades-intestinales-cronicas\/colitis-ulcerosa\/#breadcrumb","itemListElement":[{"@type":"ListItem","position":1,"name":"Home","item":"https:\/\/biomes.world\/es\/"},{"@type":"ListItem","position":2,"name":"My Health, My Life","item":"https:\/\/biomes.world\/es\/cosas-a-saber\/"},{"@type":"ListItem","position":3,"name":"Categoria: Intestino","item":"https:\/\/biomes.world\/es\/cosas-a-saber\/intestino\/"},{"@type":"ListItem","position":4,"name":"Categoria: Enfermedades Intestinales Cronicas","item":"https:\/\/biomes.world\/es\/wissenswertes\/darm\/chronische-erkrankungen\/"},{"@type":"ListItem","position":5,"name":"Categoria: Colitis Ulcerosa"}]},{"@type":"WebSite","@id":"https:\/\/biomes.world\/es\/#website","url":"https:\/\/biomes.world\/es\/","name":"BIOMES - Feel better","description":"Cutting-edge biotechnology used to help people","publisher":{"@id":"https:\/\/biomes.world\/es\/#organization"},"potentialAction":[{"@type":"SearchAction","target":{"@type":"EntryPoint","urlTemplate":"https:\/\/biomes.world\/es\/?s={search_term_string}"},"query-input":{"@type":"PropertyValueSpecification","valueRequired":true,"valueName":"search_term_string"}}],"inLanguage":"es"},{"@type":"Organization","@id":"https:\/\/biomes.world\/es\/#organization","name":"BIOMES 4.0 GmbH","url":"https:\/\/biomes.world\/es\/","logo":{"@type":"ImageObject","inLanguage":"es","@id":"https:\/\/biomes.world\/es\/#\/schema\/logo\/image\/","url":"http:\/\/biomes.world\/wp-content\/uploads\/2024\/04\/biomes_logo_2021_RGB.png","contentUrl":"http:\/\/biomes.world\/wp-content\/uploads\/2024\/04\/biomes_logo_2021_RGB.png","width":10040,"height":2599,"caption":"BIOMES 4.0 GmbH"},"image":{"@id":"https:\/\/biomes.world\/es\/#\/schema\/logo\/image\/"},"sameAs":["https:\/\/de-de.facebook.com\/BIOMES.world\/","https:\/\/www.youtube.com\/@BIOMESworld","https:\/\/www.instagram.com\/biomes_official\/"],"legalName":"BIOMES 4.0 GmbH","duns":"314778637"}]}},"_links":{"self":[{"href":"https:\/\/biomes.world\/es\/wp-json\/wp\/v2\/pages\/592885","targetHints":{"allow":["GET"]}}],"collection":[{"href":"https:\/\/biomes.world\/es\/wp-json\/wp\/v2\/pages"}],"about":[{"href":"https:\/\/biomes.world\/es\/wp-json\/wp\/v2\/types\/page"}],"author":[{"embeddable":true,"href":"https:\/\/biomes.world\/es\/wp-json\/wp\/v2\/users\/3168"}],"replies":[{"embeddable":true,"href":"https:\/\/biomes.world\/es\/wp-json\/wp\/v2\/comments?post=592885"}],"version-history":[{"count":0,"href":"https:\/\/biomes.world\/es\/wp-json\/wp\/v2\/pages\/592885\/revisions"}],"up":[{"embeddable":true,"href":"https:\/\/biomes.world\/es\/wp-json\/wp\/v2\/pages\/592874"}],"wp:attachment":[{"href":"https:\/\/biomes.world\/es\/wp-json\/wp\/v2\/media?parent=592885"}],"curies":[{"name":"wp","href":"https:\/\/api.w.org\/{rel}","templated":true}]}}