{"id":592874,"date":"2022-06-21T16:23:30","date_gmt":"2022-06-21T14:23:30","guid":{"rendered":"http:\/\/biomes.world\/te-interesa-saberlo\/intestino\/chronische-erkrankungen\/"},"modified":"2023-03-08T09:39:14","modified_gmt":"2023-03-08T08:39:14","slug":"enfermedades-intestinales-cronicas","status":"publish","type":"page","link":"https:\/\/biomes.world\/es\/cosas-a-saber\/intestino\/enfermedades-intestinales-cronicas\/","title":{"rendered":"Categoria: Enfermedades Intestinales Cronicas"},"content":{"rendered":"\n<h1 class=\"wp-block-heading\" id=\"h-enfermedades-intestinales-cronicas\">Enfermedades Intestinales Cronicas<\/h1>\n\n\n\n<p>Todo tu intestino est\u00e1 colonizado por bacterias y, aunque en un principio suene alarmante, no lo es en absoluto. Estos organismos unicelulares se encargan de mantenerte sano y salvo; los problemas surgen solo cuando se produce un desequilibrio entre microbios \u00abbuenos\u00bb y \u00abmalos\u00bb. Este desajuste puede conducir a enfermedades intestinales, inmunol\u00f3gicas o problemas peso, entre otras cosas. Los estudios indican que incluso determinados microorganismos y cambios en la composici\u00f3n o diversidad de las bacterias intestinales est\u00e1n asociados a <strong>inflamaciones intestinales cr\u00f3nicas<\/strong>.<\/p>\n\n\n\n<h2 class=\"wp-block-heading\" id=\"h-enfermedades-inflamatorias-cronicas-del-intestino-enfermedad-de-crohn-y-colitis-ulcerosa\">Enfermedades inflamatorias cr\u00f3nicas del intestino: enfermedad de Crohn y colitis ulcerosa<\/h2>\n\n\n\n<p>Tanto la enfermedad de Crohn como la <a href=\"http:\/\/biomes.world\/es\/cosas-a-saber\/intestino\/enfermedades-intestinales-cronicas\/colitis-ulcerosa\/\">colitis ulcerosa<\/a> forman parte del grupo de enfermedades inflamatorias intestinales de car\u00e1cter cr\u00f3nico. Ambas <strong>son intermitentes<\/strong>, lo que supone que las personas afectadas a veces no tienen s\u00edntomas durante meses; en raras ocasiones incluso durante a\u00f1os. Ambas enfermedades van acompa\u00f1adas de una inflamaci\u00f3n de la mucosa intestinal y, a largo plazo, las inflamaciones acaban da\u00f1ando el tejido del intestino. Mientras que la enfermedad de Crohn puede afectar a todo el sistema digestivo -desde la boca hasta el ano- la colitis ulcerosa se limita al colon.<\/p>\n\n\n\n<p>En algunos casos, adem\u00e1s del intestino, otros \u00f3rganos se ven afectados. <strong>Las inflamaciones de la piel o de las articulaciones<\/strong>, por ejemplo, son bastante comunes. Las enfermedades inflamatorias intestinales de car\u00e1cter cr\u00f3nico tambi\u00e9n pueden acarrear complicaciones; las obstrucciones y desgarros intestinales son emergencias y deben tratarse inmediatamente en el hospital.<\/p>\n\n\n\n<p>Tambi\u00e9n es importante saber que las personas con enfermedades intestinales inflamatorias de car\u00e1cter cr\u00f3nico tienen un mayor riesgo de padecer c\u00e1ncer de intestino. Si est\u00e1s afectado por estas, es muy importante que te sometas a chequeos peri\u00f3dicos.<\/p>\n\n\n\n<p>Se desconocen las causas de estas dos enfermedades intestinales, pero los expertos sospechan que detr\u00e1s de ellas hay una enfermedad autoinmune y, por supuesto, tambi\u00e9n se est\u00e1n considerando las predisposiciones gen\u00e9ticas. No obstante, tambi\u00e9n es muy probable que <strong>las bacterias intestinales influyan<\/strong>; parece haber una conexi\u00f3n entre el desequilibrio de las <a href=\"http:\/\/biomes.world\/es\/cosas-a-saber\/intestino\/bacterias-intestinales\/\">bacterias intestinales<\/a> y las enfermedades intestinales inflamatorias cr\u00f3nicas<sup><a href=\"http:\/\/biomes.world\/es\/cosas-a-saber\/intestino\/enfermedades-intestinales-cronicas\/#fn-1\">1<\/a><\/sup>.<\/p>\n\n\n\n<p>Las personas con una enfermedad intestinal inflamatoria de car\u00e1cter cr\u00f3nico, suelen tener una flora intestinal <strong>menos rica en especies<\/strong>. Tambi\u00e9n tienen <strong>menos bacterias \u00abbuenas\u00bb<\/strong> como las \u00abFaecalibacterium\u00bb y m\u00e1s bacterias \u00abmalas\u00bb como la \u00abEscherichia coli\u00bb. Otro resultado de la investigaci\u00f3n es que un exceso o una infecci\u00f3n con \u00abClostridium difficile\u00bb provoca episodios o <strong>reca\u00eddas<\/strong>. Si padeces una enfermedad intestinal cr\u00f3nica, un an\u00e1lisis intestinal es, sin duda, muy \u00fatil.<\/p>\n\n\n\n<figure class=\"wp-block-image size-large\"><img loading=\"lazy\" decoding=\"async\" width=\"1024\" height=\"576\" src=\"http:\/\/biomes.world\/wp-content\/uploads\/2019\/04\/Reizdarm_Ursachen_der_Beschwerden-1024x576.jpg\" alt=\"Reizdarm und seine Ursache\" class=\"wp-image-500022\" srcset=\"https:\/\/biomes.world\/wp-content\/uploads\/2019\/04\/Reizdarm_Ursachen_der_Beschwerden-1024x576.jpg 1024w, https:\/\/biomes.world\/wp-content\/uploads\/2019\/04\/Reizdarm_Ursachen_der_Beschwerden-300x169.jpg 300w, https:\/\/biomes.world\/wp-content\/uploads\/2019\/04\/Reizdarm_Ursachen_der_Beschwerden-768x432.jpg 768w, https:\/\/biomes.world\/wp-content\/uploads\/2019\/04\/Reizdarm_Ursachen_der_Beschwerden-1536x864.jpg 1536w, https:\/\/biomes.world\/wp-content\/uploads\/2019\/04\/Reizdarm_Ursachen_der_Beschwerden-250x141.jpg 250w, https:\/\/biomes.world\/wp-content\/uploads\/2019\/04\/Reizdarm_Ursachen_der_Beschwerden.jpg 1620w\" sizes=\"auto, (max-width: 1024px) 100vw, 1024px\" \/><\/figure>\n\n\n\n<h2 class=\"wp-block-heading\" id=\"h-existen-enfermedades-gastrointestinales-cronicas\">\u00bfExisten enfermedades gastrointestinales cr\u00f3nicas?<\/h2>\n\n\n\n<p>Cuando se habla de enfermedades gastrointestinales, la mayor\u00eda de la gente piensa s\u00edntomas como las n\u00e1useas, v\u00f3mitos y diarreas. Esto suele deberse a una <strong>gripe estomacal<\/strong> o al norovirus pero no a una enfermedad cr\u00f3nica, ya que estos desaparecen. Cr\u00f3nico significa que es permanente o recurrente y si con frecuencia tienes malestares intestinales, el <strong>s\u00edndrome del intestino irritable<\/strong> puede ser el causante.<\/p>\n\n\n\n<p>Estos trastornos gastrointestinales cr\u00f3nicos tienen una variedad de s\u00edntomas y sus causas no est\u00e1n del todo claras. Los m\u00e9dicos hablan de una <strong>disfunci\u00f3n de los intestinos<\/strong>, aunque org\u00e1nicamente, todo est\u00e1 bien a pesar de las molestias. Por esta raz\u00f3n, los expertos describen el s\u00edndrome del intestino irritable como un s\u00edndrome y no como una enfermedad, a pesar de que el t\u00e9rmino <a href=\"http:\/\/biomes.world\/es\/cosas-a-saber\/intestino\/enfermedades-intestinales\/enfermedades-intestinales-sintomas\/\">enfermedad digestiva<\/a> est\u00e1 bien difundido.<\/p>\n\n\n\n<p>Se nota que los s\u00edntomas del s\u00edndrome del intestino irritable a menudo empeoran con <strong>tensi\u00f3n psicol\u00f3gica <\/strong>. Si a menudo tienes estr\u00e9s, ansiedad, tristeza o ira, \u00e9sta es una posible causa de tus molestias. Los alimentos picantes o desconocidos durante los viajes tambi\u00e9n parecen agravar los s\u00edntomas.<\/p>\n\n\n\n<p><strong>El dolor abdominal, la diarrea, los v\u00f3mitos o el estre\u00f1imiento<\/strong> son s\u00edntomas cl\u00e1sicos del s\u00edndrome del intestino irritable. Pero tambi\u00e9n la sensaci\u00f3n de llenura, la flatulencia y la desagradable presi\u00f3n del est\u00f3mago est\u00e1n muy extendidas. Muchos pacientes notan que los s\u00edntomas despu\u00e9s de comer son peores. En cualquier caso, trata de comer lentamente y averigua qu\u00e9 alimentos causan los s\u00edntomas y cu\u00e1les no. Si tienes problemas intestinales cr\u00f3nicos, tu m\u00e9dico te examinar\u00e1 a fondo. <strong>Si los ex\u00e1menes no revelan ninguna anomal\u00eda<\/strong>, el s\u00edndrome del intestino irritable es evidente.<\/p>\n\n\n\n<h2 class=\"wp-block-heading\" id=\"h-tienes-suficientes-bacterias-intestinales-buenas\">\u00bfTienes suficientes bacterias intestinales buenas?<\/h2>\n\n\n\n<p>Buena pregunta, \u00bfverdad? Puedes averiguarlo f\u00e1cilmente tomando una muestra de tus heces. Con <a href=\"https:\/\/biomes-salued.es\"><strong>INTEST.<\/strong>pro<\/a> de <strong>BIOMES<\/strong> puedes saber <strong>cu\u00e1l es el estado de tu intestino<\/strong> y con una precisi\u00f3n inigualable en toda Europa. <strong>BIOMES<\/strong> compara los resultados de tu muestra de heces con una extensa base de datos de referencia y, empleando m\u00e1s de 20.000 conjuntos de datos, creamos un perfil de tu flora intestinal tan \u00fanico como una huella dactilar.<\/p>\n\n\n\n<p>Los cient\u00edficos de <strong>BIOMES<\/strong> examinan tu muestra de heces usando una secuenciaci\u00f3n de alto rendimiento. Esto te proporciona informaci\u00f3n sobre muchos aspectos de tu salud, incluyendo tu capacidad para absorber las vitaminas, la resistencia de tu sistema inmunol\u00f3gico, si hay signos de inflamaci\u00f3n en tus intestinos y el equilibrio de tus bacterias intestinales en general.<\/p>\n\n\n<div\n    id=\"hero-teaser-block_5c62237e1c7f65bd8334d101dd7bf7fe\"\n    class=\"hero-teaser site-block\"\n>\n    <div class=\"hero-teaser__media\">\n        <img decoding=\"async\"\n            src=\"https:\/\/biomes.world\/wp-content\/uploads\/2019\/12\/Darmflora_Immunsystem_aus_dem_Bauch_heraus-1600x650.jpg\"\n            alt=\"\"\n            srcset=\"https:\/\/biomes.world\/wp-content\/uploads\/2019\/12\/Darmflora_Immunsystem_aus_dem_Bauch_heraus-300x169.jpg 300w, https:\/\/biomes.world\/wp-content\/uploads\/2019\/12\/Darmflora_Immunsystem_aus_dem_Bauch_heraus-1024x576.jpg 1024w, https:\/\/biomes.world\/wp-content\/uploads\/2019\/12\/Darmflora_Immunsystem_aus_dem_Bauch_heraus-768x432.jpg 768w, https:\/\/biomes.world\/wp-content\/uploads\/2019\/12\/Darmflora_Immunsystem_aus_dem_Bauch_heraus-1536x864.jpg 1536w, https:\/\/biomes.world\/wp-content\/uploads\/2019\/12\/Darmflora_Immunsystem_aus_dem_Bauch_heraus-250x141.jpg 250w, https:\/\/biomes.world\/wp-content\/uploads\/2019\/12\/Darmflora_Immunsystem_aus_dem_Bauch_heraus.jpg 1620w\"\n            sizes=\"(max-width: 30em) 100vw, (max-width: 48em) 100vw, (max-width: 62em) 100vw, (max-width: 75em) 100vw, 1400px\t\"\n        >\n    <\/div>\n    <div class=\"hero-teaser__header\">\n        <div class=\"hero-teaser__col column\">\n            <h2 class=\"hero-teaser__title\">\n                <span>M\u00e1s informaci\u00f3n sobre INTEST.pro<\/span>\n                El test intestinal de BIOMES            <\/h2>\n            \n\n<p>\u00bfC\u00f3mo analizamos tu flora intestinal? \u00bfQu\u00e9 incluye exactamente la prueba? \u00bfD\u00f3nde puedes comprar <strong>INTEST.<\/strong>pro?<br>\u00bfY c\u00f3mo protegemos tus datos?<\/p>\n\n\n\n<div class=\"wp-block-buttons is-layout-flex wp-block-buttons-is-layout-flex\">\n<div class=\"wp-block-button\"><a class=\"wp-block-button__link wp-element-button\" href=\"https:\/\/biomes-salued.es\" target=\"_blank\" rel=\"noreferrer noopener\">Informaci\u00f3n detallada<\/a><\/div>\n<\/div>\n\n        <\/div>\n    <\/div>\n<\/div>\n\n\n\n<p class=\"footnote\" id=\"fn-1\">1. Ni J, Wu GD, Albenberg L, Tomov VT. Gut microbiota and IBD: causation or correlation? Nat Rev Gastroenterol Hepatol. 2017 ;14:573\u201384. <a href=\"https:\/\/www.nature.com\/articles\/nrgastro.2017.88\">https:\/\/www.nature.com\/articles\/nrgastro.2017.88<\/a><\/p>\n","protected":false},"excerpt":{"rendered":"<p>Enfermedades Intestinales Cronicas Todo tu intestino est\u00e1 colonizado por bacterias y, aunque en un principio suene alarmante, no lo es en absoluto. Estos organismos unicelulares se encargan de mantenerte sano y salvo; los problemas surgen solo cuando se produce un desequilibrio entre microbios \u00abbuenos\u00bb y \u00abmalos\u00bb. Este desajuste puede conducir a enfermedades intestinales, inmunol\u00f3gicas o [&#8230;]<\/p>\n","protected":false},"author":3168,"featured_media":0,"parent":592836,"menu_order":0,"comment_status":"closed","ping_status":"closed","template":"","meta":{"_acf_changed":false,"footnotes":""},"class_list":["post-592874","page","type-page","status-publish","hentry"],"acf":[],"yoast_head":"<!-- This site is optimized with the Yoast SEO Premium plugin v26.2 (Yoast SEO v27.2) - https:\/\/yoast.com\/product\/yoast-seo-premium-wordpress\/ -->\n<title>Categoria: Enfermedades Intestinales Cronicas<\/title>\n<meta name=\"description\" content=\"\u00bfC\u00f3mo se relaciona la inflamaci\u00f3n intestinal cr\u00f3nica con la flora intestinal? \u00bfC\u00f3mo afectan las bacterias intestinales?\" \/>\n<meta name=\"robots\" content=\"index, follow, max-snippet:-1, max-image-preview:large, max-video-preview:-1\" \/>\n<link rel=\"canonical\" href=\"https:\/\/biomes.world\/es\/cosas-a-saber\/intestino\/enfermedades-intestinales-cronicas\/\" \/>\n<meta property=\"og:locale\" content=\"es_ES\" \/>\n<meta property=\"og:type\" content=\"article\" \/>\n<meta property=\"og:title\" content=\"Categoria: Enfermedades Intestinales Cronicas\" \/>\n<meta property=\"og:description\" content=\"\u00bfC\u00f3mo se relaciona la inflamaci\u00f3n intestinal cr\u00f3nica con la flora intestinal? \u00bfC\u00f3mo afectan las bacterias intestinales?\" \/>\n<meta property=\"og:url\" content=\"https:\/\/biomes.world\/es\/cosas-a-saber\/intestino\/enfermedades-intestinales-cronicas\/\" \/>\n<meta property=\"og:site_name\" content=\"BIOMES - Feel better\" \/>\n<meta property=\"article:publisher\" content=\"https:\/\/de-de.facebook.com\/BIOMES.world\/\" \/>\n<meta property=\"article:modified_time\" content=\"2023-03-08T08:39:14+00:00\" \/>\n<meta property=\"og:image\" content=\"http:\/\/biomes.world\/wp-content\/uploads\/2019\/04\/Reizdarm_Ursachen_der_Beschwerden-1024x576.jpg\" \/>\n<meta name=\"twitter:card\" content=\"summary_large_image\" \/>\n<meta name=\"twitter:label1\" content=\"Tiempo de lectura\" \/>\n\t<meta name=\"twitter:data1\" content=\"5 minutos\" \/>\n<script type=\"application\/ld+json\" class=\"yoast-schema-graph\">{\"@context\":\"https:\/\/schema.org\",\"@graph\":[{\"@type\":\"WebPage\",\"@id\":\"https:\/\/biomes.world\/es\/cosas-a-saber\/intestino\/enfermedades-intestinales-cronicas\/\",\"url\":\"https:\/\/biomes.world\/es\/cosas-a-saber\/intestino\/enfermedades-intestinales-cronicas\/\",\"name\":\"Categoria: Enfermedades Intestinales Cronicas\",\"isPartOf\":{\"@id\":\"https:\/\/biomes.world\/es\/#website\"},\"primaryImageOfPage\":{\"@id\":\"https:\/\/biomes.world\/es\/cosas-a-saber\/intestino\/enfermedades-intestinales-cronicas\/#primaryimage\"},\"image\":{\"@id\":\"https:\/\/biomes.world\/es\/cosas-a-saber\/intestino\/enfermedades-intestinales-cronicas\/#primaryimage\"},\"thumbnailUrl\":\"http:\/\/biomes.world\/wp-content\/uploads\/2019\/04\/Reizdarm_Ursachen_der_Beschwerden-1024x576.jpg\",\"datePublished\":\"2022-06-21T14:23:30+00:00\",\"dateModified\":\"2023-03-08T08:39:14+00:00\",\"description\":\"\u00bfC\u00f3mo se relaciona la inflamaci\u00f3n intestinal cr\u00f3nica con la flora intestinal? \u00bfC\u00f3mo afectan las bacterias intestinales?\",\"breadcrumb\":{\"@id\":\"https:\/\/biomes.world\/es\/cosas-a-saber\/intestino\/enfermedades-intestinales-cronicas\/#breadcrumb\"},\"inLanguage\":\"es\",\"potentialAction\":[{\"@type\":\"ReadAction\",\"target\":[\"https:\/\/biomes.world\/es\/cosas-a-saber\/intestino\/enfermedades-intestinales-cronicas\/\"]}]},{\"@type\":\"ImageObject\",\"inLanguage\":\"es\",\"@id\":\"https:\/\/biomes.world\/es\/cosas-a-saber\/intestino\/enfermedades-intestinales-cronicas\/#primaryimage\",\"url\":\"http:\/\/biomes.world\/wp-content\/uploads\/2019\/04\/Reizdarm_Ursachen_der_Beschwerden-1024x576.jpg\",\"contentUrl\":\"http:\/\/biomes.world\/wp-content\/uploads\/2019\/04\/Reizdarm_Ursachen_der_Beschwerden-1024x576.jpg\"},{\"@type\":\"BreadcrumbList\",\"@id\":\"https:\/\/biomes.world\/es\/cosas-a-saber\/intestino\/enfermedades-intestinales-cronicas\/#breadcrumb\",\"itemListElement\":[{\"@type\":\"ListItem\",\"position\":1,\"name\":\"Home\",\"item\":\"https:\/\/biomes.world\/es\/\"},{\"@type\":\"ListItem\",\"position\":2,\"name\":\"My Health, My Life\",\"item\":\"https:\/\/biomes.world\/es\/cosas-a-saber\/\"},{\"@type\":\"ListItem\",\"position\":3,\"name\":\"Categoria: Intestino\",\"item\":\"https:\/\/biomes.world\/es\/cosas-a-saber\/intestino\/\"},{\"@type\":\"ListItem\",\"position\":4,\"name\":\"Categoria: Enfermedades Intestinales Cronicas\"}]},{\"@type\":\"WebSite\",\"@id\":\"https:\/\/biomes.world\/es\/#website\",\"url\":\"https:\/\/biomes.world\/es\/\",\"name\":\"BIOMES - Feel better\",\"description\":\"Cutting-edge biotechnology used to help people\",\"publisher\":{\"@id\":\"https:\/\/biomes.world\/es\/#organization\"},\"potentialAction\":[{\"@type\":\"SearchAction\",\"target\":{\"@type\":\"EntryPoint\",\"urlTemplate\":\"https:\/\/biomes.world\/es\/?s={search_term_string}\"},\"query-input\":{\"@type\":\"PropertyValueSpecification\",\"valueRequired\":true,\"valueName\":\"search_term_string\"}}],\"inLanguage\":\"es\"},{\"@type\":\"Organization\",\"@id\":\"https:\/\/biomes.world\/es\/#organization\",\"name\":\"BIOMES 4.0 GmbH\",\"url\":\"https:\/\/biomes.world\/es\/\",\"logo\":{\"@type\":\"ImageObject\",\"inLanguage\":\"es\",\"@id\":\"https:\/\/biomes.world\/es\/#\/schema\/logo\/image\/\",\"url\":\"http:\/\/biomes.world\/wp-content\/uploads\/2024\/04\/biomes_logo_2021_RGB.png\",\"contentUrl\":\"http:\/\/biomes.world\/wp-content\/uploads\/2024\/04\/biomes_logo_2021_RGB.png\",\"width\":10040,\"height\":2599,\"caption\":\"BIOMES 4.0 GmbH\"},\"image\":{\"@id\":\"https:\/\/biomes.world\/es\/#\/schema\/logo\/image\/\"},\"sameAs\":[\"https:\/\/de-de.facebook.com\/BIOMES.world\/\",\"https:\/\/www.youtube.com\/@BIOMESworld\",\"https:\/\/www.instagram.com\/biomes_official\/\"],\"legalName\":\"BIOMES 4.0 GmbH\",\"duns\":\"314778637\"}]}<\/script>\n<!-- \/ Yoast SEO Premium plugin. -->","yoast_head_json":{"title":"Categoria: Enfermedades Intestinales Cronicas","description":"\u00bfC\u00f3mo se relaciona la inflamaci\u00f3n intestinal cr\u00f3nica con la flora intestinal? \u00bfC\u00f3mo afectan las bacterias intestinales?","robots":{"index":"index","follow":"follow","max-snippet":"max-snippet:-1","max-image-preview":"max-image-preview:large","max-video-preview":"max-video-preview:-1"},"canonical":"https:\/\/biomes.world\/es\/cosas-a-saber\/intestino\/enfermedades-intestinales-cronicas\/","og_locale":"es_ES","og_type":"article","og_title":"Categoria: Enfermedades Intestinales Cronicas","og_description":"\u00bfC\u00f3mo se relaciona la inflamaci\u00f3n intestinal cr\u00f3nica con la flora intestinal? \u00bfC\u00f3mo afectan las bacterias intestinales?","og_url":"https:\/\/biomes.world\/es\/cosas-a-saber\/intestino\/enfermedades-intestinales-cronicas\/","og_site_name":"BIOMES - Feel better","article_publisher":"https:\/\/de-de.facebook.com\/BIOMES.world\/","article_modified_time":"2023-03-08T08:39:14+00:00","og_image":[{"url":"http:\/\/biomes.world\/wp-content\/uploads\/2019\/04\/Reizdarm_Ursachen_der_Beschwerden-1024x576.jpg","type":"","width":"","height":""}],"twitter_card":"summary_large_image","twitter_misc":{"Tiempo de lectura":"5 minutos"},"schema":{"@context":"https:\/\/schema.org","@graph":[{"@type":"WebPage","@id":"https:\/\/biomes.world\/es\/cosas-a-saber\/intestino\/enfermedades-intestinales-cronicas\/","url":"https:\/\/biomes.world\/es\/cosas-a-saber\/intestino\/enfermedades-intestinales-cronicas\/","name":"Categoria: Enfermedades Intestinales Cronicas","isPartOf":{"@id":"https:\/\/biomes.world\/es\/#website"},"primaryImageOfPage":{"@id":"https:\/\/biomes.world\/es\/cosas-a-saber\/intestino\/enfermedades-intestinales-cronicas\/#primaryimage"},"image":{"@id":"https:\/\/biomes.world\/es\/cosas-a-saber\/intestino\/enfermedades-intestinales-cronicas\/#primaryimage"},"thumbnailUrl":"http:\/\/biomes.world\/wp-content\/uploads\/2019\/04\/Reizdarm_Ursachen_der_Beschwerden-1024x576.jpg","datePublished":"2022-06-21T14:23:30+00:00","dateModified":"2023-03-08T08:39:14+00:00","description":"\u00bfC\u00f3mo se relaciona la inflamaci\u00f3n intestinal cr\u00f3nica con la flora intestinal? \u00bfC\u00f3mo afectan las bacterias intestinales?","breadcrumb":{"@id":"https:\/\/biomes.world\/es\/cosas-a-saber\/intestino\/enfermedades-intestinales-cronicas\/#breadcrumb"},"inLanguage":"es","potentialAction":[{"@type":"ReadAction","target":["https:\/\/biomes.world\/es\/cosas-a-saber\/intestino\/enfermedades-intestinales-cronicas\/"]}]},{"@type":"ImageObject","inLanguage":"es","@id":"https:\/\/biomes.world\/es\/cosas-a-saber\/intestino\/enfermedades-intestinales-cronicas\/#primaryimage","url":"http:\/\/biomes.world\/wp-content\/uploads\/2019\/04\/Reizdarm_Ursachen_der_Beschwerden-1024x576.jpg","contentUrl":"http:\/\/biomes.world\/wp-content\/uploads\/2019\/04\/Reizdarm_Ursachen_der_Beschwerden-1024x576.jpg"},{"@type":"BreadcrumbList","@id":"https:\/\/biomes.world\/es\/cosas-a-saber\/intestino\/enfermedades-intestinales-cronicas\/#breadcrumb","itemListElement":[{"@type":"ListItem","position":1,"name":"Home","item":"https:\/\/biomes.world\/es\/"},{"@type":"ListItem","position":2,"name":"My Health, My Life","item":"https:\/\/biomes.world\/es\/cosas-a-saber\/"},{"@type":"ListItem","position":3,"name":"Categoria: Intestino","item":"https:\/\/biomes.world\/es\/cosas-a-saber\/intestino\/"},{"@type":"ListItem","position":4,"name":"Categoria: Enfermedades Intestinales Cronicas"}]},{"@type":"WebSite","@id":"https:\/\/biomes.world\/es\/#website","url":"https:\/\/biomes.world\/es\/","name":"BIOMES - Feel better","description":"Cutting-edge biotechnology used to help people","publisher":{"@id":"https:\/\/biomes.world\/es\/#organization"},"potentialAction":[{"@type":"SearchAction","target":{"@type":"EntryPoint","urlTemplate":"https:\/\/biomes.world\/es\/?s={search_term_string}"},"query-input":{"@type":"PropertyValueSpecification","valueRequired":true,"valueName":"search_term_string"}}],"inLanguage":"es"},{"@type":"Organization","@id":"https:\/\/biomes.world\/es\/#organization","name":"BIOMES 4.0 GmbH","url":"https:\/\/biomes.world\/es\/","logo":{"@type":"ImageObject","inLanguage":"es","@id":"https:\/\/biomes.world\/es\/#\/schema\/logo\/image\/","url":"http:\/\/biomes.world\/wp-content\/uploads\/2024\/04\/biomes_logo_2021_RGB.png","contentUrl":"http:\/\/biomes.world\/wp-content\/uploads\/2024\/04\/biomes_logo_2021_RGB.png","width":10040,"height":2599,"caption":"BIOMES 4.0 GmbH"},"image":{"@id":"https:\/\/biomes.world\/es\/#\/schema\/logo\/image\/"},"sameAs":["https:\/\/de-de.facebook.com\/BIOMES.world\/","https:\/\/www.youtube.com\/@BIOMESworld","https:\/\/www.instagram.com\/biomes_official\/"],"legalName":"BIOMES 4.0 GmbH","duns":"314778637"}]}},"_links":{"self":[{"href":"https:\/\/biomes.world\/es\/wp-json\/wp\/v2\/pages\/592874","targetHints":{"allow":["GET"]}}],"collection":[{"href":"https:\/\/biomes.world\/es\/wp-json\/wp\/v2\/pages"}],"about":[{"href":"https:\/\/biomes.world\/es\/wp-json\/wp\/v2\/types\/page"}],"author":[{"embeddable":true,"href":"https:\/\/biomes.world\/es\/wp-json\/wp\/v2\/users\/3168"}],"replies":[{"embeddable":true,"href":"https:\/\/biomes.world\/es\/wp-json\/wp\/v2\/comments?post=592874"}],"version-history":[{"count":0,"href":"https:\/\/biomes.world\/es\/wp-json\/wp\/v2\/pages\/592874\/revisions"}],"up":[{"embeddable":true,"href":"https:\/\/biomes.world\/es\/wp-json\/wp\/v2\/pages\/592836"}],"wp:attachment":[{"href":"https:\/\/biomes.world\/es\/wp-json\/wp\/v2\/media?parent=592874"}],"curies":[{"name":"wp","href":"https:\/\/api.w.org\/{rel}","templated":true}]}}