{"id":592836,"date":"2022-06-21T11:38:19","date_gmt":"2022-06-21T09:38:19","guid":{"rendered":"http:\/\/biomes.world\/te-interesa-saberlo\/darm\/"},"modified":"2023-03-03T11:06:59","modified_gmt":"2023-03-03T10:06:59","slug":"intestino","status":"publish","type":"page","link":"https:\/\/biomes.world\/es\/cosas-a-saber\/intestino\/","title":{"rendered":"Categoria: Intestino"},"content":{"rendered":"\n<h1 class=\"wp-block-heading\" id=\"h-intestino\">Intestino<\/h1>\n\n\n\n<h2 class=\"wp-block-heading\">El intestino humano: Un \u00f3rgano muy especial<\/h2>\n\n\n\n<p>La longitud promedio del intestino de un adulto es de seis metros. Sin embargo, esto no es de ninguna manera lo m\u00e1s asombroso de este \u00f3rgano. La estructura y los procesos intestinales son extremadamente complejos &#8211; y como sugieren los resultados de investigaciones recientes, el intestino es responsable de mucho m\u00e1s que la digesti\u00f3n de los alimentos. Parece que tambi\u00e9n tiene una influencia significativa en nuestra <strong>salud f\u00edsica y mental<\/strong>.<\/p>\n\n\n\n<p>El intestino se encuentra entre el est\u00f3mago y el recto y se puede dividir en tres partes:<\/p>\n\n\n\n<ul class=\"wp-block-list\">\n<li>intestino delgado<\/li>\n\n\n\n<li>colon<\/li>\n\n\n\n<li>recto<\/li>\n<\/ul>\n\n\n\n<p>La interacci\u00f3n de estas partes ha recibido recientemente especial atenci\u00f3n cient\u00edfica &#8211; el intestino es visto desde un punto de vista hol\u00edstico. Los resultados de investigaciones recientes han revelado dos hallazgos fundamentales:<\/p>\n\n\n\n<ul class=\"wp-block-list\">\n<li>El intestino puede comunicarse directamente con el cerebro e intercambiar informaci\u00f3n.<\/li>\n\n\n\n<li>La flora intestinal tiene una gran influencia en la salud del ser humano.<\/li>\n<\/ul>\n\n\n\n<p>C\u00f3mo es que ambos trabajan exactamente, no ha sido investigado de manera concluyente. Sin embargo, cuanta m\u00e1s informaci\u00f3n se obtiene sobre el \u00f3rgano, m\u00e1s claridad se tiene de <strong>lo mucho que hace el intestino<\/strong>.<\/p>\n\n\n\n<h2 class=\"wp-block-heading\" id=\"h-comunicacion-entre-intestino-y-cerebro\">Comunicaci\u00f3n entre intestino y cerebro<\/h2>\n\n\n\n<p>El intestino humano es, adem\u00e1s del cerebro, el \u00fanico \u00f3rgano con <strong>c\u00e9lulas nerviosas aut\u00f3nomas<\/strong>. Esto significa que no necesita ning\u00fan est\u00edmulo del cerebro para asumir sus m\u00faltiples tareas. La uni\u00f3n de las c\u00e9lulas nerviosas en el intestino se denomina sistema nervioso ent\u00e9rico (SNE). Ciertamente no es posible pensar con \u00e9l, pero el SNE controla muchos procesos de manera independiente, como los movimientos intestinales. Las c\u00e9lulas nerviosas en el intestino son muy similares a las del cerebro, pueden producir los mismos neurotransmisores y por lo tanto pueden comunicarse con las c\u00e9lulas del cerebro.<\/p>\n\n\n\n<p>Sin embargo, esta no es la \u00fanica manera de intercambiar informaci\u00f3n entre los dos \u00f3rganos. El intestino es tambi\u00e9n <strong>la gl\u00e1ndula hormonal m\u00e1s grande del cuerpo<\/strong> y est\u00e1 intercalado con c\u00e9lulas enteroendocrinas (CEE). Estas c\u00e9lulas producen hormonas que pueden, por ejemplo, enviar una se\u00f1al de hambre al cerebro.<\/p>\n\n\n\n<p>Incluso se asume que <strong>la flora intestinal puede establecer contacto directo con el cerebro<\/strong>. La totalidad de bacterias, hongos de levadura y todos los dem\u00e1s microorganismos en el intestino se conoce como el microbioma. El cual puede producir sustancias biol\u00f3gicamente activas, incluyendo neurotransmisores. \u00c9stas son precisamente las sustancias con las que se comunican las c\u00e9lulas nerviosas, por ejemplo, entre el cerebro y el intestino.<\/p>\n\n\n\n<h3 class=\"wp-block-heading\" id=\"h-el-intestino-y-su-microbioma\">El intestino y su microbioma<\/h3>\n\n\n\n<p>El microbioma es <strong>\u00fanico en cada ser humano<\/strong>, pero las <a href=\"https:\/\/biomes.world\/es\/cosas-a-saber\/intestino\/bacterias-intestinales\/\">bacterias intestinales<\/a> y otros microorganismos siempre realizan una variedad de tareas. Estos incluyen, por ejemplo, la conversi\u00f3n de sustancias no digeribles en sustancias digeribles o el fortalecimiento del sistema inmunol\u00f3gico. Las investigaciones m\u00e1s recientes sugieren que la composici\u00f3n del microbioma tambi\u00e9n podr\u00eda tener efectos muy concretos en enfermedades tan diversas como la depresi\u00f3n, la obesidad o la diabetes. Las bacterias, hongos y virus que viven en los intestinos de una persona pueden afectar su salud mental y f\u00edsica.<\/p>\n\n\n\n<h3 class=\"wp-block-heading\" id=\"h-el-intestino-y-su-salud\">El intestino y su salud<\/h3>\n\n\n\n<p>La ciencia a\u00fan no ha investigado de manera concluyente c\u00f3mo se comunica el intestino con el cerebro y a\u00fan no conoce todas las conexiones entre los procesos en el intestino y la salud de todo el organismo. Se considera cierto que la comunicaci\u00f3n se lleva a cabo y que el intestino ejerce una influencia considerable en la salud general de los seres humanos. Qui\u00e9n se preocupa por su <a href=\"https:\/\/biomes.world\/es\/cosas-a-saber\/intestino\/salud-intestinal\/\">salud digestiva<\/a>, hace tambi\u00e9n algo por <strong>el bienestar del cuerpo y del alma<\/strong>.<\/p>\n\n\n\n<p>Pero, \u00bfcu\u00e1les son las posibilidades de apoyar la salud intestinal? Una dieta equilibrada con muchas frutas y verduras es un buen comienzo. Especialmente los llamados <strong>alimentos probi\u00f3ticos<\/strong> parecen tener un efecto positivo sobre las bacterias especialmente \u00fatiles en los intestinos. Estos alimentos son, por ejemplo, el chucrut, el yogur o el k\u00e9fir.<\/p>\n\n\n\n<p>Tambi\u00e9n hay suplementos diet\u00e9ticos que pueden ayudar a la flora intestinal. Pero antes de que hagas algo por una rehabilitaci\u00f3n de tus intestinos , deber\u00edas conocer muy bien a tu <strong>microbioma personal<\/strong>. El autotest de la flora intestinal de <strong>BIOMES<\/strong> es ideal para ello.<\/p>\n\n\n\n<h2 class=\"wp-block-heading\" id=\"h-aprende-mas-sobre-tu-propio-microbioma-con-biomes\">Aprende m\u00e1s sobre tu propio microbioma con <strong>BIOMES<\/strong><\/h2>\n\n\n\n<p>Para el an\u00e1lisis intestinal <a href=\"https:\/\/biomes-salued.es\"><strong>INTEST.<\/strong>pro<\/a> de <strong>BIOMES<\/strong> puedes tomar una muestra de heces en casa con un bastoncillo de algod\u00f3n, que luego ser\u00e1 enviada al laboratorio para ser analizada. Los resultados se reciben digitalmente en panel (dashboard) protegido con contrase\u00f1a. Adem\u00e1s de analizar la flora intestinal y sus debilidades, <strong>BIOMES<\/strong> tambi\u00e9n te puede dar recomendaciones sobre c\u00f3mo apoyar tu salud intestinal.<\/p>\n\n\n<div\n    id=\"hero-teaser-block_0b780b750f374f2e50430468e4281f6b\"\n    class=\"hero-teaser site-block\"\n>\n    <div class=\"hero-teaser__media\">\n        <img decoding=\"async\"\n            src=\"https:\/\/biomes.world\/wp-content\/uploads\/2019\/12\/Darmflora_Immunsystem_aus_dem_Bauch_heraus-1600x650.jpg\"\n            alt=\"\"\n            srcset=\"https:\/\/biomes.world\/wp-content\/uploads\/2019\/12\/Darmflora_Immunsystem_aus_dem_Bauch_heraus-300x169.jpg 300w, https:\/\/biomes.world\/wp-content\/uploads\/2019\/12\/Darmflora_Immunsystem_aus_dem_Bauch_heraus-1024x576.jpg 1024w, https:\/\/biomes.world\/wp-content\/uploads\/2019\/12\/Darmflora_Immunsystem_aus_dem_Bauch_heraus-768x432.jpg 768w, https:\/\/biomes.world\/wp-content\/uploads\/2019\/12\/Darmflora_Immunsystem_aus_dem_Bauch_heraus-1536x864.jpg 1536w, https:\/\/biomes.world\/wp-content\/uploads\/2019\/12\/Darmflora_Immunsystem_aus_dem_Bauch_heraus-250x141.jpg 250w, https:\/\/biomes.world\/wp-content\/uploads\/2019\/12\/Darmflora_Immunsystem_aus_dem_Bauch_heraus.jpg 1620w\"\n            sizes=\"(max-width: 30em) 100vw, (max-width: 48em) 100vw, (max-width: 62em) 100vw, (max-width: 75em) 100vw, 1400px\t\"\n        >\n    <\/div>\n    <div class=\"hero-teaser__header\">\n        <div class=\"hero-teaser__col column\">\n            <h2 class=\"hero-teaser__title\">\n                <span>M\u00e1s informaci\u00f3n sobre INTEST.pro<\/span>\n                El test intestinal de BIOMES            <\/h2>\n            \n\n<p>\u00bfC\u00f3mo analizamos tu flora intestinal? \u00bfQu\u00e9 incluye exactamente la prueba? \u00bfD\u00f3nde puedes comprar <strong>INTEST.<\/strong>pro?<br>\u00bfY c\u00f3mo protegemos tus datos?<\/p>\n\n\n\n<div class=\"wp-block-buttons is-layout-flex wp-block-buttons-is-layout-flex\">\n<div class=\"wp-block-button\"><a class=\"wp-block-button__link wp-element-button\" href=\"https:\/\/biomes-salued.es?wcacra=6995858\" target=\"_blank\" rel=\"noreferrer noopener\">Informaci\u00f3n detallada<\/a><\/div>\n<\/div>\n\n        <\/div>\n    <\/div>\n<\/div>\n","protected":false},"excerpt":{"rendered":"<p>Intestino El intestino humano: Un \u00f3rgano muy especial La longitud promedio del intestino de un adulto es de seis metros. Sin embargo, esto no es de ninguna manera lo m\u00e1s asombroso de este \u00f3rgano. La estructura y los procesos intestinales son extremadamente complejos &#8211; y como sugieren los resultados de investigaciones recientes, el intestino es [&#8230;]<\/p>\n","protected":false},"author":3168,"featured_media":0,"parent":511182,"menu_order":2,"comment_status":"closed","ping_status":"closed","template":"","meta":{"_acf_changed":false,"footnotes":""},"class_list":["post-592836","page","type-page","status-publish","hentry"],"acf":[],"yoast_head":"<!-- This site is optimized with the Yoast SEO plugin v27.4 - https:\/\/yoast.com\/product\/yoast-seo-wordpress\/ -->\n<title>Categoria: Intestino - BIOMES - Feel better<\/title>\n<meta name=\"description\" content=\"La estructura intestinal es tan compleja como las funciones del \u00f3rgano. Influye en la salud f\u00edsica y mental - c\u00f3mo, aun se sigue investigando.\" \/>\n<meta name=\"robots\" content=\"index, follow, max-snippet:-1, max-image-preview:large, max-video-preview:-1\" \/>\n<link rel=\"canonical\" href=\"https:\/\/biomes.world\/es\/cosas-a-saber\/intestino\/\" \/>\n<meta property=\"og:locale\" content=\"es_ES\" \/>\n<meta property=\"og:type\" content=\"article\" \/>\n<meta property=\"og:title\" content=\"Categoria: Intestino - BIOMES - Feel better\" \/>\n<meta property=\"og:description\" content=\"La estructura intestinal es tan compleja como las funciones del \u00f3rgano. Influye en la salud f\u00edsica y mental - c\u00f3mo, aun se sigue investigando.\" \/>\n<meta property=\"og:url\" content=\"https:\/\/biomes.world\/es\/cosas-a-saber\/intestino\/\" \/>\n<meta property=\"og:site_name\" content=\"BIOMES - Feel better\" \/>\n<meta property=\"article:publisher\" content=\"https:\/\/de-de.facebook.com\/BIOMES.world\/\" \/>\n<meta property=\"article:modified_time\" content=\"2023-03-03T10:06:59+00:00\" \/>\n<meta name=\"twitter:card\" content=\"summary_large_image\" \/>\n<meta name=\"twitter:label1\" content=\"Tiempo de lectura\" \/>\n\t<meta name=\"twitter:data1\" content=\"5 minutos\" \/>\n<script type=\"application\/ld+json\" class=\"yoast-schema-graph\">{\"@context\":\"https:\\\/\\\/schema.org\",\"@graph\":[{\"@type\":\"WebPage\",\"@id\":\"https:\\\/\\\/biomes.world\\\/es\\\/cosas-a-saber\\\/intestino\\\/\",\"url\":\"https:\\\/\\\/biomes.world\\\/es\\\/cosas-a-saber\\\/intestino\\\/\",\"name\":\"Categoria: Intestino - BIOMES - Feel better\",\"isPartOf\":{\"@id\":\"https:\\\/\\\/biomes.world\\\/es\\\/#website\"},\"datePublished\":\"2022-06-21T09:38:19+00:00\",\"dateModified\":\"2023-03-03T10:06:59+00:00\",\"description\":\"La estructura intestinal es tan compleja como las funciones del \u00f3rgano. Influye en la salud f\u00edsica y mental - c\u00f3mo, aun se sigue investigando.\",\"breadcrumb\":{\"@id\":\"https:\\\/\\\/biomes.world\\\/es\\\/cosas-a-saber\\\/intestino\\\/#breadcrumb\"},\"inLanguage\":\"es\",\"potentialAction\":[{\"@type\":\"ReadAction\",\"target\":[\"https:\\\/\\\/biomes.world\\\/es\\\/cosas-a-saber\\\/intestino\\\/\"]}]},{\"@type\":\"BreadcrumbList\",\"@id\":\"https:\\\/\\\/biomes.world\\\/es\\\/cosas-a-saber\\\/intestino\\\/#breadcrumb\",\"itemListElement\":[{\"@type\":\"ListItem\",\"position\":1,\"name\":\"Home\",\"item\":\"https:\\\/\\\/biomes.world\\\/es\\\/\"},{\"@type\":\"ListItem\",\"position\":2,\"name\":\"My Health, My Life\",\"item\":\"https:\\\/\\\/biomes.world\\\/es\\\/cosas-a-saber\\\/\"},{\"@type\":\"ListItem\",\"position\":3,\"name\":\"Categoria: Intestino\"}]},{\"@type\":\"WebSite\",\"@id\":\"https:\\\/\\\/biomes.world\\\/es\\\/#website\",\"url\":\"https:\\\/\\\/biomes.world\\\/es\\\/\",\"name\":\"BIOMES - Feel better\",\"description\":\"Cutting-edge biotechnology used to help people\",\"publisher\":{\"@id\":\"https:\\\/\\\/biomes.world\\\/es\\\/#organization\"},\"potentialAction\":[{\"@type\":\"SearchAction\",\"target\":{\"@type\":\"EntryPoint\",\"urlTemplate\":\"https:\\\/\\\/biomes.world\\\/es\\\/?s={search_term_string}\"},\"query-input\":{\"@type\":\"PropertyValueSpecification\",\"valueRequired\":true,\"valueName\":\"search_term_string\"}}],\"inLanguage\":\"es\"},{\"@type\":\"Organization\",\"@id\":\"https:\\\/\\\/biomes.world\\\/es\\\/#organization\",\"name\":\"BIOMES 4.0 GmbH\",\"url\":\"https:\\\/\\\/biomes.world\\\/es\\\/\",\"logo\":{\"@type\":\"ImageObject\",\"inLanguage\":\"es\",\"@id\":\"https:\\\/\\\/biomes.world\\\/es\\\/#\\\/schema\\\/logo\\\/image\\\/\",\"url\":\"http:\\\/\\\/biomes.world\\\/wp-content\\\/uploads\\\/2024\\\/04\\\/biomes_logo_2021_RGB.png\",\"contentUrl\":\"http:\\\/\\\/biomes.world\\\/wp-content\\\/uploads\\\/2024\\\/04\\\/biomes_logo_2021_RGB.png\",\"width\":10040,\"height\":2599,\"caption\":\"BIOMES 4.0 GmbH\"},\"image\":{\"@id\":\"https:\\\/\\\/biomes.world\\\/es\\\/#\\\/schema\\\/logo\\\/image\\\/\"},\"sameAs\":[\"https:\\\/\\\/de-de.facebook.com\\\/BIOMES.world\\\/\",\"https:\\\/\\\/www.youtube.com\\\/@BIOMESworld\",\"https:\\\/\\\/www.instagram.com\\\/biomes_official\\\/\"]}]}<\/script>\n<!-- \/ Yoast SEO plugin. -->","yoast_head_json":{"title":"Categoria: Intestino - BIOMES - Feel better","description":"La estructura intestinal es tan compleja como las funciones del \u00f3rgano. Influye en la salud f\u00edsica y mental - c\u00f3mo, aun se sigue investigando.","robots":{"index":"index","follow":"follow","max-snippet":"max-snippet:-1","max-image-preview":"max-image-preview:large","max-video-preview":"max-video-preview:-1"},"canonical":"https:\/\/biomes.world\/es\/cosas-a-saber\/intestino\/","og_locale":"es_ES","og_type":"article","og_title":"Categoria: Intestino - BIOMES - Feel better","og_description":"La estructura intestinal es tan compleja como las funciones del \u00f3rgano. Influye en la salud f\u00edsica y mental - c\u00f3mo, aun se sigue investigando.","og_url":"https:\/\/biomes.world\/es\/cosas-a-saber\/intestino\/","og_site_name":"BIOMES - Feel better","article_publisher":"https:\/\/de-de.facebook.com\/BIOMES.world\/","article_modified_time":"2023-03-03T10:06:59+00:00","twitter_card":"summary_large_image","twitter_misc":{"Tiempo de lectura":"5 minutos"},"schema":{"@context":"https:\/\/schema.org","@graph":[{"@type":"WebPage","@id":"https:\/\/biomes.world\/es\/cosas-a-saber\/intestino\/","url":"https:\/\/biomes.world\/es\/cosas-a-saber\/intestino\/","name":"Categoria: Intestino - BIOMES - Feel better","isPartOf":{"@id":"https:\/\/biomes.world\/es\/#website"},"datePublished":"2022-06-21T09:38:19+00:00","dateModified":"2023-03-03T10:06:59+00:00","description":"La estructura intestinal es tan compleja como las funciones del \u00f3rgano. Influye en la salud f\u00edsica y mental - c\u00f3mo, aun se sigue investigando.","breadcrumb":{"@id":"https:\/\/biomes.world\/es\/cosas-a-saber\/intestino\/#breadcrumb"},"inLanguage":"es","potentialAction":[{"@type":"ReadAction","target":["https:\/\/biomes.world\/es\/cosas-a-saber\/intestino\/"]}]},{"@type":"BreadcrumbList","@id":"https:\/\/biomes.world\/es\/cosas-a-saber\/intestino\/#breadcrumb","itemListElement":[{"@type":"ListItem","position":1,"name":"Home","item":"https:\/\/biomes.world\/es\/"},{"@type":"ListItem","position":2,"name":"My Health, My Life","item":"https:\/\/biomes.world\/es\/cosas-a-saber\/"},{"@type":"ListItem","position":3,"name":"Categoria: Intestino"}]},{"@type":"WebSite","@id":"https:\/\/biomes.world\/es\/#website","url":"https:\/\/biomes.world\/es\/","name":"BIOMES - Feel better","description":"Cutting-edge biotechnology used to help people","publisher":{"@id":"https:\/\/biomes.world\/es\/#organization"},"potentialAction":[{"@type":"SearchAction","target":{"@type":"EntryPoint","urlTemplate":"https:\/\/biomes.world\/es\/?s={search_term_string}"},"query-input":{"@type":"PropertyValueSpecification","valueRequired":true,"valueName":"search_term_string"}}],"inLanguage":"es"},{"@type":"Organization","@id":"https:\/\/biomes.world\/es\/#organization","name":"BIOMES 4.0 GmbH","url":"https:\/\/biomes.world\/es\/","logo":{"@type":"ImageObject","inLanguage":"es","@id":"https:\/\/biomes.world\/es\/#\/schema\/logo\/image\/","url":"http:\/\/biomes.world\/wp-content\/uploads\/2024\/04\/biomes_logo_2021_RGB.png","contentUrl":"http:\/\/biomes.world\/wp-content\/uploads\/2024\/04\/biomes_logo_2021_RGB.png","width":10040,"height":2599,"caption":"BIOMES 4.0 GmbH"},"image":{"@id":"https:\/\/biomes.world\/es\/#\/schema\/logo\/image\/"},"sameAs":["https:\/\/de-de.facebook.com\/BIOMES.world\/","https:\/\/www.youtube.com\/@BIOMESworld","https:\/\/www.instagram.com\/biomes_official\/"]}]}},"_links":{"self":[{"href":"https:\/\/biomes.world\/es\/wp-json\/wp\/v2\/pages\/592836","targetHints":{"allow":["GET"]}}],"collection":[{"href":"https:\/\/biomes.world\/es\/wp-json\/wp\/v2\/pages"}],"about":[{"href":"https:\/\/biomes.world\/es\/wp-json\/wp\/v2\/types\/page"}],"author":[{"embeddable":true,"href":"https:\/\/biomes.world\/es\/wp-json\/wp\/v2\/users\/3168"}],"replies":[{"embeddable":true,"href":"https:\/\/biomes.world\/es\/wp-json\/wp\/v2\/comments?post=592836"}],"version-history":[{"count":0,"href":"https:\/\/biomes.world\/es\/wp-json\/wp\/v2\/pages\/592836\/revisions"}],"up":[{"embeddable":true,"href":"https:\/\/biomes.world\/es\/wp-json\/wp\/v2\/pages\/511182"}],"wp:attachment":[{"href":"https:\/\/biomes.world\/es\/wp-json\/wp\/v2\/media?parent=592836"}],"curies":[{"name":"wp","href":"https:\/\/api.w.org\/{rel}","templated":true}]}}