{"id":592821,"date":"2022-06-21T11:30:04","date_gmt":"2022-06-21T09:30:04","guid":{"rendered":"http:\/\/biomes.world\/te-interesa-saberlo\/adelgazar\/adipositas\/"},"modified":"2023-08-21T16:38:31","modified_gmt":"2023-08-21T14:38:31","slug":"adiposis","status":"publish","type":"page","link":"https:\/\/biomes.world\/es\/cosas-a-saber\/adelgazar\/adiposis\/","title":{"rendered":"Categoria: Adiposis"},"content":{"rendered":"\n<h1 class=\"wp-block-heading\" id=\"h-adiposis\">Adiposis<\/h1>\n\n\n\n<blockquote class=\"wp-block-quote is-layout-flow wp-block-quote-is-layout-flow\">\n<p>Sobrepeso: S\u00f3lo en Alemania, alrededor del 67 por ciento de todos los hombres y el 53 por ciento de todas las mujeres tienen sobrepeso. Una cuarta parte de ellos incluso sufren de sobrepeso patol\u00f3gico, la llamada adiposis.<a href=\"https:\/\/biomes.world\/es\/cosas-a-saber\/adelgazar\/adiposis\/#fn-1\"><sup>1<\/sup><\/a> Pero, \u00bfqu\u00e9 es esto realmente? \u00bfY cu\u00e1ndo se considera sobrepeso?<\/p>\n<\/blockquote>\n\n\n\n<h2 class=\"wp-block-heading\" id=\"h-adiposis-una-definicion\">Adiposis: Una definici\u00f3n<\/h2>\n\n\n\n<p><strong>Adiposis es el t\u00e9rmino m\u00e9dico para \u00abobesidad\u00bb. Las personas que tienen tanto sobrepeso que su salud est\u00e1 fuertemente da\u00f1ada son consideradas obesas. La obesidad es una enfermedad cr\u00f3nica reconocida que puede tener varias causas.<\/strong><\/p>\n\n\n\n<h2 class=\"wp-block-heading\" id=\"h-como-se-desarrolla-la-obesidad\">\u00bfC\u00f3mo se desarrolla la obesidad?<\/h2>\n\n\n\n<p>La obesidad no se desarrolla de la noche a la ma\u00f1ana, sino durante muchos a\u00f1os. Aquellos que suministran a su cuerpo m\u00e1s energ\u00eda (calor\u00edas) durante un per\u00edodo de tiempo m\u00e1s largo de lo que consumen diariamente aumentar\u00e1n a largo plazo. Decisivo para el fuerte <strong>aumento de la ingesta de calor\u00edas<\/strong> es a menudo una dieta poco saludable o unilateral. Los alimentos altamente procesados con una cantidad considerable de az\u00facar y grasa contribuyen al hecho de que las personas afectadas consumen m\u00e1s calor\u00edas de las que necesitan. Adem\u00e1s, los alimentos poco saludables y ricos en grasas estimulan el apetito. Si comes principalmente estos alimentos, a menudo tendr\u00e1s hambre m\u00e1s r\u00e1pido y consumir\u00e1s mucho m\u00e1s de lo que realmente necesitas.<\/p>\n\n\n\n<p>Sin embargo, la obesidad no se puede medir con exactitud. El llamado \u00cdndice de Masa Corporal (IMC), una recomendaci\u00f3n de la OMS (Organizaci\u00f3n Mundial de la Salud), distingue cuatro <a href=\"https:\/\/biomes.world\/es\/cosas-a-saber\/adelgazar\/adiposis-grados\/\">grados de obesidad <\/a>. El IMC, sin embargo, s\u00f3lo sirve como una gu\u00eda aproximada y no es adecuado como una herramienta de diagn\u00f3stico \u00fanica.<\/p>\n\n\n\n<h2 class=\"wp-block-heading\" id=\"h-que-promueve-el-desarrollo-de-la-obesidad\">\u00bfQu\u00e9 promueve el desarrollo de la obesidad?<\/h2>\n\n\n\n<p>Adem\u00e1s de una dieta poco saludable, hay otros factores que pueden promover el desarrollo de la obesidad. En particular, la <strong>falta de ejercicio<\/strong> combinada con una dieta alta en calor\u00edas lleva r\u00e1pidamente a un aumento en el peso corporal. Aquellos que no hacen suficiente ejercicio durante un per\u00edodo de tiempo m\u00e1s largo y al mismo tiempo consumen m\u00e1s calor\u00edas de las que queman a trav\u00e9s de la actividad f\u00edsica, inevitablemente aumentar\u00e1n a largo plazo.<\/p>\n\n\n\n<p>Los genes tambi\u00e9n pueden jugar un papel en si subes de peso m\u00e1s r\u00e1pido o si puedes mantener tu peso m\u00e1s f\u00e1cilmente. Lo m\u00e1s importante es c\u00f3mo tu cuerpo utiliza los alimentos que comes. Los estudios muestran que los ni\u00f1os con un padre obeso tienen un riesgo tres veces mayor de enfermedad y los ni\u00f1os con dos padres obesos tienen un riesgo 15 veces mayor. <a href=\"https:\/\/biomes.world\/es\/cosas-a-saber\/adelgazar\/adiposis\/#fn-2\"><sup>2<\/sup><\/a><\/p>\n\n\n\n<p>Los factores psicol\u00f3gicos tambi\u00e9n pueden jugar un papel. Para muchas personas, comer es una forma de manejar el <strong>estr\u00e9s o la frustraci\u00f3n<\/strong>. Si el nivel de estr\u00e9s y frustraci\u00f3n es permanentemente demasiado alto, esto puede afectar el peso. Los trastornos hormonales como el hipotiroidismo y el uso prolongado de medicamentos como la insulina o los neurol\u00e9pticos tambi\u00e9n pueden aumentar el riesgo de obesidad.<\/p>\n\n\n<div\n    id=\"hero-teaser-block_a9872e28e7c5bb7419309c72fdd4ccb8\"\n    class=\"hero-teaser site-block\"\n>\n    <div class=\"hero-teaser__media\">\n        <img decoding=\"async\"\n            src=\"https:\/\/biomes.world\/wp-content\/uploads\/2021\/05\/Nahrungsergaenzungsmittel-LEAN_CTA_ES.webp\"\n            alt=\"\"\n            srcset=\"https:\/\/biomes.world\/wp-content\/uploads\/2021\/05\/Nahrungsergaenzungsmittel-LEAN_CTA_ES-300x120.webp 300w, https:\/\/biomes.world\/wp-content\/uploads\/2021\/05\/Nahrungsergaenzungsmittel-LEAN_CTA_ES-1024x410.webp 1024w, https:\/\/biomes.world\/wp-content\/uploads\/2021\/05\/Nahrungsergaenzungsmittel-LEAN_CTA_ES-768x307.webp 768w, https:\/\/biomes.world\/wp-content\/uploads\/2021\/05\/Nahrungsergaenzungsmittel-LEAN_CTA_ES-250x100.webp 250w, https:\/\/biomes.world\/wp-content\/uploads\/2021\/05\/Nahrungsergaenzungsmittel-LEAN_CTA_ES.webp 1500w\"\n            sizes=\"(max-width: 30em) 100vw, (max-width: 48em) 100vw, (max-width: 62em) 100vw, (max-width: 75em) 100vw, 1400px\t\"\n        >\n    <\/div>\n    <div class=\"hero-teaser__header\">\n        <div class=\"hero-teaser__col column\">\n            <h2 class=\"hero-teaser__title\">\n                <span>Complemento alimenticio<\/span>\n                Cultivos bacterianos para el intestino            <\/h2>\n            \n\n<p>Conoce m\u00e1s sobre<strong> LEAN<\/strong>.pro, el complemento alimenticio con cultivos bacterianos, vitaminas y glucomananos para tu intestino de <strong>BIOMES<\/strong>.<\/p>\n\n\n\n<div class=\"wp-block-buttons is-layout-flex wp-block-buttons-is-layout-flex\">\n<div class=\"wp-block-button\"><a class=\"wp-block-button__link wp-element-button\" href=\"https:\/\/biomes-salud.es\/products\/lean-pro\" target=\"_blank\" rel=\"noreferrer noopener\">M\u00e1s informaci\u00f3n<\/a><\/div>\n<\/div>\n\n        <\/div>\n    <\/div>\n<\/div>\n\n\n\n<h2 class=\"wp-block-heading\" id=\"h-que-sintomas-son-caracteristicos-de-la-obesidad\">\u00bfQu\u00e9 s\u00edntomas son caracter\u00edsticos de la obesidad?<\/h2>\n\n\n\n<p>Un trastorno de obesidad afecta a todo el cuerpo: Mientras m\u00e1s peso en exceso muestre la b\u00e1scula, m\u00e1s notorios ser\u00e1n los s\u00edntomas y los efectos secundarios. Especialmente las articulaciones afectadas, como las de la cadera, rodilla y tobillo, sufren el aumento de peso. La parte inferior de la columna vertebral tambi\u00e9n est\u00e1 muy estresada. Como resultado, las articulaciones <strong>se desgastan m\u00e1s r\u00e1pido<\/strong> y los pacientes se quejan cada vez m\u00e1s de dolor de espalda y rodilla.<\/p>\n\n\n\n<p>Adem\u00e1s, los pulmones de las personas que sufren de obesidad deben tener un rendimiento significativamente mejor que los de las personas con <a href=\"https:\/\/biomes.world\/es\/cosas-a-saber\/fitness-y-bienestar\/calcular-peso-ideal\/\" target=\"_blank\" rel=\"noreferrer noopener\">peso ideal<\/a> . Porque el aumento de peso corporal lleva al hecho de que el cuerpo necesite m\u00e1s ox\u00edgeno. Pero a pesar del aumento de la carga de trabajo, los pulmones a menudo son incapaces de hacer frente al d\u00e9ficit de ox\u00edgeno por s\u00ed solos. Una deficiencia cr\u00f3nica de ox\u00edgeno amenaza. Adem\u00e1s, hay breves pausas en la respiraci\u00f3n durante el sue\u00f1o (apnea del sue\u00f1o), que favorecen la deficiencia de ox\u00edgeno.<\/p>\n\n\n\n<p>Adem\u00e1s, el coraz\u00f3n tiene que tener un rendimiento considerablemente mejor en las enfermedades de la obesidad, porque de lo contrario la plena funcionalidad del sistema de circulaci\u00f3n sangu\u00ednea ya no est\u00e1 garantizada. Un <strong>uso m\u00e1s fuerte del coraz\u00f3n<\/strong> puede llevar a secuelas graves a largo plazo como presi\u00f3n arterial alta, insuficiencia card\u00edaca cr\u00f3nica y un mayor riesgo de ataque card\u00edaco.<\/p>\n\n\n\n<p>Otros s\u00edntomas de la obesidad incluyen fatiga y agotamiento, brotes de sudoraci\u00f3n y baja resiliencia f\u00edsica. Como resultado del aislamiento social asociado con la obesidad, la enfermedad tambi\u00e9n puede llevar a la depresi\u00f3n.<\/p>\n\n\n\n<h3 class=\"wp-block-heading\" id=\"h-sintomas\">S\u00edntomas<\/h3>\n\n\n\n<ol class=\"wp-block-list\">\n<li>Dolor en las articulaciones<\/li>\n\n\n\n<li>Deficiencia cr\u00f3nica de ox\u00edgeno<\/li>\n\n\n\n<li>Apnea del sue\u00f1o<\/li>\n\n\n\n<li>Alta presi\u00f3n sangu\u00ednea<\/li>\n\n\n\n<li>Fallo card\u00edaco cr\u00f3nico<\/li>\n\n\n\n<li>Fatiga<\/li>\n\n\n\n<li>Agotamiento<\/li>\n\n\n\n<li>Brotes de sudor<\/li>\n\n\n\n<li>Baja capacidad f\u00edsica<\/li>\n\n\n\n<li>Depresiones<\/li>\n<\/ol>\n\n\n\n<h2 class=\"wp-block-heading\" id=\"h-prevenir-la-obesidad-con-un-plan-de-alimentacion\">Prevenir la obesidad con un plan de alimentaci\u00f3n<\/h2>\n\n\n\n<p>No todos los factores de riesgo est\u00e1n en nuestras manos, pero nuestra dieta s\u00ed. Si integras una dieta saludable en tu vida diaria, puedes reducir significativamente el riesgo de obesidad.<\/p>\n\n\n\n<p>El requisito b\u00e1sico para ello es una dieta fuerte y equilibrada, que incluya comidas nutritivas pero bajas en calor\u00edas. Frutas y verduras, productos integrales, aceites vegetales, nueces y semillas, as\u00ed como carne magra y pescado no deber\u00edan faltar en el&nbsp;<a href=\"https:\/\/biomes.world\/es\/cosas-a-saber\/alimentacion\/plan-de-alimentacion\/\">plan de alimentaci\u00f3n&nbsp;<\/a>.<\/p>\n\n\n\n<p>Debes evitar los alimentos muy procesados que son ricos en az\u00facar, grasa y aditivos.<\/p>\n\n\n<div\n    id=\"hero-teaser-block_cfeed8d9b086887be925cba247bd7c94\"\n    class=\"hero-teaser site-block\"\n>\n    <div class=\"hero-teaser__media\">\n        <img decoding=\"async\"\n            src=\"https:\/\/biomes.world\/wp-content\/uploads\/2019\/12\/Darmflora_Immunsystem_aus_dem_Bauch_heraus-1600x650.jpg\"\n            alt=\"\"\n            srcset=\"https:\/\/biomes.world\/wp-content\/uploads\/2019\/12\/Darmflora_Immunsystem_aus_dem_Bauch_heraus-300x169.jpg 300w, https:\/\/biomes.world\/wp-content\/uploads\/2019\/12\/Darmflora_Immunsystem_aus_dem_Bauch_heraus-1024x576.jpg 1024w, https:\/\/biomes.world\/wp-content\/uploads\/2019\/12\/Darmflora_Immunsystem_aus_dem_Bauch_heraus-768x432.jpg 768w, https:\/\/biomes.world\/wp-content\/uploads\/2019\/12\/Darmflora_Immunsystem_aus_dem_Bauch_heraus-1536x864.jpg 1536w, https:\/\/biomes.world\/wp-content\/uploads\/2019\/12\/Darmflora_Immunsystem_aus_dem_Bauch_heraus-250x141.jpg 250w, https:\/\/biomes.world\/wp-content\/uploads\/2019\/12\/Darmflora_Immunsystem_aus_dem_Bauch_heraus.jpg 1620w\"\n            sizes=\"(max-width: 30em) 100vw, (max-width: 48em) 100vw, (max-width: 62em) 100vw, (max-width: 75em) 100vw, 1400px\t\"\n        >\n    <\/div>\n    <div class=\"hero-teaser__header\">\n        <div class=\"hero-teaser__col column\">\n            <h2 class=\"hero-teaser__title\">\n                <span>INTEST.pro<\/span>\n                Conoce qu\u00e9 alimentos pueden ayudarte a perder peso.            <\/h2>\n            \n\n<div class=\"wp-block-buttons is-layout-flex wp-block-buttons-is-layout-flex\">\n<div class=\"wp-block-button\"><a class=\"wp-block-button__link wp-element-button\" href=\"https:\/\/biomes-salued.es?wcacra=120484\" target=\"_blank\" rel=\"noreferrer noopener\">Empieza a tener \u00e9xito en la p\u00e9rdida de peso<\/a><\/div>\n<\/div>\n\n        <\/div>\n    <\/div>\n<\/div>\n\n\n\n<p class=\"footnote\" id=\"fn-1\">1. Robert Koch-Institut 2014, Studie DEGS1, Erhebung 2008\u20132011 <a href=\"https:\/\/biomes.world\/es\/cosas-a-saber\/adelgazar\/adiposis\/#fnref-1\">\u21a9<\/a><\/p>\n\n\n\n<p class=\"footnote\" id=\"fn-2\">2. <a href=\"https:\/\/www.stiftung-gesundheitswissen.de\/wissen\/adipositas\/hintergrund\">https:\/\/www.stiftung-gesundheitswissen.de\/wissen\/adipositas\/hintergrund<\/a> <a href=\"https:\/\/biomes.world\/es\/cosas-a-saber\/adelgazar\/adiposis\/#fnref-2\">\u21a9<\/a><\/p>\n","protected":false},"excerpt":{"rendered":"<p>Adiposis Sobrepeso: S\u00f3lo en Alemania, alrededor del 67 por ciento de todos los hombres y el 53 por ciento de todas las mujeres tienen sobrepeso. Una cuarta parte de ellos incluso sufren de sobrepeso patol\u00f3gico, la llamada adiposis.1 Pero, \u00bfqu\u00e9 es esto realmente? \u00bfY cu\u00e1ndo se considera sobrepeso? Adiposis: Una definici\u00f3n Adiposis es el t\u00e9rmino [&#8230;]<\/p>\n","protected":false},"author":3168,"featured_media":0,"parent":592810,"menu_order":0,"comment_status":"closed","ping_status":"closed","template":"","meta":{"_acf_changed":false,"footnotes":""},"class_list":["post-592821","page","type-page","status-publish","hentry"],"acf":[],"yoast_head":"<!-- This site is optimized with the Yoast SEO plugin v27.4 - https:\/\/yoast.com\/product\/yoast-seo-wordpress\/ -->\n<title>Categoria: Adiposis - BIOMES - Feel better<\/title>\n<meta name=\"description\" content=\"La adiposis es una enfermedad que puede tener muchas causas. Aprende todo sobre ella aqu\u00ed y recibe valiosos consejos de BIOMES.\" \/>\n<meta name=\"robots\" content=\"index, follow, max-snippet:-1, max-image-preview:large, max-video-preview:-1\" \/>\n<link rel=\"canonical\" href=\"https:\/\/biomes.world\/es\/cosas-a-saber\/adelgazar\/adiposis\/\" \/>\n<meta property=\"og:locale\" content=\"es_ES\" \/>\n<meta property=\"og:type\" content=\"article\" \/>\n<meta property=\"og:title\" content=\"Categoria: Adiposis - BIOMES - Feel better\" \/>\n<meta property=\"og:description\" content=\"La adiposis es una enfermedad que puede tener muchas causas. Aprende todo sobre ella aqu\u00ed y recibe valiosos consejos de BIOMES.\" \/>\n<meta property=\"og:url\" content=\"https:\/\/biomes.world\/es\/cosas-a-saber\/adelgazar\/adiposis\/\" \/>\n<meta property=\"og:site_name\" content=\"BIOMES - Feel better\" \/>\n<meta property=\"article:publisher\" content=\"https:\/\/de-de.facebook.com\/BIOMES.world\/\" \/>\n<meta property=\"article:modified_time\" content=\"2023-08-21T14:38:31+00:00\" \/>\n<meta name=\"twitter:card\" content=\"summary_large_image\" \/>\n<meta name=\"twitter:label1\" content=\"Tiempo de lectura\" \/>\n\t<meta name=\"twitter:data1\" content=\"5 minutos\" \/>\n<script type=\"application\/ld+json\" class=\"yoast-schema-graph\">{\"@context\":\"https:\\\/\\\/schema.org\",\"@graph\":[{\"@type\":\"WebPage\",\"@id\":\"https:\\\/\\\/biomes.world\\\/es\\\/cosas-a-saber\\\/adelgazar\\\/adiposis\\\/\",\"url\":\"https:\\\/\\\/biomes.world\\\/es\\\/cosas-a-saber\\\/adelgazar\\\/adiposis\\\/\",\"name\":\"Categoria: Adiposis - BIOMES - Feel better\",\"isPartOf\":{\"@id\":\"https:\\\/\\\/biomes.world\\\/es\\\/#website\"},\"datePublished\":\"2022-06-21T09:30:04+00:00\",\"dateModified\":\"2023-08-21T14:38:31+00:00\",\"description\":\"La adiposis es una enfermedad que puede tener muchas causas. Aprende todo sobre ella aqu\u00ed y recibe valiosos consejos de BIOMES.\",\"breadcrumb\":{\"@id\":\"https:\\\/\\\/biomes.world\\\/es\\\/cosas-a-saber\\\/adelgazar\\\/adiposis\\\/#breadcrumb\"},\"inLanguage\":\"es\",\"potentialAction\":[{\"@type\":\"ReadAction\",\"target\":[\"https:\\\/\\\/biomes.world\\\/es\\\/cosas-a-saber\\\/adelgazar\\\/adiposis\\\/\"]}]},{\"@type\":\"BreadcrumbList\",\"@id\":\"https:\\\/\\\/biomes.world\\\/es\\\/cosas-a-saber\\\/adelgazar\\\/adiposis\\\/#breadcrumb\",\"itemListElement\":[{\"@type\":\"ListItem\",\"position\":1,\"name\":\"Home\",\"item\":\"https:\\\/\\\/biomes.world\\\/es\\\/\"},{\"@type\":\"ListItem\",\"position\":2,\"name\":\"My Health, My Life\",\"item\":\"https:\\\/\\\/biomes.world\\\/es\\\/cosas-a-saber\\\/\"},{\"@type\":\"ListItem\",\"position\":3,\"name\":\"Categoria: Adelgazar\",\"item\":\"https:\\\/\\\/biomes.world\\\/es\\\/wissenswertes\\\/abnehmen\\\/\"},{\"@type\":\"ListItem\",\"position\":4,\"name\":\"Categoria: Adiposis\"}]},{\"@type\":\"WebSite\",\"@id\":\"https:\\\/\\\/biomes.world\\\/es\\\/#website\",\"url\":\"https:\\\/\\\/biomes.world\\\/es\\\/\",\"name\":\"BIOMES - Feel better\",\"description\":\"Cutting-edge biotechnology used to help people\",\"publisher\":{\"@id\":\"https:\\\/\\\/biomes.world\\\/es\\\/#organization\"},\"potentialAction\":[{\"@type\":\"SearchAction\",\"target\":{\"@type\":\"EntryPoint\",\"urlTemplate\":\"https:\\\/\\\/biomes.world\\\/es\\\/?s={search_term_string}\"},\"query-input\":{\"@type\":\"PropertyValueSpecification\",\"valueRequired\":true,\"valueName\":\"search_term_string\"}}],\"inLanguage\":\"es\"},{\"@type\":\"Organization\",\"@id\":\"https:\\\/\\\/biomes.world\\\/es\\\/#organization\",\"name\":\"BIOMES 4.0 GmbH\",\"url\":\"https:\\\/\\\/biomes.world\\\/es\\\/\",\"logo\":{\"@type\":\"ImageObject\",\"inLanguage\":\"es\",\"@id\":\"https:\\\/\\\/biomes.world\\\/es\\\/#\\\/schema\\\/logo\\\/image\\\/\",\"url\":\"http:\\\/\\\/biomes.world\\\/wp-content\\\/uploads\\\/2024\\\/04\\\/biomes_logo_2021_RGB.png\",\"contentUrl\":\"http:\\\/\\\/biomes.world\\\/wp-content\\\/uploads\\\/2024\\\/04\\\/biomes_logo_2021_RGB.png\",\"width\":10040,\"height\":2599,\"caption\":\"BIOMES 4.0 GmbH\"},\"image\":{\"@id\":\"https:\\\/\\\/biomes.world\\\/es\\\/#\\\/schema\\\/logo\\\/image\\\/\"},\"sameAs\":[\"https:\\\/\\\/de-de.facebook.com\\\/BIOMES.world\\\/\",\"https:\\\/\\\/www.youtube.com\\\/@BIOMESworld\",\"https:\\\/\\\/www.instagram.com\\\/biomes_official\\\/\"]}]}<\/script>\n<!-- \/ Yoast SEO plugin. -->","yoast_head_json":{"title":"Categoria: Adiposis - BIOMES - Feel better","description":"La adiposis es una enfermedad que puede tener muchas causas. Aprende todo sobre ella aqu\u00ed y recibe valiosos consejos de BIOMES.","robots":{"index":"index","follow":"follow","max-snippet":"max-snippet:-1","max-image-preview":"max-image-preview:large","max-video-preview":"max-video-preview:-1"},"canonical":"https:\/\/biomes.world\/es\/cosas-a-saber\/adelgazar\/adiposis\/","og_locale":"es_ES","og_type":"article","og_title":"Categoria: Adiposis - BIOMES - Feel better","og_description":"La adiposis es una enfermedad que puede tener muchas causas. Aprende todo sobre ella aqu\u00ed y recibe valiosos consejos de BIOMES.","og_url":"https:\/\/biomes.world\/es\/cosas-a-saber\/adelgazar\/adiposis\/","og_site_name":"BIOMES - Feel better","article_publisher":"https:\/\/de-de.facebook.com\/BIOMES.world\/","article_modified_time":"2023-08-21T14:38:31+00:00","twitter_card":"summary_large_image","twitter_misc":{"Tiempo de lectura":"5 minutos"},"schema":{"@context":"https:\/\/schema.org","@graph":[{"@type":"WebPage","@id":"https:\/\/biomes.world\/es\/cosas-a-saber\/adelgazar\/adiposis\/","url":"https:\/\/biomes.world\/es\/cosas-a-saber\/adelgazar\/adiposis\/","name":"Categoria: Adiposis - BIOMES - Feel better","isPartOf":{"@id":"https:\/\/biomes.world\/es\/#website"},"datePublished":"2022-06-21T09:30:04+00:00","dateModified":"2023-08-21T14:38:31+00:00","description":"La adiposis es una enfermedad que puede tener muchas causas. Aprende todo sobre ella aqu\u00ed y recibe valiosos consejos de BIOMES.","breadcrumb":{"@id":"https:\/\/biomes.world\/es\/cosas-a-saber\/adelgazar\/adiposis\/#breadcrumb"},"inLanguage":"es","potentialAction":[{"@type":"ReadAction","target":["https:\/\/biomes.world\/es\/cosas-a-saber\/adelgazar\/adiposis\/"]}]},{"@type":"BreadcrumbList","@id":"https:\/\/biomes.world\/es\/cosas-a-saber\/adelgazar\/adiposis\/#breadcrumb","itemListElement":[{"@type":"ListItem","position":1,"name":"Home","item":"https:\/\/biomes.world\/es\/"},{"@type":"ListItem","position":2,"name":"My Health, My Life","item":"https:\/\/biomes.world\/es\/cosas-a-saber\/"},{"@type":"ListItem","position":3,"name":"Categoria: Adelgazar","item":"https:\/\/biomes.world\/es\/wissenswertes\/abnehmen\/"},{"@type":"ListItem","position":4,"name":"Categoria: Adiposis"}]},{"@type":"WebSite","@id":"https:\/\/biomes.world\/es\/#website","url":"https:\/\/biomes.world\/es\/","name":"BIOMES - Feel better","description":"Cutting-edge biotechnology used to help people","publisher":{"@id":"https:\/\/biomes.world\/es\/#organization"},"potentialAction":[{"@type":"SearchAction","target":{"@type":"EntryPoint","urlTemplate":"https:\/\/biomes.world\/es\/?s={search_term_string}"},"query-input":{"@type":"PropertyValueSpecification","valueRequired":true,"valueName":"search_term_string"}}],"inLanguage":"es"},{"@type":"Organization","@id":"https:\/\/biomes.world\/es\/#organization","name":"BIOMES 4.0 GmbH","url":"https:\/\/biomes.world\/es\/","logo":{"@type":"ImageObject","inLanguage":"es","@id":"https:\/\/biomes.world\/es\/#\/schema\/logo\/image\/","url":"http:\/\/biomes.world\/wp-content\/uploads\/2024\/04\/biomes_logo_2021_RGB.png","contentUrl":"http:\/\/biomes.world\/wp-content\/uploads\/2024\/04\/biomes_logo_2021_RGB.png","width":10040,"height":2599,"caption":"BIOMES 4.0 GmbH"},"image":{"@id":"https:\/\/biomes.world\/es\/#\/schema\/logo\/image\/"},"sameAs":["https:\/\/de-de.facebook.com\/BIOMES.world\/","https:\/\/www.youtube.com\/@BIOMESworld","https:\/\/www.instagram.com\/biomes_official\/"]}]}},"_links":{"self":[{"href":"https:\/\/biomes.world\/es\/wp-json\/wp\/v2\/pages\/592821","targetHints":{"allow":["GET"]}}],"collection":[{"href":"https:\/\/biomes.world\/es\/wp-json\/wp\/v2\/pages"}],"about":[{"href":"https:\/\/biomes.world\/es\/wp-json\/wp\/v2\/types\/page"}],"author":[{"embeddable":true,"href":"https:\/\/biomes.world\/es\/wp-json\/wp\/v2\/users\/3168"}],"replies":[{"embeddable":true,"href":"https:\/\/biomes.world\/es\/wp-json\/wp\/v2\/comments?post=592821"}],"version-history":[{"count":1,"href":"https:\/\/biomes.world\/es\/wp-json\/wp\/v2\/pages\/592821\/revisions"}],"predecessor-version":[{"id":622333,"href":"https:\/\/biomes.world\/es\/wp-json\/wp\/v2\/pages\/592821\/revisions\/622333"}],"up":[{"embeddable":true,"href":"https:\/\/biomes.world\/es\/wp-json\/wp\/v2\/pages\/592810"}],"wp:attachment":[{"href":"https:\/\/biomes.world\/es\/wp-json\/wp\/v2\/media?parent=592821"}],"curies":[{"name":"wp","href":"https:\/\/api.w.org\/{rel}","templated":true}]}}