{"id":590849,"date":"2022-05-30T16:55:04","date_gmt":"2022-05-30T14:55:04","guid":{"rendered":"http:\/\/biomes.world\/cosas-a-saber\/detox\/koerper-entschlacken\/"},"modified":"2023-03-03T10:59:24","modified_gmt":"2023-03-03T09:59:24","slug":"purificacion-cuerpo","status":"publish","type":"page","link":"https:\/\/biomes.world\/es\/cosas-a-saber\/detox\/purificacion-cuerpo\/","title":{"rendered":"Purificacion del cuerpo"},"content":{"rendered":"\n<h1 class=\"wp-block-heading\" id=\"h-purificacion-del-cuerpo\">Purificacion del cuerpo<\/h1>\n\n\n\n<h2 class=\"wp-block-heading\">Consejos para la purificaci\u00f3n<\/h2>\n\n\n\n<p><strong>Depurar el cuerpo esta de moda. Deben ayudar a liberar al cuerpo de sustancias nocivas y conducir a un mayor bienestar en general. Incluso si se ha demostrado cient\u00edficamente que no existe tal cosa como la \u00abimpureza\u00bb en el cuerpo, los&nbsp;<a href=\"http:\/\/biomes.world\/es\/cosas-a-saber\/detox\/desintoxicar-cuerpo\/alimentos-desintoxicantes\/\" target=\"_blank\" rel=\"noreferrer noopener\">alimentos desintoxicantes<\/a>&nbsp;y la renuncia consciente a sustancias como la cafe\u00edna, la nicotina o el alcohol pueden conducir a una mejor sensaci\u00f3n en el cuerpo de forma notable. \u00bfTe gustar\u00eda probarlo? Con estos consejos para la desintoxicaci\u00f3n, pronto te sentir\u00e1s mejor y m\u00e1s saludable.<\/strong><\/p>\n\n\n\n<h2 class=\"wp-block-heading\" id=\"h-la-alternativa-saludable-a-la-cafeina\">La alternativa saludable a la cafe\u00edna<\/h2>\n\n\n\n<p>\u00bfNo consigues pasar la ma\u00f1ana sin un caf\u00e9? Afortunadamente, la bebida caliente con cafe\u00edna no es la \u00fanica forma de despertar en el desayuno. Incluso con agua tibia <strong>de lim\u00f3n<\/strong> se puede poner en marcha la circulaci\u00f3n y, al mismo tiempo, proporcionarle a tu cuerpo una buena porci\u00f3n de vitamina C. Otro efecto secundario agradable de este sustituto de caf\u00e9 espumoso es que elimina las toxinas del cuerpo. No es por nada que el refresco matutino es considerado una buena opci\u00f3n para la desintoxicaci\u00f3n. Y a\u00fan m\u00e1s despierto, te sentir\u00e1s con un toque de jengibre, pimienta negra o c\u00farcuma. Las especias estimulan el metabolismo y tambi\u00e9n tienen un efecto antiinflamatorio.<\/p>\n\n\n\n<figure class=\"wp-block-image size-large\"><img loading=\"lazy\" decoding=\"async\" width=\"999\" height=\"562\" src=\"http:\/\/biomes.world\/wp-content\/uploads\/2019\/09\/Depositphotos_169298664_s-2019.jpg\" alt=\"Wasser mit Limetten\" class=\"wp-image-501641\" srcset=\"https:\/\/biomes.world\/wp-content\/uploads\/2019\/09\/Depositphotos_169298664_s-2019.jpg 999w, https:\/\/biomes.world\/wp-content\/uploads\/2019\/09\/Depositphotos_169298664_s-2019-300x169.jpg 300w, https:\/\/biomes.world\/wp-content\/uploads\/2019\/09\/Depositphotos_169298664_s-2019-768x432.jpg 768w, https:\/\/biomes.world\/wp-content\/uploads\/2019\/09\/Depositphotos_169298664_s-2019-250x141.jpg 250w\" sizes=\"auto, (max-width: 999px) 100vw, 999px\" \/><\/figure>\n\n\n\n<h2 class=\"wp-block-heading\" id=\"h-amargo-en-lugar-de-dulce\">Amargo en lugar de dulce<\/h2>\n\n\n\n<p>Peque\u00f1as golosinas como chocolate, pasteles o postres son una delicia para todos de vez en cuando. Desafortunadamente, estos dulces tambi\u00e9n son ricos en az\u00facar y grasa y, por lo tanto, no son muy adecuados si quieres purificar tu cuerpo. Pero, para variar, \u00bfqu\u00e9 tal amargo en lugar de dulce?&nbsp;<strong>Las sustancias amargas<\/strong>&nbsp;no s\u00f3lo ponen acentos culinarios emocionantes, sino que tambi\u00e9n son buenas para el h\u00edgado. Si se utilizan correctamente, pueden ayudar al \u00f3rgano que est\u00e1 sobrecargado durante una&nbsp;<a href=\"http:\/\/biomes.world\/es\/cosas-a-saber\/detox\/purificacion-cuerpo\/tratamiento-de-desintoxicacion\/\" target=\"_blank\" rel=\"noreferrer noopener\">tratamiento de purificaci\u00f3n<\/a>. Ya sea como polvo alcalinizado, como el elixir de hierbas sin alcohol o sobre alimentos vegetales como el diente de le\u00f3n, el chicor\u00e9 o la achicoria, los materiales amargos se encuentran en muchos alimentos sanos y aportan notas de sabor emocionantes e intensas a sus comidas.<\/p>\n\n\n\n<h2 class=\"wp-block-heading\" id=\"h-depurar-el-cuerpo-con-banos-alcalinos\">Depurar el cuerpo con ba\u00f1os alcalinos<\/h2>\n\n\n\n<p>\u00bfTe sientes estresado y agotado despu\u00e9s de un largo d\u00eda? Un ba\u00f1o alcalino puede ayudarte a apagar, recargar las pilas y purificar tu cuerpo. El secreto de la desintoxicaci\u00f3n de los ba\u00f1os alcalinos son los minerales que contienen. No s\u00f3lo es bueno para la piel, sino que tambi\u00e9n ayuda a eliminar las toxinas del cuerpo. Los aditivos alcalinos est\u00e1n disponibles en farmacias, tiendas de alimentos naturales y supermercados bien abastecidos. Pero los <strong>aditivos para ba\u00f1os minerales <\/strong>tambi\u00e9n se esconden en el armario de la cocina: El bicarbonato de sodio en particular ha demostrado su eficacia en los ba\u00f1os alcalinos calmantes. Quien vierte uno o dos paquetes dentro de la ba\u00f1era para la purificaci\u00f3n y se relaja despu\u00e9s hasta 40 minutos en el agua, puede equilibrar su base \u00e1cida en el cuerpo y lavar los materiales da\u00f1inos.<\/p>\n\n\n\n<h2 class=\"wp-block-heading\" id=\"h-beber-te-y-depurar-el-cuerpo\">Beber t\u00e9 y depurar el cuerpo<\/h2>\n\n\n\n<p>Ya sea por ronquera, molestias estomacales o trastornos circulatorios, el t\u00e9 es un producto polifac\u00e9tico. La bebida caliente milagrosa puede incluso ayudar con la desintoxicaci\u00f3n. En particular, los t\u00e9s de hierbas ayudan a eliminar las toxinas del cuerpo y a limpiarlo a fondo. Una buena elecci\u00f3n se hace, por ejemplo, con las siguientes variedades: ortigaflores de tilo, jengibre, ginseng, bardana grande. Un cl\u00e1sico entre los t\u00e9s de desintoxicaci\u00f3n es tambi\u00e9n el t\u00e9 de lim\u00f3n. La hierba mediterr\u00e1nea tiene un efecto antiinflamatorio comprobado. Su poder desintoxicante tambi\u00e9n ha sido demostrado cient\u00edficamente<a href=\"http:\/\/biomes.world\/es\/cosas-a-saber\/detox\/purificacion-cuerpo\/#fn-1\"><sup>1<\/sup><\/a>. As\u00ed que no es ning\u00fan milagro que el profesional de la descontaminaci\u00f3n natural est\u00e1 de primero cuando se trata de purificaci\u00f3n.<\/p>\n\n\n\n<h2 class=\"wp-block-heading\" id=\"h-ayudar-al-intestino-a-purificarse\">Ayudar al intestino a purificarse<\/h2>\n\n\n\n<p>El intestino juega un papel esencial en el proceso de depurar el cuerpo. Incluso antes de que los alimentos y las bebidas lleguen al h\u00edgado, se procesan en el intestino. Y cuanto mejor funcione, menor ser\u00e1 la carga para el h\u00edgado de residuos metab\u00f3licos t\u00f3xicos. Por lo tanto, un intestino sano es lo m\u00e1s importante si quieres purificar completamente tu cuerpo. Para saber c\u00f3mo es su salud intestinal, debe confiar en la experiencia de&nbsp;<strong>BIOMES<\/strong>.Con el test intestinal&nbsp;<a href=\"https:\/\/biomes-salued.es\"><strong>INTEST<\/strong>.pro<\/a>&nbsp;tienes la posibilidad de aprender m\u00e1s sobre tu&nbsp;<a href=\"http:\/\/biomes.world\/es\/cosas-a-saber\/intestino\/flora-intestinal\/que-es-la-flora-intestinal\/\" target=\"_blank\" rel=\"noreferrer noopener\">flora intestinal<\/a>&nbsp;y el equilibrio bacteriano en tu intestino. El an\u00e1lisis de las bacterias intestinales se lleva a cabo conforme a las normas biotecnol\u00f3gicas m\u00e1s recientes<sup><a href=\"http:\/\/biomes.world\/es\/cosas-a-saber\/detox\/purificacion-cuerpo\/#fn-2\">2<\/a><\/sup>&nbsp;y proporciona informaci\u00f3n sobre si el equilibrio bacteriano en el intestino ha cambiado a favor de las bacterias nocivas o si se encuentra en un equilibrio saludable. Basado en los resultados de la prueba,&nbsp;<strong>BIOMES<\/strong>&nbsp;luego crea recomendaciones personalizadas.<\/p>\n\n\n<div\n    id=\"hero-teaser-block_049552d518b53ee4353c94f48922759a\"\n    class=\"hero-teaser site-block\"\n>\n    <div class=\"hero-teaser__media\">\n        <img decoding=\"async\"\n            src=\"https:\/\/biomes.world\/wp-content\/uploads\/2021\/05\/Verdauung-1600x650.jpeg\"\n            alt=\"\"\n            srcset=\"https:\/\/biomes.world\/wp-content\/uploads\/2021\/05\/Verdauung-300x128.jpeg 300w, https:\/\/biomes.world\/wp-content\/uploads\/2021\/05\/Verdauung-1024x435.jpeg 1024w, https:\/\/biomes.world\/wp-content\/uploads\/2021\/05\/Verdauung-768x326.jpeg 768w, https:\/\/biomes.world\/wp-content\/uploads\/2021\/05\/Verdauung-1536x653.jpeg 1536w, https:\/\/biomes.world\/wp-content\/uploads\/2021\/05\/Verdauung-250x106.jpeg 250w, https:\/\/biomes.world\/wp-content\/uploads\/2021\/05\/Verdauung.jpeg 1600w\"\n            sizes=\"(max-width: 30em) 100vw, (max-width: 48em) 100vw, (max-width: 62em) 100vw, (max-width: 75em) 100vw, 1400px\t\"\n        >\n    <\/div>\n    <div class=\"hero-teaser__header\">\n        <div class=\"hero-teaser__col column\">\n            <h2 class=\"hero-teaser__title\">\n                <span>M\u00e1s informaci\u00f3n sobre INTEST.pro<\/span>\n                El test intestinal de BIOMES            <\/h2>\n            \n\n<p>\u00bfC\u00f3mo analizamos tu flora intestinal? \u00bfQu\u00e9 incluye exactamente la prueba? \u00bfD\u00f3nde puedes comprar <strong>INTEST.<\/strong>pro?<br>\u00bfY c\u00f3mo protegemos tus datos?<\/p>\n\n\n\n<div class=\"wp-block-buttons is-layout-flex wp-block-buttons-is-layout-flex\">\n<div class=\"wp-block-button\"><a class=\"wp-block-button__link wp-element-button\" href=\"https:\/\/biomes-salued.es\" target=\"_blank\" rel=\"noreferrer noopener\">Informaci\u00f3n detallada<\/a><\/div>\n<\/div>\n\n        <\/div>\n    <\/div>\n<\/div>\n\n\n\n<p class=\"footnote\" id=\"fn-1\" style=\"font-size:10px\">1. Siegers, C. P. (2008): Release of heavy metals (cadmium, mercury) from human blood and urine by Cystus Sud; Planta Medica. https:\/\/mypfadfinder.com\/entschlacken-des-koerpers\/<\/p>\n\n\n\n<p class=\"footnote\" id=\"fn-2\" style=\"font-size:10px\">2. Cho I, Blaser M J. The human microbiome: at the interface of health and disease. Nature Reviews Genetics 2012:13, 260-270. https:\/\/www.nature.com\/articles\/nrg3182<\/p>\n","protected":false},"excerpt":{"rendered":"<p>Purificacion del cuerpo Consejos para la purificaci\u00f3n Depurar el cuerpo esta de moda. Deben ayudar a liberar al cuerpo de sustancias nocivas y conducir a un mayor bienestar en general. Incluso si se ha demostrado cient\u00edficamente que no existe tal cosa como la \u00abimpureza\u00bb en el cuerpo, los&nbsp;alimentos desintoxicantes&nbsp;y la renuncia consciente a sustancias como [&#8230;]<\/p>\n","protected":false},"author":3168,"featured_media":0,"parent":364185,"menu_order":0,"comment_status":"closed","ping_status":"closed","template":"","meta":{"_acf_changed":false,"footnotes":""},"class_list":["post-590849","page","type-page","status-publish","hentry"],"acf":[],"yoast_head":"<!-- This site is optimized with the Yoast SEO Premium plugin v26.2 (Yoast SEO v27.2) - https:\/\/yoast.com\/product\/yoast-seo-premium-wordpress\/ -->\n<title>Purificacion del cuerpo - BIOMES - Feel better<\/title>\n<meta name=\"description\" content=\"\u00bfQuieres desintoxicar tu cuerpo y sentirte fresco y sano? Descubre los mejores consejos, informaciones y m\u00e9todos sobre este tema.\" \/>\n<meta name=\"robots\" content=\"index, follow, max-snippet:-1, max-image-preview:large, max-video-preview:-1\" \/>\n<link rel=\"canonical\" href=\"https:\/\/biomes.world\/es\/cosas-a-saber\/detox\/purificacion-cuerpo\/\" \/>\n<meta property=\"og:locale\" content=\"es_ES\" \/>\n<meta property=\"og:type\" content=\"article\" \/>\n<meta property=\"og:title\" content=\"Purificacion del cuerpo\" \/>\n<meta property=\"og:description\" content=\"\u00bfQuieres desintoxicar tu cuerpo y sentirte fresco y sano? Descubre los mejores consejos, informaciones y m\u00e9todos sobre este tema.\" \/>\n<meta property=\"og:url\" content=\"https:\/\/biomes.world\/es\/cosas-a-saber\/detox\/purificacion-cuerpo\/\" \/>\n<meta property=\"og:site_name\" content=\"BIOMES - Feel better\" \/>\n<meta property=\"article:publisher\" content=\"https:\/\/de-de.facebook.com\/BIOMES.world\/\" \/>\n<meta property=\"article:modified_time\" content=\"2023-03-03T09:59:24+00:00\" \/>\n<meta property=\"og:image\" content=\"http:\/\/biomes.world\/wp-content\/uploads\/2019\/09\/Depositphotos_169298664_s-2019.jpg\" \/>\n<meta name=\"twitter:card\" content=\"summary_large_image\" \/>\n<meta name=\"twitter:label1\" content=\"Tiempo de lectura\" \/>\n\t<meta name=\"twitter:data1\" content=\"5 minutos\" \/>\n<script type=\"application\/ld+json\" class=\"yoast-schema-graph\">{\"@context\":\"https:\/\/schema.org\",\"@graph\":[{\"@type\":\"WebPage\",\"@id\":\"https:\/\/biomes.world\/es\/cosas-a-saber\/detox\/purificacion-cuerpo\/\",\"url\":\"https:\/\/biomes.world\/es\/cosas-a-saber\/detox\/purificacion-cuerpo\/\",\"name\":\"Purificacion del cuerpo - BIOMES - Feel better\",\"isPartOf\":{\"@id\":\"https:\/\/biomes.world\/es\/#website\"},\"primaryImageOfPage\":{\"@id\":\"https:\/\/biomes.world\/es\/cosas-a-saber\/detox\/purificacion-cuerpo\/#primaryimage\"},\"image\":{\"@id\":\"https:\/\/biomes.world\/es\/cosas-a-saber\/detox\/purificacion-cuerpo\/#primaryimage\"},\"thumbnailUrl\":\"http:\/\/biomes.world\/wp-content\/uploads\/2019\/09\/Depositphotos_169298664_s-2019.jpg\",\"datePublished\":\"2022-05-30T14:55:04+00:00\",\"dateModified\":\"2023-03-03T09:59:24+00:00\",\"description\":\"\u00bfQuieres desintoxicar tu cuerpo y sentirte fresco y sano? Descubre los mejores consejos, informaciones y m\u00e9todos sobre este tema.\",\"breadcrumb\":{\"@id\":\"https:\/\/biomes.world\/es\/cosas-a-saber\/detox\/purificacion-cuerpo\/#breadcrumb\"},\"inLanguage\":\"es\",\"potentialAction\":[{\"@type\":\"ReadAction\",\"target\":[\"https:\/\/biomes.world\/es\/cosas-a-saber\/detox\/purificacion-cuerpo\/\"]}]},{\"@type\":\"ImageObject\",\"inLanguage\":\"es\",\"@id\":\"https:\/\/biomes.world\/es\/cosas-a-saber\/detox\/purificacion-cuerpo\/#primaryimage\",\"url\":\"http:\/\/biomes.world\/wp-content\/uploads\/2019\/09\/Depositphotos_169298664_s-2019.jpg\",\"contentUrl\":\"http:\/\/biomes.world\/wp-content\/uploads\/2019\/09\/Depositphotos_169298664_s-2019.jpg\"},{\"@type\":\"BreadcrumbList\",\"@id\":\"https:\/\/biomes.world\/es\/cosas-a-saber\/detox\/purificacion-cuerpo\/#breadcrumb\",\"itemListElement\":[{\"@type\":\"ListItem\",\"position\":1,\"name\":\"Home\",\"item\":\"https:\/\/biomes.world\/es\/\"},{\"@type\":\"ListItem\",\"position\":2,\"name\":\"My Health, My Life\",\"item\":\"https:\/\/biomes.world\/es\/cosas-a-saber\/\"},{\"@type\":\"ListItem\",\"position\":3,\"name\":\"Categoria: Detox\",\"item\":\"https:\/\/biomes.world\/es\/cosas-a-saber\/detox\/\"},{\"@type\":\"ListItem\",\"position\":4,\"name\":\"Purificacion del cuerpo\"}]},{\"@type\":\"WebSite\",\"@id\":\"https:\/\/biomes.world\/es\/#website\",\"url\":\"https:\/\/biomes.world\/es\/\",\"name\":\"BIOMES - Feel better\",\"description\":\"Cutting-edge biotechnology used to help people\",\"publisher\":{\"@id\":\"https:\/\/biomes.world\/es\/#organization\"},\"potentialAction\":[{\"@type\":\"SearchAction\",\"target\":{\"@type\":\"EntryPoint\",\"urlTemplate\":\"https:\/\/biomes.world\/es\/?s={search_term_string}\"},\"query-input\":{\"@type\":\"PropertyValueSpecification\",\"valueRequired\":true,\"valueName\":\"search_term_string\"}}],\"inLanguage\":\"es\"},{\"@type\":\"Organization\",\"@id\":\"https:\/\/biomes.world\/es\/#organization\",\"name\":\"BIOMES 4.0 GmbH\",\"url\":\"https:\/\/biomes.world\/es\/\",\"logo\":{\"@type\":\"ImageObject\",\"inLanguage\":\"es\",\"@id\":\"https:\/\/biomes.world\/es\/#\/schema\/logo\/image\/\",\"url\":\"http:\/\/biomes.world\/wp-content\/uploads\/2024\/04\/biomes_logo_2021_RGB.png\",\"contentUrl\":\"http:\/\/biomes.world\/wp-content\/uploads\/2024\/04\/biomes_logo_2021_RGB.png\",\"width\":10040,\"height\":2599,\"caption\":\"BIOMES 4.0 GmbH\"},\"image\":{\"@id\":\"https:\/\/biomes.world\/es\/#\/schema\/logo\/image\/\"},\"sameAs\":[\"https:\/\/de-de.facebook.com\/BIOMES.world\/\",\"https:\/\/www.youtube.com\/@BIOMESworld\",\"https:\/\/www.instagram.com\/biomes_official\/\"],\"legalName\":\"BIOMES 4.0 GmbH\",\"duns\":\"314778637\"}]}<\/script>\n<!-- \/ Yoast SEO Premium plugin. -->","yoast_head_json":{"title":"Purificacion del cuerpo - BIOMES - Feel better","description":"\u00bfQuieres desintoxicar tu cuerpo y sentirte fresco y sano? Descubre los mejores consejos, informaciones y m\u00e9todos sobre este tema.","robots":{"index":"index","follow":"follow","max-snippet":"max-snippet:-1","max-image-preview":"max-image-preview:large","max-video-preview":"max-video-preview:-1"},"canonical":"https:\/\/biomes.world\/es\/cosas-a-saber\/detox\/purificacion-cuerpo\/","og_locale":"es_ES","og_type":"article","og_title":"Purificacion del cuerpo","og_description":"\u00bfQuieres desintoxicar tu cuerpo y sentirte fresco y sano? Descubre los mejores consejos, informaciones y m\u00e9todos sobre este tema.","og_url":"https:\/\/biomes.world\/es\/cosas-a-saber\/detox\/purificacion-cuerpo\/","og_site_name":"BIOMES - Feel better","article_publisher":"https:\/\/de-de.facebook.com\/BIOMES.world\/","article_modified_time":"2023-03-03T09:59:24+00:00","og_image":[{"url":"http:\/\/biomes.world\/wp-content\/uploads\/2019\/09\/Depositphotos_169298664_s-2019.jpg","type":"","width":"","height":""}],"twitter_card":"summary_large_image","twitter_misc":{"Tiempo de lectura":"5 minutos"},"schema":{"@context":"https:\/\/schema.org","@graph":[{"@type":"WebPage","@id":"https:\/\/biomes.world\/es\/cosas-a-saber\/detox\/purificacion-cuerpo\/","url":"https:\/\/biomes.world\/es\/cosas-a-saber\/detox\/purificacion-cuerpo\/","name":"Purificacion del cuerpo - BIOMES - Feel better","isPartOf":{"@id":"https:\/\/biomes.world\/es\/#website"},"primaryImageOfPage":{"@id":"https:\/\/biomes.world\/es\/cosas-a-saber\/detox\/purificacion-cuerpo\/#primaryimage"},"image":{"@id":"https:\/\/biomes.world\/es\/cosas-a-saber\/detox\/purificacion-cuerpo\/#primaryimage"},"thumbnailUrl":"http:\/\/biomes.world\/wp-content\/uploads\/2019\/09\/Depositphotos_169298664_s-2019.jpg","datePublished":"2022-05-30T14:55:04+00:00","dateModified":"2023-03-03T09:59:24+00:00","description":"\u00bfQuieres desintoxicar tu cuerpo y sentirte fresco y sano? Descubre los mejores consejos, informaciones y m\u00e9todos sobre este tema.","breadcrumb":{"@id":"https:\/\/biomes.world\/es\/cosas-a-saber\/detox\/purificacion-cuerpo\/#breadcrumb"},"inLanguage":"es","potentialAction":[{"@type":"ReadAction","target":["https:\/\/biomes.world\/es\/cosas-a-saber\/detox\/purificacion-cuerpo\/"]}]},{"@type":"ImageObject","inLanguage":"es","@id":"https:\/\/biomes.world\/es\/cosas-a-saber\/detox\/purificacion-cuerpo\/#primaryimage","url":"http:\/\/biomes.world\/wp-content\/uploads\/2019\/09\/Depositphotos_169298664_s-2019.jpg","contentUrl":"http:\/\/biomes.world\/wp-content\/uploads\/2019\/09\/Depositphotos_169298664_s-2019.jpg"},{"@type":"BreadcrumbList","@id":"https:\/\/biomes.world\/es\/cosas-a-saber\/detox\/purificacion-cuerpo\/#breadcrumb","itemListElement":[{"@type":"ListItem","position":1,"name":"Home","item":"https:\/\/biomes.world\/es\/"},{"@type":"ListItem","position":2,"name":"My Health, My Life","item":"https:\/\/biomes.world\/es\/cosas-a-saber\/"},{"@type":"ListItem","position":3,"name":"Categoria: Detox","item":"https:\/\/biomes.world\/es\/cosas-a-saber\/detox\/"},{"@type":"ListItem","position":4,"name":"Purificacion del cuerpo"}]},{"@type":"WebSite","@id":"https:\/\/biomes.world\/es\/#website","url":"https:\/\/biomes.world\/es\/","name":"BIOMES - Feel better","description":"Cutting-edge biotechnology used to help people","publisher":{"@id":"https:\/\/biomes.world\/es\/#organization"},"potentialAction":[{"@type":"SearchAction","target":{"@type":"EntryPoint","urlTemplate":"https:\/\/biomes.world\/es\/?s={search_term_string}"},"query-input":{"@type":"PropertyValueSpecification","valueRequired":true,"valueName":"search_term_string"}}],"inLanguage":"es"},{"@type":"Organization","@id":"https:\/\/biomes.world\/es\/#organization","name":"BIOMES 4.0 GmbH","url":"https:\/\/biomes.world\/es\/","logo":{"@type":"ImageObject","inLanguage":"es","@id":"https:\/\/biomes.world\/es\/#\/schema\/logo\/image\/","url":"http:\/\/biomes.world\/wp-content\/uploads\/2024\/04\/biomes_logo_2021_RGB.png","contentUrl":"http:\/\/biomes.world\/wp-content\/uploads\/2024\/04\/biomes_logo_2021_RGB.png","width":10040,"height":2599,"caption":"BIOMES 4.0 GmbH"},"image":{"@id":"https:\/\/biomes.world\/es\/#\/schema\/logo\/image\/"},"sameAs":["https:\/\/de-de.facebook.com\/BIOMES.world\/","https:\/\/www.youtube.com\/@BIOMESworld","https:\/\/www.instagram.com\/biomes_official\/"],"legalName":"BIOMES 4.0 GmbH","duns":"314778637"}]}},"_links":{"self":[{"href":"https:\/\/biomes.world\/es\/wp-json\/wp\/v2\/pages\/590849","targetHints":{"allow":["GET"]}}],"collection":[{"href":"https:\/\/biomes.world\/es\/wp-json\/wp\/v2\/pages"}],"about":[{"href":"https:\/\/biomes.world\/es\/wp-json\/wp\/v2\/types\/page"}],"author":[{"embeddable":true,"href":"https:\/\/biomes.world\/es\/wp-json\/wp\/v2\/users\/3168"}],"replies":[{"embeddable":true,"href":"https:\/\/biomes.world\/es\/wp-json\/wp\/v2\/comments?post=590849"}],"version-history":[{"count":0,"href":"https:\/\/biomes.world\/es\/wp-json\/wp\/v2\/pages\/590849\/revisions"}],"up":[{"embeddable":true,"href":"https:\/\/biomes.world\/es\/wp-json\/wp\/v2\/pages\/364185"}],"wp:attachment":[{"href":"https:\/\/biomes.world\/es\/wp-json\/wp\/v2\/media?parent=590849"}],"curies":[{"name":"wp","href":"https:\/\/api.w.org\/{rel}","templated":true}]}}