{"id":573775,"date":"2020-05-28T09:47:00","date_gmt":"2020-05-28T07:47:00","guid":{"rendered":"http:\/\/biomes.world\/service\/lp-ebook-abnehmen\/"},"modified":"2023-03-02T14:29:45","modified_gmt":"2023-03-02T13:29:45","slug":"lp-ebook-abnehmen","status":"publish","type":"page","link":"https:\/\/biomes.world\/es\/service\/biomes-ebooks\/adelgazar-con-las-bacterias-intestinales\/","title":{"rendered":"BIOMES eBook &#8211; Perder peso con las bacterias intestinales"},"content":{"rendered":"<div id=\"stage-block_51a47c052c4d876a674a72cdf2265367\" class=\"stage\">\n    <div class=\"stage__media\">\n        <img loading=\"lazy\" decoding=\"async\" width=\"1600\" height=\"650\" src=\"https:\/\/biomes.world\/wp-content\/uploads\/2021\/08\/darmgesunde_abnehmen_Header_ES.jpg\" class=\"attachment-post-header size-post-header\" alt=\"\" srcset=\"https:\/\/biomes.world\/wp-content\/uploads\/2021\/08\/darmgesunde_abnehmen_Header_ES-300x122.jpg 300w, https:\/\/biomes.world\/wp-content\/uploads\/2021\/08\/darmgesunde_abnehmen_Header_ES-1024x416.jpg 1024w, https:\/\/biomes.world\/wp-content\/uploads\/2021\/08\/darmgesunde_abnehmen_Header_ES-768x312.jpg 768w, https:\/\/biomes.world\/wp-content\/uploads\/2021\/08\/darmgesunde_abnehmen_Header_ES-1536x624.jpg 1536w, https:\/\/biomes.world\/wp-content\/uploads\/2021\/08\/darmgesunde_abnehmen_Header_ES-250x102.jpg 250w, https:\/\/biomes.world\/wp-content\/uploads\/2021\/08\/darmgesunde_abnehmen_Header_ES-800x325.jpg 800w, https:\/\/biomes.world\/wp-content\/uploads\/2021\/08\/darmgesunde_abnehmen_Header_ES.jpg 1600w\" sizes=\"auto, (max-width: 30em) 100vw, (max-width: 48em) 100vw, (max-width: 62em) 100vw, (max-width: 75em) 100vw, 1400px\" \/>    <\/div>\n    <div class=\"stage__header\">\n        <div class=\"stage__col column\">\n            <h1 class=\"stage__title\">\n                <span>Feel better <\/span>\n                Nuestro eBook gratuito: Adelgazar con las bacterias intestinales             <\/h1>\n            \n\n<p>Suscr\u00edbete a nuestro bolet\u00edn aqu\u00ed y recibe nuestro eBook gratuito con mucha informaci\u00f3n sobre c\u00f3mo perder peso con las bacterias intestinales y c\u00f3mo puedes cambiar tu dieta de forma eficaz.&nbsp;<\/p>\n\n\n\n<p>S\u00f3lo tienes que registrar tu correo electr\u00f3nico y <strong>descargarlo gratis.<\/strong><\/p>\n\n        <\/div>\n    <\/div>\n<\/div>\n\n\n<div class=\"site-blockspace--both zohoform\"><!--Zoho Marketing Automation Web-Optin Form Starts Here--><div id=\"sf3z1715a1dae9ff8aeada8fadef8604fdbe25989693d283f95040ef90dcb5ad0d4a\" data-type=\"signupform\"><div id=\"customForm\"><input type=\"hidden\" id=\"recapTheme\" value=\"2\"><input type=\"hidden\" id=\"recapMode\" value=\"70822000011420709\"><input type=\"hidden\" id=\"signupFormType\" value=\"LargeForm_Vertical\"><div name=\"SIGNUP_PAGE\" id=\"SIGNUP_PAGE\" class=\"SIGNUP_PAGE large_form_2_css\"><div><div name=\"\" changeid=\"\" changename=\"\"><div id=\"imgBlock\" name=\"LOGO_DIV\" logo=\"true\"><img decoding=\"async\" valign=\"middle\" src=\"https:\/\/campaign-image.eu\/zohocampaigns\/14acb55c29_biomes_logo_1000px_9.png\" name=\"LOGO\" id=\"iframeImg\"><\/div><\/div><br><div id=\"signupMainDiv\" name=\"SIGNUPFORM\" changeid=\"SIGNUPFORM\" changename=\"SIGNUPFORM\"><div><div style=\"position:relative;\"><div id=\"Zc_SignupSuccess\" style=\"display:none;position:absolute;margin-left:4%;width:90%;background-color: white; padding: 3px; border: 3px solid rgb(194, 225, 154); margin-top: 10px;margin-bottom:10px;word-break:break-all \"><table width=\"100%\" cellpadding=\"0\" cellspacing=\"0\" border=\"0\"><tbody><tr><td width=\"10%\"><img decoding=\"async\" loading=lazy class=\"successicon\" src=\"https:\/\/sngh.maillist-manage.eu\/images\/challangeiconenable.jpg\" align=\"absmiddle\"><\/td><td><span id=\"signupSuccessMsg\" style=\"color: rgb(73, 140, 132); font-family: sans-serif; font-size: 14px;word-break:break-word\">&nbsp;&nbsp;Thank you for Signing Up<\/span><\/td><\/tr><\/tbody><\/table><\/div><\/div><form method=\"POST\" id=\"zcampaignOptinForm\" action=\"https:\/\/sngh.maillist-manage.eu\/weboptin.zc\" target=\"_blank\"><div id=\"SIGNUP_BODY_ALL\" name=\"SIGNUP_BODY_ALL\"><h2 id=\"SIGNUP_HEADING\" name=\"SIGNUP_HEADING\" changeid=\"SIGNUP_MSG\" changetype=\"SIGNUP_HEADER\">\u00bfEst\u00e1s interesado en el eBook \"Adelgazar con las bacterias intestinales\"?<\/h2><div id=\"SIGNUP_BODY\" name=\"SIGNUP_BODY\"><div><div class=\"\" changeid=\"SIGNUP_MSG\" id=\"SIGNUP_DESCRIPTION\" changetype=\"SIGNUP_DESCRIPTION\"><\/div><div id=\"errorMsgDiv\">&nbsp;&nbsp;Por favor, corrija los campos marcados abajo.<\/div><div><div name=\"fieldsdivSf\" class=\"zcsffieldsdiv\"><div class=\"zcsffield \" fieldid=\"70822000000000015\"><div><div name=\"SIGNUP_FORM_LABEL\">Correo electr\u00f3nico&nbsp; <span name=\"SIGNUP_REQUIRED\">*<\/span><\/div><div><!-- check to mark emailid field as type email, and other mandatory fields as type required --><input name=\"CONTACT_EMAIL\" changeitem=\"SIGNUP_FORM_FIELD\" maxlength=\"100\" type=\"email\" required=\"true\" value=\"\"><\/div><\/div><div><\/div><\/div><div class=\"zcsffield \" fieldid=\"70822000000000019\"><div><div name=\"SIGNUP_FORM_LABEL\">Nombre&nbsp;<span name=\"SIGNUP_REQUIRED\">*<\/span><\/div><div><!-- check to mark emailid field as type email, and other mandatory fields as type required --><input name=\"FIRSTNAME\" changeitem=\"SIGNUP_FORM_FIELD\" maxlength=\"100\" type=\"text\" required=\"true\" value=\"\"><\/div><\/div><div><\/div><\/div><div class=\"zcsffield \" fieldid=\"70822000000000021\"><div><div name=\"SIGNUP_FORM_LABEL\">Apellido&nbsp;<span name=\"SIGNUP_REQUIRED\">*<\/span><\/div><div><!-- check to mark emailid field as type email, and other mandatory fields as type required --><input name=\"LASTNAME\" changeitem=\"SIGNUP_FORM_FIELD\" maxlength=\"100\" type=\"text\" required=\"true\" value=\"\"><\/div><\/div><div><\/div><\/div><\/div><!-- Captcha for Signup --><div class=\"recapDivlight recaptcha\" id=\"recapDiv\"><\/div><input type=\"hidden\" id=\"secretid\" value=\"6LdNeDUUAAAAAG5l7cJfv1AA5OKLslkrOa_xXxLs\"><!-- Captcha for Signup End--><!-- Other Lists Subscription Start--><!-- Other Lists Subscription End--><div><\/div><div id=\" REQUIRED_FIELD_TEXT\" changetype=\"REQUIRED_FIELD_TEXT\" name=\"SIGNUP_REQUIRED\">*obligatorio<\/div><div name=\"privacyPolicy\"><input type=\"checkbox\" name=\"PRIVACY_POLICY\" value=\"PRIVACY_AGREED\"><span style=\"vertical-align:middle;margin-left:5px\">Doy mi consentimiento para el uso de mi direcci\u00f3n, mi nombre y mis apellidos con el fin de recibir el bolet\u00edn de noticias de BIOMES. Este consentimiento puede ser revocado en cualquier momento sin necesidad de indicar los motivos. Puede encontrar m\u00e1s informaci\u00f3n en el&nbsp; <a href=\"http:\/\/biomes.world\/en\/legal\/privacy\/\" target=\"_blank\" rel=\"noopener\">apartado de protecci\u00f3n de datos<\/a>&nbsp;y&nbsp; <a href=\"http:\/\/biomes.world\/es\/legal\/tcg\/\" target=\"_blank\" rel=\"noopener\">en las condiciones de uso.<\/a>&nbsp;<\/span><\/div><div><input type=\"submit\" class=\"wp-block-button__link\" action=\"Save\" id=\"zcWebOptin\" name=\"SIGNUP_SUBMIT_BUTTON\" changetype=\"SIGNUP_SUBMIT_BUTTON_TEXT\" value=\"Suscribirse al bolet\u00edn de noticias y recibir eBook\"><\/div><!-- Do not edit the below Zoho Campaigns hidden tags --><input type=\"hidden\" id=\"fieldBorder\" value=\"rgb(222, 222, 222)\"><input type=\"hidden\" name=\"zc_trackCode\" id=\"zc_trackCode\" value=\"ZCFORMVIEW\" onload=\"\"><input type=\"hidden\" id=\"submitType\" name=\"submitType\" value=\"optinCustomView\"><input type=\"hidden\" id=\"lD\" name=\"lD\" value=\"1fb9c3bd8f6a417\"><input type=\"hidden\" name=\"emailReportId\" id=\"emailReportId\" value=\"\"><input type=\"hidden\" name=\"zx\" id=\"cmpZuid\" value=\"14acb55815\"><input type=\"hidden\" name=\"zcvers\" value=\"2.0\"><input type=\"hidden\" name=\"oldListIds\" id=\"allCheckedListIds\" value=\"\"><input type=\"hidden\" id=\"mode\" name=\"mode\" value=\"OptinCreateView\"><input type=\"hidden\" id=\"zcld\" name=\"zcld\" value=\"1fb9c3bd8f6a417\"><input type=\"hidden\" id=\"zctd\" name=\"zctd\" value=\"\"><input type=\"hidden\" id=\"document_domain\" value=\"zoho.eu\"><input type=\"hidden\" id=\"zc_Url\" value=\"sngh.maillist-manage.eu\"><input type=\"hidden\" id=\"new_optin_response_in\" value=\"0\"><input type=\"hidden\" id=\"duplicate_optin_response_in\" value=\"0\"><input type=\"hidden\" id=\"zc_formIx\" name=\"zc_formIx\" value=\"3z1715a1dae9ff8aeada8fadef8604fdbe25989693d283f95040ef90dcb5ad0d4a\"><!-- End of the campaigns hidden tags --><\/div><\/div><input type=\"hidden\" id=\"isCaptchaNeeded\" value=\"false\"><\/div><\/div><input type=\"hidden\" id=\"scriptless\" name=\"scriptless\" value=\"yes\"><\/form><\/div><\/div><\/div><\/div><\/div><\/div><div id=\"zcOptinOverLay\" oncontextmenu=\"return false\" style=\"display:none;text-align: center; background-color: rgb(0, 0, 0); opacity: 0.5; z-index: 100; position: fixed; width: 100%; top: 0px; left: 0px; height: 988px;\"><\/div><div id=\"zcOptinSuccessPopup\" style=\"display:none;z-index: 9999;width: 800px; height: 40%;top: 84px;position: fixed; left: 26%;background-color: #FFFFFF;border-color: #E6E6E6; border-style: solid; border-width: 1px; box-shadow: 0 1px 10px #424242;padding: 35px;\"><span style=\"position: absolute;top: -16px;right:-14px;z-index:99999;cursor: pointer;\" id=\"closeSuccess\"><img decoding=\"async\" src=\"https:\/\/sngh.maillist-manage.eu\/images\/videoclose.png\"><\/span><div id=\"zcOptinSuccessPanel\"><\/div><\/div><!--Zoho Marketing Automation Web-Optin Form Ends Here--><\/div>\n\n\n<div id=\"benefits-block_b3610d2add7642291d4bd78cc0208b9d\" class=\"benefits site-block\">\n    <div class=\"benefits__row row xs-up-1 md-up-2 lg-up-3\">\n        <div class=\"benefits__item column\"><div class=\"benefits__content\"><div class=\"benefits__media--icon benefits__media\"><svg xmlns=\"http:\/\/www.w3.org\/2000\/svg\" viewBox=\"0 0 12 12\"><use xlink:href=\"https:\/\/biomes.world\/wp-content\/themes\/biomesworld\/resources\/public\/svg\/icons.svg?1.62#regulation\"><\/use><\/svg><\/div><div class=\"benefits__text\"><div class=\"benefits__header\">Consejos para cambiar la dieta <\/div><p>En nuestro eBook aprender\u00e1s c\u00f3mo iniciar tu cambio de dieta ideal. Te damos consejos sobre qu\u00e9 snacks te ayudan con los antojos y c\u00f3mo puedes encontrar tu propia manera de perder peso.<\/p>\n<\/div><\/div><\/div><div class=\"benefits__item column\"><div class=\"benefits__content\"><div class=\"benefits__media--icon benefits__media\"><svg xmlns=\"http:\/\/www.w3.org\/2000\/svg\" viewBox=\"0 0 12 12\"><use xlink:href=\"https:\/\/biomes.world\/wp-content\/themes\/biomesworld\/resources\/public\/svg\/icons.svg?1.62#influence\"><\/use><\/svg><\/div><div class=\"benefits__text\"><div class=\"benefits__header\">El peso ideal <\/div><p>Aprende a reconocer tu peso ideal y las diferencias entre hombres y mujeres. A veces las apariencias enga\u00f1an: aprende a juzgar tu peso ideal.<\/p>\n<\/div><\/div><\/div><div class=\"benefits__item column\"><div class=\"benefits__content\"><div class=\"benefits__media--icon benefits__media\"><svg xmlns=\"http:\/\/www.w3.org\/2000\/svg\" viewBox=\"0 0 12 12\"><use xlink:href=\"https:\/\/biomes.world\/wp-content\/themes\/biomesworld\/resources\/public\/svg\/icons.svg?1.62#production\"><\/use><\/svg><\/div><div class=\"benefits__text\"><div class=\"benefits__header\">Planes individuales de nutrici\u00f3n <\/div><p>Descubre c\u00f3mo <strong>BIOMES<\/strong> puede ayudarte a perder peso con \u00e9xito con un plan de nutrici\u00f3n personalizado. Aprende qu\u00e9 bacterias te ayudan y c\u00f3mo te ayudan a perder peso.<\/p>\n<\/div><\/div><\/div>    <\/div>\n<\/div>\n\n\n\n<h2 class=\"wp-block-heading\" id=\"h-sub-feel-better-sub-echale-un-vistazo-al-contenido\"><span class=\"subheader\">Feel better<\/span> \u00c9chale un vistazo al contenido<\/h2>\n\n\n\n<p>Aqu\u00ed puedes echar un primer vistazo al contenido de tu nuevo eBook.<\/p>\n\n\n\n<figure class=\"wp-block-gallery has-nested-images columns-4 is-cropped wp-block-gallery-1 is-layout-flex wp-block-gallery-is-layout-flex\">\n<figure class=\"wp-block-image size-large\"><a href=\"http:\/\/biomes.world\/wp-content\/uploads\/2021\/08\/eBook_ES_Abnehmen_201012_Seite_04-1-scaled.jpg\"><img decoding=\"async\" data-id=\"579073\" src=\"http:\/\/biomes.world\/wp-content\/uploads\/2021\/08\/eBook_ES_Abnehmen_201012_Seite_04-1-759x1024.jpg\" alt=\"\" class=\"wp-image-579073\"\/><\/a><\/figure>\n\n\n\n<figure class=\"wp-block-image size-large\"><a href=\"http:\/\/biomes.world\/wp-content\/uploads\/2021\/08\/eBook_ES_Abnehmen_201012_Seite_03-1-759x1024.jpg\"><img loading=\"lazy\" decoding=\"async\" width=\"759\" height=\"1024\" data-id=\"579068\" src=\"http:\/\/biomes.world\/wp-content\/uploads\/2021\/08\/eBook_ES_Abnehmen_201012_Seite_03-1-759x1024.jpg\" alt=\"\" class=\"wp-image-579068\" srcset=\"https:\/\/biomes.world\/wp-content\/uploads\/2021\/08\/eBook_ES_Abnehmen_201012_Seite_03-1-759x1024.jpg 759w, https:\/\/biomes.world\/wp-content\/uploads\/2021\/08\/eBook_ES_Abnehmen_201012_Seite_03-1-222x300.jpg 222w, https:\/\/biomes.world\/wp-content\/uploads\/2021\/08\/eBook_ES_Abnehmen_201012_Seite_03-1-768x1037.jpg 768w, https:\/\/biomes.world\/wp-content\/uploads\/2021\/08\/eBook_ES_Abnehmen_201012_Seite_03-1-1138x1536.jpg 1138w, https:\/\/biomes.world\/wp-content\/uploads\/2021\/08\/eBook_ES_Abnehmen_201012_Seite_03-1-1517x2048.jpg 1517w, https:\/\/biomes.world\/wp-content\/uploads\/2021\/08\/eBook_ES_Abnehmen_201012_Seite_03-1-185x250.jpg 185w, https:\/\/biomes.world\/wp-content\/uploads\/2021\/08\/eBook_ES_Abnehmen_201012_Seite_03-1.jpg 1575w\" sizes=\"auto, (max-width: 759px) 100vw, 759px\" \/><\/a><\/figure>\n\n\n\n<figure class=\"wp-block-image size-large\"><a href=\"http:\/\/biomes.world\/wp-content\/uploads\/2021\/08\/eBook_ES_Abnehmen_201012_Seite_11-scaled.jpg\"><img decoding=\"async\" data-id=\"579063\" src=\"http:\/\/biomes.world\/wp-content\/uploads\/2021\/08\/eBook_ES_Abnehmen_201012_Seite_11-759x1024.jpg\" alt=\"\" class=\"wp-image-579063\"\/><\/a><\/figure>\n\n\n\n<figure class=\"wp-block-image size-large\"><a href=\"http:\/\/biomes.world\/wp-content\/uploads\/2021\/08\/eBook_ES_Abnehmen_201012_Seite_06-scaled.jpg\"><img decoding=\"async\" data-id=\"579078\" src=\"http:\/\/biomes.world\/wp-content\/uploads\/2021\/08\/eBook_ES_Abnehmen_201012_Seite_06-759x1024.jpg\" alt=\"\" class=\"wp-image-579078\"\/><\/a><\/figure>\n<\/figure>\n","protected":false},"excerpt":{"rendered":"<p>&nbsp;&nbsp;Thank you for Signing Up \u00bfEst\u00e1s interesado en el eBook \u00abAdelgazar con las bacterias intestinales\u00bb? &nbsp;&nbsp;Por favor, corrija los campos marcados abajo. Correo electr\u00f3nico&nbsp; * Nombre&nbsp;* Apellido&nbsp;* *obligatorio Doy mi consentimiento para el uso de mi direcci\u00f3n, mi nombre y mis apellidos con el fin de recibir el bolet\u00edn de noticias de BIOMES. Este consentimiento [&#8230;]<\/p>\n","protected":false},"author":3168,"featured_media":0,"parent":511185,"menu_order":0,"comment_status":"closed","ping_status":"closed","template":"","meta":{"_acf_changed":false,"footnotes":""},"class_list":["post-573775","page","type-page","status-publish","hentry"],"acf":[],"yoast_head":"<!-- This site is optimized with the Yoast SEO plugin v27.4 - https:\/\/yoast.com\/product\/yoast-seo-wordpress\/ -->\n<title>BIOMES eBook - Perder peso con las bacterias intestinales -<\/title>\n<meta name=\"description\" content=\"\u00bfQuieres perder peso? \u00a1Descubre el eBook sobre c\u00f3mo perder peso con las bacterias intestinales y obt\u00e9n valiosos consejos!\" \/>\n<meta name=\"robots\" content=\"index, follow, max-snippet:-1, max-image-preview:large, max-video-preview:-1\" \/>\n<link rel=\"canonical\" href=\"https:\/\/biomes.world\/es\/service\/biomes-ebooks\/adelgazar-con-las-bacterias-intestinales\/\" \/>\n<meta property=\"og:locale\" content=\"es_ES\" \/>\n<meta property=\"og:type\" content=\"article\" \/>\n<meta property=\"og:title\" content=\"BIOMES eBook - Perder peso con las bacterias intestinales -\" \/>\n<meta property=\"og:description\" content=\"\u00bfQuieres perder peso? \u00a1Descubre el eBook sobre c\u00f3mo perder peso con las bacterias intestinales y obt\u00e9n valiosos consejos!\" \/>\n<meta property=\"og:url\" content=\"https:\/\/biomes.world\/es\/service\/biomes-ebooks\/adelgazar-con-las-bacterias-intestinales\/\" \/>\n<meta property=\"og:site_name\" content=\"BIOMES - Feel better\" \/>\n<meta property=\"article:publisher\" content=\"https:\/\/de-de.facebook.com\/BIOMES.world\/\" \/>\n<meta property=\"article:modified_time\" content=\"2023-03-02T13:29:45+00:00\" \/>\n<meta property=\"og:image\" content=\"http:\/\/biomes.world\/wp-content\/uploads\/2021\/08\/eBook_ES_Abnehmen_201012_Seite_04-1-759x1024.jpg\" \/>\n<meta name=\"twitter:card\" content=\"summary_large_image\" \/>\n<meta name=\"twitter:label1\" content=\"Tiempo de lectura\" \/>\n\t<meta name=\"twitter:data1\" content=\"2 minutos\" \/>\n<script type=\"application\/ld+json\" class=\"yoast-schema-graph\">{\"@context\":\"https:\\\/\\\/schema.org\",\"@graph\":[{\"@type\":\"WebPage\",\"@id\":\"https:\\\/\\\/biomes.world\\\/es\\\/service\\\/biomes-ebooks\\\/adelgazar-con-las-bacterias-intestinales\\\/\",\"url\":\"https:\\\/\\\/biomes.world\\\/es\\\/service\\\/biomes-ebooks\\\/adelgazar-con-las-bacterias-intestinales\\\/\",\"name\":\"BIOMES eBook - Perder peso con las bacterias intestinales -\",\"isPartOf\":{\"@id\":\"https:\\\/\\\/biomes.world\\\/es\\\/#website\"},\"primaryImageOfPage\":{\"@id\":\"https:\\\/\\\/biomes.world\\\/es\\\/service\\\/biomes-ebooks\\\/adelgazar-con-las-bacterias-intestinales\\\/#primaryimage\"},\"image\":{\"@id\":\"https:\\\/\\\/biomes.world\\\/es\\\/service\\\/biomes-ebooks\\\/adelgazar-con-las-bacterias-intestinales\\\/#primaryimage\"},\"thumbnailUrl\":\"http:\\\/\\\/biomes.world\\\/wp-content\\\/uploads\\\/2021\\\/08\\\/eBook_ES_Abnehmen_201012_Seite_04-1-759x1024.jpg\",\"datePublished\":\"2020-05-28T07:47:00+00:00\",\"dateModified\":\"2023-03-02T13:29:45+00:00\",\"description\":\"\u00bfQuieres perder peso? \u00a1Descubre el eBook sobre c\u00f3mo perder peso con las bacterias intestinales y obt\u00e9n valiosos consejos!\",\"breadcrumb\":{\"@id\":\"https:\\\/\\\/biomes.world\\\/es\\\/service\\\/biomes-ebooks\\\/adelgazar-con-las-bacterias-intestinales\\\/#breadcrumb\"},\"inLanguage\":\"es\",\"potentialAction\":[{\"@type\":\"ReadAction\",\"target\":[\"https:\\\/\\\/biomes.world\\\/es\\\/service\\\/biomes-ebooks\\\/adelgazar-con-las-bacterias-intestinales\\\/\"]}]},{\"@type\":\"ImageObject\",\"inLanguage\":\"es\",\"@id\":\"https:\\\/\\\/biomes.world\\\/es\\\/service\\\/biomes-ebooks\\\/adelgazar-con-las-bacterias-intestinales\\\/#primaryimage\",\"url\":\"http:\\\/\\\/biomes.world\\\/wp-content\\\/uploads\\\/2021\\\/08\\\/eBook_ES_Abnehmen_201012_Seite_04-1-759x1024.jpg\",\"contentUrl\":\"http:\\\/\\\/biomes.world\\\/wp-content\\\/uploads\\\/2021\\\/08\\\/eBook_ES_Abnehmen_201012_Seite_04-1-759x1024.jpg\"},{\"@type\":\"BreadcrumbList\",\"@id\":\"https:\\\/\\\/biomes.world\\\/es\\\/service\\\/biomes-ebooks\\\/adelgazar-con-las-bacterias-intestinales\\\/#breadcrumb\",\"itemListElement\":[{\"@type\":\"ListItem\",\"position\":1,\"name\":\"Home\",\"item\":\"https:\\\/\\\/biomes.world\\\/es\\\/\"},{\"@type\":\"ListItem\",\"position\":2,\"name\":\"Pie de p\u00e1gina Service\",\"item\":\"https:\\\/\\\/biomes.world\\\/es\\\/service\\\/\"},{\"@type\":\"ListItem\",\"position\":3,\"name\":\"Libros electr\u00f3nicos de BIOMES\",\"item\":\"https:\\\/\\\/biomes.world\\\/es\\\/service\\\/biomes-ebooks\\\/\"},{\"@type\":\"ListItem\",\"position\":4,\"name\":\"BIOMES eBook &#8211; Perder peso con las bacterias intestinales\"}]},{\"@type\":\"WebSite\",\"@id\":\"https:\\\/\\\/biomes.world\\\/es\\\/#website\",\"url\":\"https:\\\/\\\/biomes.world\\\/es\\\/\",\"name\":\"BIOMES - Feel better\",\"description\":\"Cutting-edge biotechnology used to help people\",\"publisher\":{\"@id\":\"https:\\\/\\\/biomes.world\\\/es\\\/#organization\"},\"potentialAction\":[{\"@type\":\"SearchAction\",\"target\":{\"@type\":\"EntryPoint\",\"urlTemplate\":\"https:\\\/\\\/biomes.world\\\/es\\\/?s={search_term_string}\"},\"query-input\":{\"@type\":\"PropertyValueSpecification\",\"valueRequired\":true,\"valueName\":\"search_term_string\"}}],\"inLanguage\":\"es\"},{\"@type\":\"Organization\",\"@id\":\"https:\\\/\\\/biomes.world\\\/es\\\/#organization\",\"name\":\"BIOMES 4.0 GmbH\",\"url\":\"https:\\\/\\\/biomes.world\\\/es\\\/\",\"logo\":{\"@type\":\"ImageObject\",\"inLanguage\":\"es\",\"@id\":\"https:\\\/\\\/biomes.world\\\/es\\\/#\\\/schema\\\/logo\\\/image\\\/\",\"url\":\"http:\\\/\\\/biomes.world\\\/wp-content\\\/uploads\\\/2024\\\/04\\\/biomes_logo_2021_RGB.png\",\"contentUrl\":\"http:\\\/\\\/biomes.world\\\/wp-content\\\/uploads\\\/2024\\\/04\\\/biomes_logo_2021_RGB.png\",\"width\":10040,\"height\":2599,\"caption\":\"BIOMES 4.0 GmbH\"},\"image\":{\"@id\":\"https:\\\/\\\/biomes.world\\\/es\\\/#\\\/schema\\\/logo\\\/image\\\/\"},\"sameAs\":[\"https:\\\/\\\/de-de.facebook.com\\\/BIOMES.world\\\/\",\"https:\\\/\\\/www.youtube.com\\\/@BIOMESworld\",\"https:\\\/\\\/www.instagram.com\\\/biomes_official\\\/\"]}]}<\/script>\n<!-- \/ Yoast SEO plugin. -->","yoast_head_json":{"title":"BIOMES eBook - Perder peso con las bacterias intestinales -","description":"\u00bfQuieres perder peso? \u00a1Descubre el eBook sobre c\u00f3mo perder peso con las bacterias intestinales y obt\u00e9n valiosos consejos!","robots":{"index":"index","follow":"follow","max-snippet":"max-snippet:-1","max-image-preview":"max-image-preview:large","max-video-preview":"max-video-preview:-1"},"canonical":"https:\/\/biomes.world\/es\/service\/biomes-ebooks\/adelgazar-con-las-bacterias-intestinales\/","og_locale":"es_ES","og_type":"article","og_title":"BIOMES eBook - Perder peso con las bacterias intestinales -","og_description":"\u00bfQuieres perder peso? \u00a1Descubre el eBook sobre c\u00f3mo perder peso con las bacterias intestinales y obt\u00e9n valiosos consejos!","og_url":"https:\/\/biomes.world\/es\/service\/biomes-ebooks\/adelgazar-con-las-bacterias-intestinales\/","og_site_name":"BIOMES - Feel better","article_publisher":"https:\/\/de-de.facebook.com\/BIOMES.world\/","article_modified_time":"2023-03-02T13:29:45+00:00","og_image":[{"url":"http:\/\/biomes.world\/wp-content\/uploads\/2021\/08\/eBook_ES_Abnehmen_201012_Seite_04-1-759x1024.jpg","type":"","width":"","height":""}],"twitter_card":"summary_large_image","twitter_misc":{"Tiempo de lectura":"2 minutos"},"schema":{"@context":"https:\/\/schema.org","@graph":[{"@type":"WebPage","@id":"https:\/\/biomes.world\/es\/service\/biomes-ebooks\/adelgazar-con-las-bacterias-intestinales\/","url":"https:\/\/biomes.world\/es\/service\/biomes-ebooks\/adelgazar-con-las-bacterias-intestinales\/","name":"BIOMES eBook - Perder peso con las bacterias intestinales -","isPartOf":{"@id":"https:\/\/biomes.world\/es\/#website"},"primaryImageOfPage":{"@id":"https:\/\/biomes.world\/es\/service\/biomes-ebooks\/adelgazar-con-las-bacterias-intestinales\/#primaryimage"},"image":{"@id":"https:\/\/biomes.world\/es\/service\/biomes-ebooks\/adelgazar-con-las-bacterias-intestinales\/#primaryimage"},"thumbnailUrl":"http:\/\/biomes.world\/wp-content\/uploads\/2021\/08\/eBook_ES_Abnehmen_201012_Seite_04-1-759x1024.jpg","datePublished":"2020-05-28T07:47:00+00:00","dateModified":"2023-03-02T13:29:45+00:00","description":"\u00bfQuieres perder peso? \u00a1Descubre el eBook sobre c\u00f3mo perder peso con las bacterias intestinales y obt\u00e9n valiosos consejos!","breadcrumb":{"@id":"https:\/\/biomes.world\/es\/service\/biomes-ebooks\/adelgazar-con-las-bacterias-intestinales\/#breadcrumb"},"inLanguage":"es","potentialAction":[{"@type":"ReadAction","target":["https:\/\/biomes.world\/es\/service\/biomes-ebooks\/adelgazar-con-las-bacterias-intestinales\/"]}]},{"@type":"ImageObject","inLanguage":"es","@id":"https:\/\/biomes.world\/es\/service\/biomes-ebooks\/adelgazar-con-las-bacterias-intestinales\/#primaryimage","url":"http:\/\/biomes.world\/wp-content\/uploads\/2021\/08\/eBook_ES_Abnehmen_201012_Seite_04-1-759x1024.jpg","contentUrl":"http:\/\/biomes.world\/wp-content\/uploads\/2021\/08\/eBook_ES_Abnehmen_201012_Seite_04-1-759x1024.jpg"},{"@type":"BreadcrumbList","@id":"https:\/\/biomes.world\/es\/service\/biomes-ebooks\/adelgazar-con-las-bacterias-intestinales\/#breadcrumb","itemListElement":[{"@type":"ListItem","position":1,"name":"Home","item":"https:\/\/biomes.world\/es\/"},{"@type":"ListItem","position":2,"name":"Pie de p\u00e1gina Service","item":"https:\/\/biomes.world\/es\/service\/"},{"@type":"ListItem","position":3,"name":"Libros electr\u00f3nicos de BIOMES","item":"https:\/\/biomes.world\/es\/service\/biomes-ebooks\/"},{"@type":"ListItem","position":4,"name":"BIOMES eBook &#8211; Perder peso con las bacterias intestinales"}]},{"@type":"WebSite","@id":"https:\/\/biomes.world\/es\/#website","url":"https:\/\/biomes.world\/es\/","name":"BIOMES - Feel better","description":"Cutting-edge biotechnology used to help people","publisher":{"@id":"https:\/\/biomes.world\/es\/#organization"},"potentialAction":[{"@type":"SearchAction","target":{"@type":"EntryPoint","urlTemplate":"https:\/\/biomes.world\/es\/?s={search_term_string}"},"query-input":{"@type":"PropertyValueSpecification","valueRequired":true,"valueName":"search_term_string"}}],"inLanguage":"es"},{"@type":"Organization","@id":"https:\/\/biomes.world\/es\/#organization","name":"BIOMES 4.0 GmbH","url":"https:\/\/biomes.world\/es\/","logo":{"@type":"ImageObject","inLanguage":"es","@id":"https:\/\/biomes.world\/es\/#\/schema\/logo\/image\/","url":"http:\/\/biomes.world\/wp-content\/uploads\/2024\/04\/biomes_logo_2021_RGB.png","contentUrl":"http:\/\/biomes.world\/wp-content\/uploads\/2024\/04\/biomes_logo_2021_RGB.png","width":10040,"height":2599,"caption":"BIOMES 4.0 GmbH"},"image":{"@id":"https:\/\/biomes.world\/es\/#\/schema\/logo\/image\/"},"sameAs":["https:\/\/de-de.facebook.com\/BIOMES.world\/","https:\/\/www.youtube.com\/@BIOMESworld","https:\/\/www.instagram.com\/biomes_official\/"]}]}},"_links":{"self":[{"href":"https:\/\/biomes.world\/es\/wp-json\/wp\/v2\/pages\/573775","targetHints":{"allow":["GET"]}}],"collection":[{"href":"https:\/\/biomes.world\/es\/wp-json\/wp\/v2\/pages"}],"about":[{"href":"https:\/\/biomes.world\/es\/wp-json\/wp\/v2\/types\/page"}],"author":[{"embeddable":true,"href":"https:\/\/biomes.world\/es\/wp-json\/wp\/v2\/users\/3168"}],"replies":[{"embeddable":true,"href":"https:\/\/biomes.world\/es\/wp-json\/wp\/v2\/comments?post=573775"}],"version-history":[{"count":0,"href":"https:\/\/biomes.world\/es\/wp-json\/wp\/v2\/pages\/573775\/revisions"}],"up":[{"embeddable":true,"href":"https:\/\/biomes.world\/es\/wp-json\/wp\/v2\/pages\/511185"}],"wp:attachment":[{"href":"https:\/\/biomes.world\/es\/wp-json\/wp\/v2\/media?parent=573775"}],"curies":[{"name":"wp","href":"https:\/\/api.w.org\/{rel}","templated":true}]}}