{"id":511185,"date":"2021-07-02T08:39:32","date_gmt":"2021-07-02T06:39:32","guid":{"rendered":"http:\/\/biomes.world\/libros-electronicos-de-biomes\/"},"modified":"2023-03-02T13:14:29","modified_gmt":"2023-03-02T12:14:29","slug":"libros-electronicos-de-biomes","status":"publish","type":"page","link":"https:\/\/biomes.world\/es\/service\/biomes-ebooks\/","title":{"rendered":"Libros electr\u00f3nicos de BIOMES"},"content":{"rendered":"<div id=\"stage-block_805444e600de25266a2cbc98ac2cf352\" class=\"stage\">\n    <div class=\"stage__media\">\n        <img loading=\"lazy\" decoding=\"async\" width=\"1600\" height=\"650\" src=\"https:\/\/biomes.world\/wp-content\/uploads\/2021\/07\/biomes-ebook-header.jpg\" class=\"attachment-post-header size-post-header\" alt=\"BIOMES eBook Header\" srcset=\"https:\/\/biomes.world\/wp-content\/uploads\/2021\/07\/biomes-ebook-header-300x122.jpg 300w, https:\/\/biomes.world\/wp-content\/uploads\/2021\/07\/biomes-ebook-header-1024x416.jpg 1024w, https:\/\/biomes.world\/wp-content\/uploads\/2021\/07\/biomes-ebook-header-768x312.jpg 768w, https:\/\/biomes.world\/wp-content\/uploads\/2021\/07\/biomes-ebook-header-1536x624.jpg 1536w, https:\/\/biomes.world\/wp-content\/uploads\/2021\/07\/biomes-ebook-header-250x102.jpg 250w, https:\/\/biomes.world\/wp-content\/uploads\/2021\/07\/biomes-ebook-header-800x325.jpg 800w, https:\/\/biomes.world\/wp-content\/uploads\/2021\/07\/biomes-ebook-header.jpg 1600w\" sizes=\"auto, (max-width: 30em) 100vw, (max-width: 48em) 100vw, (max-width: 62em) 100vw, (max-width: 75em) 100vw, 1400px\" \/>    <\/div>\n    <div class=\"stage__header\">\n        <div class=\"stage__col column\">\n            <h1 class=\"stage__title\">\n                <span>Feel better <\/span>\n                Nuestros libros electr\u00f3nicos gratuitos: Para que aprendas a ayudarte             <\/h1>\n            \n\n<p><strong>En BIOMES, queremos ayudar a las personas a tomar las riendas de su propia salud y acompa\u00f1arlas en su camino hacia un mayor bienesta<\/strong>r. Por ello, en nuestros libros electr\u00f3nicos gratuitos compartimos con ellas nuestros valiosos conocimientos sobre los temas \u00abEl intestino y el sistema inmunol\u00f3gico\u00bb, \u00abNutrici\u00f3n saludable para el intestino\u00bb y \u00abAdelgazar con bacterias intestinales\u00bb. Descubre el emocionante mundo de tus bacterias intestinales&#8230; \u00a1vale la pena!&nbsp;<\/p>\n\n        <\/div>\n    <\/div>\n<\/div>\n\n\n\n<h2 class=\"wp-block-heading\" id=\"h-por-que-debes-conocer-tu-intestino\">\u00bfPor qu\u00e9 debes conocer tu intestino?&nbsp;&nbsp;<\/h2>\n\n\n\n<p>En tu intestino viven miles de millones de bacterias y la mayor\u00eda de ellas son m\u00e1s beneficiosas de lo que puedas llegar a imaginar. Y es que tus bacterias intestinales no solo influyen en tu digesti\u00f3n, sino que tambi\u00e9n regulan tu apetito, controlan tu sistema inmunol\u00f3gico, regulan el aprovechamiento de las calor\u00edas y muchas cosas m\u00e1s. La buena noticia es que se puede influir en la composici\u00f3n de las bacterias intestinales, sobre todo gracias a nuestros consejos de nutrici\u00f3n saludable para el intestino.&nbsp;&nbsp;<\/p>\n\n\n<div id=\"benefits-block_d663ce9824f7550c85f11a6e78183558\" class=\"benefits site-block\">\n    <div class=\"benefits__row row xs-up-1 md-up-2 lg-up-3\">\n        <div class=\"benefits__item column\"><div class=\"benefits__content\"><div class=\"benefits__media--icon benefits__media\"><svg xmlns=\"http:\/\/www.w3.org\/2000\/svg\" viewBox=\"0 0 12 12\"><use xlink:href=\"https:\/\/biomes.world\/wp-content\/themes\/biomesworld\/resources\/public\/svg\/icons.svg?1.62#protection\"><\/use><\/svg><\/div><div class=\"benefits__text\"><div class=\"benefits__header\">El intestino y el sistema inmunol\u00f3gico  <\/div><p>Intestino sano, persona sana: En este libro te explicamos c\u00f3mo funciona tu sistema inmunol\u00f3gico y c\u00f3mo puedes fortalecerlo. Tambi\u00e9n aprender\u00e1s cu\u00e1les son las enfermedades m\u00e1s comunes del sistema inmunol\u00f3gico y sabr\u00e1s qu\u00e9 es lo mejor para los ni\u00f1os.  <\/p>\n<\/div><\/div><\/div><div class=\"benefits__item column\"><div class=\"benefits__content\"><div class=\"benefits__media--icon benefits__media\"><svg xmlns=\"http:\/\/www.w3.org\/2000\/svg\" viewBox=\"0 0 12 12\"><use xlink:href=\"https:\/\/biomes.world\/wp-content\/themes\/biomesworld\/resources\/public\/svg\/icons.svg?1.62#vitamins\"><\/use><\/svg><\/div><div class=\"benefits__text\"><div class=\"benefits__header\">Nutrici\u00f3n saludable para el intestino <\/div><p>No solo eres lo que comes, sino que eres lo que tus bacterias digieren por ti. Aprende qu\u00e9 es lo mejor para tu intestino y tu esp\u00edritu, y qu\u00e9 nutrici\u00f3n es la m\u00e1s adecuada para reforzar tu flora intestinal.  <\/p>\n<\/div><\/div><\/div><div class=\"benefits__item column\"><div class=\"benefits__content\"><div class=\"benefits__media--icon benefits__media\"><svg xmlns=\"http:\/\/www.w3.org\/2000\/svg\" viewBox=\"0 0 12 12\"><use xlink:href=\"https:\/\/biomes.world\/wp-content\/themes\/biomesworld\/resources\/public\/svg\/icons.svg?1.62#digestion\"><\/use><\/svg><\/div><div class=\"benefits__text\"><div class=\"benefits__header\">Adelgazar con bacterias intestinales <\/div><p>Adelgazar sin efecto rebote es algo que pocas personas consiguen. En este libro aprender\u00e1s c\u00f3mo adelgazar con ayuda de tus bacterias intestinales y te daremos consejos para que cambies tu nutrici\u00f3n de manera eficiente.  <\/p>\n<\/div><\/div><\/div>    <\/div>\n<\/div>\n\n\n<div id=\"reading-block_568dd38be4542d5363a946b121234a1c\" class=\"reading site-blockspace--both site-block\">\n    <div class=\"reading__slide row xs-up-1 md-up-2 lg-up-3\">\n                                    <div class=\"reading__item column\">\n                    <a href=\" http:\/\/biomes.world\/es\/service\/biomes-ebooks\/el-intestino-y-el-sistema-inmunitario\" class=\"reading__item\" target=\"_blank\"><span class=\"reading__media\"><img decoding=\"async\" src=\"https:\/\/biomes.world\/wp-content\/uploads\/2021\/08\/Mockup_Immunsystem-1-1024x947_ES-400x360.png\" width=400 heigth=360 alt=\"El intestino y el sistema inmunol\u00f3gico\"><\/span>                        <div class=\"h4 reading__title\">El intestino y el sistema inmunol\u00f3gico<\/div>\n                        <span class=\"reading__link\">\n                            <svg width=\"38\" height=\"43\">\n                                <use xlink:href=\"https:\/\/biomes.world\/wp-content\/themes\/biomesworld\/resources\/public\/svg\/sprite.svg#arrow-comb\"><\/use>\n                                <use xlink:href=\"https:\/\/biomes.world\/wp-content\/themes\/biomesworld\/resources\/public\/svg\/sprite.svg#arrow-right-only\"><\/use>\n                            <\/svg>\n                            obt\u00e9n tu eBook                        <\/span>\n                    <\/a>\n                <\/div>\n                            <div class=\"reading__item column\">\n                    <a href=\"http:\/\/biomes.world\/es\/service\/biomes-ebooks\/alimentacion-intestinal-saludable\/\" class=\"reading__item\" target=\"_blank\"><span class=\"reading__media\"><img decoding=\"async\" src=\"https:\/\/biomes.world\/wp-content\/uploads\/2021\/08\/Mockup_Darmgesunde_ernaehrung-1-1024x947_ES-400x360.png\" width=400 heigth=360 alt=\"Nutrici\u00f3n saludable para el intestino\"><\/span>                        <div class=\"h4 reading__title\">Nutrici\u00f3n saludable para el intestino<\/div>\n                        <span class=\"reading__link\">\n                            <svg width=\"38\" height=\"43\">\n                                <use xlink:href=\"https:\/\/biomes.world\/wp-content\/themes\/biomesworld\/resources\/public\/svg\/sprite.svg#arrow-comb\"><\/use>\n                                <use xlink:href=\"https:\/\/biomes.world\/wp-content\/themes\/biomesworld\/resources\/public\/svg\/sprite.svg#arrow-right-only\"><\/use>\n                            <\/svg>\n                            obt\u00e9n tu eBook                        <\/span>\n                    <\/a>\n                <\/div>\n                            <div class=\"reading__item column\">\n                    <a href=\"http:\/\/biomes.world\/es\/service\/biomes-ebooks\/adelgazar-con-las-bacterias-intestinales\/\" class=\"reading__item\" target=\"_blank\"><span class=\"reading__media\"><img decoding=\"async\" src=\"https:\/\/biomes.world\/wp-content\/uploads\/2021\/08\/Mockup_Abnehmen-1-1024x947_ES-400x360.png\" width=400 heigth=360 alt=\"Adelgazar con bacterias intestinales\"><\/span>                        <div class=\"h4 reading__title\">Adelgazar con bacterias intestinales<\/div>\n                        <span class=\"reading__link\">\n                            <svg width=\"38\" height=\"43\">\n                                <use xlink:href=\"https:\/\/biomes.world\/wp-content\/themes\/biomesworld\/resources\/public\/svg\/sprite.svg#arrow-comb\"><\/use>\n                                <use xlink:href=\"https:\/\/biomes.world\/wp-content\/themes\/biomesworld\/resources\/public\/svg\/sprite.svg#arrow-right-only\"><\/use>\n                            <\/svg>\n                            obt\u00e9n tu eBook                        <\/span>\n                    <\/a>\n                <\/div>\n                        <\/div>\n<\/div>\n","protected":false},"excerpt":{"rendered":"<p>Feel better Nuestros libros electr\u00f3nicos gratuitos: Para que aprendas a ayudarte En BIOMES, queremos ayudar a las personas a tomar las riendas de su propia salud y acompa\u00f1arlas en su camino hacia un mayor bienestar. Por ello, en nuestros libros electr\u00f3nicos gratuitos compartimos con ellas nuestros valiosos conocimientos sobre los temas \u00abEl intestino y el [&#8230;]<\/p>\n","protected":false},"author":3168,"featured_media":0,"parent":511977,"menu_order":0,"comment_status":"closed","ping_status":"closed","template":"","meta":{"_acf_changed":false,"footnotes":""},"class_list":["post-511185","page","type-page","status-publish","hentry"],"acf":[],"yoast_head":"<!-- This site is optimized with the Yoast SEO Premium plugin v26.2 (Yoast SEO v27.2) - https:\/\/yoast.com\/product\/yoast-seo-premium-wordpress\/ -->\n<title>Libros electr\u00f3nicos de BIOMES - BIOMES - Feel better<\/title>\n<meta name=\"description\" content=\"Ad\u00e9ntrese en el mundo de la salud intestinal, la nutrici\u00f3n adecuada y el sistema inmunitario en nuestros libros electr\u00f3nicos gratuitos.\" \/>\n<meta name=\"robots\" content=\"index, follow, max-snippet:-1, max-image-preview:large, max-video-preview:-1\" \/>\n<link rel=\"canonical\" href=\"https:\/\/biomes.world\/es\/service\/biomes-ebooks\/\" \/>\n<meta property=\"og:locale\" content=\"es_ES\" \/>\n<meta property=\"og:type\" content=\"article\" \/>\n<meta property=\"og:title\" content=\"Libros electr\u00f3nicos de BIOMES\" \/>\n<meta property=\"og:description\" content=\"Ad\u00e9ntrese en el mundo de la salud intestinal, la nutrici\u00f3n adecuada y el sistema inmunitario en nuestros libros electr\u00f3nicos gratuitos.\" \/>\n<meta property=\"og:url\" content=\"https:\/\/biomes.world\/es\/service\/biomes-ebooks\/\" \/>\n<meta property=\"og:site_name\" content=\"BIOMES - Feel better\" \/>\n<meta property=\"article:publisher\" content=\"https:\/\/de-de.facebook.com\/BIOMES.world\/\" \/>\n<meta property=\"article:modified_time\" content=\"2023-03-02T12:14:29+00:00\" \/>\n<meta name=\"twitter:card\" content=\"summary_large_image\" \/>\n<meta name=\"twitter:label1\" content=\"Tiempo de lectura\" \/>\n\t<meta name=\"twitter:data1\" content=\"1 minuto\" \/>\n<script type=\"application\/ld+json\" class=\"yoast-schema-graph\">{\"@context\":\"https:\/\/schema.org\",\"@graph\":[{\"@type\":\"WebPage\",\"@id\":\"https:\/\/biomes.world\/es\/service\/biomes-ebooks\/\",\"url\":\"https:\/\/biomes.world\/es\/service\/biomes-ebooks\/\",\"name\":\"Libros electr\u00f3nicos de BIOMES - BIOMES - Feel better\",\"isPartOf\":{\"@id\":\"https:\/\/biomes.world\/es\/#website\"},\"datePublished\":\"2021-07-02T06:39:32+00:00\",\"dateModified\":\"2023-03-02T12:14:29+00:00\",\"description\":\"Ad\u00e9ntrese en el mundo de la salud intestinal, la nutrici\u00f3n adecuada y el sistema inmunitario en nuestros libros electr\u00f3nicos gratuitos.\",\"breadcrumb\":{\"@id\":\"https:\/\/biomes.world\/es\/service\/biomes-ebooks\/#breadcrumb\"},\"inLanguage\":\"es\",\"potentialAction\":[{\"@type\":\"ReadAction\",\"target\":[\"https:\/\/biomes.world\/es\/service\/biomes-ebooks\/\"]}]},{\"@type\":\"BreadcrumbList\",\"@id\":\"https:\/\/biomes.world\/es\/service\/biomes-ebooks\/#breadcrumb\",\"itemListElement\":[{\"@type\":\"ListItem\",\"position\":1,\"name\":\"Home\",\"item\":\"https:\/\/biomes.world\/es\/\"},{\"@type\":\"ListItem\",\"position\":2,\"name\":\"Pie de p\u00e1gina Service\",\"item\":\"https:\/\/biomes.world\/es\/service\/\"},{\"@type\":\"ListItem\",\"position\":3,\"name\":\"Libros electr\u00f3nicos de BIOMES\"}]},{\"@type\":\"WebSite\",\"@id\":\"https:\/\/biomes.world\/es\/#website\",\"url\":\"https:\/\/biomes.world\/es\/\",\"name\":\"BIOMES - Feel better\",\"description\":\"Cutting-edge biotechnology used to help people\",\"publisher\":{\"@id\":\"https:\/\/biomes.world\/es\/#organization\"},\"potentialAction\":[{\"@type\":\"SearchAction\",\"target\":{\"@type\":\"EntryPoint\",\"urlTemplate\":\"https:\/\/biomes.world\/es\/?s={search_term_string}\"},\"query-input\":{\"@type\":\"PropertyValueSpecification\",\"valueRequired\":true,\"valueName\":\"search_term_string\"}}],\"inLanguage\":\"es\"},{\"@type\":\"Organization\",\"@id\":\"https:\/\/biomes.world\/es\/#organization\",\"name\":\"BIOMES 4.0 GmbH\",\"url\":\"https:\/\/biomes.world\/es\/\",\"logo\":{\"@type\":\"ImageObject\",\"inLanguage\":\"es\",\"@id\":\"https:\/\/biomes.world\/es\/#\/schema\/logo\/image\/\",\"url\":\"http:\/\/biomes.world\/wp-content\/uploads\/2024\/04\/biomes_logo_2021_RGB.png\",\"contentUrl\":\"http:\/\/biomes.world\/wp-content\/uploads\/2024\/04\/biomes_logo_2021_RGB.png\",\"width\":10040,\"height\":2599,\"caption\":\"BIOMES 4.0 GmbH\"},\"image\":{\"@id\":\"https:\/\/biomes.world\/es\/#\/schema\/logo\/image\/\"},\"sameAs\":[\"https:\/\/de-de.facebook.com\/BIOMES.world\/\",\"https:\/\/www.youtube.com\/@BIOMESworld\",\"https:\/\/www.instagram.com\/biomes_official\/\"],\"legalName\":\"BIOMES 4.0 GmbH\",\"duns\":\"314778637\"}]}<\/script>\n<!-- \/ Yoast SEO Premium plugin. -->","yoast_head_json":{"title":"Libros electr\u00f3nicos de BIOMES - BIOMES - Feel better","description":"Ad\u00e9ntrese en el mundo de la salud intestinal, la nutrici\u00f3n adecuada y el sistema inmunitario en nuestros libros electr\u00f3nicos gratuitos.","robots":{"index":"index","follow":"follow","max-snippet":"max-snippet:-1","max-image-preview":"max-image-preview:large","max-video-preview":"max-video-preview:-1"},"canonical":"https:\/\/biomes.world\/es\/service\/biomes-ebooks\/","og_locale":"es_ES","og_type":"article","og_title":"Libros electr\u00f3nicos de BIOMES","og_description":"Ad\u00e9ntrese en el mundo de la salud intestinal, la nutrici\u00f3n adecuada y el sistema inmunitario en nuestros libros electr\u00f3nicos gratuitos.","og_url":"https:\/\/biomes.world\/es\/service\/biomes-ebooks\/","og_site_name":"BIOMES - Feel better","article_publisher":"https:\/\/de-de.facebook.com\/BIOMES.world\/","article_modified_time":"2023-03-02T12:14:29+00:00","twitter_card":"summary_large_image","twitter_misc":{"Tiempo de lectura":"1 minuto"},"schema":{"@context":"https:\/\/schema.org","@graph":[{"@type":"WebPage","@id":"https:\/\/biomes.world\/es\/service\/biomes-ebooks\/","url":"https:\/\/biomes.world\/es\/service\/biomes-ebooks\/","name":"Libros electr\u00f3nicos de BIOMES - BIOMES - Feel better","isPartOf":{"@id":"https:\/\/biomes.world\/es\/#website"},"datePublished":"2021-07-02T06:39:32+00:00","dateModified":"2023-03-02T12:14:29+00:00","description":"Ad\u00e9ntrese en el mundo de la salud intestinal, la nutrici\u00f3n adecuada y el sistema inmunitario en nuestros libros electr\u00f3nicos gratuitos.","breadcrumb":{"@id":"https:\/\/biomes.world\/es\/service\/biomes-ebooks\/#breadcrumb"},"inLanguage":"es","potentialAction":[{"@type":"ReadAction","target":["https:\/\/biomes.world\/es\/service\/biomes-ebooks\/"]}]},{"@type":"BreadcrumbList","@id":"https:\/\/biomes.world\/es\/service\/biomes-ebooks\/#breadcrumb","itemListElement":[{"@type":"ListItem","position":1,"name":"Home","item":"https:\/\/biomes.world\/es\/"},{"@type":"ListItem","position":2,"name":"Pie de p\u00e1gina Service","item":"https:\/\/biomes.world\/es\/service\/"},{"@type":"ListItem","position":3,"name":"Libros electr\u00f3nicos de BIOMES"}]},{"@type":"WebSite","@id":"https:\/\/biomes.world\/es\/#website","url":"https:\/\/biomes.world\/es\/","name":"BIOMES - Feel better","description":"Cutting-edge biotechnology used to help people","publisher":{"@id":"https:\/\/biomes.world\/es\/#organization"},"potentialAction":[{"@type":"SearchAction","target":{"@type":"EntryPoint","urlTemplate":"https:\/\/biomes.world\/es\/?s={search_term_string}"},"query-input":{"@type":"PropertyValueSpecification","valueRequired":true,"valueName":"search_term_string"}}],"inLanguage":"es"},{"@type":"Organization","@id":"https:\/\/biomes.world\/es\/#organization","name":"BIOMES 4.0 GmbH","url":"https:\/\/biomes.world\/es\/","logo":{"@type":"ImageObject","inLanguage":"es","@id":"https:\/\/biomes.world\/es\/#\/schema\/logo\/image\/","url":"http:\/\/biomes.world\/wp-content\/uploads\/2024\/04\/biomes_logo_2021_RGB.png","contentUrl":"http:\/\/biomes.world\/wp-content\/uploads\/2024\/04\/biomes_logo_2021_RGB.png","width":10040,"height":2599,"caption":"BIOMES 4.0 GmbH"},"image":{"@id":"https:\/\/biomes.world\/es\/#\/schema\/logo\/image\/"},"sameAs":["https:\/\/de-de.facebook.com\/BIOMES.world\/","https:\/\/www.youtube.com\/@BIOMESworld","https:\/\/www.instagram.com\/biomes_official\/"],"legalName":"BIOMES 4.0 GmbH","duns":"314778637"}]}},"_links":{"self":[{"href":"https:\/\/biomes.world\/es\/wp-json\/wp\/v2\/pages\/511185","targetHints":{"allow":["GET"]}}],"collection":[{"href":"https:\/\/biomes.world\/es\/wp-json\/wp\/v2\/pages"}],"about":[{"href":"https:\/\/biomes.world\/es\/wp-json\/wp\/v2\/types\/page"}],"author":[{"embeddable":true,"href":"https:\/\/biomes.world\/es\/wp-json\/wp\/v2\/users\/3168"}],"replies":[{"embeddable":true,"href":"https:\/\/biomes.world\/es\/wp-json\/wp\/v2\/comments?post=511185"}],"version-history":[{"count":0,"href":"https:\/\/biomes.world\/es\/wp-json\/wp\/v2\/pages\/511185\/revisions"}],"up":[{"embeddable":true,"href":"https:\/\/biomes.world\/es\/wp-json\/wp\/v2\/pages\/511977"}],"wp:attachment":[{"href":"https:\/\/biomes.world\/es\/wp-json\/wp\/v2\/media?parent=511185"}],"curies":[{"name":"wp","href":"https:\/\/api.w.org\/{rel}","templated":true}]}}