{"id":511182,"date":"2021-07-02T08:39:27","date_gmt":"2021-07-02T06:39:27","guid":{"rendered":"http:\/\/biomes.world\/feel-better\/te-interesa-saberlo\/"},"modified":"2022-06-21T17:41:52","modified_gmt":"2022-06-21T15:41:52","slug":"cosas-a-saber","status":"publish","type":"page","link":"https:\/\/biomes.world\/es\/cosas-a-saber\/","title":{"rendered":"Cosas a saber"},"content":{"rendered":"\n<h2 class=\"wp-block-heading\"><span class=\"subheader\">Te interesa saberlo<\/span> Descubre tu intestino en la revista de salud de BIOMES<\/h2>\n\n\n\n<p>\u00a1Te damos la bienvenida a la revista de salud de <strong>BIOMES<\/strong>! Aqu\u00ed puedes informarte online cuando quieras acerca de las \u00faltimas novedades relacionadas con el mundo de la salud intestinal. Publicamos estudios y descubrimientos cient\u00edficos con regularidad, adem\u00e1s de emocionantes entrevistas en v\u00eddeo con expertos y art\u00edculos informativos sobre el microbioma, el reino bacteriano de nuestro intestino y la mejor alimentaci\u00f3n para el intestino. De esta forma, <strong>BIOMES<\/strong> te ofrece instrumentos que te aportar\u00e1n salud y felicidad. Trabajamos constantemente para acompa\u00f1ar a las personas durante toda su vida. \u00a1Te deseamos una flora intestinal sana y mucha diversi\u00f3n leyendo nuestros art\u00edculos!<\/p>\n\n\n<div id=\"teaser-block_60914faa83f9c\" class=\"wp-block-biomesworld-teaser site-blockspace--both site-block\">\n    <div class=\"wp-block-biomesworld-teaser__row row xs-up-1 md-up-2 lg-up-4\">\n                                    <div class=\"wp-block-biomesworld-teaser__col column\">\n                    <a href=\"http:\/\/biomes.world\/es\/cosas-a-saber\/alimentacion\/\" class=\"wp-block-biomesworld-teaser__item\">                        <span class=\"wp-block-biomesworld-teaser__media\">\n                            <svg xmlns=\"http:\/\/www.w3.org\/2000\/svg\" viewBox=\"0 0 400 358.6\" preserveAspectRatio=\"xMaxYMax slice\">\n                                                            <clipPath id=\"clip-teaser\">\n                                    <path d=\"M277.3,0H122.7c-16.2,0-31.2,8.7-39.3,22.7L6.1,156.6c-8.1,14-8.1,31.3,0,45.4l77.3,133.9 c8.1,14,23.1,22.7,39.3,22.7h154.6c16.2,0,31.2-8.7,39.3-22.7L393.9,202c8.1-14,8.1-31.3,0-45.4L316.6,22.7 C308.5,8.7,293.5,0,277.3,0z\"\/>\n                                <\/clipPath>&#8216;;\n                                                        <\/svg>\n                        <\/span>\n                        <span class=\"wp-block-biomesworld-teaser__text\">\n                            <b>Nutrici\u00f3n <\/b>\u00a1Eres lo que tus bacterias digieren! Consejos y recetas para una buena nutrici\u00f3n                         <\/span>\n                    <\/a>                <\/div>\n                            <div class=\"wp-block-biomesworld-teaser__col column\">\n                    <a href=\"http:\/\/biomes.world\/es\/cosas-a-saber\/intestino\/salud-intestinal\/\" class=\"wp-block-biomesworld-teaser__item\">                        <span class=\"wp-block-biomesworld-teaser__media\">\n                            <svg xmlns=\"http:\/\/www.w3.org\/2000\/svg\" viewBox=\"0 0 400 358.6\" preserveAspectRatio=\"xMaxYMax slice\">\n                                                            <clipPath id=\"clip-teaser\">\n                                    <path d=\"M277.3,0H122.7c-16.2,0-31.2,8.7-39.3,22.7L6.1,156.6c-8.1,14-8.1,31.3,0,45.4l77.3,133.9 c8.1,14,23.1,22.7,39.3,22.7h154.6c16.2,0,31.2-8.7,39.3-22.7L393.9,202c8.1-14,8.1-31.3,0-45.4L316.6,22.7 C308.5,8.7,293.5,0,277.3,0z\"\/>\n                                <\/clipPath>&#8216;;\n                                                        <\/svg>\n                        <\/span>\n                        <span class=\"wp-block-biomesworld-teaser__text\">\n                            <b>Salud intestinal<\/b>Tu intestino es m\u00e1s que un \u00f3rgano: incluye en tu psique, tu piel y muchas cosas m\u00e1s                          <\/span>\n                    <\/a>                <\/div>\n                            <div class=\"wp-block-biomesworld-teaser__col column\">\n                    <a href=\"http:\/\/biomes.world\/es\/cosas-a-saber\/fitness-y-bienestar\/\" class=\"wp-block-biomesworld-teaser__item\">                        <span class=\"wp-block-biomesworld-teaser__media\">\n                            <svg xmlns=\"http:\/\/www.w3.org\/2000\/svg\" viewBox=\"0 0 400 358.6\" preserveAspectRatio=\"xMaxYMax slice\">\n                            <image xlink:href=\"https:\/\/biomes.world\/wp-content\/uploads\/2021\/04\/Kategorie_Fitness-400x360.jpg\"  clip-path=\"url(#clip-teaser)\"\/>                                <clipPath id=\"clip-teaser\">\n                                    <path d=\"M277.3,0H122.7c-16.2,0-31.2,8.7-39.3,22.7L6.1,156.6c-8.1,14-8.1,31.3,0,45.4l77.3,133.9 c8.1,14,23.1,22.7,39.3,22.7h154.6c16.2,0,31.2-8.7,39.3-22.7L393.9,202c8.1-14,8.1-31.3,0-45.4L316.6,22.7 C308.5,8.7,293.5,0,277.3,0z\"\/>\n                                <\/clipPath>&#8216;;\n                                                        <\/svg>\n                        <\/span>\n                        <span class=\"wp-block-biomesworld-teaser__text\">\n                            <b>Fitness y bienestar <\/b>Consejos para adelgazar y estar en forma al mejorar la salud de tu intestino                          <\/span>\n                    <\/a>                <\/div>\n                            <div class=\"wp-block-biomesworld-teaser__col column\">\n                    <a href=\"http:\/\/biomes.world\/es\/cosas-a-saber\/intestino\/problemas-intestinales\/\" class=\"wp-block-biomesworld-teaser__item\">                        <span class=\"wp-block-biomesworld-teaser__media\">\n                            <svg xmlns=\"http:\/\/www.w3.org\/2000\/svg\" viewBox=\"0 0 400 358.6\" preserveAspectRatio=\"xMaxYMax slice\">\n                                                            <clipPath id=\"clip-teaser\">\n                                    <path d=\"M277.3,0H122.7c-16.2,0-31.2,8.7-39.3,22.7L6.1,156.6c-8.1,14-8.1,31.3,0,45.4l77.3,133.9 c8.1,14,23.1,22.7,39.3,22.7h154.6c16.2,0,31.2-8.7,39.3-22.7L393.9,202c8.1-14,8.1-31.3,0-45.4L316.6,22.7 C308.5,8.7,293.5,0,277.3,0z\"\/>\n                                <\/clipPath>&#8216;;\n                                                        <\/svg>\n                        <\/span>\n                        <span class=\"wp-block-biomesworld-teaser__text\">\n                            <b>Problemas digestivos <\/b>Descubre m\u00e1s informaci\u00f3n sobre los problemas intestinales y digestivos, adem\u00e1s de las intolerancias y muchas cosas m\u00e1s                         <\/span>\n                    <\/a>                <\/div>\n                        <\/div>\n<\/div>\n\n\n\n\n\n<div class=\"post__entries site-block site-blockspace--bottom\"><div class=\"lg-up-3 md-up-2 xs-up-1 row\"><div class=\"post__item post column\"><div class=\"post__content\"><a href=\"https:\/\/biomes.world\/es\/cosas-a-saber\/fitness-y-bienestar\/fuerza-y-rendimiento\/\" class=\"post__thumbnail\" tabindex=\"0\"><img loading=\"lazy\" decoding=\"async\" width=\"800\" height=\"470\" src=\"https:\/\/biomes.world\/wp-content\/uploads\/2019\/12\/Depositphotos_153032898_s-2019-800x470.jpg\" class=\"attachment-post-thumbnail size-post-thumbnail wp-post-image\" alt=\"Abnehmen und Muskelaufbau\" srcset=\"https:\/\/biomes.world\/wp-content\/uploads\/2019\/12\/Depositphotos_153032898_s-2019-800x470.jpg 800w, https:\/\/biomes.world\/wp-content\/uploads\/2019\/12\/Depositphotos_153032898_s-2019-400x235.jpg 400w\" sizes=\"auto, (max-width: 800px) 100vw, 800px\" \/><\/a><div class=\"entry\"><div class=\"entry__meta\"><span class=\"meta__posted-on\">Posted on <time class=\"meta__date meta__date--published\" datetime=\"2022-06-21T19:11:55+02:00\" itemprop=\"datePublished\">21 de junio de 2022<\/time><time class=\"meta__date--updated\" datetime=\"2023-10-24T12:21:39+02:00\" itemprop=\"dateModified\"><\/time><\/span><\/div><div class=\"entry__header\"><div class=\"entry__title h2\"><a href=\"https:\/\/biomes.world\/es\/cosas-a-saber\/fitness-y-bienestar\/fuerza-y-rendimiento\/\">Fuerza y Rendimiento<\/a><\/div><\/div><div class=\"entry__excerpt\"><p>Poner en marcha el intestino con el ejercicio \u00bfComes mucha fruta y verdura? Entonces ya est\u00e1s haciendo algo para un [...]<\/p><\/div><\/div><\/div><\/div><div class=\"post__item post column\"><div class=\"post__content\"><a href=\"https:\/\/biomes.world\/es\/cosas-a-saber\/alimentacion\/recetas-e-ideas\/\" class=\"post__thumbnail\" tabindex=\"0\"><img loading=\"lazy\" decoding=\"async\" width=\"800\" height=\"470\" src=\"https:\/\/biomes.world\/wp-content\/uploads\/2021\/05\/Rezepte-800x470.jpg\" class=\"attachment-post-thumbnail size-post-thumbnail wp-post-image\" alt=\"Kategoriefoto Ern\u00e4hrung Nahaufnahme Topview Arbeitsplatte\" srcset=\"https:\/\/biomes.world\/wp-content\/uploads\/2021\/05\/Rezepte-800x470.jpg 800w, https:\/\/biomes.world\/wp-content\/uploads\/2021\/05\/Rezepte-400x235.jpg 400w\" sizes=\"auto, (max-width: 800px) 100vw, 800px\" \/><\/a><div class=\"entry\"><div class=\"entry__meta\"><span class=\"meta__posted-on\">Posted on <time class=\"meta__date meta__date--published\" datetime=\"2022-06-21T19:06:12+02:00\" itemprop=\"datePublished\">21 de junio de 2022<\/time><time class=\"meta__date--updated\" datetime=\"2023-03-02T13:07:45+01:00\" itemprop=\"dateModified\"><\/time><\/span><\/div><div class=\"entry__header\"><div class=\"entry__title h2\"><a href=\"https:\/\/biomes.world\/es\/cosas-a-saber\/alimentacion\/recetas-e-ideas\/\">Recetas e ideas<\/a><\/div><\/div><div class=\"entry__excerpt\"><p>En el intestino pueden instalarse tanto las bacterias intestinales buenas y digestivas como las malas, que son un caldo de [...]<\/p><\/div><\/div><\/div><\/div><div class=\"post__item post column\"><div class=\"post__content\"><a href=\"https:\/\/biomes.world\/es\/cosas-a-saber\/fitness-y-bienestar\/adelgazar-con-exito\/\" class=\"post__thumbnail\" tabindex=\"0\"><img loading=\"lazy\" decoding=\"async\" width=\"800\" height=\"470\" src=\"https:\/\/biomes.world\/wp-content\/uploads\/2019\/10\/Depositphotos_2282566_s-2019-800x470.jpg\" class=\"attachment-post-thumbnail size-post-thumbnail wp-post-image\" alt=\"Schnell abnehmen: Erfolg auch ohne Radikaldi\u00e4t\" srcset=\"https:\/\/biomes.world\/wp-content\/uploads\/2019\/10\/Depositphotos_2282566_s-2019-800x470.jpg 800w, https:\/\/biomes.world\/wp-content\/uploads\/2019\/10\/Depositphotos_2282566_s-2019-400x235.jpg 400w\" sizes=\"auto, (max-width: 800px) 100vw, 800px\" \/><\/a><div class=\"entry\"><div class=\"entry__meta\"><span class=\"meta__posted-on\">Posted on <time class=\"meta__date meta__date--published\" datetime=\"2022-06-21T19:00:03+02:00\" itemprop=\"datePublished\">21 de junio de 2022<\/time><time class=\"meta__date--updated\" datetime=\"2023-09-04T10:20:05+02:00\" itemprop=\"dateModified\"><\/time><\/span><\/div><div class=\"entry__header\"><div class=\"entry__title h2\"><a href=\"https:\/\/biomes.world\/es\/cosas-a-saber\/fitness-y-bienestar\/adelgazar-con-exito\/\">Perder peso con \u00e9xito<\/a><\/div><\/div><div class=\"entry__excerpt\"><p>Perder peso de forma eficaz: Sin estr\u00e9s a trav\u00e9s de cambios en la dieta a largo plazo Por t\u00e9rmino medio, [...]<\/p><\/div><\/div><\/div><\/div><div class=\"post__item post column\"><div class=\"post__content\"><a href=\"https:\/\/biomes.world\/es\/cosas-a-saber\/sistema-inmunitario\/reforzar-sistema-inmunitario\/\" class=\"post__thumbnail\" tabindex=\"0\"><img loading=\"lazy\" decoding=\"async\" width=\"800\" height=\"470\" src=\"https:\/\/biomes.world\/wp-content\/uploads\/2022\/05\/Gemuese_Immunsystem_staerken-800x470.jpg\" class=\"attachment-post-thumbnail size-post-thumbnail wp-post-image\" alt=\"Gesunde Gem\u00fcsekiste mit vielen Ballaststoffen und sekund\u00e4ren Pflanzenstoffen\" srcset=\"https:\/\/biomes.world\/wp-content\/uploads\/2022\/05\/Gemuese_Immunsystem_staerken-800x470.jpg 800w, https:\/\/biomes.world\/wp-content\/uploads\/2022\/05\/Gemuese_Immunsystem_staerken-400x235.jpg 400w\" sizes=\"auto, (max-width: 800px) 100vw, 800px\" \/><\/a><div class=\"entry\"><div class=\"entry__meta\"><span class=\"meta__posted-on\">Posted on <time class=\"meta__date meta__date--published\" datetime=\"2022-05-24T14:13:59+02:00\" itemprop=\"datePublished\">24 de mayo de 2022<\/time><time class=\"meta__date--updated\" datetime=\"2023-04-06T08:42:52+02:00\" itemprop=\"dateModified\"><\/time><\/span><\/div><div class=\"entry__header\"><div class=\"entry__title h2\"><a href=\"https:\/\/biomes.world\/es\/cosas-a-saber\/sistema-inmunitario\/reforzar-sistema-inmunitario\/\">Fortalecer el sistema inmunol\u00f3gico<\/a><\/div><\/div><div class=\"entry__excerpt\"><p>Das Immunsystem ist unser Schutzschild gegen Krankheitserreger \u2013 eine leistungsstarke Barriere, oder vielmehr ein W\u00e4chter, der sch\u00e4dliche Bakterien, Viren, Pilze, [...]<\/p><\/div><\/div><\/div><\/div><div class=\"post__item post column\"><div class=\"post__content\"><a href=\"https:\/\/biomes.world\/es\/prensa\/estado-de-animo-de-los-espanoles-ha-empeorado-durante-la-pandemia\/\" class=\"post__thumbnail\" tabindex=\"0\"><img loading=\"lazy\" decoding=\"async\" width=\"800\" height=\"470\" src=\"https:\/\/biomes.world\/wp-content\/uploads\/2021\/06\/Depositphotos_167636164_s-2019-800x470.jpg\" class=\"attachment-post-thumbnail size-post-thumbnail wp-post-image\" alt=\"Paar fr\u00fchst\u00fcckt, gesundes essen\" srcset=\"https:\/\/biomes.world\/wp-content\/uploads\/2021\/06\/Depositphotos_167636164_s-2019-800x470.jpg 800w, https:\/\/biomes.world\/wp-content\/uploads\/2021\/06\/Depositphotos_167636164_s-2019-400x235.jpg 400w\" sizes=\"auto, (max-width: 800px) 100vw, 800px\" \/><\/a><div class=\"entry\"><div class=\"entry__meta\"><span class=\"meta__posted-on\">Posted on <time class=\"meta__date meta__date--published\" datetime=\"2021-06-29T10:55:13+02:00\" itemprop=\"datePublished\">29 de junio de 2021<\/time><time class=\"meta__date--updated\" datetime=\"2021-09-17T09:29:38+02:00\" itemprop=\"dateModified\"><\/time><\/span><\/div><div class=\"entry__header\"><div class=\"entry__title h2\"><a href=\"https:\/\/biomes.world\/es\/prensa\/estado-de-animo-de-los-espanoles-ha-empeorado-durante-la-pandemia\/\">El estado de \u00e1nimo de los espa\u00f1oles est\u00e1 en riesgo<\/a><\/div><\/div><div class=\"entry__excerpt\"><p>Seg\u00fan una encuesta, el estado de \u00e1nimo de casi la mitad de la poblaci\u00f3n espa\u00f1ola ha empeorado durante la pandemia [...]<\/p><\/div><\/div><\/div><\/div><div class=\"post__item post column\"><div class=\"post__content\"><a href=\"https:\/\/biomes.world\/es\/sin-categorizar\/blog-cosas-a-saber-sistema-inmune-defensa-inmunologica\/\" class=\"post__thumbnail\" tabindex=\"0\"><img loading=\"lazy\" decoding=\"async\" width=\"800\" height=\"470\" src=\"https:\/\/biomes.world\/wp-content\/uploads\/2021\/07\/Die_spezifische_Immunabwehr-800x470.jpg\" class=\"attachment-post-thumbnail size-post-thumbnail wp-post-image\" alt=\"Die spezifische Immunabwehr\" srcset=\"https:\/\/biomes.world\/wp-content\/uploads\/2021\/07\/Die_spezifische_Immunabwehr-800x470.jpg 800w, https:\/\/biomes.world\/wp-content\/uploads\/2021\/07\/Die_spezifische_Immunabwehr-400x235.jpg 400w\" sizes=\"auto, (max-width: 800px) 100vw, 800px\" \/><\/a><div class=\"entry\"><div class=\"entry__meta\"><span class=\"meta__posted-on\">Posted on <time class=\"meta__date meta__date--published\" datetime=\"2021-06-08T14:10:50+02:00\" itemprop=\"datePublished\">8 de junio de 2021<\/time><time class=\"meta__date--updated\" datetime=\"2022-01-07T20:08:54+01:00\" itemprop=\"dateModified\"><\/time><\/span><\/div><div class=\"entry__header\"><div class=\"entry__title h2\"><a href=\"https:\/\/biomes.world\/es\/sin-categorizar\/blog-cosas-a-saber-sistema-inmune-defensa-inmunologica\/\">\u00bfQu\u00e9 es exactamente la respuesta inmunitaria espec\u00edfica?<\/a><\/div><\/div><div class=\"entry__excerpt\"><p>El sistema&nbsp;inmunitario es&nbsp;el&nbsp;sistema de defensa&nbsp;de nuestro cuerpo;&nbsp;una especie de guardi\u00e1n que nos protege&nbsp;frente a las infecciones de agentes invasores potencialmente [...]<\/p><\/div><\/div><\/div><\/div><\/div><div class=\"site-blockspace--both text-center row\"><div class=\"column\"><button class=\"wp-block-button__link post__loadmore\" data-limit=\"6\" data-slug=\"my-health\" data-hide-excerpt=\"0\">leer m\u00e1s art\u00edculos<\/button><\/div><\/div><\/div>\n\n\n\n<p><\/p>\n","protected":false},"excerpt":{"rendered":"<p>El sistema&nbsp;inmunitario es&nbsp;el&nbsp;sistema de defensa&nbsp;de nuestro cuerpo;&nbsp;una especie de guardi\u00e1n que nos protege&nbsp;frente a las infecciones de agentes invasores potencialmente [&#8230;]<\/p>\n","protected":false},"author":402,"featured_media":0,"parent":0,"menu_order":1,"comment_status":"closed","ping_status":"closed","template":"","meta":{"_acf_changed":false,"footnotes":""},"class_list":["post-511182","page","type-page","status-publish","hentry"],"acf":[],"yoast_head":"<!-- This site is optimized with the Yoast SEO Premium plugin v26.2 (Yoast SEO v27.2) - https:\/\/yoast.com\/product\/yoast-seo-premium-wordpress\/ -->\n<title>Cosas a saber - BIOMES - Feel better<\/title>\n<meta name=\"robots\" content=\"index, follow, max-snippet:-1, max-image-preview:large, max-video-preview:-1\" \/>\n<link rel=\"canonical\" href=\"https:\/\/biomes.world\/es\/cosas-a-saber\/\" \/>\n<meta property=\"og:locale\" content=\"es_ES\" \/>\n<meta property=\"og:type\" content=\"article\" \/>\n<meta property=\"og:title\" content=\"Cosas a saber\" \/>\n<meta property=\"og:description\" content=\"El sistema&nbsp;inmunitario es&nbsp;el&nbsp;sistema de defensa&nbsp;de nuestro cuerpo;&nbsp;una especie de guardi\u00e1n que nos protege&nbsp;frente a las infecciones de agentes invasores potencialmente [...]\" \/>\n<meta property=\"og:url\" content=\"https:\/\/biomes.world\/es\/cosas-a-saber\/\" \/>\n<meta property=\"og:site_name\" content=\"BIOMES - Feel better\" \/>\n<meta property=\"article:publisher\" content=\"https:\/\/de-de.facebook.com\/BIOMES.world\/\" \/>\n<meta property=\"article:modified_time\" content=\"2022-06-21T15:41:52+00:00\" \/>\n<meta property=\"og:image\" content=\"http:\/\/biomes.world\/wp-content\/uploads\/2019\/07\/Depositphotos_347468002_s-2019-999x650.jpg\" \/>\n<meta name=\"twitter:card\" content=\"summary_large_image\" \/>\n<meta name=\"twitter:label1\" content=\"Tiempo de lectura\" \/>\n\t<meta name=\"twitter:data1\" content=\"1 minuto\" \/>\n<script type=\"application\/ld+json\" class=\"yoast-schema-graph\">{\"@context\":\"https:\/\/schema.org\",\"@graph\":[{\"@type\":\"WebPage\",\"@id\":\"https:\/\/biomes.world\/es\/cosas-a-saber\/\",\"url\":\"https:\/\/biomes.world\/es\/cosas-a-saber\/\",\"name\":\"Cosas a saber - BIOMES - Feel better\",\"isPartOf\":{\"@id\":\"https:\/\/biomes.world\/es\/#website\"},\"datePublished\":\"2021-07-02T06:39:27+00:00\",\"dateModified\":\"2022-06-21T15:41:52+00:00\",\"breadcrumb\":{\"@id\":\"https:\/\/biomes.world\/es\/cosas-a-saber\/#breadcrumb\"},\"inLanguage\":\"es\",\"potentialAction\":[{\"@type\":\"ReadAction\",\"target\":[\"https:\/\/biomes.world\/es\/cosas-a-saber\/\"]}]},{\"@type\":\"BreadcrumbList\",\"@id\":\"https:\/\/biomes.world\/es\/cosas-a-saber\/#breadcrumb\",\"itemListElement\":[{\"@type\":\"ListItem\",\"position\":1,\"name\":\"Home\",\"item\":\"https:\/\/biomes.world\/es\/\"},{\"@type\":\"ListItem\",\"position\":2,\"name\":\"My Health, My Life\"}]},{\"@type\":\"WebSite\",\"@id\":\"https:\/\/biomes.world\/es\/#website\",\"url\":\"https:\/\/biomes.world\/es\/\",\"name\":\"BIOMES - Feel better\",\"description\":\"Cutting-edge biotechnology used to help people\",\"publisher\":{\"@id\":\"https:\/\/biomes.world\/es\/#organization\"},\"potentialAction\":[{\"@type\":\"SearchAction\",\"target\":{\"@type\":\"EntryPoint\",\"urlTemplate\":\"https:\/\/biomes.world\/es\/?s={search_term_string}\"},\"query-input\":{\"@type\":\"PropertyValueSpecification\",\"valueRequired\":true,\"valueName\":\"search_term_string\"}}],\"inLanguage\":\"es\"},{\"@type\":\"Organization\",\"@id\":\"https:\/\/biomes.world\/es\/#organization\",\"name\":\"BIOMES 4.0 GmbH\",\"url\":\"https:\/\/biomes.world\/es\/\",\"logo\":{\"@type\":\"ImageObject\",\"inLanguage\":\"es\",\"@id\":\"https:\/\/biomes.world\/es\/#\/schema\/logo\/image\/\",\"url\":\"http:\/\/biomes.world\/wp-content\/uploads\/2024\/04\/biomes_logo_2021_RGB.png\",\"contentUrl\":\"http:\/\/biomes.world\/wp-content\/uploads\/2024\/04\/biomes_logo_2021_RGB.png\",\"width\":10040,\"height\":2599,\"caption\":\"BIOMES 4.0 GmbH\"},\"image\":{\"@id\":\"https:\/\/biomes.world\/es\/#\/schema\/logo\/image\/\"},\"sameAs\":[\"https:\/\/de-de.facebook.com\/BIOMES.world\/\",\"https:\/\/www.youtube.com\/@BIOMESworld\",\"https:\/\/www.instagram.com\/biomes_official\/\"],\"legalName\":\"BIOMES 4.0 GmbH\",\"duns\":\"314778637\"}]}<\/script>\n<!-- \/ Yoast SEO Premium plugin. -->","yoast_head_json":{"title":"Cosas a saber - BIOMES - Feel better","robots":{"index":"index","follow":"follow","max-snippet":"max-snippet:-1","max-image-preview":"max-image-preview:large","max-video-preview":"max-video-preview:-1"},"canonical":"https:\/\/biomes.world\/es\/cosas-a-saber\/","og_locale":"es_ES","og_type":"article","og_title":"Cosas a saber","og_description":"El sistema&nbsp;inmunitario es&nbsp;el&nbsp;sistema de defensa&nbsp;de nuestro cuerpo;&nbsp;una especie de guardi\u00e1n que nos protege&nbsp;frente a las infecciones de agentes invasores potencialmente [...]","og_url":"https:\/\/biomes.world\/es\/cosas-a-saber\/","og_site_name":"BIOMES - Feel better","article_publisher":"https:\/\/de-de.facebook.com\/BIOMES.world\/","article_modified_time":"2022-06-21T15:41:52+00:00","og_image":[{"url":"http:\/\/biomes.world\/wp-content\/uploads\/2019\/07\/Depositphotos_347468002_s-2019-999x650.jpg","type":"","width":"","height":""}],"twitter_card":"summary_large_image","twitter_misc":{"Tiempo de lectura":"1 minuto"},"schema":{"@context":"https:\/\/schema.org","@graph":[{"@type":"WebPage","@id":"https:\/\/biomes.world\/es\/cosas-a-saber\/","url":"https:\/\/biomes.world\/es\/cosas-a-saber\/","name":"Cosas a saber - BIOMES - Feel better","isPartOf":{"@id":"https:\/\/biomes.world\/es\/#website"},"datePublished":"2021-07-02T06:39:27+00:00","dateModified":"2022-06-21T15:41:52+00:00","breadcrumb":{"@id":"https:\/\/biomes.world\/es\/cosas-a-saber\/#breadcrumb"},"inLanguage":"es","potentialAction":[{"@type":"ReadAction","target":["https:\/\/biomes.world\/es\/cosas-a-saber\/"]}]},{"@type":"BreadcrumbList","@id":"https:\/\/biomes.world\/es\/cosas-a-saber\/#breadcrumb","itemListElement":[{"@type":"ListItem","position":1,"name":"Home","item":"https:\/\/biomes.world\/es\/"},{"@type":"ListItem","position":2,"name":"My Health, My Life"}]},{"@type":"WebSite","@id":"https:\/\/biomes.world\/es\/#website","url":"https:\/\/biomes.world\/es\/","name":"BIOMES - Feel better","description":"Cutting-edge biotechnology used to help people","publisher":{"@id":"https:\/\/biomes.world\/es\/#organization"},"potentialAction":[{"@type":"SearchAction","target":{"@type":"EntryPoint","urlTemplate":"https:\/\/biomes.world\/es\/?s={search_term_string}"},"query-input":{"@type":"PropertyValueSpecification","valueRequired":true,"valueName":"search_term_string"}}],"inLanguage":"es"},{"@type":"Organization","@id":"https:\/\/biomes.world\/es\/#organization","name":"BIOMES 4.0 GmbH","url":"https:\/\/biomes.world\/es\/","logo":{"@type":"ImageObject","inLanguage":"es","@id":"https:\/\/biomes.world\/es\/#\/schema\/logo\/image\/","url":"http:\/\/biomes.world\/wp-content\/uploads\/2024\/04\/biomes_logo_2021_RGB.png","contentUrl":"http:\/\/biomes.world\/wp-content\/uploads\/2024\/04\/biomes_logo_2021_RGB.png","width":10040,"height":2599,"caption":"BIOMES 4.0 GmbH"},"image":{"@id":"https:\/\/biomes.world\/es\/#\/schema\/logo\/image\/"},"sameAs":["https:\/\/de-de.facebook.com\/BIOMES.world\/","https:\/\/www.youtube.com\/@BIOMESworld","https:\/\/www.instagram.com\/biomes_official\/"],"legalName":"BIOMES 4.0 GmbH","duns":"314778637"}]}},"_links":{"self":[{"href":"https:\/\/biomes.world\/es\/wp-json\/wp\/v2\/pages\/511182","targetHints":{"allow":["GET"]}}],"collection":[{"href":"https:\/\/biomes.world\/es\/wp-json\/wp\/v2\/pages"}],"about":[{"href":"https:\/\/biomes.world\/es\/wp-json\/wp\/v2\/types\/page"}],"author":[{"embeddable":true,"href":"https:\/\/biomes.world\/es\/wp-json\/wp\/v2\/users\/402"}],"replies":[{"embeddable":true,"href":"https:\/\/biomes.world\/es\/wp-json\/wp\/v2\/comments?post=511182"}],"version-history":[{"count":0,"href":"https:\/\/biomes.world\/es\/wp-json\/wp\/v2\/pages\/511182\/revisions"}],"wp:attachment":[{"href":"https:\/\/biomes.world\/es\/wp-json\/wp\/v2\/media?parent=511182"}],"curies":[{"name":"wp","href":"https:\/\/api.w.org\/{rel}","templated":true}]}}