{"id":511069,"date":"2021-06-28T15:28:30","date_gmt":"2021-06-28T13:28:30","guid":{"rendered":"http:\/\/biomes.world\/?page_id=511069"},"modified":"2023-03-03T11:21:53","modified_gmt":"2023-03-03T10:21:53","slug":"fitness-y-bienestar","status":"publish","type":"page","link":"https:\/\/biomes.world\/es\/cosas-a-saber\/fitness-y-bienestar\/","title":{"rendered":"Categoria: Fitness &#038; Bienestar"},"content":{"rendered":"\n<h1 class=\"wp-block-heading\" id=\"h-fitness-bienestar\">Fitness &amp; Bienestar<\/h1>\n\n\n\n<p>El fitness no empieza en el gimnasio, sino en el interior. Los alimentos que ingerimos influyen directamente en la composici\u00f3n de la flora intestinal y, por tanto, tambi\u00e9n influyen en la salud general. Un intestino sano es un requisito previo para un sistema inmunitario fuerte y una buena utilizaci\u00f3n de nutrientes importantes y sustancias vitales.<\/p>\n\n\n\n\n\n<p>En la mucosa intestinal se encuentran millones de bacterias intestinales. En ninguna parte del cuerpo hay tantas bacterias como en el intestino, diez veces m\u00e1s que las c\u00e9lulas del cuerpo. A partir de los dos a\u00f1os, <a href=\"http:\/\/biomes.world\/es\/\/feel-better\/te-interesa-saberlo\/sistema-inmunitario\/\">la flora intestinal<\/a> est\u00e1 madura, pero su composici\u00f3n puede cambiar constantemente debido a la dieta y al estilo de vida.<\/p>\n\n\n\n<p>Las bacterias intestinales m\u00e1s importantes para la digesti\u00f3n y la utilizaci\u00f3n de la energ\u00eda son las bacterias del \u00e1cido l\u00e1ctico y las bifidobacterias. Entre las bacterias denominadas \u00abpat\u00f3genas facultativas\u00bb, es decir, los microorganismos promotores de enfermedades, se encuentran los clostridios y las bacterias coliformes. \u00c9stas provocan procesos de fermentaci\u00f3n y putrefacci\u00f3n y, por tanto, pueden desencadenar problemas digestivos y enfermedades del tracto gastrointestinal. Por tanto, el bienestar f\u00edsico depende en gran medida de una flora intestinal sana. Una flora intestinal debilitada tambi\u00e9n puede favorecer la aparici\u00f3n de condiciones psicol\u00f3gicas como <a href=\"http:\/\/biomes.world\/es\/\/blog\/microbioma-y-depresion\/intestino-y-psiquis-microbioma-y-depresion\/\">depresi\u00f3n<\/a> y ansiedad.<\/p>\n\n\n\n<h2 class=\"has-text-align-center wp-block-heading\" id=\"h-ultimo-articulo\">\u00daltimo art\u00edculo<\/h2>\n\n\n\n\n\n\n<p><\/p>\n\n\n\n<h2 class=\"has-text-align-center wp-block-heading\" id=\"h-mala-tripa-mal-fitness\">\u00bfMala tripa, mal fitness?<\/h2>\n\n\n\n<p>El <a href=\"http:\/\/biomes.world\/es\/\/my-health-my-life\/salud-intestinal\/intestino-y-psique\/\">eje intestino-cerebro<\/a> ilustra la importancia de un intestino sano para la salud y el bienestar. El tracto gastrointestinal est\u00e1 directamente conectado al cerebro a trav\u00e9s del nervio vago, el mayor nervio del sistema nervioso aut\u00f3nomo. As\u00ed que es cierto que <a href=\"http:\/\/biomes.world\/es\/\/cosas-a-saber\/intestino\/intestino-y-psiquis\/estres\/\">el estr\u00e9s afecta el est\u00f3mago<\/a>. Del mismo modo, una digesti\u00f3n deficiente afecta a tu bienestar general a trav\u00e9s de la apat\u00eda y la desgana y conduce a la disminuci\u00f3n de la absorci\u00f3n de nutrientes y la susceptibilidad a la enfermedad.<\/p>\n\n\n\n<h2 class=\"has-text-align-center wp-block-heading\" id=\"h-mas-articulos\">M\u00e1s art\u00edculos<\/h2>\n\n\n<div class=\"post__entries site-block site-blockspace--bottom\"><div class=\"lg-up-3 md-up-2 xs-up-1 row\"><div class=\"post__item post column\"><div class=\"post__content\"><a href=\"https:\/\/biomes.world\/es\/cosas-a-saber\/fitness-y-bienestar\/fuerza-y-rendimiento\/\" class=\"post__thumbnail\" tabindex=\"0\"><img loading=\"lazy\" decoding=\"async\" width=\"800\" height=\"470\" src=\"https:\/\/biomes.world\/wp-content\/uploads\/2019\/12\/Depositphotos_153032898_s-2019-800x470.jpg\" class=\"attachment-post-thumbnail size-post-thumbnail wp-post-image\" alt=\"Abnehmen und Muskelaufbau\" srcset=\"https:\/\/biomes.world\/wp-content\/uploads\/2019\/12\/Depositphotos_153032898_s-2019-800x470.jpg 800w, https:\/\/biomes.world\/wp-content\/uploads\/2019\/12\/Depositphotos_153032898_s-2019-400x235.jpg 400w\" sizes=\"auto, (max-width: 800px) 100vw, 800px\" \/><\/a><div class=\"entry\"><div class=\"entry__meta\"><span class=\"meta__posted-on\">Posted on <time class=\"meta__date meta__date--published\" datetime=\"2022-06-21T19:11:55+02:00\" itemprop=\"datePublished\">21 de junio de 2022<\/time><time class=\"meta__date--updated\" datetime=\"2023-10-24T12:21:39+02:00\" itemprop=\"dateModified\"><\/time><\/span><\/div><div class=\"entry__header\"><div class=\"entry__title h2\"><a href=\"https:\/\/biomes.world\/es\/cosas-a-saber\/fitness-y-bienestar\/fuerza-y-rendimiento\/\">Fuerza y Rendimiento<\/a><\/div><\/div><div class=\"entry__excerpt\"><p>Poner en marcha el intestino con el ejercicio \u00bfComes mucha fruta y verdura? Entonces ya est\u00e1s haciendo algo para un [...]<\/p><\/div><\/div><\/div><\/div><div class=\"post__item post column\"><div class=\"post__content\"><a href=\"https:\/\/biomes.world\/es\/cosas-a-saber\/alimentacion\/recetas-e-ideas\/\" class=\"post__thumbnail\" tabindex=\"0\"><img loading=\"lazy\" decoding=\"async\" width=\"800\" height=\"470\" src=\"https:\/\/biomes.world\/wp-content\/uploads\/2021\/05\/Rezepte-800x470.jpg\" class=\"attachment-post-thumbnail size-post-thumbnail wp-post-image\" alt=\"Kategoriefoto Ern\u00e4hrung Nahaufnahme Topview Arbeitsplatte\" srcset=\"https:\/\/biomes.world\/wp-content\/uploads\/2021\/05\/Rezepte-800x470.jpg 800w, https:\/\/biomes.world\/wp-content\/uploads\/2021\/05\/Rezepte-400x235.jpg 400w\" sizes=\"auto, (max-width: 800px) 100vw, 800px\" \/><\/a><div class=\"entry\"><div class=\"entry__meta\"><span class=\"meta__posted-on\">Posted on <time class=\"meta__date meta__date--published\" datetime=\"2022-06-21T19:06:12+02:00\" itemprop=\"datePublished\">21 de junio de 2022<\/time><time class=\"meta__date--updated\" datetime=\"2023-03-02T13:07:45+01:00\" itemprop=\"dateModified\"><\/time><\/span><\/div><div class=\"entry__header\"><div class=\"entry__title h2\"><a href=\"https:\/\/biomes.world\/es\/cosas-a-saber\/alimentacion\/recetas-e-ideas\/\">Recetas e ideas<\/a><\/div><\/div><div class=\"entry__excerpt\"><p>En el intestino pueden instalarse tanto las bacterias intestinales buenas y digestivas como las malas, que son un caldo de [...]<\/p><\/div><\/div><\/div><\/div><div class=\"post__item post column\"><div class=\"post__content\"><a href=\"https:\/\/biomes.world\/es\/cosas-a-saber\/fitness-y-bienestar\/adelgazar-con-exito\/\" class=\"post__thumbnail\" tabindex=\"0\"><img loading=\"lazy\" decoding=\"async\" width=\"800\" height=\"470\" src=\"https:\/\/biomes.world\/wp-content\/uploads\/2019\/10\/Depositphotos_2282566_s-2019-800x470.jpg\" class=\"attachment-post-thumbnail size-post-thumbnail wp-post-image\" alt=\"Schnell abnehmen: Erfolg auch ohne Radikaldi\u00e4t\" srcset=\"https:\/\/biomes.world\/wp-content\/uploads\/2019\/10\/Depositphotos_2282566_s-2019-800x470.jpg 800w, https:\/\/biomes.world\/wp-content\/uploads\/2019\/10\/Depositphotos_2282566_s-2019-400x235.jpg 400w\" sizes=\"auto, (max-width: 800px) 100vw, 800px\" \/><\/a><div class=\"entry\"><div class=\"entry__meta\"><span class=\"meta__posted-on\">Posted on <time class=\"meta__date meta__date--published\" datetime=\"2022-06-21T19:00:03+02:00\" itemprop=\"datePublished\">21 de junio de 2022<\/time><time class=\"meta__date--updated\" datetime=\"2023-09-04T10:20:05+02:00\" itemprop=\"dateModified\"><\/time><\/span><\/div><div class=\"entry__header\"><div class=\"entry__title h2\"><a href=\"https:\/\/biomes.world\/es\/cosas-a-saber\/fitness-y-bienestar\/adelgazar-con-exito\/\">Perder peso con \u00e9xito<\/a><\/div><\/div><div class=\"entry__excerpt\"><p>Perder peso de forma eficaz: Sin estr\u00e9s a trav\u00e9s de cambios en la dieta a largo plazo Por t\u00e9rmino medio, [...]<\/p><\/div><\/div><\/div><\/div><div class=\"post__item post column\"><div class=\"post__content\"><a href=\"https:\/\/biomes.world\/es\/cosas-a-saber\/sistema-inmunitario\/reforzar-sistema-inmunitario\/\" class=\"post__thumbnail\" tabindex=\"0\"><img loading=\"lazy\" decoding=\"async\" width=\"800\" height=\"470\" src=\"https:\/\/biomes.world\/wp-content\/uploads\/2022\/05\/Gemuese_Immunsystem_staerken-800x470.jpg\" class=\"attachment-post-thumbnail size-post-thumbnail wp-post-image\" alt=\"Gesunde Gem\u00fcsekiste mit vielen Ballaststoffen und sekund\u00e4ren Pflanzenstoffen\" srcset=\"https:\/\/biomes.world\/wp-content\/uploads\/2022\/05\/Gemuese_Immunsystem_staerken-800x470.jpg 800w, https:\/\/biomes.world\/wp-content\/uploads\/2022\/05\/Gemuese_Immunsystem_staerken-400x235.jpg 400w\" sizes=\"auto, (max-width: 800px) 100vw, 800px\" \/><\/a><div class=\"entry\"><div class=\"entry__meta\"><span class=\"meta__posted-on\">Posted on <time class=\"meta__date meta__date--published\" datetime=\"2022-05-24T14:13:59+02:00\" itemprop=\"datePublished\">24 de mayo de 2022<\/time><time class=\"meta__date--updated\" datetime=\"2023-04-06T08:42:52+02:00\" itemprop=\"dateModified\"><\/time><\/span><\/div><div class=\"entry__header\"><div class=\"entry__title h2\"><a href=\"https:\/\/biomes.world\/es\/cosas-a-saber\/sistema-inmunitario\/reforzar-sistema-inmunitario\/\">Fortalecer el sistema inmunol\u00f3gico<\/a><\/div><\/div><div class=\"entry__excerpt\"><p>Das Immunsystem ist unser Schutzschild gegen Krankheitserreger \u2013 eine leistungsstarke Barriere, oder vielmehr ein W\u00e4chter, der sch\u00e4dliche Bakterien, Viren, Pilze, [...]<\/p><\/div><\/div><\/div><\/div><div class=\"post__item post column\"><div class=\"post__content\"><a href=\"https:\/\/biomes.world\/es\/prensa\/estado-de-animo-de-los-espanoles-ha-empeorado-durante-la-pandemia\/\" class=\"post__thumbnail\" tabindex=\"0\"><img loading=\"lazy\" decoding=\"async\" width=\"800\" height=\"470\" src=\"https:\/\/biomes.world\/wp-content\/uploads\/2021\/06\/Depositphotos_167636164_s-2019-800x470.jpg\" class=\"attachment-post-thumbnail size-post-thumbnail wp-post-image\" alt=\"Paar fr\u00fchst\u00fcckt, gesundes essen\" srcset=\"https:\/\/biomes.world\/wp-content\/uploads\/2021\/06\/Depositphotos_167636164_s-2019-800x470.jpg 800w, https:\/\/biomes.world\/wp-content\/uploads\/2021\/06\/Depositphotos_167636164_s-2019-400x235.jpg 400w\" sizes=\"auto, (max-width: 800px) 100vw, 800px\" \/><\/a><div class=\"entry\"><div class=\"entry__meta\"><span class=\"meta__posted-on\">Posted on <time class=\"meta__date meta__date--published\" datetime=\"2021-06-29T10:55:13+02:00\" itemprop=\"datePublished\">29 de junio de 2021<\/time><time class=\"meta__date--updated\" datetime=\"2021-09-17T09:29:38+02:00\" itemprop=\"dateModified\"><\/time><\/span><\/div><div class=\"entry__header\"><div class=\"entry__title h2\"><a href=\"https:\/\/biomes.world\/es\/prensa\/estado-de-animo-de-los-espanoles-ha-empeorado-durante-la-pandemia\/\">El estado de \u00e1nimo de los espa\u00f1oles est\u00e1 en riesgo<\/a><\/div><\/div><div class=\"entry__excerpt\"><p>Seg\u00fan una encuesta, el estado de \u00e1nimo de casi la mitad de la poblaci\u00f3n espa\u00f1ola ha empeorado durante la pandemia [...]<\/p><\/div><\/div><\/div><\/div><div class=\"post__item post column\"><div class=\"post__content\"><a href=\"https:\/\/biomes.world\/es\/sin-categorizar\/blog-cosas-a-saber-sistema-inmune-defensa-inmunologica\/\" class=\"post__thumbnail\" tabindex=\"0\"><img loading=\"lazy\" decoding=\"async\" width=\"800\" height=\"470\" src=\"https:\/\/biomes.world\/wp-content\/uploads\/2021\/07\/Die_spezifische_Immunabwehr-800x470.jpg\" class=\"attachment-post-thumbnail size-post-thumbnail wp-post-image\" alt=\"Die spezifische Immunabwehr\" srcset=\"https:\/\/biomes.world\/wp-content\/uploads\/2021\/07\/Die_spezifische_Immunabwehr-800x470.jpg 800w, https:\/\/biomes.world\/wp-content\/uploads\/2021\/07\/Die_spezifische_Immunabwehr-400x235.jpg 400w\" sizes=\"auto, (max-width: 800px) 100vw, 800px\" \/><\/a><div class=\"entry\"><div class=\"entry__meta\"><span class=\"meta__posted-on\">Posted on <time class=\"meta__date meta__date--published\" datetime=\"2021-06-08T14:10:50+02:00\" itemprop=\"datePublished\">8 de junio de 2021<\/time><time class=\"meta__date--updated\" datetime=\"2022-01-07T20:08:54+01:00\" itemprop=\"dateModified\"><\/time><\/span><\/div><div class=\"entry__header\"><div class=\"entry__title h2\"><a href=\"https:\/\/biomes.world\/es\/sin-categorizar\/blog-cosas-a-saber-sistema-inmune-defensa-inmunologica\/\">\u00bfQu\u00e9 es exactamente la respuesta inmunitaria espec\u00edfica?<\/a><\/div><\/div><div class=\"entry__excerpt\"><p>El sistema&nbsp;inmunitario es&nbsp;el&nbsp;sistema de defensa&nbsp;de nuestro cuerpo;&nbsp;una especie de guardi\u00e1n que nos protege&nbsp;frente a las infecciones de agentes invasores potencialmente [...]<\/p><\/div><\/div><\/div><\/div><\/div><div class=\"site-blockspace--both text-center row\"><div class=\"column\"><button class=\"wp-block-button__link post__loadmore\" data-limit=\"6\" data-slug=\"fitness_und_wohlbefinden\" data-hide-excerpt=\"0\">leer m\u00e1s art\u00edculos<\/button><\/div><\/div><\/div>\n\n\n\n<p><\/p>\n\n\n\n<h2 class=\"wp-block-heading\" id=\"h-la-nutricion-y-el-ejercicio-ayudan-al-intestino-y-proporcionan-mas-bienestar\">La nutrici\u00f3n y el ejercicio ayudan al intestino y proporcionan m\u00e1s bienestar<\/h2>\n\n\n\n<p>Puedes favorecer tus intestinos y tu bienestar a trav\u00e9s de una alimentaci\u00f3n consciente y el ejercicio. No en vano, la flora intestinal es el espejo de la salud. Porque la funcionalidad y la composici\u00f3n de las bacterias intestinales reflejan el estilo de vida y la dieta. El ejercicio y una dieta saludable son buenos para que este espejo vuelva a brillar y fortalezca el <a href=\"http:\/\/biomes.world\/es\/\/cosas-a-saber\/sistema-inmune\/funcion\/\">sistema inmunol\u00f3gico<\/a>.<\/p>\n\n\n\n<p>Puedes apoyar tu salud intestinal principalmente con una dieta equilibrada. Entre los alimentos que refuerzan el bienestar intestinal se encuentran:<\/p>\n\n\n\n<ul class=\"wp-block-list\">\n<li>frutas y verduras<\/li>\n\n\n\n<li>patatas<\/li>\n\n\n\n<li>productos integrales<\/li>\n\n\n\n<li>legumbres<\/li>\n<\/ul>\n\n\n\n<p>Adem\u00e1s, aseg\u00farate de incluir en tu dieta las siguientes tres reglas b\u00e1sicas para un intestino sano:<\/p>\n\n\n\n<ul class=\"wp-block-list\">\n<li>suficiente fibra<\/li>\n\n\n\n<li>almid\u00f3n resistente<\/li>\n\n\n\n<li>bacterias de \u00e1cido l\u00e1ctico<\/li>\n<\/ul>\n\n\n\n<p>Se ha demostrado que se puede influir positivamente en la flora intestinal mediante el ejercicio frecuente y el deporte. Especialmente los deportes de resistencia, <a href=\"http:\/\/biomes.world\/es\/\/cosas-a-saber\/desarrollo-muscular\/desarrollo-muscular-y-perdida-de-peso\/\">la p\u00e9rdida de peso y la formaci\u00f3n de m\u00fasculo<\/a> dirigidas requieren una dieta rica en prote\u00ednas y fibra con suficientes nutrientes saludables para el intestino y ricos en energ\u00eda.<\/p>\n\n\n\n<h2 class=\"wp-block-heading\" id=\"h-una-flora-intestinal-equilibrada-alivia-las-molestias-intestinales\">Una flora intestinal equilibrada alivia las molestias intestinales<\/h2>\n\n\n\n<p>Para restaurar la flora intestinal, es necesario un an\u00e1lisis preciso de las causas del desequilibrio. Con <strong>INTEST.<\/strong>pro, <strong>BIOMES<\/strong> lanza el primer an\u00e1lisis completo de la flora intestinal que proporciona recomendaciones personalizadas para aumentar la salud, el bienestar y la calidad de vida<\/p>\n\n\n\n<p><strong><strong>INTES<\/strong>T.<\/strong>pro es un autotest para recoger una muestra de heces en un entorno familiar, que determina la composici\u00f3n microbiana, es decir, el n\u00famero y la distribuci\u00f3n de las bacterias intestinales.<\/p>\n\n\n\n<p>El equilibrio de la flora intestinal puede apoyarse tomando probi\u00f3ticos o alimentos probi\u00f3ticos. Puedes encontrar m\u00e1s informaci\u00f3n al respecto en nuestra p\u00e1gina informativa sobre <a href=\"http:\/\/biomes.world\/es\/cosas-a-saber\/intestino\/salud-intestinal\/probioticos\/\">probi\u00f3ticos<\/a>.<\/p>\n\n\n<div\n    id=\"hero-teaser-block_5eb4a2dbaad2ac9927e262babc928ab7\"\n    class=\"hero-teaser site-block\"\n>\n    <div class=\"hero-teaser__media\">\n        <img decoding=\"async\"\n            src=\"https:\/\/biomes.world\/wp-content\/uploads\/2021\/05\/Fitness-1600x650.jpeg\"\n            alt=\"\"\n            srcset=\"https:\/\/biomes.world\/wp-content\/uploads\/2021\/05\/Fitness-300x128.jpeg 300w, https:\/\/biomes.world\/wp-content\/uploads\/2021\/05\/Fitness-1024x435.jpeg 1024w, https:\/\/biomes.world\/wp-content\/uploads\/2021\/05\/Fitness-768x326.jpeg 768w, https:\/\/biomes.world\/wp-content\/uploads\/2021\/05\/Fitness-1536x653.jpeg 1536w, https:\/\/biomes.world\/wp-content\/uploads\/2021\/05\/Fitness-250x106.jpeg 250w, https:\/\/biomes.world\/wp-content\/uploads\/2021\/05\/Fitness.jpeg 1600w\"\n            sizes=\"(max-width: 30em) 100vw, (max-width: 48em) 100vw, (max-width: 62em) 100vw, (max-width: 75em) 100vw, 1400px\t\"\n        >\n    <\/div>\n    <div class=\"hero-teaser__header\">\n        <div class=\"hero-teaser__col column\">\n            <h2 class=\"hero-teaser__title\">\n                <span>M\u00e1s informaci\u00f3n sobre INTEST.pro<\/span>\n                El test intestinal de BIOMES            <\/h2>\n            \n\n<p>\u00bfC\u00f3mo analizamos tu flora intestinal? \u00bfQu\u00e9 incluye exactamente la prueba? \u00bfD\u00f3nde puedes comprar <strong>INTEST.<\/strong>pro?<br>\u00bfY c\u00f3mo protegemos tus datos?<\/p>\n\n\n\n<div class=\"wp-block-buttons is-layout-flex wp-block-buttons-is-layout-flex\">\n<div class=\"wp-block-button\"><a class=\"wp-block-button__link wp-element-button\" href=\"https:\/\/biomes-salued.es\" target=\"_blank\" rel=\"noreferrer noopener\">Informaci\u00f3n detallada<\/a><\/div>\n<\/div>\n\n        <\/div>\n    <\/div>\n<\/div>\n","protected":false},"excerpt":{"rendered":"<p>El sistema&nbsp;inmunitario es&nbsp;el&nbsp;sistema de defensa&nbsp;de nuestro cuerpo;&nbsp;una especie de guardi\u00e1n que nos protege&nbsp;frente a las infecciones de agentes invasores potencialmente [&#8230;]<\/p>\n","protected":false},"author":3168,"featured_media":0,"parent":511182,"menu_order":0,"comment_status":"closed","ping_status":"closed","template":"","meta":{"_acf_changed":false,"footnotes":""},"class_list":["post-511069","page","type-page","status-publish","hentry"],"acf":[],"yoast_head":"<!-- This site is optimized with the Yoast SEO Premium plugin v26.2 (Yoast SEO v27.2) - https:\/\/yoast.com\/product\/yoast-seo-premium-wordpress\/ -->\n<title>Categoria: Fitness &amp; Bienestar - BIOMES - Feel better<\/title>\n<meta name=\"description\" content=\"Los alimentos que ingerimos influyen directamente en la composici\u00f3n de la flora intestinal y, por tanto, tambi\u00e9n influyen en la salud general.\" \/>\n<meta name=\"robots\" content=\"index, follow, max-snippet:-1, max-image-preview:large, max-video-preview:-1\" \/>\n<link rel=\"canonical\" href=\"https:\/\/biomes.world\/es\/cosas-a-saber\/fitness-y-bienestar\/\" \/>\n<meta property=\"og:locale\" content=\"es_ES\" \/>\n<meta property=\"og:type\" content=\"article\" \/>\n<meta property=\"og:title\" content=\"Categoria: Fitness &amp; Bienestar\" \/>\n<meta property=\"og:description\" content=\"Los alimentos que ingerimos influyen directamente en la composici\u00f3n de la flora intestinal y, por tanto, tambi\u00e9n influyen en la salud general.\" \/>\n<meta property=\"og:url\" content=\"https:\/\/biomes.world\/es\/cosas-a-saber\/fitness-y-bienestar\/\" \/>\n<meta property=\"og:site_name\" content=\"BIOMES - Feel better\" \/>\n<meta property=\"article:publisher\" content=\"https:\/\/de-de.facebook.com\/BIOMES.world\/\" \/>\n<meta property=\"article:modified_time\" content=\"2023-03-03T10:21:53+00:00\" \/>\n<meta name=\"twitter:card\" content=\"summary_large_image\" \/>\n<meta name=\"twitter:label1\" content=\"Tiempo de lectura\" \/>\n\t<meta name=\"twitter:data1\" content=\"4 minutos\" \/>\n<script type=\"application\/ld+json\" class=\"yoast-schema-graph\">{\"@context\":\"https:\/\/schema.org\",\"@graph\":[{\"@type\":\"WebPage\",\"@id\":\"https:\/\/biomes.world\/es\/cosas-a-saber\/fitness-y-bienestar\/\",\"url\":\"https:\/\/biomes.world\/es\/cosas-a-saber\/fitness-y-bienestar\/\",\"name\":\"Categoria: Fitness & Bienestar - BIOMES - Feel better\",\"isPartOf\":{\"@id\":\"https:\/\/biomes.world\/es\/#website\"},\"datePublished\":\"2021-06-28T13:28:30+00:00\",\"dateModified\":\"2023-03-03T10:21:53+00:00\",\"description\":\"Los alimentos que ingerimos influyen directamente en la composici\u00f3n de la flora intestinal y, por tanto, tambi\u00e9n influyen en la salud general.\",\"breadcrumb\":{\"@id\":\"https:\/\/biomes.world\/es\/cosas-a-saber\/fitness-y-bienestar\/#breadcrumb\"},\"inLanguage\":\"es\",\"potentialAction\":[{\"@type\":\"ReadAction\",\"target\":[\"https:\/\/biomes.world\/es\/cosas-a-saber\/fitness-y-bienestar\/\"]}]},{\"@type\":\"BreadcrumbList\",\"@id\":\"https:\/\/biomes.world\/es\/cosas-a-saber\/fitness-y-bienestar\/#breadcrumb\",\"itemListElement\":[{\"@type\":\"ListItem\",\"position\":1,\"name\":\"Home\",\"item\":\"https:\/\/biomes.world\/es\/\"},{\"@type\":\"ListItem\",\"position\":2,\"name\":\"My Health, My Life\",\"item\":\"https:\/\/biomes.world\/es\/cosas-a-saber\/\"},{\"@type\":\"ListItem\",\"position\":3,\"name\":\"Categoria: Fitness &#038; Bienestar\"}]},{\"@type\":\"WebSite\",\"@id\":\"https:\/\/biomes.world\/es\/#website\",\"url\":\"https:\/\/biomes.world\/es\/\",\"name\":\"BIOMES - Feel better\",\"description\":\"Cutting-edge biotechnology used to help people\",\"publisher\":{\"@id\":\"https:\/\/biomes.world\/es\/#organization\"},\"potentialAction\":[{\"@type\":\"SearchAction\",\"target\":{\"@type\":\"EntryPoint\",\"urlTemplate\":\"https:\/\/biomes.world\/es\/?s={search_term_string}\"},\"query-input\":{\"@type\":\"PropertyValueSpecification\",\"valueRequired\":true,\"valueName\":\"search_term_string\"}}],\"inLanguage\":\"es\"},{\"@type\":\"Organization\",\"@id\":\"https:\/\/biomes.world\/es\/#organization\",\"name\":\"BIOMES 4.0 GmbH\",\"url\":\"https:\/\/biomes.world\/es\/\",\"logo\":{\"@type\":\"ImageObject\",\"inLanguage\":\"es\",\"@id\":\"https:\/\/biomes.world\/es\/#\/schema\/logo\/image\/\",\"url\":\"http:\/\/biomes.world\/wp-content\/uploads\/2024\/04\/biomes_logo_2021_RGB.png\",\"contentUrl\":\"http:\/\/biomes.world\/wp-content\/uploads\/2024\/04\/biomes_logo_2021_RGB.png\",\"width\":10040,\"height\":2599,\"caption\":\"BIOMES 4.0 GmbH\"},\"image\":{\"@id\":\"https:\/\/biomes.world\/es\/#\/schema\/logo\/image\/\"},\"sameAs\":[\"https:\/\/de-de.facebook.com\/BIOMES.world\/\",\"https:\/\/www.youtube.com\/@BIOMESworld\",\"https:\/\/www.instagram.com\/biomes_official\/\"],\"legalName\":\"BIOMES 4.0 GmbH\",\"duns\":\"314778637\"}]}<\/script>\n<!-- \/ Yoast SEO Premium plugin. -->","yoast_head_json":{"title":"Categoria: Fitness & Bienestar - BIOMES - Feel better","description":"Los alimentos que ingerimos influyen directamente en la composici\u00f3n de la flora intestinal y, por tanto, tambi\u00e9n influyen en la salud general.","robots":{"index":"index","follow":"follow","max-snippet":"max-snippet:-1","max-image-preview":"max-image-preview:large","max-video-preview":"max-video-preview:-1"},"canonical":"https:\/\/biomes.world\/es\/cosas-a-saber\/fitness-y-bienestar\/","og_locale":"es_ES","og_type":"article","og_title":"Categoria: Fitness & Bienestar","og_description":"Los alimentos que ingerimos influyen directamente en la composici\u00f3n de la flora intestinal y, por tanto, tambi\u00e9n influyen en la salud general.","og_url":"https:\/\/biomes.world\/es\/cosas-a-saber\/fitness-y-bienestar\/","og_site_name":"BIOMES - Feel better","article_publisher":"https:\/\/de-de.facebook.com\/BIOMES.world\/","article_modified_time":"2023-03-03T10:21:53+00:00","twitter_card":"summary_large_image","twitter_misc":{"Tiempo de lectura":"4 minutos"},"schema":{"@context":"https:\/\/schema.org","@graph":[{"@type":"WebPage","@id":"https:\/\/biomes.world\/es\/cosas-a-saber\/fitness-y-bienestar\/","url":"https:\/\/biomes.world\/es\/cosas-a-saber\/fitness-y-bienestar\/","name":"Categoria: Fitness & Bienestar - BIOMES - Feel better","isPartOf":{"@id":"https:\/\/biomes.world\/es\/#website"},"datePublished":"2021-06-28T13:28:30+00:00","dateModified":"2023-03-03T10:21:53+00:00","description":"Los alimentos que ingerimos influyen directamente en la composici\u00f3n de la flora intestinal y, por tanto, tambi\u00e9n influyen en la salud general.","breadcrumb":{"@id":"https:\/\/biomes.world\/es\/cosas-a-saber\/fitness-y-bienestar\/#breadcrumb"},"inLanguage":"es","potentialAction":[{"@type":"ReadAction","target":["https:\/\/biomes.world\/es\/cosas-a-saber\/fitness-y-bienestar\/"]}]},{"@type":"BreadcrumbList","@id":"https:\/\/biomes.world\/es\/cosas-a-saber\/fitness-y-bienestar\/#breadcrumb","itemListElement":[{"@type":"ListItem","position":1,"name":"Home","item":"https:\/\/biomes.world\/es\/"},{"@type":"ListItem","position":2,"name":"My Health, My Life","item":"https:\/\/biomes.world\/es\/cosas-a-saber\/"},{"@type":"ListItem","position":3,"name":"Categoria: Fitness &#038; Bienestar"}]},{"@type":"WebSite","@id":"https:\/\/biomes.world\/es\/#website","url":"https:\/\/biomes.world\/es\/","name":"BIOMES - Feel better","description":"Cutting-edge biotechnology used to help people","publisher":{"@id":"https:\/\/biomes.world\/es\/#organization"},"potentialAction":[{"@type":"SearchAction","target":{"@type":"EntryPoint","urlTemplate":"https:\/\/biomes.world\/es\/?s={search_term_string}"},"query-input":{"@type":"PropertyValueSpecification","valueRequired":true,"valueName":"search_term_string"}}],"inLanguage":"es"},{"@type":"Organization","@id":"https:\/\/biomes.world\/es\/#organization","name":"BIOMES 4.0 GmbH","url":"https:\/\/biomes.world\/es\/","logo":{"@type":"ImageObject","inLanguage":"es","@id":"https:\/\/biomes.world\/es\/#\/schema\/logo\/image\/","url":"http:\/\/biomes.world\/wp-content\/uploads\/2024\/04\/biomes_logo_2021_RGB.png","contentUrl":"http:\/\/biomes.world\/wp-content\/uploads\/2024\/04\/biomes_logo_2021_RGB.png","width":10040,"height":2599,"caption":"BIOMES 4.0 GmbH"},"image":{"@id":"https:\/\/biomes.world\/es\/#\/schema\/logo\/image\/"},"sameAs":["https:\/\/de-de.facebook.com\/BIOMES.world\/","https:\/\/www.youtube.com\/@BIOMESworld","https:\/\/www.instagram.com\/biomes_official\/"],"legalName":"BIOMES 4.0 GmbH","duns":"314778637"}]}},"_links":{"self":[{"href":"https:\/\/biomes.world\/es\/wp-json\/wp\/v2\/pages\/511069","targetHints":{"allow":["GET"]}}],"collection":[{"href":"https:\/\/biomes.world\/es\/wp-json\/wp\/v2\/pages"}],"about":[{"href":"https:\/\/biomes.world\/es\/wp-json\/wp\/v2\/types\/page"}],"author":[{"embeddable":true,"href":"https:\/\/biomes.world\/es\/wp-json\/wp\/v2\/users\/3168"}],"replies":[{"embeddable":true,"href":"https:\/\/biomes.world\/es\/wp-json\/wp\/v2\/comments?post=511069"}],"version-history":[{"count":0,"href":"https:\/\/biomes.world\/es\/wp-json\/wp\/v2\/pages\/511069\/revisions"}],"up":[{"embeddable":true,"href":"https:\/\/biomes.world\/es\/wp-json\/wp\/v2\/pages\/511182"}],"wp:attachment":[{"href":"https:\/\/biomes.world\/es\/wp-json\/wp\/v2\/media?parent=511069"}],"curies":[{"name":"wp","href":"https:\/\/api.w.org\/{rel}","templated":true}]}}