{"id":510845,"date":"2021-06-24T10:50:33","date_gmt":"2021-06-24T08:50:33","guid":{"rendered":"http:\/\/biomes.world\/feel-better\/nuestros-complementos-alimenticios\/"},"modified":"2023-08-31T11:04:00","modified_gmt":"2023-08-31T09:04:00","slug":"nuestros-complementos-alimenticios","status":"publish","type":"page","link":"https:\/\/biomes.world\/es\/feel-better\/nuestros-complementos-alimenticios\/","title":{"rendered":"Nuestros complementos alimenticios"},"content":{"rendered":"\n<h1 class=\"wp-block-heading\" id=\"h-sub-complementos-alimenticios-sub-cultivos-bacterianos-para-tu-intestino\"><span class=\"subheader\">Complementos alimenticios<\/span>Cultivos bacterianos para tu intestino<\/h1>\n\n\n\n<p>La elecci\u00f3n de los cultivos bacterianos debe ser tan individual como el perfil de tu flora intestinal. Por ello, en <strong>BIOMES<\/strong> ofrecemos dos l\u00edneas de productos que combinan cultivos bacterianos con vitaminas y minerales importantes. Su composici\u00f3n se basa en los resultados de estudios cl\u00ednicos.<\/p>\n\n\n<div id=\"textpic-block_2cd4decf54a62e1e58f62d3e9b29983e\" class=\"textpic site-block\">\n    <div class=\"textpic__wrap\">\n        <div class=\"textpic__slide\">\n                            <div class=\"textpic__item\">\n                    <div class=\"textpic__row expanded row\">\n                        <div class=\"textpic__media\">\n                            <img loading=\"lazy\" decoding=\"async\" width=\"800\" height=\"800\" src=\"https:\/\/biomes.world\/wp-content\/uploads\/2021\/05\/Nahrungsergaenznugsmittel-Gruppe_bearbeitet_1x1-800x800.jpg\" class=\"attachment-post-square size-post-square\" alt=\"Probiotische Nahrungsmittel Dosen gesamtes Sortiment und Angebot\" srcset=\"https:\/\/biomes.world\/wp-content\/uploads\/2021\/05\/Nahrungsergaenznugsmittel-Gruppe_bearbeitet_1x1-800x800.jpg 800w, https:\/\/biomes.world\/wp-content\/uploads\/2021\/05\/Nahrungsergaenznugsmittel-Gruppe_bearbeitet_1x1-300x300.jpg 300w, https:\/\/biomes.world\/wp-content\/uploads\/2021\/05\/Nahrungsergaenznugsmittel-Gruppe_bearbeitet_1x1-1024x1024.jpg 1024w, https:\/\/biomes.world\/wp-content\/uploads\/2021\/05\/Nahrungsergaenznugsmittel-Gruppe_bearbeitet_1x1-150x150.jpg 150w, https:\/\/biomes.world\/wp-content\/uploads\/2021\/05\/Nahrungsergaenznugsmittel-Gruppe_bearbeitet_1x1-768x768.jpg 768w, https:\/\/biomes.world\/wp-content\/uploads\/2021\/05\/Nahrungsergaenznugsmittel-Gruppe_bearbeitet_1x1-250x250.jpg 250w, https:\/\/biomes.world\/wp-content\/uploads\/2021\/05\/Nahrungsergaenznugsmittel-Gruppe_bearbeitet_1x1-100x100.jpg 100w, https:\/\/biomes.world\/wp-content\/uploads\/2021\/05\/Nahrungsergaenznugsmittel-Gruppe_bearbeitet_1x1-400x400.jpg 400w, https:\/\/biomes.world\/wp-content\/uploads\/2021\/05\/Nahrungsergaenznugsmittel-Gruppe_bearbeitet_1x1.jpg 1120w\" sizes=\"auto, (max-width: 800px) 100vw, 800px\" \/>                        <\/div>\n                        <div class=\"textpic__pull--text textpic__pull\">\n                            <div class=\"textpic__text\">\n                                <div class=\"h2\">\n                                    <span class=\"sub-header\">Complementos alimenticios<\/span>\n                                    Para cualquier circunstancia                                 <\/div>\n                                <p>Si tienes una circunstancia particular, por ejemplo, si est\u00e1s tomando antibi\u00f3ticos y quieres compensarlos con cultivos bacterianos beneficiosos, en nuestra tienda encontrar\u00e1s siempre el complemento alimenticio adecuado. Nuestros productos combinan cultivos bacterianos que deben estar presentes en el intestino de forma natural con valiosas vitaminas y minerales. Todos los productos son veganos y no contienen gluten ni lactosa.<\/p>\n<ul>\n<li><a href=\"https:\/\/biomes-salud.eslacfru-pro\/\"><strong>LACFRU.<\/strong>pro<\/a><\/li>\n<li><a href=\"https:\/\/biomes-salud.eshista-pro-30uds\/\"><strong>HISTA.<\/strong>pro<\/a><\/li>\n<li><a href=\"https:\/\/biomes-salud.esdefense-pro-30uds\/\"><strong>DEFENSE.<\/strong>pro<\/a><\/li>\n<li><a href=\"https:\/\/biomes-salud.es\/products\/lean-pro\"><strong>LEAN.<\/strong>pro<\/a><\/li>\n<li><a href=\"https:\/\/biomes-salud.espremium-pro-30uds\/\"><strong>PREMIUM.<\/strong>pro<\/a><\/li>\n<\/ul>\n<a href=\"https:\/\/biomes-salud.es\" target=\"\" class=\"wp-block-button__link \">M\u00e1s informaci\u00f3n en la tienda<\/a>                            <\/div>\n                        <\/div>\n                    <\/div>\n                <\/div>\n                    <\/div>\n    <\/div>\n<\/div>\n\n\n\n<h2 class=\"wp-block-heading\" id=\"h-sub-complementos-alimenticios-sub-por-que-hay-dos-lineas-de-productos\"><span class=\"subheader\">Complementos alimenticios <\/span>\u00bfPor qu\u00e9 hay dos l\u00edneas de productos? <\/h2>\n\n\n\n<p>Todos los productos de <strong>BIOMES<\/strong> combinan varias cepas bacterianas (denominadas \u00absimbi\u00f3ticos\u00bb) con prebi\u00f3ticos, que sirven de alimento a las bacterias beneficiosas. La diferencia radica en la dosis: si quieres someterte a un tratamiento de bacterias intestinales, primero tienes que averiguar, con nuestra prueba de flora intestinal <strong>INTEST.<\/strong>pro, cu\u00e1les son tus carencias y, a continuaci\u00f3n, tomar una combinaci\u00f3n adecuada de cepas bacterianas con vitaminas y minerales en altas dosis.<\/p>\n\n\n\n<p>Todos los componentes se seleccionan de forma meticulosa y se combinan sobre la base de estudios cient\u00edficos. Los productos en altas dosis permiten un crecimiento id\u00f3neo de los cultivos bacterianos. Adem\u00e1s, son veganos y no contienen gluten ni lactosa.  <\/p>\n\n\n    <div id=\"product-compare-block_486ba35d99e6672fa76fed6c8e6bab5a\" class=\"product-compare site-block\">\n        <div class=\"product-compare__wrap\">\n            <div class=\"product-compare__scroll\">\n                <table class=\"product-compare__table\">\n                    <colgroup>\n                        <col>\n                        <col style=\"width:40%\">\n                        <col style=\"width:40%\">\n                    <\/colgroup>\n                    <tr class=\"product-compare__media\">\n                        <td>&nbsp;<\/td>\n                        <td>\n                            <img loading=\"lazy\" decoding=\"async\" width=\"540\" height=\"540\" src=\"https:\/\/biomes.world\/wp-content\/uploads\/2023\/08\/BIOMES-Shopbilder-Premium-freigestellt.webp\" class=\"attachment-post-square size-post-square\" alt=\"Produktfoto PREMIUM.pro BIOMES probiotische Nahrungs&shy;erg\u00e4nzungs&shy;mittel in Deutsch\" srcset=\"https:\/\/biomes.world\/wp-content\/uploads\/2023\/08\/BIOMES-Shopbilder-Premium-freigestellt.webp 540w, https:\/\/biomes.world\/wp-content\/uploads\/2023\/08\/BIOMES-Shopbilder-Premium-freigestellt-300x300.webp 300w, https:\/\/biomes.world\/wp-content\/uploads\/2023\/08\/BIOMES-Shopbilder-Premium-freigestellt-150x150.webp 150w, https:\/\/biomes.world\/wp-content\/uploads\/2023\/08\/BIOMES-Shopbilder-Premium-freigestellt-250x250.webp 250w, https:\/\/biomes.world\/wp-content\/uploads\/2023\/08\/BIOMES-Shopbilder-Premium-freigestellt-100x100.webp 100w, https:\/\/biomes.world\/wp-content\/uploads\/2023\/08\/BIOMES-Shopbilder-Premium-freigestellt-400x400.webp 400w\" sizes=\"auto, (max-width: 540px) 100vw, 540px\" \/>                        <\/td>\n                        <td>\n                            <img loading=\"lazy\" decoding=\"async\" width=\"540\" height=\"540\" src=\"https:\/\/biomes.world\/wp-content\/uploads\/2023\/08\/Typ_Alpha_Nahrungsergaenzungsmittel_Productshot.webp\" class=\"attachment-post-square size-post-square\" alt=\"\" srcset=\"https:\/\/biomes.world\/wp-content\/uploads\/2023\/08\/Typ_Alpha_Nahrungsergaenzungsmittel_Productshot.webp 540w, https:\/\/biomes.world\/wp-content\/uploads\/2023\/08\/Typ_Alpha_Nahrungsergaenzungsmittel_Productshot-300x300.webp 300w, https:\/\/biomes.world\/wp-content\/uploads\/2023\/08\/Typ_Alpha_Nahrungsergaenzungsmittel_Productshot-150x150.webp 150w, https:\/\/biomes.world\/wp-content\/uploads\/2023\/08\/Typ_Alpha_Nahrungsergaenzungsmittel_Productshot-250x250.webp 250w, https:\/\/biomes.world\/wp-content\/uploads\/2023\/08\/Typ_Alpha_Nahrungsergaenzungsmittel_Productshot-100x100.webp 100w, https:\/\/biomes.world\/wp-content\/uploads\/2023\/08\/Typ_Alpha_Nahrungsergaenzungsmittel_Productshot-400x400.webp 400w\" sizes=\"auto, (max-width: 540px) 100vw, 540px\" \/>                        <\/td>\n                    <\/tr>\n                    <tr class=\"product-compare__title\">\n                        <td>&nbsp;<\/td>\n                        <td>\n                            <h2>BIOMES<\/h2>                        <\/td>\n                        <td>\n                            <h2>BIOM.uniq<\/h2>                        <\/td>\n                    <\/tr>\n                    <tr class=\"product-compare__row\"><th scope=\"row\">\u00bfQu\u00e9?<\/th><td style=\"z-index:4\"><div data-label=\"\u00bfQu\u00e9?\"><p>Sin an\u00e1lisis previo<\/p>\n<\/div><\/td><td style=\"z-index:4\"><div data-label=\"\u00bfQu\u00e9?\"><p>Basado en an\u00e1lisis (con <strong>INTEST.<\/strong>pro)<\/p>\n<\/div><\/td><\/tr><tr class=\"product-compare__row\"><th scope=\"row\">\u00bfC\u00f3mo?<\/th><td style=\"z-index:3\"><div data-label=\"\u00bfC\u00f3mo?\"><p><strong>Con arreglo a las circunstancias<\/strong> Puedes tomar estos productos con cepas bacterianas, vitaminas y minerales con arreglo a tus circunstancias particulares, p. ej., si quieres fortalecer tu sistema inmunol\u00f3gico o compensar la toma de antibi\u00f3ticos, si padeces intolerancia a la histamina, problemas intestinales o si deseas perder peso, como complemento de un cambio nutricional.<\/p>\n<\/div><\/td><td style=\"z-index:3\"><div data-label=\"\u00bfC\u00f3mo?\"><p><strong>Deficiencias personales<\/strong> Si quieres someterte a un tratamiento de bacterias intestinales con cepas bacterianas, vitaminas y minerales en altas dosis, primero debes analizar tu flora intestinal con la prueba <strong>INTEST.<\/strong>pro. Junto con la evaluaci\u00f3n obtendr\u00e1s recomendaciones para compensar tus deficiencias con los productos adecuados de nuestra marca <strong>BIOM.<\/strong>uniq. Porque tus bacterias son tan \u00fanicas como t\u00fa.<\/p>\n<\/div><\/td><\/tr><tr class=\"product-compare__row\"><th scope=\"row\">\u00bfD\u00f3nde?<\/th><td style=\"z-index:2\"><div data-label=\"\u00bfD\u00f3nde?\"><p><strong>Gratis <\/strong> en la Tienda <a href=\"https:\/\/biomes-salud.es\"><strong>BIOMES<\/strong><\/a>\/<\/p>\n<\/div><\/td><td style=\"z-index:2\"><div data-label=\"\u00bfD\u00f3nde?\"><p><strong>Recomendaci\u00f3n <\/strong> Te enviaremos un enlace al producto despu\u00e9s de realizar el an\u00e1lisis con <a href=\"https:\/\/biomes-salued.es\"><strong>INTEST.<\/strong>pro<\/a>\/<\/p>\n<\/div><\/td><\/tr><tr class=\"product-compare__row\"><th scope=\"row\">Contenido<\/th><td style=\"z-index:1\"><div data-label=\"Contenido\"><p>30 c\u00e1psulas<br \/>\nCombinaci\u00f3n de cepas bacterianas, prebi\u00f3ticos, vitaminas y minerales <\/p>\n<\/div><\/td><td style=\"z-index:1\"><div data-label=\"Contenido\"><p>60 c\u00e1psulas<br \/>\nCombinaci\u00f3n de cepas bacterianas, prebi\u00f3ticos, vitaminas y minerales en altas dosis <\/p>\n<\/div><\/td><\/tr>                    <tr class=\"product-compare__row\">\n                        <th scope=\"row\">\n                            Precio                        <\/th>\n                        <td>\n                            <div data-label=\"\">\n                                35\u20ac IVA incluido<a href=\"https:\/\/biomes-salud.es\" target=\"\" class=\"wp-block-button__link wp-block-button__link--alternate\">A la tienda<\/a>                            <\/div>\n                        <\/td>\n                        <td>\n                            <div data-label=\"\">\n                                59 \u20ac IVA incluido<a href=\"https:\/\/biomes-salued.es\" target=\"\" class=\"wp-block-button__link wp-block-button__link--alternate\">A la tienda<\/a>                            <\/div>\n                        <\/td>\n                    <\/tr>\n                <\/table>\n            <\/div>\n        <\/div>\n    <\/div>\n\n\n\n<h2 class=\"wp-block-heading\" id=\"h-sub-complementos-alimenticios-sub-por-que-contienen-distintas-cantidades\"><span class=\"subheader\">Complementos alimenticios<\/span>\u00bfPor qu\u00e9 contienen distintas cantidades? <\/h2>\n\n\n\n<p>Los complementos alimenticios probi\u00f3ticos le aportan al cuerpo microorganismos que ejercen una influencia positiva. Sin embargo, las bacterias beneficiosas en altas dosis tambi\u00e9n pueden provocar desequilibrios en la flora intestinal, por ejemplo, si se imponen sobre otras bacterias. Por ello, antes de empezar el tratamiento, lo ideal es determinar con claridad qu\u00e9 bacterias deben repoblarse.  <\/p>\n\n\n<div id=\"hero-product-block_a20cecdcaceb17e22f805114688aee7a\" class=\"hero-product--single hero-product site-block\">\n    <div class=\"hero-product__wrap row\">\n        <div class=\"hero-product__media lg-6 xs-12 column\">\n            <img decoding=\"async\" src=\"https:\/\/biomes.world\/wp-content\/uploads\/2021\/05\/intest_pro-1.png\" srcset=\"https:\/\/biomes.world\/wp-content\/uploads\/2021\/05\/intest_pro-1-300x219.png 300w, https:\/\/biomes.world\/wp-content\/uploads\/2021\/05\/intest_pro-1-250x183.png 250w, https:\/\/biomes.world\/wp-content\/uploads\/2021\/05\/intest_pro-1.png 684w\" sizes=\"(max-width: 30em) 100vw, (max-width: 48em) 100vw, (max-width: 62em) 90vw, (max-width: 75em) 50vw, 800px\" alt=\"\">        <\/div>\n        <div class=\"hero-product__content lg-6 xs-12 column\">\n            <div class=\"hero-product__header\">Nuestra prueba intestinal<\/div><b>INTEST.<\/b>pro es el primer an\u00e1lisis completo de la flora intestinal con recomendaciones nutricionales personalizadas para tu intestino, basadas en el an\u00e1lisis del ADN bacteriano y los conocimientos cient\u00edficos m\u00e1s avanzados.<div class=\"hero-product__price\">159,00 \u20ac<\/div><div class=\"hero-product__action\"><a href=\"https:\/\/biomes-salud.es\/products\/intest-pro\" target=\"\" class=\"wp-block-button__link wp-block-button__link--alternate\">Pedir INTEST.pro<\/a><\/div>        <\/div>\n    <\/div>\n<\/div>\n","protected":false},"excerpt":{"rendered":"<p>Cultivos bacterianos para tu intestino La elecci\u00f3n de los cultivos bacterianos debe ser tan individual como el perfil de tu flora intestinal. Por ello, en BIOMES ofrecemos dos l\u00edneas de productos que combinan cultivos bacterianos con vitaminas y minerales importantes. Su composici\u00f3n se basa en los resultados de estudios cl\u00ednicos. Complementos alimenticios Para cualquier circunstancia [&#8230;]<\/p>\n","protected":false},"author":3168,"featured_media":0,"parent":508650,"menu_order":13,"comment_status":"closed","ping_status":"closed","template":"","meta":{"_acf_changed":false,"footnotes":""},"class_list":["post-510845","page","type-page","status-publish","hentry"],"acf":[],"yoast_head":"<!-- This site is optimized with the Yoast SEO Premium plugin v26.2 (Yoast SEO v27.2) - https:\/\/yoast.com\/product\/yoast-seo-premium-wordpress\/ -->\n<title>Nuestros complementos alimenticios - BIOMES - Feel better<\/title>\n<meta name=\"description\" content=\"BIOMES ofrece dos l\u00edneas de productos que combinan cultivos bacterianos con vitaminas y minerales importantes basados en resultados de estudios cl\u00ednicos.\" \/>\n<meta name=\"robots\" content=\"index, follow, max-snippet:-1, max-image-preview:large, max-video-preview:-1\" \/>\n<link rel=\"canonical\" href=\"https:\/\/biomes.world\/es\/feel-better\/nuestros-complementos-alimenticios\/\" \/>\n<meta property=\"og:locale\" content=\"es_ES\" \/>\n<meta property=\"og:type\" content=\"article\" \/>\n<meta property=\"og:title\" content=\"Nuestros complementos alimenticios\" \/>\n<meta property=\"og:description\" content=\"BIOMES ofrece dos l\u00edneas de productos que combinan cultivos bacterianos con vitaminas y minerales importantes basados en resultados de estudios cl\u00ednicos.\" \/>\n<meta property=\"og:url\" content=\"https:\/\/biomes.world\/es\/feel-better\/nuestros-complementos-alimenticios\/\" \/>\n<meta property=\"og:site_name\" content=\"BIOMES - Feel better\" \/>\n<meta property=\"article:publisher\" content=\"https:\/\/de-de.facebook.com\/BIOMES.world\/\" \/>\n<meta property=\"article:modified_time\" content=\"2023-08-31T09:04:00+00:00\" \/>\n<meta name=\"twitter:card\" content=\"summary_large_image\" \/>\n<meta name=\"twitter:label1\" content=\"Tiempo de lectura\" \/>\n\t<meta name=\"twitter:data1\" content=\"2 minutos\" \/>\n<script type=\"application\/ld+json\" class=\"yoast-schema-graph\">{\"@context\":\"https:\/\/schema.org\",\"@graph\":[{\"@type\":\"WebPage\",\"@id\":\"https:\/\/biomes.world\/es\/feel-better\/nuestros-complementos-alimenticios\/\",\"url\":\"https:\/\/biomes.world\/es\/feel-better\/nuestros-complementos-alimenticios\/\",\"name\":\"Nuestros complementos alimenticios - BIOMES - Feel better\",\"isPartOf\":{\"@id\":\"https:\/\/biomes.world\/es\/#website\"},\"datePublished\":\"2021-06-24T08:50:33+00:00\",\"dateModified\":\"2023-08-31T09:04:00+00:00\",\"description\":\"BIOMES ofrece dos l\u00edneas de productos que combinan cultivos bacterianos con vitaminas y minerales importantes basados en resultados de estudios cl\u00ednicos.\",\"breadcrumb\":{\"@id\":\"https:\/\/biomes.world\/es\/feel-better\/nuestros-complementos-alimenticios\/#breadcrumb\"},\"inLanguage\":\"es\",\"potentialAction\":[{\"@type\":\"ReadAction\",\"target\":[\"https:\/\/biomes.world\/es\/feel-better\/nuestros-complementos-alimenticios\/\"]}]},{\"@type\":\"BreadcrumbList\",\"@id\":\"https:\/\/biomes.world\/es\/feel-better\/nuestros-complementos-alimenticios\/#breadcrumb\",\"itemListElement\":[{\"@type\":\"ListItem\",\"position\":1,\"name\":\"Home\",\"item\":\"https:\/\/biomes.world\/es\/\"},{\"@type\":\"ListItem\",\"position\":2,\"name\":\"Feel better\",\"item\":\"https:\/\/biomes.world\/es\/feel-better\/\"},{\"@type\":\"ListItem\",\"position\":3,\"name\":\"Nuestros complementos alimenticios\"}]},{\"@type\":\"WebSite\",\"@id\":\"https:\/\/biomes.world\/es\/#website\",\"url\":\"https:\/\/biomes.world\/es\/\",\"name\":\"BIOMES - Feel better\",\"description\":\"Cutting-edge biotechnology used to help people\",\"publisher\":{\"@id\":\"https:\/\/biomes.world\/es\/#organization\"},\"potentialAction\":[{\"@type\":\"SearchAction\",\"target\":{\"@type\":\"EntryPoint\",\"urlTemplate\":\"https:\/\/biomes.world\/es\/?s={search_term_string}\"},\"query-input\":{\"@type\":\"PropertyValueSpecification\",\"valueRequired\":true,\"valueName\":\"search_term_string\"}}],\"inLanguage\":\"es\"},{\"@type\":\"Organization\",\"@id\":\"https:\/\/biomes.world\/es\/#organization\",\"name\":\"BIOMES 4.0 GmbH\",\"url\":\"https:\/\/biomes.world\/es\/\",\"logo\":{\"@type\":\"ImageObject\",\"inLanguage\":\"es\",\"@id\":\"https:\/\/biomes.world\/es\/#\/schema\/logo\/image\/\",\"url\":\"http:\/\/biomes.world\/wp-content\/uploads\/2024\/04\/biomes_logo_2021_RGB.png\",\"contentUrl\":\"http:\/\/biomes.world\/wp-content\/uploads\/2024\/04\/biomes_logo_2021_RGB.png\",\"width\":10040,\"height\":2599,\"caption\":\"BIOMES 4.0 GmbH\"},\"image\":{\"@id\":\"https:\/\/biomes.world\/es\/#\/schema\/logo\/image\/\"},\"sameAs\":[\"https:\/\/de-de.facebook.com\/BIOMES.world\/\",\"https:\/\/www.youtube.com\/@BIOMESworld\",\"https:\/\/www.instagram.com\/biomes_official\/\"],\"legalName\":\"BIOMES 4.0 GmbH\",\"duns\":\"314778637\"}]}<\/script>\n<!-- \/ Yoast SEO Premium plugin. -->","yoast_head_json":{"title":"Nuestros complementos alimenticios - BIOMES - Feel better","description":"BIOMES ofrece dos l\u00edneas de productos que combinan cultivos bacterianos con vitaminas y minerales importantes basados en resultados de estudios cl\u00ednicos.","robots":{"index":"index","follow":"follow","max-snippet":"max-snippet:-1","max-image-preview":"max-image-preview:large","max-video-preview":"max-video-preview:-1"},"canonical":"https:\/\/biomes.world\/es\/feel-better\/nuestros-complementos-alimenticios\/","og_locale":"es_ES","og_type":"article","og_title":"Nuestros complementos alimenticios","og_description":"BIOMES ofrece dos l\u00edneas de productos que combinan cultivos bacterianos con vitaminas y minerales importantes basados en resultados de estudios cl\u00ednicos.","og_url":"https:\/\/biomes.world\/es\/feel-better\/nuestros-complementos-alimenticios\/","og_site_name":"BIOMES - Feel better","article_publisher":"https:\/\/de-de.facebook.com\/BIOMES.world\/","article_modified_time":"2023-08-31T09:04:00+00:00","twitter_card":"summary_large_image","twitter_misc":{"Tiempo de lectura":"2 minutos"},"schema":{"@context":"https:\/\/schema.org","@graph":[{"@type":"WebPage","@id":"https:\/\/biomes.world\/es\/feel-better\/nuestros-complementos-alimenticios\/","url":"https:\/\/biomes.world\/es\/feel-better\/nuestros-complementos-alimenticios\/","name":"Nuestros complementos alimenticios - BIOMES - Feel better","isPartOf":{"@id":"https:\/\/biomes.world\/es\/#website"},"datePublished":"2021-06-24T08:50:33+00:00","dateModified":"2023-08-31T09:04:00+00:00","description":"BIOMES ofrece dos l\u00edneas de productos que combinan cultivos bacterianos con vitaminas y minerales importantes basados en resultados de estudios cl\u00ednicos.","breadcrumb":{"@id":"https:\/\/biomes.world\/es\/feel-better\/nuestros-complementos-alimenticios\/#breadcrumb"},"inLanguage":"es","potentialAction":[{"@type":"ReadAction","target":["https:\/\/biomes.world\/es\/feel-better\/nuestros-complementos-alimenticios\/"]}]},{"@type":"BreadcrumbList","@id":"https:\/\/biomes.world\/es\/feel-better\/nuestros-complementos-alimenticios\/#breadcrumb","itemListElement":[{"@type":"ListItem","position":1,"name":"Home","item":"https:\/\/biomes.world\/es\/"},{"@type":"ListItem","position":2,"name":"Feel better","item":"https:\/\/biomes.world\/es\/feel-better\/"},{"@type":"ListItem","position":3,"name":"Nuestros complementos alimenticios"}]},{"@type":"WebSite","@id":"https:\/\/biomes.world\/es\/#website","url":"https:\/\/biomes.world\/es\/","name":"BIOMES - Feel better","description":"Cutting-edge biotechnology used to help people","publisher":{"@id":"https:\/\/biomes.world\/es\/#organization"},"potentialAction":[{"@type":"SearchAction","target":{"@type":"EntryPoint","urlTemplate":"https:\/\/biomes.world\/es\/?s={search_term_string}"},"query-input":{"@type":"PropertyValueSpecification","valueRequired":true,"valueName":"search_term_string"}}],"inLanguage":"es"},{"@type":"Organization","@id":"https:\/\/biomes.world\/es\/#organization","name":"BIOMES 4.0 GmbH","url":"https:\/\/biomes.world\/es\/","logo":{"@type":"ImageObject","inLanguage":"es","@id":"https:\/\/biomes.world\/es\/#\/schema\/logo\/image\/","url":"http:\/\/biomes.world\/wp-content\/uploads\/2024\/04\/biomes_logo_2021_RGB.png","contentUrl":"http:\/\/biomes.world\/wp-content\/uploads\/2024\/04\/biomes_logo_2021_RGB.png","width":10040,"height":2599,"caption":"BIOMES 4.0 GmbH"},"image":{"@id":"https:\/\/biomes.world\/es\/#\/schema\/logo\/image\/"},"sameAs":["https:\/\/de-de.facebook.com\/BIOMES.world\/","https:\/\/www.youtube.com\/@BIOMESworld","https:\/\/www.instagram.com\/biomes_official\/"],"legalName":"BIOMES 4.0 GmbH","duns":"314778637"}]}},"_links":{"self":[{"href":"https:\/\/biomes.world\/es\/wp-json\/wp\/v2\/pages\/510845","targetHints":{"allow":["GET"]}}],"collection":[{"href":"https:\/\/biomes.world\/es\/wp-json\/wp\/v2\/pages"}],"about":[{"href":"https:\/\/biomes.world\/es\/wp-json\/wp\/v2\/types\/page"}],"author":[{"embeddable":true,"href":"https:\/\/biomes.world\/es\/wp-json\/wp\/v2\/users\/3168"}],"replies":[{"embeddable":true,"href":"https:\/\/biomes.world\/es\/wp-json\/wp\/v2\/comments?post=510845"}],"version-history":[{"count":2,"href":"https:\/\/biomes.world\/es\/wp-json\/wp\/v2\/pages\/510845\/revisions"}],"predecessor-version":[{"id":622888,"href":"https:\/\/biomes.world\/es\/wp-json\/wp\/v2\/pages\/510845\/revisions\/622888"}],"up":[{"embeddable":true,"href":"https:\/\/biomes.world\/es\/wp-json\/wp\/v2\/pages\/508650"}],"wp:attachment":[{"href":"https:\/\/biomes.world\/es\/wp-json\/wp\/v2\/media?parent=510845"}],"curies":[{"name":"wp","href":"https:\/\/api.w.org\/{rel}","templated":true}]}}