{"id":510835,"date":"2021-06-24T10:50:12","date_gmt":"2021-06-24T08:50:12","guid":{"rendered":"http:\/\/biomes.world\/perfil-de-la-experta-isabel-dorst\/"},"modified":"2021-12-09T14:19:03","modified_gmt":"2021-12-09T13:19:03","slug":"perfil-de-la-experta-isabel-dorst","status":"publish","type":"page","link":"https:\/\/biomes.world\/es\/perfil-de-la-experta-isabel-dorst\/","title":{"rendered":"Perfil de la experta Isabel Dorst"},"content":{"rendered":"<div id=\"expert-block_60b8d3a51634e\" class=\"expert site-block\">\n\t<div class=\"row align-center\">\n\t\t<div class=\"xs-8 lg-4 column\">\n\t\t\t<figure class=\"expert__figure\">\n\t\t\t\t<svg xmlns=\"http:\/\/www.w3.org\/2000\/svg\" xmlns:xlink=\"http:\/\/www.w3.org\/1999\/xlink\" viewBox=\"0 0 400 358.572\">\n\t\t\t\t\t<defs>\n\t\t\t\t\t\t<pattern id=\"a_6786\" width=\"1\" height=\"1\" viewBox=\"0 0.714 400 358.572\">\n                            <image preserveAspectRatio=\"xMidYMid slice\" width=\"400\" height=\"400\" xlink:href=\"https:\/\/biomes.world\/wp-content\/uploads\/2021\/06\/Isabel_Drost_Expertenprofilbild-400x360.png\" \/>\t\t\t\t\t\t<\/pattern>\n\t\t\t\t\t<\/defs>\n\t\t\t\t\t<path d=\"M422.691 113.321H268.08a45.389 45.389 0 00-39.308 22.695l-77.305 133.9a45.389 45.389 0 000 45.389l77.305 133.9A45.389 45.389 0 00268.08 471.9h154.611A45.389 45.389 0 00462 449.2l77.3-133.9a45.39 45.39 0 000-45.389L462 136.016a45.389 45.389 0 00-39.309-22.695z\" transform=\"translate(-145.385 -113.321)\" fill=\"url(#a_6786)\"\/>\n\t\t\t\t<\/svg>\n                <div class=\"expert__social\"><a href=\"https:\/\/www.linkedin.com\/in\/isabel-dorst-126ab7b0\/\" target=\"_blank\" class=\"expert__social-link\"><svg width=\"29\" height=\"14\"><use xlink:href=\"https:\/\/biomes.world\/wp-content\/themes\/biomesworld\/resources\/public\/svg\/sprite.svg?1.62#linkedin-in\"><\/use><\/svg><\/a><\/div>\t\t\t<\/figure>\n\t\t<\/div>\n\t\t<div class=\"xs-12 lg-6 column\">\n            <h1><span>Innovation Assistant  <\/span>Isabel Dorst <\/h1><div class=\"expert__description\"><p>Isabel Dorst trabaja en el Science Team de <strong>BIOMES<\/strong> y es especialista en asuntos nutricionales y an\u00e1lisis de datos. Despu\u00e9s de cursar su licenciatura en Biolog\u00eda en la Universidad de Friburgo, que le ense\u00f1\u00f3 las relaciones moleculares de los m\u00e1s diversos procesos de nuestro cuerpo, curs\u00f3 otra licenciatura en Tratamiento Nutricional y Diet\u00e9tica. Tambi\u00e9n obtuvo un m\u00e1ster de Medicina Nutricional en la Universidad de Hohenheim-Stuttgart. Estas perspectivas diferentes sobre la salud y la fisiolog\u00eda nutricional del ser humano le ofrecen un conocimiento especialmente amplio acerca de las m\u00e1s variadas cuestiones nutricionales.<\/p>\n<\/div>\t\t<\/div>\n\t<\/div>\n<\/div>\n\n\n\n<p>Ya antes de iniciar su andadura en <strong>BIOMES<\/strong>, trabaj\u00f3 de forma exhaustiva en el microbioma del intestino, por ejemplo, durante su trabajo de m\u00e1ster, que se centr\u00f3 en un tema apenas investigado hasta entonces: la relaci\u00f3n entre el color de las heces de los beb\u00e9s y su microbioma intestinal. Puso de relieve su aptitud para el trabajo y el pensamiento cient\u00edficos durante su paso por el centro de investigaci\u00f3n de Ciencias Naturales de la Universidad de Hohenheim, donde colabor\u00f3 en varias publicaciones cient\u00edficas. Tambi\u00e9n trabaj\u00f3 en otros estudios en el Energy Balance Center de la misma universidad, durante la coordinaci\u00f3n de un proyecto.  <\/p>\n\n\n\n<p>A Isabel le fascina la singularidad de cada microbioma y la compleja interacci\u00f3n de comunicaci\u00f3n de nuestro microbioma con las c\u00e9lulas de nuestro organismo.  <\/p>\n\n\n\n<h2 class=\"wp-block-heading\" id=\"h-experiencia-profesional\">Experiencia profesional<\/h2>\n\n\n\n<figure class=\"wp-block-table cv\"><table><tbody><tr><td><strong>2021<\/strong><\/td><td>Innovation Assistant en el Science Team de la empresa <strong>BIOMES<\/strong> 4.0 GmbH <\/td><\/tr><tr><td><strong>2017-2020<\/strong><\/td><td>Ayudante cient\u00edfica en la Universidad de Hohenheim  <\/td><\/tr><tr><td><strong>2016-2020<\/strong><\/td><td>Colaboraci\u00f3n con la asociaci\u00f3n antitabaco Nichtraucherhelden<\/td><\/tr><\/tbody><\/table><\/figure>\n\n\n\n<h2 class=\"wp-block-heading\" id=\"h-trabajos-cientificos\">Trabajos cient\u00edficos<\/h2>\n\n\n\n<p class=\"literature\"><strong>Trabajo de m\u00e1ster<\/strong><br>Development of a bioinformatic tool to assess the neonatal gut microbiota in relation to stool color<\/p>\n\n\n\n<p class=\"literature\"><strong>Trabajo de licenciatura<\/strong><br>Auswirkungen von Kokos\u00f6l auf die Blutlipide und das daraus resultierende kardiovaskul\u00e4re Risiko<\/p>\n\n\n\n<p class=\"literature\"><strong>Trabajo de licenciatura<\/strong><br>Acute exposure of mice induces a transient increase in microglial cells <\/p>\n\n\n\n<h3 class=\"wp-block-heading\" id=\"h-colaboracion-en-publicaciones\">Colaboraci\u00f3n en publicaciones:&nbsp;&nbsp;<\/h3>\n\n\n\n<p class=\"literature\">Huber, I., Stressler, T., Zhang, Y., Mu, W., Nie, S., Jiang, B., &amp; Fischer, L. 1st German-Chinese Symposium \u201c<strong>Functional and healthy food ingredients generated through state-of-the-art biotechnology<\/strong>\u201d\u2013Outcome &amp; Perspectives. <\/p>\n\n\n\n<p class=\"literature\">Huber, Irene, et al. \u00ab<strong>Symposium report: emerging threats for human health\u2013impact of socioeconomic and climate change on zoonotic diseases in the Republic of Sakha (Yakutia), Russia.<\/strong>\u00bb <em>International journal of circumpolar health<\/em> 79.1 (2020): 1715698. <\/p>\n","protected":false},"excerpt":{"rendered":"<p>Innovation Assistant Isabel Dorst Isabel Dorst trabaja en el Science Team de BIOMES y es especialista en asuntos nutricionales y an\u00e1lisis de datos. Despu\u00e9s de cursar su licenciatura en Biolog\u00eda en la Universidad de Friburgo, que le ense\u00f1\u00f3 las relaciones moleculares de los m\u00e1s diversos procesos de nuestro cuerpo, curs\u00f3 otra licenciatura en Tratamiento Nutricional [&#8230;]<\/p>\n","protected":false},"author":3168,"featured_media":0,"parent":0,"menu_order":0,"comment_status":"closed","ping_status":"closed","template":"","meta":{"_acf_changed":false,"footnotes":""},"class_list":["post-510835","page","type-page","status-publish","hentry"],"acf":[],"yoast_head":"<!-- This site is optimized with the Yoast SEO plugin v27.5 - https:\/\/yoast.com\/product\/yoast-seo-wordpress\/ -->\n<title>Perfil de la experta Isabel Dorst - BIOMES - Feel better<\/title>\n<meta name=\"robots\" content=\"index, follow, max-snippet:-1, max-image-preview:large, max-video-preview:-1\" \/>\n<link rel=\"canonical\" href=\"https:\/\/biomes.world\/es\/perfil-de-la-experta-isabel-dorst\/\" \/>\n<meta property=\"og:locale\" content=\"es_ES\" \/>\n<meta property=\"og:type\" content=\"article\" \/>\n<meta property=\"og:title\" content=\"Perfil de la experta Isabel Dorst - BIOMES - Feel better\" \/>\n<meta property=\"og:description\" content=\"Innovation Assistant Isabel Dorst Isabel Dorst trabaja en el Science Team de BIOMES y es especialista en asuntos nutricionales y an\u00e1lisis de datos. Despu\u00e9s de cursar su licenciatura en Biolog\u00eda en la Universidad de Friburgo, que le ense\u00f1\u00f3 las relaciones moleculares de los m\u00e1s diversos procesos de nuestro cuerpo, curs\u00f3 otra licenciatura en Tratamiento Nutricional [...]\" \/>\n<meta property=\"og:url\" content=\"https:\/\/biomes.world\/es\/perfil-de-la-experta-isabel-dorst\/\" \/>\n<meta property=\"og:site_name\" content=\"BIOMES - Feel better\" \/>\n<meta property=\"article:publisher\" content=\"https:\/\/de-de.facebook.com\/BIOMES.world\/\" \/>\n<meta property=\"article:modified_time\" content=\"2021-12-09T13:19:03+00:00\" \/>\n<meta name=\"twitter:card\" content=\"summary_large_image\" \/>\n<meta name=\"twitter:label1\" content=\"Tiempo de lectura\" \/>\n\t<meta name=\"twitter:data1\" content=\"2 minutos\" \/>\n<script type=\"application\/ld+json\" class=\"yoast-schema-graph\">{\"@context\":\"https:\\\/\\\/schema.org\",\"@graph\":[{\"@type\":\"WebPage\",\"@id\":\"https:\\\/\\\/biomes.world\\\/es\\\/perfil-de-la-experta-isabel-dorst\\\/\",\"url\":\"https:\\\/\\\/biomes.world\\\/es\\\/perfil-de-la-experta-isabel-dorst\\\/\",\"name\":\"Perfil de la experta Isabel Dorst - BIOMES - Feel better\",\"isPartOf\":{\"@id\":\"https:\\\/\\\/biomes.world\\\/es\\\/#website\"},\"datePublished\":\"2021-06-24T08:50:12+00:00\",\"dateModified\":\"2021-12-09T13:19:03+00:00\",\"breadcrumb\":{\"@id\":\"https:\\\/\\\/biomes.world\\\/es\\\/perfil-de-la-experta-isabel-dorst\\\/#breadcrumb\"},\"inLanguage\":\"es\",\"potentialAction\":[{\"@type\":\"ReadAction\",\"target\":[\"https:\\\/\\\/biomes.world\\\/es\\\/perfil-de-la-experta-isabel-dorst\\\/\"]}]},{\"@type\":\"BreadcrumbList\",\"@id\":\"https:\\\/\\\/biomes.world\\\/es\\\/perfil-de-la-experta-isabel-dorst\\\/#breadcrumb\",\"itemListElement\":[{\"@type\":\"ListItem\",\"position\":1,\"name\":\"Home\",\"item\":\"https:\\\/\\\/biomes.world\\\/es\\\/\"},{\"@type\":\"ListItem\",\"position\":2,\"name\":\"Perfil de la experta Isabel Dorst\"}]},{\"@type\":\"WebSite\",\"@id\":\"https:\\\/\\\/biomes.world\\\/es\\\/#website\",\"url\":\"https:\\\/\\\/biomes.world\\\/es\\\/\",\"name\":\"BIOMES - Feel better\",\"description\":\"Cutting-edge biotechnology used to help people\",\"publisher\":{\"@id\":\"https:\\\/\\\/biomes.world\\\/es\\\/#organization\"},\"potentialAction\":[{\"@type\":\"SearchAction\",\"target\":{\"@type\":\"EntryPoint\",\"urlTemplate\":\"https:\\\/\\\/biomes.world\\\/es\\\/?s={search_term_string}\"},\"query-input\":{\"@type\":\"PropertyValueSpecification\",\"valueRequired\":true,\"valueName\":\"search_term_string\"}}],\"inLanguage\":\"es\"},{\"@type\":\"Organization\",\"@id\":\"https:\\\/\\\/biomes.world\\\/es\\\/#organization\",\"name\":\"BIOMES 4.0 GmbH\",\"url\":\"https:\\\/\\\/biomes.world\\\/es\\\/\",\"logo\":{\"@type\":\"ImageObject\",\"inLanguage\":\"es\",\"@id\":\"https:\\\/\\\/biomes.world\\\/es\\\/#\\\/schema\\\/logo\\\/image\\\/\",\"url\":\"https:\\\/\\\/biomes.world\\\/http:\\\/\\\/biomes.world\\\/wp-content\\\/uploads\\\/2024\\\/04\\\/biomes_logo_2021_RGB.png\",\"contentUrl\":\"https:\\\/\\\/biomes.world\\\/http:\\\/\\\/biomes.world\\\/wp-content\\\/uploads\\\/2024\\\/04\\\/biomes_logo_2021_RGB.png\",\"width\":10040,\"height\":2599,\"caption\":\"BIOMES 4.0 GmbH\"},\"image\":{\"@id\":\"https:\\\/\\\/biomes.world\\\/es\\\/#\\\/schema\\\/logo\\\/image\\\/\"},\"sameAs\":[\"https:\\\/\\\/de-de.facebook.com\\\/BIOMES.world\\\/\",\"https:\\\/\\\/www.youtube.com\\\/@BIOMESworld\",\"https:\\\/\\\/www.instagram.com\\\/biomes_official\\\/\"]}]}<\/script>\n<!-- \/ Yoast SEO plugin. -->","yoast_head_json":{"title":"Perfil de la experta Isabel Dorst - BIOMES - Feel better","robots":{"index":"index","follow":"follow","max-snippet":"max-snippet:-1","max-image-preview":"max-image-preview:large","max-video-preview":"max-video-preview:-1"},"canonical":"https:\/\/biomes.world\/es\/perfil-de-la-experta-isabel-dorst\/","og_locale":"es_ES","og_type":"article","og_title":"Perfil de la experta Isabel Dorst - BIOMES - Feel better","og_description":"Innovation Assistant Isabel Dorst Isabel Dorst trabaja en el Science Team de BIOMES y es especialista en asuntos nutricionales y an\u00e1lisis de datos. Despu\u00e9s de cursar su licenciatura en Biolog\u00eda en la Universidad de Friburgo, que le ense\u00f1\u00f3 las relaciones moleculares de los m\u00e1s diversos procesos de nuestro cuerpo, curs\u00f3 otra licenciatura en Tratamiento Nutricional [...]","og_url":"https:\/\/biomes.world\/es\/perfil-de-la-experta-isabel-dorst\/","og_site_name":"BIOMES - Feel better","article_publisher":"https:\/\/de-de.facebook.com\/BIOMES.world\/","article_modified_time":"2021-12-09T13:19:03+00:00","twitter_card":"summary_large_image","twitter_misc":{"Tiempo de lectura":"2 minutos"},"schema":{"@context":"https:\/\/schema.org","@graph":[{"@type":"WebPage","@id":"https:\/\/biomes.world\/es\/perfil-de-la-experta-isabel-dorst\/","url":"https:\/\/biomes.world\/es\/perfil-de-la-experta-isabel-dorst\/","name":"Perfil de la experta Isabel Dorst - BIOMES - Feel better","isPartOf":{"@id":"https:\/\/biomes.world\/es\/#website"},"datePublished":"2021-06-24T08:50:12+00:00","dateModified":"2021-12-09T13:19:03+00:00","breadcrumb":{"@id":"https:\/\/biomes.world\/es\/perfil-de-la-experta-isabel-dorst\/#breadcrumb"},"inLanguage":"es","potentialAction":[{"@type":"ReadAction","target":["https:\/\/biomes.world\/es\/perfil-de-la-experta-isabel-dorst\/"]}]},{"@type":"BreadcrumbList","@id":"https:\/\/biomes.world\/es\/perfil-de-la-experta-isabel-dorst\/#breadcrumb","itemListElement":[{"@type":"ListItem","position":1,"name":"Home","item":"https:\/\/biomes.world\/es\/"},{"@type":"ListItem","position":2,"name":"Perfil de la experta Isabel Dorst"}]},{"@type":"WebSite","@id":"https:\/\/biomes.world\/es\/#website","url":"https:\/\/biomes.world\/es\/","name":"BIOMES - Feel better","description":"Cutting-edge biotechnology used to help people","publisher":{"@id":"https:\/\/biomes.world\/es\/#organization"},"potentialAction":[{"@type":"SearchAction","target":{"@type":"EntryPoint","urlTemplate":"https:\/\/biomes.world\/es\/?s={search_term_string}"},"query-input":{"@type":"PropertyValueSpecification","valueRequired":true,"valueName":"search_term_string"}}],"inLanguage":"es"},{"@type":"Organization","@id":"https:\/\/biomes.world\/es\/#organization","name":"BIOMES 4.0 GmbH","url":"https:\/\/biomes.world\/es\/","logo":{"@type":"ImageObject","inLanguage":"es","@id":"https:\/\/biomes.world\/es\/#\/schema\/logo\/image\/","url":"https:\/\/biomes.world\/http:\/\/biomes.world\/wp-content\/uploads\/2024\/04\/biomes_logo_2021_RGB.png","contentUrl":"https:\/\/biomes.world\/http:\/\/biomes.world\/wp-content\/uploads\/2024\/04\/biomes_logo_2021_RGB.png","width":10040,"height":2599,"caption":"BIOMES 4.0 GmbH"},"image":{"@id":"https:\/\/biomes.world\/es\/#\/schema\/logo\/image\/"},"sameAs":["https:\/\/de-de.facebook.com\/BIOMES.world\/","https:\/\/www.youtube.com\/@BIOMESworld","https:\/\/www.instagram.com\/biomes_official\/"]}]}},"_links":{"self":[{"href":"https:\/\/biomes.world\/es\/wp-json\/wp\/v2\/pages\/510835","targetHints":{"allow":["GET"]}}],"collection":[{"href":"https:\/\/biomes.world\/es\/wp-json\/wp\/v2\/pages"}],"about":[{"href":"https:\/\/biomes.world\/es\/wp-json\/wp\/v2\/types\/page"}],"author":[{"embeddable":true,"href":"https:\/\/biomes.world\/es\/wp-json\/wp\/v2\/users\/3168"}],"replies":[{"embeddable":true,"href":"https:\/\/biomes.world\/es\/wp-json\/wp\/v2\/comments?post=510835"}],"version-history":[{"count":0,"href":"https:\/\/biomes.world\/es\/wp-json\/wp\/v2\/pages\/510835\/revisions"}],"wp:attachment":[{"href":"https:\/\/biomes.world\/es\/wp-json\/wp\/v2\/media?parent=510835"}],"curies":[{"name":"wp","href":"https:\/\/api.w.org\/{rel}","templated":true}]}}