{"id":510831,"date":"2021-06-24T10:50:09","date_gmt":"2021-06-24T08:50:09","guid":{"rendered":"http:\/\/biomes.world\/perfil-del-experto-philipp-franke\/"},"modified":"2021-09-30T12:54:12","modified_gmt":"2021-09-30T10:54:12","slug":"perfil-del-experto-philipp-franke","status":"publish","type":"page","link":"https:\/\/biomes.world\/es\/perfil-del-experto-philipp-franke\/","title":{"rendered":"Perfil del experto Philipp Franke"},"content":{"rendered":"<div id=\"expert-block_60b8d3a51634e\" class=\"expert site-block\">\n\t<div class=\"row align-center\">\n\t\t<div class=\"xs-8 lg-4 column\">\n\t\t\t<figure class=\"expert__figure\">\n\t\t\t\t<svg xmlns=\"http:\/\/www.w3.org\/2000\/svg\" xmlns:xlink=\"http:\/\/www.w3.org\/1999\/xlink\" viewBox=\"0 0 400 358.572\">\n\t\t\t\t\t<defs>\n\t\t\t\t\t\t<pattern id=\"a_1718\" width=\"1\" height=\"1\" viewBox=\"0 0.714 400 358.572\">\n                            <image preserveAspectRatio=\"xMidYMid slice\" width=\"400\" height=\"400\" xlink:href=\"https:\/\/biomes.world\/wp-content\/uploads\/2021\/06\/Philipp_Expertenprofilbild-400x360.png\" \/>\t\t\t\t\t\t<\/pattern>\n\t\t\t\t\t<\/defs>\n\t\t\t\t\t<path d=\"M422.691 113.321H268.08a45.389 45.389 0 00-39.308 22.695l-77.305 133.9a45.389 45.389 0 000 45.389l77.305 133.9A45.389 45.389 0 00268.08 471.9h154.611A45.389 45.389 0 00462 449.2l77.3-133.9a45.39 45.39 0 000-45.389L462 136.016a45.389 45.389 0 00-39.309-22.695z\" transform=\"translate(-145.385 -113.321)\" fill=\"url(#a_1718)\"\/>\n\t\t\t\t<\/svg>\n                <div class=\"expert__social\"><a href=\"https:\/\/www.linkedin.com\/in\/philipp-franke-b0a50187\/\" target=\"_blank\" class=\"expert__social-link\"><svg width=\"29\" height=\"14\"><use xlink:href=\"https:\/\/biomes.world\/wp-content\/themes\/biomesworld\/resources\/public\/svg\/sprite.svg?1.62#linkedin-in\"><\/use><\/svg><\/a><\/div>\t\t\t<\/figure>\n\t\t<\/div>\n\t\t<div class=\"xs-12 lg-6 column\">\n            <h1><span>Head of Laboratory &#038; Co-Founder <\/span>Philipp Franke <\/h1><div class=\"expert__description\"><p>Philipp Franke es un cient\u00edfico de los pies a la cabeza. Estudi\u00f3 T\u00e9cnica de Biosistemas y Bioinform\u00e1tica con especializaci\u00f3n en desarrollo de m\u00e9todos, automatizaci\u00f3n de laboratorios y secuenciaci\u00f3n de \u00e1cido nucleico en la Escuela T\u00e9cnica Superior de Wildau. Primero trabaj\u00f3 como docente de Biolog\u00eda celular y particip\u00f3 en varios proyectos relacionados con m\u00e9todos de secuenciaci\u00f3n altamente complejos.<\/p>\n<\/div>\t\t<\/div>\n\t<\/div>\n<\/div>\n\n\n\n<p>Durante este trabajo ya entr\u00f3 en contacto con la investigaci\u00f3n del microbioma, por ejemplo, en relaci\u00f3n con las sanguijuelas medicinales. M\u00e1s tarde, aport\u00f3 una contribuci\u00f3n decisiva a la creaci\u00f3n de est\u00e1ndares de secuenciaci\u00f3n de alta resoluci\u00f3n, as\u00ed como al desarrollo de una patente sobre la preparaci\u00f3n de \u00e1cidos nucleicos para la secuenciaci\u00f3n de alta resoluci\u00f3n. Despu\u00e9s de colaborar en varias publicaciones, a partir del a\u00f1o 2017 dedic\u00f3 todos sus esfuerzos a la fundaci\u00f3n de la empresa <strong>BIOMES 4.0<\/strong> GmbH. <\/p>\n\n\n\n<p>Desde entonces, en su calidad de Head of Laboratory, es el m\u00e1ximo responsable del laboratorio de <strong>BIOMES<\/strong>. Gracias a su variada experiencia en el \u00e1rea de la secuenciaci\u00f3n de pr\u00f3xima generaci\u00f3n, Philipp contribuye enormemente a que <strong>BIOMES<\/strong> establezca el est\u00e1ndar de referencia para la secuenciaci\u00f3n del microbioma en Europa. <br> <\/p>\n\n\n\n<h2 class=\"wp-block-heading\">Experiencia profesional<\/h2>\n\n\n\n<figure class=\"wp-block-table cv\"><table><tbody><tr><td><strong>2017<\/strong><\/td><td>Cofundador y Head of Laboratory de la empresa <strong>BIOMES<\/strong> 4.0 GmbH<\/td><\/tr><tr><td><strong>2012-2017<\/strong><\/td><td>Empleado cient\u00edfico en el grupo de trabajo \u00abMolekulare Biotechnologie und Funktionelle Genomik\u00bb, actividad en el \u00e1rea de NGS y estandarizaci\u00f3n<\/td><\/tr><tr><td><strong>2009 &#8211; 2011<\/strong><\/td><td>Tutor de Bioanal\u00edtica y Tecnolog\u00edas Bioh\u00edbridas <\/td><\/tr><tr><td><strong>2012<\/strong><\/td><td>Docente de la asignatura Cultivo celular<\/td><\/tr><\/tbody><\/table><\/figure>\n\n\n\n<h2 class=\"wp-block-heading\">Trabajos cient\u00edficos<\/h2>\n\n\n\n<p class=\"literature\"><strong>Trabajo de m\u00e1ster <\/strong><br>\u00abEinfluss ausgew\u00e4hlter \u03b2-Carboline auf die Expression von Histon-Deacetylasen\u00bb<\/p>\n\n\n\n<p class=\"literature\">Art\u00edculos <br>\u00ab<strong>Qualit\u00e4tsmanagement in der RT-qPCR<\/strong>\u00bb <br>BIOspektrum &#8211; Febrero de 2012, volumen 18, entrega 1, p\u00e1gs. 42-45<br> <br>\u00ab<strong>Charakterisierung des mikrobiellen Symbioms von Blutegeln<\/strong>\u00bb <br>Art\u00edculos cient\u00edficos de la Escuela T\u00e9cnica Superior de Wildau 2013, enero de 2013, p\u00e1gs. 8-12 <\/p>\n\n\n\n<p class=\"literature\">\u00ab<strong>Screening and genetic characterization of thermo-tolerant Synechocystis sp. PCC6803 strains created by adaptive evolution<\/strong>\u00bb BMC Biotechnol. 2014; 14:66; <br><br>\u00ab<strong>Standardization and quality management in next-generation sequencing<\/strong>\u00bb <br>Applied &amp; Translational Genomics 2016; 10:2-9 <\/p>\n\n\n\n<h3 class=\"wp-block-heading\">Reviews<\/h3>\n\n\n\n<p class=\"literature\">Revisi\u00f3n y comentario de un DIN-SPEC para NGS; <br>Revisi\u00f3n y comentario de un est\u00e1ndar ISO para qPCR <\/p>\n","protected":false},"excerpt":{"rendered":"<p>Head of Laboratory &#038; Co-Founder Philipp Franke Philipp Franke es un cient\u00edfico de los pies a la cabeza. Estudi\u00f3 T\u00e9cnica de Biosistemas y Bioinform\u00e1tica con especializaci\u00f3n en desarrollo de m\u00e9todos, automatizaci\u00f3n de laboratorios y secuenciaci\u00f3n de \u00e1cido nucleico en la Escuela T\u00e9cnica Superior de Wildau. Primero trabaj\u00f3 como docente de Biolog\u00eda celular y particip\u00f3 en [&#8230;]<\/p>\n","protected":false},"author":3168,"featured_media":0,"parent":0,"menu_order":0,"comment_status":"closed","ping_status":"closed","template":"","meta":{"_acf_changed":false,"footnotes":""},"class_list":["post-510831","page","type-page","status-publish","hentry"],"acf":[],"yoast_head":"<!-- This site is optimized with the Yoast SEO plugin v27.5 - https:\/\/yoast.com\/product\/yoast-seo-wordpress\/ -->\n<title>Perfil del experto Philipp Franke - BIOMES - Feel better<\/title>\n<meta name=\"robots\" content=\"index, follow, max-snippet:-1, max-image-preview:large, max-video-preview:-1\" \/>\n<link rel=\"canonical\" href=\"https:\/\/biomes.world\/es\/perfil-del-experto-philipp-franke\/\" \/>\n<meta property=\"og:locale\" content=\"es_ES\" \/>\n<meta property=\"og:type\" content=\"article\" \/>\n<meta property=\"og:title\" content=\"Perfil del experto Philipp Franke - BIOMES - Feel better\" \/>\n<meta property=\"og:description\" content=\"Head of Laboratory &#038; Co-Founder Philipp Franke Philipp Franke es un cient\u00edfico de los pies a la cabeza. Estudi\u00f3 T\u00e9cnica de Biosistemas y Bioinform\u00e1tica con especializaci\u00f3n en desarrollo de m\u00e9todos, automatizaci\u00f3n de laboratorios y secuenciaci\u00f3n de \u00e1cido nucleico en la Escuela T\u00e9cnica Superior de Wildau. Primero trabaj\u00f3 como docente de Biolog\u00eda celular y particip\u00f3 en [...]\" \/>\n<meta property=\"og:url\" content=\"https:\/\/biomes.world\/es\/perfil-del-experto-philipp-franke\/\" \/>\n<meta property=\"og:site_name\" content=\"BIOMES - Feel better\" \/>\n<meta property=\"article:publisher\" content=\"https:\/\/de-de.facebook.com\/BIOMES.world\/\" \/>\n<meta property=\"article:modified_time\" content=\"2021-09-30T10:54:12+00:00\" \/>\n<meta name=\"twitter:card\" content=\"summary_large_image\" \/>\n<meta name=\"twitter:label1\" content=\"Tiempo de lectura\" \/>\n\t<meta name=\"twitter:data1\" content=\"2 minutos\" \/>\n<script type=\"application\/ld+json\" class=\"yoast-schema-graph\">{\"@context\":\"https:\\\/\\\/schema.org\",\"@graph\":[{\"@type\":\"WebPage\",\"@id\":\"https:\\\/\\\/biomes.world\\\/es\\\/perfil-del-experto-philipp-franke\\\/\",\"url\":\"https:\\\/\\\/biomes.world\\\/es\\\/perfil-del-experto-philipp-franke\\\/\",\"name\":\"Perfil del experto Philipp Franke - BIOMES - Feel better\",\"isPartOf\":{\"@id\":\"https:\\\/\\\/biomes.world\\\/es\\\/#website\"},\"datePublished\":\"2021-06-24T08:50:09+00:00\",\"dateModified\":\"2021-09-30T10:54:12+00:00\",\"breadcrumb\":{\"@id\":\"https:\\\/\\\/biomes.world\\\/es\\\/perfil-del-experto-philipp-franke\\\/#breadcrumb\"},\"inLanguage\":\"es\",\"potentialAction\":[{\"@type\":\"ReadAction\",\"target\":[\"https:\\\/\\\/biomes.world\\\/es\\\/perfil-del-experto-philipp-franke\\\/\"]}]},{\"@type\":\"BreadcrumbList\",\"@id\":\"https:\\\/\\\/biomes.world\\\/es\\\/perfil-del-experto-philipp-franke\\\/#breadcrumb\",\"itemListElement\":[{\"@type\":\"ListItem\",\"position\":1,\"name\":\"Home\",\"item\":\"https:\\\/\\\/biomes.world\\\/es\\\/\"},{\"@type\":\"ListItem\",\"position\":2,\"name\":\"Perfil del experto Philipp Franke\"}]},{\"@type\":\"WebSite\",\"@id\":\"https:\\\/\\\/biomes.world\\\/es\\\/#website\",\"url\":\"https:\\\/\\\/biomes.world\\\/es\\\/\",\"name\":\"BIOMES - Feel better\",\"description\":\"Cutting-edge biotechnology used to help people\",\"publisher\":{\"@id\":\"https:\\\/\\\/biomes.world\\\/es\\\/#organization\"},\"potentialAction\":[{\"@type\":\"SearchAction\",\"target\":{\"@type\":\"EntryPoint\",\"urlTemplate\":\"https:\\\/\\\/biomes.world\\\/es\\\/?s={search_term_string}\"},\"query-input\":{\"@type\":\"PropertyValueSpecification\",\"valueRequired\":true,\"valueName\":\"search_term_string\"}}],\"inLanguage\":\"es\"},{\"@type\":\"Organization\",\"@id\":\"https:\\\/\\\/biomes.world\\\/es\\\/#organization\",\"name\":\"BIOMES 4.0 GmbH\",\"url\":\"https:\\\/\\\/biomes.world\\\/es\\\/\",\"logo\":{\"@type\":\"ImageObject\",\"inLanguage\":\"es\",\"@id\":\"https:\\\/\\\/biomes.world\\\/es\\\/#\\\/schema\\\/logo\\\/image\\\/\",\"url\":\"https:\\\/\\\/biomes.world\\\/http:\\\/\\\/biomes.world\\\/wp-content\\\/uploads\\\/2024\\\/04\\\/biomes_logo_2021_RGB.png\",\"contentUrl\":\"https:\\\/\\\/biomes.world\\\/http:\\\/\\\/biomes.world\\\/wp-content\\\/uploads\\\/2024\\\/04\\\/biomes_logo_2021_RGB.png\",\"width\":10040,\"height\":2599,\"caption\":\"BIOMES 4.0 GmbH\"},\"image\":{\"@id\":\"https:\\\/\\\/biomes.world\\\/es\\\/#\\\/schema\\\/logo\\\/image\\\/\"},\"sameAs\":[\"https:\\\/\\\/de-de.facebook.com\\\/BIOMES.world\\\/\",\"https:\\\/\\\/www.youtube.com\\\/@BIOMESworld\",\"https:\\\/\\\/www.instagram.com\\\/biomes_official\\\/\"]}]}<\/script>\n<!-- \/ Yoast SEO plugin. -->","yoast_head_json":{"title":"Perfil del experto Philipp Franke - BIOMES - Feel better","robots":{"index":"index","follow":"follow","max-snippet":"max-snippet:-1","max-image-preview":"max-image-preview:large","max-video-preview":"max-video-preview:-1"},"canonical":"https:\/\/biomes.world\/es\/perfil-del-experto-philipp-franke\/","og_locale":"es_ES","og_type":"article","og_title":"Perfil del experto Philipp Franke - BIOMES - Feel better","og_description":"Head of Laboratory &#038; Co-Founder Philipp Franke Philipp Franke es un cient\u00edfico de los pies a la cabeza. Estudi\u00f3 T\u00e9cnica de Biosistemas y Bioinform\u00e1tica con especializaci\u00f3n en desarrollo de m\u00e9todos, automatizaci\u00f3n de laboratorios y secuenciaci\u00f3n de \u00e1cido nucleico en la Escuela T\u00e9cnica Superior de Wildau. Primero trabaj\u00f3 como docente de Biolog\u00eda celular y particip\u00f3 en [...]","og_url":"https:\/\/biomes.world\/es\/perfil-del-experto-philipp-franke\/","og_site_name":"BIOMES - Feel better","article_publisher":"https:\/\/de-de.facebook.com\/BIOMES.world\/","article_modified_time":"2021-09-30T10:54:12+00:00","twitter_card":"summary_large_image","twitter_misc":{"Tiempo de lectura":"2 minutos"},"schema":{"@context":"https:\/\/schema.org","@graph":[{"@type":"WebPage","@id":"https:\/\/biomes.world\/es\/perfil-del-experto-philipp-franke\/","url":"https:\/\/biomes.world\/es\/perfil-del-experto-philipp-franke\/","name":"Perfil del experto Philipp Franke - BIOMES - Feel better","isPartOf":{"@id":"https:\/\/biomes.world\/es\/#website"},"datePublished":"2021-06-24T08:50:09+00:00","dateModified":"2021-09-30T10:54:12+00:00","breadcrumb":{"@id":"https:\/\/biomes.world\/es\/perfil-del-experto-philipp-franke\/#breadcrumb"},"inLanguage":"es","potentialAction":[{"@type":"ReadAction","target":["https:\/\/biomes.world\/es\/perfil-del-experto-philipp-franke\/"]}]},{"@type":"BreadcrumbList","@id":"https:\/\/biomes.world\/es\/perfil-del-experto-philipp-franke\/#breadcrumb","itemListElement":[{"@type":"ListItem","position":1,"name":"Home","item":"https:\/\/biomes.world\/es\/"},{"@type":"ListItem","position":2,"name":"Perfil del experto Philipp Franke"}]},{"@type":"WebSite","@id":"https:\/\/biomes.world\/es\/#website","url":"https:\/\/biomes.world\/es\/","name":"BIOMES - Feel better","description":"Cutting-edge biotechnology used to help people","publisher":{"@id":"https:\/\/biomes.world\/es\/#organization"},"potentialAction":[{"@type":"SearchAction","target":{"@type":"EntryPoint","urlTemplate":"https:\/\/biomes.world\/es\/?s={search_term_string}"},"query-input":{"@type":"PropertyValueSpecification","valueRequired":true,"valueName":"search_term_string"}}],"inLanguage":"es"},{"@type":"Organization","@id":"https:\/\/biomes.world\/es\/#organization","name":"BIOMES 4.0 GmbH","url":"https:\/\/biomes.world\/es\/","logo":{"@type":"ImageObject","inLanguage":"es","@id":"https:\/\/biomes.world\/es\/#\/schema\/logo\/image\/","url":"https:\/\/biomes.world\/http:\/\/biomes.world\/wp-content\/uploads\/2024\/04\/biomes_logo_2021_RGB.png","contentUrl":"https:\/\/biomes.world\/http:\/\/biomes.world\/wp-content\/uploads\/2024\/04\/biomes_logo_2021_RGB.png","width":10040,"height":2599,"caption":"BIOMES 4.0 GmbH"},"image":{"@id":"https:\/\/biomes.world\/es\/#\/schema\/logo\/image\/"},"sameAs":["https:\/\/de-de.facebook.com\/BIOMES.world\/","https:\/\/www.youtube.com\/@BIOMESworld","https:\/\/www.instagram.com\/biomes_official\/"]}]}},"_links":{"self":[{"href":"https:\/\/biomes.world\/es\/wp-json\/wp\/v2\/pages\/510831","targetHints":{"allow":["GET"]}}],"collection":[{"href":"https:\/\/biomes.world\/es\/wp-json\/wp\/v2\/pages"}],"about":[{"href":"https:\/\/biomes.world\/es\/wp-json\/wp\/v2\/types\/page"}],"author":[{"embeddable":true,"href":"https:\/\/biomes.world\/es\/wp-json\/wp\/v2\/users\/3168"}],"replies":[{"embeddable":true,"href":"https:\/\/biomes.world\/es\/wp-json\/wp\/v2\/comments?post=510831"}],"version-history":[{"count":0,"href":"https:\/\/biomes.world\/es\/wp-json\/wp\/v2\/pages\/510831\/revisions"}],"wp:attachment":[{"href":"https:\/\/biomes.world\/es\/wp-json\/wp\/v2\/media?parent=510831"}],"curies":[{"name":"wp","href":"https:\/\/api.w.org\/{rel}","templated":true}]}}