{"id":510826,"date":"2021-06-24T10:50:05","date_gmt":"2021-06-24T08:50:05","guid":{"rendered":"http:\/\/biomes.world\/perfil-de-la-experta-plamena-dikarlo\/"},"modified":"2021-09-17T09:23:50","modified_gmt":"2021-09-17T07:23:50","slug":"perfil-de-la-experta-plamena-dikarlo","status":"publish","type":"page","link":"https:\/\/biomes.world\/es\/perfil-de-la-experta-plamena-dikarlo\/","title":{"rendered":"Perfil de la experta Plamena Dikarlo"},"content":{"rendered":"<div id=\"expert-block_60b8d3a51634e\" class=\"expert site-block\">\n\t<div class=\"row align-center\">\n\t\t<div class=\"xs-8 lg-4 column\">\n\t\t\t<figure class=\"expert__figure\">\n\t\t\t\t<svg xmlns=\"http:\/\/www.w3.org\/2000\/svg\" xmlns:xlink=\"http:\/\/www.w3.org\/1999\/xlink\" viewBox=\"0 0 400 358.572\">\n\t\t\t\t\t<defs>\n\t\t\t\t\t\t<pattern id=\"a_6072\" width=\"1\" height=\"1\" viewBox=\"0 0.714 400 358.572\">\n                            <image preserveAspectRatio=\"xMidYMid slice\" width=\"400\" height=\"400\" xlink:href=\"https:\/\/biomes.world\/wp-content\/uploads\/2021\/06\/Plamena_Expertenprofilbild-400x360.png\" \/>\t\t\t\t\t\t<\/pattern>\n\t\t\t\t\t<\/defs>\n\t\t\t\t\t<path d=\"M422.691 113.321H268.08a45.389 45.389 0 00-39.308 22.695l-77.305 133.9a45.389 45.389 0 000 45.389l77.305 133.9A45.389 45.389 0 00268.08 471.9h154.611A45.389 45.389 0 00462 449.2l77.3-133.9a45.39 45.39 0 000-45.389L462 136.016a45.389 45.389 0 00-39.309-22.695z\" transform=\"translate(-145.385 -113.321)\" fill=\"url(#a_6072)\"\/>\n\t\t\t\t<\/svg>\n                <div class=\"expert__social\"><a href=\"https:\/\/www.linkedin.com\/in\/plamena-dikarlo-a31a6412a\/\" target=\"_blank\" class=\"expert__social-link\"><svg width=\"29\" height=\"14\"><use xlink:href=\"https:\/\/biomes.world\/wp-content\/themes\/biomesworld\/resources\/public\/svg\/sprite.svg?1.62#linkedin-in\"><\/use><\/svg><\/a><\/div>\t\t\t<\/figure>\n\t\t<\/div>\n\t\t<div class=\"xs-12 lg-6 column\">\n            <h1><span>Research &#038; Development  <\/span>Plamena Dikarlo <\/h1><div class=\"expert__description\"><p>Desde octubre de 2019, Plamena Dikarlo forma parte del Science Team de BIOMES, en el departamento de Investigaci\u00f3n y Desarrollo. Dispone de una amplia y variada experiencia. Primero estudi\u00f3 Farmacia en la Universidad Libre de Berl\u00edn y, desde 2014, est\u00e1 autorizada para ejercer la profesi\u00f3n de farmac\u00e9utica. Trabaj\u00f3 en varias farmacias berlinesas, principalmente como empleada, y adquiri\u00f3 un ampl\u00edsimo abanico de conocimientos relacionados con la composici\u00f3n de los medicamentos. Cabe destacar que en su trabajo diario tras el mostrador tambi\u00e9n puso de relieve su extraordinaria empat\u00eda y amabilidad en la comunicaci\u00f3n con los clientes.<\/p>\n<\/div>\t\t<\/div>\n\t<\/div>\n<\/div>\n\n\n\n<p>Pero como a Plamena no solo le interesaban los medicamentos y el tratamiento de dolencias y enfermedades ya presentes, sino m\u00e1s bien su prevenci\u00f3n, entre 2015 y 2018 ampli\u00f3 sus conocimientos con un m\u00e1ster con la especializaci\u00f3n \u00abConsumer Health Care\u00bb con pr\u00e1cticas profesionales en el Hospital Universitario Charit\u00e9 de Berl\u00edn. All\u00ed se hizo una idea general de las estructuras de la atenci\u00f3n sanitaria y reforz\u00f3 su creencia en la necesidad de nuevos enfoques orientados al paciente para mejorar su salud. En su trabajo de m\u00e1ster se centr\u00f3 en el tema de la prevenci\u00f3n. Ya que, ante todo, la nutrici\u00f3n correcta es la clave para mantener una buena salud, posteriormente se form\u00f3 como nutricionista hol\u00edstica en la Escuela de Naturopat\u00eda Paracelsus de Berl\u00edn. Por ello, conoce la salud y la enfermedad como nadie, as\u00ed como la prevenci\u00f3n y los medicamentos adecuados.  <br> <\/p>\n\n\n\n<p>Aporta sus conocimientos a <strong>BIOMES<\/strong> en la mejora constante de la prueba intestinal, para ayudar a las personas a comprender mejor los efectos de sus h\u00e1bitos en su estado de salud. Con precisi\u00f3n, encanto y paciencia, aclara todas las dudas de los interesados e incluso ha abierto los ojos a muchos empleados de <strong>BIOMES<\/strong> sobre lo f\u00e1cil que puede llegar a ser tomar decisiones saludables.  <\/p>\n\n\n\n<h2 class=\"wp-block-heading\">Experiencia profesional<\/h2>\n\n\n\n<figure class=\"wp-block-table cv\"><table><tbody><tr><td><strong>Desde 2019<\/strong><\/td><td>Empleada en el departamento de Investigaci\u00f3n y Desarrollo del Science Team de la empresa <strong>BIOMES<\/strong> 4.0 GmbH <\/td><\/tr><tr><td><strong>2019<\/strong><\/td><td>Empleada de farmacia en la farmacia Quartier de la Nolleturm de Berl\u00edn, con asesoramiento especializado sobre VIH\/hepatitis C, enfermedades infecciosas, dermatolog\u00eda, vacunas, medicina para viajes, automedicaci\u00f3n<\/td><\/tr><tr><td><strong>2018\/2019<\/strong><\/td><td>Empleada de farmacia en la farmacia de la Olivaer Platz de Berl\u00edn, con asesoramiento especializado sobre enfermedades metab\u00f3licas, ortopedia, naturopat\u00eda, automedicaci\u00f3n; asesoramiento nutricional en la prevenci\u00f3n y la terapia <\/td><\/tr><tr><td><strong>2017\/2018<\/strong><\/td><td>Empleada de farmacia en la farmacia Medios de Berl\u00edn, con asesoramiento especializado sobre enfermedades infecciosas, terapia de sustituci\u00f3n, dermatolog\u00eda, automedicaci\u00f3n; asesoramiento nutricional, realizaci\u00f3n de an\u00e1lisis de impedancia bioel\u00e9ctrica; control de calidad <\/td><\/tr><tr><td><strong>2013 &#8211; 2016<\/strong><\/td><td>Becaria y empleada de farmacia en la farmacia Bong de Berl\u00edn, donde dirigi\u00f3 el departamento de f\u00f3rmulas y laboratorio (evaluaci\u00f3n, producci\u00f3n y documentaci\u00f3n de f\u00e1rmacos personalizados seg\u00fan el sistema de control de calidad) y direcci\u00f3n y ejecuci\u00f3n del proyecto piloto \u00abGesti\u00f3n de medicamentos\u00bb <\/td><\/tr><\/tbody><\/table><\/figure>\n\n\n\n<h2 class=\"wp-block-heading\">Trabajos cient\u00edficos<\/h2>\n\n\n\n<p><strong>Trabajo de m\u00e1ster<\/strong><br>\u00abEvidenzbewertung der orthomolekularen Medizin in der Pr\u00e4vention und Therapie der banalen Erk\u00e4ltung unter besonderer Ber\u00fccksichtigung der Pr\u00e4parate auf dem deutschen Apothekenmarkt\u00bb<\/p>\n","protected":false},"excerpt":{"rendered":"<p>Research &#038; Development Plamena Dikarlo Desde octubre de 2019, Plamena Dikarlo forma parte del Science Team de BIOMES, en el departamento de Investigaci\u00f3n y Desarrollo. Dispone de una amplia y variada experiencia. Primero estudi\u00f3 Farmacia en la Universidad Libre de Berl\u00edn y, desde 2014, est\u00e1 autorizada para ejercer la profesi\u00f3n de farmac\u00e9utica. Trabaj\u00f3 en varias [&#8230;]<\/p>\n","protected":false},"author":3168,"featured_media":0,"parent":0,"menu_order":0,"comment_status":"closed","ping_status":"closed","template":"","meta":{"_acf_changed":false,"footnotes":""},"class_list":["post-510826","page","type-page","status-publish","hentry"],"acf":[],"yoast_head":"<!-- This site is optimized with the Yoast SEO plugin v27.4 - https:\/\/yoast.com\/product\/yoast-seo-wordpress\/ -->\n<title>Perfil de la experta Plamena Dikarlo - BIOMES - Feel better<\/title>\n<meta name=\"description\" content=\"Plamena Dikarlo tiene una amplia y variada experiencia. Estudi\u00f3 Farmacia y trabaj\u00f3 en varias farmacias. Te mostramos su recorrido hasta llegar a BIOMES.\" \/>\n<meta name=\"robots\" content=\"index, follow, max-snippet:-1, max-image-preview:large, max-video-preview:-1\" \/>\n<link rel=\"canonical\" href=\"https:\/\/biomes.world\/es\/perfil-de-la-experta-plamena-dikarlo\/\" \/>\n<meta property=\"og:locale\" content=\"es_ES\" \/>\n<meta property=\"og:type\" content=\"article\" \/>\n<meta property=\"og:title\" content=\"Perfil de la experta Plamena Dikarlo - BIOMES - Feel better\" \/>\n<meta property=\"og:description\" content=\"Plamena Dikarlo tiene una amplia y variada experiencia. Estudi\u00f3 Farmacia y trabaj\u00f3 en varias farmacias. Te mostramos su recorrido hasta llegar a BIOMES.\" \/>\n<meta property=\"og:url\" content=\"https:\/\/biomes.world\/es\/perfil-de-la-experta-plamena-dikarlo\/\" \/>\n<meta property=\"og:site_name\" content=\"BIOMES - Feel better\" \/>\n<meta property=\"article:publisher\" content=\"https:\/\/de-de.facebook.com\/BIOMES.world\/\" \/>\n<meta property=\"article:modified_time\" content=\"2021-09-17T07:23:50+00:00\" \/>\n<meta name=\"twitter:card\" content=\"summary_large_image\" \/>\n<meta name=\"twitter:label1\" content=\"Tiempo de lectura\" \/>\n\t<meta name=\"twitter:data1\" content=\"2 minutos\" \/>\n<script type=\"application\/ld+json\" class=\"yoast-schema-graph\">{\"@context\":\"https:\\\/\\\/schema.org\",\"@graph\":[{\"@type\":\"WebPage\",\"@id\":\"https:\\\/\\\/biomes.world\\\/es\\\/perfil-de-la-experta-plamena-dikarlo\\\/\",\"url\":\"https:\\\/\\\/biomes.world\\\/es\\\/perfil-de-la-experta-plamena-dikarlo\\\/\",\"name\":\"Perfil de la experta Plamena Dikarlo - BIOMES - Feel better\",\"isPartOf\":{\"@id\":\"https:\\\/\\\/biomes.world\\\/es\\\/#website\"},\"datePublished\":\"2021-06-24T08:50:05+00:00\",\"dateModified\":\"2021-09-17T07:23:50+00:00\",\"description\":\"Plamena Dikarlo tiene una amplia y variada experiencia. Estudi\u00f3 Farmacia y trabaj\u00f3 en varias farmacias. Te mostramos su recorrido hasta llegar a BIOMES.\",\"breadcrumb\":{\"@id\":\"https:\\\/\\\/biomes.world\\\/es\\\/perfil-de-la-experta-plamena-dikarlo\\\/#breadcrumb\"},\"inLanguage\":\"es\",\"potentialAction\":[{\"@type\":\"ReadAction\",\"target\":[\"https:\\\/\\\/biomes.world\\\/es\\\/perfil-de-la-experta-plamena-dikarlo\\\/\"]}]},{\"@type\":\"BreadcrumbList\",\"@id\":\"https:\\\/\\\/biomes.world\\\/es\\\/perfil-de-la-experta-plamena-dikarlo\\\/#breadcrumb\",\"itemListElement\":[{\"@type\":\"ListItem\",\"position\":1,\"name\":\"Home\",\"item\":\"https:\\\/\\\/biomes.world\\\/es\\\/\"},{\"@type\":\"ListItem\",\"position\":2,\"name\":\"Perfil de la experta Plamena Dikarlo\"}]},{\"@type\":\"WebSite\",\"@id\":\"https:\\\/\\\/biomes.world\\\/es\\\/#website\",\"url\":\"https:\\\/\\\/biomes.world\\\/es\\\/\",\"name\":\"BIOMES - Feel better\",\"description\":\"Cutting-edge biotechnology used to help people\",\"publisher\":{\"@id\":\"https:\\\/\\\/biomes.world\\\/es\\\/#organization\"},\"potentialAction\":[{\"@type\":\"SearchAction\",\"target\":{\"@type\":\"EntryPoint\",\"urlTemplate\":\"https:\\\/\\\/biomes.world\\\/es\\\/?s={search_term_string}\"},\"query-input\":{\"@type\":\"PropertyValueSpecification\",\"valueRequired\":true,\"valueName\":\"search_term_string\"}}],\"inLanguage\":\"es\"},{\"@type\":\"Organization\",\"@id\":\"https:\\\/\\\/biomes.world\\\/es\\\/#organization\",\"name\":\"BIOMES 4.0 GmbH\",\"url\":\"https:\\\/\\\/biomes.world\\\/es\\\/\",\"logo\":{\"@type\":\"ImageObject\",\"inLanguage\":\"es\",\"@id\":\"https:\\\/\\\/biomes.world\\\/es\\\/#\\\/schema\\\/logo\\\/image\\\/\",\"url\":\"http:\\\/\\\/biomes.world\\\/wp-content\\\/uploads\\\/2024\\\/04\\\/biomes_logo_2021_RGB.png\",\"contentUrl\":\"http:\\\/\\\/biomes.world\\\/wp-content\\\/uploads\\\/2024\\\/04\\\/biomes_logo_2021_RGB.png\",\"width\":10040,\"height\":2599,\"caption\":\"BIOMES 4.0 GmbH\"},\"image\":{\"@id\":\"https:\\\/\\\/biomes.world\\\/es\\\/#\\\/schema\\\/logo\\\/image\\\/\"},\"sameAs\":[\"https:\\\/\\\/de-de.facebook.com\\\/BIOMES.world\\\/\",\"https:\\\/\\\/www.youtube.com\\\/@BIOMESworld\",\"https:\\\/\\\/www.instagram.com\\\/biomes_official\\\/\"]}]}<\/script>\n<!-- \/ Yoast SEO plugin. -->","yoast_head_json":{"title":"Perfil de la experta Plamena Dikarlo - BIOMES - Feel better","description":"Plamena Dikarlo tiene una amplia y variada experiencia. Estudi\u00f3 Farmacia y trabaj\u00f3 en varias farmacias. Te mostramos su recorrido hasta llegar a BIOMES.","robots":{"index":"index","follow":"follow","max-snippet":"max-snippet:-1","max-image-preview":"max-image-preview:large","max-video-preview":"max-video-preview:-1"},"canonical":"https:\/\/biomes.world\/es\/perfil-de-la-experta-plamena-dikarlo\/","og_locale":"es_ES","og_type":"article","og_title":"Perfil de la experta Plamena Dikarlo - BIOMES - Feel better","og_description":"Plamena Dikarlo tiene una amplia y variada experiencia. Estudi\u00f3 Farmacia y trabaj\u00f3 en varias farmacias. Te mostramos su recorrido hasta llegar a BIOMES.","og_url":"https:\/\/biomes.world\/es\/perfil-de-la-experta-plamena-dikarlo\/","og_site_name":"BIOMES - Feel better","article_publisher":"https:\/\/de-de.facebook.com\/BIOMES.world\/","article_modified_time":"2021-09-17T07:23:50+00:00","twitter_card":"summary_large_image","twitter_misc":{"Tiempo de lectura":"2 minutos"},"schema":{"@context":"https:\/\/schema.org","@graph":[{"@type":"WebPage","@id":"https:\/\/biomes.world\/es\/perfil-de-la-experta-plamena-dikarlo\/","url":"https:\/\/biomes.world\/es\/perfil-de-la-experta-plamena-dikarlo\/","name":"Perfil de la experta Plamena Dikarlo - BIOMES - Feel better","isPartOf":{"@id":"https:\/\/biomes.world\/es\/#website"},"datePublished":"2021-06-24T08:50:05+00:00","dateModified":"2021-09-17T07:23:50+00:00","description":"Plamena Dikarlo tiene una amplia y variada experiencia. Estudi\u00f3 Farmacia y trabaj\u00f3 en varias farmacias. Te mostramos su recorrido hasta llegar a BIOMES.","breadcrumb":{"@id":"https:\/\/biomes.world\/es\/perfil-de-la-experta-plamena-dikarlo\/#breadcrumb"},"inLanguage":"es","potentialAction":[{"@type":"ReadAction","target":["https:\/\/biomes.world\/es\/perfil-de-la-experta-plamena-dikarlo\/"]}]},{"@type":"BreadcrumbList","@id":"https:\/\/biomes.world\/es\/perfil-de-la-experta-plamena-dikarlo\/#breadcrumb","itemListElement":[{"@type":"ListItem","position":1,"name":"Home","item":"https:\/\/biomes.world\/es\/"},{"@type":"ListItem","position":2,"name":"Perfil de la experta Plamena Dikarlo"}]},{"@type":"WebSite","@id":"https:\/\/biomes.world\/es\/#website","url":"https:\/\/biomes.world\/es\/","name":"BIOMES - Feel better","description":"Cutting-edge biotechnology used to help people","publisher":{"@id":"https:\/\/biomes.world\/es\/#organization"},"potentialAction":[{"@type":"SearchAction","target":{"@type":"EntryPoint","urlTemplate":"https:\/\/biomes.world\/es\/?s={search_term_string}"},"query-input":{"@type":"PropertyValueSpecification","valueRequired":true,"valueName":"search_term_string"}}],"inLanguage":"es"},{"@type":"Organization","@id":"https:\/\/biomes.world\/es\/#organization","name":"BIOMES 4.0 GmbH","url":"https:\/\/biomes.world\/es\/","logo":{"@type":"ImageObject","inLanguage":"es","@id":"https:\/\/biomes.world\/es\/#\/schema\/logo\/image\/","url":"http:\/\/biomes.world\/wp-content\/uploads\/2024\/04\/biomes_logo_2021_RGB.png","contentUrl":"http:\/\/biomes.world\/wp-content\/uploads\/2024\/04\/biomes_logo_2021_RGB.png","width":10040,"height":2599,"caption":"BIOMES 4.0 GmbH"},"image":{"@id":"https:\/\/biomes.world\/es\/#\/schema\/logo\/image\/"},"sameAs":["https:\/\/de-de.facebook.com\/BIOMES.world\/","https:\/\/www.youtube.com\/@BIOMESworld","https:\/\/www.instagram.com\/biomes_official\/"]}]}},"_links":{"self":[{"href":"https:\/\/biomes.world\/es\/wp-json\/wp\/v2\/pages\/510826","targetHints":{"allow":["GET"]}}],"collection":[{"href":"https:\/\/biomes.world\/es\/wp-json\/wp\/v2\/pages"}],"about":[{"href":"https:\/\/biomes.world\/es\/wp-json\/wp\/v2\/types\/page"}],"author":[{"embeddable":true,"href":"https:\/\/biomes.world\/es\/wp-json\/wp\/v2\/users\/3168"}],"replies":[{"embeddable":true,"href":"https:\/\/biomes.world\/es\/wp-json\/wp\/v2\/comments?post=510826"}],"version-history":[{"count":0,"href":"https:\/\/biomes.world\/es\/wp-json\/wp\/v2\/pages\/510826\/revisions"}],"wp:attachment":[{"href":"https:\/\/biomes.world\/es\/wp-json\/wp\/v2\/media?parent=510826"}],"curies":[{"name":"wp","href":"https:\/\/api.w.org\/{rel}","templated":true}]}}