{"id":510824,"date":"2021-06-24T10:50:03","date_gmt":"2021-06-24T08:50:03","guid":{"rendered":"http:\/\/biomes.world\/perfil-del-experto-dr-paul-hammer\/"},"modified":"2021-09-17T09:25:28","modified_gmt":"2021-09-17T07:25:28","slug":"perfil-del-experto-dr-paul-hammer","status":"publish","type":"page","link":"https:\/\/biomes.world\/es\/perfil-del-experto-dr-paul-hammer\/","title":{"rendered":"Perfil del experto Dr. Paul Hammer"},"content":{"rendered":"<div id=\"expert-block_60b8d3a51634e\" class=\"expert site-block\">\n\t<div class=\"row align-center\">\n\t\t<div class=\"xs-8 lg-4 column\">\n\t\t\t<figure class=\"expert__figure\">\n\t\t\t\t<svg xmlns=\"http:\/\/www.w3.org\/2000\/svg\" xmlns:xlink=\"http:\/\/www.w3.org\/1999\/xlink\" viewBox=\"0 0 400 358.572\">\n\t\t\t\t\t<defs>\n\t\t\t\t\t\t<pattern id=\"a_1414\" width=\"1\" height=\"1\" viewBox=\"0 0.714 400 358.572\">\n                            <image preserveAspectRatio=\"xMidYMid slice\" width=\"400\" height=\"400\" xlink:href=\"https:\/\/biomes.world\/wp-content\/uploads\/2021\/06\/CEO_Dr._Paul_Hammer_Expertenprofilbild-400x360.png\" \/>\t\t\t\t\t\t<\/pattern>\n\t\t\t\t\t<\/defs>\n\t\t\t\t\t<path d=\"M422.691 113.321H268.08a45.389 45.389 0 00-39.308 22.695l-77.305 133.9a45.389 45.389 0 000 45.389l77.305 133.9A45.389 45.389 0 00268.08 471.9h154.611A45.389 45.389 0 00462 449.2l77.3-133.9a45.39 45.39 0 000-45.389L462 136.016a45.389 45.389 0 00-39.309-22.695z\" transform=\"translate(-145.385 -113.321)\" fill=\"url(#a_1414)\"\/>\n\t\t\t\t<\/svg>\n                <div class=\"expert__social\"><a href=\"https:\/\/www.linkedin.com\/in\/dr-paul-hammer-99717245\/\" target=\"_blank\" class=\"expert__social-link\"><svg width=\"29\" height=\"14\"><use xlink:href=\"https:\/\/biomes.world\/wp-content\/themes\/biomesworld\/resources\/public\/svg\/sprite.svg?1.62#linkedin-in\"><\/use><\/svg><\/a><\/div>\t\t\t<\/figure>\n\t\t<\/div>\n\t\t<div class=\"xs-12 lg-6 column\">\n            <h1><span>CEO &#038; Founder<\/span>Dr. Paul Hammer  <\/h1><div class=\"expert__description\"><p>Como fundador y CEO, el Dr. Paul Hammer es el visionario de <strong>BIOMES<\/strong>. En 2012 escribi\u00f3 una tesis sobre biolog\u00eda de sistemas y bioinform\u00e1tica en la Facultad de Ciencias Naturales de la Universidad de Potsdam. Su misi\u00f3n es la transferencia tecnol\u00f3gica de aplicaciones m\u00e9dicas innovadoras y precisas al mercado sanitario, con el objetivo de mejorar la salud y el bienestar de las personas. Para ello, combina tecnolog\u00edas de ADN de alto rendimiento con algoritmos de inteligencia artificial, procesando grandes paquetes de datos.<\/p>\n<\/div>\t\t<\/div>\n\t<\/div>\n<\/div>\n\n\n\n<p>Tras cursar su formaci\u00f3n cient\u00edfica interdisciplinar y trabajar en distintos proyectos en institutos de prestigio, como el Instituto Max Planck de Gen\u00e9tica Molecular de Berl\u00edn, en 2010 comenz\u00f3 su andadura empresarial como fundador y gerente. En 2017 fund\u00f3 la empresa <strong>BIOMES<\/strong> 4.0 GmbH. Esta compa\u00f1\u00eda biotecnol\u00f3gica analiza el ADN de los microbios que viven dentro y alrededor del cuerpo humano bas\u00e1ndose en un m\u00e9todo denominado Secuenciaci\u00f3n de Pr\u00f3xima Generaci\u00f3n. El resultado es un perfil personal de microbiotas sobre cuya base el cliente recibe recomendaciones personalizadas para mejorar su calidad de vida. <\/p>\n\n\n\n<h2 class=\"wp-block-heading\">Experiencia profesional<\/h2>\n\n\n\n<figure class=\"wp-block-table cv\"><table><tbody><tr><td><strong>2017<\/strong><\/td><td>Fundador y CEO de la empresa <strong>BIOMES<\/strong> 4.0 GmbH<\/td><\/tr><tr><td><strong>2016<\/strong><\/td><td>Cofundador de la empresa Halotek UG<\/td><\/tr><tr><td><strong>2010 &#8211; 2014<\/strong><\/td><td>Chief Business Officer y director de investigaciones para el diagn\u00f3stico gen\u00f3mico<br>del Grupo ibiomics<\/td><\/tr><tr><td><strong>2013<\/strong><\/td><td>Director cient\u00edfico del grupo de investigaci\u00f3n de bioinform\u00e1tica diagn\u00f3stica como postdoctorado en la Escuela Polit\u00e9cnica de Wildau<\/td><\/tr><\/tbody><\/table><\/figure>\n\n\n\n<h2 class=\"wp-block-heading\">Publicaciones<\/h2>\n\n\n\n<p class=\"literature\"><strong>A roadmap for the generation of benchmarking resources for antimicrobial resistance detection using next generation sequencing.<\/strong> <br>Petrillo M, Fabbri M, Querci M, Van den Eede G, Alm E, Aytan-Aktug D, Capella-Gutierrez S, Carrillo C, Cestaro A, Chan KG, Coque T, Endrullat C, Gut I, <strong>Hammer P<\/strong>, Kay GL, Madec JY, Mather AE, McHardy AC, Naas T, Paracchini V, Peter S, Pightling A, Raffael B, Rossen J, Rupp\u00e9 E, Schlaberg R, Vanneste K, Weber LM, Westh H, Angers-Loustau A; 2021, <em>F1000Research<\/em>, doi: 10.12688\/f1000research.39214.1 <\/p>\n\n\n\n<p class=\"literature\"><strong>The challenges of designing a benchmark strategy for bioinformatics pipelines in the identification of antimicrobial resistance determinants using next generation sequencing technologies.<\/strong> <br>Angers-Loustau A, Petrillo M, Bengtsson-Palme J, Berendonk T, Blais B, Chan KG, Coque TM, <strong>Hammer P<\/strong>, He\u00df S, Kagkli DM, Krumbiegel C, Lanza VF, Madec JY, Naas T, O\u2018Grady J, Paracchini V, Rossen JWA, Rupp\u00e9 E, Vamathevan J, Venturi V, Van den Eede G; 2018, <em>F1000Research<\/em>, doi: 10.12688\/f1000research.14509.2 <\/p>\n\n\n\n<p class=\"literature\"><strong>Diet Type, Antibiotic Intake and Gut Microbiota: A Lesson from a Large Cross-Sectional Study. <\/strong> <br>Philipp Franke, Carsten Krumbiegel, Benjamin Girke, <strong>Paul Hammer<\/strong>, Marcus Frohme, Tewodros Debebe; 2019, <em>Archive of the International Society of Microbiota<\/em> <\/p>\n\n\n\n<p class=\"literature\"><strong>DER DARMKOMPASS \u2013 Alles, was man \u00fcber den untersch\u00e4tzten Darm wissen muss. <\/strong> <br><strong>Paul Hammer<\/strong>; 2020, Verlag <em>FORUM VIA SANITAS<\/em>, ISBN: 978-3-200-06876-6  <\/p>\n\n\n\n<p class=\"literature\"><strong>mRNA-seq with agnostic splice site discovery for nervous system transcriptomics tested in chronic pain.<\/strong> <br><strong>Hammer, P<\/strong>., Banck, M.S., Amberg, R., Wang, C., Petznick, G., Luo, S., Khrebtukova, I., Schroth, G.P., Beyerlein, P., and Beutler, A.S. (2010).. <em>Genome Research<\/em>, <em>20<\/em>, 847\u2013860.  <br> <\/p>\n\n\n\n<p class=\"literature\"><strong>Alternative splicing and extensive RNA editing of human TPH2 transcripts.<\/strong> <br>Grohmann, M., <strong>Hammer, P<\/strong>., Walther, M., Paulmann, N., B\u00fcttner, A., Eisenmenger, W., Baghai, T.C., Sch\u00fcle, C., Rupprecht, R., Bader, M., et al. (2010).<strong>. <\/strong><em>PLoS ONE<\/em>, <em>5<\/em>, e8956.  <br> <\/p>\n\n\n\n<p class=\"literature\"><strong>On the mutual information between interaction perplexity and function of proteins<\/strong> <br>Tscherneck, S., Strunk, S., Schmidt, C., <strong>Hammer, P<\/strong>., Amberg, R., Chong Wang, Gillert, R., Krause, A., Petznick, G., and Beyerlein, P. (2009), <em>IEEE GENSIPS<\/em>, pp. 1\u20134.  <br> <\/p>\n\n\n\n<p class=\"literature\"><strong>Allosteric interaction of rapid delayed rectifier protein and its role in cardiac repolarization.<\/strong> <br>Wang, C., Beyerlein, P., <strong>Hammer, P<\/strong>., Krause, A., Nugent, C., and Dubitzky, W. (2008). <em>IEEE Computers in Cardiology<\/em>, pp. 589\u2013592. <\/p>\n","protected":false},"excerpt":{"rendered":"<p>CEO &#038; FounderDr. Paul Hammer Como fundador y CEO, el Dr. Paul Hammer es el visionario de BIOMES. En 2012 escribi\u00f3 una tesis sobre biolog\u00eda de sistemas y bioinform\u00e1tica en la Facultad de Ciencias Naturales de la Universidad de Potsdam. Su misi\u00f3n es la transferencia tecnol\u00f3gica de aplicaciones m\u00e9dicas innovadoras y precisas al mercado sanitario, [&#8230;]<\/p>\n","protected":false},"author":3168,"featured_media":0,"parent":0,"menu_order":0,"comment_status":"closed","ping_status":"closed","template":"","meta":{"_acf_changed":false,"footnotes":""},"class_list":["post-510824","page","type-page","status-publish","hentry"],"acf":[],"yoast_head":"<!-- This site is optimized with the Yoast SEO plugin v27.4 - https:\/\/yoast.com\/product\/yoast-seo-wordpress\/ -->\n<title>Perfil del experto Dr. Paul Hammer - BIOMES - Feel better<\/title>\n<meta name=\"description\" content=\"Como fundador y CEO, el Dr. Paul Hammer es el visionario de BIOMES. Te ense\u00f1amos su recorrido hasta fundar BIOMES.\" \/>\n<meta name=\"robots\" content=\"index, follow, max-snippet:-1, max-image-preview:large, max-video-preview:-1\" \/>\n<link rel=\"canonical\" href=\"https:\/\/biomes.world\/es\/perfil-del-experto-dr-paul-hammer\/\" \/>\n<meta property=\"og:locale\" content=\"es_ES\" \/>\n<meta property=\"og:type\" content=\"article\" \/>\n<meta property=\"og:title\" content=\"Perfil del experto Dr. Paul Hammer - BIOMES - Feel better\" \/>\n<meta property=\"og:description\" content=\"Como fundador y CEO, el Dr. Paul Hammer es el visionario de BIOMES. Te ense\u00f1amos su recorrido hasta fundar BIOMES.\" \/>\n<meta property=\"og:url\" content=\"https:\/\/biomes.world\/es\/perfil-del-experto-dr-paul-hammer\/\" \/>\n<meta property=\"og:site_name\" content=\"BIOMES - Feel better\" \/>\n<meta property=\"article:publisher\" content=\"https:\/\/de-de.facebook.com\/BIOMES.world\/\" \/>\n<meta property=\"article:modified_time\" content=\"2021-09-17T07:25:28+00:00\" \/>\n<meta name=\"twitter:card\" content=\"summary_large_image\" \/>\n<meta name=\"twitter:label1\" content=\"Tiempo de lectura\" \/>\n\t<meta name=\"twitter:data1\" content=\"3 minutos\" \/>\n<script type=\"application\/ld+json\" class=\"yoast-schema-graph\">{\"@context\":\"https:\\\/\\\/schema.org\",\"@graph\":[{\"@type\":\"WebPage\",\"@id\":\"https:\\\/\\\/biomes.world\\\/es\\\/perfil-del-experto-dr-paul-hammer\\\/\",\"url\":\"https:\\\/\\\/biomes.world\\\/es\\\/perfil-del-experto-dr-paul-hammer\\\/\",\"name\":\"Perfil del experto Dr. Paul Hammer - BIOMES - Feel better\",\"isPartOf\":{\"@id\":\"https:\\\/\\\/biomes.world\\\/es\\\/#website\"},\"datePublished\":\"2021-06-24T08:50:03+00:00\",\"dateModified\":\"2021-09-17T07:25:28+00:00\",\"description\":\"Como fundador y CEO, el Dr. Paul Hammer es el visionario de BIOMES. Te ense\u00f1amos su recorrido hasta fundar BIOMES.\",\"breadcrumb\":{\"@id\":\"https:\\\/\\\/biomes.world\\\/es\\\/perfil-del-experto-dr-paul-hammer\\\/#breadcrumb\"},\"inLanguage\":\"es\",\"potentialAction\":[{\"@type\":\"ReadAction\",\"target\":[\"https:\\\/\\\/biomes.world\\\/es\\\/perfil-del-experto-dr-paul-hammer\\\/\"]}]},{\"@type\":\"BreadcrumbList\",\"@id\":\"https:\\\/\\\/biomes.world\\\/es\\\/perfil-del-experto-dr-paul-hammer\\\/#breadcrumb\",\"itemListElement\":[{\"@type\":\"ListItem\",\"position\":1,\"name\":\"Home\",\"item\":\"https:\\\/\\\/biomes.world\\\/es\\\/\"},{\"@type\":\"ListItem\",\"position\":2,\"name\":\"Perfil del experto Dr. Paul Hammer\"}]},{\"@type\":\"WebSite\",\"@id\":\"https:\\\/\\\/biomes.world\\\/es\\\/#website\",\"url\":\"https:\\\/\\\/biomes.world\\\/es\\\/\",\"name\":\"BIOMES - Feel better\",\"description\":\"Cutting-edge biotechnology used to help people\",\"publisher\":{\"@id\":\"https:\\\/\\\/biomes.world\\\/es\\\/#organization\"},\"potentialAction\":[{\"@type\":\"SearchAction\",\"target\":{\"@type\":\"EntryPoint\",\"urlTemplate\":\"https:\\\/\\\/biomes.world\\\/es\\\/?s={search_term_string}\"},\"query-input\":{\"@type\":\"PropertyValueSpecification\",\"valueRequired\":true,\"valueName\":\"search_term_string\"}}],\"inLanguage\":\"es\"},{\"@type\":\"Organization\",\"@id\":\"https:\\\/\\\/biomes.world\\\/es\\\/#organization\",\"name\":\"BIOMES 4.0 GmbH\",\"url\":\"https:\\\/\\\/biomes.world\\\/es\\\/\",\"logo\":{\"@type\":\"ImageObject\",\"inLanguage\":\"es\",\"@id\":\"https:\\\/\\\/biomes.world\\\/es\\\/#\\\/schema\\\/logo\\\/image\\\/\",\"url\":\"http:\\\/\\\/biomes.world\\\/wp-content\\\/uploads\\\/2024\\\/04\\\/biomes_logo_2021_RGB.png\",\"contentUrl\":\"http:\\\/\\\/biomes.world\\\/wp-content\\\/uploads\\\/2024\\\/04\\\/biomes_logo_2021_RGB.png\",\"width\":10040,\"height\":2599,\"caption\":\"BIOMES 4.0 GmbH\"},\"image\":{\"@id\":\"https:\\\/\\\/biomes.world\\\/es\\\/#\\\/schema\\\/logo\\\/image\\\/\"},\"sameAs\":[\"https:\\\/\\\/de-de.facebook.com\\\/BIOMES.world\\\/\",\"https:\\\/\\\/www.youtube.com\\\/@BIOMESworld\",\"https:\\\/\\\/www.instagram.com\\\/biomes_official\\\/\"]}]}<\/script>\n<!-- \/ Yoast SEO plugin. -->","yoast_head_json":{"title":"Perfil del experto Dr. Paul Hammer - BIOMES - Feel better","description":"Como fundador y CEO, el Dr. Paul Hammer es el visionario de BIOMES. Te ense\u00f1amos su recorrido hasta fundar BIOMES.","robots":{"index":"index","follow":"follow","max-snippet":"max-snippet:-1","max-image-preview":"max-image-preview:large","max-video-preview":"max-video-preview:-1"},"canonical":"https:\/\/biomes.world\/es\/perfil-del-experto-dr-paul-hammer\/","og_locale":"es_ES","og_type":"article","og_title":"Perfil del experto Dr. Paul Hammer - BIOMES - Feel better","og_description":"Como fundador y CEO, el Dr. Paul Hammer es el visionario de BIOMES. Te ense\u00f1amos su recorrido hasta fundar BIOMES.","og_url":"https:\/\/biomes.world\/es\/perfil-del-experto-dr-paul-hammer\/","og_site_name":"BIOMES - Feel better","article_publisher":"https:\/\/de-de.facebook.com\/BIOMES.world\/","article_modified_time":"2021-09-17T07:25:28+00:00","twitter_card":"summary_large_image","twitter_misc":{"Tiempo de lectura":"3 minutos"},"schema":{"@context":"https:\/\/schema.org","@graph":[{"@type":"WebPage","@id":"https:\/\/biomes.world\/es\/perfil-del-experto-dr-paul-hammer\/","url":"https:\/\/biomes.world\/es\/perfil-del-experto-dr-paul-hammer\/","name":"Perfil del experto Dr. Paul Hammer - BIOMES - Feel better","isPartOf":{"@id":"https:\/\/biomes.world\/es\/#website"},"datePublished":"2021-06-24T08:50:03+00:00","dateModified":"2021-09-17T07:25:28+00:00","description":"Como fundador y CEO, el Dr. Paul Hammer es el visionario de BIOMES. Te ense\u00f1amos su recorrido hasta fundar BIOMES.","breadcrumb":{"@id":"https:\/\/biomes.world\/es\/perfil-del-experto-dr-paul-hammer\/#breadcrumb"},"inLanguage":"es","potentialAction":[{"@type":"ReadAction","target":["https:\/\/biomes.world\/es\/perfil-del-experto-dr-paul-hammer\/"]}]},{"@type":"BreadcrumbList","@id":"https:\/\/biomes.world\/es\/perfil-del-experto-dr-paul-hammer\/#breadcrumb","itemListElement":[{"@type":"ListItem","position":1,"name":"Home","item":"https:\/\/biomes.world\/es\/"},{"@type":"ListItem","position":2,"name":"Perfil del experto Dr. Paul Hammer"}]},{"@type":"WebSite","@id":"https:\/\/biomes.world\/es\/#website","url":"https:\/\/biomes.world\/es\/","name":"BIOMES - Feel better","description":"Cutting-edge biotechnology used to help people","publisher":{"@id":"https:\/\/biomes.world\/es\/#organization"},"potentialAction":[{"@type":"SearchAction","target":{"@type":"EntryPoint","urlTemplate":"https:\/\/biomes.world\/es\/?s={search_term_string}"},"query-input":{"@type":"PropertyValueSpecification","valueRequired":true,"valueName":"search_term_string"}}],"inLanguage":"es"},{"@type":"Organization","@id":"https:\/\/biomes.world\/es\/#organization","name":"BIOMES 4.0 GmbH","url":"https:\/\/biomes.world\/es\/","logo":{"@type":"ImageObject","inLanguage":"es","@id":"https:\/\/biomes.world\/es\/#\/schema\/logo\/image\/","url":"http:\/\/biomes.world\/wp-content\/uploads\/2024\/04\/biomes_logo_2021_RGB.png","contentUrl":"http:\/\/biomes.world\/wp-content\/uploads\/2024\/04\/biomes_logo_2021_RGB.png","width":10040,"height":2599,"caption":"BIOMES 4.0 GmbH"},"image":{"@id":"https:\/\/biomes.world\/es\/#\/schema\/logo\/image\/"},"sameAs":["https:\/\/de-de.facebook.com\/BIOMES.world\/","https:\/\/www.youtube.com\/@BIOMESworld","https:\/\/www.instagram.com\/biomes_official\/"]}]}},"_links":{"self":[{"href":"https:\/\/biomes.world\/es\/wp-json\/wp\/v2\/pages\/510824","targetHints":{"allow":["GET"]}}],"collection":[{"href":"https:\/\/biomes.world\/es\/wp-json\/wp\/v2\/pages"}],"about":[{"href":"https:\/\/biomes.world\/es\/wp-json\/wp\/v2\/types\/page"}],"author":[{"embeddable":true,"href":"https:\/\/biomes.world\/es\/wp-json\/wp\/v2\/users\/3168"}],"replies":[{"embeddable":true,"href":"https:\/\/biomes.world\/es\/wp-json\/wp\/v2\/comments?post=510824"}],"version-history":[{"count":0,"href":"https:\/\/biomes.world\/es\/wp-json\/wp\/v2\/pages\/510824\/revisions"}],"wp:attachment":[{"href":"https:\/\/biomes.world\/es\/wp-json\/wp\/v2\/media?parent=510824"}],"curies":[{"name":"wp","href":"https:\/\/api.w.org\/{rel}","templated":true}]}}