{"id":510814,"date":"2021-06-24T10:49:58","date_gmt":"2021-06-24T08:49:58","guid":{"rendered":"http:\/\/biomes.world\/perfil-de-la-experta-franziska-dreidax\/"},"modified":"2021-09-17T09:20:24","modified_gmt":"2021-09-17T07:20:24","slug":"perfil-de-la-experta-franziska-dreidax","status":"publish","type":"page","link":"https:\/\/biomes.world\/es\/perfil-de-la-experta-franziska-dreidax\/","title":{"rendered":"Perfil de la experta Franziska Dreidax"},"content":{"rendered":"<div id=\"expert-block_60b8d3a51634e\" class=\"expert site-block\">\n\t<div class=\"row align-center\">\n\t\t<div class=\"xs-8 lg-4 column\">\n\t\t\t<figure class=\"expert__figure\">\n\t\t\t\t<svg xmlns=\"http:\/\/www.w3.org\/2000\/svg\" xmlns:xlink=\"http:\/\/www.w3.org\/1999\/xlink\" viewBox=\"0 0 400 358.572\">\n\t\t\t\t\t<defs>\n\t\t\t\t\t\t<pattern id=\"a_9916\" width=\"1\" height=\"1\" viewBox=\"0 0.714 400 358.572\">\n                            <image preserveAspectRatio=\"xMidYMid slice\" width=\"400\" height=\"400\" xlink:href=\"https:\/\/biomes.world\/wp-content\/uploads\/2021\/06\/Franziska_Expertenprofilbild-400x360.png\" \/>\t\t\t\t\t\t<\/pattern>\n\t\t\t\t\t<\/defs>\n\t\t\t\t\t<path d=\"M422.691 113.321H268.08a45.389 45.389 0 00-39.308 22.695l-77.305 133.9a45.389 45.389 0 000 45.389l77.305 133.9A45.389 45.389 0 00268.08 471.9h154.611A45.389 45.389 0 00462 449.2l77.3-133.9a45.39 45.39 0 000-45.389L462 136.016a45.389 45.389 0 00-39.309-22.695z\" transform=\"translate(-145.385 -113.321)\" fill=\"url(#a_9916)\"\/>\n\t\t\t\t<\/svg>\n                \t\t\t<\/figure>\n\t\t<\/div>\n\t\t<div class=\"xs-12 lg-6 column\">\n            <h1><span>Nutritionist <\/span>Franziska Dreidax <\/h1><div class=\"expert__description\"><p>Franziska Dreidax estudi\u00f3 Nutrici\u00f3n en la prestigiosa Universidad Justus Liebig de Gie\u00dfen y curs\u00f3 un m\u00e1ster especializado en Biomedicina en la Universidad Martin Luther de Halle-Wittenberg. En el pasado ha trabajado principalmente en la prevenci\u00f3n de la diabetes en el Instituto Alem\u00e1n de Investigaci\u00f3n Nutricional del Hospital Charit\u00e9 de Berl\u00edn.  <\/p>\n<\/div>\t\t<\/div>\n\t<\/div>\n<\/div>\n\n\n\n<p>Combina, de una forma especialmente encantadora, conocimientos inagotables acerca de la nutrici\u00f3n saludable con una gran pasi\u00f3n por el asesoramiento sobre las m\u00e1s variadas cuestiones relacionadas con la nutrici\u00f3n. Se centra principalmente en investigar acerca de la fibra alimentaria y los alimentos fermentados.<\/p>\n\n\n\n<p>Ya de peque\u00f1a, descubri\u00f3 el valor de cocinar en familia, de sembrar y cosechar en la huerta de su casa. Su anhelo incansable por investigar la naturaleza y los deliciosos platos de mam\u00e1 hicieron que su inter\u00e9s por la nutrici\u00f3n despertara a una edad muy temprana. En su propia familia tiene parientes con dolencias reum\u00e1ticas, entre otras. Estos factores ejercieron una influencia decisiva en la trayectoria de Franziska, que siempre tuvo claro a qu\u00e9 quer\u00eda dedicarse.  <\/p>\n\n\n\n<p>Despu\u00e9s decidi\u00f3 trasladarse a Gie\u00dfen para estudiar Nutrici\u00f3n en la prestigiosa Universidad Justus Liebig. M\u00e1s tarde, en 2019, puso el colof\u00f3n a sus estudios universitarios con un m\u00e1ster en la Universidad Martin Luther de Halle-Wittenberg. Realiz\u00f3 las pr\u00e1cticas del m\u00e1ster en el Charit\u00e9 de Berl\u00edn, en el \u00e1rea de prevenci\u00f3n de la diabetes. Public\u00f3 sus primeros trabajos durante un taller para el Centro Alem\u00e1n de Investigaci\u00f3n de la Diabetes (Deutsches Zentrum f\u00fcr Diabetesforschung).  <\/p>\n\n\n\n<p>Tratar con pacientes que padecen diabetes mellitus tipo 2 y prediabetes y asesorarlos personalmente sobre temas nutricionales enriqueci\u00f3 la experiencia profesional de Franziska enormemente. Tambi\u00e9n disfrut\u00f3 mucho trabajando en la creaci\u00f3n de protocolos nutricionales personalizados. Sus amplios conocimientos y su experiencia en el asesoramiento contribuyeron en gran medida al desarrollo de los planes de nutrici\u00f3n personalizados de <strong>BIOMES<\/strong>. Aumentar el bienestar de las personas por medio de una nutrici\u00f3n saludable y ofrecerles una mayor calidad de vida son sus motivaciones para el trabajo diario. <\/p>\n\n\n\n<h2 class=\"wp-block-heading\">Experiencia profesional<\/h2>\n\n\n\n<figure class=\"wp-block-table cv\"><table><tbody><tr><td><strong>2017<\/strong><\/td><td>Nutritionist en el departamento de Science de la empresa <strong>BIOMES<\/strong> 4.0 GmbH<\/td><\/tr><\/tbody><\/table><\/figure>\n\n\n\n<h2 class=\"wp-block-heading\">Trabajos cient\u00edficos<\/h2>\n\n\n\n<p class=\"literature\"><strong>Trabajo de m\u00e1ster <\/strong><br>\u00abDas Geschlecht als Cofaktor f\u00fcr metabolische Effekte von Lebensstilma\u00dfnahmen bei Pr\u00e4diabetes\u00bb <\/p>\n\n\n\n<p class=\"literature\"><strong>Trabajo de licenciatura <\/strong><br>\u00abDie optimale Proteinzufuhr im Kraftsport\u00bb <\/p>\n","protected":false},"excerpt":{"rendered":"<p>Nutritionist Franziska Dreidax Franziska Dreidax estudi\u00f3 Nutrici\u00f3n en la prestigiosa Universidad Justus Liebig de Gie\u00dfen y curs\u00f3 un m\u00e1ster especializado en Biomedicina en la Universidad Martin Luther de Halle-Wittenberg. En el pasado ha trabajado principalmente en la prevenci\u00f3n de la diabetes en el Instituto Alem\u00e1n de Investigaci\u00f3n Nutricional del Hospital Charit\u00e9 de Berl\u00edn. Combina, de [&#8230;]<\/p>\n","protected":false},"author":3168,"featured_media":0,"parent":0,"menu_order":0,"comment_status":"closed","ping_status":"closed","template":"","meta":{"_acf_changed":false,"footnotes":""},"class_list":["post-510814","page","type-page","status-publish","hentry"],"acf":[],"yoast_head":"<!-- This site is optimized with the Yoast SEO plugin v27.4 - https:\/\/yoast.com\/product\/yoast-seo-wordpress\/ -->\n<title>Perfil de la experta Franziska Dreidax - BIOMES - Feel better<\/title>\n<meta name=\"description\" content=\"Franziska Dreidax estudi\u00f3 Nutrici\u00f3n en una prestigiosa Universidad de Gie\u00dfen. Te mostramos su recorido hasta llegar a BIOMES.\" \/>\n<meta name=\"robots\" content=\"index, follow, max-snippet:-1, max-image-preview:large, max-video-preview:-1\" \/>\n<link rel=\"canonical\" href=\"https:\/\/biomes.world\/es\/perfil-de-la-experta-franziska-dreidax\/\" \/>\n<meta property=\"og:locale\" content=\"es_ES\" \/>\n<meta property=\"og:type\" content=\"article\" \/>\n<meta property=\"og:title\" content=\"Perfil de la experta Franziska Dreidax - BIOMES - Feel better\" \/>\n<meta property=\"og:description\" content=\"Franziska Dreidax estudi\u00f3 Nutrici\u00f3n en una prestigiosa Universidad de Gie\u00dfen. Te mostramos su recorido hasta llegar a BIOMES.\" \/>\n<meta property=\"og:url\" content=\"https:\/\/biomes.world\/es\/perfil-de-la-experta-franziska-dreidax\/\" \/>\n<meta property=\"og:site_name\" content=\"BIOMES - Feel better\" \/>\n<meta property=\"article:publisher\" content=\"https:\/\/de-de.facebook.com\/BIOMES.world\/\" \/>\n<meta property=\"article:modified_time\" content=\"2021-09-17T07:20:24+00:00\" \/>\n<meta name=\"twitter:card\" content=\"summary_large_image\" \/>\n<meta name=\"twitter:label1\" content=\"Tiempo de lectura\" \/>\n\t<meta name=\"twitter:data1\" content=\"2 minutos\" \/>\n<script type=\"application\/ld+json\" class=\"yoast-schema-graph\">{\"@context\":\"https:\\\/\\\/schema.org\",\"@graph\":[{\"@type\":\"WebPage\",\"@id\":\"https:\\\/\\\/biomes.world\\\/es\\\/perfil-de-la-experta-franziska-dreidax\\\/\",\"url\":\"https:\\\/\\\/biomes.world\\\/es\\\/perfil-de-la-experta-franziska-dreidax\\\/\",\"name\":\"Perfil de la experta Franziska Dreidax - BIOMES - Feel better\",\"isPartOf\":{\"@id\":\"https:\\\/\\\/biomes.world\\\/es\\\/#website\"},\"datePublished\":\"2021-06-24T08:49:58+00:00\",\"dateModified\":\"2021-09-17T07:20:24+00:00\",\"description\":\"Franziska Dreidax estudi\u00f3 Nutrici\u00f3n en una prestigiosa Universidad de Gie\u00dfen. Te mostramos su recorido hasta llegar a BIOMES.\",\"breadcrumb\":{\"@id\":\"https:\\\/\\\/biomes.world\\\/es\\\/perfil-de-la-experta-franziska-dreidax\\\/#breadcrumb\"},\"inLanguage\":\"es\",\"potentialAction\":[{\"@type\":\"ReadAction\",\"target\":[\"https:\\\/\\\/biomes.world\\\/es\\\/perfil-de-la-experta-franziska-dreidax\\\/\"]}]},{\"@type\":\"BreadcrumbList\",\"@id\":\"https:\\\/\\\/biomes.world\\\/es\\\/perfil-de-la-experta-franziska-dreidax\\\/#breadcrumb\",\"itemListElement\":[{\"@type\":\"ListItem\",\"position\":1,\"name\":\"Home\",\"item\":\"https:\\\/\\\/biomes.world\\\/es\\\/\"},{\"@type\":\"ListItem\",\"position\":2,\"name\":\"Perfil de la experta Franziska Dreidax\"}]},{\"@type\":\"WebSite\",\"@id\":\"https:\\\/\\\/biomes.world\\\/es\\\/#website\",\"url\":\"https:\\\/\\\/biomes.world\\\/es\\\/\",\"name\":\"BIOMES - Feel better\",\"description\":\"Cutting-edge biotechnology used to help people\",\"publisher\":{\"@id\":\"https:\\\/\\\/biomes.world\\\/es\\\/#organization\"},\"potentialAction\":[{\"@type\":\"SearchAction\",\"target\":{\"@type\":\"EntryPoint\",\"urlTemplate\":\"https:\\\/\\\/biomes.world\\\/es\\\/?s={search_term_string}\"},\"query-input\":{\"@type\":\"PropertyValueSpecification\",\"valueRequired\":true,\"valueName\":\"search_term_string\"}}],\"inLanguage\":\"es\"},{\"@type\":\"Organization\",\"@id\":\"https:\\\/\\\/biomes.world\\\/es\\\/#organization\",\"name\":\"BIOMES 4.0 GmbH\",\"url\":\"https:\\\/\\\/biomes.world\\\/es\\\/\",\"logo\":{\"@type\":\"ImageObject\",\"inLanguage\":\"es\",\"@id\":\"https:\\\/\\\/biomes.world\\\/es\\\/#\\\/schema\\\/logo\\\/image\\\/\",\"url\":\"http:\\\/\\\/biomes.world\\\/wp-content\\\/uploads\\\/2024\\\/04\\\/biomes_logo_2021_RGB.png\",\"contentUrl\":\"http:\\\/\\\/biomes.world\\\/wp-content\\\/uploads\\\/2024\\\/04\\\/biomes_logo_2021_RGB.png\",\"width\":10040,\"height\":2599,\"caption\":\"BIOMES 4.0 GmbH\"},\"image\":{\"@id\":\"https:\\\/\\\/biomes.world\\\/es\\\/#\\\/schema\\\/logo\\\/image\\\/\"},\"sameAs\":[\"https:\\\/\\\/de-de.facebook.com\\\/BIOMES.world\\\/\",\"https:\\\/\\\/www.youtube.com\\\/@BIOMESworld\",\"https:\\\/\\\/www.instagram.com\\\/biomes_official\\\/\"]}]}<\/script>\n<!-- \/ Yoast SEO plugin. -->","yoast_head_json":{"title":"Perfil de la experta Franziska Dreidax - BIOMES - Feel better","description":"Franziska Dreidax estudi\u00f3 Nutrici\u00f3n en una prestigiosa Universidad de Gie\u00dfen. Te mostramos su recorido hasta llegar a BIOMES.","robots":{"index":"index","follow":"follow","max-snippet":"max-snippet:-1","max-image-preview":"max-image-preview:large","max-video-preview":"max-video-preview:-1"},"canonical":"https:\/\/biomes.world\/es\/perfil-de-la-experta-franziska-dreidax\/","og_locale":"es_ES","og_type":"article","og_title":"Perfil de la experta Franziska Dreidax - BIOMES - Feel better","og_description":"Franziska Dreidax estudi\u00f3 Nutrici\u00f3n en una prestigiosa Universidad de Gie\u00dfen. Te mostramos su recorido hasta llegar a BIOMES.","og_url":"https:\/\/biomes.world\/es\/perfil-de-la-experta-franziska-dreidax\/","og_site_name":"BIOMES - Feel better","article_publisher":"https:\/\/de-de.facebook.com\/BIOMES.world\/","article_modified_time":"2021-09-17T07:20:24+00:00","twitter_card":"summary_large_image","twitter_misc":{"Tiempo de lectura":"2 minutos"},"schema":{"@context":"https:\/\/schema.org","@graph":[{"@type":"WebPage","@id":"https:\/\/biomes.world\/es\/perfil-de-la-experta-franziska-dreidax\/","url":"https:\/\/biomes.world\/es\/perfil-de-la-experta-franziska-dreidax\/","name":"Perfil de la experta Franziska Dreidax - BIOMES - Feel better","isPartOf":{"@id":"https:\/\/biomes.world\/es\/#website"},"datePublished":"2021-06-24T08:49:58+00:00","dateModified":"2021-09-17T07:20:24+00:00","description":"Franziska Dreidax estudi\u00f3 Nutrici\u00f3n en una prestigiosa Universidad de Gie\u00dfen. Te mostramos su recorido hasta llegar a BIOMES.","breadcrumb":{"@id":"https:\/\/biomes.world\/es\/perfil-de-la-experta-franziska-dreidax\/#breadcrumb"},"inLanguage":"es","potentialAction":[{"@type":"ReadAction","target":["https:\/\/biomes.world\/es\/perfil-de-la-experta-franziska-dreidax\/"]}]},{"@type":"BreadcrumbList","@id":"https:\/\/biomes.world\/es\/perfil-de-la-experta-franziska-dreidax\/#breadcrumb","itemListElement":[{"@type":"ListItem","position":1,"name":"Home","item":"https:\/\/biomes.world\/es\/"},{"@type":"ListItem","position":2,"name":"Perfil de la experta Franziska Dreidax"}]},{"@type":"WebSite","@id":"https:\/\/biomes.world\/es\/#website","url":"https:\/\/biomes.world\/es\/","name":"BIOMES - Feel better","description":"Cutting-edge biotechnology used to help people","publisher":{"@id":"https:\/\/biomes.world\/es\/#organization"},"potentialAction":[{"@type":"SearchAction","target":{"@type":"EntryPoint","urlTemplate":"https:\/\/biomes.world\/es\/?s={search_term_string}"},"query-input":{"@type":"PropertyValueSpecification","valueRequired":true,"valueName":"search_term_string"}}],"inLanguage":"es"},{"@type":"Organization","@id":"https:\/\/biomes.world\/es\/#organization","name":"BIOMES 4.0 GmbH","url":"https:\/\/biomes.world\/es\/","logo":{"@type":"ImageObject","inLanguage":"es","@id":"https:\/\/biomes.world\/es\/#\/schema\/logo\/image\/","url":"http:\/\/biomes.world\/wp-content\/uploads\/2024\/04\/biomes_logo_2021_RGB.png","contentUrl":"http:\/\/biomes.world\/wp-content\/uploads\/2024\/04\/biomes_logo_2021_RGB.png","width":10040,"height":2599,"caption":"BIOMES 4.0 GmbH"},"image":{"@id":"https:\/\/biomes.world\/es\/#\/schema\/logo\/image\/"},"sameAs":["https:\/\/de-de.facebook.com\/BIOMES.world\/","https:\/\/www.youtube.com\/@BIOMESworld","https:\/\/www.instagram.com\/biomes_official\/"]}]}},"_links":{"self":[{"href":"https:\/\/biomes.world\/es\/wp-json\/wp\/v2\/pages\/510814","targetHints":{"allow":["GET"]}}],"collection":[{"href":"https:\/\/biomes.world\/es\/wp-json\/wp\/v2\/pages"}],"about":[{"href":"https:\/\/biomes.world\/es\/wp-json\/wp\/v2\/types\/page"}],"author":[{"embeddable":true,"href":"https:\/\/biomes.world\/es\/wp-json\/wp\/v2\/users\/3168"}],"replies":[{"embeddable":true,"href":"https:\/\/biomes.world\/es\/wp-json\/wp\/v2\/comments?post=510814"}],"version-history":[{"count":0,"href":"https:\/\/biomes.world\/es\/wp-json\/wp\/v2\/pages\/510814\/revisions"}],"wp:attachment":[{"href":"https:\/\/biomes.world\/es\/wp-json\/wp\/v2\/media?parent=510814"}],"curies":[{"name":"wp","href":"https:\/\/api.w.org\/{rel}","templated":true}]}}