{"id":510806,"date":"2021-06-24T10:49:55","date_gmt":"2021-06-24T08:49:55","guid":{"rendered":"http:\/\/biomes.world\/perfil-del-experto-dr-tewodros-debebe-aklilu\/"},"modified":"2024-02-13T19:45:37","modified_gmt":"2024-02-13T18:45:37","slug":"perfil-del-experto-dr-tewodros-debebe-aklilu","status":"publish","type":"page","link":"https:\/\/biomes.world\/es\/perfil-del-experto-dr-tewodros-debebe-aklilu\/","title":{"rendered":"Perfil del experto Dr. Tewodros Debebe Aklilu"},"content":{"rendered":"<div id=\"expert-block_18de6519d4174b8bb0e1f3a5f1bff1ac\" class=\"expert site-block\">\n\t<div class=\"row align-center\">\n\t\t<div class=\"xs-8 lg-4 column\">\n\t\t\t<figure class=\"expert__figure\">\n\t\t\t\t<svg xmlns=\"http:\/\/www.w3.org\/2000\/svg\" xmlns:xlink=\"http:\/\/www.w3.org\/1999\/xlink\" viewBox=\"0 0 400 358.572\">\n\t\t\t\t\t<defs>\n\t\t\t\t\t\t<pattern id=\"a_6739\" width=\"1\" height=\"1\" viewBox=\"0 0.714 400 358.572\">\n                            <image preserveAspectRatio=\"xMidYMid slice\" width=\"400\" height=\"400\" xlink:href=\"https:\/\/biomes.world\/wp-content\/uploads\/2021\/04\/tewo_web-400x360.jpg\" \/>\t\t\t\t\t\t<\/pattern>\n\t\t\t\t\t<\/defs>\n\t\t\t\t\t<path d=\"M422.691 113.321H268.08a45.389 45.389 0 00-39.308 22.695l-77.305 133.9a45.389 45.389 0 000 45.389l77.305 133.9A45.389 45.389 0 00268.08 471.9h154.611A45.389 45.389 0 00462 449.2l77.3-133.9a45.39 45.39 0 000-45.389L462 136.016a45.389 45.389 0 00-39.309-22.695z\" transform=\"translate(-145.385 -113.321)\" fill=\"url(#a_6739)\"\/>\n\t\t\t\t<\/svg>\n                <div class=\"expert__social\"><a href=\"https:\/\/de.linkedin.com\/in\/tewodros-debebe-aklilu-phd-9a8017153\" target=\"_blank\" class=\"expert__social-link\"><svg width=\"29\" height=\"14\"><use xlink:href=\"https:\/\/biomes.world\/wp-content\/themes\/biomesworld\/resources\/public\/svg\/sprite.svg?1.62#linkedin-in\"><\/use><\/svg><\/a><\/div>\t\t\t<\/figure>\n\t\t<\/div>\n\t\t<div class=\"xs-12 lg-6 column\">\n            <h1><span>Anterior Head of Science &#038; Co-Founder<\/span>Dr. Tewodros Debebe Aklilu<\/h1><div class=\"expert__description\"><p>Dr. Tewodros Debebe Aklilu fue cofundador y director cient\u00edfico de <strong>BIOMES.<\/strong> En 2017 escribi\u00f3 una tesis sobre microbiolog\u00eda m\u00e9dica en la Facultad de Medicina de la Universidad de Leipzig. Su tesis fue galardonada con un premio doctoral y el premio Dr. Margarete Blank de la Universidad de Leipzig, como una de las mejores tesis del a\u00f1o 2017.<\/p>\n<\/div>\t\t<\/div>\n\t<\/div>\n<\/div>\n\n\n\n<p>Tras aprobar su tesis con summa cum laude y adquirir experiencia pr\u00e1ctica en el campo de la microbiolog\u00eda m\u00e9dica, as\u00ed como en el diagn\u00f3stico y la investigaci\u00f3n en la Facultad de Medicina de la Universidad de Leipzig, en 2017 comenz\u00f3 su andadura empresarial como cofundador y director cient\u00edfico.<\/p>\n\n\n\n<p>Antes de eso, curs\u00f3 su licenciatura en la Facultad de Medicina de la Universidad de Bahir Dar, en su Etiop\u00eda natal, donde tambi\u00e9n ejerci\u00f3 la docencia entre los a\u00f1os 2010 y 2012. En 2012 aprob\u00f3 un posgrado avanzado de Vacunolog\u00eda en el prestigioso Instituto Pasteur de Par\u00eds.<\/p>\n\n\n\n<p>El Dr. Debebe ya ha publicado m\u00e1s de 15 estudios cient\u00edficos en revistas de prestigio internacional. Su gran pasi\u00f3n es comprender el papel que la microbiota desempe\u00f1a en la salud y la enfermedad, y c\u00f3mo interact\u00faa con nuestro sistema inmunol\u00f3gico. Investiga la microbiota para mejorar la salud, el bienestar y la calidad de vida de las personas.<\/p>\n\n\n\n<h2 class=\"wp-block-heading\" id=\"h-experiencia-profesional\">Experiencia profesional<\/h2>\n\n\n\n<figure class=\"wp-block-table cv\"><table><tbody><tr><td><strong>2024<\/strong><\/td><td>M\u00e9dico especialista, microbiolog\u00eda m\u00e9dica, Hospital Universitario del Sarre<\/td><\/tr><tr><td><strong>2017<\/strong><\/td><td>Cofundador y Head of Science de la empresa <strong>BIOMES<\/strong> 4.0 GmbH<\/td><\/tr><tr><td><strong>2010-2012<\/strong><\/td><td>Docente en la Facultad de Medicina de la Universidad de Bahir Dar<\/td><\/tr><\/tbody><\/table><\/figure>\n\n\n\n<h2 class=\"wp-block-heading\" id=\"h-publicaciones\">Publicaciones<\/h2>\n\n\n\n<p class=\"literature\">Lilja S, Pointner A, B\u00e4ck H, Duszka K, Hippe B, Suarez L, H\u00f6finger I, Debebe T, K\u00f6nig J, Haslberger A. <strong>Fasting and fasting mimetic supplementation address sirtuin expression, miRNA and microbiota composition. Functional Foods in Health and Disease<\/strong> 2020; 10(10): 439-455.<\/p>\n\n\n\n<p class=\"literature\">Franke P, Krumbiegel C, Girke B, Hammer P, Frohme M, Debebe T. <strong>Diet Type, Antibiotic Intake and Gut Microbiota: A Lesson from a Large Cross-Sectional Study.<\/strong> Archive of the International Society of Microbiota, 2019 (pp 1-112).<\/p>\n\n\n\n<p class=\"literature\">Debebe T, Biagi E, Soverini M, Holtze S, Hildebrandt TB, Birkemeyer C, Wyohannis D, Lemma A, Brigidi P, Savkovic V, K\u00f6nig B, Candela M, Birkenmeier G. <strong>Unraveling the gut microbiome of the long-lived naked mole-rat.<\/strong> Nature Scientific Report 2017;7(1):9590.<\/p>\n\n\n\n<p class=\"literature\">Hutschenreuther A, Bigl M, Hemdan NY, Debebe T, Gaunitz F, Birkenmeier G. Modulation of GLO1 Expression Affects Malignant Properties of Cells. Int J Mol Sci. 2016; 17(12). pii: E2133.<br>Debebe T, Kru\u0308ger M, Huse K, Kacza J, Mu\u0308hlberg K, K\u00f6nig B, Birkenmeier G. Ethyl pyruvate: <strong>An anti-microbial agent that selectively targets pathobionts and biofilms. <\/strong>PLos One. 2016; 11(9):e0162919.<\/p>\n\n\n\n<p class=\"literature\">Birkenmeier G, Hemdan NY, Kurz S, Bigl M, Pieroh P, Debebe T, Buchold M, Thieme R, Wichmann, Dehghani F. <strong>Ethyl Pyruvate Combats Human Leukemia Cells but Spares Normal Blood Cells.<\/strong> PLoS One. 2016; 31;11(8):e0161571.<\/p>\n\n\n\n<p class=\"literature\">Debebe T, Holtze S, Morhart M, Hildebrandt TB, Rodewald S, Huse K, Platzer M, Wyohannes D, Yirga S, Lemma A, Thieme R, K\u00f6nig B, Birkenmeier G. <strong>Analysis of cultivable microbiota and diet intake pattern of the long-lived naked mole-rat.<\/strong> <em>Gut Pathog<\/em>. 2016;8:25.<\/p>\n\n\n\n<p class=\"literature\">Thieme R, Kurz S, Kolb M, Debebe T, Holtze S, Morhart M, Huse K, Szafranski K, Platzer M, Hildebrandt TB, Birkenmeier G. <strong>Analysis of Alpha-2 Macroglobulin from the Long-Lived and Cancer-Resistant Naked Mole-Rat and Human Plasma.<\/strong> PLoS One. 2015; 23:10(6):e0130470.<\/p>\n\n\n\n<p class=\"literature\">Debebe T, Admassu A, Mamo G, Ameni G. <strong>Molecular characterization of Mycobacterium tuberculosis isolated from pulmonary tuberculosis patients in Felege Hiwot Referral Hospital, northwest Ethiopia<\/strong>. <em>J Microbiol Immunol Infect<\/em>. 2014;47(4):333-8.<\/p>\n","protected":false},"excerpt":{"rendered":"<p>Anterior Head of Science &#038; Co-FounderDr. Tewodros Debebe AkliluDr. Tewodros Debebe Aklilu fue cofundador y director cient\u00edfico de BIOMES. En 2017 escribi\u00f3 una tesis sobre microbiolog\u00eda m\u00e9dica en la Facultad de Medicina de la Universidad de Leipzig. Su tesis fue galardonada con un premio doctoral y el premio Dr. Margarete Blank de la Universidad de [&#8230;]<\/p>\n","protected":false},"author":1572,"featured_media":0,"parent":0,"menu_order":0,"comment_status":"closed","ping_status":"closed","template":"","meta":{"_acf_changed":false,"footnotes":""},"class_list":["post-510806","page","type-page","status-publish","hentry"],"acf":[],"yoast_head":"<!-- This site is optimized with the Yoast SEO plugin v27.4 - https:\/\/yoast.com\/product\/yoast-seo-wordpress\/ -->\n<title>Perfil del experto Dr. Tewodros Debebe Aklilu - BIOMES<\/title>\n<meta name=\"description\" content=\"El Dr. Tewodros Debebe Aklilu es cofundador y director cient\u00edfico de BIOMES. Te ense\u00f1amos su recorrido hasta llegar a BIOMES.\" \/>\n<meta name=\"robots\" content=\"index, follow, max-snippet:-1, max-image-preview:large, max-video-preview:-1\" \/>\n<link rel=\"canonical\" href=\"https:\/\/biomes.world\/es\/perfil-del-experto-dr-tewodros-debebe-aklilu\/\" \/>\n<meta property=\"og:locale\" content=\"es_ES\" \/>\n<meta property=\"og:type\" content=\"article\" \/>\n<meta property=\"og:title\" content=\"Perfil del experto Dr. Tewodros Debebe Aklilu - BIOMES\" \/>\n<meta property=\"og:description\" content=\"El Dr. Tewodros Debebe Aklilu es cofundador y director cient\u00edfico de BIOMES. Te ense\u00f1amos su recorrido hasta llegar a BIOMES.\" \/>\n<meta property=\"og:url\" content=\"https:\/\/biomes.world\/es\/perfil-del-experto-dr-tewodros-debebe-aklilu\/\" \/>\n<meta property=\"og:site_name\" content=\"BIOMES - Feel better\" \/>\n<meta property=\"article:publisher\" content=\"https:\/\/de-de.facebook.com\/BIOMES.world\/\" \/>\n<meta property=\"article:modified_time\" content=\"2024-02-13T18:45:37+00:00\" \/>\n<meta name=\"twitter:card\" content=\"summary_large_image\" \/>\n<meta name=\"twitter:label1\" content=\"Tiempo de lectura\" \/>\n\t<meta name=\"twitter:data1\" content=\"3 minutos\" \/>\n<script type=\"application\/ld+json\" class=\"yoast-schema-graph\">{\"@context\":\"https:\\\/\\\/schema.org\",\"@graph\":[{\"@type\":\"WebPage\",\"@id\":\"https:\\\/\\\/biomes.world\\\/es\\\/perfil-del-experto-dr-tewodros-debebe-aklilu\\\/\",\"url\":\"https:\\\/\\\/biomes.world\\\/es\\\/perfil-del-experto-dr-tewodros-debebe-aklilu\\\/\",\"name\":\"Perfil del experto Dr. Tewodros Debebe Aklilu - BIOMES\",\"isPartOf\":{\"@id\":\"https:\\\/\\\/biomes.world\\\/es\\\/#website\"},\"datePublished\":\"2021-06-24T08:49:55+00:00\",\"dateModified\":\"2024-02-13T18:45:37+00:00\",\"description\":\"El Dr. Tewodros Debebe Aklilu es cofundador y director cient\u00edfico de BIOMES. Te ense\u00f1amos su recorrido hasta llegar a BIOMES.\",\"breadcrumb\":{\"@id\":\"https:\\\/\\\/biomes.world\\\/es\\\/perfil-del-experto-dr-tewodros-debebe-aklilu\\\/#breadcrumb\"},\"inLanguage\":\"es\",\"potentialAction\":[{\"@type\":\"ReadAction\",\"target\":[\"https:\\\/\\\/biomes.world\\\/es\\\/perfil-del-experto-dr-tewodros-debebe-aklilu\\\/\"]}]},{\"@type\":\"BreadcrumbList\",\"@id\":\"https:\\\/\\\/biomes.world\\\/es\\\/perfil-del-experto-dr-tewodros-debebe-aklilu\\\/#breadcrumb\",\"itemListElement\":[{\"@type\":\"ListItem\",\"position\":1,\"name\":\"Home\",\"item\":\"https:\\\/\\\/biomes.world\\\/es\\\/\"},{\"@type\":\"ListItem\",\"position\":2,\"name\":\"Perfil del experto Dr. Tewodros Debebe Aklilu\"}]},{\"@type\":\"WebSite\",\"@id\":\"https:\\\/\\\/biomes.world\\\/es\\\/#website\",\"url\":\"https:\\\/\\\/biomes.world\\\/es\\\/\",\"name\":\"BIOMES - Feel better\",\"description\":\"Cutting-edge biotechnology used to help people\",\"publisher\":{\"@id\":\"https:\\\/\\\/biomes.world\\\/es\\\/#organization\"},\"potentialAction\":[{\"@type\":\"SearchAction\",\"target\":{\"@type\":\"EntryPoint\",\"urlTemplate\":\"https:\\\/\\\/biomes.world\\\/es\\\/?s={search_term_string}\"},\"query-input\":{\"@type\":\"PropertyValueSpecification\",\"valueRequired\":true,\"valueName\":\"search_term_string\"}}],\"inLanguage\":\"es\"},{\"@type\":\"Organization\",\"@id\":\"https:\\\/\\\/biomes.world\\\/es\\\/#organization\",\"name\":\"BIOMES 4.0 GmbH\",\"url\":\"https:\\\/\\\/biomes.world\\\/es\\\/\",\"logo\":{\"@type\":\"ImageObject\",\"inLanguage\":\"es\",\"@id\":\"https:\\\/\\\/biomes.world\\\/es\\\/#\\\/schema\\\/logo\\\/image\\\/\",\"url\":\"http:\\\/\\\/biomes.world\\\/wp-content\\\/uploads\\\/2024\\\/04\\\/biomes_logo_2021_RGB.png\",\"contentUrl\":\"http:\\\/\\\/biomes.world\\\/wp-content\\\/uploads\\\/2024\\\/04\\\/biomes_logo_2021_RGB.png\",\"width\":10040,\"height\":2599,\"caption\":\"BIOMES 4.0 GmbH\"},\"image\":{\"@id\":\"https:\\\/\\\/biomes.world\\\/es\\\/#\\\/schema\\\/logo\\\/image\\\/\"},\"sameAs\":[\"https:\\\/\\\/de-de.facebook.com\\\/BIOMES.world\\\/\",\"https:\\\/\\\/www.youtube.com\\\/@BIOMESworld\",\"https:\\\/\\\/www.instagram.com\\\/biomes_official\\\/\"]}]}<\/script>\n<!-- \/ Yoast SEO plugin. -->","yoast_head_json":{"title":"Perfil del experto Dr. Tewodros Debebe Aklilu - BIOMES","description":"El Dr. Tewodros Debebe Aklilu es cofundador y director cient\u00edfico de BIOMES. Te ense\u00f1amos su recorrido hasta llegar a BIOMES.","robots":{"index":"index","follow":"follow","max-snippet":"max-snippet:-1","max-image-preview":"max-image-preview:large","max-video-preview":"max-video-preview:-1"},"canonical":"https:\/\/biomes.world\/es\/perfil-del-experto-dr-tewodros-debebe-aklilu\/","og_locale":"es_ES","og_type":"article","og_title":"Perfil del experto Dr. Tewodros Debebe Aklilu - BIOMES","og_description":"El Dr. Tewodros Debebe Aklilu es cofundador y director cient\u00edfico de BIOMES. Te ense\u00f1amos su recorrido hasta llegar a BIOMES.","og_url":"https:\/\/biomes.world\/es\/perfil-del-experto-dr-tewodros-debebe-aklilu\/","og_site_name":"BIOMES - Feel better","article_publisher":"https:\/\/de-de.facebook.com\/BIOMES.world\/","article_modified_time":"2024-02-13T18:45:37+00:00","twitter_card":"summary_large_image","twitter_misc":{"Tiempo de lectura":"3 minutos"},"schema":{"@context":"https:\/\/schema.org","@graph":[{"@type":"WebPage","@id":"https:\/\/biomes.world\/es\/perfil-del-experto-dr-tewodros-debebe-aklilu\/","url":"https:\/\/biomes.world\/es\/perfil-del-experto-dr-tewodros-debebe-aklilu\/","name":"Perfil del experto Dr. Tewodros Debebe Aklilu - BIOMES","isPartOf":{"@id":"https:\/\/biomes.world\/es\/#website"},"datePublished":"2021-06-24T08:49:55+00:00","dateModified":"2024-02-13T18:45:37+00:00","description":"El Dr. Tewodros Debebe Aklilu es cofundador y director cient\u00edfico de BIOMES. Te ense\u00f1amos su recorrido hasta llegar a BIOMES.","breadcrumb":{"@id":"https:\/\/biomes.world\/es\/perfil-del-experto-dr-tewodros-debebe-aklilu\/#breadcrumb"},"inLanguage":"es","potentialAction":[{"@type":"ReadAction","target":["https:\/\/biomes.world\/es\/perfil-del-experto-dr-tewodros-debebe-aklilu\/"]}]},{"@type":"BreadcrumbList","@id":"https:\/\/biomes.world\/es\/perfil-del-experto-dr-tewodros-debebe-aklilu\/#breadcrumb","itemListElement":[{"@type":"ListItem","position":1,"name":"Home","item":"https:\/\/biomes.world\/es\/"},{"@type":"ListItem","position":2,"name":"Perfil del experto Dr. Tewodros Debebe Aklilu"}]},{"@type":"WebSite","@id":"https:\/\/biomes.world\/es\/#website","url":"https:\/\/biomes.world\/es\/","name":"BIOMES - Feel better","description":"Cutting-edge biotechnology used to help people","publisher":{"@id":"https:\/\/biomes.world\/es\/#organization"},"potentialAction":[{"@type":"SearchAction","target":{"@type":"EntryPoint","urlTemplate":"https:\/\/biomes.world\/es\/?s={search_term_string}"},"query-input":{"@type":"PropertyValueSpecification","valueRequired":true,"valueName":"search_term_string"}}],"inLanguage":"es"},{"@type":"Organization","@id":"https:\/\/biomes.world\/es\/#organization","name":"BIOMES 4.0 GmbH","url":"https:\/\/biomes.world\/es\/","logo":{"@type":"ImageObject","inLanguage":"es","@id":"https:\/\/biomes.world\/es\/#\/schema\/logo\/image\/","url":"http:\/\/biomes.world\/wp-content\/uploads\/2024\/04\/biomes_logo_2021_RGB.png","contentUrl":"http:\/\/biomes.world\/wp-content\/uploads\/2024\/04\/biomes_logo_2021_RGB.png","width":10040,"height":2599,"caption":"BIOMES 4.0 GmbH"},"image":{"@id":"https:\/\/biomes.world\/es\/#\/schema\/logo\/image\/"},"sameAs":["https:\/\/de-de.facebook.com\/BIOMES.world\/","https:\/\/www.youtube.com\/@BIOMESworld","https:\/\/www.instagram.com\/biomes_official\/"]}]}},"_links":{"self":[{"href":"https:\/\/biomes.world\/es\/wp-json\/wp\/v2\/pages\/510806","targetHints":{"allow":["GET"]}}],"collection":[{"href":"https:\/\/biomes.world\/es\/wp-json\/wp\/v2\/pages"}],"about":[{"href":"https:\/\/biomes.world\/es\/wp-json\/wp\/v2\/types\/page"}],"author":[{"embeddable":true,"href":"https:\/\/biomes.world\/es\/wp-json\/wp\/v2\/users\/1572"}],"replies":[{"embeddable":true,"href":"https:\/\/biomes.world\/es\/wp-json\/wp\/v2\/comments?post=510806"}],"version-history":[{"count":1,"href":"https:\/\/biomes.world\/es\/wp-json\/wp\/v2\/pages\/510806\/revisions"}],"predecessor-version":[{"id":631207,"href":"https:\/\/biomes.world\/es\/wp-json\/wp\/v2\/pages\/510806\/revisions\/631207"}],"wp:attachment":[{"href":"https:\/\/biomes.world\/es\/wp-json\/wp\/v2\/media?parent=510806"}],"curies":[{"name":"wp","href":"https:\/\/api.w.org\/{rel}","templated":true}]}}