{"id":509609,"date":"2021-06-09T08:56:10","date_gmt":"2021-06-09T06:56:10","guid":{"rendered":"http:\/\/biomes.world\/?page_id=509609"},"modified":"2023-02-27T11:03:37","modified_gmt":"2023-02-27T10:03:37","slug":"colon-irritable","status":"publish","type":"page","link":"https:\/\/biomes.world\/es\/cosas-a-saber\/intestino\/problemas-intestinales\/colon-irritable\/","title":{"rendered":"Intestino irritable y digesti\u00f3n"},"content":{"rendered":"\n<h1 class=\"wp-block-heading\" id=\"h-intestino-irritable-y-digestion\">Intestino irritable y digesti\u00f3n<\/h1>\n\n\n\n<p>Si las bacterias mueren debido a un tratamiento con antibi\u00f3ticos o a un estilo de vida inadecuado, la flora intestinal puede verse alterada de forma masiva. Una flora intestinal alterada puede ser la causa de muchos problemas de salud y restringir considerablemente la calidad de vida. Por esta raz\u00f3n, puede ser \u00fatil para reconstruir espec\u00edficamente la flora intestinal. Para entender c\u00f3mo funciona la reconstrucci\u00f3n de la flora intestinal, hemos recopilado muchos art\u00edculos \u00fatiles.<\/p>\n\n\n\n<h2 class=\"has-text-align-center wp-block-heading\" id=\"h-ultimo-articulo\">\u00daltimo art\u00edculo<\/h2>\n\n\n\n<div id=\"post-188100\" class=\"post__item--sticky post__item post-188100 post type-post status-publish format-standard has-post-thumbnail hentry category-colon-irritable\">\n    <div class=\"post__content\">\n\n        <div class=\"stage--sticky stage\">\n            <div class=\"stage__media--sticky stage__media\">\n                <img loading=\"lazy\" decoding=\"async\" width=\"1600\" height=\"650\" src=\"https:\/\/biomes.world\/wp-content\/uploads\/2018\/11\/Depositphotos_57053949_xl-2015-1-scaled-1600x650.jpg\" class=\"attachment-post-header size-post-header wp-post-image\" alt=\"\" srcset=\"https:\/\/biomes.world\/wp-content\/uploads\/2018\/11\/Depositphotos_57053949_xl-2015-1-scaled-1600x650.jpg 1600w, https:\/\/biomes.world\/wp-content\/uploads\/2018\/11\/Depositphotos_57053949_xl-2015-1-scaled-800x325.jpg 800w\" sizes=\"auto, (max-width: 1600px) 100vw, 1600px\" \/><div class=\"post__thumbnail\"><\/div>            <\/div>\n            <div class=\"stage__header--sticky stage__header\">\n                <div class=\"stage__col column\">\n                    <div class=\"stage__title--sticky stage__title h1\">\n                        <span class=\"cat-links\"><a href=\"https:\/\/biomes.world\/es\/.\/cosas-a-saber\/intestino\/problemas-intestinales\/colon-irritable\/\" rel=\"tag\">Colon irritable y digesti\u00f3n<\/a><\/span>                        <a href=\"https:\/\/biomes.world\/es\/cosas-a-saber\/intestino\/problemas-intestinales\/colon-irritable\/colon-irritable-medicamentos\/\" aria-hidden=\"true\" tabindex=\"-1\">\n                            <strong>Medicamentos para el colon irritable: una ayuda para aliviar los s\u00edntomas<\/strong>                        <\/a>\n                    <\/div>\n                <\/div>\n                <a href=\"https:\/\/biomes.world\/es\/cosas-a-saber\/intestino\/problemas-intestinales\/colon-irritable\/colon-irritable-medicamentos\/\" aria-hidden=\"true\" tabindex=\"-1\" class=\"stage__blocklink\">\n                    <span class=\"show-for-sr\"><strong>Medicamentos para el colon irritable: una ayuda para aliviar los s\u00edntomas<\/strong><\/span>\n                <\/a>\n            <\/div><!-- .stage__header -->\n        <\/div>\n\n    <\/div>\n<\/div><!-- #post-188100 -->\n\n\n\n\n<p><\/p>\n\n\n\n<h2 class=\"has-text-align-center wp-block-heading\" id=\"h-todos-los-articulos\">Todos los art\u00edculos<\/h2>\n\n\n\n<p>Una flora intestinal alterada puede tener muchas causas diferentes. Aqu\u00ed encontrar\u00e1s art\u00edculos sobre c\u00f3mo puedes abordar la reconstrucci\u00f3n de la flora intestinal, en funci\u00f3n de tu situaci\u00f3n vital actual o de tu historia.<\/p>\n\n\n<div class=\"post__entries site-block site-blockspace--bottom\"><div class=\"lg-up-3 md-up-2 xs-up-1 row\"><div class=\"post__item post column\"><div class=\"post__content\"><a href=\"https:\/\/biomes.world\/es\/cosas-a-saber\/intestino\/problemas-intestinales\/colon-irritable\/colon-irritable-alimentacion\/\" class=\"post__thumbnail\" tabindex=\"0\"><img loading=\"lazy\" decoding=\"async\" width=\"800\" height=\"470\" src=\"https:\/\/biomes.world\/wp-content\/uploads\/2019\/07\/Depositphotos_174402188_S-800x470.jpg\" class=\"attachment-post-thumbnail size-post-thumbnail wp-post-image\" alt=\"Vegane Lebensmittel: Pflanzliche Alternativen kennen\" srcset=\"https:\/\/biomes.world\/wp-content\/uploads\/2019\/07\/Depositphotos_174402188_S-800x470.jpg 800w, https:\/\/biomes.world\/wp-content\/uploads\/2019\/07\/Depositphotos_174402188_S-400x235.jpg 400w\" sizes=\"auto, (max-width: 800px) 100vw, 800px\" \/><\/a><div class=\"entry\"><div class=\"entry__meta\"><span class=\"meta__posted-on\">Posted on <time class=\"meta__date meta__date--published\" datetime=\"2019-04-08T11:13:41+02:00\" itemprop=\"datePublished\">8 de abril de 2019<\/time><time class=\"meta__date--updated\" datetime=\"2023-03-08T14:10:37+01:00\" itemprop=\"dateModified\"><\/time><\/span><\/div><div class=\"entry__header\"><div class=\"entry__title h2\"><a href=\"https:\/\/biomes.world\/es\/cosas-a-saber\/intestino\/problemas-intestinales\/colon-irritable\/colon-irritable-alimentacion\/\">S\u00edndrome del intestino irritable: La dieta correcta<\/a><\/div><\/div><div class=\"entry__excerpt\"><p>Un intestino irritable se manifiesta de manera diferente en cada persona afectada. No hay&nbsp;recomendaciones alimenticias generales para el s\u00edndrome del [...]<\/p><\/div><\/div><\/div><\/div><div class=\"post__item post column\"><div class=\"post__content\"><a href=\"https:\/\/biomes.world\/es\/cosas-a-saber\/intestino\/problemas-intestinales\/colon-irritable\/colon-irritable-tratamiento\/\" class=\"post__thumbnail\" tabindex=\"0\"><img loading=\"lazy\" decoding=\"async\" width=\"800\" height=\"470\" src=\"https:\/\/biomes.world\/wp-content\/uploads\/2019\/04\/Depositphotos_2210080_xl-2015-scaled-800x470.jpg\" class=\"attachment-post-thumbnail size-post-thumbnail wp-post-image\" alt=\"\" srcset=\"https:\/\/biomes.world\/wp-content\/uploads\/2019\/04\/Depositphotos_2210080_xl-2015-scaled-800x470.jpg 800w, https:\/\/biomes.world\/wp-content\/uploads\/2019\/04\/Depositphotos_2210080_xl-2015-scaled-400x235.jpg 400w\" sizes=\"auto, (max-width: 800px) 100vw, 800px\" \/><\/a><div class=\"entry\"><div class=\"entry__meta\"><span class=\"meta__posted-on\">Posted on <time class=\"meta__date meta__date--published\" datetime=\"2019-04-05T12:19:07+02:00\" itemprop=\"datePublished\">5 de abril de 2019<\/time><time class=\"meta__date--updated\" datetime=\"2023-03-08T14:06:07+01:00\" itemprop=\"dateModified\"><\/time><\/span><\/div><div class=\"entry__header\"><div class=\"entry__title h2\"><a href=\"https:\/\/biomes.world\/es\/cosas-a-saber\/intestino\/problemas-intestinales\/colon-irritable\/colon-irritable-tratamiento\/\">Tratamiento de colon irritable: Estas son las opciones<\/a><\/div><\/div><div class=\"entry__excerpt\"><p>Calambres en el tracto gastrointestinal, p\u00e9rdida de apetito, diarrea - un s\u00edndrome del intestino irritable se manifiesta con muchos s\u00edntomas. [...]<\/p><\/div><\/div><\/div><\/div><div class=\"post__item post column\"><div class=\"post__content\"><a href=\"https:\/\/biomes.world\/es\/cosas-a-saber\/intestino\/problemas-intestinales\/colon-irritable\/colon-irritable-diagnostico\/\" class=\"post__thumbnail\" tabindex=\"0\"><img loading=\"lazy\" decoding=\"async\" width=\"800\" height=\"470\" src=\"https:\/\/biomes.world\/wp-content\/uploads\/2019\/04\/Depositphotos_10176840_s-2019-800x470.jpg\" class=\"attachment-post-thumbnail size-post-thumbnail wp-post-image\" alt=\"S\u00edndrome del intestino irritable \u2013 un diagn\u00f3stico con desviaciones\" srcset=\"https:\/\/biomes.world\/wp-content\/uploads\/2019\/04\/Depositphotos_10176840_s-2019-800x470.jpg 800w, https:\/\/biomes.world\/wp-content\/uploads\/2019\/04\/Depositphotos_10176840_s-2019-400x235.jpg 400w\" sizes=\"auto, (max-width: 800px) 100vw, 800px\" \/><\/a><div class=\"entry\"><div class=\"entry__meta\"><span class=\"meta__posted-on\">Posted on <time class=\"meta__date meta__date--published\" datetime=\"2019-04-05T09:35:19+02:00\" itemprop=\"datePublished\">5 de abril de 2019<\/time><time class=\"meta__date--updated\" datetime=\"2023-03-09T14:15:04+01:00\" itemprop=\"dateModified\"><\/time><\/span><\/div><div class=\"entry__header\"><div class=\"entry__title h2\"><a href=\"https:\/\/biomes.world\/es\/cosas-a-saber\/intestino\/problemas-intestinales\/colon-irritable\/colon-irritable-diagnostico\/\">S\u00edndrome del intestino irritable &#8211; un diagn\u00f3stico con desviaciones<\/a><\/div><\/div><div class=\"entry__excerpt\"><p>El diagn\u00f3stico del colon en los pa\u00edses industrializados occidentales es muy amplio: En promedio, entre el 15 y el 20 [...]<\/p><\/div><\/div><\/div><\/div><div class=\"post__item post column\"><div class=\"post__content\"><a href=\"https:\/\/biomes.world\/es\/cosas-a-saber\/intestino\/problemas-intestinales\/colon-irritable\/colon-irritable-sintomas\/\" class=\"post__thumbnail\" tabindex=\"0\"><img loading=\"lazy\" decoding=\"async\" width=\"800\" height=\"470\" src=\"https:\/\/biomes.world\/wp-content\/uploads\/2019\/12\/gestoerte_Darmflora-800x470.jpg\" class=\"attachment-post-thumbnail size-post-thumbnail wp-post-image\" alt=\"Gest\u00f6rte Darmflora: Wenn Darmbakterien Symptome hervorrufen\" srcset=\"https:\/\/biomes.world\/wp-content\/uploads\/2019\/12\/gestoerte_Darmflora-800x470.jpg 800w, https:\/\/biomes.world\/wp-content\/uploads\/2019\/12\/gestoerte_Darmflora-400x235.jpg 400w\" sizes=\"auto, (max-width: 800px) 100vw, 800px\" \/><\/a><div class=\"entry\"><div class=\"entry__meta\"><span class=\"meta__posted-on\">Posted on <time class=\"meta__date meta__date--published\" datetime=\"2019-04-04T15:22:57+02:00\" itemprop=\"datePublished\">4 de abril de 2019<\/time><time class=\"meta__date--updated\" datetime=\"2022-03-08T13:46:25+01:00\" itemprop=\"dateModified\"><\/time><\/span><\/div><div class=\"entry__header\"><div class=\"entry__title h2\"><a href=\"https:\/\/biomes.world\/es\/cosas-a-saber\/intestino\/problemas-intestinales\/colon-irritable\/colon-irritable-sintomas\/\">S\u00edndrome del intestino irritable: qu\u00e9 s\u00edntoma predomina<\/a><\/div><\/div><div class=\"entry__excerpt\"><p>Las personas que sufren del s\u00edndrome del intestino irritable tienen que vivir con el hecho de que normalmente no es [...]<\/p><\/div><\/div><\/div><\/div><div class=\"post__item post column\"><div class=\"post__content\"><a href=\"https:\/\/biomes.world\/es\/cosas-a-saber\/intestino\/problemas-intestinales\/colon-irritable\/colon-irritable-causas\/\" class=\"post__thumbnail\" tabindex=\"0\"><img loading=\"lazy\" decoding=\"async\" width=\"800\" height=\"470\" src=\"https:\/\/biomes.world\/wp-content\/uploads\/2019\/04\/Reizdarm_Ursachen_der_Beschwerden-800x470.jpg\" class=\"attachment-post-thumbnail size-post-thumbnail wp-post-image\" alt=\"Reizdarm und seine Ursache\" srcset=\"https:\/\/biomes.world\/wp-content\/uploads\/2019\/04\/Reizdarm_Ursachen_der_Beschwerden-800x470.jpg 800w, https:\/\/biomes.world\/wp-content\/uploads\/2019\/04\/Reizdarm_Ursachen_der_Beschwerden-400x235.jpg 400w\" sizes=\"auto, (max-width: 800px) 100vw, 800px\" \/><\/a><div class=\"entry\"><div class=\"entry__meta\"><span class=\"meta__posted-on\">Posted on <time class=\"meta__date meta__date--published\" datetime=\"2019-04-04T11:56:43+02:00\" itemprop=\"datePublished\">4 de abril de 2019<\/time><time class=\"meta__date--updated\" datetime=\"2022-01-04T14:22:08+01:00\" itemprop=\"dateModified\"><\/time><\/span><\/div><div class=\"entry__header\"><div class=\"entry__title h2\"><a href=\"https:\/\/biomes.world\/es\/cosas-a-saber\/intestino\/problemas-intestinales\/colon-irritable\/colon-irritable-causas\/\">\u00bfCu\u00e1les son las causas del colon irritable?<\/a><\/div><\/div><div class=\"entry__excerpt\"><p>Es un trastorno funcional del tracto intestinal que puede desencadenar una variedad de s\u00edntomas. Se manifiestan de manera diferente en [...]<\/p><\/div><\/div><\/div><\/div><div class=\"post__item post column\"><div class=\"post__content\"><a href=\"https:\/\/biomes.world\/es\/cosas-a-saber\/intestino\/problemas-intestinales\/colon-irritable\/colon-irritable\/\" class=\"post__thumbnail\" tabindex=\"0\"><img loading=\"lazy\" decoding=\"async\" width=\"800\" height=\"470\" src=\"https:\/\/biomes.world\/wp-content\/uploads\/2019\/01\/Depositphotos_95126672_xl-2015-scaled-800x470.jpg\" class=\"attachment-post-thumbnail size-post-thumbnail wp-post-image\" alt=\"\" srcset=\"https:\/\/biomes.world\/wp-content\/uploads\/2019\/01\/Depositphotos_95126672_xl-2015-scaled-800x470.jpg 800w, https:\/\/biomes.world\/wp-content\/uploads\/2019\/01\/Depositphotos_95126672_xl-2015-scaled-400x235.jpg 400w\" sizes=\"auto, (max-width: 800px) 100vw, 800px\" \/><\/a><div class=\"entry\"><div class=\"entry__meta\"><span class=\"meta__posted-on\">Posted on <time class=\"meta__date meta__date--published\" datetime=\"2019-04-02T15:19:58+02:00\" itemprop=\"datePublished\">2 de abril de 2019<\/time><time class=\"meta__date--updated\" datetime=\"2022-01-20T15:43:52+01:00\" itemprop=\"dateModified\"><\/time><\/span><\/div><div class=\"entry__header\"><div class=\"entry__title h2\"><a href=\"https:\/\/biomes.world\/es\/cosas-a-saber\/intestino\/problemas-intestinales\/colon-irritable\/colon-irritable\/\">S\u00edndrome del intestino irritable<\/a><\/div><\/div><div class=\"entry__excerpt\"><p>Todo el mundo sufre de una sensaci\u00f3n de saciedad, ya sea despu\u00e9s de una exquisita comida familiar o cuando el [...]<\/p><\/div><\/div><\/div><\/div><\/div><div class=\"site-blockspace--both text-center row\"><div class=\"column\"><button class=\"wp-block-button__link post__loadmore\" data-limit=\"6\" data-slug=\"reizdarm-und-verdauung\" data-hide-excerpt=\"0\">leer m\u00e1s art\u00edculos<\/button><\/div><\/div><\/div>\n\n\n\n<p><\/p>\n\n\n\n<h2 class=\"wp-block-heading\" id=\"h-una-flora-intestinal-equilibrada-alivia-las-molestias-intestinales\">Una flora intestinal equilibrada alivia las molestias intestinales<\/h2>\n\n\n\n<p>Para restaurar la flora intestinal, es necesario un an\u00e1lisis preciso de las causas del desequilibrio. Con <strong>INTEST.<\/strong>pro, <strong>BIOMES<\/strong> lanza el primer an\u00e1lisis completo de la flora intestinal que proporciona recomendaciones personalizadas para aumentar la salud, el bienestar y la calidad de vida.<\/p>\n\n\n\n<p><strong>INTEST.<\/strong>pro es un autotest para recoger una muestra de heces en un entorno familiar, que determina la composici\u00f3n microbiana, es decir, el n\u00famero y la distribuci\u00f3n de las bacterias intestinales.<\/p>\n\n\n\n<p>El equilibrio de la flora intestinal puede apoyarse tomando probi\u00f3ticos o alimentos probi\u00f3ticos. Puedes encontrar m\u00e1s informaci\u00f3n al respecto en nuestra p\u00e1gina informativa sobre <a href=\"https:\/\/biomes.world\/es\/cosas-a-saber\/intestino\/salud-intestinal\/probioticos\/\">probi\u00f3ticos<\/a>.<\/p>\n\n\n<div\n    id=\"hero-teaser-block_b960801c63ef1f43fd2bb7c84b4a176c\"\n    class=\"hero-teaser site-block\"\n>\n    <div class=\"hero-teaser__media\">\n        <img decoding=\"async\"\n            src=\"https:\/\/biomes.world\/wp-content\/uploads\/2019\/12\/Darmflora_Immunsystem_aus_dem_Bauch_heraus-1600x650.jpg\"\n            alt=\"\"\n            srcset=\"https:\/\/biomes.world\/wp-content\/uploads\/2019\/12\/Darmflora_Immunsystem_aus_dem_Bauch_heraus-300x169.jpg 300w, https:\/\/biomes.world\/wp-content\/uploads\/2019\/12\/Darmflora_Immunsystem_aus_dem_Bauch_heraus-1024x576.jpg 1024w, https:\/\/biomes.world\/wp-content\/uploads\/2019\/12\/Darmflora_Immunsystem_aus_dem_Bauch_heraus-768x432.jpg 768w, https:\/\/biomes.world\/wp-content\/uploads\/2019\/12\/Darmflora_Immunsystem_aus_dem_Bauch_heraus-1536x864.jpg 1536w, https:\/\/biomes.world\/wp-content\/uploads\/2019\/12\/Darmflora_Immunsystem_aus_dem_Bauch_heraus-250x141.jpg 250w, https:\/\/biomes.world\/wp-content\/uploads\/2019\/12\/Darmflora_Immunsystem_aus_dem_Bauch_heraus.jpg 1620w\"\n            sizes=\"(max-width: 30em) 100vw, (max-width: 48em) 100vw, (max-width: 62em) 100vw, (max-width: 75em) 100vw, 1400px\t\"\n        >\n    <\/div>\n    <div class=\"hero-teaser__header\">\n        <div class=\"hero-teaser__col column\">\n            <h2 class=\"hero-teaser__title\">\n                <span>M\u00e1s informaci\u00f3n sobre INTEST.pro<\/span>\n                El test intestinal de BIOMES            <\/h2>\n            \n\n<p>\u00bfC\u00f3mo analizamos tu flora intestinal? \u00bfQu\u00e9 incluye exactamente la prueba? \u00bfD\u00f3nde puedes comprar <strong>INTEST.<\/strong>pro?<br>\u00bfY c\u00f3mo protegemos tus datos?<\/p>\n\n\n\n<div class=\"wp-block-buttons is-layout-flex wp-block-buttons-is-layout-flex\">\n<div class=\"wp-block-button\"><a class=\"wp-block-button__link wp-element-button\" href=\"https:\/\/biomes-salued.es\" target=\"_blank\" rel=\"noreferrer noopener\">Informaci\u00f3n detallada<\/a><\/div>\n<\/div>\n\n        <\/div>\n    <\/div>\n<\/div>\n\n\n\n<p><\/p>\n","protected":false},"excerpt":{"rendered":"<p>Todo el mundo sufre de una sensaci\u00f3n de saciedad, ya sea despu\u00e9s de una exquisita comida familiar o cuando el [&#8230;]<\/p>\n","protected":false},"author":3168,"featured_media":0,"parent":505905,"menu_order":0,"comment_status":"closed","ping_status":"closed","template":"","meta":{"_acf_changed":false,"footnotes":""},"class_list":["post-509609","page","type-page","status-publish","hentry"],"acf":[],"yoast_head":"<!-- This site is optimized with the Yoast SEO plugin v27.5 - https:\/\/yoast.com\/product\/yoast-seo-wordpress\/ -->\n<title>Intestino irritable y digesti\u00f3n - BIOMES - Feel better<\/title>\n<meta name=\"description\" content=\"Una flora intestinal alterada puede causar problemas de salud y reducir la calidad de vida. Obt\u00e9n m\u00e1s informaci\u00f3n aqu\u00ed.\" \/>\n<meta name=\"robots\" content=\"index, follow, max-snippet:-1, max-image-preview:large, max-video-preview:-1\" \/>\n<link rel=\"canonical\" href=\"https:\/\/biomes.world\/es\/cosas-a-saber\/intestino\/problemas-intestinales\/colon-irritable\/\" \/>\n<meta property=\"og:locale\" content=\"es_ES\" \/>\n<meta property=\"og:type\" content=\"article\" \/>\n<meta property=\"og:title\" content=\"Intestino irritable y digesti\u00f3n - BIOMES - Feel better\" \/>\n<meta property=\"og:description\" content=\"Una flora intestinal alterada puede causar problemas de salud y reducir la calidad de vida. Obt\u00e9n m\u00e1s informaci\u00f3n aqu\u00ed.\" \/>\n<meta property=\"og:url\" content=\"https:\/\/biomes.world\/es\/cosas-a-saber\/intestino\/problemas-intestinales\/colon-irritable\/\" \/>\n<meta property=\"og:site_name\" content=\"BIOMES - Feel better\" \/>\n<meta property=\"article:publisher\" content=\"https:\/\/de-de.facebook.com\/BIOMES.world\/\" \/>\n<meta property=\"article:modified_time\" content=\"2023-02-27T10:03:37+00:00\" \/>\n<meta name=\"twitter:card\" content=\"summary_large_image\" \/>\n<meta name=\"twitter:label1\" content=\"Tiempo de lectura\" \/>\n\t<meta name=\"twitter:data1\" content=\"2 minutos\" \/>\n<script type=\"application\/ld+json\" class=\"yoast-schema-graph\">{\"@context\":\"https:\\\/\\\/schema.org\",\"@graph\":[{\"@type\":\"WebPage\",\"@id\":\"https:\\\/\\\/biomes.world\\\/es\\\/cosas-a-saber\\\/intestino\\\/problemas-intestinales\\\/colon-irritable\\\/\",\"url\":\"https:\\\/\\\/biomes.world\\\/es\\\/cosas-a-saber\\\/intestino\\\/problemas-intestinales\\\/colon-irritable\\\/\",\"name\":\"Intestino irritable y digesti\u00f3n - BIOMES - Feel better\",\"isPartOf\":{\"@id\":\"https:\\\/\\\/biomes.world\\\/es\\\/#website\"},\"datePublished\":\"2021-06-09T06:56:10+00:00\",\"dateModified\":\"2023-02-27T10:03:37+00:00\",\"description\":\"Una flora intestinal alterada puede causar problemas de salud y reducir la calidad de vida. Obt\u00e9n m\u00e1s informaci\u00f3n aqu\u00ed.\",\"breadcrumb\":{\"@id\":\"https:\\\/\\\/biomes.world\\\/es\\\/cosas-a-saber\\\/intestino\\\/problemas-intestinales\\\/colon-irritable\\\/#breadcrumb\"},\"inLanguage\":\"es\",\"potentialAction\":[{\"@type\":\"ReadAction\",\"target\":[\"https:\\\/\\\/biomes.world\\\/es\\\/cosas-a-saber\\\/intestino\\\/problemas-intestinales\\\/colon-irritable\\\/\"]}]},{\"@type\":\"BreadcrumbList\",\"@id\":\"https:\\\/\\\/biomes.world\\\/es\\\/cosas-a-saber\\\/intestino\\\/problemas-intestinales\\\/colon-irritable\\\/#breadcrumb\",\"itemListElement\":[{\"@type\":\"ListItem\",\"position\":1,\"name\":\"Home\",\"item\":\"https:\\\/\\\/biomes.world\\\/es\\\/\"},{\"@type\":\"ListItem\",\"position\":2,\"name\":\"My Health, My Life\",\"item\":\"https:\\\/\\\/biomes.world\\\/es\\\/cosas-a-saber\\\/\"},{\"@type\":\"ListItem\",\"position\":3,\"name\":\"Categoria: Intestino\",\"item\":\"https:\\\/\\\/biomes.world\\\/es\\\/cosas-a-saber\\\/intestino\\\/\"},{\"@type\":\"ListItem\",\"position\":4,\"name\":\"Problemas intestinales\",\"item\":\"https:\\\/\\\/biomes.world\\\/es\\\/cosas-a-saber\\\/intestino\\\/problemas-intestinales\\\/\"},{\"@type\":\"ListItem\",\"position\":5,\"name\":\"Intestino irritable y digesti\u00f3n\"}]},{\"@type\":\"WebSite\",\"@id\":\"https:\\\/\\\/biomes.world\\\/es\\\/#website\",\"url\":\"https:\\\/\\\/biomes.world\\\/es\\\/\",\"name\":\"BIOMES - Feel better\",\"description\":\"Cutting-edge biotechnology used to help people\",\"publisher\":{\"@id\":\"https:\\\/\\\/biomes.world\\\/es\\\/#organization\"},\"potentialAction\":[{\"@type\":\"SearchAction\",\"target\":{\"@type\":\"EntryPoint\",\"urlTemplate\":\"https:\\\/\\\/biomes.world\\\/es\\\/?s={search_term_string}\"},\"query-input\":{\"@type\":\"PropertyValueSpecification\",\"valueRequired\":true,\"valueName\":\"search_term_string\"}}],\"inLanguage\":\"es\"},{\"@type\":\"Organization\",\"@id\":\"https:\\\/\\\/biomes.world\\\/es\\\/#organization\",\"name\":\"BIOMES 4.0 GmbH\",\"url\":\"https:\\\/\\\/biomes.world\\\/es\\\/\",\"logo\":{\"@type\":\"ImageObject\",\"inLanguage\":\"es\",\"@id\":\"https:\\\/\\\/biomes.world\\\/es\\\/#\\\/schema\\\/logo\\\/image\\\/\",\"url\":\"https:\\\/\\\/biomes.world\\\/http:\\\/\\\/biomes.world\\\/wp-content\\\/uploads\\\/2024\\\/04\\\/biomes_logo_2021_RGB.png\",\"contentUrl\":\"https:\\\/\\\/biomes.world\\\/http:\\\/\\\/biomes.world\\\/wp-content\\\/uploads\\\/2024\\\/04\\\/biomes_logo_2021_RGB.png\",\"width\":10040,\"height\":2599,\"caption\":\"BIOMES 4.0 GmbH\"},\"image\":{\"@id\":\"https:\\\/\\\/biomes.world\\\/es\\\/#\\\/schema\\\/logo\\\/image\\\/\"},\"sameAs\":[\"https:\\\/\\\/de-de.facebook.com\\\/BIOMES.world\\\/\",\"https:\\\/\\\/www.youtube.com\\\/@BIOMESworld\",\"https:\\\/\\\/www.instagram.com\\\/biomes_official\\\/\"]}]}<\/script>\n<!-- \/ Yoast SEO plugin. -->","yoast_head_json":{"title":"Intestino irritable y digesti\u00f3n - BIOMES - Feel better","description":"Una flora intestinal alterada puede causar problemas de salud y reducir la calidad de vida. Obt\u00e9n m\u00e1s informaci\u00f3n aqu\u00ed.","robots":{"index":"index","follow":"follow","max-snippet":"max-snippet:-1","max-image-preview":"max-image-preview:large","max-video-preview":"max-video-preview:-1"},"canonical":"https:\/\/biomes.world\/es\/cosas-a-saber\/intestino\/problemas-intestinales\/colon-irritable\/","og_locale":"es_ES","og_type":"article","og_title":"Intestino irritable y digesti\u00f3n - BIOMES - Feel better","og_description":"Una flora intestinal alterada puede causar problemas de salud y reducir la calidad de vida. Obt\u00e9n m\u00e1s informaci\u00f3n aqu\u00ed.","og_url":"https:\/\/biomes.world\/es\/cosas-a-saber\/intestino\/problemas-intestinales\/colon-irritable\/","og_site_name":"BIOMES - Feel better","article_publisher":"https:\/\/de-de.facebook.com\/BIOMES.world\/","article_modified_time":"2023-02-27T10:03:37+00:00","twitter_card":"summary_large_image","twitter_misc":{"Tiempo de lectura":"2 minutos"},"schema":{"@context":"https:\/\/schema.org","@graph":[{"@type":"WebPage","@id":"https:\/\/biomes.world\/es\/cosas-a-saber\/intestino\/problemas-intestinales\/colon-irritable\/","url":"https:\/\/biomes.world\/es\/cosas-a-saber\/intestino\/problemas-intestinales\/colon-irritable\/","name":"Intestino irritable y digesti\u00f3n - BIOMES - Feel better","isPartOf":{"@id":"https:\/\/biomes.world\/es\/#website"},"datePublished":"2021-06-09T06:56:10+00:00","dateModified":"2023-02-27T10:03:37+00:00","description":"Una flora intestinal alterada puede causar problemas de salud y reducir la calidad de vida. Obt\u00e9n m\u00e1s informaci\u00f3n aqu\u00ed.","breadcrumb":{"@id":"https:\/\/biomes.world\/es\/cosas-a-saber\/intestino\/problemas-intestinales\/colon-irritable\/#breadcrumb"},"inLanguage":"es","potentialAction":[{"@type":"ReadAction","target":["https:\/\/biomes.world\/es\/cosas-a-saber\/intestino\/problemas-intestinales\/colon-irritable\/"]}]},{"@type":"BreadcrumbList","@id":"https:\/\/biomes.world\/es\/cosas-a-saber\/intestino\/problemas-intestinales\/colon-irritable\/#breadcrumb","itemListElement":[{"@type":"ListItem","position":1,"name":"Home","item":"https:\/\/biomes.world\/es\/"},{"@type":"ListItem","position":2,"name":"My Health, My Life","item":"https:\/\/biomes.world\/es\/cosas-a-saber\/"},{"@type":"ListItem","position":3,"name":"Categoria: Intestino","item":"https:\/\/biomes.world\/es\/cosas-a-saber\/intestino\/"},{"@type":"ListItem","position":4,"name":"Problemas intestinales","item":"https:\/\/biomes.world\/es\/cosas-a-saber\/intestino\/problemas-intestinales\/"},{"@type":"ListItem","position":5,"name":"Intestino irritable y digesti\u00f3n"}]},{"@type":"WebSite","@id":"https:\/\/biomes.world\/es\/#website","url":"https:\/\/biomes.world\/es\/","name":"BIOMES - Feel better","description":"Cutting-edge biotechnology used to help people","publisher":{"@id":"https:\/\/biomes.world\/es\/#organization"},"potentialAction":[{"@type":"SearchAction","target":{"@type":"EntryPoint","urlTemplate":"https:\/\/biomes.world\/es\/?s={search_term_string}"},"query-input":{"@type":"PropertyValueSpecification","valueRequired":true,"valueName":"search_term_string"}}],"inLanguage":"es"},{"@type":"Organization","@id":"https:\/\/biomes.world\/es\/#organization","name":"BIOMES 4.0 GmbH","url":"https:\/\/biomes.world\/es\/","logo":{"@type":"ImageObject","inLanguage":"es","@id":"https:\/\/biomes.world\/es\/#\/schema\/logo\/image\/","url":"https:\/\/biomes.world\/http:\/\/biomes.world\/wp-content\/uploads\/2024\/04\/biomes_logo_2021_RGB.png","contentUrl":"https:\/\/biomes.world\/http:\/\/biomes.world\/wp-content\/uploads\/2024\/04\/biomes_logo_2021_RGB.png","width":10040,"height":2599,"caption":"BIOMES 4.0 GmbH"},"image":{"@id":"https:\/\/biomes.world\/es\/#\/schema\/logo\/image\/"},"sameAs":["https:\/\/de-de.facebook.com\/BIOMES.world\/","https:\/\/www.youtube.com\/@BIOMESworld","https:\/\/www.instagram.com\/biomes_official\/"]}]}},"_links":{"self":[{"href":"https:\/\/biomes.world\/es\/wp-json\/wp\/v2\/pages\/509609","targetHints":{"allow":["GET"]}}],"collection":[{"href":"https:\/\/biomes.world\/es\/wp-json\/wp\/v2\/pages"}],"about":[{"href":"https:\/\/biomes.world\/es\/wp-json\/wp\/v2\/types\/page"}],"author":[{"embeddable":true,"href":"https:\/\/biomes.world\/es\/wp-json\/wp\/v2\/users\/3168"}],"replies":[{"embeddable":true,"href":"https:\/\/biomes.world\/es\/wp-json\/wp\/v2\/comments?post=509609"}],"version-history":[{"count":0,"href":"https:\/\/biomes.world\/es\/wp-json\/wp\/v2\/pages\/509609\/revisions"}],"up":[{"embeddable":true,"href":"https:\/\/biomes.world\/es\/wp-json\/wp\/v2\/pages\/505905"}],"wp:attachment":[{"href":"https:\/\/biomes.world\/es\/wp-json\/wp\/v2\/media?parent=509609"}],"curies":[{"name":"wp","href":"https:\/\/api.w.org\/{rel}","templated":true}]}}