{"id":509157,"date":"2021-06-07T18:07:00","date_gmt":"2021-06-07T16:07:00","guid":{"rendered":"http:\/\/biomes.world\/?page_id=509157"},"modified":"2021-09-05T06:10:32","modified_gmt":"2021-09-05T04:10:32","slug":"tu-test-intestinal","status":"publish","type":"page","link":"https:\/\/biomes.world\/es\/tu-test-intestinal\/","title":{"rendered":"Tu test intestinal"},"content":{"rendered":"<div id=\"fullpic-block_60be34220ca38\" class=\"fullpic fullpic--reverse site-block\" style=\"background-color: #F5F5F5;\">\n    <div class=\"fullpic__media\" data-slick='{ \"autoplaySpeed\": 6000, \"speed\": 3000 }'>\n            <\/div>\n    <div class=\"fullpic__content\">\n        <div class=\"fullpic__col column\">\n            <div class=\"fullpic__title h1\"><span>Tu test intestinal<\/span><h1>\u00bfC\u00f3mo funciona la prueba intestinal INTEST.pro?<\/h1><\/div><div>\n\n<p>Con el bastoncillo de algod\u00f3n incluido en el kit de <strong>INTEST.<\/strong>pro, se frota y recoge una peque\u00f1a cantidad de heces que posteriormente se agita dentro del recipiente de muestra suministrado, el cual contiene una soluci\u00f3n estabilizadora de ADN. Posteriormente el recipiente con la muestra se env\u00eda dentro del sobre proporcionado a los laboratorios de <strong>BIOMES<\/strong>, donde se realizar\u00e1 el an\u00e1lisis.<\/p>\n\n<\/div><a href=\"https:\/\/biomes.world\/es\/tienda\/intest-pro\/\" target=\"\" class=\"wp-block-button__link \">M\u00e1s informaci\u00f3n en la tienda<\/a>        <\/div>\n    <\/div>\n    <\/div>\n    \n\n\n<h2 class=\"wp-block-heading\" id=\"h-c-mo-analiza-biomes-tu-flora-intestinal\">\u00bfC\u00f3mo analiza BIOMES tu flora intestinal?<\/h2>\n\n\n<div id=\"benefits-block_60be21afc5e20\" class=\"benefits site-block\">\n    <div class=\"benefits__row row xs-up-1 md-up-2 lg-up-3\">\n        <div class=\"benefits__item column\"><div class=\"benefits__content\"><div class=\"benefits__media--icon benefits__media\"><svg xmlns=\"http:\/\/www.w3.org\/2000\/svg\" viewBox=\"0 0 12 12\"><use xlink:href=\"https:\/\/biomes.world\/wp-content\/themes\/biomesworld\/resources\/public\/svg\/icons.svg?1.62#hochdurchsatz-frequenzierung\"><\/use><\/svg><\/div><div class=\"benefits__text\"><div class=\"benefits__header\">Secuenciaci\u00f3n de alto rendimiento<\/div><p>A su llegada al laboratorio de <strong>BIOMES<\/strong> y despu\u00e9s de un control de calidad, la muestra se procesa por medio de procesos de laboratorio desarrollados internamente y, a continuaci\u00f3n, se analiza con los modernos m\u00e9todos de la secuenciaci\u00f3n de alto rendimiento (HTS).<\/p>\n<\/div><\/div><\/div><div class=\"benefits__item column\"><div class=\"benefits__content\"><div class=\"benefits__media--icon benefits__media\"><svg xmlns=\"http:\/\/www.w3.org\/2000\/svg\" viewBox=\"0 0 12 12\"><use xlink:href=\"https:\/\/biomes.world\/wp-content\/themes\/biomesworld\/resources\/public\/svg\/icons.svg?1.62#pipeline\"><\/use><\/svg><\/div><div class=\"benefits__text\"><div class=\"benefits__header\">Canalizaci\u00f3n del an\u00e1lisis<\/div><p>La calidad de las secuencias de ADN obtenidas se verificar\u00e1 en una canalizaci\u00f3n de software de <strong>BIOMES<\/strong> desarrollada internamente y, a continuaci\u00f3n, se comparar\u00e1n las secuencias con todos los genomas de los microbios conocidos con el fin de generar un perfil de flora intestinal espec\u00edfico del cliente.<\/p>\n<\/div><\/div><\/div><div class=\"benefits__item column\"><div class=\"benefits__content\"><div class=\"benefits__media--icon benefits__media\"><svg xmlns=\"http:\/\/www.w3.org\/2000\/svg\" viewBox=\"0 0 12 12\"><use xlink:href=\"https:\/\/biomes.world\/wp-content\/themes\/biomesworld\/resources\/public\/svg\/icons.svg?1.62#dashboard\"><\/use><\/svg><\/div><div class=\"benefits__text\"><div class=\"benefits__header\">Perfil de flora intestinal<\/div><p>Este perfil, a su vez, se analiza con una base de conocimientos desarrollada internamente sobre diversas propiedades fisiol\u00f3gicas, incluida la digesti\u00f3n, la s\u00edntesis de las vitaminas, las intolerancias alimentarias, el peso corporal y el aprovechamiento de las calor\u00edas, etc.<\/p>\n<\/div><\/div><\/div>    <\/div>\n<\/div>\n\n\n<div id=\"fullpic-block_60be22bac5e28\" class=\"fullpic  site-block\" style=\"background-color: #F5F5F5;\">\n    <div class=\"fullpic__media\" data-slick='{ \"autoplaySpeed\": 6000, \"speed\": 3000 }'>\n        <div><img decoding=\"async\" src=\"https:\/\/biomes.world\/wp-content\/uploads\/2021\/05\/ipad-darmtest-1600x650.jpg\" alt=\"\" srcset=\"https:\/\/biomes.world\/wp-content\/uploads\/2021\/05\/ipad-darmtest-300x120.jpg 300w, https:\/\/biomes.world\/wp-content\/uploads\/2021\/05\/ipad-darmtest-1024x410.jpg 1024w, https:\/\/biomes.world\/wp-content\/uploads\/2021\/05\/ipad-darmtest-768x307.jpg 768w, https:\/\/biomes.world\/wp-content\/uploads\/2021\/05\/ipad-darmtest-1536x614.jpg 1536w, https:\/\/biomes.world\/wp-content\/uploads\/2021\/05\/ipad-darmtest-250x100.jpg 250w, https:\/\/biomes.world\/wp-content\/uploads\/2021\/05\/ipad-darmtest.jpg 1975w\" sizes=\"(max-width: 30em) 100vw, (max-width: 48em) 100vw, (max-width: 62em) 100vw, (max-width: 75em) 100vw, 1600px\"><\/div>    <\/div>\n    <div class=\"fullpic__content\">\n        <div class=\"fullpic__col column\">\n            <div class=\"fullpic__title h1\">\u00bfC\u00f3mo obtienes tus resultados?<\/div><div>\n\n<p>Tus <a href=\"http:\/\/biomes.world\/wp-content\/uploads\/2019\/05\/pdf_report_es-2.pdf\">resultados<\/a> se procesan de forma profesional y sencilla en un panel de control en l\u00ednea (<a href=\"https:\/\/my.biomes.world\/en\/login?lang=es\" target=\"_blank\" rel=\"noreferrer noopener\">my.biomes.world<\/a>). All\u00ed obtendr\u00e1s informaci\u00f3n sobre los puntos d\u00e9biles de tu flora intestinal y recomendaciones individuales para aumentar tu bienestar.<\/p>\n\n\n\n<p>El an\u00e1lisis de la flora intestinal <strong>INTEST.<\/strong>pro de <strong>BIOMES<\/strong> proporciona, entre otras cosas, informaci\u00f3n sobre los siguientes aspectos:<\/p>\n\n\n\n<ul class=\"wp-block-list\"><li>S\u00edntesis de las vitaminas<\/li><li>Digesti\u00f3n<\/li><li>Propensi\u00f3n a intolerancias<\/li><li>Fortaleza del sistema inmunol\u00f3gico<\/li><li>Aprovechamiento de las calor\u00edas<\/li><li>Equilibrio de las bacterias intestinales<\/li><\/ul>\n\n<\/div>        <\/div>\n    <\/div>\n    <\/div>\n    \n\n<div id=\"fullpic-block_60be2603ed897\" class=\"fullpic fullpic--reverse site-block\" style=\"background-color: #F5F5F5;\">\n    <div class=\"fullpic__media\" data-slick='{ \"autoplaySpeed\": 6000, \"speed\": 3000 }'>\n        <div><img decoding=\"async\" src=\"https:\/\/biomes.world\/wp-content\/uploads\/2021\/06\/biomes-background-technologie-650.jpg\" alt=\"\" srcset=\"https:\/\/biomes.world\/wp-content\/uploads\/2021\/06\/biomes-background-technologie-650-300x122.jpg 300w, https:\/\/biomes.world\/wp-content\/uploads\/2021\/06\/biomes-background-technologie-650-1024x417.jpg 1024w, https:\/\/biomes.world\/wp-content\/uploads\/2021\/06\/biomes-background-technologie-650-768x312.jpg 768w, https:\/\/biomes.world\/wp-content\/uploads\/2021\/06\/biomes-background-technologie-650-1536x625.jpg 1536w, https:\/\/biomes.world\/wp-content\/uploads\/2021\/06\/biomes-background-technologie-650-250x102.jpg 250w, https:\/\/biomes.world\/wp-content\/uploads\/2021\/06\/biomes-background-technologie-650-800x325.jpg 800w, https:\/\/biomes.world\/wp-content\/uploads\/2021\/06\/biomes-background-technologie-650.jpg 1600w\" sizes=\"(max-width: 30em) 100vw, (max-width: 48em) 100vw, (max-width: 62em) 100vw, (max-width: 75em) 100vw, 1600px\"><\/div>    <\/div>\n    <div class=\"fullpic__content\">\n        <div class=\"fullpic__col column\">\n            <div class=\"fullpic__title h1\">\u00bfEn qu\u00e9 se basan los resultados de BIOMES?<\/div><div>\n\n<p>Tus resultados se comparan e interpretan utilizando nuestra base de conocimiento de <strong>BIOMES<\/strong>: m\u00e1s de 7000 estudios cient\u00edficos y cl\u00ednicos constituyen la base de interpretaci\u00f3n. Durante muchos a\u00f1os, los cient\u00edficos de <strong>BIOMES<\/strong> han evaluado y comprobado todos los estudios de microbiomas del mundo, y solo se han integrado los resultados v\u00e1lidos en la base de datos de <strong>BIOMES<\/strong>.<\/p>\n\n\n\n<p>Se utilizan m\u00e1s de 20 000 registros de datos para personalizar tus resultados:<br>Dado que los valores de referencia generales no agrupan a todas las personas en un mismo grupo, la comunidad de <strong>BIOMES<\/strong> compara cada registro de datos con un subgrupo adaptado. Esto da como resultado un perfil de flora intestinal tan personal como tu huella digital.<\/p>\n\n<\/div>        <\/div>\n    <\/div>\n    <\/div>\n    \n\n<div id=\"trust-block_60be265bed8a1\" class=\"trust wp-block-biomesworld-trust acf-block\">\n    <div class=\"align-center row\">\n        <div class=\"wp-block-biomesworld-trust__header column\">\n            <div class=\"h3\">\n                <span>Privacidad<\/span>Tus datos est\u00e1n seguros con nosotros.            <\/div>\n        <\/div>\n        <div class=\"wp-block-biomesworld-trust__badge\">\n            <svg width=\"85\" height=\"76.197\"><use xlink:href=\"https:\/\/biomes.world\/wp-content\/themes\/biomesworld\/resources\/public\/svg\/sprite.svg?1.62#trust-badge\"><\/use><\/svg>\n        <\/div>\n    <\/div>\n    <div class=\"wp-block-biomesworld-trust__row row\">\n                <div class=\"wp-block-biomesworld-trust__item column\">\n            <svg width=\"101.284\" height=\"89.233\"><use xlink:href=\"https:\/\/biomes.world\/wp-content\/themes\/biomesworld\/resources\/public\/svg\/sprite.svg?1.62#trust-encrypt\"><\/use><\/svg>\n            <div class=\"wp-block-biomesworld-trust__text\">Pedido en tienda cifrado con SSL<\/div>\n        <\/div>\n                        <div class=\"wp-block-biomesworld-trust__item column\">\n            <svg width=\"101.284\" height=\"89.233\"><use xlink:href=\"https:\/\/biomes.world\/wp-content\/themes\/biomesworld\/resources\/public\/svg\/sprite.svg?1.62#trust-analysis\"><\/use><\/svg>\n            <div class=\"wp-block-biomesworld-trust__text\">An\u00e1lisis de muestras en el laboratorio de BIOMES en Berl\u00edn<\/div>\n        <\/div>\n                        <div class=\"wp-block-biomesworld-trust__item column\">\n            <svg width=\"101.284\" height=\"89.233\"><use xlink:href=\"https:\/\/biomes.world\/wp-content\/themes\/biomesworld\/resources\/public\/svg\/sprite.svg?1.62#trust-server\"><\/use><\/svg>\n            <div class=\"wp-block-biomesworld-trust__text\">100% Tratamiento y almacenamiento de los datos en servidores de Alemania<\/div>\n        <\/div>\n                        <div class=\"wp-block-biomesworld-trust__item column\">\n            <svg width=\"101.284\" height=\"89.233\"><use xlink:href=\"https:\/\/biomes.world\/wp-content\/themes\/biomesworld\/resources\/public\/svg\/sprite.svg?1.62#trust-dashboard\"><\/use><\/svg>\n            <div class=\"wp-block-biomesworld-trust__text\">Los resultados se muestran en un \u00e1rea especialmente protegida del panel de control<\/div>\n        <\/div>\n            <\/div>\n<\/div>\n\n\n    <div id=\"hero-product-testimonial-block_60be2718ed8ac\" class=\"hero-product-testimonial site-block\">\n        <div class=\"align-center row\">\n            <div class=\"teaser-columns__col lg-6 xl-5 xs-12 column\">\n                <div class=\"testimonial__item column\"><\/div>            <\/div>\n            <div class=\"teaser-columns__col lg-5 xs-12 column\">\n                <div class=\"hero-product--category hero-product\">\n                <div class=\"hero-product__wrap\">\n                            <div class=\"xs-12 column\">\n                                <div class=\"hero-product__header\">\u00bfD\u00f3nde puedo comprar INTEST.pro?<\/div>\n                            <\/div>\n                            <div class=\"hero-product__media md-6 xs-12 column\"><img decoding=\"async\" src=\"https:\/\/biomes.world\/wp-content\/uploads\/2021\/05\/intest_pro-1.png\" alt=\"\"><\/div>\n                            <div class=\"hero-product__content md-6 xs-12 column\"> Puedes adquirir el test intestinal en farmacias, nutricionistas y gimnasios seleccionados, o bien directamente en nuestra tienda online BIOMES.<br \/>\r\n<br \/>\r\nOrdena ahora el primer an\u00e1lisis completo de flora intestinal con recomendaciones personalizadas para mejorar tu calidad de vida.\n                                <div class=\"hero-product__action\"><a href=\"https:\/\/biomes.world\/es\/tienda\/intest-pro\/\" target=\"\" class=\"wp-block-button__link \">Pedir ahora<\/a><\/div>\n                            <\/div>\n                        <\/div>                <\/div>\n            <\/div>\n        <\/div>\n    <\/div>\n\n\n","protected":false},"excerpt":{"rendered":"<p>Tu test intestinal\u00bfC\u00f3mo funciona la prueba intestinal INTEST.pro? Con el bastoncillo de algod\u00f3n incluido en el kit de INTEST.pro, se frota y recoge una peque\u00f1a cantidad de heces que posteriormente se agita dentro del recipiente de muestra suministrado, el cual contiene una soluci\u00f3n estabilizadora de ADN. Posteriormente el recipiente con la muestra se env\u00eda dentro [&#8230;]<\/p>\n","protected":false},"author":3168,"featured_media":0,"parent":0,"menu_order":0,"comment_status":"closed","ping_status":"closed","template":"","meta":{"_acf_changed":false,"footnotes":""},"class_list":["post-509157","page","type-page","status-publish","hentry"],"acf":[],"yoast_head":"<!-- This site is optimized with the Yoast SEO plugin v27.4 - https:\/\/yoast.com\/product\/yoast-seo-wordpress\/ -->\n<title>Tu test intestinal - BIOMES - Feel better<\/title>\n<meta name=\"robots\" content=\"index, follow, max-snippet:-1, max-image-preview:large, max-video-preview:-1\" \/>\n<link rel=\"canonical\" href=\"https:\/\/biomes.world\/es\/tu-test-intestinal\/\" \/>\n<meta property=\"og:locale\" content=\"es_ES\" \/>\n<meta property=\"og:type\" content=\"article\" \/>\n<meta property=\"og:title\" content=\"Tu test intestinal - BIOMES - Feel better\" \/>\n<meta property=\"og:description\" content=\"Tu test intestinal\u00bfC\u00f3mo funciona la prueba intestinal INTEST.pro? Con el bastoncillo de algod\u00f3n incluido en el kit de INTEST.pro, se frota y recoge una peque\u00f1a cantidad de heces que posteriormente se agita dentro del recipiente de muestra suministrado, el cual contiene una soluci\u00f3n estabilizadora de ADN. Posteriormente el recipiente con la muestra se env\u00eda dentro [...]\" \/>\n<meta property=\"og:url\" content=\"https:\/\/biomes.world\/es\/tu-test-intestinal\/\" \/>\n<meta property=\"og:site_name\" content=\"BIOMES - Feel better\" \/>\n<meta property=\"article:publisher\" content=\"https:\/\/de-de.facebook.com\/BIOMES.world\/\" \/>\n<meta property=\"article:modified_time\" content=\"2021-09-05T04:10:32+00:00\" \/>\n<meta name=\"twitter:card\" content=\"summary_large_image\" \/>\n<meta name=\"twitter:label1\" content=\"Tiempo de lectura\" \/>\n\t<meta name=\"twitter:data1\" content=\"2 minutos\" \/>\n<script type=\"application\/ld+json\" class=\"yoast-schema-graph\">{\"@context\":\"https:\\\/\\\/schema.org\",\"@graph\":[{\"@type\":\"WebPage\",\"@id\":\"https:\\\/\\\/biomes.world\\\/es\\\/tu-test-intestinal\\\/\",\"url\":\"https:\\\/\\\/biomes.world\\\/es\\\/tu-test-intestinal\\\/\",\"name\":\"Tu test intestinal - BIOMES - Feel better\",\"isPartOf\":{\"@id\":\"https:\\\/\\\/biomes.world\\\/es\\\/#website\"},\"datePublished\":\"2021-06-07T16:07:00+00:00\",\"dateModified\":\"2021-09-05T04:10:32+00:00\",\"breadcrumb\":{\"@id\":\"https:\\\/\\\/biomes.world\\\/es\\\/tu-test-intestinal\\\/#breadcrumb\"},\"inLanguage\":\"es\",\"potentialAction\":[{\"@type\":\"ReadAction\",\"target\":[\"https:\\\/\\\/biomes.world\\\/es\\\/tu-test-intestinal\\\/\"]}]},{\"@type\":\"BreadcrumbList\",\"@id\":\"https:\\\/\\\/biomes.world\\\/es\\\/tu-test-intestinal\\\/#breadcrumb\",\"itemListElement\":[{\"@type\":\"ListItem\",\"position\":1,\"name\":\"Home\",\"item\":\"https:\\\/\\\/biomes.world\\\/es\\\/\"},{\"@type\":\"ListItem\",\"position\":2,\"name\":\"Tu test intestinal\"}]},{\"@type\":\"WebSite\",\"@id\":\"https:\\\/\\\/biomes.world\\\/es\\\/#website\",\"url\":\"https:\\\/\\\/biomes.world\\\/es\\\/\",\"name\":\"BIOMES - Feel better\",\"description\":\"Cutting-edge biotechnology used to help people\",\"publisher\":{\"@id\":\"https:\\\/\\\/biomes.world\\\/es\\\/#organization\"},\"potentialAction\":[{\"@type\":\"SearchAction\",\"target\":{\"@type\":\"EntryPoint\",\"urlTemplate\":\"https:\\\/\\\/biomes.world\\\/es\\\/?s={search_term_string}\"},\"query-input\":{\"@type\":\"PropertyValueSpecification\",\"valueRequired\":true,\"valueName\":\"search_term_string\"}}],\"inLanguage\":\"es\"},{\"@type\":\"Organization\",\"@id\":\"https:\\\/\\\/biomes.world\\\/es\\\/#organization\",\"name\":\"BIOMES 4.0 GmbH\",\"url\":\"https:\\\/\\\/biomes.world\\\/es\\\/\",\"logo\":{\"@type\":\"ImageObject\",\"inLanguage\":\"es\",\"@id\":\"https:\\\/\\\/biomes.world\\\/es\\\/#\\\/schema\\\/logo\\\/image\\\/\",\"url\":\"http:\\\/\\\/biomes.world\\\/wp-content\\\/uploads\\\/2024\\\/04\\\/biomes_logo_2021_RGB.png\",\"contentUrl\":\"http:\\\/\\\/biomes.world\\\/wp-content\\\/uploads\\\/2024\\\/04\\\/biomes_logo_2021_RGB.png\",\"width\":10040,\"height\":2599,\"caption\":\"BIOMES 4.0 GmbH\"},\"image\":{\"@id\":\"https:\\\/\\\/biomes.world\\\/es\\\/#\\\/schema\\\/logo\\\/image\\\/\"},\"sameAs\":[\"https:\\\/\\\/de-de.facebook.com\\\/BIOMES.world\\\/\",\"https:\\\/\\\/www.youtube.com\\\/@BIOMESworld\",\"https:\\\/\\\/www.instagram.com\\\/biomes_official\\\/\"]}]}<\/script>\n<!-- \/ Yoast SEO plugin. -->","yoast_head_json":{"title":"Tu test intestinal - BIOMES - Feel better","robots":{"index":"index","follow":"follow","max-snippet":"max-snippet:-1","max-image-preview":"max-image-preview:large","max-video-preview":"max-video-preview:-1"},"canonical":"https:\/\/biomes.world\/es\/tu-test-intestinal\/","og_locale":"es_ES","og_type":"article","og_title":"Tu test intestinal - BIOMES - Feel better","og_description":"Tu test intestinal\u00bfC\u00f3mo funciona la prueba intestinal INTEST.pro? Con el bastoncillo de algod\u00f3n incluido en el kit de INTEST.pro, se frota y recoge una peque\u00f1a cantidad de heces que posteriormente se agita dentro del recipiente de muestra suministrado, el cual contiene una soluci\u00f3n estabilizadora de ADN. Posteriormente el recipiente con la muestra se env\u00eda dentro [...]","og_url":"https:\/\/biomes.world\/es\/tu-test-intestinal\/","og_site_name":"BIOMES - Feel better","article_publisher":"https:\/\/de-de.facebook.com\/BIOMES.world\/","article_modified_time":"2021-09-05T04:10:32+00:00","twitter_card":"summary_large_image","twitter_misc":{"Tiempo de lectura":"2 minutos"},"schema":{"@context":"https:\/\/schema.org","@graph":[{"@type":"WebPage","@id":"https:\/\/biomes.world\/es\/tu-test-intestinal\/","url":"https:\/\/biomes.world\/es\/tu-test-intestinal\/","name":"Tu test intestinal - BIOMES - Feel better","isPartOf":{"@id":"https:\/\/biomes.world\/es\/#website"},"datePublished":"2021-06-07T16:07:00+00:00","dateModified":"2021-09-05T04:10:32+00:00","breadcrumb":{"@id":"https:\/\/biomes.world\/es\/tu-test-intestinal\/#breadcrumb"},"inLanguage":"es","potentialAction":[{"@type":"ReadAction","target":["https:\/\/biomes.world\/es\/tu-test-intestinal\/"]}]},{"@type":"BreadcrumbList","@id":"https:\/\/biomes.world\/es\/tu-test-intestinal\/#breadcrumb","itemListElement":[{"@type":"ListItem","position":1,"name":"Home","item":"https:\/\/biomes.world\/es\/"},{"@type":"ListItem","position":2,"name":"Tu test intestinal"}]},{"@type":"WebSite","@id":"https:\/\/biomes.world\/es\/#website","url":"https:\/\/biomes.world\/es\/","name":"BIOMES - Feel better","description":"Cutting-edge biotechnology used to help people","publisher":{"@id":"https:\/\/biomes.world\/es\/#organization"},"potentialAction":[{"@type":"SearchAction","target":{"@type":"EntryPoint","urlTemplate":"https:\/\/biomes.world\/es\/?s={search_term_string}"},"query-input":{"@type":"PropertyValueSpecification","valueRequired":true,"valueName":"search_term_string"}}],"inLanguage":"es"},{"@type":"Organization","@id":"https:\/\/biomes.world\/es\/#organization","name":"BIOMES 4.0 GmbH","url":"https:\/\/biomes.world\/es\/","logo":{"@type":"ImageObject","inLanguage":"es","@id":"https:\/\/biomes.world\/es\/#\/schema\/logo\/image\/","url":"http:\/\/biomes.world\/wp-content\/uploads\/2024\/04\/biomes_logo_2021_RGB.png","contentUrl":"http:\/\/biomes.world\/wp-content\/uploads\/2024\/04\/biomes_logo_2021_RGB.png","width":10040,"height":2599,"caption":"BIOMES 4.0 GmbH"},"image":{"@id":"https:\/\/biomes.world\/es\/#\/schema\/logo\/image\/"},"sameAs":["https:\/\/de-de.facebook.com\/BIOMES.world\/","https:\/\/www.youtube.com\/@BIOMESworld","https:\/\/www.instagram.com\/biomes_official\/"]}]}},"_links":{"self":[{"href":"https:\/\/biomes.world\/es\/wp-json\/wp\/v2\/pages\/509157","targetHints":{"allow":["GET"]}}],"collection":[{"href":"https:\/\/biomes.world\/es\/wp-json\/wp\/v2\/pages"}],"about":[{"href":"https:\/\/biomes.world\/es\/wp-json\/wp\/v2\/types\/page"}],"author":[{"embeddable":true,"href":"https:\/\/biomes.world\/es\/wp-json\/wp\/v2\/users\/3168"}],"replies":[{"embeddable":true,"href":"https:\/\/biomes.world\/es\/wp-json\/wp\/v2\/comments?post=509157"}],"version-history":[{"count":0,"href":"https:\/\/biomes.world\/es\/wp-json\/wp\/v2\/pages\/509157\/revisions"}],"wp:attachment":[{"href":"https:\/\/biomes.world\/es\/wp-json\/wp\/v2\/media?parent=509157"}],"curies":[{"name":"wp","href":"https:\/\/api.w.org\/{rel}","templated":true}]}}