{"id":364185,"date":"2021-01-07T11:14:05","date_gmt":"2021-01-07T10:14:05","guid":{"rendered":"http:\/\/biomes.world\/my-health-my-life-ernaehrung-detox\/"},"modified":"2022-06-22T08:57:32","modified_gmt":"2022-06-22T06:57:32","slug":"detox","status":"publish","type":"page","link":"https:\/\/biomes.world\/es\/cosas-a-saber\/detox\/","title":{"rendered":"Categoria: Detox"},"content":{"rendered":"\n<h1 class=\"wp-block-heading\" id=\"h-detox\">Detox<\/h1>\n\n\n\n<p>\u00bfQu\u00e9 significa realmente una dieta de desintoxicaci\u00f3n? \u00bfPuedo beber s\u00f3lo agua durante la desintoxicaci\u00f3n? Si ya te has hecho estas y otras preguntas similares, aqu\u00ed encontrar\u00e1s las respuestas. Ante todo, el llamado detox es <strong>una cura de desintoxicaci\u00f3n o purificaci\u00f3n.<\/strong> Lo que esto implica depende de la variante seleccionada.<\/p>\n\n\n\n<h2 class=\"wp-block-heading\" id=\"h-detox-purifica-el-cuerpo-con-una-cura-de-desintoxicacion\">Detox: Purifica el cuerpo con una cura de desintoxicaci\u00f3n<\/h2>\n\n\n\n<p>El t\u00e9rmino \u00abdetox\u00bb es una forma abreviada de la palabra en ingl\u00e9s \u00abdetoxification\u00bb, que significa \u00abdesintoxicaci\u00f3n\u00bb. Por lo tanto, una dieta de desintoxicaci\u00f3n o una cura de desintoxicaci\u00f3n consiste en liberar el cuerpo de toxinas.<\/p>\n\n\n\n<p> <strong>El cuerpo humano est\u00e1 expuesto cada d\u00eda a una variedad de toxinas ambientales<\/strong>, como pesticidas, componentes da\u00f1inos de los alimentos y contaminantes en el aire, la ropa, el agua y los productos de limpieza y cuidado personal. Los expertos en naturopat\u00eda y medicina alternativa parten de la base de que el organismo s\u00f3lo puede hacer frente por s\u00ed mismo a una cantidad limitada de contaminantes. Para apoyarlo en esto, se suele recomendar un detox, es decir, <a href=\"http:\/\/biomes.world\/es\/\/mi-salud\/nutricion\/cosas-a-saber-detox-desintoxicar-cuerpo-naturalmente\/\">una cura de desintoxicaci\u00f3n<\/a>.<\/p>\n\n\n\n<h2 class=\"has-text-align-center wp-block-heading\" id=\"h-ultimo-articulo\">\u00daltimo art\u00edculo<\/h2>\n\n\n\n\n\n\n<p><\/p>\n\n\n\n<h2 class=\"has-text-align-center wp-block-heading\" id=\"h-cuanto-dura-una-dieta-de-desintoxicacion\">\u00bfCu\u00e1nto dura una dieta de desintoxicaci\u00f3n?<\/h2>\n\n\n\n<p>La duraci\u00f3n de la desintoxicaci\u00f3n depende de ti. El proceso exacto depende de la dieta de desintoxicaci\u00f3n elegida. Algunos terapeutas asumen que tan s\u00f3lo un d\u00eda <a href=\"https:\/\/biomes.world\/es\/cosas-a-saber\/detox\/tratamiento-de-desintoxicacion\/\">tiene un efecto positivo en el proceso de desintoxicaci\u00f3n<\/a>. <strong>Otros recomiendan un periodo de varias semanas o incluso meses.<\/strong> Es importante escuchar las se\u00f1ales de tu cuerpo durante el proceso, porque una cura de desintoxicaci\u00f3n puede ser una gran carga para \u00e9l. No es raro que aparezcan <strong>s\u00edntomas iniciales como dolores de cabeza y fatiga<\/strong>. Una vez completada la desintoxicaci\u00f3n, s\u00f3lo debe reintroducir gradualmente los alimentos evitados en su dieta, para no sobrecargar su cuerpo.<\/p>\n\n\n\n<h2 class=\"has-text-align-center wp-block-heading\" id=\"h-mas-articulos\">M\u00e1s art\u00edculos<\/h2>\n\n\n\n\n\n\n<p><\/p>\n\n\n\n<h2 class=\"wp-block-heading\" id=\"h-detox-solo-se-permite-el-agua\">Detox: \u00bfS\u00f3lo se permite el agua?<\/h2>\n\n\n\n<p>La desintoxicaci\u00f3n es un t\u00e9rmino muy general, detr\u00e1s del cual se esconden varios m\u00e9todos y enfoques. Lo que todos tienen en com\u00fan es la <strong>abstenci\u00f3n temporal de ciertos alimentos y estimulantes<\/strong> &#8211; sobre todo alcohol, nicotina y cafe\u00edna.<\/p>\n\n\n\n<p>La mayor\u00eda de las curas de desintoxicaci\u00f3n tambi\u00e9n recomiendan al menos un consumo limitado de az\u00facar, sal y alimentos de origen animal. Algunas variantes de desintoxicaci\u00f3n incluso permiten s\u00f3lo agua, t\u00e9 o zumos de frutas. Adem\u00e1s de una <a href=\"https:\/\/biomes.world\/es\/cosas-a-saber\/alimentacion\/nutricion-consciente\/\" target=\"_blank\" rel=\"noreferrer noopener\">dieta m\u00e1s consciente<\/a>, la <strong>desintoxicaci\u00f3n<\/strong> suele apoyarse en otras medidas, por ejemplo, ejercicios de relajaci\u00f3n, ba\u00f1os y masajes, ejercicio dirigido, mucho sue\u00f1o y una elevada ingesta de l\u00edquidos.<\/p>\n\n\n\n<h2 class=\"wp-block-heading\" id=\"h-cuanto-tiempo-dura-una-dieta-de-desintoxicacion\">\u00bfCu\u00e1nto tiempo dura una dieta de desintoxicaci\u00f3n?<\/h2>\n\n\n\n<p>La duraci\u00f3n de la desintoxicaci\u00f3n depende de ti. El proceso exacto depende de la dieta de desintoxicaci\u00f3n elegida. Algunos terapeutas creen que tan solo d\u00eda <a href=\"https:\/\/biomes.world\/es\/cosas-a-saber\/detox\/tratamiento-de-desintoxicacion\/\">tiene un efecto positivo en el proceso de desintoxicaci\u00f3n<\/a>, <strong>otros recomiendan un periodo de varias semanas o incluso meses<\/strong>.<\/p>\n\n\n\n<p>Es importante que escuches las se\u00f1ales de tu cuerpo durante el proceso, ya que una dieta de desintoxicaci\u00f3n puede suponer un gran esfuerzo para \u00e9l. No es raro que aparezcan <strong>s\u00edntomas iniciales como dolores de cabeza y fatiga<\/strong>. Despu\u00e9s de completar la desintoxicaci\u00f3n, s\u00f3lo debes reintroducir gradualmente los alimentos evitados en tu dieta, para no sobrecargar tu cuerpo.<\/p>\n\n\n\n<h2 class=\"wp-block-heading\" id=\"h-una-flora-intestinal-equilibrada-alivia-las-molestias-intestinales\">Una flora intestinal equilibrada alivia las molestias intestinales<\/h2>\n\n\n\n<p>Para restaurar la flora intestinal, es necesario un an\u00e1lisis preciso de las causas del desequilibrio. Con <strong>INTEST.<\/strong>pro, <strong>BIOMES<\/strong> lanza el primer an\u00e1lisis completo de la flora intestinal que proporciona recomendaciones personalizadas para aumentar la salud, el bienestar y la calidad de vida<\/p>\n\n\n\n<p><strong><strong>INTEST.<\/strong><\/strong>pro es un autotest para recoger una muestra de heces en un entorno familiar, que determina la composici\u00f3n microbiana, es decir, el n\u00famero y la distribuci\u00f3n de las bacterias intestinales.<\/p>\n\n\n\n<p>El equilibrio de la flora intestinal puede apoyarse tomando probi\u00f3ticos o alimentos probi\u00f3ticos. Puedes encontrar m\u00e1s informaci\u00f3n al respecto en nuestra p\u00e1gina informativa sobre <a href=\"https:\/\/biomes.world\/es\/cosas-a-saber\/intestino\/salud-intestinal\/probioticos\/\">probi\u00f3ticos<\/a>.<\/p>\n\n\n<div\n    id=\"hero-teaser-block_60a3ac7ca1934\"\n    class=\"hero-teaser site-block\"\n>\n    <div class=\"hero-teaser__media\">\n        <img decoding=\"async\"\n            src=\"https:\/\/biomes.world\/wp-content\/uploads\/2019\/12\/Darmflora_Immunsystem_aus_dem_Bauch_heraus-1600x650.jpg\"\n            alt=\"\"\n            srcset=\"https:\/\/biomes.world\/wp-content\/uploads\/2019\/12\/Darmflora_Immunsystem_aus_dem_Bauch_heraus-300x169.jpg 300w, https:\/\/biomes.world\/wp-content\/uploads\/2019\/12\/Darmflora_Immunsystem_aus_dem_Bauch_heraus-1024x576.jpg 1024w, https:\/\/biomes.world\/wp-content\/uploads\/2019\/12\/Darmflora_Immunsystem_aus_dem_Bauch_heraus-768x432.jpg 768w, https:\/\/biomes.world\/wp-content\/uploads\/2019\/12\/Darmflora_Immunsystem_aus_dem_Bauch_heraus-1536x864.jpg 1536w, https:\/\/biomes.world\/wp-content\/uploads\/2019\/12\/Darmflora_Immunsystem_aus_dem_Bauch_heraus-250x141.jpg 250w, https:\/\/biomes.world\/wp-content\/uploads\/2019\/12\/Darmflora_Immunsystem_aus_dem_Bauch_heraus.jpg 1620w\"\n            sizes=\"(max-width: 30em) 100vw, (max-width: 48em) 100vw, (max-width: 62em) 100vw, (max-width: 75em) 100vw, 1400px\t\"\n        >\n    <\/div>\n    <div class=\"hero-teaser__header\">\n        <div class=\"hero-teaser__col column\">\n            <h2 class=\"hero-teaser__title\">\n                <span>M\u00e1s informaci\u00f3n sobre INTEST.pro<\/span>\n                El test intestinal de BIOMES            <\/h2>\n            \n\n<p>\u00bfC\u00f3mo analizamos tu flora intestinal? \u00bfQu\u00e9 incluye exactamente la prueba? \u00bfD\u00f3nde puedes comprar <strong>INTEST.<\/strong>pro?<br>\u00bfY c\u00f3mo protegemos tus datos?<\/p>\n\n\n\n<div class=\"wp-block-buttons is-layout-flex wp-block-buttons-is-layout-flex\">\n<div class=\"wp-block-button\"><a class=\"wp-block-button__link\" href=\"https:\/\/biomes-salued.es\" target=\"_blank\" rel=\"noreferrer noopener\">Informaci\u00f3n detallada<\/a><\/div>\n<\/div>\n\n        <\/div>\n    <\/div>\n<\/div>\n","protected":false},"excerpt":{"rendered":"<p>Detox \u00bfQu\u00e9 significa realmente una dieta de desintoxicaci\u00f3n? \u00bfPuedo beber s\u00f3lo agua durante la desintoxicaci\u00f3n? Si ya te has hecho estas y otras preguntas similares, aqu\u00ed encontrar\u00e1s las respuestas. Ante todo, el llamado detox es una cura de desintoxicaci\u00f3n o purificaci\u00f3n. Lo que esto implica depende de la variante seleccionada. Detox: Purifica el cuerpo con [&#8230;]<\/p>\n","protected":false},"author":3168,"featured_media":0,"parent":511182,"menu_order":26,"comment_status":"closed","ping_status":"closed","template":"","meta":{"_acf_changed":false,"footnotes":""},"class_list":["post-364185","page","type-page","status-publish","hentry"],"acf":[],"yoast_head":"<!-- This site is optimized with the Yoast SEO plugin v27.4 - https:\/\/yoast.com\/product\/yoast-seo-wordpress\/ -->\n<title>Categoria: Detox - BIOMES - Feel better<\/title>\n<meta name=\"description\" content=\"\u00bfQu\u00e9 significa realmente una dieta de desintoxicaci\u00f3n? Si ya te has hecho estas y otras preguntas similares, aqu\u00ed encontrar\u00e1s las respuestas.\" \/>\n<meta name=\"robots\" content=\"index, follow, max-snippet:-1, max-image-preview:large, max-video-preview:-1\" \/>\n<link rel=\"canonical\" href=\"https:\/\/biomes.world\/es\/cosas-a-saber\/detox\/\" \/>\n<meta property=\"og:locale\" content=\"es_ES\" \/>\n<meta property=\"og:type\" content=\"article\" \/>\n<meta property=\"og:title\" content=\"Categoria: Detox - BIOMES - Feel better\" \/>\n<meta property=\"og:description\" content=\"\u00bfQu\u00e9 significa realmente una dieta de desintoxicaci\u00f3n? Si ya te has hecho estas y otras preguntas similares, aqu\u00ed encontrar\u00e1s las respuestas.\" \/>\n<meta property=\"og:url\" content=\"https:\/\/biomes.world\/es\/cosas-a-saber\/detox\/\" \/>\n<meta property=\"og:site_name\" content=\"BIOMES - Feel better\" \/>\n<meta property=\"article:publisher\" content=\"https:\/\/de-de.facebook.com\/BIOMES.world\/\" \/>\n<meta property=\"article:modified_time\" content=\"2022-06-22T06:57:32+00:00\" \/>\n<meta name=\"twitter:card\" content=\"summary_large_image\" \/>\n<meta name=\"twitter:label1\" content=\"Tiempo de lectura\" \/>\n\t<meta name=\"twitter:data1\" content=\"3 minutos\" \/>\n<script type=\"application\/ld+json\" class=\"yoast-schema-graph\">{\"@context\":\"https:\\\/\\\/schema.org\",\"@graph\":[{\"@type\":\"WebPage\",\"@id\":\"https:\\\/\\\/biomes.world\\\/es\\\/cosas-a-saber\\\/detox\\\/\",\"url\":\"https:\\\/\\\/biomes.world\\\/es\\\/cosas-a-saber\\\/detox\\\/\",\"name\":\"Categoria: Detox - BIOMES - Feel better\",\"isPartOf\":{\"@id\":\"https:\\\/\\\/biomes.world\\\/es\\\/#website\"},\"datePublished\":\"2021-01-07T10:14:05+00:00\",\"dateModified\":\"2022-06-22T06:57:32+00:00\",\"description\":\"\u00bfQu\u00e9 significa realmente una dieta de desintoxicaci\u00f3n? Si ya te has hecho estas y otras preguntas similares, aqu\u00ed encontrar\u00e1s las respuestas.\",\"breadcrumb\":{\"@id\":\"https:\\\/\\\/biomes.world\\\/es\\\/cosas-a-saber\\\/detox\\\/#breadcrumb\"},\"inLanguage\":\"es\",\"potentialAction\":[{\"@type\":\"ReadAction\",\"target\":[\"https:\\\/\\\/biomes.world\\\/es\\\/cosas-a-saber\\\/detox\\\/\"]}]},{\"@type\":\"BreadcrumbList\",\"@id\":\"https:\\\/\\\/biomes.world\\\/es\\\/cosas-a-saber\\\/detox\\\/#breadcrumb\",\"itemListElement\":[{\"@type\":\"ListItem\",\"position\":1,\"name\":\"Home\",\"item\":\"https:\\\/\\\/biomes.world\\\/es\\\/\"},{\"@type\":\"ListItem\",\"position\":2,\"name\":\"My Health, My Life\",\"item\":\"https:\\\/\\\/biomes.world\\\/es\\\/cosas-a-saber\\\/\"},{\"@type\":\"ListItem\",\"position\":3,\"name\":\"Categoria: Detox\"}]},{\"@type\":\"WebSite\",\"@id\":\"https:\\\/\\\/biomes.world\\\/es\\\/#website\",\"url\":\"https:\\\/\\\/biomes.world\\\/es\\\/\",\"name\":\"BIOMES - Feel better\",\"description\":\"Cutting-edge biotechnology used to help people\",\"publisher\":{\"@id\":\"https:\\\/\\\/biomes.world\\\/es\\\/#organization\"},\"potentialAction\":[{\"@type\":\"SearchAction\",\"target\":{\"@type\":\"EntryPoint\",\"urlTemplate\":\"https:\\\/\\\/biomes.world\\\/es\\\/?s={search_term_string}\"},\"query-input\":{\"@type\":\"PropertyValueSpecification\",\"valueRequired\":true,\"valueName\":\"search_term_string\"}}],\"inLanguage\":\"es\"},{\"@type\":\"Organization\",\"@id\":\"https:\\\/\\\/biomes.world\\\/es\\\/#organization\",\"name\":\"BIOMES 4.0 GmbH\",\"url\":\"https:\\\/\\\/biomes.world\\\/es\\\/\",\"logo\":{\"@type\":\"ImageObject\",\"inLanguage\":\"es\",\"@id\":\"https:\\\/\\\/biomes.world\\\/es\\\/#\\\/schema\\\/logo\\\/image\\\/\",\"url\":\"http:\\\/\\\/biomes.world\\\/wp-content\\\/uploads\\\/2024\\\/04\\\/biomes_logo_2021_RGB.png\",\"contentUrl\":\"http:\\\/\\\/biomes.world\\\/wp-content\\\/uploads\\\/2024\\\/04\\\/biomes_logo_2021_RGB.png\",\"width\":10040,\"height\":2599,\"caption\":\"BIOMES 4.0 GmbH\"},\"image\":{\"@id\":\"https:\\\/\\\/biomes.world\\\/es\\\/#\\\/schema\\\/logo\\\/image\\\/\"},\"sameAs\":[\"https:\\\/\\\/de-de.facebook.com\\\/BIOMES.world\\\/\",\"https:\\\/\\\/www.youtube.com\\\/@BIOMESworld\",\"https:\\\/\\\/www.instagram.com\\\/biomes_official\\\/\"]}]}<\/script>\n<!-- \/ Yoast SEO plugin. -->","yoast_head_json":{"title":"Categoria: Detox - BIOMES - Feel better","description":"\u00bfQu\u00e9 significa realmente una dieta de desintoxicaci\u00f3n? Si ya te has hecho estas y otras preguntas similares, aqu\u00ed encontrar\u00e1s las respuestas.","robots":{"index":"index","follow":"follow","max-snippet":"max-snippet:-1","max-image-preview":"max-image-preview:large","max-video-preview":"max-video-preview:-1"},"canonical":"https:\/\/biomes.world\/es\/cosas-a-saber\/detox\/","og_locale":"es_ES","og_type":"article","og_title":"Categoria: Detox - BIOMES - Feel better","og_description":"\u00bfQu\u00e9 significa realmente una dieta de desintoxicaci\u00f3n? Si ya te has hecho estas y otras preguntas similares, aqu\u00ed encontrar\u00e1s las respuestas.","og_url":"https:\/\/biomes.world\/es\/cosas-a-saber\/detox\/","og_site_name":"BIOMES - Feel better","article_publisher":"https:\/\/de-de.facebook.com\/BIOMES.world\/","article_modified_time":"2022-06-22T06:57:32+00:00","twitter_card":"summary_large_image","twitter_misc":{"Tiempo de lectura":"3 minutos"},"schema":{"@context":"https:\/\/schema.org","@graph":[{"@type":"WebPage","@id":"https:\/\/biomes.world\/es\/cosas-a-saber\/detox\/","url":"https:\/\/biomes.world\/es\/cosas-a-saber\/detox\/","name":"Categoria: Detox - BIOMES - Feel better","isPartOf":{"@id":"https:\/\/biomes.world\/es\/#website"},"datePublished":"2021-01-07T10:14:05+00:00","dateModified":"2022-06-22T06:57:32+00:00","description":"\u00bfQu\u00e9 significa realmente una dieta de desintoxicaci\u00f3n? Si ya te has hecho estas y otras preguntas similares, aqu\u00ed encontrar\u00e1s las respuestas.","breadcrumb":{"@id":"https:\/\/biomes.world\/es\/cosas-a-saber\/detox\/#breadcrumb"},"inLanguage":"es","potentialAction":[{"@type":"ReadAction","target":["https:\/\/biomes.world\/es\/cosas-a-saber\/detox\/"]}]},{"@type":"BreadcrumbList","@id":"https:\/\/biomes.world\/es\/cosas-a-saber\/detox\/#breadcrumb","itemListElement":[{"@type":"ListItem","position":1,"name":"Home","item":"https:\/\/biomes.world\/es\/"},{"@type":"ListItem","position":2,"name":"My Health, My Life","item":"https:\/\/biomes.world\/es\/cosas-a-saber\/"},{"@type":"ListItem","position":3,"name":"Categoria: Detox"}]},{"@type":"WebSite","@id":"https:\/\/biomes.world\/es\/#website","url":"https:\/\/biomes.world\/es\/","name":"BIOMES - Feel better","description":"Cutting-edge biotechnology used to help people","publisher":{"@id":"https:\/\/biomes.world\/es\/#organization"},"potentialAction":[{"@type":"SearchAction","target":{"@type":"EntryPoint","urlTemplate":"https:\/\/biomes.world\/es\/?s={search_term_string}"},"query-input":{"@type":"PropertyValueSpecification","valueRequired":true,"valueName":"search_term_string"}}],"inLanguage":"es"},{"@type":"Organization","@id":"https:\/\/biomes.world\/es\/#organization","name":"BIOMES 4.0 GmbH","url":"https:\/\/biomes.world\/es\/","logo":{"@type":"ImageObject","inLanguage":"es","@id":"https:\/\/biomes.world\/es\/#\/schema\/logo\/image\/","url":"http:\/\/biomes.world\/wp-content\/uploads\/2024\/04\/biomes_logo_2021_RGB.png","contentUrl":"http:\/\/biomes.world\/wp-content\/uploads\/2024\/04\/biomes_logo_2021_RGB.png","width":10040,"height":2599,"caption":"BIOMES 4.0 GmbH"},"image":{"@id":"https:\/\/biomes.world\/es\/#\/schema\/logo\/image\/"},"sameAs":["https:\/\/de-de.facebook.com\/BIOMES.world\/","https:\/\/www.youtube.com\/@BIOMESworld","https:\/\/www.instagram.com\/biomes_official\/"]}]}},"_links":{"self":[{"href":"https:\/\/biomes.world\/es\/wp-json\/wp\/v2\/pages\/364185","targetHints":{"allow":["GET"]}}],"collection":[{"href":"https:\/\/biomes.world\/es\/wp-json\/wp\/v2\/pages"}],"about":[{"href":"https:\/\/biomes.world\/es\/wp-json\/wp\/v2\/types\/page"}],"author":[{"embeddable":true,"href":"https:\/\/biomes.world\/es\/wp-json\/wp\/v2\/users\/3168"}],"replies":[{"embeddable":true,"href":"https:\/\/biomes.world\/es\/wp-json\/wp\/v2\/comments?post=364185"}],"version-history":[{"count":0,"href":"https:\/\/biomes.world\/es\/wp-json\/wp\/v2\/pages\/364185\/revisions"}],"up":[{"embeddable":true,"href":"https:\/\/biomes.world\/es\/wp-json\/wp\/v2\/pages\/511182"}],"wp:attachment":[{"href":"https:\/\/biomes.world\/es\/wp-json\/wp\/v2\/media?parent=364185"}],"curies":[{"name":"wp","href":"https:\/\/api.w.org\/{rel}","templated":true}]}}