{"id":359766,"date":"2020-12-14T12:42:51","date_gmt":"2020-12-14T11:42:51","guid":{"rendered":"http:\/\/biomes.world\/my-health-ernaehrung-bewusste-ernaehrung\/"},"modified":"2022-06-21T18:29:57","modified_gmt":"2022-06-21T16:29:57","slug":"nutricion-consciente","status":"publish","type":"page","link":"https:\/\/biomes.world\/es\/cosas-a-saber\/alimentacion\/nutricion-consciente\/","title":{"rendered":"Nutrici\u00f3n Consciente"},"content":{"rendered":"\n<h1 class=\"wp-block-heading\">Nutrici\u00f3n consciente: por eso es importante<\/h1>\n\n\n\n<p>Comer (m\u00e1s) conscientemente: es un objetivo que muchas personas persiguen. Pero, ante todo, \u00bfqu\u00e9 define una dieta consciente y saludable? En primer lugar: <strong>No se trata de renunciar a ciertos alimentos.<\/strong> C\u00f3mo se come es casi tan importante como lo que se come.<\/p>\n\n\n\n\n\n<p>Una dieta sana y consciente se caracteriza sobre todo por el hecho de que <strong>suministra continuamente al cuerpo todos los nutrientes necesarios.<\/strong> Apoya las funciones del cuerpo y, por tanto, su rendimiento. Si quieres comer conscientemente, primero debes saber lo que tu cuerpo necesita individualmente. Los cient\u00edficos de <strong>BIOMES<\/strong> te proporcionar\u00e1n recomendaciones nutricionales adaptadas a tus necesidades como parte de un an\u00e1lisis intestinal.<\/p>\n\n\n\n<p>Pero dado que la comida no es s\u00f3lo un aporte de nutrientes, sino tambi\u00e9n de placer y satisfacci\u00f3n emocional, tambi\u00e9n deber\u00edas analizar detenidamente tus h\u00e1bitos alimenticios. \u00bfCu\u00e1ndo, d\u00f3nde y cu\u00e1nto comes y c\u00f3mo lo haces? Muchos h\u00e1bitos alimentarios se forman en la infancia. Por lo tanto, como adultos, no comemos autom\u00e1ticamente lo que es bueno para nosotros.<\/p>\n\n\n\n<h2 class=\"has-text-align-center wp-block-heading\">\u00daltimo art\u00edculo<\/h2>\n\n\n\n<div id=\"post-246349\" class=\"post__item--sticky post__item post-246349 post type-post status-publish format-standard has-post-thumbnail hentry category-nutricion-consciente\">\n    <div class=\"post__content\">\n\n        <div class=\"stage--sticky stage\">\n            <div class=\"stage__media--sticky stage__media\">\n                <img loading=\"lazy\" decoding=\"async\" width=\"1600\" height=\"650\" src=\"https:\/\/biomes.world\/wp-content\/uploads\/2019\/04\/Warum_dein_Koerper_kein_Zucker_Mag-1600x650.jpg\" class=\"attachment-post-header size-post-header wp-post-image\" alt=\"Zucker ist dein Feind - Zucker in Sch\u00fcsseln\" srcset=\"https:\/\/biomes.world\/wp-content\/uploads\/2019\/04\/Warum_dein_Koerper_kein_Zucker_Mag-1600x650.jpg 1600w, https:\/\/biomes.world\/wp-content\/uploads\/2019\/04\/Warum_dein_Koerper_kein_Zucker_Mag-800x325.jpg 800w\" sizes=\"auto, (max-width: 1600px) 100vw, 1600px\" \/><div class=\"post__thumbnail\"><\/div>            <\/div>\n            <div class=\"stage__header--sticky stage__header\">\n                <div class=\"stage__col column\">\n                    <div class=\"stage__title--sticky stage__title h1\">\n                        <span class=\"cat-links\"><a href=\"https:\/\/biomes.world\/es\/.\/cosas-a-saber\/alimentacion\/nutricion-consciente\/\" rel=\"tag\">Nutrici\u00f3n consciente<\/a><\/span>                        <a href=\"https:\/\/biomes.world\/es\/cosas-a-saber\/alimentacion\/nutricion-consciente\/por-que-tu-intestino-no-quiere-azucar\/\" aria-hidden=\"true\" tabindex=\"-1\">\n                            <strong>El az\u00facar es el enemigo en el intestino: Por qu\u00e9 a tu intestino no le gusta el az\u00facar<\/strong>                        <\/a>\n                    <\/div>\n                <\/div>\n                <a href=\"https:\/\/biomes.world\/es\/cosas-a-saber\/alimentacion\/nutricion-consciente\/por-que-tu-intestino-no-quiere-azucar\/\" aria-hidden=\"true\" tabindex=\"-1\" class=\"stage__blocklink\">\n                    <span class=\"show-for-sr\"><strong>El az\u00facar es el enemigo en el intestino: Por qu\u00e9 a tu intestino no le gusta el az\u00facar<\/strong><\/span>\n                <\/a>\n            <\/div><!-- .stage__header -->\n        <\/div>\n\n    <\/div>\n<\/div><!-- #post-246349 -->\n\n\n\n\n<p><\/p>\n\n\n\n<h2 class=\"has-text-align-center wp-block-heading\">Nutrici\u00f3n consciente para un cuerpo sano<\/h2>\n\n\n\n<p>Un pastelito por aqu\u00ed, una salchicha por all\u00e1: A menudo, los h\u00e1bitos cotidianos se interponen en el camino cuando se trata de comer m\u00e1s sano. Las nuevas y constantes tendencias en materia de nutrici\u00f3n y dieta tambi\u00e9n crean incertidumbre. Sin carbohidratos, sin grasa, sin gluten &#8211; <strong>\u00bfQu\u00e9 se puede comer hoy en d\u00eda?<\/strong><\/p>\n\n\n\n<p>Lo que s\u00ed es cierto es que la nutrici\u00f3n <strong>tiene una gran influencia en el bienestar f\u00edsico y mental<\/strong>. Una dieta poco saludable no s\u00f3lo afecta a la digesti\u00f3n, sino que tambi\u00e9n conduce a la obesidad y a diversas afecciones m\u00e9dicas a largo plazo. Por eso es tan importante comer conscientemente.<\/p>\n\n\n\n<h2 class=\"has-text-align-center wp-block-heading\">M\u00e1s art\u00edculos<\/h2>\n\n\n\n<p>Los art\u00edculos sobre una dieta saludable para el intestino tienen muchos puntos de partida y abarcan diferentes dietas, como la vegana o la vegetariana, pero tambi\u00e9n dietas especiales, como la dieta FODMAP. Descubra las posibilidades de una dieta saludable para el intestino en nuestros art\u00edculos.<\/p>\n\n\n\n\n\n\n<p><\/p>\n\n\n\n<h2 class=\"wp-block-heading\">\u00bfPor qu\u00e9 una dieta consciente es m\u00e1s saludable?<\/h2>\n\n\n\n<p>Cada cuerpo es diferente: si aprendes a prestar atenci\u00f3n a las se\u00f1ales de tu cuerpo, descubrir\u00e1s m\u00e1s r\u00e1pido lo que te conviene y lo que no. El <a href=\"https:\/\/biomes-salued.es\"><strong>INTEST<\/strong>.pro de <strong>BIOMES<\/strong><\/a> puede ayudarte a encontrar la dieta m\u00e1s adecuada para ti y a comer de forma m\u00e1s consciente en general.<\/p>\n\n\n\n<p>Sin embargo, incluso <strong>la comida m\u00e1s saludable puede causar malestar digestivo si la comes bajo estr\u00e9s.<\/strong> As\u00ed que t\u00f3mate todo el tiempo posible para comer y mastica bien cada bocado. Comer a deshoras provoca estr\u00e9s, y el estr\u00e9s es malo para la digesti\u00f3n. Por \u00faltimo, pero no menos importante, una dieta consciente incluye interesarse no s\u00f3lo por el contenido nutricional de los alimentos, sino tambi\u00e9n por su origen y la sostenibilidad de su producci\u00f3n.<\/p>\n\n\n\n<h2 class=\"wp-block-heading\">Dieta cal\u00f3rica consciente<\/h2>\n\n\n\n<p>\u00bfTe preguntas si existe una diferencia entre la alimentaci\u00f3n consciente y la cal\u00f3rica? S\u00ed que la hay, pero con un gran parecido. Mientras que una dieta consciente y saludable consiste principalmente en una composici\u00f3n variada de las comidas, una ingesta equilibrada de nutrientes y el examen de los propios h\u00e1bitos alimentarios, <strong>una dieta consciente de las calor\u00edas tiene como objetivo principal la p\u00e9rdida de peso.<\/strong><\/p>\n\n\n\n<p>Sin embargo, lo bueno de comer m\u00e1s conscientemente es que, por lo general, perder\u00e1s unos cuantos kilos autom\u00e1ticamente. Si cocinas t\u00fa mismo m\u00e1s a menudo, comes muchas verduras y grasas saludables, y evitas los alimentos precocinados, <strong>no s\u00f3lo comer\u00e1s m\u00e1s sano, sino que normalmente tambi\u00e9n tendr\u00e1s menos calor\u00edas.<\/strong> Comer lenta y conscientemente tiene la ventaja a\u00f1adida de que te sentir\u00e1s lleno m\u00e1s r\u00e1pidamente, por lo que probablemente comer\u00e1s menos en general. Con nosotros encontrar\u00e1s muchos consejos en torno a una dieta sana y consciente, as\u00ed como deliciosas ideas de recetas <a href=\"https:\/\/biomes.world\/es\/cosas-a-saber\/alimentacion\/plan-de-alimentacion\/cambio-de-dieta\/\">para un cambio de dieta exitoso<\/a>.<\/p>\n\n\n\n<h2 class=\"wp-block-heading\">Una flora intestinal equilibrada alivia las molestias intestinales<\/h2>\n\n\n\n<p>Para restaurar la flora intestinal, es necesario un an\u00e1lisis preciso de las causas del desequilibrio. Con <strong>INTEST.<\/strong>pro, <strong>BIOMES<\/strong> lanza el primer an\u00e1lisis completo de la flora intestinal que proporciona recomendaciones personalizadas para aumentar la salud, el bienestar y la calidad de vida<\/p>\n\n\n\n<p><strong><strong>INTEST.<\/strong><\/strong>pro es un autotest para recoger una muestra de heces en un entorno familiar, que determina la composici\u00f3n microbiana, es decir, el n\u00famero y la distribuci\u00f3n de las bacterias intestinales.<\/p>\n\n\n\n<p>El equilibrio de la flora intestinal puede apoyarse tomando probi\u00f3ticos o alimentos probi\u00f3ticos. Puedes encontrar m\u00e1s informaci\u00f3n al respecto en nuestra p\u00e1gina informativa sobre <a href=\"https:\/\/biomes.world\/es\/cosas-a-saber\/intestino\/salud-intestinal\/probioticos\/\">probi\u00f3ticos<\/a>.<\/p>\n\n\n<div\n    id=\"hero-teaser-block_60a3ac7ca1934\"\n    class=\"hero-teaser site-block\"\n>\n    <div class=\"hero-teaser__media\">\n        <img decoding=\"async\"\n            src=\"https:\/\/biomes.world\/wp-content\/uploads\/2019\/12\/Darmflora_Immunsystem_aus_dem_Bauch_heraus-1600x650.jpg\"\n            alt=\"\"\n            srcset=\"https:\/\/biomes.world\/wp-content\/uploads\/2019\/12\/Darmflora_Immunsystem_aus_dem_Bauch_heraus-300x169.jpg 300w, https:\/\/biomes.world\/wp-content\/uploads\/2019\/12\/Darmflora_Immunsystem_aus_dem_Bauch_heraus-1024x576.jpg 1024w, https:\/\/biomes.world\/wp-content\/uploads\/2019\/12\/Darmflora_Immunsystem_aus_dem_Bauch_heraus-768x432.jpg 768w, https:\/\/biomes.world\/wp-content\/uploads\/2019\/12\/Darmflora_Immunsystem_aus_dem_Bauch_heraus-1536x864.jpg 1536w, https:\/\/biomes.world\/wp-content\/uploads\/2019\/12\/Darmflora_Immunsystem_aus_dem_Bauch_heraus-250x141.jpg 250w, https:\/\/biomes.world\/wp-content\/uploads\/2019\/12\/Darmflora_Immunsystem_aus_dem_Bauch_heraus.jpg 1620w\"\n            sizes=\"(max-width: 30em) 100vw, (max-width: 48em) 100vw, (max-width: 62em) 100vw, (max-width: 75em) 100vw, 1400px\t\"\n        >\n    <\/div>\n    <div class=\"hero-teaser__header\">\n        <div class=\"hero-teaser__col column\">\n            <h2 class=\"hero-teaser__title\">\n                <span>M\u00e1s informaci\u00f3n sobre INTEST.pro<\/span>\n                El test intestinal de BIOMES            <\/h2>\n            \n\n<p>\u00bfC\u00f3mo analizamos tu flora intestinal? \u00bfQu\u00e9 incluye exactamente la prueba? \u00bfD\u00f3nde puedes comprar <strong>INTEST.<\/strong>pro?<br>\u00bfY c\u00f3mo protegemos tus datos?<\/p>\n\n\n\n<div class=\"wp-block-buttons is-layout-flex wp-block-buttons-is-layout-flex\">\n<div class=\"wp-block-button\"><a class=\"wp-block-button__link\" href=\"https:\/\/biomes-salued.es\" target=\"_blank\" rel=\"noreferrer noopener\">Informaci\u00f3n detallada<\/a><\/div>\n<\/div>\n\n        <\/div>\n    <\/div>\n<\/div>\n","protected":false},"excerpt":{"rendered":"<p>El az\u00facar y el intestino no tienen una buena relaci\u00f3n, el az\u00facar es el nuevo monstruo de los alimentos. Lo que hoy se llama el \u00abveneno blanco\u00bb era en la Edad Media el \u00aboro blanco\u00bb. En ese momento el az\u00facar era muy raro. Hoy en d\u00eda no s\u00f3lo se obtiene el llamado az\u00facar granulada a [&#8230;]<\/p>\n","protected":false},"author":3168,"featured_media":0,"parent":350255,"menu_order":13,"comment_status":"closed","ping_status":"closed","template":"","meta":{"_acf_changed":false,"footnotes":""},"class_list":["post-359766","page","type-page","status-publish","hentry"],"acf":[],"yoast_head":"<!-- This site is optimized with the Yoast SEO plugin v27.4 - https:\/\/yoast.com\/product\/yoast-seo-wordpress\/ -->\n<title>Nutrici\u00f3n consciente: una definici\u00f3n | BIOMES - Feel Better<\/title>\n<meta name=\"description\" content=\"\u00bfQu\u00e9 es una alimentaci\u00f3n consciente? La definici\u00f3n y el por qu\u00e9 es importante una dieta sana y consciente, la puedes encontrar aqu\u00ed.\" \/>\n<meta name=\"robots\" content=\"index, follow, max-snippet:-1, max-image-preview:large, max-video-preview:-1\" \/>\n<link rel=\"canonical\" href=\"https:\/\/biomes.world\/es\/cosas-a-saber\/alimentacion\/nutricion-consciente\/\" \/>\n<meta property=\"og:locale\" content=\"es_ES\" \/>\n<meta property=\"og:type\" content=\"article\" \/>\n<meta property=\"og:title\" content=\"Nutrici\u00f3n consciente: una definici\u00f3n | BIOMES - Feel Better\" \/>\n<meta property=\"og:description\" content=\"\u00bfQu\u00e9 es una alimentaci\u00f3n consciente? La definici\u00f3n y el por qu\u00e9 es importante una dieta sana y consciente, la puedes encontrar aqu\u00ed.\" \/>\n<meta property=\"og:url\" content=\"https:\/\/biomes.world\/es\/cosas-a-saber\/alimentacion\/nutricion-consciente\/\" \/>\n<meta property=\"og:site_name\" content=\"BIOMES - Feel better\" \/>\n<meta property=\"article:publisher\" content=\"https:\/\/de-de.facebook.com\/BIOMES.world\/\" \/>\n<meta property=\"article:modified_time\" content=\"2022-06-21T16:29:57+00:00\" \/>\n<meta name=\"twitter:card\" content=\"summary_large_image\" \/>\n<meta name=\"twitter:label1\" content=\"Tiempo de lectura\" \/>\n\t<meta name=\"twitter:data1\" content=\"5 minutos\" \/>\n<script type=\"application\/ld+json\" class=\"yoast-schema-graph\">{\"@context\":\"https:\\\/\\\/schema.org\",\"@graph\":[{\"@type\":\"WebPage\",\"@id\":\"https:\\\/\\\/biomes.world\\\/es\\\/cosas-a-saber\\\/alimentacion\\\/nutricion-consciente\\\/\",\"url\":\"https:\\\/\\\/biomes.world\\\/es\\\/cosas-a-saber\\\/alimentacion\\\/nutricion-consciente\\\/\",\"name\":\"Nutrici\u00f3n consciente: una definici\u00f3n | BIOMES - Feel Better\",\"isPartOf\":{\"@id\":\"https:\\\/\\\/biomes.world\\\/es\\\/#website\"},\"datePublished\":\"2020-12-14T11:42:51+00:00\",\"dateModified\":\"2022-06-21T16:29:57+00:00\",\"description\":\"\u00bfQu\u00e9 es una alimentaci\u00f3n consciente? La definici\u00f3n y el por qu\u00e9 es importante una dieta sana y consciente, la puedes encontrar aqu\u00ed.\",\"breadcrumb\":{\"@id\":\"https:\\\/\\\/biomes.world\\\/es\\\/cosas-a-saber\\\/alimentacion\\\/nutricion-consciente\\\/#breadcrumb\"},\"inLanguage\":\"es\",\"potentialAction\":[{\"@type\":\"ReadAction\",\"target\":[\"https:\\\/\\\/biomes.world\\\/es\\\/cosas-a-saber\\\/alimentacion\\\/nutricion-consciente\\\/\"]}]},{\"@type\":\"BreadcrumbList\",\"@id\":\"https:\\\/\\\/biomes.world\\\/es\\\/cosas-a-saber\\\/alimentacion\\\/nutricion-consciente\\\/#breadcrumb\",\"itemListElement\":[{\"@type\":\"ListItem\",\"position\":1,\"name\":\"Home\",\"item\":\"https:\\\/\\\/biomes.world\\\/es\\\/\"},{\"@type\":\"ListItem\",\"position\":2,\"name\":\"My Health, My Life\",\"item\":\"https:\\\/\\\/biomes.world\\\/es\\\/cosas-a-saber\\\/\"},{\"@type\":\"ListItem\",\"position\":3,\"name\":\"Categoria: Alimentacion\",\"item\":\"https:\\\/\\\/biomes.world\\\/es\\\/cosas-a-saber\\\/alimentacion\\\/\"},{\"@type\":\"ListItem\",\"position\":4,\"name\":\"Nutrici\u00f3n Consciente\"}]},{\"@type\":\"WebSite\",\"@id\":\"https:\\\/\\\/biomes.world\\\/es\\\/#website\",\"url\":\"https:\\\/\\\/biomes.world\\\/es\\\/\",\"name\":\"BIOMES - Feel better\",\"description\":\"Cutting-edge biotechnology used to help people\",\"publisher\":{\"@id\":\"https:\\\/\\\/biomes.world\\\/es\\\/#organization\"},\"potentialAction\":[{\"@type\":\"SearchAction\",\"target\":{\"@type\":\"EntryPoint\",\"urlTemplate\":\"https:\\\/\\\/biomes.world\\\/es\\\/?s={search_term_string}\"},\"query-input\":{\"@type\":\"PropertyValueSpecification\",\"valueRequired\":true,\"valueName\":\"search_term_string\"}}],\"inLanguage\":\"es\"},{\"@type\":\"Organization\",\"@id\":\"https:\\\/\\\/biomes.world\\\/es\\\/#organization\",\"name\":\"BIOMES 4.0 GmbH\",\"url\":\"https:\\\/\\\/biomes.world\\\/es\\\/\",\"logo\":{\"@type\":\"ImageObject\",\"inLanguage\":\"es\",\"@id\":\"https:\\\/\\\/biomes.world\\\/es\\\/#\\\/schema\\\/logo\\\/image\\\/\",\"url\":\"http:\\\/\\\/biomes.world\\\/wp-content\\\/uploads\\\/2024\\\/04\\\/biomes_logo_2021_RGB.png\",\"contentUrl\":\"http:\\\/\\\/biomes.world\\\/wp-content\\\/uploads\\\/2024\\\/04\\\/biomes_logo_2021_RGB.png\",\"width\":10040,\"height\":2599,\"caption\":\"BIOMES 4.0 GmbH\"},\"image\":{\"@id\":\"https:\\\/\\\/biomes.world\\\/es\\\/#\\\/schema\\\/logo\\\/image\\\/\"},\"sameAs\":[\"https:\\\/\\\/de-de.facebook.com\\\/BIOMES.world\\\/\",\"https:\\\/\\\/www.youtube.com\\\/@BIOMESworld\",\"https:\\\/\\\/www.instagram.com\\\/biomes_official\\\/\"]}]}<\/script>\n<!-- \/ Yoast SEO plugin. -->","yoast_head_json":{"title":"Nutrici\u00f3n consciente: una definici\u00f3n | BIOMES - Feel Better","description":"\u00bfQu\u00e9 es una alimentaci\u00f3n consciente? La definici\u00f3n y el por qu\u00e9 es importante una dieta sana y consciente, la puedes encontrar aqu\u00ed.","robots":{"index":"index","follow":"follow","max-snippet":"max-snippet:-1","max-image-preview":"max-image-preview:large","max-video-preview":"max-video-preview:-1"},"canonical":"https:\/\/biomes.world\/es\/cosas-a-saber\/alimentacion\/nutricion-consciente\/","og_locale":"es_ES","og_type":"article","og_title":"Nutrici\u00f3n consciente: una definici\u00f3n | BIOMES - Feel Better","og_description":"\u00bfQu\u00e9 es una alimentaci\u00f3n consciente? La definici\u00f3n y el por qu\u00e9 es importante una dieta sana y consciente, la puedes encontrar aqu\u00ed.","og_url":"https:\/\/biomes.world\/es\/cosas-a-saber\/alimentacion\/nutricion-consciente\/","og_site_name":"BIOMES - Feel better","article_publisher":"https:\/\/de-de.facebook.com\/BIOMES.world\/","article_modified_time":"2022-06-21T16:29:57+00:00","twitter_card":"summary_large_image","twitter_misc":{"Tiempo de lectura":"5 minutos"},"schema":{"@context":"https:\/\/schema.org","@graph":[{"@type":"WebPage","@id":"https:\/\/biomes.world\/es\/cosas-a-saber\/alimentacion\/nutricion-consciente\/","url":"https:\/\/biomes.world\/es\/cosas-a-saber\/alimentacion\/nutricion-consciente\/","name":"Nutrici\u00f3n consciente: una definici\u00f3n | BIOMES - Feel Better","isPartOf":{"@id":"https:\/\/biomes.world\/es\/#website"},"datePublished":"2020-12-14T11:42:51+00:00","dateModified":"2022-06-21T16:29:57+00:00","description":"\u00bfQu\u00e9 es una alimentaci\u00f3n consciente? La definici\u00f3n y el por qu\u00e9 es importante una dieta sana y consciente, la puedes encontrar aqu\u00ed.","breadcrumb":{"@id":"https:\/\/biomes.world\/es\/cosas-a-saber\/alimentacion\/nutricion-consciente\/#breadcrumb"},"inLanguage":"es","potentialAction":[{"@type":"ReadAction","target":["https:\/\/biomes.world\/es\/cosas-a-saber\/alimentacion\/nutricion-consciente\/"]}]},{"@type":"BreadcrumbList","@id":"https:\/\/biomes.world\/es\/cosas-a-saber\/alimentacion\/nutricion-consciente\/#breadcrumb","itemListElement":[{"@type":"ListItem","position":1,"name":"Home","item":"https:\/\/biomes.world\/es\/"},{"@type":"ListItem","position":2,"name":"My Health, My Life","item":"https:\/\/biomes.world\/es\/cosas-a-saber\/"},{"@type":"ListItem","position":3,"name":"Categoria: Alimentacion","item":"https:\/\/biomes.world\/es\/cosas-a-saber\/alimentacion\/"},{"@type":"ListItem","position":4,"name":"Nutrici\u00f3n Consciente"}]},{"@type":"WebSite","@id":"https:\/\/biomes.world\/es\/#website","url":"https:\/\/biomes.world\/es\/","name":"BIOMES - Feel better","description":"Cutting-edge biotechnology used to help people","publisher":{"@id":"https:\/\/biomes.world\/es\/#organization"},"potentialAction":[{"@type":"SearchAction","target":{"@type":"EntryPoint","urlTemplate":"https:\/\/biomes.world\/es\/?s={search_term_string}"},"query-input":{"@type":"PropertyValueSpecification","valueRequired":true,"valueName":"search_term_string"}}],"inLanguage":"es"},{"@type":"Organization","@id":"https:\/\/biomes.world\/es\/#organization","name":"BIOMES 4.0 GmbH","url":"https:\/\/biomes.world\/es\/","logo":{"@type":"ImageObject","inLanguage":"es","@id":"https:\/\/biomes.world\/es\/#\/schema\/logo\/image\/","url":"http:\/\/biomes.world\/wp-content\/uploads\/2024\/04\/biomes_logo_2021_RGB.png","contentUrl":"http:\/\/biomes.world\/wp-content\/uploads\/2024\/04\/biomes_logo_2021_RGB.png","width":10040,"height":2599,"caption":"BIOMES 4.0 GmbH"},"image":{"@id":"https:\/\/biomes.world\/es\/#\/schema\/logo\/image\/"},"sameAs":["https:\/\/de-de.facebook.com\/BIOMES.world\/","https:\/\/www.youtube.com\/@BIOMESworld","https:\/\/www.instagram.com\/biomes_official\/"]}]}},"_links":{"self":[{"href":"https:\/\/biomes.world\/es\/wp-json\/wp\/v2\/pages\/359766","targetHints":{"allow":["GET"]}}],"collection":[{"href":"https:\/\/biomes.world\/es\/wp-json\/wp\/v2\/pages"}],"about":[{"href":"https:\/\/biomes.world\/es\/wp-json\/wp\/v2\/types\/page"}],"author":[{"embeddable":true,"href":"https:\/\/biomes.world\/es\/wp-json\/wp\/v2\/users\/3168"}],"replies":[{"embeddable":true,"href":"https:\/\/biomes.world\/es\/wp-json\/wp\/v2\/comments?post=359766"}],"version-history":[{"count":0,"href":"https:\/\/biomes.world\/es\/wp-json\/wp\/v2\/pages\/359766\/revisions"}],"up":[{"embeddable":true,"href":"https:\/\/biomes.world\/es\/wp-json\/wp\/v2\/pages\/350255"}],"wp:attachment":[{"href":"https:\/\/biomes.world\/es\/wp-json\/wp\/v2\/media?parent=359766"}],"curies":[{"name":"wp","href":"https:\/\/api.w.org\/{rel}","templated":true}]}}