{"id":270969,"date":"2019-10-23T19:26:22","date_gmt":"2019-10-23T17:26:22","guid":{"rendered":"http:\/\/biomes.world\/cosas-a-saber\/adelgazar\/abnehmen-durch-probiotika\/"},"modified":"2022-01-03T19:37:34","modified_gmt":"2022-01-03T18:37:34","slug":"abnehmen-durch-probiotika","status":"publish","type":"page","link":"https:\/\/biomes.world\/es\/cosas-a-saber\/adelgazar\/con-probioticos\/","title":{"rendered":"Perder peso con probi\u00f3ticos"},"content":{"rendered":"\n<h1 class=\"wp-block-heading\" id=\"h-dieta-probiotica-para-la-perdida-de-peso\">\u00bfDieta probi\u00f3tica para la p\u00e9rdida de peso?<\/h1>\n\n\n\n<p>El hecho de que los probi\u00f3ticos son buenos para nuestro cuerpo ya se revela en su nombre: \u00abPro\u00bb es lat\u00edn y significa\u00a0\u00ab<strong>para<\/strong>\u00ab, y la antigua palabra griega \u00abbios\u00bb significa\u00a0\u00ab<strong>vida<\/strong>\u00ab. Los microorganismos peque\u00f1os, las bacterias y los hongos, como los contenidos en los probi\u00f3ticos, son esenciales para el cuerpo humano. La totalidad de todos los\u00a0<a href=\"https:\/\/biomes.world\/es\/cosas-a-saber\/intestino\/bacterias-intestinales\/bacterias-de-la-flora-intestinal\/\">microorganismos de nuestro intestino<\/a>\u00a0\u2013 la microbiota intestinal \u2013 cumple numerosas e importantes tareas. Y si es equilibrado y diverso en su composici\u00f3n, tambi\u00e9n puede ayudar, por ejemplo, en la reducci\u00f3n de peso. Entonces, \u00bfllevar una dieta probi\u00f3tica puede ayudarte a perder peso?<\/p>\n\n\n\n<h2 class=\"wp-block-heading\" id=\"h-que-son-los-probioticos\">\u00bfQu\u00e9 son los probi\u00f3ticos?<\/h2>\n\n\n\n<p>Seg\u00fan la definici\u00f3n de la Organizaci\u00f3n Mundial de la Salud, los <a href=\"https:\/\/biomes.world\/es\/cosas-a-saber\/intestino\/salud-intestinal\/probioticos\/\">probi\u00f3ticos<\/a> son <strong>microorganismos vivos<\/strong> que proporcionan un<strong>&nbsp;beneficio para la salud<\/strong>&nbsp;del organismo anfitri\u00f3n. Los probi\u00f3ticos se presentan en diferentes formas: Hay alimentos que son naturalmente probi\u00f3ticos y complementos probi\u00f3ticos que est\u00e1n enriquecidos con bacterias de cepas espec\u00edficas. El factor decisivo es que los microorganismos est\u00e1n vivos y&nbsp;<strong>pueden multiplicarse en el cuerpo<\/strong>.<\/p>\n\n\n\n<h2 class=\"wp-block-heading\" id=\"h-dieta-probiotica-ayuda-natural-para-la-perdida-de-peso\">Dieta probi\u00f3tica: Ayuda natural para la p\u00e9rdida de peso<\/h2>\n\n\n\n<p>Hay algunos alimentos que contienen bacterias vivas, especialmente&nbsp;<strong>bacterias de \u00e1cido l\u00e1ctico<\/strong>. Puedes&nbsp;<strong>absorberlas f\u00e1cilmente a trav\u00e9s de la comida<\/strong>&nbsp;y as\u00ed enriquecer tu flora intestinal, lo que puede tener un efecto positivo en tus objetivos de p\u00e9rdida de peso. Para los siguientes probi\u00f3ticos naturales debes reservar un espacio en tu dieta, sin importar qu\u00e9 tipo de dieta llevas:<\/p>\n\n\n<div id=\"benefits-block_60c218ae55470\" class=\"benefits site-block\">\n    <div class=\"benefits__row row xs-up-1 md-up-2 lg-up-3\">\n        <div class=\"benefits__item column\"><div class=\"benefits__content\"><div class=\"benefits__media--icon benefits__media\"><svg xmlns=\"http:\/\/www.w3.org\/2000\/svg\" viewBox=\"0 0 12 12\"><use xlink:href=\"https:\/\/biomes.world\/wp-content\/themes\/biomesworld\/resources\/public\/svg\/icons.svg?1.62#check\"><\/use><\/svg><\/div><div class=\"benefits__text\"><div class=\"benefits__header\">Chucrut<\/div><p>Este debe ser un chucrut fresco que no se ha calentado sino que se ha fermentado para conservarlo. Mira si puede encontrar uno en el mercado org\u00e1nico.<\/p>\n<\/div><\/div><\/div><div class=\"benefits__item column\"><div class=\"benefits__content\"><div class=\"benefits__media--icon benefits__media\"><svg xmlns=\"http:\/\/www.w3.org\/2000\/svg\" viewBox=\"0 0 12 12\"><use xlink:href=\"https:\/\/biomes.world\/wp-content\/themes\/biomesworld\/resources\/public\/svg\/icons.svg?1.62#check\"><\/use><\/svg><\/div><div class=\"benefits__text\"><div class=\"benefits__header\">Yogur<\/div><p>Come yogur natural, que puedes enriquecer con miel o fruta fresca para darle m\u00e1s sabor.<\/p>\n<\/div><\/div><\/div><div class=\"benefits__item column\"><div class=\"benefits__content\"><div class=\"benefits__media--icon benefits__media\"><svg xmlns=\"http:\/\/www.w3.org\/2000\/svg\" viewBox=\"0 0 12 12\"><use xlink:href=\"https:\/\/biomes.world\/wp-content\/themes\/biomesworld\/resources\/public\/svg\/icons.svg?1.62#check\"><\/use><\/svg><\/div><div class=\"benefits__text\"><div class=\"benefits__header\">K\u00e9fir<\/div><p>No a todos les gusta, pero vale la pena darle una oportunidad al k\u00e9fir. La bebida de leche agria y espesa se produce por fermentaci\u00f3n con el\u00a0<a href=\"https:\/\/biomes.world\/es\/mi-salud\/nutricion\/agua-de-kefir-la-limonada-probiotica\/\">hongo k\u00e9fir<\/a>.<\/p>\n<\/div><\/div><\/div><div class=\"benefits__item column\"><div class=\"benefits__content\"><div class=\"benefits__media--icon benefits__media\"><svg xmlns=\"http:\/\/www.w3.org\/2000\/svg\" viewBox=\"0 0 12 12\"><use xlink:href=\"https:\/\/biomes.world\/wp-content\/themes\/biomesworld\/resources\/public\/svg\/icons.svg?1.62#check\"><\/use><\/svg><\/div><div class=\"benefits__text\"><div class=\"benefits__header\">Miso<\/div><p>La pasta de especias japonesa se elabora a partir de soja fermentada \u2013 y la fermentaci\u00f3n es siempre buena, porque numerosas bacterias act\u00faan en el proceso de fermentaci\u00f3n.<\/p>\n<\/div><\/div><\/div><div class=\"benefits__item column\"><div class=\"benefits__content\"><div class=\"benefits__media--icon benefits__media\"><svg xmlns=\"http:\/\/www.w3.org\/2000\/svg\" viewBox=\"0 0 12 12\"><use xlink:href=\"https:\/\/biomes.world\/wp-content\/themes\/biomesworld\/resources\/public\/svg\/icons.svg?1.62#check\"><\/use><\/svg><\/div><div class=\"benefits__text\"><div class=\"benefits__header\">Vinagre de sidra<\/div><p>Otro alimento fermentado que siempre se puede comer \u2013 un chorro de vinagre de sidra en un aderezo para ensalada, por ejemplo, y sus intestinos estar\u00e1n encantados.<\/p>\n<\/div><\/div><\/div><div class=\"benefits__item column\"><div class=\"benefits__content\"><div class=\"benefits__media--icon benefits__media\"><svg xmlns=\"http:\/\/www.w3.org\/2000\/svg\" viewBox=\"0 0 12 12\"><use xlink:href=\"https:\/\/biomes.world\/wp-content\/themes\/biomesworld\/resources\/public\/svg\/icons.svg?1.62#check\"><\/use><\/svg><\/div><div class=\"benefits__text\"><div class=\"benefits__header\">T\u00e9 de Kombucha<\/div><p>Est\u00e1 celebrando un regreso como una bebida de moda \u2013 y pensamos que esto es genial. Porque el t\u00e9 de Kombucha tambi\u00e9n est\u00e1 fermentado. Y lo que encuentres en \u00e9l en consecuencia, probablemente no tengamos que repetirlo.<\/p>\n<\/div><\/div><\/div>    <\/div>\n<\/div>\n\n\n\n<p><strong>\u00bfPor qu\u00e9 llevar una dieta probi\u00f3tica ayuda en la perdida de peso?<\/strong>&nbsp;Con una flora intestinal equilibrada, las bacterias que son beneficiosas e ayudan en la p\u00e9rdida de peso y lo qu\u00e9 realmente tiene m\u00e1s probabilidades de obstaculizar la p\u00e9rdida de peso son las b\u00e1sculas. Entre las bacterias \u00fatiles se encuentran las bacterias&nbsp;<a href=\"https:\/\/biomes.world\/es\/cosas-a-saber\/intestino\/bacteroidetes\/\">bacterias bacteroidetes<\/a>. Estas bacterias no son tan minuciosas en la extracci\u00f3n de energ\u00eda de los alimentos. Si tu flora intestinal contiene suficientes Bacteroidetes, no crear\u00e1s f\u00e1cilmente un exceso de calor\u00edas que te haga ganar peso.<\/p>\n\n\n\n<p>E incluso si llevas una dieta probi\u00f3tica y consumes alimentos que no contienen ninguna de estas&nbsp;<strong>\u00abbacterias adelgazantes\u00bb<\/strong>, a\u00fan as\u00ed promueves la diversidad de tu flora intestinal, y esto hace m\u00e1s f\u00e1cil que mantengas un peso corporal normal.<\/p>\n\n\n\n<h2 class=\"wp-block-heading\" id=\"h-complementos-alimenticios-con-probioticos-cuando-es-util-incluir-estos-en-la-dieta\">Complementos alimenticios con probi\u00f3ticos \u2013 \u00bfcu\u00e1ndo es \u00fatil incluir estos en la dieta?<\/h2>\n\n\n\n<p>La flora intestinal se desarrolla autom\u00e1ticamente desde el nacimiento \u2013 s\u00f3lo tienes que alimentarla bien. Los alimentos probi\u00f3ticos son muy adecuados para esto. Sin embargo, no todos los alimentos contienen bacterias \u00fatiles. Por ello, el&nbsp;<strong>enriquecimiento activo del intestino con bacterias<\/strong>&nbsp;puede ser muy recomendable, especialmente en determinadas situaciones, por ejemplo&nbsp;<strong>despu\u00e9s de una&nbsp;<a href=\"http:\/\/biomes.world\/es\/\/cosas-a-saber\/antibioticos\/\">ingesta de antibi\u00f3ticos<\/a><\/strong>. Porque los antibi\u00f3ticos funcionan \u2013 como su nombre lo indica \u2013 contra las bacterias.<\/p>\n\n\n\n<p>Aunque los antibi\u00f3ticos s\u00f3lo se dirigen a ciertas bacterias pat\u00f3genas, en realidad ning\u00fan antibi\u00f3tico es tan espec\u00edfico. Por eso algunos de las bacterias buenas siempre se ven afectadas. As\u00ed que si tu intestino estar\u00e1 debilitado por los antibi\u00f3ticos y la variedad de bacterias se reduce, los&nbsp;<strong>complementos alimenticios con probi\u00f3ticos<\/strong>&nbsp;pueden ayudarte a&nbsp;<strong>enriquecer los intestinos con bacterias \u00fatiles en un corto tiempo y de manera espec\u00edfica<\/strong>.<\/p>\n\n\n\n<p>Incluso si quieres perder peso, incluir probi\u00f3ticos en la dieta puede ayudar. A algunas personas les resulta dif\u00edcil perder peso porque tienen muy pocos de los \u00abadelgazantes\u00bb en los intestinos, pero muchos de los \u00abengordantes\u00bb \u2013 especialmente la&nbsp;bacteria firmicutes. Hay algunos complementos alimenticios probi\u00f3ticos disponibles que contienen estas bacterias. En&nbsp;<strong>combinaci\u00f3n con una dieta equilibrada y rica en fibra<\/strong>&nbsp;puedes multiplicar estos peque\u00f1os ayudantes en los intestinos y perder peso es m\u00e1s f\u00e1cil para ti. Sin embargo, la p\u00e9rdida de peso con probi\u00f3ticos por s\u00ed sola no llevar\u00e1 al \u00e9xito: Una dieta equilibrada y suficiente ejercicio son tambi\u00e9n necesarios.<\/p>\n\n\n\n<h2 class=\"wp-block-heading\" id=\"h-en-el-camino-hacia-el-peso-con-una-dieta-probiotica-fomento-especifico-de-las-bacterias-intestinales\">En el camino hacia el peso con una dieta probi\u00f3tica: Fomento espec\u00edfico de las bacterias intestinales<\/h2>\n\n\n\n<p>Tal vez te est\u00e9s preguntando c\u00f3mo deber\u00edas saber qu\u00e9 bacterias intestinales tienes y si una dieta probi\u00f3tica podr\u00eda ayudarte a perder peso. Con el an\u00e1lisis intestinal&nbsp;<a href=\"https:\/\/biomes-salued.es\"><strong>INTEST.<\/strong>pro<\/a>&nbsp;de&nbsp;<strong>BIOMES<\/strong>&nbsp;tendr\u00e1s pronto una respuesta: Ordena un&nbsp;<strong>kit de prueba , toma una muestra de heces, env\u00edala al laboratorio<\/strong>&nbsp;de&nbsp;<strong>BIOMES<\/strong>&nbsp;y ten paciencia por un tiempo. Despu\u00e9s de unas dos semanas recibir\u00e1s una evaluaci\u00f3n detallada del estado de su flora intestinal.<\/p>\n\n\n\n<p>Los cient\u00edficos de&nbsp;<strong>BIOMES<\/strong>&nbsp;no s\u00f3lo te explicar\u00e1n lo que pasa en tu intestino y lo que podr\u00eda faltar, sino que tambi\u00e9n te dar\u00e1n consejos concretos.<\/p>\n\n\n<div\n    id=\"hero-teaser-block_60a3ac7ca1934\"\n    class=\"hero-teaser site-block\"\n>\n    <div class=\"hero-teaser__media\">\n        <img decoding=\"async\"\n            src=\"https:\/\/biomes.world\/wp-content\/uploads\/2019\/12\/Darmflora_Immunsystem_aus_dem_Bauch_heraus-1600x650.jpg\"\n            alt=\"\"\n            srcset=\"https:\/\/biomes.world\/wp-content\/uploads\/2019\/12\/Darmflora_Immunsystem_aus_dem_Bauch_heraus-300x169.jpg 300w, https:\/\/biomes.world\/wp-content\/uploads\/2019\/12\/Darmflora_Immunsystem_aus_dem_Bauch_heraus-1024x576.jpg 1024w, https:\/\/biomes.world\/wp-content\/uploads\/2019\/12\/Darmflora_Immunsystem_aus_dem_Bauch_heraus-768x432.jpg 768w, https:\/\/biomes.world\/wp-content\/uploads\/2019\/12\/Darmflora_Immunsystem_aus_dem_Bauch_heraus-1536x864.jpg 1536w, https:\/\/biomes.world\/wp-content\/uploads\/2019\/12\/Darmflora_Immunsystem_aus_dem_Bauch_heraus-250x141.jpg 250w, https:\/\/biomes.world\/wp-content\/uploads\/2019\/12\/Darmflora_Immunsystem_aus_dem_Bauch_heraus.jpg 1620w\"\n            sizes=\"(max-width: 30em) 100vw, (max-width: 48em) 100vw, (max-width: 62em) 100vw, (max-width: 75em) 100vw, 1400px\t\"\n        >\n    <\/div>\n    <div class=\"hero-teaser__header\">\n        <div class=\"hero-teaser__col column\">\n            <h2 class=\"hero-teaser__title\">\n                <span>M\u00e1s informaci\u00f3n sobre INTEST.pro<\/span>\n                El test intestinal de BIOMES            <\/h2>\n            \n\n<p>\u00bfC\u00f3mo analizamos tu flora intestinal? \u00bfQu\u00e9 incluye exactamente la prueba? \u00bfD\u00f3nde puedes comprar <strong>INTEST.<\/strong>pro?<br>\u00bfY c\u00f3mo protegemos tus datos?<\/p>\n\n\n\n<div class=\"wp-block-buttons is-layout-flex wp-block-buttons-is-layout-flex\">\n<div class=\"wp-block-button\"><a class=\"wp-block-button__link\" href=\"https:\/\/biomes-salued.es\" target=\"_blank\" rel=\"noreferrer noopener\">Informaci\u00f3n detallada<\/a><\/div>\n<\/div>\n\n        <\/div>\n    <\/div>\n<\/div>\n","protected":false},"excerpt":{"rendered":"<p>\u00bfDieta probi\u00f3tica para la p\u00e9rdida de peso? El hecho de que los probi\u00f3ticos son buenos para nuestro cuerpo ya se revela en su nombre: \u00abPro\u00bb es lat\u00edn y significa\u00a0\u00abpara\u00ab, y la antigua palabra griega \u00abbios\u00bb significa\u00a0\u00abvida\u00ab. Los microorganismos peque\u00f1os, las bacterias y los hongos, como los contenidos en los probi\u00f3ticos, son esenciales para el cuerpo [&#8230;]<\/p>\n","protected":false},"author":1572,"featured_media":0,"parent":0,"menu_order":0,"comment_status":"closed","ping_status":"closed","template":"","meta":{"_acf_changed":false,"footnotes":""},"class_list":["post-270969","page","type-page","status-publish","hentry"],"acf":[],"yoast_head":"<!-- This site is optimized with the Yoast SEO plugin v27.4 - https:\/\/yoast.com\/product\/yoast-seo-wordpress\/ -->\n<title>Perder peso con probi\u00f3ticos | BIOMES<\/title>\n<meta name=\"description\" content=\"\u00bfPueden los probi\u00f3ticos apoyar una dieta? \u00bfQu\u00e9 son exactamente los peque\u00f1os microorganismos vivos? BIOMES ofrece una visi\u00f3n general.\" \/>\n<meta name=\"robots\" content=\"index, follow, max-snippet:-1, max-image-preview:large, max-video-preview:-1\" \/>\n<link rel=\"canonical\" href=\"https:\/\/biomes.world\/es\/cosas-a-saber\/adelgazar\/con-probioticos\/\" \/>\n<meta property=\"og:locale\" content=\"es_ES\" \/>\n<meta property=\"og:type\" content=\"article\" \/>\n<meta property=\"og:title\" content=\"Perder peso con probi\u00f3ticos | BIOMES\" \/>\n<meta property=\"og:description\" content=\"\u00bfPueden los probi\u00f3ticos apoyar una dieta? \u00bfQu\u00e9 son exactamente los peque\u00f1os microorganismos vivos? BIOMES ofrece una visi\u00f3n general.\" \/>\n<meta property=\"og:url\" content=\"https:\/\/biomes.world\/es\/cosas-a-saber\/adelgazar\/con-probioticos\/\" \/>\n<meta property=\"og:site_name\" content=\"BIOMES - Feel better\" \/>\n<meta property=\"article:publisher\" content=\"https:\/\/de-de.facebook.com\/BIOMES.world\/\" \/>\n<meta property=\"article:modified_time\" content=\"2022-01-03T18:37:34+00:00\" \/>\n<meta name=\"twitter:card\" content=\"summary_large_image\" \/>\n<meta name=\"twitter:label1\" content=\"Tiempo de lectura\" \/>\n\t<meta name=\"twitter:data1\" content=\"5 minutos\" \/>\n<script type=\"application\/ld+json\" class=\"yoast-schema-graph\">{\"@context\":\"https:\\\/\\\/schema.org\",\"@graph\":[{\"@type\":\"WebPage\",\"@id\":\"https:\\\/\\\/biomes.world\\\/es\\\/cosas-a-saber\\\/adelgazar\\\/con-probioticos\\\/\",\"url\":\"https:\\\/\\\/biomes.world\\\/es\\\/cosas-a-saber\\\/adelgazar\\\/con-probioticos\\\/\",\"name\":\"Perder peso con probi\u00f3ticos | BIOMES\",\"isPartOf\":{\"@id\":\"https:\\\/\\\/biomes.world\\\/es\\\/#website\"},\"datePublished\":\"2019-10-23T17:26:22+00:00\",\"dateModified\":\"2022-01-03T18:37:34+00:00\",\"description\":\"\u00bfPueden los probi\u00f3ticos apoyar una dieta? \u00bfQu\u00e9 son exactamente los peque\u00f1os microorganismos vivos? BIOMES ofrece una visi\u00f3n general.\",\"breadcrumb\":{\"@id\":\"https:\\\/\\\/biomes.world\\\/es\\\/cosas-a-saber\\\/adelgazar\\\/con-probioticos\\\/#breadcrumb\"},\"inLanguage\":\"es\",\"potentialAction\":[{\"@type\":\"ReadAction\",\"target\":[\"https:\\\/\\\/biomes.world\\\/es\\\/cosas-a-saber\\\/adelgazar\\\/con-probioticos\\\/\"]}]},{\"@type\":\"BreadcrumbList\",\"@id\":\"https:\\\/\\\/biomes.world\\\/es\\\/cosas-a-saber\\\/adelgazar\\\/con-probioticos\\\/#breadcrumb\",\"itemListElement\":[{\"@type\":\"ListItem\",\"position\":1,\"name\":\"Home\",\"item\":\"https:\\\/\\\/biomes.world\\\/es\\\/\"},{\"@type\":\"ListItem\",\"position\":2,\"name\":\"Perder peso con probi\u00f3ticos\"}]},{\"@type\":\"WebSite\",\"@id\":\"https:\\\/\\\/biomes.world\\\/es\\\/#website\",\"url\":\"https:\\\/\\\/biomes.world\\\/es\\\/\",\"name\":\"BIOMES - Feel better\",\"description\":\"Cutting-edge biotechnology used to help people\",\"publisher\":{\"@id\":\"https:\\\/\\\/biomes.world\\\/es\\\/#organization\"},\"potentialAction\":[{\"@type\":\"SearchAction\",\"target\":{\"@type\":\"EntryPoint\",\"urlTemplate\":\"https:\\\/\\\/biomes.world\\\/es\\\/?s={search_term_string}\"},\"query-input\":{\"@type\":\"PropertyValueSpecification\",\"valueRequired\":true,\"valueName\":\"search_term_string\"}}],\"inLanguage\":\"es\"},{\"@type\":\"Organization\",\"@id\":\"https:\\\/\\\/biomes.world\\\/es\\\/#organization\",\"name\":\"BIOMES 4.0 GmbH\",\"url\":\"https:\\\/\\\/biomes.world\\\/es\\\/\",\"logo\":{\"@type\":\"ImageObject\",\"inLanguage\":\"es\",\"@id\":\"https:\\\/\\\/biomes.world\\\/es\\\/#\\\/schema\\\/logo\\\/image\\\/\",\"url\":\"https:\\\/\\\/biomes.world\\\/http:\\\/\\\/biomes.world\\\/wp-content\\\/uploads\\\/2024\\\/04\\\/biomes_logo_2021_RGB.png\",\"contentUrl\":\"https:\\\/\\\/biomes.world\\\/http:\\\/\\\/biomes.world\\\/wp-content\\\/uploads\\\/2024\\\/04\\\/biomes_logo_2021_RGB.png\",\"width\":10040,\"height\":2599,\"caption\":\"BIOMES 4.0 GmbH\"},\"image\":{\"@id\":\"https:\\\/\\\/biomes.world\\\/es\\\/#\\\/schema\\\/logo\\\/image\\\/\"},\"sameAs\":[\"https:\\\/\\\/de-de.facebook.com\\\/BIOMES.world\\\/\",\"https:\\\/\\\/www.youtube.com\\\/@BIOMESworld\",\"https:\\\/\\\/www.instagram.com\\\/biomes_official\\\/\"]}]}<\/script>\n<!-- \/ Yoast SEO plugin. -->","yoast_head_json":{"title":"Perder peso con probi\u00f3ticos | BIOMES","description":"\u00bfPueden los probi\u00f3ticos apoyar una dieta? \u00bfQu\u00e9 son exactamente los peque\u00f1os microorganismos vivos? BIOMES ofrece una visi\u00f3n general.","robots":{"index":"index","follow":"follow","max-snippet":"max-snippet:-1","max-image-preview":"max-image-preview:large","max-video-preview":"max-video-preview:-1"},"canonical":"https:\/\/biomes.world\/es\/cosas-a-saber\/adelgazar\/con-probioticos\/","og_locale":"es_ES","og_type":"article","og_title":"Perder peso con probi\u00f3ticos | BIOMES","og_description":"\u00bfPueden los probi\u00f3ticos apoyar una dieta? \u00bfQu\u00e9 son exactamente los peque\u00f1os microorganismos vivos? BIOMES ofrece una visi\u00f3n general.","og_url":"https:\/\/biomes.world\/es\/cosas-a-saber\/adelgazar\/con-probioticos\/","og_site_name":"BIOMES - Feel better","article_publisher":"https:\/\/de-de.facebook.com\/BIOMES.world\/","article_modified_time":"2022-01-03T18:37:34+00:00","twitter_card":"summary_large_image","twitter_misc":{"Tiempo de lectura":"5 minutos"},"schema":{"@context":"https:\/\/schema.org","@graph":[{"@type":"WebPage","@id":"https:\/\/biomes.world\/es\/cosas-a-saber\/adelgazar\/con-probioticos\/","url":"https:\/\/biomes.world\/es\/cosas-a-saber\/adelgazar\/con-probioticos\/","name":"Perder peso con probi\u00f3ticos | BIOMES","isPartOf":{"@id":"https:\/\/biomes.world\/es\/#website"},"datePublished":"2019-10-23T17:26:22+00:00","dateModified":"2022-01-03T18:37:34+00:00","description":"\u00bfPueden los probi\u00f3ticos apoyar una dieta? \u00bfQu\u00e9 son exactamente los peque\u00f1os microorganismos vivos? BIOMES ofrece una visi\u00f3n general.","breadcrumb":{"@id":"https:\/\/biomes.world\/es\/cosas-a-saber\/adelgazar\/con-probioticos\/#breadcrumb"},"inLanguage":"es","potentialAction":[{"@type":"ReadAction","target":["https:\/\/biomes.world\/es\/cosas-a-saber\/adelgazar\/con-probioticos\/"]}]},{"@type":"BreadcrumbList","@id":"https:\/\/biomes.world\/es\/cosas-a-saber\/adelgazar\/con-probioticos\/#breadcrumb","itemListElement":[{"@type":"ListItem","position":1,"name":"Home","item":"https:\/\/biomes.world\/es\/"},{"@type":"ListItem","position":2,"name":"Perder peso con probi\u00f3ticos"}]},{"@type":"WebSite","@id":"https:\/\/biomes.world\/es\/#website","url":"https:\/\/biomes.world\/es\/","name":"BIOMES - Feel better","description":"Cutting-edge biotechnology used to help people","publisher":{"@id":"https:\/\/biomes.world\/es\/#organization"},"potentialAction":[{"@type":"SearchAction","target":{"@type":"EntryPoint","urlTemplate":"https:\/\/biomes.world\/es\/?s={search_term_string}"},"query-input":{"@type":"PropertyValueSpecification","valueRequired":true,"valueName":"search_term_string"}}],"inLanguage":"es"},{"@type":"Organization","@id":"https:\/\/biomes.world\/es\/#organization","name":"BIOMES 4.0 GmbH","url":"https:\/\/biomes.world\/es\/","logo":{"@type":"ImageObject","inLanguage":"es","@id":"https:\/\/biomes.world\/es\/#\/schema\/logo\/image\/","url":"https:\/\/biomes.world\/http:\/\/biomes.world\/wp-content\/uploads\/2024\/04\/biomes_logo_2021_RGB.png","contentUrl":"https:\/\/biomes.world\/http:\/\/biomes.world\/wp-content\/uploads\/2024\/04\/biomes_logo_2021_RGB.png","width":10040,"height":2599,"caption":"BIOMES 4.0 GmbH"},"image":{"@id":"https:\/\/biomes.world\/es\/#\/schema\/logo\/image\/"},"sameAs":["https:\/\/de-de.facebook.com\/BIOMES.world\/","https:\/\/www.youtube.com\/@BIOMESworld","https:\/\/www.instagram.com\/biomes_official\/"]}]}},"_links":{"self":[{"href":"https:\/\/biomes.world\/es\/wp-json\/wp\/v2\/pages\/270969","targetHints":{"allow":["GET"]}}],"collection":[{"href":"https:\/\/biomes.world\/es\/wp-json\/wp\/v2\/pages"}],"about":[{"href":"https:\/\/biomes.world\/es\/wp-json\/wp\/v2\/types\/page"}],"author":[{"embeddable":true,"href":"https:\/\/biomes.world\/es\/wp-json\/wp\/v2\/users\/1572"}],"replies":[{"embeddable":true,"href":"https:\/\/biomes.world\/es\/wp-json\/wp\/v2\/comments?post=270969"}],"version-history":[{"count":2,"href":"https:\/\/biomes.world\/es\/wp-json\/wp\/v2\/pages\/270969\/revisions"}],"predecessor-version":[{"id":633422,"href":"https:\/\/biomes.world\/es\/wp-json\/wp\/v2\/pages\/270969\/revisions\/633422"}],"wp:attachment":[{"href":"https:\/\/biomes.world\/es\/wp-json\/wp\/v2\/media?parent=270969"}],"curies":[{"name":"wp","href":"https:\/\/api.w.org\/{rel}","templated":true}]}}