{"id":183087,"date":"2018-12-11T10:35:59","date_gmt":"2018-12-11T09:35:59","guid":{"rendered":"http:\/\/biomes.world\/cosas-a-saber\/intestino\/darmerkrankungen\/"},"modified":"2022-06-21T18:53:48","modified_gmt":"2022-06-21T16:53:48","slug":"enfermedades-intestinales","status":"publish","type":"page","link":"https:\/\/biomes.world\/es\/cosas-a-saber\/intestino\/enfermedades-intestinales\/","title":{"rendered":"Enfermedades Intestinales."},"content":{"rendered":"\n<h1 class=\"wp-block-heading\" id=\"block-0520d266-d653-4fc4-882e-1b765763b5bb\">ALIMENTACI\u00d3N CONSCIENTE: POR ESO ES IMPORTANTE<\/h1>\n\n\n\n<p><strong>Los problemas intestinales<\/strong>&nbsp;pueden limitar considerablemente tu calidad de vida, ya que el intestino tiene una enorme influencia en tu salud y bienestar general. Cada persona tiene una flora intestinal \u00fanica y por este motivo, hay personas capaces de tolerar bien las legumbres y otras que no.Los problemas intestinales suelen presentarse cuando la&nbsp;<a href=\"http:\/\/biomes.world\/es\/\/feel-better\/te-interesa-saberlo\/sistema-inmunitario\/\">flora intestinal&nbsp;<\/a>se desequilibra. Algunas enfermedades intestinales siguen siendo un misterio para los m\u00e9dicos y cient\u00edficos, mientras que otras han sido bien estudiadas.<\/p>\n\n\n\n<h2 class=\"wp-block-heading\" id=\"block-8c52ff36-e178-47d0-8650-c9f41a7278c9\">Las flatulencias son el transtorno intestinal m\u00e1s com\u00fan<\/h2>\n\n\n\n<p>No todas las molestias intestinales son causadas por una enfermedad. La flora intestinal puede desequilibrarse debido a diversas causas como, por ejemplo, la ingesta de antibi\u00f3ticos que como todos sabemos, cambian la composici\u00f3n de la flora intestinal. Si sigues una dieta poco equilibrada, haces poco ejercico o bebes demasiado alcohol, estas costumbres tambi\u00e9n pueden causarte problemas.<\/p>\n\n\n\n<p>Todos conocemos un problema intestinal conocido con el nombre t\u00e9cnico de \u00abmeteorismo\u00bb que se manifieta en una&nbsp;<strong>barriga hinchada <\/strong>que resulta inc\u00f3moda, a veces incluso muy dolorosa. Las flatulencias aparecen como consecuencia de la ingesti\u00f3n excesiva de aire o por la&nbsp;<strong>acumulaci\u00f3n de gases en el intestino<\/strong>. La mayor\u00eda de las veces, los responsables de las flatulencias son los alimentos que producen gases como, por ejemplo, las legumbres, las cebollas, los alimentos grasos, las bebidas gaseosas o el pan fresco.<\/p>\n\n\n\n<p>Si te hinchas de vez en cuando despu\u00e9s de una comida, no tienes por qu\u00e9 preocuparte. Simplemente, evita los alimentos que causan flatulencias, come lentamente y bebe mucha agua.&nbsp;<strong>Aplicar un poco de calor y los masajes abdominales<\/strong>&nbsp;pueden aportar una sensaci\u00f3n de alivio.<\/p>\n\n\n\n<h2 class=\"wp-block-heading\" id=\"block-5e09e7d9-9acb-436a-9456-0d3d1e3a5b61\">ART\u00cdCULOS M\u00c1S RECIENTES RELACIONADOS<\/h2>\n\n\n\n<div id=\"post-246349\" class=\"post__item--sticky post__item post-246349 post type-post status-publish format-standard has-post-thumbnail hentry category-nutricion-consciente\">\n    <div class=\"post__content\">\n\n        <div class=\"stage--sticky stage\">\n            <div class=\"stage__media--sticky stage__media\">\n                <img loading=\"lazy\" decoding=\"async\" width=\"1600\" height=\"650\" src=\"https:\/\/biomes.world\/wp-content\/uploads\/2019\/04\/Warum_dein_Koerper_kein_Zucker_Mag-1600x650.jpg\" class=\"attachment-post-header size-post-header wp-post-image\" alt=\"Zucker ist dein Feind - Zucker in Sch\u00fcsseln\" srcset=\"https:\/\/biomes.world\/wp-content\/uploads\/2019\/04\/Warum_dein_Koerper_kein_Zucker_Mag-1600x650.jpg 1600w, https:\/\/biomes.world\/wp-content\/uploads\/2019\/04\/Warum_dein_Koerper_kein_Zucker_Mag-800x325.jpg 800w\" sizes=\"auto, (max-width: 1600px) 100vw, 1600px\" \/><div class=\"post__thumbnail\"><\/div>            <\/div>\n            <div class=\"stage__header--sticky stage__header\">\n                <div class=\"stage__col column\">\n                    <div class=\"stage__title--sticky stage__title h1\">\n                        <span class=\"cat-links\"><a href=\"https:\/\/biomes.world\/es\/.\/cosas-a-saber\/alimentacion\/nutricion-consciente\/\" rel=\"tag\">Nutrici\u00f3n consciente<\/a><\/span>                        <a href=\"https:\/\/biomes.world\/es\/cosas-a-saber\/alimentacion\/nutricion-consciente\/por-que-tu-intestino-no-quiere-azucar\/\" aria-hidden=\"true\" tabindex=\"-1\">\n                            <strong>El az\u00facar es el enemigo en el intestino: Por qu\u00e9 a tu intestino no le gusta el az\u00facar<\/strong>                        <\/a>\n                    <\/div>\n                <\/div>\n                <a href=\"https:\/\/biomes.world\/es\/cosas-a-saber\/alimentacion\/nutricion-consciente\/por-que-tu-intestino-no-quiere-azucar\/\" aria-hidden=\"true\" tabindex=\"-1\" class=\"stage__blocklink\">\n                    <span class=\"show-for-sr\"><strong>El az\u00facar es el enemigo en el intestino: Por qu\u00e9 a tu intestino no le gusta el az\u00facar<\/strong><\/span>\n                <\/a>\n            <\/div><!-- .stage__header -->\n        <\/div>\n\n    <\/div>\n<\/div><!-- #post-246349 -->\n\n\n\n\n<h2 class=\"wp-block-heading\" id=\"block-6d3f3b95-9953-42e2-b732-241514d8b646\">M\u00c1S ART\u00cdCULOS<\/h2>\n\n\n\n\n\n\n<p id=\"block-0f5d0190-f8d6-4e00-9ea1-46364efef04d\"><\/p>\n\n\n\n<h2 class=\"wp-block-heading\" id=\"block-66169d57-8694-439d-aaa8-3bf80154404d\">Enfermedades intestinales frecuentes<\/h2>\n\n\n\n<p id=\"block-8a496bf0-3d4a-4b7b-99df-6ffadc86cb23\">Las flatulencias ocasionales, el estre\u00f1imiento o la diarrea no tienen por qu\u00e9 ser el resultado de una enfermedad intestinal. Sin embargo, cuando estas molestias se producen con frecuancia o aparecen combinadas con otras, es probable que sean&nbsp;<a href=\"http:\/\/biomes.world\/es\/cosas-a-saber\/alimentacion\/vegana\/vegana-sintomas-de-deficiencia\/\">s\u00edntomas de una enfermedad intestinal<\/a>.<\/p>\n\n\n\n<h3 class=\"wp-block-heading\">Aqu\u00ed te mostramos brevemente&nbsp;las enfermedades intestinales m\u00e1s frecuentes:<\/h3>\n\n\n\n<h4 class=\"wp-block-heading\">El s\u00edndrome del intestino irritable<\/h4>\n\n\n\n<p>Estrictamente hablando, el s\u00edndrome del intestino irritable no es una enfermedad intestinal, sino un s\u00edndrome. Varios trastornos intestinales se mezclan y causan s\u00edntomas como&nbsp;<strong>diarrea, dolor abdominal, estre\u00f1imiento o flatulencias<\/strong>. Las causas del s\u00edndrome del intestino irritable no est\u00e1n claras. Lo que si se sabe es que los siguientes factores pueden jugar un papel importante:<\/p>\n\n\n\n<ul class=\"wp-block-list\"><li>Factores ps\u00edquicos (ansiedad, sobrecarga, preocupaciones)<\/li><li>Una dieta inusual (por ejemplo, al ir de vacaciones a otro pa\u00eds)<\/li><li>Un caso previo gastroenteritis<\/li><li>La intolerancia a la lactosa<\/li><li>El consumo de estimulantes (cigarrillos, caf\u00e9, alcohol)<\/li><li>Un desequilibrio en la flora intestinal (disbiosis)<\/li><\/ul>\n\n\n\n<p>Los m\u00e9dicos diagnostican el s\u00edndrome del intestino irritable por medio del&nbsp;<strong>m\u00e9todo de descarte<\/strong>. Si los resultados de los ex\u00e1menes de laboratorio, ultrasonido o colonoscopia no revelan ninguna anomal\u00eda, el s\u00edndrome del intestino irritable es m\u00e1s que evidente.<\/p>\n\n\n\n<h4 class=\"wp-block-heading\">La enfermedad de Crohn<\/h4>\n\n\n\n<p>Esta enfermedad intestinal inflamatoria cr\u00f3nica puede afectar a todo el tracto digestivo, desde la boca hasta el ano. Sin embargo, la parte inferior del intestino delgado y la superior del intestino gruesose inflaman con mayor frecuencia. Al igual que el s\u00edndrome del intestino irritable, la&nbsp;<a href=\"http:\/\/biomes.world\/es\/cosas-a-saber\/intestino\/enfermedades-intestinales-cronicas\/enfermedad-crohn\/enfermedad-crohn-diagnostico\/\">enfermedad de Crohn<\/a>&nbsp;es dif\u00edcil de diagnosticar porque los s\u00edntomas suelen ser poco claros. Esta enfermedad intestinal ocurre en episodios que son impredecibles. Los s\u00edntomas m\u00e1s comunes son:<\/p>\n\n\n\n<ul class=\"wp-block-list\"><li>Diarrea<\/li><li>Dolor abdominal en la parte inferior derecha del abdomen<\/li><li>Fiebre<\/li><li>N\u00e1useas y v\u00f3mitos<\/li><li>P\u00e9rdida de peso<\/li><\/ul>\n\n\n\n<p>Todav\u00eda no est\u00e1 claro c\u00f3mo se desarrolla la enfermedad de Crohn, aunque se sospecha que se debe a un trastorno autoinmune. Tambi\u00e9n hay algunas evidencias que sugieren una predisposici\u00f3n hereditaria.<\/p>\n\n\n\n<h4 class=\"wp-block-heading\">Colitis ulcerosa<\/h4>\n\n\n\n<p>Al igual que la enfermedad de Crohn, esta enfermedad intestinal se considera una&nbsp;enfermedad intestinal inflamatoria cr\u00f3nica. Aunque en este caso,&nbsp;<strong>la inflamaci\u00f3n solo afecta al colon&nbsp;<\/strong>y no al resto del tracto digestivo. En muchos casos, la enfermedad comienza en el recto y luego se extiende al intestino grueso.<\/p>\n\n\n\n<p>La&nbsp;<a href=\"http:\/\/biomes.world\/es\/cosas-a-saber\/intestino\/enfermedades-intestinales-cronicas\/colitis-ulcerosa\/\">colitis ulcerosa<\/a><strong> se manifiesta en episodios<\/strong>, pudiendo pasar meses o incluso a\u00f1os sin que reaparezcan los s\u00edntomas. Como los s\u00edntomas son similares a los de la enfermedad de Crohn, tu m\u00e9dico deber\u00e1 hacer un diagn\u00f3stico. Las causas de esta enfermedad intestinal tampoco est\u00e1n claras, probablemente se trate de una&nbsp;enfermedad autoinmune. Tambi\u00e9n es muy probable que los virus y las bacterias desempe\u00f1en un papel importante.<\/p>\n\n\n\n<h2 class=\"wp-block-heading\">\u00bfQu\u00e9 enfermedades intestinales pueden ser potencialmente mortales?<\/h2>\n\n\n\n<p>En casos aislados, una enfermedad intestinal puede ocasionar complicaciones. En el caso de la enfermedad de Crohn, la&nbsp;<strong>obstrucci\u00f3n del intestino<\/strong>&nbsp;es una posible complicaci\u00f3n posible que deber\u00e1 tratarse inmediatamente. La formaci\u00f3n de cicatrices despu\u00e9s de una reca\u00edda puede provocar un estrechamiento que, en el peor de los casos, lleve a una obstrucci\u00f3n intestinal. Tambi\u00e9n podr\u00eda producirse una&nbsp;<strong>ruptura intestinal<\/strong>, de forma que el contenido de los intestinos entra en la cavidad abdominal, causando infecciones potencialmente mortales. En este caso, debes acudir inmediatamente al hospital para ser tratado.Tambi\u00e9n se pueden protocir complicaciones a ra\u00edz de una colitis ulcerosa. No solo puede llevar a una perforaci\u00f3n intestinal, sino tambi\u00e9n a un&nbsp;<strong>megacolon t\u00f3xico<\/strong>. que, a su vez, puede conducir a una obstrucci\u00f3n intestinal potencialmente mortal. Los episodios fuertes tambi\u00e9n pueden provocar hemorragias en el intestino, lo que puede provocar una grave&nbsp;<strong>p\u00e9rdida de sangre<\/strong>. Casos como estos, pueden ser necesarias transfusiones de sangre y cirug\u00eda.<\/p>\n\n\n\n<h2 class=\"wp-block-heading\">\u00bfC\u00f3mo est\u00e1 la salud de tu flora intestinal?<\/h2>\n\n\n\n<p>Puedes prevenir muchas dolencias intestinales&nbsp;<strong>con una flora intestinal sana<\/strong>. La flora intestinal se compone de miles de millones de microorganismos -hasta dos kilogramos de microbios viven en tu intestino- pero es importante que las&nbsp;<a href=\"http:\/\/biomes.world\/es\/cosas-a-saber\/intestino\/bacterias-intestinales\/bacterias-intestinales-superheroes-del-cuerpo\/\">bacterias intestinales<\/a>&nbsp;\u00abbuenas\u00bb sean las que predominen.<br>\u00bfPero c\u00f3mo puedes saber c\u00f3mo se encuentra tu flora intestinal? Con&nbsp;<strong>BIOMES<\/strong>&nbsp;tienes la posibilidad de optener un detallado an\u00e1lisis intestinal. Con&nbsp;<a href=\"https:\/\/biomes-salued.es\"><strong>INTEST.<\/strong>pro<\/a>&nbsp;de&nbsp;<strong>BIOMES<\/strong>&nbsp;puedes averiguar cu\u00e1les son las bacterias que componen actualmente tu flora intestinal, gracias a que la precisi\u00f3n de esta prueba es \u00fanica entre los proveedores europeos.<\/p>\n\n\n<div\n    id=\"hero-teaser-block_60a3ac7ca1934\"\n    class=\"hero-teaser site-block\"\n>\n    <div class=\"hero-teaser__media\">\n        <img decoding=\"async\"\n            src=\"https:\/\/biomes.world\/wp-content\/uploads\/2019\/12\/Darmflora_Immunsystem_aus_dem_Bauch_heraus-1600x650.jpg\"\n            alt=\"\"\n            srcset=\"https:\/\/biomes.world\/wp-content\/uploads\/2019\/12\/Darmflora_Immunsystem_aus_dem_Bauch_heraus-300x169.jpg 300w, https:\/\/biomes.world\/wp-content\/uploads\/2019\/12\/Darmflora_Immunsystem_aus_dem_Bauch_heraus-1024x576.jpg 1024w, https:\/\/biomes.world\/wp-content\/uploads\/2019\/12\/Darmflora_Immunsystem_aus_dem_Bauch_heraus-768x432.jpg 768w, https:\/\/biomes.world\/wp-content\/uploads\/2019\/12\/Darmflora_Immunsystem_aus_dem_Bauch_heraus-1536x864.jpg 1536w, https:\/\/biomes.world\/wp-content\/uploads\/2019\/12\/Darmflora_Immunsystem_aus_dem_Bauch_heraus-250x141.jpg 250w, https:\/\/biomes.world\/wp-content\/uploads\/2019\/12\/Darmflora_Immunsystem_aus_dem_Bauch_heraus.jpg 1620w\"\n            sizes=\"(max-width: 30em) 100vw, (max-width: 48em) 100vw, (max-width: 62em) 100vw, (max-width: 75em) 100vw, 1400px\t\"\n        >\n    <\/div>\n    <div class=\"hero-teaser__header\">\n        <div class=\"hero-teaser__col column\">\n            <h2 class=\"hero-teaser__title\">\n                <span>M\u00e1s informaci\u00f3n sobre INTEST.pro<\/span>\n                El test intestinal de BIOMES            <\/h2>\n            \n\n<p>\u00bfC\u00f3mo analizamos tu flora intestinal? \u00bfQu\u00e9 incluye exactamente la prueba? \u00bfD\u00f3nde puedes comprar <strong>INTEST.<\/strong>pro?<br>\u00bfY c\u00f3mo protegemos tus datos?<\/p>\n\n\n\n<div class=\"wp-block-buttons is-layout-flex wp-block-buttons-is-layout-flex\">\n<div class=\"wp-block-button\"><a class=\"wp-block-button__link\" href=\"https:\/\/biomes-salued.es\" target=\"_blank\" rel=\"noreferrer noopener\">Informaci\u00f3n detallada<\/a><\/div>\n<\/div>\n\n        <\/div>\n    <\/div>\n<\/div>\n","protected":false},"excerpt":{"rendered":"<p>El az\u00facar y el intestino no tienen una buena relaci\u00f3n, el az\u00facar es el nuevo monstruo de los alimentos. Lo que hoy se llama el \u00abveneno blanco\u00bb era en la Edad Media el \u00aboro blanco\u00bb. En ese momento el az\u00facar era muy raro. Hoy en d\u00eda no s\u00f3lo se obtiene el llamado az\u00facar granulada a [&#8230;]<\/p>\n","protected":false},"author":1572,"featured_media":0,"parent":592836,"menu_order":28,"comment_status":"closed","ping_status":"closed","template":"","meta":{"_acf_changed":false,"footnotes":""},"class_list":["post-183087","page","type-page","status-publish","hentry"],"acf":[],"yoast_head":"<!-- This site is optimized with the Yoast SEO Premium plugin v26.2 (Yoast SEO v27.2) - https:\/\/yoast.com\/product\/yoast-seo-premium-wordpress\/ -->\n<title>Enfermedades intestinales peligrosas para la salud | BIOMES<\/title>\n<meta name=\"description\" content=\"Algunos problemas intestinales son inofensivos. Pero las enfermedades intestinales son m\u00e1s graves y no siempre vienen sin complicaciones.\" \/>\n<meta name=\"robots\" content=\"index, follow, max-snippet:-1, max-image-preview:large, max-video-preview:-1\" \/>\n<link rel=\"canonical\" href=\"https:\/\/biomes.world\/es\/cosas-a-saber\/intestino\/enfermedades-intestinales\/\" \/>\n<meta property=\"og:locale\" content=\"es_ES\" \/>\n<meta property=\"og:type\" content=\"article\" \/>\n<meta property=\"og:title\" content=\"Enfermedades Intestinales.\" \/>\n<meta property=\"og:description\" content=\"Algunos problemas intestinales son inofensivos. Pero las enfermedades intestinales son m\u00e1s graves y no siempre vienen sin complicaciones.\" \/>\n<meta property=\"og:url\" content=\"https:\/\/biomes.world\/es\/cosas-a-saber\/intestino\/enfermedades-intestinales\/\" \/>\n<meta property=\"og:site_name\" content=\"BIOMES - Feel better\" \/>\n<meta property=\"article:publisher\" content=\"https:\/\/de-de.facebook.com\/BIOMES.world\/\" \/>\n<meta property=\"article:modified_time\" content=\"2022-06-21T16:53:48+00:00\" \/>\n<meta name=\"twitter:card\" content=\"summary_large_image\" \/>\n<meta name=\"twitter:label1\" content=\"Tiempo de lectura\" \/>\n\t<meta name=\"twitter:data1\" content=\"6 minutos\" \/>\n<script type=\"application\/ld+json\" class=\"yoast-schema-graph\">{\"@context\":\"https:\/\/schema.org\",\"@graph\":[{\"@type\":\"WebPage\",\"@id\":\"https:\/\/biomes.world\/es\/cosas-a-saber\/intestino\/enfermedades-intestinales\/\",\"url\":\"https:\/\/biomes.world\/es\/cosas-a-saber\/intestino\/enfermedades-intestinales\/\",\"name\":\"Enfermedades intestinales peligrosas para la salud | BIOMES\",\"isPartOf\":{\"@id\":\"https:\/\/biomes.world\/es\/#website\"},\"datePublished\":\"2018-12-11T09:35:59+00:00\",\"dateModified\":\"2022-06-21T16:53:48+00:00\",\"description\":\"Algunos problemas intestinales son inofensivos. Pero las enfermedades intestinales son m\u00e1s graves y no siempre vienen sin complicaciones.\",\"breadcrumb\":{\"@id\":\"https:\/\/biomes.world\/es\/cosas-a-saber\/intestino\/enfermedades-intestinales\/#breadcrumb\"},\"inLanguage\":\"es\",\"potentialAction\":[{\"@type\":\"ReadAction\",\"target\":[\"https:\/\/biomes.world\/es\/cosas-a-saber\/intestino\/enfermedades-intestinales\/\"]}]},{\"@type\":\"BreadcrumbList\",\"@id\":\"https:\/\/biomes.world\/es\/cosas-a-saber\/intestino\/enfermedades-intestinales\/#breadcrumb\",\"itemListElement\":[{\"@type\":\"ListItem\",\"position\":1,\"name\":\"Home\",\"item\":\"https:\/\/biomes.world\/es\/\"},{\"@type\":\"ListItem\",\"position\":2,\"name\":\"My Health, My Life\",\"item\":\"https:\/\/biomes.world\/es\/cosas-a-saber\/\"},{\"@type\":\"ListItem\",\"position\":3,\"name\":\"Categoria: Intestino\",\"item\":\"https:\/\/biomes.world\/es\/cosas-a-saber\/intestino\/\"},{\"@type\":\"ListItem\",\"position\":4,\"name\":\"Enfermedades Intestinales.\"}]},{\"@type\":\"WebSite\",\"@id\":\"https:\/\/biomes.world\/es\/#website\",\"url\":\"https:\/\/biomes.world\/es\/\",\"name\":\"BIOMES - Feel better\",\"description\":\"Cutting-edge biotechnology used to help people\",\"publisher\":{\"@id\":\"https:\/\/biomes.world\/es\/#organization\"},\"potentialAction\":[{\"@type\":\"SearchAction\",\"target\":{\"@type\":\"EntryPoint\",\"urlTemplate\":\"https:\/\/biomes.world\/es\/?s={search_term_string}\"},\"query-input\":{\"@type\":\"PropertyValueSpecification\",\"valueRequired\":true,\"valueName\":\"search_term_string\"}}],\"inLanguage\":\"es\"},{\"@type\":\"Organization\",\"@id\":\"https:\/\/biomes.world\/es\/#organization\",\"name\":\"BIOMES 4.0 GmbH\",\"url\":\"https:\/\/biomes.world\/es\/\",\"logo\":{\"@type\":\"ImageObject\",\"inLanguage\":\"es\",\"@id\":\"https:\/\/biomes.world\/es\/#\/schema\/logo\/image\/\",\"url\":\"http:\/\/biomes.world\/wp-content\/uploads\/2024\/04\/biomes_logo_2021_RGB.png\",\"contentUrl\":\"http:\/\/biomes.world\/wp-content\/uploads\/2024\/04\/biomes_logo_2021_RGB.png\",\"width\":10040,\"height\":2599,\"caption\":\"BIOMES 4.0 GmbH\"},\"image\":{\"@id\":\"https:\/\/biomes.world\/es\/#\/schema\/logo\/image\/\"},\"sameAs\":[\"https:\/\/de-de.facebook.com\/BIOMES.world\/\",\"https:\/\/www.youtube.com\/@BIOMESworld\",\"https:\/\/www.instagram.com\/biomes_official\/\"],\"legalName\":\"BIOMES 4.0 GmbH\",\"duns\":\"314778637\"}]}<\/script>\n<!-- \/ Yoast SEO Premium plugin. -->","yoast_head_json":{"title":"Enfermedades intestinales peligrosas para la salud | BIOMES","description":"Algunos problemas intestinales son inofensivos. Pero las enfermedades intestinales son m\u00e1s graves y no siempre vienen sin complicaciones.","robots":{"index":"index","follow":"follow","max-snippet":"max-snippet:-1","max-image-preview":"max-image-preview:large","max-video-preview":"max-video-preview:-1"},"canonical":"https:\/\/biomes.world\/es\/cosas-a-saber\/intestino\/enfermedades-intestinales\/","og_locale":"es_ES","og_type":"article","og_title":"Enfermedades Intestinales.","og_description":"Algunos problemas intestinales son inofensivos. Pero las enfermedades intestinales son m\u00e1s graves y no siempre vienen sin complicaciones.","og_url":"https:\/\/biomes.world\/es\/cosas-a-saber\/intestino\/enfermedades-intestinales\/","og_site_name":"BIOMES - Feel better","article_publisher":"https:\/\/de-de.facebook.com\/BIOMES.world\/","article_modified_time":"2022-06-21T16:53:48+00:00","twitter_card":"summary_large_image","twitter_misc":{"Tiempo de lectura":"6 minutos"},"schema":{"@context":"https:\/\/schema.org","@graph":[{"@type":"WebPage","@id":"https:\/\/biomes.world\/es\/cosas-a-saber\/intestino\/enfermedades-intestinales\/","url":"https:\/\/biomes.world\/es\/cosas-a-saber\/intestino\/enfermedades-intestinales\/","name":"Enfermedades intestinales peligrosas para la salud | BIOMES","isPartOf":{"@id":"https:\/\/biomes.world\/es\/#website"},"datePublished":"2018-12-11T09:35:59+00:00","dateModified":"2022-06-21T16:53:48+00:00","description":"Algunos problemas intestinales son inofensivos. Pero las enfermedades intestinales son m\u00e1s graves y no siempre vienen sin complicaciones.","breadcrumb":{"@id":"https:\/\/biomes.world\/es\/cosas-a-saber\/intestino\/enfermedades-intestinales\/#breadcrumb"},"inLanguage":"es","potentialAction":[{"@type":"ReadAction","target":["https:\/\/biomes.world\/es\/cosas-a-saber\/intestino\/enfermedades-intestinales\/"]}]},{"@type":"BreadcrumbList","@id":"https:\/\/biomes.world\/es\/cosas-a-saber\/intestino\/enfermedades-intestinales\/#breadcrumb","itemListElement":[{"@type":"ListItem","position":1,"name":"Home","item":"https:\/\/biomes.world\/es\/"},{"@type":"ListItem","position":2,"name":"My Health, My Life","item":"https:\/\/biomes.world\/es\/cosas-a-saber\/"},{"@type":"ListItem","position":3,"name":"Categoria: Intestino","item":"https:\/\/biomes.world\/es\/cosas-a-saber\/intestino\/"},{"@type":"ListItem","position":4,"name":"Enfermedades Intestinales."}]},{"@type":"WebSite","@id":"https:\/\/biomes.world\/es\/#website","url":"https:\/\/biomes.world\/es\/","name":"BIOMES - Feel better","description":"Cutting-edge biotechnology used to help people","publisher":{"@id":"https:\/\/biomes.world\/es\/#organization"},"potentialAction":[{"@type":"SearchAction","target":{"@type":"EntryPoint","urlTemplate":"https:\/\/biomes.world\/es\/?s={search_term_string}"},"query-input":{"@type":"PropertyValueSpecification","valueRequired":true,"valueName":"search_term_string"}}],"inLanguage":"es"},{"@type":"Organization","@id":"https:\/\/biomes.world\/es\/#organization","name":"BIOMES 4.0 GmbH","url":"https:\/\/biomes.world\/es\/","logo":{"@type":"ImageObject","inLanguage":"es","@id":"https:\/\/biomes.world\/es\/#\/schema\/logo\/image\/","url":"http:\/\/biomes.world\/wp-content\/uploads\/2024\/04\/biomes_logo_2021_RGB.png","contentUrl":"http:\/\/biomes.world\/wp-content\/uploads\/2024\/04\/biomes_logo_2021_RGB.png","width":10040,"height":2599,"caption":"BIOMES 4.0 GmbH"},"image":{"@id":"https:\/\/biomes.world\/es\/#\/schema\/logo\/image\/"},"sameAs":["https:\/\/de-de.facebook.com\/BIOMES.world\/","https:\/\/www.youtube.com\/@BIOMESworld","https:\/\/www.instagram.com\/biomes_official\/"],"legalName":"BIOMES 4.0 GmbH","duns":"314778637"}]}},"_links":{"self":[{"href":"https:\/\/biomes.world\/es\/wp-json\/wp\/v2\/pages\/183087","targetHints":{"allow":["GET"]}}],"collection":[{"href":"https:\/\/biomes.world\/es\/wp-json\/wp\/v2\/pages"}],"about":[{"href":"https:\/\/biomes.world\/es\/wp-json\/wp\/v2\/types\/page"}],"author":[{"embeddable":true,"href":"https:\/\/biomes.world\/es\/wp-json\/wp\/v2\/users\/1572"}],"replies":[{"embeddable":true,"href":"https:\/\/biomes.world\/es\/wp-json\/wp\/v2\/comments?post=183087"}],"version-history":[{"count":0,"href":"https:\/\/biomes.world\/es\/wp-json\/wp\/v2\/pages\/183087\/revisions"}],"up":[{"embeddable":true,"href":"https:\/\/biomes.world\/es\/wp-json\/wp\/v2\/pages\/592836"}],"wp:attachment":[{"href":"https:\/\/biomes.world\/es\/wp-json\/wp\/v2\/media?parent=183087"}],"curies":[{"name":"wp","href":"https:\/\/api.w.org\/{rel}","templated":true}]}}