{"id":179023,"date":"2018-11-16T08:59:43","date_gmt":"2018-11-16T07:59:43","guid":{"rendered":"http:\/\/biomes.world\/intest-pro\/examinacion-de-heces\/stuhluntersuchung-im-labor\/"},"modified":"2023-03-09T14:21:29","modified_gmt":"2023-03-09T13:21:29","slug":"analisis-heces-laboratorio","status":"publish","type":"page","link":"https:\/\/biomes.world\/es\/intest-pro\/examinacion-de-heces\/analisis-heces-laboratorio\/","title":{"rendered":"An\u00e1lisis de heces en el laboratorio BIOMES"},"content":{"rendered":"\n<h1 class=\"wp-block-heading\" id=\"h-analisis-de-heces-en-el-laboratorio-biomes\">An\u00e1lisis de heces en el laboratorio&nbsp;BIOMES<\/h1>\n\n\n\n<p>Un an\u00e1lisis de heces en el laboratorio te proporciona informaci\u00f3n valiosa sobre tus habitantes intestinales y si cumplen completamente sus importantes tareas. Tu mismo decidir\u00e1s si deseas realizar un examen privado de heces en nuestro laboratorio:no es necesaria una visita al m\u00e9dico.<\/p>\n\n\n\n<p>\u00bfTienes la impresi\u00f3n que algo le falta a tu intestino y que no est\u00e1 todo bien? Entonces, \u00e9chale un vistazo m\u00e1s cercano a tus&nbsp;<a href=\"https:\/\/biomes.world\/es\/cosas-a-saber\/intestino\/bacterias-intestinales\/\">bacterias intestinales<\/a>&nbsp;con la ayuda de&nbsp;<strong>BIOMES<\/strong>&nbsp;y averigua c\u00f3mo puedes ayudar a tu intestino.<\/p>\n\n\n<div id=\"textpic-block_13a32864b0b7b4c119428e6499572596\" class=\"textpic textpic--reverse site-block\">\n    <div class=\"textpic__wrap\">\n        <div class=\"textpic__slide\">\n                            <div class=\"textpic__item\">\n                    <div class=\"textpic__row expanded row\">\n                        <div class=\"textpic__media\">\n                            <img loading=\"lazy\" decoding=\"async\" width=\"800\" height=\"800\" src=\"https:\/\/biomes.world\/wp-content\/uploads\/2019\/07\/Ernaehrungsplan-erstellen-800x800.jpg\" class=\"attachment-post-square size-post-square\" alt=\"Ern\u00e4hrungsplan erstellen Assoziationsbild\" srcset=\"https:\/\/biomes.world\/wp-content\/uploads\/2019\/07\/Ernaehrungsplan-erstellen-800x800.jpg 800w, https:\/\/biomes.world\/wp-content\/uploads\/2019\/07\/Ernaehrungsplan-erstellen-150x150.jpg 150w, https:\/\/biomes.world\/wp-content\/uploads\/2019\/07\/Ernaehrungsplan-erstellen-100x100.jpg 100w, https:\/\/biomes.world\/wp-content\/uploads\/2019\/07\/Ernaehrungsplan-erstellen-400x400.jpg 400w\" sizes=\"auto, (max-width: 800px) 100vw, 800px\" \/>                        <\/div>\n                        <div class=\"textpic__pull--text textpic__pull\">\n                            <div class=\"textpic__text\">\n                                <div class=\"h2\">\n                                    <span class=\"sub-header\"><\/span>\n                                    Examen privado de heces: \u00bfPor qu\u00e9?                                <\/div>\n                                <p>Te preguntar\u00e1s por qu\u00e9 deber\u00edas someterte a un <a href=\"https:\/\/biomes-salued.esexaminacion-de-heces\/\">examen de heces<\/a> en un laboratorio privado y por qu\u00e9 pagar por ello.<\/p>\n<ul>\n<li>Porque te proporcionamos un <strong>an\u00e1lisis exhaustivo de tus bacterias intestinales<\/strong> y podemos sacar muchas conclusiones sobre tu digesti\u00f3n, tu sistema inmunol\u00f3gico o las posible tendencia a las intolerancias.<\/li>\n<li>Porque nuestra prueba utiliza los <a href=\"http:\/\/biomes.world\/es\/intest-pro\/examinacion-de-heces\/analisis-heces-laboratorio\/#fn-1\"><strong>\u00faltimos est\u00e1ndares cient\u00edficos<\/strong><\/a> apara mostrar lo que est\u00e1 desequilibrado en tu intestino.<\/li>\n<li>Porque puedes mejorar tu bienestar de forma sostenible con nuestras <strong>recomendaciones individuales<\/strong> basadas en los resultados de tus pruebas.<\/li>\n<\/ul>\n                            <\/div>\n                        <\/div>\n                    <\/div>\n                <\/div>\n                    <\/div>\n    <\/div>\n<\/div>\n\n\n\n<p>No siempre una grave&nbsp;<a href=\"https:\/\/biomes.world\/es\/cosas-a-saber\/intestino\/enfermedades-intestinales-cronicas\/\">enfermedad<\/a>&nbsp;provoca molestias en el intestino y m\u00e1s all\u00e1. Ya que nuestro intestino es responsable del bienestar de todo el cuerpo un sistema inmunitario debilitado, falta de vitaminas, intolerancias alimentarias o alergias pueden provocar un desequilibrio en la flora intestinal.<\/p>\n\n\n\n<p>Si has tenido molestias durante alg\u00fan tiempo con causas poco claras o simplemente quieres saber qu\u00e9 es lo que necesita tu intestino, nuestro laboratorio te dar\u00e1 respuestas con nuestra prueba de heces&nbsp;<a href=\"https:\/\/biomes-salued.es\"><strong>INTEST<\/strong>.pro<\/a>.<\/p>\n\n\n\n<h2 class=\"wp-block-heading\" id=\"h-proceso-de-un-examen-de-heces-en-el-laboratorio-de-biomes\">Proceso de un examen de heces en el laboratorio de&nbsp;BIOMES<\/h2>\n\n\n\n<p>Un examen de heces en nuestro laboratorio se lleva a cabo de acuerdo a los \u00faltimos est\u00e1ndares biotecnol\u00f3gicos. Mediante el&nbsp;<strong>an\u00e1lisis del ADN<\/strong>&nbsp;a trav\u00e9s de la llamada&nbsp;<strong>secuenciaci\u00f3n de alto rendimiento (HTS)<\/strong>, podemos determinar cualquier microorganismo en tu intestino con la mayor precisi\u00f3n posible. Tambi\u00e9n evaluamos su n\u00famero y su digesti\u00f3n en general &#8211; por ejemplo, c\u00f3mo puede utilizar vitaminas, calor\u00edas y grasas. Tambi\u00e9n evaluamos la cantidad y la digesti\u00f3n en general, por ejemplo, c\u00f3mo utilizar las vitaminas, las calor\u00edas y las grasas.<\/p>\n\n\n\n<h3 class=\"wp-block-heading\" id=\"h-lo-mas-importante-de-nuestro-test\">Lo m\u00e1s importante de nuestro test:<\/h3>\n\n\n<div id=\"benefits-block_9b7f83a9c4cd3d6d41c96800fcedf5e8\" class=\"benefits site-block\">\n    <div class=\"benefits__row row xs-up-1 md-up-2 lg-up-3\">\n        <div class=\"benefits__item column\"><div class=\"benefits__content\"><div class=\"benefits__media--icon benefits__media\"><svg xmlns=\"http:\/\/www.w3.org\/2000\/svg\" viewBox=\"0 0 12 12\"><use xlink:href=\"https:\/\/biomes.world\/wp-content\/themes\/biomesworld\/resources\/public\/svg\/icons.svg?1.62#check\"><\/use><\/svg><\/div><div class=\"benefits__text\"><p>La muestra la tomas t\u00fa mismo limpiando el papel higi\u00e9nico con un hisopo de algod\u00f3n.<\/p>\n<\/div><\/div><\/div><div class=\"benefits__item column\"><div class=\"benefits__content\"><div class=\"benefits__media--icon benefits__media\"><svg xmlns=\"http:\/\/www.w3.org\/2000\/svg\" viewBox=\"0 0 12 12\"><use xlink:href=\"https:\/\/biomes.world\/wp-content\/themes\/biomesworld\/resources\/public\/svg\/icons.svg?1.62#check\"><\/use><\/svg><\/div><div class=\"benefits__text\"><p>S\u00f3lo se necesita una <strong>peque\u00f1a cantidad de heces<\/strong> para el procedimiento.<\/p>\n<\/div><\/div><\/div><div class=\"benefits__item column\"><div class=\"benefits__content\"><div class=\"benefits__media--icon benefits__media\"><svg xmlns=\"http:\/\/www.w3.org\/2000\/svg\" viewBox=\"0 0 12 12\"><use xlink:href=\"https:\/\/biomes.world\/wp-content\/themes\/biomesworld\/resources\/public\/svg\/icons.svg?1.62#check\"><\/use><\/svg><\/div><div class=\"benefits__text\"><p>El l\u00edquido en el tubo de muestra conserva el ADN de las bacterias intestinales sin necesidad de refrigeraci\u00f3n durante m\u00e1s de 2 a\u00f1os.<\/p>\n<\/div><\/div><\/div><div class=\"benefits__item column\"><div class=\"benefits__content\"><div class=\"benefits__media--icon benefits__media\"><svg xmlns=\"http:\/\/www.w3.org\/2000\/svg\" viewBox=\"0 0 12 12\"><use xlink:href=\"https:\/\/biomes.world\/wp-content\/themes\/biomesworld\/resources\/public\/svg\/icons.svg?1.62#check\"><\/use><\/svg><\/div><div class=\"benefits__text\"><p>Todo lo que necesitas para el test se te enviar\u00e1 por correo.<\/p>\n<\/div><\/div><\/div><div class=\"benefits__item column\"><div class=\"benefits__content\"><div class=\"benefits__media--icon benefits__media\"><svg xmlns=\"http:\/\/www.w3.org\/2000\/svg\" viewBox=\"0 0 12 12\"><use xlink:href=\"https:\/\/biomes.world\/wp-content\/themes\/biomesworld\/resources\/public\/svg\/icons.svg?1.62#check\"><\/use><\/svg><\/div><div class=\"benefits__text\"><p>Los diagn\u00f3sticos de heces en el laboratorio toman de <strong>dos a tres semanas<\/strong>.<\/p>\n<\/div><\/div><\/div><div class=\"benefits__item column\"><div class=\"benefits__content\"><div class=\"benefits__media--icon benefits__media\"><svg xmlns=\"http:\/\/www.w3.org\/2000\/svg\" viewBox=\"0 0 12 12\"><use xlink:href=\"https:\/\/biomes.world\/wp-content\/themes\/biomesworld\/resources\/public\/svg\/icons.svg?1.62#check\"><\/use><\/svg><\/div><div class=\"benefits__text\"><p>Posteriormente, podr\u00e1s ver los resultados en tu panel de control personal (Dashboard), ordenados de forma clara y detallada.<\/p>\n<\/div><\/div><\/div>    <\/div>\n<\/div>\n\n\n<div id=\"textpic-block_b8d0ea8d1b62661f0ab0eebedb829ddb\" class=\"textpic site-block\">\n    <div class=\"textpic__wrap\">\n        <div class=\"textpic__slide\">\n                            <div class=\"textpic__item\">\n                    <div class=\"textpic__row expanded row\">\n                        <div class=\"textpic__media\">\n                            <img loading=\"lazy\" decoding=\"async\" width=\"800\" height=\"800\" src=\"https:\/\/biomes.world\/wp-content\/uploads\/2019\/01\/Depositphotos_330685550_xl-2015-scaled-800x800.jpg\" class=\"attachment-post-square size-post-square\" alt=\"\" srcset=\"https:\/\/biomes.world\/wp-content\/uploads\/2019\/01\/Depositphotos_330685550_xl-2015-scaled-800x800.jpg 800w, https:\/\/biomes.world\/wp-content\/uploads\/2019\/01\/Depositphotos_330685550_xl-2015-scaled-150x150.jpg 150w, https:\/\/biomes.world\/wp-content\/uploads\/2019\/01\/Depositphotos_330685550_xl-2015-scaled-100x100.jpg 100w, https:\/\/biomes.world\/wp-content\/uploads\/2019\/01\/Depositphotos_330685550_xl-2015-scaled-400x400.jpg 400w\" sizes=\"auto, (max-width: 800px) 100vw, 800px\" \/>                        <\/div>\n                        <div class=\"textpic__pull--text textpic__pull\">\n                            <div class=\"textpic__text\">\n                                <div class=\"h2\">\n                                    <span class=\"sub-header\">INTEST.pro<\/span>\n                                    Consejos para el proceso de muestreo                                <\/div>\n                                <p>B\u00e1sicamente, tu parte en el examen de heces es tomar la muestra. Es tan f\u00e1cil como un juego de ni\u00f1os. Pero hay algunos consejos que puedes tomar en cuenta:<\/p>\n<ul>\n<li>\u00bfQuieres llegar <strong>concretamente<\/strong> al fondo de tus <strong>molestias<\/strong>? Entonces, toma la muestra de heces en el momento en que se presenten los s\u00edntomas.<\/li>\n<li>\u00bfTe gustar\u00eda tener una <strong>imagen de tu intestino en condiciones normales<\/strong>? Elije un d\u00eda normal para tomar la muestra, cuando hayas comido normalmente, no est\u00e9s estresado y no haya noches de fiesta de por medio.<\/li>\n<li>Aproximadamente el 75% de la flora intestinal es estable. Por lo tanto, no se puede hacer mucho da\u00f1o eligiendo el momento para tomar la muestra de heces.<\/li>\n<li>Toma la muestra de heces relajado en la <strong>comodidad de tu casa<\/strong>, discretamente y sin presi\u00f3n de tiempo.<\/li>\n<\/ul>\n<p>Ver\u00e1s que no hay mucho que considerar. Para guardar la muestra de heces, simplemente sigue nuestras instrucciones incluidas en el kit del test, env\u00eda el recipiente de muestra lleno a nuestro laboratorio para realizar las pruebas privadas de heces y pronto recibir\u00e1s un an\u00e1lisis y una evaluaci\u00f3n detallada de tu flora intestinal.<\/p>\n                            <\/div>\n                        <\/div>\n                    <\/div>\n                <\/div>\n                    <\/div>\n    <\/div>\n<\/div>\n\n\n<div\n    id=\"hero-teaser-block_13b6c3c01361498d9df96850d82d6741\"\n    class=\"hero-teaser site-block\"\n>\n    <div class=\"hero-teaser__media\">\n        <img decoding=\"async\"\n            src=\"https:\/\/biomes.world\/wp-content\/uploads\/2021\/05\/Fitness-1600x650.jpeg\"\n            alt=\"\"\n            srcset=\"https:\/\/biomes.world\/wp-content\/uploads\/2021\/05\/Fitness-300x128.jpeg 300w, https:\/\/biomes.world\/wp-content\/uploads\/2021\/05\/Fitness-1024x435.jpeg 1024w, https:\/\/biomes.world\/wp-content\/uploads\/2021\/05\/Fitness-768x326.jpeg 768w, https:\/\/biomes.world\/wp-content\/uploads\/2021\/05\/Fitness-1536x653.jpeg 1536w, https:\/\/biomes.world\/wp-content\/uploads\/2021\/05\/Fitness-250x106.jpeg 250w, https:\/\/biomes.world\/wp-content\/uploads\/2021\/05\/Fitness.jpeg 1600w\"\n            sizes=\"(max-width: 30em) 100vw, (max-width: 48em) 100vw, (max-width: 62em) 100vw, (max-width: 75em) 100vw, 1400px\t\"\n        >\n    <\/div>\n    <div class=\"hero-teaser__header\">\n        <div class=\"hero-teaser__col column\">\n            <h2 class=\"hero-teaser__title\">\n                <span>M\u00e1s informaci\u00f3n sobre INTEST.pro<\/span>\n                El test intestinal de BIOMES            <\/h2>\n            \n\n<p>\u00bfC\u00f3mo analizamos tu flora intestinal? \u00bfQu\u00e9 incluye exactamente la prueba? \u00bfD\u00f3nde puedes comprar <strong>INTEST.<\/strong>pro?<br>\u00bfY c\u00f3mo protegemos tus datos?<\/p>\n\n\n\n<div class=\"wp-block-buttons is-layout-flex wp-block-buttons-is-layout-flex\">\n<div class=\"wp-block-button\"><a class=\"wp-block-button__link wp-element-button\" href=\"https:\/\/biomes-salued.es\" target=\"_blank\" rel=\"noreferrer noopener\">Informaci\u00f3n detallada<\/a><\/div>\n<\/div>\n\n        <\/div>\n    <\/div>\n<\/div>\n\n\n\n<p class=\"footnote\">1. Cao Y, Fanning S, Proos S, Jordan K and Srikumar S. A Review on the Applications of Next Generation Sequencing Technologies as Applied to Food-Related Microbiome Studies. Front. Microbiol. 2017, 8:1829. <a href=\"https:\/\/www.frontiersin.org\/articles\/10.3389\/fmicb.2017.01829\/full\">https:\/\/www.frontiersin.org\/articles\/10.3389\/fmicb.2017.01829\/full<\/a> <a href=\"http:\/\/biomes.world\/es\/intest-pro\/examinacion-de-heces\/analisis-heces-laboratorio\/\">\u21a9<\/a><\/p>\n","protected":false},"excerpt":{"rendered":"<p>An\u00e1lisis de heces en el laboratorio&nbsp;BIOMES Un an\u00e1lisis de heces en el laboratorio te proporciona informaci\u00f3n valiosa sobre tus habitantes intestinales y si cumplen completamente sus importantes tareas. Tu mismo decidir\u00e1s si deseas realizar un examen privado de heces en nuestro laboratorio:no es necesaria una visita al m\u00e9dico. \u00bfTienes la impresi\u00f3n que algo le falta [&#8230;]<\/p>\n","protected":false},"author":3168,"featured_media":0,"parent":177888,"menu_order":0,"comment_status":"closed","ping_status":"closed","template":"","meta":{"_acf_changed":false,"footnotes":""},"class_list":["post-179023","page","type-page","status-publish","hentry"],"acf":[],"yoast_head":"<!-- This site is optimized with the Yoast SEO plugin v27.4 - https:\/\/yoast.com\/product\/yoast-seo-wordpress\/ -->\n<title>An\u00e1lisis intestinal con un m\u00e9todo de \u00faltima generaci\u00f3n<\/title>\n<meta name=\"description\" content=\"Solicita un examen de heces en nuestro laboratorio privado y conoce tu flora intestinal gracias a los \u00faltimos m\u00e9todos biotecnol\u00f3gicos!\" \/>\n<meta name=\"robots\" content=\"index, follow, max-snippet:-1, max-image-preview:large, max-video-preview:-1\" \/>\n<link rel=\"canonical\" href=\"https:\/\/biomes.world\/es\/intest-pro\/examinacion-de-heces\/analisis-heces-laboratorio\/\" \/>\n<meta property=\"og:locale\" content=\"es_ES\" \/>\n<meta property=\"og:type\" content=\"article\" \/>\n<meta property=\"og:title\" content=\"An\u00e1lisis intestinal con un m\u00e9todo de \u00faltima generaci\u00f3n\" \/>\n<meta property=\"og:description\" content=\"Solicita un examen de heces en nuestro laboratorio privado y conoce tu flora intestinal gracias a los \u00faltimos m\u00e9todos biotecnol\u00f3gicos!\" \/>\n<meta property=\"og:url\" content=\"https:\/\/biomes.world\/es\/intest-pro\/examinacion-de-heces\/analisis-heces-laboratorio\/\" \/>\n<meta property=\"og:site_name\" content=\"BIOMES - Feel better\" \/>\n<meta property=\"article:publisher\" content=\"https:\/\/de-de.facebook.com\/BIOMES.world\/\" \/>\n<meta property=\"article:modified_time\" content=\"2023-03-09T13:21:29+00:00\" \/>\n<meta name=\"twitter:card\" content=\"summary_large_image\" \/>\n<meta name=\"twitter:label1\" content=\"Tiempo de lectura\" \/>\n\t<meta name=\"twitter:data1\" content=\"2 minutos\" \/>\n<script type=\"application\/ld+json\" class=\"yoast-schema-graph\">{\"@context\":\"https:\\\/\\\/schema.org\",\"@graph\":[{\"@type\":\"WebPage\",\"@id\":\"https:\\\/\\\/biomes.world\\\/es\\\/intest-pro\\\/examinacion-de-heces\\\/analisis-heces-laboratorio\\\/\",\"url\":\"https:\\\/\\\/biomes.world\\\/es\\\/intest-pro\\\/examinacion-de-heces\\\/analisis-heces-laboratorio\\\/\",\"name\":\"An\u00e1lisis intestinal con un m\u00e9todo de \u00faltima generaci\u00f3n\",\"isPartOf\":{\"@id\":\"https:\\\/\\\/biomes.world\\\/es\\\/#website\"},\"datePublished\":\"2018-11-16T07:59:43+00:00\",\"dateModified\":\"2023-03-09T13:21:29+00:00\",\"description\":\"Solicita un examen de heces en nuestro laboratorio privado y conoce tu flora intestinal gracias a los \u00faltimos m\u00e9todos biotecnol\u00f3gicos!\",\"breadcrumb\":{\"@id\":\"https:\\\/\\\/biomes.world\\\/es\\\/intest-pro\\\/examinacion-de-heces\\\/analisis-heces-laboratorio\\\/#breadcrumb\"},\"inLanguage\":\"es\",\"potentialAction\":[{\"@type\":\"ReadAction\",\"target\":[\"https:\\\/\\\/biomes.world\\\/es\\\/intest-pro\\\/examinacion-de-heces\\\/analisis-heces-laboratorio\\\/\"]}]},{\"@type\":\"BreadcrumbList\",\"@id\":\"https:\\\/\\\/biomes.world\\\/es\\\/intest-pro\\\/examinacion-de-heces\\\/analisis-heces-laboratorio\\\/#breadcrumb\",\"itemListElement\":[{\"@type\":\"ListItem\",\"position\":1,\"name\":\"Home\",\"item\":\"https:\\\/\\\/biomes.world\\\/es\\\/\"},{\"@type\":\"ListItem\",\"position\":2,\"name\":\"Feel better\",\"item\":\"https:\\\/\\\/biomes.world\\\/es\\\/feel-better\\\/\"},{\"@type\":\"ListItem\",\"position\":3,\"name\":\"INTEST.pro\",\"item\":\"https:\\\/\\\/biomes.world\\\/es\\\/feel-better\\\/intest-pro\\\/\"},{\"@type\":\"ListItem\",\"position\":4,\"name\":\"Examinaci\u00f3n de heces\",\"item\":\"https:\\\/\\\/biomes.world\\\/es\\\/?page_id=131552\"},{\"@type\":\"ListItem\",\"position\":5,\"name\":\"An\u00e1lisis de heces en el laboratorio BIOMES\"}]},{\"@type\":\"WebSite\",\"@id\":\"https:\\\/\\\/biomes.world\\\/es\\\/#website\",\"url\":\"https:\\\/\\\/biomes.world\\\/es\\\/\",\"name\":\"BIOMES - Feel better\",\"description\":\"Cutting-edge biotechnology used to help people\",\"publisher\":{\"@id\":\"https:\\\/\\\/biomes.world\\\/es\\\/#organization\"},\"potentialAction\":[{\"@type\":\"SearchAction\",\"target\":{\"@type\":\"EntryPoint\",\"urlTemplate\":\"https:\\\/\\\/biomes.world\\\/es\\\/?s={search_term_string}\"},\"query-input\":{\"@type\":\"PropertyValueSpecification\",\"valueRequired\":true,\"valueName\":\"search_term_string\"}}],\"inLanguage\":\"es\"},{\"@type\":\"Organization\",\"@id\":\"https:\\\/\\\/biomes.world\\\/es\\\/#organization\",\"name\":\"BIOMES 4.0 GmbH\",\"url\":\"https:\\\/\\\/biomes.world\\\/es\\\/\",\"logo\":{\"@type\":\"ImageObject\",\"inLanguage\":\"es\",\"@id\":\"https:\\\/\\\/biomes.world\\\/es\\\/#\\\/schema\\\/logo\\\/image\\\/\",\"url\":\"http:\\\/\\\/biomes.world\\\/wp-content\\\/uploads\\\/2024\\\/04\\\/biomes_logo_2021_RGB.png\",\"contentUrl\":\"http:\\\/\\\/biomes.world\\\/wp-content\\\/uploads\\\/2024\\\/04\\\/biomes_logo_2021_RGB.png\",\"width\":10040,\"height\":2599,\"caption\":\"BIOMES 4.0 GmbH\"},\"image\":{\"@id\":\"https:\\\/\\\/biomes.world\\\/es\\\/#\\\/schema\\\/logo\\\/image\\\/\"},\"sameAs\":[\"https:\\\/\\\/de-de.facebook.com\\\/BIOMES.world\\\/\",\"https:\\\/\\\/www.youtube.com\\\/@BIOMESworld\",\"https:\\\/\\\/www.instagram.com\\\/biomes_official\\\/\"]}]}<\/script>\n<!-- \/ Yoast SEO plugin. -->","yoast_head_json":{"title":"An\u00e1lisis intestinal con un m\u00e9todo de \u00faltima generaci\u00f3n","description":"Solicita un examen de heces en nuestro laboratorio privado y conoce tu flora intestinal gracias a los \u00faltimos m\u00e9todos biotecnol\u00f3gicos!","robots":{"index":"index","follow":"follow","max-snippet":"max-snippet:-1","max-image-preview":"max-image-preview:large","max-video-preview":"max-video-preview:-1"},"canonical":"https:\/\/biomes.world\/es\/intest-pro\/examinacion-de-heces\/analisis-heces-laboratorio\/","og_locale":"es_ES","og_type":"article","og_title":"An\u00e1lisis intestinal con un m\u00e9todo de \u00faltima generaci\u00f3n","og_description":"Solicita un examen de heces en nuestro laboratorio privado y conoce tu flora intestinal gracias a los \u00faltimos m\u00e9todos biotecnol\u00f3gicos!","og_url":"https:\/\/biomes.world\/es\/intest-pro\/examinacion-de-heces\/analisis-heces-laboratorio\/","og_site_name":"BIOMES - Feel better","article_publisher":"https:\/\/de-de.facebook.com\/BIOMES.world\/","article_modified_time":"2023-03-09T13:21:29+00:00","twitter_card":"summary_large_image","twitter_misc":{"Tiempo de lectura":"2 minutos"},"schema":{"@context":"https:\/\/schema.org","@graph":[{"@type":"WebPage","@id":"https:\/\/biomes.world\/es\/intest-pro\/examinacion-de-heces\/analisis-heces-laboratorio\/","url":"https:\/\/biomes.world\/es\/intest-pro\/examinacion-de-heces\/analisis-heces-laboratorio\/","name":"An\u00e1lisis intestinal con un m\u00e9todo de \u00faltima generaci\u00f3n","isPartOf":{"@id":"https:\/\/biomes.world\/es\/#website"},"datePublished":"2018-11-16T07:59:43+00:00","dateModified":"2023-03-09T13:21:29+00:00","description":"Solicita un examen de heces en nuestro laboratorio privado y conoce tu flora intestinal gracias a los \u00faltimos m\u00e9todos biotecnol\u00f3gicos!","breadcrumb":{"@id":"https:\/\/biomes.world\/es\/intest-pro\/examinacion-de-heces\/analisis-heces-laboratorio\/#breadcrumb"},"inLanguage":"es","potentialAction":[{"@type":"ReadAction","target":["https:\/\/biomes.world\/es\/intest-pro\/examinacion-de-heces\/analisis-heces-laboratorio\/"]}]},{"@type":"BreadcrumbList","@id":"https:\/\/biomes.world\/es\/intest-pro\/examinacion-de-heces\/analisis-heces-laboratorio\/#breadcrumb","itemListElement":[{"@type":"ListItem","position":1,"name":"Home","item":"https:\/\/biomes.world\/es\/"},{"@type":"ListItem","position":2,"name":"Feel better","item":"https:\/\/biomes.world\/es\/feel-better\/"},{"@type":"ListItem","position":3,"name":"INTEST.pro","item":"https:\/\/biomes.world\/es\/feel-better\/intest-pro\/"},{"@type":"ListItem","position":4,"name":"Examinaci\u00f3n de heces","item":"https:\/\/biomes.world\/es\/?page_id=131552"},{"@type":"ListItem","position":5,"name":"An\u00e1lisis de heces en el laboratorio BIOMES"}]},{"@type":"WebSite","@id":"https:\/\/biomes.world\/es\/#website","url":"https:\/\/biomes.world\/es\/","name":"BIOMES - Feel better","description":"Cutting-edge biotechnology used to help people","publisher":{"@id":"https:\/\/biomes.world\/es\/#organization"},"potentialAction":[{"@type":"SearchAction","target":{"@type":"EntryPoint","urlTemplate":"https:\/\/biomes.world\/es\/?s={search_term_string}"},"query-input":{"@type":"PropertyValueSpecification","valueRequired":true,"valueName":"search_term_string"}}],"inLanguage":"es"},{"@type":"Organization","@id":"https:\/\/biomes.world\/es\/#organization","name":"BIOMES 4.0 GmbH","url":"https:\/\/biomes.world\/es\/","logo":{"@type":"ImageObject","inLanguage":"es","@id":"https:\/\/biomes.world\/es\/#\/schema\/logo\/image\/","url":"http:\/\/biomes.world\/wp-content\/uploads\/2024\/04\/biomes_logo_2021_RGB.png","contentUrl":"http:\/\/biomes.world\/wp-content\/uploads\/2024\/04\/biomes_logo_2021_RGB.png","width":10040,"height":2599,"caption":"BIOMES 4.0 GmbH"},"image":{"@id":"https:\/\/biomes.world\/es\/#\/schema\/logo\/image\/"},"sameAs":["https:\/\/de-de.facebook.com\/BIOMES.world\/","https:\/\/www.youtube.com\/@BIOMESworld","https:\/\/www.instagram.com\/biomes_official\/"]}]}},"_links":{"self":[{"href":"https:\/\/biomes.world\/es\/wp-json\/wp\/v2\/pages\/179023","targetHints":{"allow":["GET"]}}],"collection":[{"href":"https:\/\/biomes.world\/es\/wp-json\/wp\/v2\/pages"}],"about":[{"href":"https:\/\/biomes.world\/es\/wp-json\/wp\/v2\/types\/page"}],"author":[{"embeddable":true,"href":"https:\/\/biomes.world\/es\/wp-json\/wp\/v2\/users\/3168"}],"replies":[{"embeddable":true,"href":"https:\/\/biomes.world\/es\/wp-json\/wp\/v2\/comments?post=179023"}],"version-history":[{"count":0,"href":"https:\/\/biomes.world\/es\/wp-json\/wp\/v2\/pages\/179023\/revisions"}],"up":[{"embeddable":true,"href":"https:\/\/biomes.world\/es\/wp-json\/wp\/v2\/pages\/177888"}],"wp:attachment":[{"href":"https:\/\/biomes.world\/es\/wp-json\/wp\/v2\/media?parent=179023"}],"curies":[{"name":"wp","href":"https:\/\/api.w.org\/{rel}","templated":true}]}}