{"id":178849,"date":"2018-11-26T15:48:39","date_gmt":"2018-11-26T14:48:39","guid":{"rendered":"http:\/\/biomes.world\/intest-pro\/examinacion-de-heces\/darmbakterien-testen\/"},"modified":"2023-03-09T14:22:10","modified_gmt":"2023-03-09T13:22:10","slug":"tienda-intest-pro-analisis-bacterias-intestinales","status":"publish","type":"page","link":"https:\/\/biomes.world\/es\/feel-better\/intest-pro\/examinacion-de-heces\/analisis-bacterias-intestinales\/","title":{"rendered":"An\u00e1lisis de bacterias intestinales"},"content":{"rendered":"\n<h1 class=\"wp-block-heading\" id=\"h-analisis-de-las-bacterias-intestinales-para-un-mayor-bienestar\">An\u00e1lisis de las bacterias intestinales: para un mayor bienestar<\/h1>\n\n\n\n<p>Los problemas intestinales no son poco comunes. Muchas personas sufren al menos ocasionalmente de <strong>problemas digestivos como calambres, diarrea, flatulencias o estre\u00f1imiento<\/strong>. Las causas son m\u00faltiples, pero el estado de la flora intestinal &#8211; la denominada microbiota &#8211; siempre juega un papel decisivo.<\/p>\n\n\n\n<p>Si el <strong>equilibrio<\/strong> de las <strong>bacterias<\/strong> en el <a href=\"https:\/\/biomes.world\/es\/cosas-a-saber\/intestino\/salud-intestinal\/intestino-sano\/\">intestino<\/a><strong> se altera<\/strong>, puede llevar a diversas molestias. Un an\u00e1lisis de la flora intestinal escanea las bacterias intestinales que habitan en ella y te ayuda a averiguar la causa de tus malestares y te dice c\u00f3mo puedes remediarlos.<\/p>\n\n\n\n<figure class=\"wp-block-image size-large\"><img loading=\"lazy\" decoding=\"async\" width=\"1024\" height=\"576\" src=\"http:\/\/biomes.world\/wp-content\/uploads\/2019\/10\/ecoli-das-machen-sie-im-darm-1024x576.jpg\" alt=\"E-coli-Bakterien - das machen sie im Darm. Foto Petrischale\" class=\"wp-image-502023\" srcset=\"https:\/\/biomes.world\/wp-content\/uploads\/2019\/10\/ecoli-das-machen-sie-im-darm-1024x576.jpg 1024w, https:\/\/biomes.world\/wp-content\/uploads\/2019\/10\/ecoli-das-machen-sie-im-darm-300x169.jpg 300w, https:\/\/biomes.world\/wp-content\/uploads\/2019\/10\/ecoli-das-machen-sie-im-darm-768x432.jpg 768w, https:\/\/biomes.world\/wp-content\/uploads\/2019\/10\/ecoli-das-machen-sie-im-darm-1536x865.jpg 1536w, https:\/\/biomes.world\/wp-content\/uploads\/2019\/10\/ecoli-das-machen-sie-im-darm-250x141.jpg 250w, https:\/\/biomes.world\/wp-content\/uploads\/2019\/10\/ecoli-das-machen-sie-im-darm.jpg 1620w\" sizes=\"auto, (max-width: 1024px) 100vw, 1024px\" \/><\/figure>\n\n\n\n<h2 class=\"wp-block-heading\" id=\"h-cuando-es-aconsejable-realizar-un-analisis-de-la-flora-intestinal\">\u00bfCu\u00e1ndo es aconsejable realizar un an\u00e1lisis de la flora intestinal?<\/h2>\n\n\n\n<p>Un <strong>desequilibrio de las bacterias intestinales<\/strong> puede ser originado por los siguientes factores:<\/p>\n\n\n\n<ul class=\"wp-block-list\">\n<li>ciertas enfermedades<\/li>\n\n\n\n<li>la ingesta de medicamentos que da\u00f1an los microorganismos en el intestino, por ejemplo, antibi\u00f3ticos o cortisona<\/li>\n\n\n\n<li>una dieta desequilibrada y \u00e1cida<\/li>\n\n\n\n<li>drogas y alcohol<\/li>\n\n\n\n<li>estr\u00e9s y preocupacione<\/li>\n<\/ul>\n\n\n\n<p>Para restablecer el equilibrio microbiano en el intestino, es necesario un <strong>detallado an\u00e1lisis de la flora intestinal<\/strong>. Porque s\u00f3lo si conoces los puntos d\u00e9biles de tu intestino podr\u00e1s fortalecerlo de forma selectiva y <strong>mejorar as\u00ed tu calidad de vida en general<\/strong>.<\/p>\n\n\n\n<p>Nuestro an\u00e1lisis de flora intestinal <a href=\"https:\/\/biomes-salued.es\"><strong>INTEST<\/strong>.pro<\/a> te ofrece la posibilidad de que tus bacterias intestinales sean analizadas profesionalmente en nuestro laboratorio. Bas\u00e1ndonos en una <a href=\"https:\/\/biomes.world\/es\/cosas-a-saber\/intestino\/examen-de-heces\/\">prueba de heces<\/a> podemos determinar la composici\u00f3n de tus bacterias intestinales y darte recomendaciones &#8211; por ejemplo, con respecto a un cambio en la dieta.<\/p>\n\n\n\n<h2 class=\"wp-block-heading\" id=\"h-analisis-exhaustivo-con-el-intest-pro\">An\u00e1lisis exhaustivo con el INTEST.pro<\/h2>\n\n\n\n<p>Con el test intestinal <a href=\"https:\/\/biomes-salued.es\"><strong>INTEST<\/strong>.pro<\/a> puedes analizar en detalle el estado de tu flora intestinal y averiguar c\u00f3mo esta constituida. Para poder realizar un an\u00e1lisis de tu flora intestinal, necesitamos una muestra de tus heces. El set <strong>INTEST<\/strong>.pro contiene un bastoncillo de algod\u00f3n con el que se recoge un poco de materia fecal del papel higi\u00e9nico y se introduce en el tubo suministrado, el cual contiene una soluci\u00f3n que preserva el ADN de las heces para que la muestra pueda ser analizada en un <strong>an\u00e1lisis de flora intestinal en el laboratorio de BIOMES<\/strong>. Una peque\u00f1a cantidad de heces, apenas un poco m\u00e1s grande que la cabeza de un alfiler es suficiente.<\/p>\n\n\n\n<p>Una vez que la muestra ha llegado al laboratorio de <strong>BIOMES<\/strong>, examinamos las bacterias intestinales utilizando m\u00e9todos de an\u00e1lisis biotecnol\u00f3gicos de \u00faltima generaci\u00f3n y determinamos el ADN microbiano de tus heces. Bas\u00e1ndonos en las secuencias de ADN, somos capaces de crear un <strong>perfil de microbiota individual<\/strong>. Esto tambi\u00e9n incluye un examen para detectar posibles intolerancias alimentarias. Adem\u00e1s, <strong>INTEST<\/strong>.pro proporciona informaci\u00f3n sobre:<\/p>\n\n\n\n<ul class=\"wp-block-list\">\n<li>s\u00edntesis de vitaminas<\/li>\n\n\n\n<li>la digesti\u00f3n<\/li>\n\n\n\n<li>la fortaleza inmunol\u00f3gica<\/li>\n\n\n\n<li>aprovechamiento cal\u00f3rico<\/li>\n\n\n\n<li>peso corporal<\/li>\n\n\n\n<li>el equilibrio de las bacterias intestinales<\/li>\n<\/ul>\n\n\n\n<p>Bas\u00e1ndonos en los resultados del autodiagn\u00f3stico, creamos una evaluaci\u00f3n detallada de tu flora intestinal. A trav\u00e9s de un <a href=\"https:\/\/my.biomes.world\/en\/logines\/login?lang=es\">\u00e1rea de acceso<\/a> protegida recibir\u00e1s todos los resultados de tu an\u00e1lisis de bacterias intestinales &#8211; claramente organizados en un panel de control (Dashboard) online. All\u00ed comprender\u00e1s todo sobre <strong>las fortalezas y debilidades de tu flora intestinal<\/strong> y obtendr\u00e1s <strong>consejos para mejorar tu calidad de vida<\/strong>, todo ello basado en el test de bacterias intestinales de <strong>BIOMES<\/strong>.<\/p>\n\n\n<div\n    id=\"hero-teaser-block_443b62840b4d4e37c16fd8aff9605220\"\n    class=\"hero-teaser site-block\"\n>\n    <div class=\"hero-teaser__media\">\n        <img decoding=\"async\"\n            src=\"https:\/\/biomes.world\/wp-content\/uploads\/2019\/12\/Darmflora_Immunsystem_aus_dem_Bauch_heraus-1600x650.jpg\"\n            alt=\"\"\n            srcset=\"https:\/\/biomes.world\/wp-content\/uploads\/2019\/12\/Darmflora_Immunsystem_aus_dem_Bauch_heraus-300x169.jpg 300w, https:\/\/biomes.world\/wp-content\/uploads\/2019\/12\/Darmflora_Immunsystem_aus_dem_Bauch_heraus-1024x576.jpg 1024w, https:\/\/biomes.world\/wp-content\/uploads\/2019\/12\/Darmflora_Immunsystem_aus_dem_Bauch_heraus-768x432.jpg 768w, https:\/\/biomes.world\/wp-content\/uploads\/2019\/12\/Darmflora_Immunsystem_aus_dem_Bauch_heraus-1536x864.jpg 1536w, https:\/\/biomes.world\/wp-content\/uploads\/2019\/12\/Darmflora_Immunsystem_aus_dem_Bauch_heraus-250x141.jpg 250w, https:\/\/biomes.world\/wp-content\/uploads\/2019\/12\/Darmflora_Immunsystem_aus_dem_Bauch_heraus.jpg 1620w\"\n            sizes=\"(max-width: 30em) 100vw, (max-width: 48em) 100vw, (max-width: 62em) 100vw, (max-width: 75em) 100vw, 1400px\t\"\n        >\n    <\/div>\n    <div class=\"hero-teaser__header\">\n        <div class=\"hero-teaser__col column\">\n            <h2 class=\"hero-teaser__title\">\n                <span>M\u00e1s informaci\u00f3n sobre INTEST.pro<\/span>\n                El test intestinal de BIOMES            <\/h2>\n            \n\n<p>\u00bfC\u00f3mo analizamos tu flora intestinal? \u00bfQu\u00e9 incluye exactamente la prueba? \u00bfD\u00f3nde puedes comprar <strong>INTEST.<\/strong>pro?<br>\u00bfY c\u00f3mo protegemos tus datos?<\/p>\n\n\n\n<div class=\"wp-block-buttons is-layout-flex wp-block-buttons-is-layout-flex\">\n<div class=\"wp-block-button\"><a class=\"wp-block-button__link wp-element-button\" href=\"https:\/\/biomes-salued.es\" target=\"_blank\" rel=\"noreferrer noopener\">Informaci\u00f3n detallada<\/a><\/div>\n<\/div>\n\n        <\/div>\n    <\/div>\n<\/div>\n","protected":false},"excerpt":{"rendered":"<p>An\u00e1lisis de las bacterias intestinales: para un mayor bienestar Los problemas intestinales no son poco comunes. Muchas personas sufren al menos ocasionalmente de problemas digestivos como calambres, diarrea, flatulencias o estre\u00f1imiento. Las causas son m\u00faltiples, pero el estado de la flora intestinal &#8211; la denominada microbiota &#8211; siempre juega un papel decisivo. Si el equilibrio [&#8230;]<\/p>\n","protected":false},"author":1572,"featured_media":0,"parent":593450,"menu_order":24,"comment_status":"closed","ping_status":"closed","template":"","meta":{"_acf_changed":false,"footnotes":""},"class_list":["post-178849","page","type-page","status-publish","hentry"],"acf":[],"yoast_head":"<!-- This site is optimized with the Yoast SEO plugin v27.4 - https:\/\/yoast.com\/product\/yoast-seo-wordpress\/ -->\n<title>Ordena ya el an\u00e1lisis de la flora intestinal | BIOMES<\/title>\n<meta name=\"description\" content=\"Si la flora intestinal est\u00e1 alterada, es aconsejable realizar un an\u00e1lisis de bacterias intestinales. El INTEST.pro te da un an\u00e1lisis preciso.\" \/>\n<meta name=\"robots\" content=\"index, follow, max-snippet:-1, max-image-preview:large, max-video-preview:-1\" \/>\n<link rel=\"canonical\" href=\"https:\/\/biomes.world\/es\/feel-better\/intest-pro\/examinacion-de-heces\/analisis-bacterias-intestinales\/\" \/>\n<meta property=\"og:locale\" content=\"es_ES\" \/>\n<meta property=\"og:type\" content=\"article\" \/>\n<meta property=\"og:title\" content=\"Ordena ya el an\u00e1lisis de la flora intestinal | BIOMES\" \/>\n<meta property=\"og:description\" content=\"Si la flora intestinal est\u00e1 alterada, es aconsejable realizar un an\u00e1lisis de bacterias intestinales. El INTEST.pro te da un an\u00e1lisis preciso.\" \/>\n<meta property=\"og:url\" content=\"https:\/\/biomes.world\/es\/feel-better\/intest-pro\/examinacion-de-heces\/analisis-bacterias-intestinales\/\" \/>\n<meta property=\"og:site_name\" content=\"BIOMES - Feel better\" \/>\n<meta property=\"article:publisher\" content=\"https:\/\/de-de.facebook.com\/BIOMES.world\/\" \/>\n<meta property=\"article:modified_time\" content=\"2023-03-09T13:22:10+00:00\" \/>\n<meta property=\"og:image\" content=\"http:\/\/biomes.world\/wp-content\/uploads\/2019\/10\/ecoli-das-machen-sie-im-darm-1024x576.jpg\" \/>\n<meta name=\"twitter:card\" content=\"summary_large_image\" \/>\n<script type=\"application\/ld+json\" class=\"yoast-schema-graph\">{\"@context\":\"https:\\\/\\\/schema.org\",\"@graph\":[{\"@type\":\"WebPage\",\"@id\":\"https:\\\/\\\/biomes.world\\\/es\\\/feel-better\\\/intest-pro\\\/examinacion-de-heces\\\/analisis-bacterias-intestinales\\\/\",\"url\":\"https:\\\/\\\/biomes.world\\\/es\\\/feel-better\\\/intest-pro\\\/examinacion-de-heces\\\/analisis-bacterias-intestinales\\\/\",\"name\":\"Ordena ya el an\u00e1lisis de la flora intestinal | BIOMES\",\"isPartOf\":{\"@id\":\"https:\\\/\\\/biomes.world\\\/es\\\/#website\"},\"primaryImageOfPage\":{\"@id\":\"https:\\\/\\\/biomes.world\\\/es\\\/feel-better\\\/intest-pro\\\/examinacion-de-heces\\\/analisis-bacterias-intestinales\\\/#primaryimage\"},\"image\":{\"@id\":\"https:\\\/\\\/biomes.world\\\/es\\\/feel-better\\\/intest-pro\\\/examinacion-de-heces\\\/analisis-bacterias-intestinales\\\/#primaryimage\"},\"thumbnailUrl\":\"http:\\\/\\\/biomes.world\\\/wp-content\\\/uploads\\\/2019\\\/10\\\/ecoli-das-machen-sie-im-darm-1024x576.jpg\",\"datePublished\":\"2018-11-26T14:48:39+00:00\",\"dateModified\":\"2023-03-09T13:22:10+00:00\",\"description\":\"Si la flora intestinal est\u00e1 alterada, es aconsejable realizar un an\u00e1lisis de bacterias intestinales. El INTEST.pro te da un an\u00e1lisis preciso.\",\"breadcrumb\":{\"@id\":\"https:\\\/\\\/biomes.world\\\/es\\\/feel-better\\\/intest-pro\\\/examinacion-de-heces\\\/analisis-bacterias-intestinales\\\/#breadcrumb\"},\"inLanguage\":\"es\",\"potentialAction\":[{\"@type\":\"ReadAction\",\"target\":[\"https:\\\/\\\/biomes.world\\\/es\\\/feel-better\\\/intest-pro\\\/examinacion-de-heces\\\/analisis-bacterias-intestinales\\\/\"]}]},{\"@type\":\"ImageObject\",\"inLanguage\":\"es\",\"@id\":\"https:\\\/\\\/biomes.world\\\/es\\\/feel-better\\\/intest-pro\\\/examinacion-de-heces\\\/analisis-bacterias-intestinales\\\/#primaryimage\",\"url\":\"http:\\\/\\\/biomes.world\\\/wp-content\\\/uploads\\\/2019\\\/10\\\/ecoli-das-machen-sie-im-darm-1024x576.jpg\",\"contentUrl\":\"http:\\\/\\\/biomes.world\\\/wp-content\\\/uploads\\\/2019\\\/10\\\/ecoli-das-machen-sie-im-darm-1024x576.jpg\"},{\"@type\":\"BreadcrumbList\",\"@id\":\"https:\\\/\\\/biomes.world\\\/es\\\/feel-better\\\/intest-pro\\\/examinacion-de-heces\\\/analisis-bacterias-intestinales\\\/#breadcrumb\",\"itemListElement\":[{\"@type\":\"ListItem\",\"position\":1,\"name\":\"Home\",\"item\":\"https:\\\/\\\/biomes.world\\\/es\\\/\"},{\"@type\":\"ListItem\",\"position\":2,\"name\":\"My Health, My Life\",\"item\":\"https:\\\/\\\/biomes.world\\\/es\\\/cosas-a-saber\\\/\"},{\"@type\":\"ListItem\",\"position\":3,\"name\":\"Categoria: Intestino\",\"item\":\"https:\\\/\\\/biomes.world\\\/es\\\/cosas-a-saber\\\/intestino\\\/\"},{\"@type\":\"ListItem\",\"position\":4,\"name\":\"Categoria: Bacterias Intestinales\",\"item\":\"https:\\\/\\\/ec2-18-196-140-21.eu-central-1.compute.amazonaws.com\\\/de\\\/wissenswertes\\\/darm\\\/darmbakterien\\\/\"},{\"@type\":\"ListItem\",\"position\":5,\"name\":\"An\u00e1lisis de bacterias intestinales\"}]},{\"@type\":\"WebSite\",\"@id\":\"https:\\\/\\\/biomes.world\\\/es\\\/#website\",\"url\":\"https:\\\/\\\/biomes.world\\\/es\\\/\",\"name\":\"BIOMES - Feel better\",\"description\":\"Cutting-edge biotechnology used to help people\",\"publisher\":{\"@id\":\"https:\\\/\\\/biomes.world\\\/es\\\/#organization\"},\"potentialAction\":[{\"@type\":\"SearchAction\",\"target\":{\"@type\":\"EntryPoint\",\"urlTemplate\":\"https:\\\/\\\/biomes.world\\\/es\\\/?s={search_term_string}\"},\"query-input\":{\"@type\":\"PropertyValueSpecification\",\"valueRequired\":true,\"valueName\":\"search_term_string\"}}],\"inLanguage\":\"es\"},{\"@type\":\"Organization\",\"@id\":\"https:\\\/\\\/biomes.world\\\/es\\\/#organization\",\"name\":\"BIOMES 4.0 GmbH\",\"url\":\"https:\\\/\\\/biomes.world\\\/es\\\/\",\"logo\":{\"@type\":\"ImageObject\",\"inLanguage\":\"es\",\"@id\":\"https:\\\/\\\/biomes.world\\\/es\\\/#\\\/schema\\\/logo\\\/image\\\/\",\"url\":\"http:\\\/\\\/biomes.world\\\/wp-content\\\/uploads\\\/2024\\\/04\\\/biomes_logo_2021_RGB.png\",\"contentUrl\":\"http:\\\/\\\/biomes.world\\\/wp-content\\\/uploads\\\/2024\\\/04\\\/biomes_logo_2021_RGB.png\",\"width\":10040,\"height\":2599,\"caption\":\"BIOMES 4.0 GmbH\"},\"image\":{\"@id\":\"https:\\\/\\\/biomes.world\\\/es\\\/#\\\/schema\\\/logo\\\/image\\\/\"},\"sameAs\":[\"https:\\\/\\\/de-de.facebook.com\\\/BIOMES.world\\\/\",\"https:\\\/\\\/www.youtube.com\\\/@BIOMESworld\",\"https:\\\/\\\/www.instagram.com\\\/biomes_official\\\/\"]}]}<\/script>\n<!-- \/ Yoast SEO plugin. -->","yoast_head_json":{"title":"Ordena ya el an\u00e1lisis de la flora intestinal | BIOMES","description":"Si la flora intestinal est\u00e1 alterada, es aconsejable realizar un an\u00e1lisis de bacterias intestinales. El INTEST.pro te da un an\u00e1lisis preciso.","robots":{"index":"index","follow":"follow","max-snippet":"max-snippet:-1","max-image-preview":"max-image-preview:large","max-video-preview":"max-video-preview:-1"},"canonical":"https:\/\/biomes.world\/es\/feel-better\/intest-pro\/examinacion-de-heces\/analisis-bacterias-intestinales\/","og_locale":"es_ES","og_type":"article","og_title":"Ordena ya el an\u00e1lisis de la flora intestinal | BIOMES","og_description":"Si la flora intestinal est\u00e1 alterada, es aconsejable realizar un an\u00e1lisis de bacterias intestinales. El INTEST.pro te da un an\u00e1lisis preciso.","og_url":"https:\/\/biomes.world\/es\/feel-better\/intest-pro\/examinacion-de-heces\/analisis-bacterias-intestinales\/","og_site_name":"BIOMES - Feel better","article_publisher":"https:\/\/de-de.facebook.com\/BIOMES.world\/","article_modified_time":"2023-03-09T13:22:10+00:00","og_image":[{"url":"http:\/\/biomes.world\/wp-content\/uploads\/2019\/10\/ecoli-das-machen-sie-im-darm-1024x576.jpg","type":"","width":"","height":""}],"twitter_card":"summary_large_image","schema":{"@context":"https:\/\/schema.org","@graph":[{"@type":"WebPage","@id":"https:\/\/biomes.world\/es\/feel-better\/intest-pro\/examinacion-de-heces\/analisis-bacterias-intestinales\/","url":"https:\/\/biomes.world\/es\/feel-better\/intest-pro\/examinacion-de-heces\/analisis-bacterias-intestinales\/","name":"Ordena ya el an\u00e1lisis de la flora intestinal | BIOMES","isPartOf":{"@id":"https:\/\/biomes.world\/es\/#website"},"primaryImageOfPage":{"@id":"https:\/\/biomes.world\/es\/feel-better\/intest-pro\/examinacion-de-heces\/analisis-bacterias-intestinales\/#primaryimage"},"image":{"@id":"https:\/\/biomes.world\/es\/feel-better\/intest-pro\/examinacion-de-heces\/analisis-bacterias-intestinales\/#primaryimage"},"thumbnailUrl":"http:\/\/biomes.world\/wp-content\/uploads\/2019\/10\/ecoli-das-machen-sie-im-darm-1024x576.jpg","datePublished":"2018-11-26T14:48:39+00:00","dateModified":"2023-03-09T13:22:10+00:00","description":"Si la flora intestinal est\u00e1 alterada, es aconsejable realizar un an\u00e1lisis de bacterias intestinales. El INTEST.pro te da un an\u00e1lisis preciso.","breadcrumb":{"@id":"https:\/\/biomes.world\/es\/feel-better\/intest-pro\/examinacion-de-heces\/analisis-bacterias-intestinales\/#breadcrumb"},"inLanguage":"es","potentialAction":[{"@type":"ReadAction","target":["https:\/\/biomes.world\/es\/feel-better\/intest-pro\/examinacion-de-heces\/analisis-bacterias-intestinales\/"]}]},{"@type":"ImageObject","inLanguage":"es","@id":"https:\/\/biomes.world\/es\/feel-better\/intest-pro\/examinacion-de-heces\/analisis-bacterias-intestinales\/#primaryimage","url":"http:\/\/biomes.world\/wp-content\/uploads\/2019\/10\/ecoli-das-machen-sie-im-darm-1024x576.jpg","contentUrl":"http:\/\/biomes.world\/wp-content\/uploads\/2019\/10\/ecoli-das-machen-sie-im-darm-1024x576.jpg"},{"@type":"BreadcrumbList","@id":"https:\/\/biomes.world\/es\/feel-better\/intest-pro\/examinacion-de-heces\/analisis-bacterias-intestinales\/#breadcrumb","itemListElement":[{"@type":"ListItem","position":1,"name":"Home","item":"https:\/\/biomes.world\/es\/"},{"@type":"ListItem","position":2,"name":"My Health, My Life","item":"https:\/\/biomes.world\/es\/cosas-a-saber\/"},{"@type":"ListItem","position":3,"name":"Categoria: Intestino","item":"https:\/\/biomes.world\/es\/cosas-a-saber\/intestino\/"},{"@type":"ListItem","position":4,"name":"Categoria: Bacterias Intestinales","item":"https:\/\/ec2-18-196-140-21.eu-central-1.compute.amazonaws.com\/de\/wissenswertes\/darm\/darmbakterien\/"},{"@type":"ListItem","position":5,"name":"An\u00e1lisis de bacterias intestinales"}]},{"@type":"WebSite","@id":"https:\/\/biomes.world\/es\/#website","url":"https:\/\/biomes.world\/es\/","name":"BIOMES - Feel better","description":"Cutting-edge biotechnology used to help people","publisher":{"@id":"https:\/\/biomes.world\/es\/#organization"},"potentialAction":[{"@type":"SearchAction","target":{"@type":"EntryPoint","urlTemplate":"https:\/\/biomes.world\/es\/?s={search_term_string}"},"query-input":{"@type":"PropertyValueSpecification","valueRequired":true,"valueName":"search_term_string"}}],"inLanguage":"es"},{"@type":"Organization","@id":"https:\/\/biomes.world\/es\/#organization","name":"BIOMES 4.0 GmbH","url":"https:\/\/biomes.world\/es\/","logo":{"@type":"ImageObject","inLanguage":"es","@id":"https:\/\/biomes.world\/es\/#\/schema\/logo\/image\/","url":"http:\/\/biomes.world\/wp-content\/uploads\/2024\/04\/biomes_logo_2021_RGB.png","contentUrl":"http:\/\/biomes.world\/wp-content\/uploads\/2024\/04\/biomes_logo_2021_RGB.png","width":10040,"height":2599,"caption":"BIOMES 4.0 GmbH"},"image":{"@id":"https:\/\/biomes.world\/es\/#\/schema\/logo\/image\/"},"sameAs":["https:\/\/de-de.facebook.com\/BIOMES.world\/","https:\/\/www.youtube.com\/@BIOMESworld","https:\/\/www.instagram.com\/biomes_official\/"]}]}},"_links":{"self":[{"href":"https:\/\/biomes.world\/es\/wp-json\/wp\/v2\/pages\/178849","targetHints":{"allow":["GET"]}}],"collection":[{"href":"https:\/\/biomes.world\/es\/wp-json\/wp\/v2\/pages"}],"about":[{"href":"https:\/\/biomes.world\/es\/wp-json\/wp\/v2\/types\/page"}],"author":[{"embeddable":true,"href":"https:\/\/biomes.world\/es\/wp-json\/wp\/v2\/users\/1572"}],"replies":[{"embeddable":true,"href":"https:\/\/biomes.world\/es\/wp-json\/wp\/v2\/comments?post=178849"}],"version-history":[{"count":0,"href":"https:\/\/biomes.world\/es\/wp-json\/wp\/v2\/pages\/178849\/revisions"}],"up":[{"embeddable":true,"href":"https:\/\/biomes.world\/es\/wp-json\/wp\/v2\/pages\/593450"}],"wp:attachment":[{"href":"https:\/\/biomes.world\/es\/wp-json\/wp\/v2\/media?parent=178849"}],"curies":[{"name":"wp","href":"https:\/\/api.w.org\/{rel}","templated":true}]}}