{"id":177888,"date":"2018-11-14T11:31:27","date_gmt":"2018-11-14T10:31:27","guid":{"rendered":"http:\/\/biomes.world\/intest-pro\/stuhluntersuchung\/"},"modified":"2023-03-09T14:21:43","modified_gmt":"2023-03-09T13:21:43","slug":"examinacion-de-heces","status":"publish","type":"page","link":"https:\/\/biomes.world\/es\/feel-better\/intest-pro\/examinacion-de-heces\/","title":{"rendered":"Examinaci\u00f3n de heces"},"content":{"rendered":"\n<h1 class=\"wp-block-heading\" id=\"h-examen-de-heces-para-que-sirve\">Examen de heces: \u00bfPara qu\u00e9 sirve?<\/h1>\n\n\n\n<p><strong>En la medicina<\/strong>, un <strong>examen de heces es un procedimiento com\u00fan<\/strong>, para encontrar las causas de las molestias agudas (por ejemplo, calambres abdominales, diarrea o v\u00f3mitos). Luego, un laboratorio examina si hay bacterias pat\u00f3genas, virus o par\u00e1sitos en las heces, o si hay sangre que pueda indicar enfermedades intestinales. En resumen, cuando se examina una muestra fecal, el objetivo es averiguar qu\u00e9 microorganismos viven en nuestros intestinos.<\/p>\n\n\n\n<p>Incluso una flora intestinal sana contiene muchas bacterias y otros peque\u00f1os ayudantes que apoyan al cuerpo en la digesti\u00f3n y fortalecen el sistema inmunol\u00f3gico. Estos buenos microorganismos se pueden encontrar en el movimiento intestinal, as\u00ed como en los da\u00f1inos. El an\u00e1lisis de una muestra de heces proporciona informaci\u00f3n sobre c\u00f3mo se estructura la <strong>flora intestinal individual de una persona<\/strong>.<\/p>\n\n\n\n<figure class=\"wp-block-image size-large\"><img loading=\"lazy\" decoding=\"async\" width=\"1024\" height=\"684\" src=\"http:\/\/biomes.world\/wp-content\/uploads\/2019\/09\/labor_collage_biomes-1024x684.jpg\" alt=\"BIOMES Labor Collage\" class=\"wp-image-501924\" srcset=\"https:\/\/biomes.world\/wp-content\/uploads\/2019\/09\/labor_collage_biomes-1024x684.jpg 1024w, https:\/\/biomes.world\/wp-content\/uploads\/2019\/09\/labor_collage_biomes-300x200.jpg 300w, https:\/\/biomes.world\/wp-content\/uploads\/2019\/09\/labor_collage_biomes-768x513.jpg 768w, https:\/\/biomes.world\/wp-content\/uploads\/2019\/09\/labor_collage_biomes-1440x960.jpg 1440w, https:\/\/biomes.world\/wp-content\/uploads\/2019\/09\/labor_collage_biomes-250x167.jpg 250w, https:\/\/biomes.world\/wp-content\/uploads\/2019\/09\/labor_collage_biomes.jpg 1500w\" sizes=\"auto, (max-width: 1024px) 100vw, 1024px\" \/><\/figure>\n\n\n\n<h2 class=\"wp-block-heading\" id=\"h-por-que-vale-la-pena-un-examen-de-heces\">\u00bfPor qu\u00e9 vale la pena un examen de heces?<\/h2>\n\n\n\n<p>Cada ser humano tiene un microbioma muy individual: una multitud de microorganismos que viven en tu cuerpo. Necesita muchas de estas peque\u00f1as criaturas para mantenerse sano. En particular, la parte del microbioma que se encuentra en el intestino tiene un <strong>efecto determinante en todo el organismo<\/strong>.<\/p>\n\n\n\n<p>La investigaci\u00f3n sobre la relaci\u00f3n entre el bienestar humano y la flora intestinal est\u00e1 todav\u00eda en sus pininos, pero cada vez est\u00e1 m\u00e1s claro que el <strong>ecosistema intestinal<\/strong> puede afectar mucho m\u00e1s all\u00e1 que a la salud de este \u00f3rgano. Entre otras cosas, la ciencia est\u00e1 investigando los efectos que los peque\u00f1os ayudantes en nuestros est\u00f3magos pueden tener en diversas enfermedades, como por ejemplo:<\/p>\n\n\n\n<ul class=\"wp-block-list\">\n<li>problemas de sue\u00f1o<\/li>\n\n\n\n<li>depresiones<\/li>\n\n\n\n<li>obesidad<\/li>\n<\/ul>\n\n\n\n<p>Con un examen de heces puedes <strong>conocer mejor tu propia flora intestinal <\/strong>e implementar recomendaciones que apoyen los componentes promotores de la salud de los microbios.<\/p>\n\n\n\n<h2 class=\"wp-block-heading\" id=\"h-deberias-saber-esto-sobre-un-analisis-intestinal\">Deber\u00edas saber esto sobre un an\u00e1lisis intestinal.<\/h2>\n\n\n\n<p>El an\u00e1lisis microbiol\u00f3gico de las heces no tiene por qu\u00e9 costar mucho, pero debe ser realizado por un <a href=\"http:\/\/biomes.world\/es\/intest-pro\/examinacion-de-heces\/analisis-heces-laboratorio\/\">laboratorio<\/a>. Por lo tanto, no es posible examinar la muestra fecal completamente en casa con un test; sin embargo, el muestreo puede llevarse a cabo de forma independiente. En <strong>BIOMES<\/strong> encontrar\u00e1s el <a href=\"https:\/\/biomes-salued.es\">INTEST.pro<\/a> un<a href=\"https:\/\/biomes.world\/es\/cosas-a-saber\/intestino\/examen-de-heces\/\"> examen de heces<\/a>, con el cual podr\u00e1s tomar una peque\u00f1a muestra en la comodidad de tu casa, para luego ser enviada a nuestro laboratorio. All\u00ed se examinar\u00e1 la flora de la muestra y se llevar\u00e1 a cabo un an\u00e1lisis detallado de la <strong>cantidad y distribuci\u00f3n de microorganismos.<\/strong><\/p>\n\n\n\n<p>Luego recibir\u00e1s tu perfil personal de microbiota y aprender\u00e1s lo que la prueba de heces ha revelado sobre tu flora intestinal. Sin costo adicional, recibir\u00e1s<strong> recomendaciones<\/strong> personalizadas para tu <strong>salud intestinal<\/strong>. De esta manera, no s\u00f3lo aprender\u00e1s c\u00f3mo le est\u00e1 yendo a tu intestino, sino tambi\u00e9n te ayudar\u00e1 a mantenerlo sano.<\/p>\n\n\n<div\n    id=\"hero-teaser-block_deb50328f42ded78049ccfd8416c4838\"\n    class=\"hero-teaser site-block\"\n>\n    <div class=\"hero-teaser__media\">\n        <img decoding=\"async\"\n            src=\"https:\/\/biomes.world\/wp-content\/uploads\/2019\/12\/Darmflora_Immunsystem_aus_dem_Bauch_heraus-1600x650.jpg\"\n            alt=\"\"\n            srcset=\"https:\/\/biomes.world\/wp-content\/uploads\/2019\/12\/Darmflora_Immunsystem_aus_dem_Bauch_heraus-300x169.jpg 300w, https:\/\/biomes.world\/wp-content\/uploads\/2019\/12\/Darmflora_Immunsystem_aus_dem_Bauch_heraus-1024x576.jpg 1024w, https:\/\/biomes.world\/wp-content\/uploads\/2019\/12\/Darmflora_Immunsystem_aus_dem_Bauch_heraus-768x432.jpg 768w, https:\/\/biomes.world\/wp-content\/uploads\/2019\/12\/Darmflora_Immunsystem_aus_dem_Bauch_heraus-1536x864.jpg 1536w, https:\/\/biomes.world\/wp-content\/uploads\/2019\/12\/Darmflora_Immunsystem_aus_dem_Bauch_heraus-250x141.jpg 250w, https:\/\/biomes.world\/wp-content\/uploads\/2019\/12\/Darmflora_Immunsystem_aus_dem_Bauch_heraus.jpg 1620w\"\n            sizes=\"(max-width: 30em) 100vw, (max-width: 48em) 100vw, (max-width: 62em) 100vw, (max-width: 75em) 100vw, 1400px\t\"\n        >\n    <\/div>\n    <div class=\"hero-teaser__header\">\n        <div class=\"hero-teaser__col column\">\n            <h2 class=\"hero-teaser__title\">\n                <span>M\u00e1s informaci\u00f3n sobre INTEST.pro<\/span>\n                El test intestinal de BIOMES            <\/h2>\n            \n\n<p>\u00bfC\u00f3mo analizamos tu flora intestinal? \u00bfQu\u00e9 incluye exactamente la prueba? \u00bfD\u00f3nde puedes comprar <strong>INTEST.<\/strong>pro?<br>\u00bfY c\u00f3mo protegemos tus datos?<\/p>\n\n\n\n<div class=\"wp-block-buttons is-layout-flex wp-block-buttons-is-layout-flex\">\n<div class=\"wp-block-button\"><a class=\"wp-block-button__link wp-element-button\" href=\"https:\/\/biomes-salued.es\" target=\"_blank\" rel=\"noreferrer noopener\">Informaci\u00f3n detallada<\/a><\/div>\n<\/div>\n\n        <\/div>\n    <\/div>\n<\/div>\n","protected":false},"excerpt":{"rendered":"<p>Examen de heces: \u00bfPara qu\u00e9 sirve? En la medicina, un examen de heces es un procedimiento com\u00fan, para encontrar las causas de las molestias agudas (por ejemplo, calambres abdominales, diarrea o v\u00f3mitos). Luego, un laboratorio examina si hay bacterias pat\u00f3genas, virus o par\u00e1sitos en las heces, o si hay sangre que pueda indicar enfermedades intestinales. [&#8230;]<\/p>\n","protected":false},"author":1572,"featured_media":0,"parent":174939,"menu_order":24,"comment_status":"closed","ping_status":"closed","template":"","meta":{"_acf_changed":false,"footnotes":""},"class_list":["post-177888","page","type-page","status-publish","hentry"],"acf":[],"yoast_head":"<!-- This site is optimized with the Yoast SEO plugin v27.4 - https:\/\/yoast.com\/product\/yoast-seo-wordpress\/ -->\n<title>Examinaci\u00f3n de heces: \u00bfPor qu\u00e9 vale la pena? | BIOMES<\/title>\n<meta name=\"description\" content=\"Una prueba de heces puede decirte mucho sobre la flora intestinal. Averigua qu\u00e9 podr\u00eda necesitar tu intestino para funcionar mejor.\" \/>\n<meta name=\"robots\" content=\"index, follow, max-snippet:-1, max-image-preview:large, max-video-preview:-1\" \/>\n<link rel=\"canonical\" href=\"https:\/\/biomes.world\/es\/feel-better\/intest-pro\/examinacion-de-heces\/\" \/>\n<meta property=\"og:locale\" content=\"es_ES\" \/>\n<meta property=\"og:type\" content=\"article\" \/>\n<meta property=\"og:title\" content=\"Examinaci\u00f3n de heces: \u00bfPor qu\u00e9 vale la pena? | BIOMES\" \/>\n<meta property=\"og:description\" content=\"Una prueba de heces puede decirte mucho sobre la flora intestinal. Averigua qu\u00e9 podr\u00eda necesitar tu intestino para funcionar mejor.\" \/>\n<meta property=\"og:url\" content=\"https:\/\/biomes.world\/es\/feel-better\/intest-pro\/examinacion-de-heces\/\" \/>\n<meta property=\"og:site_name\" content=\"BIOMES - Feel better\" \/>\n<meta property=\"article:publisher\" content=\"https:\/\/de-de.facebook.com\/BIOMES.world\/\" \/>\n<meta property=\"article:modified_time\" content=\"2023-03-09T13:21:43+00:00\" \/>\n<meta property=\"og:image\" content=\"http:\/\/biomes.world\/wp-content\/uploads\/2019\/09\/labor_collage_biomes-1024x684.jpg\" \/>\n<meta name=\"twitter:card\" content=\"summary_large_image\" \/>\n<meta name=\"twitter:label1\" content=\"Tiempo de lectura\" \/>\n\t<meta name=\"twitter:data1\" content=\"3 minutos\" \/>\n<script type=\"application\/ld+json\" class=\"yoast-schema-graph\">{\"@context\":\"https:\\\/\\\/schema.org\",\"@graph\":[{\"@type\":\"WebPage\",\"@id\":\"https:\\\/\\\/biomes.world\\\/es\\\/feel-better\\\/intest-pro\\\/examinacion-de-heces\\\/\",\"url\":\"https:\\\/\\\/biomes.world\\\/es\\\/feel-better\\\/intest-pro\\\/examinacion-de-heces\\\/\",\"name\":\"Examinaci\u00f3n de heces: \u00bfPor qu\u00e9 vale la pena? | BIOMES\",\"isPartOf\":{\"@id\":\"https:\\\/\\\/biomes.world\\\/es\\\/#website\"},\"primaryImageOfPage\":{\"@id\":\"https:\\\/\\\/biomes.world\\\/es\\\/feel-better\\\/intest-pro\\\/examinacion-de-heces\\\/#primaryimage\"},\"image\":{\"@id\":\"https:\\\/\\\/biomes.world\\\/es\\\/feel-better\\\/intest-pro\\\/examinacion-de-heces\\\/#primaryimage\"},\"thumbnailUrl\":\"http:\\\/\\\/biomes.world\\\/wp-content\\\/uploads\\\/2019\\\/09\\\/labor_collage_biomes-1024x684.jpg\",\"datePublished\":\"2018-11-14T10:31:27+00:00\",\"dateModified\":\"2023-03-09T13:21:43+00:00\",\"description\":\"Una prueba de heces puede decirte mucho sobre la flora intestinal. Averigua qu\u00e9 podr\u00eda necesitar tu intestino para funcionar mejor.\",\"breadcrumb\":{\"@id\":\"https:\\\/\\\/biomes.world\\\/es\\\/feel-better\\\/intest-pro\\\/examinacion-de-heces\\\/#breadcrumb\"},\"inLanguage\":\"es\",\"potentialAction\":[{\"@type\":\"ReadAction\",\"target\":[\"https:\\\/\\\/biomes.world\\\/es\\\/feel-better\\\/intest-pro\\\/examinacion-de-heces\\\/\"]}]},{\"@type\":\"ImageObject\",\"inLanguage\":\"es\",\"@id\":\"https:\\\/\\\/biomes.world\\\/es\\\/feel-better\\\/intest-pro\\\/examinacion-de-heces\\\/#primaryimage\",\"url\":\"http:\\\/\\\/biomes.world\\\/wp-content\\\/uploads\\\/2019\\\/09\\\/labor_collage_biomes-1024x684.jpg\",\"contentUrl\":\"http:\\\/\\\/biomes.world\\\/wp-content\\\/uploads\\\/2019\\\/09\\\/labor_collage_biomes-1024x684.jpg\"},{\"@type\":\"BreadcrumbList\",\"@id\":\"https:\\\/\\\/biomes.world\\\/es\\\/feel-better\\\/intest-pro\\\/examinacion-de-heces\\\/#breadcrumb\",\"itemListElement\":[{\"@type\":\"ListItem\",\"position\":1,\"name\":\"Home\",\"item\":\"https:\\\/\\\/biomes.world\\\/es\\\/\"},{\"@type\":\"ListItem\",\"position\":2,\"name\":\"Feel better\",\"item\":\"https:\\\/\\\/biomes.world\\\/es\\\/feel-better\\\/\"},{\"@type\":\"ListItem\",\"position\":3,\"name\":\"INTEST.pro\",\"item\":\"https:\\\/\\\/biomes.world\\\/es\\\/feel-better\\\/intest-pro\\\/\"},{\"@type\":\"ListItem\",\"position\":4,\"name\":\"Examinaci\u00f3n de heces\"}]},{\"@type\":\"WebSite\",\"@id\":\"https:\\\/\\\/biomes.world\\\/es\\\/#website\",\"url\":\"https:\\\/\\\/biomes.world\\\/es\\\/\",\"name\":\"BIOMES - Feel better\",\"description\":\"Cutting-edge biotechnology used to help people\",\"publisher\":{\"@id\":\"https:\\\/\\\/biomes.world\\\/es\\\/#organization\"},\"potentialAction\":[{\"@type\":\"SearchAction\",\"target\":{\"@type\":\"EntryPoint\",\"urlTemplate\":\"https:\\\/\\\/biomes.world\\\/es\\\/?s={search_term_string}\"},\"query-input\":{\"@type\":\"PropertyValueSpecification\",\"valueRequired\":true,\"valueName\":\"search_term_string\"}}],\"inLanguage\":\"es\"},{\"@type\":\"Organization\",\"@id\":\"https:\\\/\\\/biomes.world\\\/es\\\/#organization\",\"name\":\"BIOMES 4.0 GmbH\",\"url\":\"https:\\\/\\\/biomes.world\\\/es\\\/\",\"logo\":{\"@type\":\"ImageObject\",\"inLanguage\":\"es\",\"@id\":\"https:\\\/\\\/biomes.world\\\/es\\\/#\\\/schema\\\/logo\\\/image\\\/\",\"url\":\"http:\\\/\\\/biomes.world\\\/wp-content\\\/uploads\\\/2024\\\/04\\\/biomes_logo_2021_RGB.png\",\"contentUrl\":\"http:\\\/\\\/biomes.world\\\/wp-content\\\/uploads\\\/2024\\\/04\\\/biomes_logo_2021_RGB.png\",\"width\":10040,\"height\":2599,\"caption\":\"BIOMES 4.0 GmbH\"},\"image\":{\"@id\":\"https:\\\/\\\/biomes.world\\\/es\\\/#\\\/schema\\\/logo\\\/image\\\/\"},\"sameAs\":[\"https:\\\/\\\/de-de.facebook.com\\\/BIOMES.world\\\/\",\"https:\\\/\\\/www.youtube.com\\\/@BIOMESworld\",\"https:\\\/\\\/www.instagram.com\\\/biomes_official\\\/\"]}]}<\/script>\n<!-- \/ Yoast SEO plugin. -->","yoast_head_json":{"title":"Examinaci\u00f3n de heces: \u00bfPor qu\u00e9 vale la pena? | BIOMES","description":"Una prueba de heces puede decirte mucho sobre la flora intestinal. Averigua qu\u00e9 podr\u00eda necesitar tu intestino para funcionar mejor.","robots":{"index":"index","follow":"follow","max-snippet":"max-snippet:-1","max-image-preview":"max-image-preview:large","max-video-preview":"max-video-preview:-1"},"canonical":"https:\/\/biomes.world\/es\/feel-better\/intest-pro\/examinacion-de-heces\/","og_locale":"es_ES","og_type":"article","og_title":"Examinaci\u00f3n de heces: \u00bfPor qu\u00e9 vale la pena? | BIOMES","og_description":"Una prueba de heces puede decirte mucho sobre la flora intestinal. Averigua qu\u00e9 podr\u00eda necesitar tu intestino para funcionar mejor.","og_url":"https:\/\/biomes.world\/es\/feel-better\/intest-pro\/examinacion-de-heces\/","og_site_name":"BIOMES - Feel better","article_publisher":"https:\/\/de-de.facebook.com\/BIOMES.world\/","article_modified_time":"2023-03-09T13:21:43+00:00","og_image":[{"url":"http:\/\/biomes.world\/wp-content\/uploads\/2019\/09\/labor_collage_biomes-1024x684.jpg","type":"","width":"","height":""}],"twitter_card":"summary_large_image","twitter_misc":{"Tiempo de lectura":"3 minutos"},"schema":{"@context":"https:\/\/schema.org","@graph":[{"@type":"WebPage","@id":"https:\/\/biomes.world\/es\/feel-better\/intest-pro\/examinacion-de-heces\/","url":"https:\/\/biomes.world\/es\/feel-better\/intest-pro\/examinacion-de-heces\/","name":"Examinaci\u00f3n de heces: \u00bfPor qu\u00e9 vale la pena? | BIOMES","isPartOf":{"@id":"https:\/\/biomes.world\/es\/#website"},"primaryImageOfPage":{"@id":"https:\/\/biomes.world\/es\/feel-better\/intest-pro\/examinacion-de-heces\/#primaryimage"},"image":{"@id":"https:\/\/biomes.world\/es\/feel-better\/intest-pro\/examinacion-de-heces\/#primaryimage"},"thumbnailUrl":"http:\/\/biomes.world\/wp-content\/uploads\/2019\/09\/labor_collage_biomes-1024x684.jpg","datePublished":"2018-11-14T10:31:27+00:00","dateModified":"2023-03-09T13:21:43+00:00","description":"Una prueba de heces puede decirte mucho sobre la flora intestinal. Averigua qu\u00e9 podr\u00eda necesitar tu intestino para funcionar mejor.","breadcrumb":{"@id":"https:\/\/biomes.world\/es\/feel-better\/intest-pro\/examinacion-de-heces\/#breadcrumb"},"inLanguage":"es","potentialAction":[{"@type":"ReadAction","target":["https:\/\/biomes.world\/es\/feel-better\/intest-pro\/examinacion-de-heces\/"]}]},{"@type":"ImageObject","inLanguage":"es","@id":"https:\/\/biomes.world\/es\/feel-better\/intest-pro\/examinacion-de-heces\/#primaryimage","url":"http:\/\/biomes.world\/wp-content\/uploads\/2019\/09\/labor_collage_biomes-1024x684.jpg","contentUrl":"http:\/\/biomes.world\/wp-content\/uploads\/2019\/09\/labor_collage_biomes-1024x684.jpg"},{"@type":"BreadcrumbList","@id":"https:\/\/biomes.world\/es\/feel-better\/intest-pro\/examinacion-de-heces\/#breadcrumb","itemListElement":[{"@type":"ListItem","position":1,"name":"Home","item":"https:\/\/biomes.world\/es\/"},{"@type":"ListItem","position":2,"name":"Feel better","item":"https:\/\/biomes.world\/es\/feel-better\/"},{"@type":"ListItem","position":3,"name":"INTEST.pro","item":"https:\/\/biomes.world\/es\/feel-better\/intest-pro\/"},{"@type":"ListItem","position":4,"name":"Examinaci\u00f3n de heces"}]},{"@type":"WebSite","@id":"https:\/\/biomes.world\/es\/#website","url":"https:\/\/biomes.world\/es\/","name":"BIOMES - Feel better","description":"Cutting-edge biotechnology used to help people","publisher":{"@id":"https:\/\/biomes.world\/es\/#organization"},"potentialAction":[{"@type":"SearchAction","target":{"@type":"EntryPoint","urlTemplate":"https:\/\/biomes.world\/es\/?s={search_term_string}"},"query-input":{"@type":"PropertyValueSpecification","valueRequired":true,"valueName":"search_term_string"}}],"inLanguage":"es"},{"@type":"Organization","@id":"https:\/\/biomes.world\/es\/#organization","name":"BIOMES 4.0 GmbH","url":"https:\/\/biomes.world\/es\/","logo":{"@type":"ImageObject","inLanguage":"es","@id":"https:\/\/biomes.world\/es\/#\/schema\/logo\/image\/","url":"http:\/\/biomes.world\/wp-content\/uploads\/2024\/04\/biomes_logo_2021_RGB.png","contentUrl":"http:\/\/biomes.world\/wp-content\/uploads\/2024\/04\/biomes_logo_2021_RGB.png","width":10040,"height":2599,"caption":"BIOMES 4.0 GmbH"},"image":{"@id":"https:\/\/biomes.world\/es\/#\/schema\/logo\/image\/"},"sameAs":["https:\/\/de-de.facebook.com\/BIOMES.world\/","https:\/\/www.youtube.com\/@BIOMESworld","https:\/\/www.instagram.com\/biomes_official\/"]}]}},"_links":{"self":[{"href":"https:\/\/biomes.world\/es\/wp-json\/wp\/v2\/pages\/177888","targetHints":{"allow":["GET"]}}],"collection":[{"href":"https:\/\/biomes.world\/es\/wp-json\/wp\/v2\/pages"}],"about":[{"href":"https:\/\/biomes.world\/es\/wp-json\/wp\/v2\/types\/page"}],"author":[{"embeddable":true,"href":"https:\/\/biomes.world\/es\/wp-json\/wp\/v2\/users\/1572"}],"replies":[{"embeddable":true,"href":"https:\/\/biomes.world\/es\/wp-json\/wp\/v2\/comments?post=177888"}],"version-history":[{"count":0,"href":"https:\/\/biomes.world\/es\/wp-json\/wp\/v2\/pages\/177888\/revisions"}],"up":[{"embeddable":true,"href":"https:\/\/biomes.world\/es\/wp-json\/wp\/v2\/pages\/174939"}],"wp:attachment":[{"href":"https:\/\/biomes.world\/es\/wp-json\/wp\/v2\/media?parent=177888"}],"curies":[{"name":"wp","href":"https:\/\/api.w.org\/{rel}","templated":true}]}}