{"id":175044,"date":"2018-11-13T15:21:20","date_gmt":"2018-11-13T14:21:20","guid":{"rendered":"http:\/\/biomes.world\/intest-pro\/stuhltest\/"},"modified":"2023-03-03T11:25:22","modified_gmt":"2023-03-03T10:25:22","slug":"examen-de-heces","status":"publish","type":"page","link":"https:\/\/biomes.world\/es\/cosas-a-saber\/intestino\/examen-de-heces\/","title":{"rendered":"Examen de heces"},"content":{"rendered":"\n<h1 class=\"wp-block-heading\" id=\"h-examen-de-heces\">Examen de heces<\/h1>\n\n\n\n<h2 class=\"wp-block-heading\" id=\"h-realiza-una-prueba-de-heces-y-mejora-la-flora-intestinal\">Realiza una prueba de heces y mejora la flora intestinal<\/h2>\n\n\n\n<p>Si la flora intestinal -tambi\u00e9n conocida como microbiota- se altera, a menudo se producen calambres, flatulencias y muchos otros <strong>problemas digestivos<\/strong>. Porque aparte de la amplia variedad de bacterias que contribuyen a la <a href=\"https:\/\/biomes.world\/es\/cosas-a-saber\/intestino\/salud-intestinal\/intestino-sano\/\">salud de tu intestino<\/a>, muchas otras tambi\u00e9n pueden influir negativamente en tu bienestar. Con una prueba de heces puedes tomar cartas en el asunto y <strong>llegar al fondo de las causas de tus malestares<\/strong>.<\/p>\n\n\n\n<h2 class=\"wp-block-heading\" id=\"h-por-que-tiene-sentido-una-prueba-de-heces\">Por qu\u00e9 tiene sentido una prueba de heces<\/h2>\n\n\n\n<p>El <strong>microbioma personal<\/strong> de un ser humano contiene innumerables bacterias. Muchas de ellas son necesarias para que <strong>que ciertos procesos en el cuerpo funcionen.<\/strong> Sin embargo, otros microorganismos pueden tener efectos negativos en nuestro bienestar. Las bacterias de la flora intestinal juegan un papel importante en esto.<\/p>\n\n\n\n<p>Si la <strong>flora intestinal est\u00e1 desequilibrada<\/strong>, esto tambi\u00e9n puede afectar al sistema inmunol\u00f3gico; como resultado, las defensas naturales del cuerpo se debilitan. Los cient\u00edficos incluso encontraron evidencia inicial de que una flora intestinal alterada podr\u00eda estar asociada con enfermedades m\u00e1s graves, cuya causa no se habr\u00eda considerado que estuviera en el intestino, como el autismo. Se puede utilizar una prueba intestinal para <strong>analizar con precisi\u00f3n el estado de la flora intestinal<\/strong> y descubrir los puntos d\u00e9biles que pueden enfermarte.<\/p>\n\n\n\n<p>La prueba de heces de <strong>BIOMES<\/strong> ofrece un nuevo enfoque al aplicar los resultados cient\u00edficos de la microbiolog\u00eda a la <strong>flora intestinal individual<\/strong> para su an\u00e1lisis. <strong>BIOMES<\/strong> utiliza miles de estudios para este fin. Una <strong>exhaustiva comparaci\u00f3n de datos<\/strong> proporciona informaci\u00f3n sobre las causas de las intolerancias, los s\u00edntomas frecuentes de fatiga, el agotamiento permanente y mucho m\u00e1s.<\/p>\n\n\n\n<h2 class=\"wp-block-heading\" id=\"h-crea-un-perfil-personal-de-la-flora-intestinal-con-el-intest-pro\">Crea un perfil personal de la flora intestinal con el INTEST.pro<\/h2>\n\n\n\n<p>Con el test intestinal <a href=\"https:\/\/biomes-salued.es\"><strong>INTEST.<\/strong>pro<\/a>, desarrollado por los cient\u00edficos de <strong>BIOMES<\/strong>, podr\u00e1s saber qu\u00e9 zonas tu flora intestinal pueden estar debilitadas. S\u00f3lo si conoces estos puntos d\u00e9biles, puedes hacer algo para <strong>aumentar tu bienestar de forma permanente<\/strong>. La primera parte del examen de heces se puede hacer en casa. La ventaja es que puedes tomar una peque\u00f1a muestra de heces relajado en tu ambiente habitual.<\/p>\n\n\n\n<p><strong>INTEST.<\/strong>pro se realiza de forma r\u00e1pida y sencilla durante la defecaci\u00f3n. Solo necesitas una peque\u00f1a cantidad de heces para el examen; el tubo nunca debe estar completamente lleno de heces. Utiliza el bastoncillo de algod\u00f3n adjunto para tomar la muestra y quita un poco las heces del papel higi\u00e9nico. A continuaci\u00f3n, simplemente inserta el hisopo en el tubo, col\u00f3quelo en el sobre con sello y env\u00edelo al laboratorio de <strong>BIOMES<\/strong>. No te sorprendas si ya hay un l\u00edquido en el tubo, ya que este garantiza que el ADN de tus microbios se conserve hasta que la muestra sea analizada en el laboratorio.<\/p>\n\n\n\n<figure class=\"wp-block-image size-large\"><img loading=\"lazy\" decoding=\"async\" width=\"1024\" height=\"576\" src=\"http:\/\/biomes.world\/wp-content\/uploads\/2019\/04\/DSC07991-1024x576.jpg\" alt=\"ge\u00f6ffneter INTEST.pro Darmfloratest von BIOMES\" class=\"wp-image-505498\" srcset=\"https:\/\/biomes.world\/wp-content\/uploads\/2019\/04\/DSC07991-1024x576.jpg 1024w, https:\/\/biomes.world\/wp-content\/uploads\/2019\/04\/DSC07991-300x169.jpg 300w, https:\/\/biomes.world\/wp-content\/uploads\/2019\/04\/DSC07991-768x432.jpg 768w, https:\/\/biomes.world\/wp-content\/uploads\/2019\/04\/DSC07991-1536x864.jpg 1536w, https:\/\/biomes.world\/wp-content\/uploads\/2019\/04\/DSC07991-250x141.jpg 250w, https:\/\/biomes.world\/wp-content\/uploads\/2019\/04\/DSC07991.jpg 1620w\" sizes=\"auto, (max-width: 1024px) 100vw, 1024px\" \/><\/figure>\n\n\n\n<p>Todav\u00eda no existe una prueba de heces que se pueda hacer completamente en casa. La evaluaci\u00f3n de la muestra requiere un <a href=\"http:\/\/biomes.world\/es\/intest-pro\/examinacion-de-heces\/analisis-heces-laboratorio\/\">examen de heces profesional en un laboratorio<\/a>. Nuestros expertos realizan un exhaustivo an\u00e1lisis de materia fecal a partir de tu muestra de heces. Identificar\u00e1n las bacterias, virus y otros microorganismos existentes, en general el <strong>ADN microbiano de tu muestra<\/strong>. Esto puede indicar las posibles causas de calambres abdominales o problemas digestivos.<\/p>\n\n\n\n<p>A continuaci\u00f3n, se crear\u00e1 un resumen de tu <strong>perfil personal de microbiota<\/strong>. El perfil contiene todos los hallazgos que el laboratorio ha obtenido al analizar la flora intestinal. Puedes acceder al an\u00e1lisis desde cualquier lugar. En tu <a href=\"https:\/\/my.biomes.world\/en\/logines\/login?lang=es\">acceso personal<\/a>, los resultados se presentan en un panel de control (Dashboard) de forma clara y segura (protecci\u00f3n de datos), incluyendo recomendaciones adaptadas a c\u00f3mo puedes ayudar a tu flora intestinal y, por lo tanto, mejorar tu calidad de vida.<\/p>\n\n\n\n\n<div id=\"benefits-block_b2f786696caea333561d3801f9c29ac9\" class=\"benefits site-block\">\n    <div class=\"benefits__row row xs-up-1 md-up-2 lg-up-4\">\n        <div class=\"benefits__item column\"><div class=\"benefits__content\"><div class=\"benefits__media--icon benefits__media\"><svg xmlns=\"http:\/\/www.w3.org\/2000\/svg\" viewBox=\"0 0 12 12\"><use xlink:href=\"https:\/\/biomes.world\/wp-content\/themes\/biomesworld\/resources\/public\/svg\/icons.svg?1.62#thumbs-up\"><\/use><\/svg><\/div><div class=\"benefits__text\"><div class=\"benefits__header\">Muestra de heces<\/div><p>sacar muestra en casa y\/o en un entorno familiar.<\/p>\n<\/div><\/div><\/div><div class=\"benefits__item column\"><div class=\"benefits__content\"><div class=\"benefits__media--icon benefits__media\"><svg xmlns=\"http:\/\/www.w3.org\/2000\/svg\" viewBox=\"0 0 12 12\"><use xlink:href=\"https:\/\/biomes.world\/wp-content\/themes\/biomesworld\/resources\/public\/svg\/icons.svg?1.62#check\"><\/use><\/svg><\/div><div class=\"benefits__text\"><div class=\"benefits__header\">Env\u00edo<\/div><p>r\u00e1pida y f\u00e1cilmente en el sobre con sello adjunto. <\/p>\n<\/div><\/div><\/div><div class=\"benefits__item column\"><div class=\"benefits__content\"><div class=\"benefits__media--icon benefits__media\"><svg xmlns=\"http:\/\/www.w3.org\/2000\/svg\" viewBox=\"0 0 12 12\"><use xlink:href=\"https:\/\/biomes.world\/wp-content\/themes\/biomesworld\/resources\/public\/svg\/icons.svg?1.62#bacteria\"><\/use><\/svg><\/div><div class=\"benefits__text\"><div class=\"benefits__header\">An\u00e1lisis<\/div><p>hecho por nuestros expertos en los laboratorios de BIOMES.<\/p>\n<\/div><\/div><\/div><div class=\"benefits__item column\"><div class=\"benefits__content\"><div class=\"benefits__media--icon benefits__media\"><svg xmlns=\"http:\/\/www.w3.org\/2000\/svg\" viewBox=\"0 0 12 12\"><use xlink:href=\"https:\/\/biomes.world\/wp-content\/themes\/biomesworld\/resources\/public\/svg\/icons.svg?1.62#info\"><\/use><\/svg><\/div><div class=\"benefits__text\"><div class=\"benefits__header\">Resumen de los resultados<\/div><p>en el <a href=\"https:\/\/my.biomes.world\/en\/logines\/login\/login\">panel de control personal<\/a>.<\/p>\n<\/div><\/div><\/div>    <\/div>\n<\/div>\n\n\n<div\n    id=\"hero-teaser-block_ae4d37c304675649c20c9f5a8f7e2a57\"\n    class=\"hero-teaser site-block\"\n>\n    <div class=\"hero-teaser__media\">\n        <img decoding=\"async\"\n            src=\"https:\/\/biomes.world\/wp-content\/uploads\/2019\/12\/Darmflora_Immunsystem_aus_dem_Bauch_heraus-1600x650.jpg\"\n            alt=\"\"\n            srcset=\"https:\/\/biomes.world\/wp-content\/uploads\/2019\/12\/Darmflora_Immunsystem_aus_dem_Bauch_heraus-300x169.jpg 300w, https:\/\/biomes.world\/wp-content\/uploads\/2019\/12\/Darmflora_Immunsystem_aus_dem_Bauch_heraus-1024x576.jpg 1024w, https:\/\/biomes.world\/wp-content\/uploads\/2019\/12\/Darmflora_Immunsystem_aus_dem_Bauch_heraus-768x432.jpg 768w, https:\/\/biomes.world\/wp-content\/uploads\/2019\/12\/Darmflora_Immunsystem_aus_dem_Bauch_heraus-1536x864.jpg 1536w, https:\/\/biomes.world\/wp-content\/uploads\/2019\/12\/Darmflora_Immunsystem_aus_dem_Bauch_heraus-250x141.jpg 250w, https:\/\/biomes.world\/wp-content\/uploads\/2019\/12\/Darmflora_Immunsystem_aus_dem_Bauch_heraus.jpg 1620w\"\n            sizes=\"(max-width: 30em) 100vw, (max-width: 48em) 100vw, (max-width: 62em) 100vw, (max-width: 75em) 100vw, 1400px\t\"\n        >\n    <\/div>\n    <div class=\"hero-teaser__header\">\n        <div class=\"hero-teaser__col column\">\n            <h2 class=\"hero-teaser__title\">\n                <span>M\u00e1s informaci\u00f3n sobre INTEST.pro<\/span>\n                El test intestinal de BIOMES            <\/h2>\n            \n\n<p>\u00bfC\u00f3mo analizamos tu flora intestinal? \u00bfQu\u00e9 incluye exactamente la prueba? \u00bfD\u00f3nde puedes comprar <strong>INTEST.<\/strong>pro?<br>\u00bfY c\u00f3mo protegemos tus datos?<\/p>\n\n\n\n<div class=\"wp-block-buttons is-layout-flex wp-block-buttons-is-layout-flex\">\n<div class=\"wp-block-button\"><a class=\"wp-block-button__link wp-element-button\" href=\"https:\/\/biomes-salued.es\" target=\"_blank\" rel=\"noreferrer noopener\">Informaci\u00f3n detallada<\/a><\/div>\n<\/div>\n\n        <\/div>\n    <\/div>\n<\/div>\n","protected":false},"excerpt":{"rendered":"<p>Examen de heces Realiza una prueba de heces y mejora la flora intestinal Si la flora intestinal -tambi\u00e9n conocida como microbiota- se altera, a menudo se producen calambres, flatulencias y muchos otros problemas digestivos. Porque aparte de la amplia variedad de bacterias que contribuyen a la salud de tu intestino, muchas otras tambi\u00e9n pueden influir [&#8230;]<\/p>\n","protected":false},"author":1572,"featured_media":0,"parent":592836,"menu_order":0,"comment_status":"closed","ping_status":"closed","template":"","meta":{"_acf_changed":false,"footnotes":""},"class_list":["post-175044","page","type-page","status-publish","hentry"],"acf":[],"yoast_head":"<!-- This site is optimized with the Yoast SEO plugin v27.4 - https:\/\/yoast.com\/product\/yoast-seo-wordpress\/ -->\n<title>Prueba de heces: Realiza tu prueba intestinal personal<\/title>\n<meta name=\"description\" content=\"Las pruebas de heces dan informaci\u00f3n sobre las bacterias intestinales. Usa el INTEST.pro desde casa y env\u00eda la muestra a nuestro laboratorio.\" \/>\n<meta name=\"robots\" content=\"index, follow, max-snippet:-1, max-image-preview:large, max-video-preview:-1\" \/>\n<link rel=\"canonical\" href=\"https:\/\/biomes.world\/es\/cosas-a-saber\/intestino\/examen-de-heces\/\" \/>\n<meta property=\"og:locale\" content=\"es_ES\" \/>\n<meta property=\"og:type\" content=\"article\" \/>\n<meta property=\"og:title\" content=\"Prueba de heces: Realiza tu prueba intestinal personal\" \/>\n<meta property=\"og:description\" content=\"Las pruebas de heces dan informaci\u00f3n sobre las bacterias intestinales. Usa el INTEST.pro desde casa y env\u00eda la muestra a nuestro laboratorio.\" \/>\n<meta property=\"og:url\" content=\"https:\/\/biomes.world\/es\/cosas-a-saber\/intestino\/examen-de-heces\/\" \/>\n<meta property=\"og:site_name\" content=\"BIOMES - Feel better\" \/>\n<meta property=\"article:publisher\" content=\"https:\/\/de-de.facebook.com\/BIOMES.world\/\" \/>\n<meta property=\"article:modified_time\" content=\"2023-03-03T10:25:22+00:00\" \/>\n<meta property=\"og:image\" content=\"http:\/\/biomes.world\/wp-content\/uploads\/2019\/04\/DSC07991-1024x576.jpg\" \/>\n<meta name=\"twitter:card\" content=\"summary_large_image\" \/>\n<meta name=\"twitter:label1\" content=\"Tiempo de lectura\" \/>\n\t<meta name=\"twitter:data1\" content=\"4 minutos\" \/>\n<script type=\"application\/ld+json\" class=\"yoast-schema-graph\">{\"@context\":\"https:\\\/\\\/schema.org\",\"@graph\":[{\"@type\":\"WebPage\",\"@id\":\"https:\\\/\\\/biomes.world\\\/es\\\/cosas-a-saber\\\/intestino\\\/examen-de-heces\\\/\",\"url\":\"https:\\\/\\\/biomes.world\\\/es\\\/cosas-a-saber\\\/intestino\\\/examen-de-heces\\\/\",\"name\":\"Prueba de heces: Realiza tu prueba intestinal personal\",\"isPartOf\":{\"@id\":\"https:\\\/\\\/biomes.world\\\/es\\\/#website\"},\"primaryImageOfPage\":{\"@id\":\"https:\\\/\\\/biomes.world\\\/es\\\/cosas-a-saber\\\/intestino\\\/examen-de-heces\\\/#primaryimage\"},\"image\":{\"@id\":\"https:\\\/\\\/biomes.world\\\/es\\\/cosas-a-saber\\\/intestino\\\/examen-de-heces\\\/#primaryimage\"},\"thumbnailUrl\":\"http:\\\/\\\/biomes.world\\\/wp-content\\\/uploads\\\/2019\\\/04\\\/DSC07991-1024x576.jpg\",\"datePublished\":\"2018-11-13T14:21:20+00:00\",\"dateModified\":\"2023-03-03T10:25:22+00:00\",\"description\":\"Las pruebas de heces dan informaci\u00f3n sobre las bacterias intestinales. Usa el INTEST.pro desde casa y env\u00eda la muestra a nuestro laboratorio.\",\"breadcrumb\":{\"@id\":\"https:\\\/\\\/biomes.world\\\/es\\\/cosas-a-saber\\\/intestino\\\/examen-de-heces\\\/#breadcrumb\"},\"inLanguage\":\"es\",\"potentialAction\":[{\"@type\":\"ReadAction\",\"target\":[\"https:\\\/\\\/biomes.world\\\/es\\\/cosas-a-saber\\\/intestino\\\/examen-de-heces\\\/\"]}]},{\"@type\":\"ImageObject\",\"inLanguage\":\"es\",\"@id\":\"https:\\\/\\\/biomes.world\\\/es\\\/cosas-a-saber\\\/intestino\\\/examen-de-heces\\\/#primaryimage\",\"url\":\"http:\\\/\\\/biomes.world\\\/wp-content\\\/uploads\\\/2019\\\/04\\\/DSC07991-1024x576.jpg\",\"contentUrl\":\"http:\\\/\\\/biomes.world\\\/wp-content\\\/uploads\\\/2019\\\/04\\\/DSC07991-1024x576.jpg\"},{\"@type\":\"BreadcrumbList\",\"@id\":\"https:\\\/\\\/biomes.world\\\/es\\\/cosas-a-saber\\\/intestino\\\/examen-de-heces\\\/#breadcrumb\",\"itemListElement\":[{\"@type\":\"ListItem\",\"position\":1,\"name\":\"Home\",\"item\":\"https:\\\/\\\/biomes.world\\\/es\\\/\"},{\"@type\":\"ListItem\",\"position\":2,\"name\":\"My Health, My Life\",\"item\":\"https:\\\/\\\/biomes.world\\\/es\\\/cosas-a-saber\\\/\"},{\"@type\":\"ListItem\",\"position\":3,\"name\":\"Categoria: Intestino\",\"item\":\"https:\\\/\\\/biomes.world\\\/es\\\/cosas-a-saber\\\/intestino\\\/\"},{\"@type\":\"ListItem\",\"position\":4,\"name\":\"Examen de heces\"}]},{\"@type\":\"WebSite\",\"@id\":\"https:\\\/\\\/biomes.world\\\/es\\\/#website\",\"url\":\"https:\\\/\\\/biomes.world\\\/es\\\/\",\"name\":\"BIOMES - Feel better\",\"description\":\"Cutting-edge biotechnology used to help people\",\"publisher\":{\"@id\":\"https:\\\/\\\/biomes.world\\\/es\\\/#organization\"},\"potentialAction\":[{\"@type\":\"SearchAction\",\"target\":{\"@type\":\"EntryPoint\",\"urlTemplate\":\"https:\\\/\\\/biomes.world\\\/es\\\/?s={search_term_string}\"},\"query-input\":{\"@type\":\"PropertyValueSpecification\",\"valueRequired\":true,\"valueName\":\"search_term_string\"}}],\"inLanguage\":\"es\"},{\"@type\":\"Organization\",\"@id\":\"https:\\\/\\\/biomes.world\\\/es\\\/#organization\",\"name\":\"BIOMES 4.0 GmbH\",\"url\":\"https:\\\/\\\/biomes.world\\\/es\\\/\",\"logo\":{\"@type\":\"ImageObject\",\"inLanguage\":\"es\",\"@id\":\"https:\\\/\\\/biomes.world\\\/es\\\/#\\\/schema\\\/logo\\\/image\\\/\",\"url\":\"http:\\\/\\\/biomes.world\\\/wp-content\\\/uploads\\\/2024\\\/04\\\/biomes_logo_2021_RGB.png\",\"contentUrl\":\"http:\\\/\\\/biomes.world\\\/wp-content\\\/uploads\\\/2024\\\/04\\\/biomes_logo_2021_RGB.png\",\"width\":10040,\"height\":2599,\"caption\":\"BIOMES 4.0 GmbH\"},\"image\":{\"@id\":\"https:\\\/\\\/biomes.world\\\/es\\\/#\\\/schema\\\/logo\\\/image\\\/\"},\"sameAs\":[\"https:\\\/\\\/de-de.facebook.com\\\/BIOMES.world\\\/\",\"https:\\\/\\\/www.youtube.com\\\/@BIOMESworld\",\"https:\\\/\\\/www.instagram.com\\\/biomes_official\\\/\"]}]}<\/script>\n<!-- \/ Yoast SEO plugin. -->","yoast_head_json":{"title":"Prueba de heces: Realiza tu prueba intestinal personal","description":"Las pruebas de heces dan informaci\u00f3n sobre las bacterias intestinales. Usa el INTEST.pro desde casa y env\u00eda la muestra a nuestro laboratorio.","robots":{"index":"index","follow":"follow","max-snippet":"max-snippet:-1","max-image-preview":"max-image-preview:large","max-video-preview":"max-video-preview:-1"},"canonical":"https:\/\/biomes.world\/es\/cosas-a-saber\/intestino\/examen-de-heces\/","og_locale":"es_ES","og_type":"article","og_title":"Prueba de heces: Realiza tu prueba intestinal personal","og_description":"Las pruebas de heces dan informaci\u00f3n sobre las bacterias intestinales. Usa el INTEST.pro desde casa y env\u00eda la muestra a nuestro laboratorio.","og_url":"https:\/\/biomes.world\/es\/cosas-a-saber\/intestino\/examen-de-heces\/","og_site_name":"BIOMES - Feel better","article_publisher":"https:\/\/de-de.facebook.com\/BIOMES.world\/","article_modified_time":"2023-03-03T10:25:22+00:00","og_image":[{"url":"http:\/\/biomes.world\/wp-content\/uploads\/2019\/04\/DSC07991-1024x576.jpg","type":"","width":"","height":""}],"twitter_card":"summary_large_image","twitter_misc":{"Tiempo de lectura":"4 minutos"},"schema":{"@context":"https:\/\/schema.org","@graph":[{"@type":"WebPage","@id":"https:\/\/biomes.world\/es\/cosas-a-saber\/intestino\/examen-de-heces\/","url":"https:\/\/biomes.world\/es\/cosas-a-saber\/intestino\/examen-de-heces\/","name":"Prueba de heces: Realiza tu prueba intestinal personal","isPartOf":{"@id":"https:\/\/biomes.world\/es\/#website"},"primaryImageOfPage":{"@id":"https:\/\/biomes.world\/es\/cosas-a-saber\/intestino\/examen-de-heces\/#primaryimage"},"image":{"@id":"https:\/\/biomes.world\/es\/cosas-a-saber\/intestino\/examen-de-heces\/#primaryimage"},"thumbnailUrl":"http:\/\/biomes.world\/wp-content\/uploads\/2019\/04\/DSC07991-1024x576.jpg","datePublished":"2018-11-13T14:21:20+00:00","dateModified":"2023-03-03T10:25:22+00:00","description":"Las pruebas de heces dan informaci\u00f3n sobre las bacterias intestinales. Usa el INTEST.pro desde casa y env\u00eda la muestra a nuestro laboratorio.","breadcrumb":{"@id":"https:\/\/biomes.world\/es\/cosas-a-saber\/intestino\/examen-de-heces\/#breadcrumb"},"inLanguage":"es","potentialAction":[{"@type":"ReadAction","target":["https:\/\/biomes.world\/es\/cosas-a-saber\/intestino\/examen-de-heces\/"]}]},{"@type":"ImageObject","inLanguage":"es","@id":"https:\/\/biomes.world\/es\/cosas-a-saber\/intestino\/examen-de-heces\/#primaryimage","url":"http:\/\/biomes.world\/wp-content\/uploads\/2019\/04\/DSC07991-1024x576.jpg","contentUrl":"http:\/\/biomes.world\/wp-content\/uploads\/2019\/04\/DSC07991-1024x576.jpg"},{"@type":"BreadcrumbList","@id":"https:\/\/biomes.world\/es\/cosas-a-saber\/intestino\/examen-de-heces\/#breadcrumb","itemListElement":[{"@type":"ListItem","position":1,"name":"Home","item":"https:\/\/biomes.world\/es\/"},{"@type":"ListItem","position":2,"name":"My Health, My Life","item":"https:\/\/biomes.world\/es\/cosas-a-saber\/"},{"@type":"ListItem","position":3,"name":"Categoria: Intestino","item":"https:\/\/biomes.world\/es\/cosas-a-saber\/intestino\/"},{"@type":"ListItem","position":4,"name":"Examen de heces"}]},{"@type":"WebSite","@id":"https:\/\/biomes.world\/es\/#website","url":"https:\/\/biomes.world\/es\/","name":"BIOMES - Feel better","description":"Cutting-edge biotechnology used to help people","publisher":{"@id":"https:\/\/biomes.world\/es\/#organization"},"potentialAction":[{"@type":"SearchAction","target":{"@type":"EntryPoint","urlTemplate":"https:\/\/biomes.world\/es\/?s={search_term_string}"},"query-input":{"@type":"PropertyValueSpecification","valueRequired":true,"valueName":"search_term_string"}}],"inLanguage":"es"},{"@type":"Organization","@id":"https:\/\/biomes.world\/es\/#organization","name":"BIOMES 4.0 GmbH","url":"https:\/\/biomes.world\/es\/","logo":{"@type":"ImageObject","inLanguage":"es","@id":"https:\/\/biomes.world\/es\/#\/schema\/logo\/image\/","url":"http:\/\/biomes.world\/wp-content\/uploads\/2024\/04\/biomes_logo_2021_RGB.png","contentUrl":"http:\/\/biomes.world\/wp-content\/uploads\/2024\/04\/biomes_logo_2021_RGB.png","width":10040,"height":2599,"caption":"BIOMES 4.0 GmbH"},"image":{"@id":"https:\/\/biomes.world\/es\/#\/schema\/logo\/image\/"},"sameAs":["https:\/\/de-de.facebook.com\/BIOMES.world\/","https:\/\/www.youtube.com\/@BIOMESworld","https:\/\/www.instagram.com\/biomes_official\/"]}]}},"_links":{"self":[{"href":"https:\/\/biomes.world\/es\/wp-json\/wp\/v2\/pages\/175044","targetHints":{"allow":["GET"]}}],"collection":[{"href":"https:\/\/biomes.world\/es\/wp-json\/wp\/v2\/pages"}],"about":[{"href":"https:\/\/biomes.world\/es\/wp-json\/wp\/v2\/types\/page"}],"author":[{"embeddable":true,"href":"https:\/\/biomes.world\/es\/wp-json\/wp\/v2\/users\/1572"}],"replies":[{"embeddable":true,"href":"https:\/\/biomes.world\/es\/wp-json\/wp\/v2\/comments?post=175044"}],"version-history":[{"count":0,"href":"https:\/\/biomes.world\/es\/wp-json\/wp\/v2\/pages\/175044\/revisions"}],"up":[{"embeddable":true,"href":"https:\/\/biomes.world\/es\/wp-json\/wp\/v2\/pages\/592836"}],"wp:attachment":[{"href":"https:\/\/biomes.world\/es\/wp-json\/wp\/v2\/media?parent=175044"}],"curies":[{"name":"wp","href":"https:\/\/api.w.org\/{rel}","templated":true}]}}