{"id":171504,"date":"2019-06-04T15:33:50","date_gmt":"2019-06-04T13:33:50","guid":{"rendered":"http:\/\/biomes.world\/?page_id=171504"},"modified":"2021-09-01T16:23:52","modified_gmt":"2021-09-01T14:23:52","slug":"pagina-no-encontrada-404","status":"publish","type":"page","link":"https:\/\/biomes.world\/es\/pagina-no-encontrada-404\/","title":{"rendered":"[404] &#8211; No se ha encontrado la p\u00e1gina"},"content":{"rendered":"\n<h2 class=\"wp-block-heading\"><span class=\"subheader\">No se ha encontrado la p\u00e1gina<\/span>Vaya, parece que te has perdido&#8230; <\/h2>\n\n\n\n<div class=\"wp-block-image\"><figure class=\"aligncenter size-large\"><img loading=\"lazy\" decoding=\"async\" width=\"218\" height=\"225\" src=\"http:\/\/biomes.world\/wp-content\/uploads\/2021\/05\/BMS_fahrrad.png\" alt=\"\" class=\"wp-image-507362\"\/><\/figure><\/div>\n\n\n\n<p>No encontramos la p\u00e1gina a la que quer\u00edas acceder. Sin duda, es algo que no deber\u00eda suceder. Tal vez aqu\u00ed encuentres lo que buscas:  <\/p>\n\n\n\n<ul class=\"wp-block-list\"><li><a href=\"http:\/\/www.biomes.world\">Inicio<\/a> &#8211; \u00c9chale un vistazo a nuestra p\u00e1gina de inicio.<\/li><li><a href=\"https:\/\/shop.biomes.world\/\"><strong>INTEST.<\/strong>pro<\/a> &#8211; &nbsp;Conoce nuestra&nbsp;inigualable&nbsp;prueba intestinal&nbsp;.<\/li><li><a href=\"https:\/\/biomes-salud.es\">Tienda<\/a> &#8211; Aqu\u00ed puedes pedir nuestros productos.<\/li><li><a href=\"https:\/\/biomes.world\/es\/acerca-de\/tecnologia\/\">Tecnolog\u00eda <\/a>&#8211; La biotecnolog\u00eda m\u00e1s avanzada al servicio de las personas<\/li><\/ul>\n\n\n\n<h2 class=\"wp-block-heading\">Te interesa saberlo: Los \u00faltimos art\u00edculos de nuestro blog <\/h2>\n\n\n<div class=\"post__entries site-blockspace--both\"><div class=\"post__slide lg-up-3 md-up-2 xs-up-1 row\"><div class=\"post__item post column\"><div class=\"post__content\"><a href=\"https:\/\/biomes.world\/es\/cosas-a-saber\/fitness-y-bienestar\/fuerza-y-rendimiento\/\" class=\"post__thumbnail\" tabindex=\"0\"><img loading=\"lazy\" decoding=\"async\" width=\"800\" height=\"470\" src=\"https:\/\/biomes.world\/wp-content\/uploads\/2019\/12\/Depositphotos_153032898_s-2019-800x470.jpg\" class=\"attachment-post-thumbnail size-post-thumbnail wp-post-image\" alt=\"Abnehmen und Muskelaufbau\" srcset=\"https:\/\/biomes.world\/wp-content\/uploads\/2019\/12\/Depositphotos_153032898_s-2019-800x470.jpg 800w, https:\/\/biomes.world\/wp-content\/uploads\/2019\/12\/Depositphotos_153032898_s-2019-400x235.jpg 400w\" sizes=\"auto, (max-width: 800px) 100vw, 800px\" \/><\/a><div class=\"entry\"><div class=\"entry__meta\"><span class=\"meta__posted-on\">Posted on <time class=\"meta__date meta__date--published\" datetime=\"2022-06-21T19:11:55+02:00\" itemprop=\"datePublished\">21 de junio de 2022<\/time><time class=\"meta__date--updated\" datetime=\"2023-10-24T12:21:39+02:00\" itemprop=\"dateModified\"><\/time><\/span><\/div><div class=\"entry__header\"><div class=\"entry__title h2\"><a href=\"https:\/\/biomes.world\/es\/cosas-a-saber\/fitness-y-bienestar\/fuerza-y-rendimiento\/\">Fuerza y Rendimiento<\/a><\/div><\/div><div class=\"entry__excerpt\"><p>Poner en marcha el intestino con el ejercicio \u00bfComes mucha fruta y verdura? Entonces ya est\u00e1s haciendo algo para un [...]<\/p><\/div><\/div><\/div><\/div><div class=\"post__item post column\"><div class=\"post__content\"><a href=\"https:\/\/biomes.world\/es\/cosas-a-saber\/alimentacion\/recetas-e-ideas\/\" class=\"post__thumbnail\" tabindex=\"0\"><img loading=\"lazy\" decoding=\"async\" width=\"800\" height=\"470\" src=\"https:\/\/biomes.world\/wp-content\/uploads\/2021\/05\/Rezepte-800x470.jpg\" class=\"attachment-post-thumbnail size-post-thumbnail wp-post-image\" alt=\"Kategoriefoto Ern\u00e4hrung Nahaufnahme Topview Arbeitsplatte\" srcset=\"https:\/\/biomes.world\/wp-content\/uploads\/2021\/05\/Rezepte-800x470.jpg 800w, https:\/\/biomes.world\/wp-content\/uploads\/2021\/05\/Rezepte-400x235.jpg 400w\" sizes=\"auto, (max-width: 800px) 100vw, 800px\" \/><\/a><div class=\"entry\"><div class=\"entry__meta\"><span class=\"meta__posted-on\">Posted on <time class=\"meta__date meta__date--published\" datetime=\"2022-06-21T19:06:12+02:00\" itemprop=\"datePublished\">21 de junio de 2022<\/time><time class=\"meta__date--updated\" datetime=\"2023-03-02T13:07:45+01:00\" itemprop=\"dateModified\"><\/time><\/span><\/div><div class=\"entry__header\"><div class=\"entry__title h2\"><a href=\"https:\/\/biomes.world\/es\/cosas-a-saber\/alimentacion\/recetas-e-ideas\/\">Recetas e ideas<\/a><\/div><\/div><div class=\"entry__excerpt\"><p>En el intestino pueden instalarse tanto las bacterias intestinales buenas y digestivas como las malas, que son un caldo de [...]<\/p><\/div><\/div><\/div><\/div><div class=\"post__item post column\"><div class=\"post__content\"><a href=\"https:\/\/biomes.world\/es\/cosas-a-saber\/fitness-y-bienestar\/adelgazar-con-exito\/\" class=\"post__thumbnail\" tabindex=\"0\"><img loading=\"lazy\" decoding=\"async\" width=\"800\" height=\"470\" src=\"https:\/\/biomes.world\/wp-content\/uploads\/2019\/10\/Depositphotos_2282566_s-2019-800x470.jpg\" class=\"attachment-post-thumbnail size-post-thumbnail wp-post-image\" alt=\"Schnell abnehmen: Erfolg auch ohne Radikaldi\u00e4t\" srcset=\"https:\/\/biomes.world\/wp-content\/uploads\/2019\/10\/Depositphotos_2282566_s-2019-800x470.jpg 800w, https:\/\/biomes.world\/wp-content\/uploads\/2019\/10\/Depositphotos_2282566_s-2019-400x235.jpg 400w\" sizes=\"auto, (max-width: 800px) 100vw, 800px\" \/><\/a><div class=\"entry\"><div class=\"entry__meta\"><span class=\"meta__posted-on\">Posted on <time class=\"meta__date meta__date--published\" datetime=\"2022-06-21T19:00:03+02:00\" itemprop=\"datePublished\">21 de junio de 2022<\/time><time class=\"meta__date--updated\" datetime=\"2023-09-04T10:20:05+02:00\" itemprop=\"dateModified\"><\/time><\/span><\/div><div class=\"entry__header\"><div class=\"entry__title h2\"><a href=\"https:\/\/biomes.world\/es\/cosas-a-saber\/fitness-y-bienestar\/adelgazar-con-exito\/\">Perder peso con \u00e9xito<\/a><\/div><\/div><div class=\"entry__excerpt\"><p>Perder peso de forma eficaz: Sin estr\u00e9s a trav\u00e9s de cambios en la dieta a largo plazo Por t\u00e9rmino medio, [...]<\/p><\/div><\/div><\/div><\/div><div class=\"post__item post column\"><div class=\"post__content\"><a href=\"https:\/\/biomes.world\/es\/cosas-a-saber\/sistema-inmunitario\/reforzar-sistema-inmunitario\/\" class=\"post__thumbnail\" tabindex=\"0\"><img loading=\"lazy\" decoding=\"async\" width=\"800\" height=\"470\" src=\"https:\/\/biomes.world\/wp-content\/uploads\/2022\/05\/Gemuese_Immunsystem_staerken-800x470.jpg\" class=\"attachment-post-thumbnail size-post-thumbnail wp-post-image\" alt=\"Gesunde Gem\u00fcsekiste mit vielen Ballaststoffen und sekund\u00e4ren Pflanzenstoffen\" srcset=\"https:\/\/biomes.world\/wp-content\/uploads\/2022\/05\/Gemuese_Immunsystem_staerken-800x470.jpg 800w, https:\/\/biomes.world\/wp-content\/uploads\/2022\/05\/Gemuese_Immunsystem_staerken-400x235.jpg 400w\" sizes=\"auto, (max-width: 800px) 100vw, 800px\" \/><\/a><div class=\"entry\"><div class=\"entry__meta\"><span class=\"meta__posted-on\">Posted on <time class=\"meta__date meta__date--published\" datetime=\"2022-05-24T14:13:59+02:00\" itemprop=\"datePublished\">24 de mayo de 2022<\/time><time class=\"meta__date--updated\" datetime=\"2023-04-06T08:42:52+02:00\" itemprop=\"dateModified\"><\/time><\/span><\/div><div class=\"entry__header\"><div class=\"entry__title h2\"><a href=\"https:\/\/biomes.world\/es\/cosas-a-saber\/sistema-inmunitario\/reforzar-sistema-inmunitario\/\">Fortalecer el sistema inmunol\u00f3gico<\/a><\/div><\/div><div class=\"entry__excerpt\"><p>Das Immunsystem ist unser Schutzschild gegen Krankheitserreger \u2013 eine leistungsstarke Barriere, oder vielmehr ein W\u00e4chter, der sch\u00e4dliche Bakterien, Viren, Pilze, [...]<\/p><\/div><\/div><\/div><\/div><div class=\"post__item post column\"><div class=\"post__content\"><a href=\"https:\/\/biomes.world\/es\/prensa\/estado-de-animo-de-los-espanoles-ha-empeorado-durante-la-pandemia\/\" class=\"post__thumbnail\" tabindex=\"0\"><img loading=\"lazy\" decoding=\"async\" width=\"800\" height=\"470\" src=\"https:\/\/biomes.world\/wp-content\/uploads\/2021\/06\/Depositphotos_167636164_s-2019-800x470.jpg\" class=\"attachment-post-thumbnail size-post-thumbnail wp-post-image\" alt=\"Paar fr\u00fchst\u00fcckt, gesundes essen\" srcset=\"https:\/\/biomes.world\/wp-content\/uploads\/2021\/06\/Depositphotos_167636164_s-2019-800x470.jpg 800w, https:\/\/biomes.world\/wp-content\/uploads\/2021\/06\/Depositphotos_167636164_s-2019-400x235.jpg 400w\" sizes=\"auto, (max-width: 800px) 100vw, 800px\" \/><\/a><div class=\"entry\"><div class=\"entry__meta\"><span class=\"meta__posted-on\">Posted on <time class=\"meta__date meta__date--published\" datetime=\"2021-06-29T10:55:13+02:00\" itemprop=\"datePublished\">29 de junio de 2021<\/time><time class=\"meta__date--updated\" datetime=\"2021-09-17T09:29:38+02:00\" itemprop=\"dateModified\"><\/time><\/span><\/div><div class=\"entry__header\"><div class=\"entry__title h2\"><a href=\"https:\/\/biomes.world\/es\/prensa\/estado-de-animo-de-los-espanoles-ha-empeorado-durante-la-pandemia\/\">El estado de \u00e1nimo de los espa\u00f1oles est\u00e1 en riesgo<\/a><\/div><\/div><div class=\"entry__excerpt\"><p>Seg\u00fan una encuesta, el estado de \u00e1nimo de casi la mitad de la poblaci\u00f3n espa\u00f1ola ha empeorado durante la pandemia [...]<\/p><\/div><\/div><\/div><\/div><div class=\"post__item post column\"><div class=\"post__content\"><a href=\"https:\/\/biomes.world\/es\/sin-categorizar\/blog-cosas-a-saber-sistema-inmune-defensa-inmunologica\/\" class=\"post__thumbnail\" tabindex=\"0\"><img loading=\"lazy\" decoding=\"async\" width=\"800\" height=\"470\" src=\"https:\/\/biomes.world\/wp-content\/uploads\/2021\/07\/Die_spezifische_Immunabwehr-800x470.jpg\" class=\"attachment-post-thumbnail size-post-thumbnail wp-post-image\" alt=\"Die spezifische Immunabwehr\" srcset=\"https:\/\/biomes.world\/wp-content\/uploads\/2021\/07\/Die_spezifische_Immunabwehr-800x470.jpg 800w, https:\/\/biomes.world\/wp-content\/uploads\/2021\/07\/Die_spezifische_Immunabwehr-400x235.jpg 400w\" sizes=\"auto, (max-width: 800px) 100vw, 800px\" \/><\/a><div class=\"entry\"><div class=\"entry__meta\"><span class=\"meta__posted-on\">Posted on <time class=\"meta__date meta__date--published\" datetime=\"2021-06-08T14:10:50+02:00\" itemprop=\"datePublished\">8 de junio de 2021<\/time><time class=\"meta__date--updated\" datetime=\"2022-01-07T20:08:54+01:00\" itemprop=\"dateModified\"><\/time><\/span><\/div><div class=\"entry__header\"><div class=\"entry__title h2\"><a href=\"https:\/\/biomes.world\/es\/sin-categorizar\/blog-cosas-a-saber-sistema-inmune-defensa-inmunologica\/\">\u00bfQu\u00e9 es exactamente la respuesta inmunitaria espec\u00edfica?<\/a><\/div><\/div><div class=\"entry__excerpt\"><p>El sistema&nbsp;inmunitario es&nbsp;el&nbsp;sistema de defensa&nbsp;de nuestro cuerpo;&nbsp;una especie de guardi\u00e1n que nos protege&nbsp;frente a las infecciones de agentes invasores potencialmente [...]<\/p><\/div><\/div><\/div><\/div><\/div><\/div>\n","protected":false},"excerpt":{"rendered":"<p>El sistema&nbsp;inmunitario es&nbsp;el&nbsp;sistema de defensa&nbsp;de nuestro cuerpo;&nbsp;una especie de guardi\u00e1n que nos protege&nbsp;frente a las infecciones de agentes invasores potencialmente [&#8230;]<\/p>\n","protected":false},"author":3168,"featured_media":0,"parent":0,"menu_order":39,"comment_status":"closed","ping_status":"closed","template":"","meta":{"_acf_changed":false,"footnotes":""},"class_list":["post-171504","page","type-page","status-publish","hentry"],"acf":[],"yoast_head":"<!-- This site is optimized with the Yoast SEO plugin v27.4 - https:\/\/yoast.com\/product\/yoast-seo-wordpress\/ -->\n<title>Lo sentimos, pero no hemos encontrado la p\u00e1gina | BIOMES<\/title>\n<meta name=\"description\" content=\"La p\u00e1gina que buscas no existe. Si crees que se ha producido un error, te rogar\u00edamos que nos enviaras un breve mensaje.\" \/>\n<meta name=\"robots\" content=\"noindex, nofollow\" \/>\n<meta property=\"og:locale\" content=\"es_ES\" \/>\n<meta property=\"og:type\" content=\"article\" \/>\n<meta property=\"og:title\" content=\"Lo sentimos, pero no hemos encontrado la p\u00e1gina | BIOMES\" \/>\n<meta property=\"og:description\" content=\"La p\u00e1gina que buscas no existe. Si crees que se ha producido un error, te rogar\u00edamos que nos enviaras un breve mensaje.\" \/>\n<meta property=\"og:url\" content=\"https:\/\/biomes.world\/es\/pagina-no-encontrada-404\/\" \/>\n<meta property=\"og:site_name\" content=\"BIOMES - Feel better\" \/>\n<meta property=\"article:publisher\" content=\"https:\/\/de-de.facebook.com\/BIOMES.world\/\" \/>\n<meta property=\"article:modified_time\" content=\"2021-09-01T14:23:52+00:00\" \/>\n<meta property=\"og:image\" content=\"http:\/\/biomes.world\/wp-content\/uploads\/2021\/05\/BMS_fahrrad.png\" \/>\n<meta name=\"twitter:card\" content=\"summary_large_image\" \/>\n<meta name=\"twitter:label1\" content=\"Tiempo de lectura\" \/>\n\t<meta name=\"twitter:data1\" content=\"1 minuto\" \/>\n<script type=\"application\/ld+json\" class=\"yoast-schema-graph\">{\"@context\":\"https:\\\/\\\/schema.org\",\"@graph\":[{\"@type\":\"WebPage\",\"@id\":\"https:\\\/\\\/biomes.world\\\/es\\\/pagina-no-encontrada-404\\\/\",\"url\":\"https:\\\/\\\/biomes.world\\\/es\\\/pagina-no-encontrada-404\\\/\",\"name\":\"Lo sentimos, pero no hemos encontrado la p\u00e1gina | BIOMES\",\"isPartOf\":{\"@id\":\"https:\\\/\\\/biomes.world\\\/es\\\/#website\"},\"primaryImageOfPage\":{\"@id\":\"https:\\\/\\\/biomes.world\\\/es\\\/pagina-no-encontrada-404\\\/#primaryimage\"},\"image\":{\"@id\":\"https:\\\/\\\/biomes.world\\\/es\\\/pagina-no-encontrada-404\\\/#primaryimage\"},\"thumbnailUrl\":\"http:\\\/\\\/biomes.world\\\/wp-content\\\/uploads\\\/2021\\\/05\\\/BMS_fahrrad.png\",\"datePublished\":\"2019-06-04T13:33:50+00:00\",\"dateModified\":\"2021-09-01T14:23:52+00:00\",\"description\":\"La p\u00e1gina que buscas no existe. Si crees que se ha producido un error, te rogar\u00edamos que nos enviaras un breve mensaje.\",\"breadcrumb\":{\"@id\":\"https:\\\/\\\/biomes.world\\\/es\\\/pagina-no-encontrada-404\\\/#breadcrumb\"},\"inLanguage\":\"es\",\"potentialAction\":[{\"@type\":\"ReadAction\",\"target\":[\"https:\\\/\\\/biomes.world\\\/es\\\/pagina-no-encontrada-404\\\/\"]}]},{\"@type\":\"ImageObject\",\"inLanguage\":\"es\",\"@id\":\"https:\\\/\\\/biomes.world\\\/es\\\/pagina-no-encontrada-404\\\/#primaryimage\",\"url\":\"http:\\\/\\\/biomes.world\\\/wp-content\\\/uploads\\\/2021\\\/05\\\/BMS_fahrrad.png\",\"contentUrl\":\"http:\\\/\\\/biomes.world\\\/wp-content\\\/uploads\\\/2021\\\/05\\\/BMS_fahrrad.png\"},{\"@type\":\"BreadcrumbList\",\"@id\":\"https:\\\/\\\/biomes.world\\\/es\\\/pagina-no-encontrada-404\\\/#breadcrumb\",\"itemListElement\":[{\"@type\":\"ListItem\",\"position\":1,\"name\":\"Home\",\"item\":\"https:\\\/\\\/biomes.world\\\/es\\\/\"},{\"@type\":\"ListItem\",\"position\":2,\"name\":\"[404] &#8211; No se ha encontrado la p\u00e1gina\"}]},{\"@type\":\"WebSite\",\"@id\":\"https:\\\/\\\/biomes.world\\\/es\\\/#website\",\"url\":\"https:\\\/\\\/biomes.world\\\/es\\\/\",\"name\":\"BIOMES - Feel better\",\"description\":\"Cutting-edge biotechnology used to help people\",\"publisher\":{\"@id\":\"https:\\\/\\\/biomes.world\\\/es\\\/#organization\"},\"potentialAction\":[{\"@type\":\"SearchAction\",\"target\":{\"@type\":\"EntryPoint\",\"urlTemplate\":\"https:\\\/\\\/biomes.world\\\/es\\\/?s={search_term_string}\"},\"query-input\":{\"@type\":\"PropertyValueSpecification\",\"valueRequired\":true,\"valueName\":\"search_term_string\"}}],\"inLanguage\":\"es\"},{\"@type\":\"Organization\",\"@id\":\"https:\\\/\\\/biomes.world\\\/es\\\/#organization\",\"name\":\"BIOMES 4.0 GmbH\",\"url\":\"https:\\\/\\\/biomes.world\\\/es\\\/\",\"logo\":{\"@type\":\"ImageObject\",\"inLanguage\":\"es\",\"@id\":\"https:\\\/\\\/biomes.world\\\/es\\\/#\\\/schema\\\/logo\\\/image\\\/\",\"url\":\"http:\\\/\\\/biomes.world\\\/wp-content\\\/uploads\\\/2024\\\/04\\\/biomes_logo_2021_RGB.png\",\"contentUrl\":\"http:\\\/\\\/biomes.world\\\/wp-content\\\/uploads\\\/2024\\\/04\\\/biomes_logo_2021_RGB.png\",\"width\":10040,\"height\":2599,\"caption\":\"BIOMES 4.0 GmbH\"},\"image\":{\"@id\":\"https:\\\/\\\/biomes.world\\\/es\\\/#\\\/schema\\\/logo\\\/image\\\/\"},\"sameAs\":[\"https:\\\/\\\/de-de.facebook.com\\\/BIOMES.world\\\/\",\"https:\\\/\\\/www.youtube.com\\\/@BIOMESworld\",\"https:\\\/\\\/www.instagram.com\\\/biomes_official\\\/\"]}]}<\/script>\n<!-- \/ Yoast SEO plugin. -->","yoast_head_json":{"title":"Lo sentimos, pero no hemos encontrado la p\u00e1gina | BIOMES","description":"La p\u00e1gina que buscas no existe. Si crees que se ha producido un error, te rogar\u00edamos que nos enviaras un breve mensaje.","robots":{"index":"noindex","follow":"nofollow"},"og_locale":"es_ES","og_type":"article","og_title":"Lo sentimos, pero no hemos encontrado la p\u00e1gina | BIOMES","og_description":"La p\u00e1gina que buscas no existe. Si crees que se ha producido un error, te rogar\u00edamos que nos enviaras un breve mensaje.","og_url":"https:\/\/biomes.world\/es\/pagina-no-encontrada-404\/","og_site_name":"BIOMES - Feel better","article_publisher":"https:\/\/de-de.facebook.com\/BIOMES.world\/","article_modified_time":"2021-09-01T14:23:52+00:00","og_image":[{"url":"http:\/\/biomes.world\/wp-content\/uploads\/2021\/05\/BMS_fahrrad.png","type":"","width":"","height":""}],"twitter_card":"summary_large_image","twitter_misc":{"Tiempo de lectura":"1 minuto"},"schema":{"@context":"https:\/\/schema.org","@graph":[{"@type":"WebPage","@id":"https:\/\/biomes.world\/es\/pagina-no-encontrada-404\/","url":"https:\/\/biomes.world\/es\/pagina-no-encontrada-404\/","name":"Lo sentimos, pero no hemos encontrado la p\u00e1gina | BIOMES","isPartOf":{"@id":"https:\/\/biomes.world\/es\/#website"},"primaryImageOfPage":{"@id":"https:\/\/biomes.world\/es\/pagina-no-encontrada-404\/#primaryimage"},"image":{"@id":"https:\/\/biomes.world\/es\/pagina-no-encontrada-404\/#primaryimage"},"thumbnailUrl":"http:\/\/biomes.world\/wp-content\/uploads\/2021\/05\/BMS_fahrrad.png","datePublished":"2019-06-04T13:33:50+00:00","dateModified":"2021-09-01T14:23:52+00:00","description":"La p\u00e1gina que buscas no existe. Si crees que se ha producido un error, te rogar\u00edamos que nos enviaras un breve mensaje.","breadcrumb":{"@id":"https:\/\/biomes.world\/es\/pagina-no-encontrada-404\/#breadcrumb"},"inLanguage":"es","potentialAction":[{"@type":"ReadAction","target":["https:\/\/biomes.world\/es\/pagina-no-encontrada-404\/"]}]},{"@type":"ImageObject","inLanguage":"es","@id":"https:\/\/biomes.world\/es\/pagina-no-encontrada-404\/#primaryimage","url":"http:\/\/biomes.world\/wp-content\/uploads\/2021\/05\/BMS_fahrrad.png","contentUrl":"http:\/\/biomes.world\/wp-content\/uploads\/2021\/05\/BMS_fahrrad.png"},{"@type":"BreadcrumbList","@id":"https:\/\/biomes.world\/es\/pagina-no-encontrada-404\/#breadcrumb","itemListElement":[{"@type":"ListItem","position":1,"name":"Home","item":"https:\/\/biomes.world\/es\/"},{"@type":"ListItem","position":2,"name":"[404] &#8211; No se ha encontrado la p\u00e1gina"}]},{"@type":"WebSite","@id":"https:\/\/biomes.world\/es\/#website","url":"https:\/\/biomes.world\/es\/","name":"BIOMES - Feel better","description":"Cutting-edge biotechnology used to help people","publisher":{"@id":"https:\/\/biomes.world\/es\/#organization"},"potentialAction":[{"@type":"SearchAction","target":{"@type":"EntryPoint","urlTemplate":"https:\/\/biomes.world\/es\/?s={search_term_string}"},"query-input":{"@type":"PropertyValueSpecification","valueRequired":true,"valueName":"search_term_string"}}],"inLanguage":"es"},{"@type":"Organization","@id":"https:\/\/biomes.world\/es\/#organization","name":"BIOMES 4.0 GmbH","url":"https:\/\/biomes.world\/es\/","logo":{"@type":"ImageObject","inLanguage":"es","@id":"https:\/\/biomes.world\/es\/#\/schema\/logo\/image\/","url":"http:\/\/biomes.world\/wp-content\/uploads\/2024\/04\/biomes_logo_2021_RGB.png","contentUrl":"http:\/\/biomes.world\/wp-content\/uploads\/2024\/04\/biomes_logo_2021_RGB.png","width":10040,"height":2599,"caption":"BIOMES 4.0 GmbH"},"image":{"@id":"https:\/\/biomes.world\/es\/#\/schema\/logo\/image\/"},"sameAs":["https:\/\/de-de.facebook.com\/BIOMES.world\/","https:\/\/www.youtube.com\/@BIOMESworld","https:\/\/www.instagram.com\/biomes_official\/"]}]}},"_links":{"self":[{"href":"https:\/\/biomes.world\/es\/wp-json\/wp\/v2\/pages\/171504","targetHints":{"allow":["GET"]}}],"collection":[{"href":"https:\/\/biomes.world\/es\/wp-json\/wp\/v2\/pages"}],"about":[{"href":"https:\/\/biomes.world\/es\/wp-json\/wp\/v2\/types\/page"}],"author":[{"embeddable":true,"href":"https:\/\/biomes.world\/es\/wp-json\/wp\/v2\/users\/3168"}],"replies":[{"embeddable":true,"href":"https:\/\/biomes.world\/es\/wp-json\/wp\/v2\/comments?post=171504"}],"version-history":[{"count":0,"href":"https:\/\/biomes.world\/es\/wp-json\/wp\/v2\/pages\/171504\/revisions"}],"wp:attachment":[{"href":"https:\/\/biomes.world\/es\/wp-json\/wp\/v2\/media?parent=171504"}],"curies":[{"name":"wp","href":"https:\/\/api.w.org\/{rel}","templated":true}]}}