{"id":168524,"date":"2019-08-05T14:45:13","date_gmt":"2019-08-05T12:45:13","guid":{"rendered":"http:\/\/biomes.world\/?page_id=168524"},"modified":"2023-03-02T14:42:23","modified_gmt":"2023-03-02T13:42:23","slug":"condiciones-generales","status":"publish","type":"page","link":"https:\/\/biomes.world\/es\/acerca-de\/condiciones-generales\/","title":{"rendered":"Condiciones generales"},"content":{"rendered":"<h1>BIOMES: Condiciones generales para socios afiliados<\/h1>\n<p>Estas Condiciones generales rigen entre<\/p>\n<p><strong>Biomes 4.0 GmbH<\/strong><br \/>\nSchwartzkopffstra\u00dfe 1<br \/>\nHalle 21<br \/>\n15745 Wildau<br \/>\n(Alemania)<\/p>\n<p>(en lo sucesivo, \u00abel Empresario\u00bb)<\/p>\n<p>y el socio afiliado<\/p>\n<p>(en lo sucesivo, \u00abel Socio afiliado\u00bb).<\/p>\n<h2>\u00cdndice<\/h2>\n<p><a href=\"#\u00a71\">\u00a7 1 Condiciones generales<\/a><br \/>\n<a href=\"#\u00a72\">\u00a7 2 Objeto contractual, registro, comisi\u00f3n, pago<\/a><br \/>\n<a href=\"#\u00a73\">\u00a7 3 Garant\u00eda y responsabilidad<\/a><br \/>\n<a href=\"#\u00a74\">\u00a7 4 Duraci\u00f3n, rescisi\u00f3n y cancelaci\u00f3n del contrato<\/a><br \/>\n<a href=\"#\u00a75\">\u00a7 5 Jurisdicci\u00f3n, lugar de ejecuci\u00f3n y legislaci\u00f3n aplicable<\/a><br \/>\n<a href=\"#\u00a76\">\u00a7 6 Cambios de las Condiciones generales y cl\u00e1usula de salvedad<\/a><br \/>\n<a href=\"#\u00a77\">\u00a7 7 Obligaci\u00f3n de confidencialidad<\/a><br \/>\n<a href=\"#\u00a78\">\u00a7 8 Datos de contacto<\/a><br \/>\n<a href=\"#\u00a79\">\u00a7 9 Cl\u00e1usulas finales<\/a><\/p>\n<hr>\n<h2 id=\"\u00a71\">\u00a7 1 Condiciones generales<\/h2>\n<p>(1) El contrato celebrado entre el Empresario y el Socio afiliado se rige \u00fanicamente por estas Condiciones generales.<\/p>\n<p>(2) No se consideran base del contrato las condiciones generales de otros socios afiliados. Deber\u00e1 acordarse por escrito cualquier otro acuerdo complementario y el propio abandono del requisito de formalizaci\u00f3n por escrito. La participaci\u00f3n es gratuita para el Socio afiliado.<\/p>\n<h2 id=\"\u00a72\">\u00a7 2 Objeto contractual, registro, comisi\u00f3n, pago<\/h2>\n<p>(1) El Empresario permite al Socio afiliado que redacte sus propios textos publicitarios sobre los productos de la empresa y que tome im\u00e1genes del producto correspondiente. Adem\u00e1s, el Socio afiliado tambi\u00e9n puede solicitar a la empresa que le proporcione un enlace de afiliado, textos publicitarios e im\u00e1genes para la publicaci\u00f3n en la p\u00e1gina web sin cambio de calidad. Antes de la publicaci\u00f3n en la p\u00e1gina web, el Socio afiliado proporcionar\u00e1 a la empresa copias completas de los textos publicitarios que haya redactado y de las im\u00e1genes de producto propias para su aprobaci\u00f3n. El Empresario debe aceptar o rechazar estos materiales en el plazo de tres d\u00edas h\u00e1biles.<\/p>\n<p>(2) El Empresario hace constar todos los clics que se realizan en el enlace de afiliado proporcionado y los registra estad\u00edsticamente mediante el administrador de afiliados. Los registros se env\u00edan cada mes al Socio afiliado por correo electr\u00f3nico, junto con el resumen de reservas. El reclamo de comisi\u00f3n solo se da si el pedido se realiza y completa a trav\u00e9s de la tienda en l\u00ednea del Empresario (http:\/\/biomes.world\/shop). El momento determinante es el pago efectivo del cliente, despu\u00e9s de la liquidaci\u00f3n con el Empresario.<\/p>\n<p>(3) El Socio afiliado recibe una comisi\u00f3n del 15 % bruto del valor de compra reservado por cada pedido en l\u00ednea realizado a trav\u00e9s de su p\u00e1gina web. El reclamo de comisi\u00f3n solo se da si el pedido en l\u00ednea se ha completado con \u00e9xito.<\/p>\n<p>(4) La liquidaci\u00f3n de las comisiones con el Socio afiliado se realiza de forma mensual, hasta el d\u00eda 20 del calendario del mes siguiente. En cada caso, se consideran los pedidos en l\u00ednea realizados en el mes anterior a trav\u00e9s del Socio afiliado y para los que el Empresario deber\u00e1 registrar los pagos recibidos. El pago de las comisiones se abonar\u00e1 en el plazo de cuatro semanas desde el env\u00edo del resumen de reservas en una cuenta que ser\u00e1 designada por el Socio afiliado. Cualquier objeci\u00f3n a la liquidaci\u00f3n deber\u00e1 realizarse por escrito y en el plazo de un mes a partir de la recepci\u00f3n de la liquidaci\u00f3n; de lo contrario, se reconocer\u00e1 de forma expl\u00edcita e incondicional su correcci\u00f3n. No se aceptan objeciones ni reclamaciones de comisiones realizadas con posterioridad a ese plazo.<\/p>\n<p>(5) Los saldos mensuales por debajo de 100,00 \u20ac se abonar\u00e1n con los del mes siguiente, sin que se generen intereses. Las transferencias se realizan en euros. Si el Socio afiliado est\u00e1 sujeto al pago del IVA, en el momento de su registro debe notificar su NIF o n\u00famero de IVA, junto con la informaci\u00f3n de la oficina fiscal. Los gastos y desembolsos del Socio afiliado no le ser\u00e1n reembolsados por el Empresario.<\/p>\n<h2 id=\"\u00a73\">\u00a7 3 Garant\u00eda y responsabilidad<\/h2>\n<p>(1) Las partes acuerdan limitar la responsabilidad del Empresario y de los auxiliares imputables por da\u00f1os resultados de negligencia grave y dolo, con independencia de la base legal. Se excluye la responsabilidad por la p\u00e9rdida de beneficios y da\u00f1os consecuentes at\u00edpicos e imprevisibles, incluso en caso de dolo y negligencia grave. El Socio afiliado acuerda indemnizar y exonerar al Empresario por reclamaciones presentadas contra el Empresario por el incumplimiento de las disposiciones legales o contractuales por su parte o la de sus auxiliares (incluidos los costes de defensa legal necesarios y oportunos).<\/p>\n<h2 id=\"\u00a74\">\u00a7 4 Duraci\u00f3n, rescisi\u00f3n y cancelaci\u00f3n del contrato<\/h2>\n<p>(1) El contrato se celebra por tiempo indefinido.<\/p>\n<p>(2) Ambas partes pueden rescindir el contrato con un plazo de ejecuci\u00f3n de un mes. La rescisi\u00f3n debe formalizarse por escrito.<\/p>\n<p>(3) Los pedidos en l\u00ednea que se realicen hasta el t\u00e9rmino del periodo contractual se procesar\u00e1n de acuerdo con las condiciones de este contrato estipuladas arriba. Al t\u00e9rmino del contrato, el Socio afiliado est\u00e1 obligado a desactivar y eliminar de su sitio web el enlace de afiliado, as\u00ed como todos los banners y dem\u00e1s recursos ofrecidos. El Empresario est\u00e1 autorizado a disolver el contrato de forma inmediata ante una causa justificada, por ejemplo: apertura de un procedimiento de insolvencia sobre los activos del Socio afiliado y desestimaci\u00f3n de una solicitud de bancarrota debido a la falta de fondos, as\u00ed como la presencia de informaci\u00f3n incorrecta en el formulario de solicitud.<\/p>\n<h2 id=\"\u00a75\">\u00a7 5 Jurisdicci\u00f3n, lugar de ejecuci\u00f3n y legislaci\u00f3n aplicable<\/h2>\n<p>(1) El presente contrato de cooperaci\u00f3n se rige exclusivamente por la legislaci\u00f3n de la Rep\u00fablica Federal de Alemania, exceptuando la Convenci\u00f3n de las Naciones Unidas sobre los Contratos de Compraventa Internacional de Mercader\u00edas y las normas de derecho civil internacional basadas en \u00e9l.<\/p>\n<p>(2) Las partes acuerdan que la jurisdicci\u00f3n exclusiva en todos los litigios que surjan de este acuerdo y en relaci\u00f3n con \u00e9l ser\u00e1, en la medida que la ley lo permita, el tribunal regional de la sede del Empresario.<\/p>\n<h2 id=\"\u00a76\">\u00a7 6 Cambios de las Condiciones generales y cl\u00e1usula de salvedad<\/h2>\n<p>(1) El Empresario est\u00e1 autorizado a modificar estas Condiciones generales. Los cambios se notificar\u00e1n al Socio afiliado mediante el env\u00edo de una copia de las condiciones con los cambios por correo electr\u00f3nico. Si el contratante no acepta las modificaciones, est\u00e1 autorizado a rescindir el contrato en el plazo de un mes desde la recepci\u00f3n de los cambios. Si no se ejerce el derecho de rescisi\u00f3n, se aplicar\u00e1n las Condiciones generales modificadas.<\/p>\n<p>(2) Si alguna de las cl\u00e1usulas de las Condiciones generales no puede aplicarse, el resto del contrato no perder\u00e1 validez. La cl\u00e1usula inefectiva se reemplazar\u00e1 por la estipulaci\u00f3n aplicable que m\u00e1s se aproxime econ\u00f3micamente a la prevista por la cl\u00e1usula inefectiva.<\/p>\n<h2 id=\"\u00a77\">\u00a7 7 Obligaci\u00f3n de confidencialidad<\/h2>\n<p>(1) El Socio afiliado no puede divulgar ni poner a disposici\u00f3n de terceros ning\u00fan secreto comercial del Empresario durante el contrato ni despu\u00e9s de su rescisi\u00f3n. Se asegurar\u00e1 de que este compromiso tambi\u00e9n sea respetado por parte de sus empleados.<\/p>\n<p>(2) El Socio afiliado devolver\u00e1 la documentaci\u00f3n sobre operaciones comerciales confidenciales que le haya confiado el Empresario a su solicitud de forma inmediata y, a m\u00e1s tardar, una semana despu\u00e9s de la terminaci\u00f3n de la relaci\u00f3n contractual.<\/p>\n<p>(3) Se considera informaci\u00f3n confidencial toda la informaci\u00f3n (en particular de naturaleza t\u00e9cnica y econ\u00f3mica, objetivos, experiencias, conocimientos, construcciones y documentos, incluidos resultados preexistentes que se conocen como resultado de la cooperaci\u00f3n contra\u00edda en virtud de este contrato) que se debe manejar de forma confidencial respecto a terceros (tambi\u00e9n una vez finalizado el tiempo de vigencia del contrato), que se debe proteger del acceso de terceros y que no se puede convertir en objeto de una solicitud de protecci\u00f3n propia. No es relevante el medio por el que se transmita la informaci\u00f3n (en particular, se incluye la transmisi\u00f3n verbal).<\/p>\n<h2 id=\"\u00a78\">\u00a7 8 Datos de contacto<\/h2>\n<p>Direcci\u00f3n de contacto\/Contacto del Empresario (contratos\/material publicitario)<\/p>\n<p>BIOMES 4.0 GmbH<br \/>\nSr. Andrej Wackerow<br \/>\nSchwartzkopffstra\u00dfe 1<br \/>\nHalle 21<br \/>\n15745 Wildau (Alemania)<br \/>\nTel.: +49 (0) 3375 585 62 40<br \/>\nCorreo electr\u00f3nico: vertrieb@biomes.world<\/p>\n<h2 id=\"\u00a79\">\u00a7 9 Cl\u00e1usulas finales<\/h2>\n<p>(1) Este contrato constituye, junto con los anexos, el acuerdo completo entre las partes contratantes. Los cambios y las adiciones que se realicen sobre el acuerdo deben formalizarse por escrito para tener validez. Esto tambi\u00e9n se aplica, sin perjuicio de la primac\u00eda del acuerdo individual, a la exenci\u00f3n del requisito de formalizaci\u00f3n por escrito. A petici\u00f3n de la otra parte, las partes se comprometen mutuamente a realizar todas las acciones y aclaraciones que sean necesarias para cumplir con la exigencia de formalizaci\u00f3n por escrito, incluso en relaci\u00f3n con la conclusi\u00f3n de acuerdos complementarios, de enmienda y suplementarios.<\/p>\n<p>(2) Las partes no pueden asignar derechos y obligaciones a terceros en virtud del presente acuerdo sin el consentimiento previo por escrito de la otra parte.<\/p>\n<p>(3) La invalidez de una o varias disposiciones de este contrato no afectar\u00e1 a la validez del resto del contrato. Las partes est\u00e1n obligadas a reemplazar la disposici\u00f3n inefectiva por la que m\u00e1s se aproxime al prop\u00f3sito econ\u00f3mico de este concreto. Lo mismo se aplica a cualquier laguna en el contrato.<\/p>\n","protected":false},"excerpt":{"rendered":"<p>BIOMES: Condiciones generales para socios afiliados Estas Condiciones generales rigen entre Biomes 4.0 GmbH Schwartzkopffstra\u00dfe 1 Halle 21 15745 Wildau (Alemania) (en lo sucesivo, \u00abel Empresario\u00bb) y el socio afiliado (en lo sucesivo, \u00abel Socio afiliado\u00bb). \u00cdndice \u00a7 1 Condiciones generales \u00a7 2 Objeto contractual, registro, comisi\u00f3n, pago \u00a7 3 Garant\u00eda y responsabilidad \u00a7 4 [&#8230;]<\/p>\n","protected":false},"author":1572,"featured_media":0,"parent":145477,"menu_order":0,"comment_status":"closed","ping_status":"closed","template":"","meta":{"_acf_changed":false,"footnotes":""},"class_list":["post-168524","page","type-page","status-publish","hentry"],"acf":[],"yoast_head":"<!-- This site is optimized with the Yoast SEO plugin v27.4 - https:\/\/yoast.com\/product\/yoast-seo-wordpress\/ -->\n<title>Condiciones generales - BIOMES - Feel better<\/title>\n<meta name=\"description\" content=\"Consulte aqu\u00ed todas las condiciones generales de BIOMES. Si tiene m\u00e1s preguntas, no dude en ponerse en contacto con nosotros.\" \/>\n<meta name=\"robots\" content=\"index, follow, max-snippet:-1, max-image-preview:large, max-video-preview:-1\" \/>\n<link rel=\"canonical\" href=\"https:\/\/biomes.world\/es\/acerca-de\/condiciones-generales\/\" \/>\n<meta property=\"og:locale\" content=\"es_ES\" \/>\n<meta property=\"og:type\" content=\"article\" \/>\n<meta property=\"og:title\" content=\"Condiciones generales - BIOMES - Feel better\" \/>\n<meta property=\"og:description\" content=\"Consulte aqu\u00ed todas las condiciones generales de BIOMES. Si tiene m\u00e1s preguntas, no dude en ponerse en contacto con nosotros.\" \/>\n<meta property=\"og:url\" content=\"https:\/\/biomes.world\/es\/acerca-de\/condiciones-generales\/\" \/>\n<meta property=\"og:site_name\" content=\"BIOMES - Feel better\" \/>\n<meta property=\"article:publisher\" content=\"https:\/\/de-de.facebook.com\/BIOMES.world\/\" \/>\n<meta property=\"article:modified_time\" content=\"2023-03-02T13:42:23+00:00\" \/>\n<meta name=\"twitter:card\" content=\"summary_large_image\" \/>\n<meta name=\"twitter:label1\" content=\"Tiempo de lectura\" \/>\n\t<meta name=\"twitter:data1\" content=\"9 minutos\" \/>\n<script type=\"application\/ld+json\" class=\"yoast-schema-graph\">{\"@context\":\"https:\\\/\\\/schema.org\",\"@graph\":[{\"@type\":\"WebPage\",\"@id\":\"https:\\\/\\\/biomes.world\\\/es\\\/acerca-de\\\/condiciones-generales\\\/\",\"url\":\"https:\\\/\\\/biomes.world\\\/es\\\/acerca-de\\\/condiciones-generales\\\/\",\"name\":\"Condiciones generales - BIOMES - Feel better\",\"isPartOf\":{\"@id\":\"https:\\\/\\\/biomes.world\\\/es\\\/#website\"},\"datePublished\":\"2019-08-05T12:45:13+00:00\",\"dateModified\":\"2023-03-02T13:42:23+00:00\",\"description\":\"Consulte aqu\u00ed todas las condiciones generales de BIOMES. Si tiene m\u00e1s preguntas, no dude en ponerse en contacto con nosotros.\",\"breadcrumb\":{\"@id\":\"https:\\\/\\\/biomes.world\\\/es\\\/acerca-de\\\/condiciones-generales\\\/#breadcrumb\"},\"inLanguage\":\"es\",\"potentialAction\":[{\"@type\":\"ReadAction\",\"target\":[\"https:\\\/\\\/biomes.world\\\/es\\\/acerca-de\\\/condiciones-generales\\\/\"]}]},{\"@type\":\"BreadcrumbList\",\"@id\":\"https:\\\/\\\/biomes.world\\\/es\\\/acerca-de\\\/condiciones-generales\\\/#breadcrumb\",\"itemListElement\":[{\"@type\":\"ListItem\",\"position\":1,\"name\":\"Home\",\"item\":\"https:\\\/\\\/biomes.world\\\/es\\\/\"},{\"@type\":\"ListItem\",\"position\":2,\"name\":\"Qui\u00e9nes somos\",\"item\":\"https:\\\/\\\/biomes.world\\\/es\\\/acerca-de\\\/\"},{\"@type\":\"ListItem\",\"position\":3,\"name\":\"Condiciones generales\"}]},{\"@type\":\"WebSite\",\"@id\":\"https:\\\/\\\/biomes.world\\\/es\\\/#website\",\"url\":\"https:\\\/\\\/biomes.world\\\/es\\\/\",\"name\":\"BIOMES - Feel better\",\"description\":\"Cutting-edge biotechnology used to help people\",\"publisher\":{\"@id\":\"https:\\\/\\\/biomes.world\\\/es\\\/#organization\"},\"potentialAction\":[{\"@type\":\"SearchAction\",\"target\":{\"@type\":\"EntryPoint\",\"urlTemplate\":\"https:\\\/\\\/biomes.world\\\/es\\\/?s={search_term_string}\"},\"query-input\":{\"@type\":\"PropertyValueSpecification\",\"valueRequired\":true,\"valueName\":\"search_term_string\"}}],\"inLanguage\":\"es\"},{\"@type\":\"Organization\",\"@id\":\"https:\\\/\\\/biomes.world\\\/es\\\/#organization\",\"name\":\"BIOMES 4.0 GmbH\",\"url\":\"https:\\\/\\\/biomes.world\\\/es\\\/\",\"logo\":{\"@type\":\"ImageObject\",\"inLanguage\":\"es\",\"@id\":\"https:\\\/\\\/biomes.world\\\/es\\\/#\\\/schema\\\/logo\\\/image\\\/\",\"url\":\"http:\\\/\\\/biomes.world\\\/wp-content\\\/uploads\\\/2024\\\/04\\\/biomes_logo_2021_RGB.png\",\"contentUrl\":\"http:\\\/\\\/biomes.world\\\/wp-content\\\/uploads\\\/2024\\\/04\\\/biomes_logo_2021_RGB.png\",\"width\":10040,\"height\":2599,\"caption\":\"BIOMES 4.0 GmbH\"},\"image\":{\"@id\":\"https:\\\/\\\/biomes.world\\\/es\\\/#\\\/schema\\\/logo\\\/image\\\/\"},\"sameAs\":[\"https:\\\/\\\/de-de.facebook.com\\\/BIOMES.world\\\/\",\"https:\\\/\\\/www.youtube.com\\\/@BIOMESworld\",\"https:\\\/\\\/www.instagram.com\\\/biomes_official\\\/\"]}]}<\/script>\n<!-- \/ Yoast SEO plugin. -->","yoast_head_json":{"title":"Condiciones generales - BIOMES - Feel better","description":"Consulte aqu\u00ed todas las condiciones generales de BIOMES. Si tiene m\u00e1s preguntas, no dude en ponerse en contacto con nosotros.","robots":{"index":"index","follow":"follow","max-snippet":"max-snippet:-1","max-image-preview":"max-image-preview:large","max-video-preview":"max-video-preview:-1"},"canonical":"https:\/\/biomes.world\/es\/acerca-de\/condiciones-generales\/","og_locale":"es_ES","og_type":"article","og_title":"Condiciones generales - BIOMES - Feel better","og_description":"Consulte aqu\u00ed todas las condiciones generales de BIOMES. Si tiene m\u00e1s preguntas, no dude en ponerse en contacto con nosotros.","og_url":"https:\/\/biomes.world\/es\/acerca-de\/condiciones-generales\/","og_site_name":"BIOMES - Feel better","article_publisher":"https:\/\/de-de.facebook.com\/BIOMES.world\/","article_modified_time":"2023-03-02T13:42:23+00:00","twitter_card":"summary_large_image","twitter_misc":{"Tiempo de lectura":"9 minutos"},"schema":{"@context":"https:\/\/schema.org","@graph":[{"@type":"WebPage","@id":"https:\/\/biomes.world\/es\/acerca-de\/condiciones-generales\/","url":"https:\/\/biomes.world\/es\/acerca-de\/condiciones-generales\/","name":"Condiciones generales - BIOMES - Feel better","isPartOf":{"@id":"https:\/\/biomes.world\/es\/#website"},"datePublished":"2019-08-05T12:45:13+00:00","dateModified":"2023-03-02T13:42:23+00:00","description":"Consulte aqu\u00ed todas las condiciones generales de BIOMES. Si tiene m\u00e1s preguntas, no dude en ponerse en contacto con nosotros.","breadcrumb":{"@id":"https:\/\/biomes.world\/es\/acerca-de\/condiciones-generales\/#breadcrumb"},"inLanguage":"es","potentialAction":[{"@type":"ReadAction","target":["https:\/\/biomes.world\/es\/acerca-de\/condiciones-generales\/"]}]},{"@type":"BreadcrumbList","@id":"https:\/\/biomes.world\/es\/acerca-de\/condiciones-generales\/#breadcrumb","itemListElement":[{"@type":"ListItem","position":1,"name":"Home","item":"https:\/\/biomes.world\/es\/"},{"@type":"ListItem","position":2,"name":"Qui\u00e9nes somos","item":"https:\/\/biomes.world\/es\/acerca-de\/"},{"@type":"ListItem","position":3,"name":"Condiciones generales"}]},{"@type":"WebSite","@id":"https:\/\/biomes.world\/es\/#website","url":"https:\/\/biomes.world\/es\/","name":"BIOMES - Feel better","description":"Cutting-edge biotechnology used to help people","publisher":{"@id":"https:\/\/biomes.world\/es\/#organization"},"potentialAction":[{"@type":"SearchAction","target":{"@type":"EntryPoint","urlTemplate":"https:\/\/biomes.world\/es\/?s={search_term_string}"},"query-input":{"@type":"PropertyValueSpecification","valueRequired":true,"valueName":"search_term_string"}}],"inLanguage":"es"},{"@type":"Organization","@id":"https:\/\/biomes.world\/es\/#organization","name":"BIOMES 4.0 GmbH","url":"https:\/\/biomes.world\/es\/","logo":{"@type":"ImageObject","inLanguage":"es","@id":"https:\/\/biomes.world\/es\/#\/schema\/logo\/image\/","url":"http:\/\/biomes.world\/wp-content\/uploads\/2024\/04\/biomes_logo_2021_RGB.png","contentUrl":"http:\/\/biomes.world\/wp-content\/uploads\/2024\/04\/biomes_logo_2021_RGB.png","width":10040,"height":2599,"caption":"BIOMES 4.0 GmbH"},"image":{"@id":"https:\/\/biomes.world\/es\/#\/schema\/logo\/image\/"},"sameAs":["https:\/\/de-de.facebook.com\/BIOMES.world\/","https:\/\/www.youtube.com\/@BIOMESworld","https:\/\/www.instagram.com\/biomes_official\/"]}]}},"_links":{"self":[{"href":"https:\/\/biomes.world\/es\/wp-json\/wp\/v2\/pages\/168524","targetHints":{"allow":["GET"]}}],"collection":[{"href":"https:\/\/biomes.world\/es\/wp-json\/wp\/v2\/pages"}],"about":[{"href":"https:\/\/biomes.world\/es\/wp-json\/wp\/v2\/types\/page"}],"author":[{"embeddable":true,"href":"https:\/\/biomes.world\/es\/wp-json\/wp\/v2\/users\/1572"}],"replies":[{"embeddable":true,"href":"https:\/\/biomes.world\/es\/wp-json\/wp\/v2\/comments?post=168524"}],"version-history":[{"count":0,"href":"https:\/\/biomes.world\/es\/wp-json\/wp\/v2\/pages\/168524\/revisions"}],"up":[{"embeddable":true,"href":"https:\/\/biomes.world\/es\/wp-json\/wp\/v2\/pages\/145477"}],"wp:attachment":[{"href":"https:\/\/biomes.world\/es\/wp-json\/wp\/v2\/media?parent=168524"}],"curies":[{"name":"wp","href":"https:\/\/api.w.org\/{rel}","templated":true}]}}