{"id":168513,"date":"2019-05-22T19:10:11","date_gmt":"2019-05-22T17:10:11","guid":{"rendered":"http:\/\/biomes.world\/?page_id=168513"},"modified":"2022-01-05T02:09:57","modified_gmt":"2022-01-05T01:09:57","slug":"programa-para-socios","status":"publish","type":"page","link":"https:\/\/biomes.world\/es\/programa-para-socios\/","title":{"rendered":"Programa para socios afiliados"},"content":{"rendered":"\n<h1 class=\"wp-block-heading\" id=\"h-biomes-programa-para-socios-afiliados\">BIOMES Programa para socios afiliados<\/h1>\n\n\n\n<h2 class=\"wp-block-heading\" id=\"h-el-programa-para-socios-afiliados-de-biomes-ngs-gmbh\">El programa para socios afiliados de  BIOMES 4.0 GmbH<\/h2>\n\n\n\n<p>Si desea participar en el programa para socios afiliados de <strong>BIOMES<\/strong>, rellene el formulario que encontrar\u00e1 a continuaci\u00f3n. Estas son las condiciones del programa para socios afiliados:<\/p>\n\n\n\n<ul class=\"wp-block-list\"><li><b>Comisi\u00f3n de afiliados: 15 % del valor de compra bruto<\/b> <\/li><li><b>Duraci\u00f3n de la cookie: 30 d\u00edas<\/b><\/li><\/ul>\n\n\n\n<p> Para obtener m\u00e1s informaci\u00f3n, consulte las <a href=\"http:\/\/biomes.world\/es\/partnerprogramm\/geschaeftsbedingungen\/\">condiciones generales del programa para socios<\/a>.<\/p>\n\n\n\n<p>Si le interesa distribuir <a href=\"https:\/\/biomes-salued.es\" target=\"_blank\" rel=\"noreferrer noopener\"><b>INTEST.<\/b>pro<\/a> directamente, contacte con nosotros a trav\u00e9s de esta p\u00e1gina.<\/p>\n\n\n\n<p>Si tiene m\u00e1s preguntas, consulte nuestras <a href=\"http:\/\/biomes.world\/es\/p-r\/\">preguntas frecuentes<\/a> o <a href=\"https:\/\/biomes.world\/es\/service\/contacto\/\">contacte con nosotros<\/a>.<\/p>\n\n\n\n<p>Gracias por su solicitud.<\/p>\n\n\n\n<hr class=\"wp-block-separator\" \/>\n\n\n\n<p><em><br> &#8212; El registro est\u00e1 actualmente deshabilitado porque el programa de afiliados est\u00e1 siendo redise\u00f1ado. <br>\nPor favor, vis\u00edtenos de nuevo en unos d\u00edas!<\/em><\/p>\n","protected":false},"excerpt":{"rendered":"<p>BIOMES Programa para socios afiliados El programa para socios afiliados de BIOMES 4.0 GmbH Si desea participar en el programa para socios afiliados de BIOMES, rellene el formulario que encontrar\u00e1 a continuaci\u00f3n. Estas son las condiciones del programa para socios afiliados: Comisi\u00f3n de afiliados: 15 % del valor de compra bruto Duraci\u00f3n de la cookie: [&#8230;]<\/p>\n","protected":false},"author":1572,"featured_media":0,"parent":0,"menu_order":35,"comment_status":"closed","ping_status":"closed","template":"","meta":{"_acf_changed":false,"footnotes":""},"class_list":["post-168513","page","type-page","status-publish","hentry"],"acf":[],"yoast_head":"<!-- This site is optimized with the Yoast SEO plugin v27.5 - https:\/\/yoast.com\/product\/yoast-seo-wordpress\/ -->\n<title>Programa para socios afiliados - BIOMES - Feel better<\/title>\n<meta name=\"description\" content=\"Si desea participar en el programa para socios afiliados de BIOMES, te invitamos a llenar el formulario que encontrar\u00e1s aqu\u00ed.\" \/>\n<meta name=\"robots\" content=\"index, follow, max-snippet:-1, max-image-preview:large, max-video-preview:-1\" \/>\n<link rel=\"canonical\" href=\"https:\/\/biomes.world\/es\/programa-para-socios\/\" \/>\n<meta property=\"og:locale\" content=\"es_ES\" \/>\n<meta property=\"og:type\" content=\"article\" \/>\n<meta property=\"og:title\" content=\"Programa para socios afiliados - BIOMES - Feel better\" \/>\n<meta property=\"og:description\" content=\"Si desea participar en el programa para socios afiliados de BIOMES, te invitamos a llenar el formulario que encontrar\u00e1s aqu\u00ed.\" \/>\n<meta property=\"og:url\" content=\"https:\/\/biomes.world\/es\/programa-para-socios\/\" \/>\n<meta property=\"og:site_name\" content=\"BIOMES - Feel better\" \/>\n<meta property=\"article:publisher\" content=\"https:\/\/de-de.facebook.com\/BIOMES.world\/\" \/>\n<meta property=\"article:modified_time\" content=\"2022-01-05T01:09:57+00:00\" \/>\n<meta name=\"twitter:card\" content=\"summary_large_image\" \/>\n<meta name=\"twitter:label1\" content=\"Tiempo de lectura\" \/>\n\t<meta name=\"twitter:data1\" content=\"1 minuto\" \/>\n<script type=\"application\/ld+json\" class=\"yoast-schema-graph\">{\"@context\":\"https:\\\/\\\/schema.org\",\"@graph\":[{\"@type\":\"WebPage\",\"@id\":\"https:\\\/\\\/biomes.world\\\/es\\\/programa-para-socios\\\/\",\"url\":\"https:\\\/\\\/biomes.world\\\/es\\\/programa-para-socios\\\/\",\"name\":\"Programa para socios afiliados - BIOMES - Feel better\",\"isPartOf\":{\"@id\":\"https:\\\/\\\/biomes.world\\\/es\\\/#website\"},\"datePublished\":\"2019-05-22T17:10:11+00:00\",\"dateModified\":\"2022-01-05T01:09:57+00:00\",\"description\":\"Si desea participar en el programa para socios afiliados de BIOMES, te invitamos a llenar el formulario que encontrar\u00e1s aqu\u00ed.\",\"breadcrumb\":{\"@id\":\"https:\\\/\\\/biomes.world\\\/es\\\/programa-para-socios\\\/#breadcrumb\"},\"inLanguage\":\"es\",\"potentialAction\":[{\"@type\":\"ReadAction\",\"target\":[\"https:\\\/\\\/biomes.world\\\/es\\\/programa-para-socios\\\/\"]}]},{\"@type\":\"BreadcrumbList\",\"@id\":\"https:\\\/\\\/biomes.world\\\/es\\\/programa-para-socios\\\/#breadcrumb\",\"itemListElement\":[{\"@type\":\"ListItem\",\"position\":1,\"name\":\"Home\",\"item\":\"https:\\\/\\\/biomes.world\\\/es\\\/\"},{\"@type\":\"ListItem\",\"position\":2,\"name\":\"Programa para socios afiliados\"}]},{\"@type\":\"WebSite\",\"@id\":\"https:\\\/\\\/biomes.world\\\/es\\\/#website\",\"url\":\"https:\\\/\\\/biomes.world\\\/es\\\/\",\"name\":\"BIOMES - Feel better\",\"description\":\"Cutting-edge biotechnology used to help people\",\"publisher\":{\"@id\":\"https:\\\/\\\/biomes.world\\\/es\\\/#organization\"},\"potentialAction\":[{\"@type\":\"SearchAction\",\"target\":{\"@type\":\"EntryPoint\",\"urlTemplate\":\"https:\\\/\\\/biomes.world\\\/es\\\/?s={search_term_string}\"},\"query-input\":{\"@type\":\"PropertyValueSpecification\",\"valueRequired\":true,\"valueName\":\"search_term_string\"}}],\"inLanguage\":\"es\"},{\"@type\":\"Organization\",\"@id\":\"https:\\\/\\\/biomes.world\\\/es\\\/#organization\",\"name\":\"BIOMES 4.0 GmbH\",\"url\":\"https:\\\/\\\/biomes.world\\\/es\\\/\",\"logo\":{\"@type\":\"ImageObject\",\"inLanguage\":\"es\",\"@id\":\"https:\\\/\\\/biomes.world\\\/es\\\/#\\\/schema\\\/logo\\\/image\\\/\",\"url\":\"https:\\\/\\\/biomes.world\\\/http:\\\/\\\/biomes.world\\\/wp-content\\\/uploads\\\/2024\\\/04\\\/biomes_logo_2021_RGB.png\",\"contentUrl\":\"https:\\\/\\\/biomes.world\\\/http:\\\/\\\/biomes.world\\\/wp-content\\\/uploads\\\/2024\\\/04\\\/biomes_logo_2021_RGB.png\",\"width\":10040,\"height\":2599,\"caption\":\"BIOMES 4.0 GmbH\"},\"image\":{\"@id\":\"https:\\\/\\\/biomes.world\\\/es\\\/#\\\/schema\\\/logo\\\/image\\\/\"},\"sameAs\":[\"https:\\\/\\\/de-de.facebook.com\\\/BIOMES.world\\\/\",\"https:\\\/\\\/www.youtube.com\\\/@BIOMESworld\",\"https:\\\/\\\/www.instagram.com\\\/biomes_official\\\/\"]}]}<\/script>\n<!-- \/ Yoast SEO plugin. -->","yoast_head_json":{"title":"Programa para socios afiliados - BIOMES - Feel better","description":"Si desea participar en el programa para socios afiliados de BIOMES, te invitamos a llenar el formulario que encontrar\u00e1s aqu\u00ed.","robots":{"index":"index","follow":"follow","max-snippet":"max-snippet:-1","max-image-preview":"max-image-preview:large","max-video-preview":"max-video-preview:-1"},"canonical":"https:\/\/biomes.world\/es\/programa-para-socios\/","og_locale":"es_ES","og_type":"article","og_title":"Programa para socios afiliados - BIOMES - Feel better","og_description":"Si desea participar en el programa para socios afiliados de BIOMES, te invitamos a llenar el formulario que encontrar\u00e1s aqu\u00ed.","og_url":"https:\/\/biomes.world\/es\/programa-para-socios\/","og_site_name":"BIOMES - Feel better","article_publisher":"https:\/\/de-de.facebook.com\/BIOMES.world\/","article_modified_time":"2022-01-05T01:09:57+00:00","twitter_card":"summary_large_image","twitter_misc":{"Tiempo de lectura":"1 minuto"},"schema":{"@context":"https:\/\/schema.org","@graph":[{"@type":"WebPage","@id":"https:\/\/biomes.world\/es\/programa-para-socios\/","url":"https:\/\/biomes.world\/es\/programa-para-socios\/","name":"Programa para socios afiliados - BIOMES - Feel better","isPartOf":{"@id":"https:\/\/biomes.world\/es\/#website"},"datePublished":"2019-05-22T17:10:11+00:00","dateModified":"2022-01-05T01:09:57+00:00","description":"Si desea participar en el programa para socios afiliados de BIOMES, te invitamos a llenar el formulario que encontrar\u00e1s aqu\u00ed.","breadcrumb":{"@id":"https:\/\/biomes.world\/es\/programa-para-socios\/#breadcrumb"},"inLanguage":"es","potentialAction":[{"@type":"ReadAction","target":["https:\/\/biomes.world\/es\/programa-para-socios\/"]}]},{"@type":"BreadcrumbList","@id":"https:\/\/biomes.world\/es\/programa-para-socios\/#breadcrumb","itemListElement":[{"@type":"ListItem","position":1,"name":"Home","item":"https:\/\/biomes.world\/es\/"},{"@type":"ListItem","position":2,"name":"Programa para socios afiliados"}]},{"@type":"WebSite","@id":"https:\/\/biomes.world\/es\/#website","url":"https:\/\/biomes.world\/es\/","name":"BIOMES - Feel better","description":"Cutting-edge biotechnology used to help people","publisher":{"@id":"https:\/\/biomes.world\/es\/#organization"},"potentialAction":[{"@type":"SearchAction","target":{"@type":"EntryPoint","urlTemplate":"https:\/\/biomes.world\/es\/?s={search_term_string}"},"query-input":{"@type":"PropertyValueSpecification","valueRequired":true,"valueName":"search_term_string"}}],"inLanguage":"es"},{"@type":"Organization","@id":"https:\/\/biomes.world\/es\/#organization","name":"BIOMES 4.0 GmbH","url":"https:\/\/biomes.world\/es\/","logo":{"@type":"ImageObject","inLanguage":"es","@id":"https:\/\/biomes.world\/es\/#\/schema\/logo\/image\/","url":"https:\/\/biomes.world\/http:\/\/biomes.world\/wp-content\/uploads\/2024\/04\/biomes_logo_2021_RGB.png","contentUrl":"https:\/\/biomes.world\/http:\/\/biomes.world\/wp-content\/uploads\/2024\/04\/biomes_logo_2021_RGB.png","width":10040,"height":2599,"caption":"BIOMES 4.0 GmbH"},"image":{"@id":"https:\/\/biomes.world\/es\/#\/schema\/logo\/image\/"},"sameAs":["https:\/\/de-de.facebook.com\/BIOMES.world\/","https:\/\/www.youtube.com\/@BIOMESworld","https:\/\/www.instagram.com\/biomes_official\/"]}]}},"_links":{"self":[{"href":"https:\/\/biomes.world\/es\/wp-json\/wp\/v2\/pages\/168513","targetHints":{"allow":["GET"]}}],"collection":[{"href":"https:\/\/biomes.world\/es\/wp-json\/wp\/v2\/pages"}],"about":[{"href":"https:\/\/biomes.world\/es\/wp-json\/wp\/v2\/types\/page"}],"author":[{"embeddable":true,"href":"https:\/\/biomes.world\/es\/wp-json\/wp\/v2\/users\/1572"}],"replies":[{"embeddable":true,"href":"https:\/\/biomes.world\/es\/wp-json\/wp\/v2\/comments?post=168513"}],"version-history":[{"count":0,"href":"https:\/\/biomes.world\/es\/wp-json\/wp\/v2\/pages\/168513\/revisions"}],"wp:attachment":[{"href":"https:\/\/biomes.world\/es\/wp-json\/wp\/v2\/media?parent=168513"}],"curies":[{"name":"wp","href":"https:\/\/api.w.org\/{rel}","templated":true}]}}