{"id":155685,"date":"2018-09-09T20:37:21","date_gmt":"2018-09-09T18:37:21","guid":{"rendered":"http:\/\/biomes.world\/wissenswertes\/unvertraeglichkeiten\/"},"modified":"2023-03-07T14:02:33","modified_gmt":"2023-03-07T13:02:33","slug":"intolerancias","status":"publish","type":"page","link":"https:\/\/biomes.world\/es\/cosas-a-saber\/intestino\/problemas-intestinales\/intolerancias\/","title":{"rendered":"Intolerancias"},"content":{"rendered":"\n<h1 class=\"wp-block-heading\" id=\"h-intolerancias\">Intolerancias<\/h1>\n\n\n\n<p>Las personas con intolerancia alimenticia no pueden digerir ciertos componentes de los alimentos. La intolerancia alimenticia es mucho m\u00e1s com\u00fan que las alergias alimentarias, donde el sistema inmunol\u00f3gico del cuerpo reacciona a componentes inofensivos de la dieta y, a menudo, reacciona de forma cruzada con alergias al polen.<\/p>\n\n\n\n<p>La intolerancia alimenticia se manifiesta con m\u00e1s frecuencia en caso de productos l\u00e1cteos (la denominada intolerancia a la lactosa), frutas y fructosa, y alimentos que contienen histamina, como el chocolate, la pi\u00f1a, las nueces o las legumbres. El gluten, un componente de numerosos cereales, tambi\u00e9n provoca dificultades en muchas personas.<\/p>\n\n\n\n<p>Las intolerancias pueden producirse cuando el sistema digestivo no se ha optimizado para los componentes del alimento que est\u00e1 dividiendo.<\/p>\n\n\n\n<h2 class=\"has-text-align-center wp-block-heading\" id=\"h-ultimo-articulo\">\u00daltimo art\u00edculo<\/h2>\n\n\n\n<div id=\"post-503819\" class=\"post__item--sticky post__item post-503819 post type-post status-publish format-standard has-post-thumbnail hentry category-intolerancias\">\n    <div class=\"post__content\">\n\n        <div class=\"stage--sticky stage\">\n            <div class=\"stage__media--sticky stage__media\">\n                <img loading=\"lazy\" decoding=\"async\" width=\"1600\" height=\"650\" src=\"https:\/\/biomes.world\/wp-content\/uploads\/2020\/10\/Depositphotos_253663726_xl-2015-scaled-1600x650.jpg\" class=\"attachment-post-header size-post-header wp-post-image\" alt=\"Frau mit Laktoseintoleranz\" srcset=\"https:\/\/biomes.world\/wp-content\/uploads\/2020\/10\/Depositphotos_253663726_xl-2015-scaled-1600x650.jpg 1600w, https:\/\/biomes.world\/wp-content\/uploads\/2020\/10\/Depositphotos_253663726_xl-2015-scaled-800x325.jpg 800w\" sizes=\"auto, (max-width: 1600px) 100vw, 1600px\" \/><div class=\"post__thumbnail\"><\/div>            <\/div>\n            <div class=\"stage__header--sticky stage__header\">\n                <div class=\"stage__col column\">\n                    <div class=\"stage__title--sticky stage__title h1\">\n                        <span class=\"cat-links\"><a href=\"https:\/\/biomes.world\/es\/.\/cosas-a-saber\/intestino\/problemas-intestinales\/intolerancias\/\" rel=\"tag\">Intolerancias<\/a><\/span>                        <a href=\"https:\/\/biomes.world\/es\/cosas-a-saber\/intestino\/problemas-intestinales\/intolerancias\/recuperacion-intestinal-intolerancia-lactosa\/\" aria-hidden=\"true\" tabindex=\"-1\">\n                            <strong>Rehabilitaci\u00f3n intestinal para la intolerancia a la lactosa<\/strong>                        <\/a>\n                    <\/div>\n                <\/div>\n                <a href=\"https:\/\/biomes.world\/es\/cosas-a-saber\/intestino\/problemas-intestinales\/intolerancias\/recuperacion-intestinal-intolerancia-lactosa\/\" aria-hidden=\"true\" tabindex=\"-1\" class=\"stage__blocklink\">\n                    <span class=\"show-for-sr\"><strong>Rehabilitaci\u00f3n intestinal para la intolerancia a la lactosa<\/strong><\/span>\n                <\/a>\n            <\/div><!-- .stage__header -->\n        <\/div>\n\n    <\/div>\n<\/div><!-- #post-503819 -->\n\n\n\n\n<h2 class=\"has-text-align-center wp-block-heading\" id=\"h-que-intolerancias-alimenticias-existen\">\u00bfQu\u00e9 intolerancias alimenticias existen?<\/h2>\n\n\n\n<p>A continuaci\u00f3n, te presentamos un listado de intolerancias alimentarias m\u00e1s comunes y explicamos su origen.<\/p>\n\n\n<div id=\"benefits-block_efd5631fdb0abdda24ee2a0ddeff9959\" class=\"benefits site-block\">\n    <div class=\"benefits__row row xs-up-1 md-up-2 lg-up-3\">\n        <div class=\"benefits__item column\"><div class=\"benefits__content\"><div class=\"benefits__media--icon benefits__media\"><svg xmlns=\"http:\/\/www.w3.org\/2000\/svg\" viewBox=\"0 0 12 12\"><use xlink:href=\"https:\/\/biomes.world\/wp-content\/themes\/biomesworld\/resources\/public\/svg\/icons.svg?1.62#info\"><\/use><\/svg><\/div><div class=\"benefits__text\"><div class=\"benefits__header\">Intolerancia a la lactosa<\/div><p>En el caso de la intolerancia a la lactosa es una intolerancia alimenticia muy com\u00fan, el cuerpo no puede digerir el az\u00facar de la leche (tambi\u00e9n denominado lactosa) incluido en todos los productos l\u00e1cteos. Esto se debe a que falta la enzima correspondiente para la descomposici\u00f3n de la lactosa, raz\u00f3n por la cual no se digiere y termina en el intestino grueso. Entonces se producen procesos de fermentaci\u00f3n, que producen gases e inflan el abdomen. Adem\u00e1s, el intestino grueso absorbe cada vez m\u00e1s agua porque la lactosa se combina con agua. Por lo tanto, el intestino se llena m\u00e1s r\u00e1pido de lo normal con heces cada vez m\u00e1s descompuestas. La descomposici\u00f3n de la lactosa tambi\u00e9n produce \u00e1cidos que estimulan el movimiento intestinal y provocan calambres. Las consecuencias son claras: flatulencia, calambres y diarrea.<\/p>\n<\/div><\/div><\/div><div class=\"benefits__item column\"><div class=\"benefits__content\"><div class=\"benefits__media--icon benefits__media\"><svg xmlns=\"http:\/\/www.w3.org\/2000\/svg\" viewBox=\"0 0 12 12\"><use xlink:href=\"https:\/\/biomes.world\/wp-content\/themes\/biomesworld\/resources\/public\/svg\/icons.svg?1.62#info\"><\/use><\/svg><\/div><div class=\"benefits__text\"><div class=\"benefits__header\">Absorci\u00f3n inadecuada de la fructosa<\/div><p>No debe confundirse la intolerancia cong\u00e9nita a la fructosa con la absorci\u00f3n inadecuada de la fructosa adquirida. A esta \u00faltima se la denomina intolerancia, pero es mucho m\u00e1s inocua que la denominada intolerancia cong\u00e9nita a la fructosa, que se basa en un defecto gen\u00e9tico y provoca un trastorno metab\u00f3lico importante. Las personas con esta intolerancia alimenticia no pueden consumir ni la m\u00e1s m\u00ednima cantidad de fructosa. Por otro lado, la absorci\u00f3n inadecuada de la fructosa no es cong\u00e9nita y, por norma general, permite que los afectados consuman peque\u00f1as cantidades de fructosa. Esta forma de intolerancia alimenticia afecta a la fructosa, que llega al intestino grueso sin digerir, lo que produce flatulencias, calambres y diarrea.<\/p>\n<\/div><\/div><\/div><div class=\"benefits__item column\"><div class=\"benefits__content\"><div class=\"benefits__media--icon benefits__media\"><svg xmlns=\"http:\/\/www.w3.org\/2000\/svg\" viewBox=\"0 0 12 12\"><use xlink:href=\"https:\/\/biomes.world\/wp-content\/themes\/biomesworld\/resources\/public\/svg\/icons.svg?1.62#info\"><\/use><\/svg><\/div><div class=\"benefits__text\"><div class=\"benefits__header\">Intolerancia al gluten<\/div><p>El gluten es la denominada prote\u00edna del trigo, que se encuentra en muchos cereales. Tan pronto como la mucosa intestinal de las personas afectadas entra en contacto con el gluten, se inflama debido a una reacci\u00f3n inmune del cuerpo. Esto causa s\u00edntomas como n\u00e1useas, dolor abdominal, calambres abdominales, diarrea o estre\u00f1imiento. Dado que la inflamaci\u00f3n disminuye con la eliminaci\u00f3n del gluten, los problemas pueden evitarse con una dieta sin gluten. Existen varios tipos de incompatibilidades: enfermedad cel\u00edaca, alergia al trigo y sensibilidad al trigo. Ninguna de las tres formas tolera el consumo de trigo.<\/p>\n<\/div><\/div><\/div>    <\/div>\n<\/div>\n\n\n\n<h2 class=\"wp-block-heading\" id=\"h-identificar-y-reaccionar-ante-las-intolerancias\">Identificar y reaccionar ante las intolerancias<\/h2>\n\n\n\n<p>Los problemas son similares en la mayor\u00eda de las intolerancias (flatulencia, dolor abdominal o diarrea) y, con frecuencia, no se asocian a ninguna intolerancia y los afectados los sufren en silencio. Incluso si los afectados acuden al m\u00e9dico, el diagn\u00f3stico resulta complicado. Las intolerancias a la lactosa y la fructosa suelen diagnosticarse con una prueba de aliento, la intolerancia al gluten con una prueba de sangre o una inc\u00f3moda dieta de evitaci\u00f3n.<\/p>\n\n\n\n<p>Sin embrgo,&nbsp;<a href=\"https:\/\/biomes-salued.es\"><strong>INTEST.<\/strong>pro<\/a>, el an\u00e1lisis de la flora intestinal de&nbsp;<strong>BIOMES<\/strong>, puede sacar conclusiones sobre la probabilidad de sufrir intolerancias con una sola muestra de heces.<\/p>\n\n\n\n<p>Con el&nbsp;<a href=\"https:\/\/biomes-salued.es\"><strong>INTEST.<\/strong>pro<\/a>, obtienes todo lo que necesitas para recoger f\u00e1cilmente una muestra en casa: un bastoncillo de algod\u00f3n est\u00e9ril para obtener una peque\u00f1a muestra de heces del papel higi\u00e9nico usado, un tubo de ensayo con una soluci\u00f3n que preserva el ADN de tus bacterias intestinales y un sobre de devoluci\u00f3n prepagado para enviar tu muestra al laboratorio de&nbsp;<a href=\"http:\/\/biomes.world\/es\/\/\"><strong>BIOMES<\/strong><\/a>.<\/p>\n\n\n\n<p>De dos a cuatro semanas despu\u00e9s, los resultados de tus an\u00e1lisis te dar\u00e1n informaci\u00f3n sobre muchos aspectos diferentes de tu salud intestinal. Adem\u00e1s, recibir\u00e1s recomendaciones nutricionales.<\/p>\n\n\n\n<p>Descubre:<\/p>\n\n\n\n<ul class=\"wp-block-list\">\n<li>\u00bfQu\u00e9 tan intacta est\u00e1 su mucosa intestinal?<\/li>\n\n\n\n<li>\u00bfC\u00f3mo est\u00e1n los indicadores de inflamaci\u00f3n y estre\u00f1imiento?<\/li>\n\n\n\n<li>\u00bfQu\u00e9 tan bien digieres ciertos componentes de tu comida?<\/li>\n\n\n\n<li>\u00bfQu\u00e9 tan bien apoyan tus bacterias a tu sistema inmunol\u00f3gico y a la s\u00edntesis de vitaminas?<\/li>\n\n\n\n<li>\u00bfTe faltan las bacterias necesarias para digerir la lactosa y la fructosa?<\/li>\n\n\n\n<li>\u00bfAbsorbes m\u00e1s calor\u00edas de las necesarias de los alimentos gracias a tus bacterias?<\/li>\n<\/ul>\n\n\n<div\n    id=\"hero-teaser-block_dadd9e585ef70e270ac264b105f112d0\"\n    class=\"hero-teaser site-block\"\n>\n    <div class=\"hero-teaser__media\">\n        <img decoding=\"async\"\n            src=\"https:\/\/biomes.world\/wp-content\/uploads\/2019\/12\/Darmflora_Immunsystem_aus_dem_Bauch_heraus-1600x650.jpg\"\n            alt=\"\"\n            srcset=\"https:\/\/biomes.world\/wp-content\/uploads\/2019\/12\/Darmflora_Immunsystem_aus_dem_Bauch_heraus-300x169.jpg 300w, https:\/\/biomes.world\/wp-content\/uploads\/2019\/12\/Darmflora_Immunsystem_aus_dem_Bauch_heraus-1024x576.jpg 1024w, https:\/\/biomes.world\/wp-content\/uploads\/2019\/12\/Darmflora_Immunsystem_aus_dem_Bauch_heraus-768x432.jpg 768w, https:\/\/biomes.world\/wp-content\/uploads\/2019\/12\/Darmflora_Immunsystem_aus_dem_Bauch_heraus-1536x864.jpg 1536w, https:\/\/biomes.world\/wp-content\/uploads\/2019\/12\/Darmflora_Immunsystem_aus_dem_Bauch_heraus-250x141.jpg 250w, https:\/\/biomes.world\/wp-content\/uploads\/2019\/12\/Darmflora_Immunsystem_aus_dem_Bauch_heraus.jpg 1620w\"\n            sizes=\"(max-width: 30em) 100vw, (max-width: 48em) 100vw, (max-width: 62em) 100vw, (max-width: 75em) 100vw, 1400px\t\"\n        >\n    <\/div>\n    <div class=\"hero-teaser__header\">\n        <div class=\"hero-teaser__col column\">\n            <h2 class=\"hero-teaser__title\">\n                <span>M\u00e1s informaci\u00f3n sobre INTEST.pro<\/span>\n                El test intestinal de BIOMES            <\/h2>\n            \n\n<p>\u00bfC\u00f3mo analizamos tu flora intestinal? \u00bfQu\u00e9 incluye exactamente la prueba? \u00bfD\u00f3nde puedes comprar&nbsp;<strong>INTEST.<\/strong>pro?<br>\u00bfY c\u00f3mo protegemos tus datos?<\/p>\n\n\n\n<div class=\"wp-block-buttons is-layout-flex wp-block-buttons-is-layout-flex\">\n<div class=\"wp-block-button\"><a class=\"wp-block-button__link wp-element-button\" href=\"https:\/\/biomes-salued.es\" target=\"_blank\" rel=\"noreferrer noopener\">Informaci\u00f3n detallada<\/a><\/div>\n<\/div>\n\n        <\/div>\n    <\/div>\n<\/div>\n","protected":false},"excerpt":{"rendered":"<p>Intolerancia a la lactosa: Cura tus intestinos La intolerancia a la lactosa puede pasar factura a los intestinos, especialmente si se siguen consumiendo productos l\u00e1cteos que contienen lactosa (az\u00facar de la leche). Sin embargo, algunas personas con intolerancia a la lactosa no lo hacen conscientemente. Simplemente no saben que no toleran bien la lactosa. Esto [&#8230;]<\/p>\n","protected":false},"author":3168,"featured_media":0,"parent":505905,"menu_order":29,"comment_status":"closed","ping_status":"closed","template":"","meta":{"_acf_changed":false,"footnotes":""},"class_list":["post-155685","page","type-page","status-publish","hentry"],"acf":[],"yoast_head":"<!-- This site is optimized with the Yoast SEO Premium plugin v26.2 (Yoast SEO v27.2) - https:\/\/yoast.com\/product\/yoast-seo-premium-wordpress\/ -->\n<title>Intolerancia alimentaria desequilibra la flora intestinal.<\/title>\n<meta name=\"description\" content=\"Las personas con intolerancia alimenticia no pueden digerir ciertos componentes de los alimentos. \u00bfC\u00f3mo surgen los intolerancia?\" \/>\n<meta name=\"robots\" content=\"index, follow, max-snippet:-1, max-image-preview:large, max-video-preview:-1\" \/>\n<link rel=\"canonical\" href=\"https:\/\/biomes.world\/es\/cosas-a-saber\/intestino\/problemas-intestinales\/intolerancias\/\" \/>\n<meta property=\"og:locale\" content=\"es_ES\" \/>\n<meta property=\"og:type\" content=\"article\" \/>\n<meta property=\"og:title\" content=\"Intolerancias\" \/>\n<meta property=\"og:description\" content=\"Las personas con intolerancia alimenticia no pueden digerir ciertos componentes de los alimentos. \u00bfC\u00f3mo surgen los intolerancia?\" \/>\n<meta property=\"og:url\" content=\"https:\/\/biomes.world\/es\/cosas-a-saber\/intestino\/problemas-intestinales\/intolerancias\/\" \/>\n<meta property=\"og:site_name\" content=\"BIOMES - Feel better\" \/>\n<meta property=\"article:publisher\" content=\"https:\/\/de-de.facebook.com\/BIOMES.world\/\" \/>\n<meta property=\"article:modified_time\" content=\"2023-03-07T13:02:33+00:00\" \/>\n<meta name=\"twitter:card\" content=\"summary_large_image\" \/>\n<meta name=\"twitter:label1\" content=\"Tiempo de lectura\" \/>\n\t<meta name=\"twitter:data1\" content=\"3 minutos\" \/>\n<script type=\"application\/ld+json\" class=\"yoast-schema-graph\">{\"@context\":\"https:\/\/schema.org\",\"@graph\":[{\"@type\":\"WebPage\",\"@id\":\"https:\/\/biomes.world\/es\/cosas-a-saber\/intestino\/problemas-intestinales\/intolerancias\/\",\"url\":\"https:\/\/biomes.world\/es\/cosas-a-saber\/intestino\/problemas-intestinales\/intolerancias\/\",\"name\":\"Intolerancia alimentaria desequilibra la flora intestinal.\",\"isPartOf\":{\"@id\":\"https:\/\/biomes.world\/es\/#website\"},\"datePublished\":\"2018-09-09T18:37:21+00:00\",\"dateModified\":\"2023-03-07T13:02:33+00:00\",\"description\":\"Las personas con intolerancia alimenticia no pueden digerir ciertos componentes de los alimentos. \u00bfC\u00f3mo surgen los intolerancia?\",\"breadcrumb\":{\"@id\":\"https:\/\/biomes.world\/es\/cosas-a-saber\/intestino\/problemas-intestinales\/intolerancias\/#breadcrumb\"},\"inLanguage\":\"es\",\"potentialAction\":[{\"@type\":\"ReadAction\",\"target\":[\"https:\/\/biomes.world\/es\/cosas-a-saber\/intestino\/problemas-intestinales\/intolerancias\/\"]}]},{\"@type\":\"BreadcrumbList\",\"@id\":\"https:\/\/biomes.world\/es\/cosas-a-saber\/intestino\/problemas-intestinales\/intolerancias\/#breadcrumb\",\"itemListElement\":[{\"@type\":\"ListItem\",\"position\":1,\"name\":\"Home\",\"item\":\"https:\/\/biomes.world\/es\/\"},{\"@type\":\"ListItem\",\"position\":2,\"name\":\"My Health, My Life\",\"item\":\"https:\/\/biomes.world\/es\/cosas-a-saber\/\"},{\"@type\":\"ListItem\",\"position\":3,\"name\":\"Categoria: Intestino\",\"item\":\"https:\/\/biomes.world\/es\/cosas-a-saber\/intestino\/\"},{\"@type\":\"ListItem\",\"position\":4,\"name\":\"Problemas intestinales\",\"item\":\"https:\/\/biomes.world\/es\/wissenswertes\/darm\/darmbeschwerden\/\"},{\"@type\":\"ListItem\",\"position\":5,\"name\":\"Intolerancias\"}]},{\"@type\":\"WebSite\",\"@id\":\"https:\/\/biomes.world\/es\/#website\",\"url\":\"https:\/\/biomes.world\/es\/\",\"name\":\"BIOMES - Feel better\",\"description\":\"Cutting-edge biotechnology used to help people\",\"publisher\":{\"@id\":\"https:\/\/biomes.world\/es\/#organization\"},\"potentialAction\":[{\"@type\":\"SearchAction\",\"target\":{\"@type\":\"EntryPoint\",\"urlTemplate\":\"https:\/\/biomes.world\/es\/?s={search_term_string}\"},\"query-input\":{\"@type\":\"PropertyValueSpecification\",\"valueRequired\":true,\"valueName\":\"search_term_string\"}}],\"inLanguage\":\"es\"},{\"@type\":\"Organization\",\"@id\":\"https:\/\/biomes.world\/es\/#organization\",\"name\":\"BIOMES 4.0 GmbH\",\"url\":\"https:\/\/biomes.world\/es\/\",\"logo\":{\"@type\":\"ImageObject\",\"inLanguage\":\"es\",\"@id\":\"https:\/\/biomes.world\/es\/#\/schema\/logo\/image\/\",\"url\":\"http:\/\/biomes.world\/wp-content\/uploads\/2024\/04\/biomes_logo_2021_RGB.png\",\"contentUrl\":\"http:\/\/biomes.world\/wp-content\/uploads\/2024\/04\/biomes_logo_2021_RGB.png\",\"width\":10040,\"height\":2599,\"caption\":\"BIOMES 4.0 GmbH\"},\"image\":{\"@id\":\"https:\/\/biomes.world\/es\/#\/schema\/logo\/image\/\"},\"sameAs\":[\"https:\/\/de-de.facebook.com\/BIOMES.world\/\",\"https:\/\/www.youtube.com\/@BIOMESworld\",\"https:\/\/www.instagram.com\/biomes_official\/\"],\"legalName\":\"BIOMES 4.0 GmbH\",\"duns\":\"314778637\"}]}<\/script>\n<!-- \/ Yoast SEO Premium plugin. -->","yoast_head_json":{"title":"Intolerancia alimentaria desequilibra la flora intestinal.","description":"Las personas con intolerancia alimenticia no pueden digerir ciertos componentes de los alimentos. \u00bfC\u00f3mo surgen los intolerancia?","robots":{"index":"index","follow":"follow","max-snippet":"max-snippet:-1","max-image-preview":"max-image-preview:large","max-video-preview":"max-video-preview:-1"},"canonical":"https:\/\/biomes.world\/es\/cosas-a-saber\/intestino\/problemas-intestinales\/intolerancias\/","og_locale":"es_ES","og_type":"article","og_title":"Intolerancias","og_description":"Las personas con intolerancia alimenticia no pueden digerir ciertos componentes de los alimentos. \u00bfC\u00f3mo surgen los intolerancia?","og_url":"https:\/\/biomes.world\/es\/cosas-a-saber\/intestino\/problemas-intestinales\/intolerancias\/","og_site_name":"BIOMES - Feel better","article_publisher":"https:\/\/de-de.facebook.com\/BIOMES.world\/","article_modified_time":"2023-03-07T13:02:33+00:00","twitter_card":"summary_large_image","twitter_misc":{"Tiempo de lectura":"3 minutos"},"schema":{"@context":"https:\/\/schema.org","@graph":[{"@type":"WebPage","@id":"https:\/\/biomes.world\/es\/cosas-a-saber\/intestino\/problemas-intestinales\/intolerancias\/","url":"https:\/\/biomes.world\/es\/cosas-a-saber\/intestino\/problemas-intestinales\/intolerancias\/","name":"Intolerancia alimentaria desequilibra la flora intestinal.","isPartOf":{"@id":"https:\/\/biomes.world\/es\/#website"},"datePublished":"2018-09-09T18:37:21+00:00","dateModified":"2023-03-07T13:02:33+00:00","description":"Las personas con intolerancia alimenticia no pueden digerir ciertos componentes de los alimentos. \u00bfC\u00f3mo surgen los intolerancia?","breadcrumb":{"@id":"https:\/\/biomes.world\/es\/cosas-a-saber\/intestino\/problemas-intestinales\/intolerancias\/#breadcrumb"},"inLanguage":"es","potentialAction":[{"@type":"ReadAction","target":["https:\/\/biomes.world\/es\/cosas-a-saber\/intestino\/problemas-intestinales\/intolerancias\/"]}]},{"@type":"BreadcrumbList","@id":"https:\/\/biomes.world\/es\/cosas-a-saber\/intestino\/problemas-intestinales\/intolerancias\/#breadcrumb","itemListElement":[{"@type":"ListItem","position":1,"name":"Home","item":"https:\/\/biomes.world\/es\/"},{"@type":"ListItem","position":2,"name":"My Health, My Life","item":"https:\/\/biomes.world\/es\/cosas-a-saber\/"},{"@type":"ListItem","position":3,"name":"Categoria: Intestino","item":"https:\/\/biomes.world\/es\/cosas-a-saber\/intestino\/"},{"@type":"ListItem","position":4,"name":"Problemas intestinales","item":"https:\/\/biomes.world\/es\/wissenswertes\/darm\/darmbeschwerden\/"},{"@type":"ListItem","position":5,"name":"Intolerancias"}]},{"@type":"WebSite","@id":"https:\/\/biomes.world\/es\/#website","url":"https:\/\/biomes.world\/es\/","name":"BIOMES - Feel better","description":"Cutting-edge biotechnology used to help people","publisher":{"@id":"https:\/\/biomes.world\/es\/#organization"},"potentialAction":[{"@type":"SearchAction","target":{"@type":"EntryPoint","urlTemplate":"https:\/\/biomes.world\/es\/?s={search_term_string}"},"query-input":{"@type":"PropertyValueSpecification","valueRequired":true,"valueName":"search_term_string"}}],"inLanguage":"es"},{"@type":"Organization","@id":"https:\/\/biomes.world\/es\/#organization","name":"BIOMES 4.0 GmbH","url":"https:\/\/biomes.world\/es\/","logo":{"@type":"ImageObject","inLanguage":"es","@id":"https:\/\/biomes.world\/es\/#\/schema\/logo\/image\/","url":"http:\/\/biomes.world\/wp-content\/uploads\/2024\/04\/biomes_logo_2021_RGB.png","contentUrl":"http:\/\/biomes.world\/wp-content\/uploads\/2024\/04\/biomes_logo_2021_RGB.png","width":10040,"height":2599,"caption":"BIOMES 4.0 GmbH"},"image":{"@id":"https:\/\/biomes.world\/es\/#\/schema\/logo\/image\/"},"sameAs":["https:\/\/de-de.facebook.com\/BIOMES.world\/","https:\/\/www.youtube.com\/@BIOMESworld","https:\/\/www.instagram.com\/biomes_official\/"],"legalName":"BIOMES 4.0 GmbH","duns":"314778637"}]}},"_links":{"self":[{"href":"https:\/\/biomes.world\/es\/wp-json\/wp\/v2\/pages\/155685","targetHints":{"allow":["GET"]}}],"collection":[{"href":"https:\/\/biomes.world\/es\/wp-json\/wp\/v2\/pages"}],"about":[{"href":"https:\/\/biomes.world\/es\/wp-json\/wp\/v2\/types\/page"}],"author":[{"embeddable":true,"href":"https:\/\/biomes.world\/es\/wp-json\/wp\/v2\/users\/3168"}],"replies":[{"embeddable":true,"href":"https:\/\/biomes.world\/es\/wp-json\/wp\/v2\/comments?post=155685"}],"version-history":[{"count":0,"href":"https:\/\/biomes.world\/es\/wp-json\/wp\/v2\/pages\/155685\/revisions"}],"up":[{"embeddable":true,"href":"https:\/\/biomes.world\/es\/wp-json\/wp\/v2\/pages\/505905"}],"wp:attachment":[{"href":"https:\/\/biomes.world\/es\/wp-json\/wp\/v2\/media?parent=155685"}],"curies":[{"name":"wp","href":"https:\/\/api.w.org\/{rel}","templated":true}]}}