{"id":145548,"date":"2018-09-09T22:19:56","date_gmt":"2018-09-09T20:19:56","guid":{"rendered":"http:\/\/biomes.world\/impressum\/"},"modified":"2026-02-09T11:05:56","modified_gmt":"2026-02-09T10:05:56","slug":"aviso-legal","status":"publish","type":"page","link":"https:\/\/biomes.world\/es\/legal\/aviso-legal\/","title":{"rendered":"AVISO LEGAL"},"content":{"rendered":"\n<h1 class=\"wp-block-heading\" id=\"h-aviso-legal\">AVISO LEGAL<\/h1>\n\n\n\n<h4 class=\"wp-block-heading\" id=\"h-datos-segun-5-tmg\">Datos seg\u00fan \u00a7 5 TMG<\/h4>\n\n\n\n<p><strong>BIOMES<\/strong> 4.0 GmbH<br>Representado por: Gerente Dr. Paul Hammer<br>Schwartzkopffstra\u00dfe 1, Halle 21, 15745 Wildau \u2013 Alemania<br>Tel\u00e9fono: +49 (0) 3375 585 62 40<br>Correo electr\u00f3nico: <a href=\"mailto:info@biomes.world\">info@biomes.world<\/a><\/p>\n\n\n\n<h4 class=\"wp-block-heading\" id=\"h-entrada-en-el-registro\">Entrada en el registro<\/h4>\n\n\n\n<p>Tribunal de registro: AG Cottbus<br>N\u00famero de registro: HRB 17633 CB<\/p>\n\n\n\n<p><strong>N\u00famero de impuesto: <\/strong>049 \/ 106 \/ 02484<\/p>\n\n\n\n<p><strong>N\u00famero de C.I.F.: <\/strong>DE459814797<br>Responsable de contenido:<br>Dr. Paul Hammer (direcci\u00f3n, v\u00e9ase m\u00e1s arriba)<\/p>\n\n\n\n<h1 class=\"wp-block-heading\" id=\"h-mas-informacion\">M\u00c1S INFORMACI\u00d3N<\/h1>\n\n\n\n<h4 class=\"wp-block-heading\" id=\"h-responsabilidad-por-los-contenidos\">Responsabilidad por los contenidos<\/h4>\n\n\n\n<p>Como proveedor de servicios, somos responsable de acuerdo con el \u00a7 7 apartado 1 TMG de los contenidos propios de estas p\u00e1ginas seg\u00fan el derecho general. Seg\u00fan los \u00a7\u00a7 8 a 10 TMG no estamos, como proveedores de servicios, sin embargo, obligados, a supervisar la informaci\u00f3n ajena transmitida o guardada o a investigar seg\u00fan las circunstancias que indiquen que hay una actividad il\u00edcita.<\/p>\n\n\n\n<p>Esto no afecta a las obligaciones de eliminaci\u00f3n o bloqueo de la utilizaci\u00f3n de informaci\u00f3n seg\u00fan el derecho general. Una responsabilidad en este contexto s\u00f3lo es posible desde el momento en que se tiene conocimiento de una infracci\u00f3n concreta. Cuando tengamos conocimiento de las correspondientes infracciones, eliminaremos estos contenidos de inmediato.<\/p>\n\n\n\n<h4 class=\"wp-block-heading\" id=\"h-responsabilidad-por-los-enlaces\">Responsabilidad por los enlaces<\/h4>\n\n\n\n<p>Nuestra oferta contiene enlaces a p\u00e1ginas web externas de terceros, en cuyos contenidos no tenemos influencia alguna. Por ello, no podemos asumir garant\u00eda alguna por estos contenidos externos. Responsable de los contenidos de las p\u00e1ginas enlazadas es siempre el correspondiente proveedor u operador de las p\u00e1ginas. Las p\u00e1ginas enlazadas fueron examinadas en el momento del enlace para que no tuviera posibles infracciones legales. En el momento del enlace no se reconocieron contenidos il\u00edcitos.<\/p>\n\n\n\n<p>No es exigible un control permanente de los contenidos de las p\u00e1ginas enlazadas, sin sospechas concretas de una infracci\u00f3n. Cuando tengamos conocimiento de infracciones, eliminaremos los enlaces de inmediato.<\/p>\n\n\n\n<h4 class=\"wp-block-heading\" id=\"h-derechos-de-autor\">Derechos de autor<\/h4>\n\n\n\n<p>Los contenidos y las obras creados por el operador de las p\u00e1ginas est\u00e1n sometidas a los derechos de autor alemanes. La divulgaci\u00f3n, tratamiento, difusi\u00f3n y cualquier tipo de utilizaci\u00f3n que vaya m\u00e1s all\u00e1 de los l\u00edmites de los derechos de autor precisa del consentimiento por escrito del autor o creador correspondiente. S\u00f3lo se permiten descargas y copias de esta p\u00e1gina para el uso privado, no comercial.<\/p>\n\n\n\n<p>Si los contenidos en esta p\u00e1gina no ha sido creado por el operario, se habr\u00e1n de observar los derechos de autor de terceros. En concreto, se marcar\u00e1n los contenidos de terceros. En el caso de que, no obstante, usted tenga conocimiento de una infracci\u00f3n de los derechos de autor, le rogamos que nos lo comunique. Cuando tengamos conocimiento de infracciones, eliminaremos los contenidos de inmediato.<\/p>\n\n\n\n<h4 class=\"wp-block-heading\" id=\"h-resolucion-de-conflictos\">Resoluci\u00f3n de conflictos<\/h4>\n\n\n\n<p>La Comisi\u00f3n Europea pone a disposici\u00f3n una plataforma para la resoluci\u00f3n de disputas en l\u00ednea (RD):<br><a href=\"https:\/\/ec.europa.eu\/consumers\/odr\" target=\"_blank\" rel=\"noreferrer noopener\">https:\/\/ec.europa.eu\/consumers\/odr<\/a><br>Nuestra direcci\u00f3n de correo electr\u00f3nico la encontrar\u00e1 arriba en el aviso legal.<br>Nosotros no estamos dispuestos ni obligados a participar en procesos de resoluci\u00f3n de dispuestas ante un \u00f3rgano de arbitraje de consumidores.<\/p>\n\n\n\n<h1 class=\"wp-block-heading\" id=\"h-creditos-fotograficos\">Cr\u00e9ditos Fotogr\u00e1ficos<\/h1>\n\n\n\n<p>Todas las <strong>BIOMES<\/strong> im\u00e1genes del producto, fotos del equipo y fotos del laboratorio son de <strong>BIOMES<\/strong> 4.0 GmbH<\/p>\n","protected":false},"excerpt":{"rendered":"<p>AVISO LEGAL Datos seg\u00fan \u00a7 5 TMG BIOMES 4.0 GmbHRepresentado por: Gerente Dr. Paul HammerSchwartzkopffstra\u00dfe 1, Halle 21, 15745 Wildau \u2013 AlemaniaTel\u00e9fono: +49 (0) 3375 585 62 40Correo electr\u00f3nico: info@biomes.world Entrada en el registro Tribunal de registro: AG CottbusN\u00famero de registro: HRB 17633 CB N\u00famero de impuesto: 049 \/ 106 \/ 02484 N\u00famero de C.I.F.: [&#8230;]<\/p>\n","protected":false},"author":1572,"featured_media":0,"parent":511932,"menu_order":39,"comment_status":"closed","ping_status":"closed","template":"","meta":{"_acf_changed":false,"footnotes":""},"class_list":["post-145548","page","type-page","status-publish","hentry"],"acf":[],"yoast_head":"<!-- This site is optimized with the Yoast SEO Premium plugin v26.2 (Yoast SEO v27.2) - https:\/\/yoast.com\/product\/yoast-seo-premium-wordpress\/ -->\n<title>Aviso Legal BIOMES - Feel Better<\/title>\n<meta name=\"description\" content=\"Aviso legal de BIOMES 4.0 GmbH. Analizamos tu flora intestinal y te damos recomendaciones individuales basadas en tu composici\u00f3n microbiana.\" \/>\n<meta name=\"robots\" content=\"noindex, follow\" \/>\n<meta property=\"og:locale\" content=\"es_ES\" \/>\n<meta property=\"og:type\" content=\"article\" \/>\n<meta property=\"og:title\" content=\"AVISO LEGAL\" \/>\n<meta property=\"og:description\" content=\"Aviso legal de BIOMES 4.0 GmbH. Analizamos tu flora intestinal y te damos recomendaciones individuales basadas en tu composici\u00f3n microbiana.\" \/>\n<meta property=\"og:url\" content=\"https:\/\/biomes.world\/es\/legal\/aviso-legal\/\" \/>\n<meta property=\"og:site_name\" content=\"BIOMES - Feel better\" \/>\n<meta property=\"article:publisher\" content=\"https:\/\/de-de.facebook.com\/BIOMES.world\/\" \/>\n<meta property=\"article:modified_time\" content=\"2026-02-09T10:05:56+00:00\" \/>\n<meta name=\"twitter:card\" content=\"summary_large_image\" \/>\n<meta name=\"twitter:label1\" content=\"Tiempo de lectura\" \/>\n\t<meta name=\"twitter:data1\" content=\"3 minutos\" \/>\n<script type=\"application\/ld+json\" class=\"yoast-schema-graph\">{\"@context\":\"https:\/\/schema.org\",\"@graph\":[{\"@type\":\"WebPage\",\"@id\":\"https:\/\/biomes.world\/es\/legal\/aviso-legal\/\",\"url\":\"https:\/\/biomes.world\/es\/legal\/aviso-legal\/\",\"name\":\"Aviso Legal BIOMES - Feel Better\",\"isPartOf\":{\"@id\":\"https:\/\/biomes.world\/es\/#website\"},\"datePublished\":\"2018-09-09T20:19:56+00:00\",\"dateModified\":\"2026-02-09T10:05:56+00:00\",\"description\":\"Aviso legal de BIOMES 4.0 GmbH. Analizamos tu flora intestinal y te damos recomendaciones individuales basadas en tu composici\u00f3n microbiana.\",\"breadcrumb\":{\"@id\":\"https:\/\/biomes.world\/es\/legal\/aviso-legal\/#breadcrumb\"},\"inLanguage\":\"es\",\"potentialAction\":[{\"@type\":\"ReadAction\",\"target\":[\"https:\/\/biomes.world\/es\/legal\/aviso-legal\/\"]}]},{\"@type\":\"BreadcrumbList\",\"@id\":\"https:\/\/biomes.world\/es\/legal\/aviso-legal\/#breadcrumb\",\"itemListElement\":[{\"@type\":\"ListItem\",\"position\":1,\"name\":\"Home\",\"item\":\"https:\/\/biomes.world\/es\/\"},{\"@type\":\"ListItem\",\"position\":2,\"name\":\"Pie de p\u00e1gina legal\",\"item\":\"https:\/\/biomes.world\/es\/rechtliches\/\"},{\"@type\":\"ListItem\",\"position\":3,\"name\":\"AVISO LEGAL\"}]},{\"@type\":\"WebSite\",\"@id\":\"https:\/\/biomes.world\/es\/#website\",\"url\":\"https:\/\/biomes.world\/es\/\",\"name\":\"BIOMES - Feel better\",\"description\":\"Cutting-edge biotechnology used to help people\",\"publisher\":{\"@id\":\"https:\/\/biomes.world\/es\/#organization\"},\"potentialAction\":[{\"@type\":\"SearchAction\",\"target\":{\"@type\":\"EntryPoint\",\"urlTemplate\":\"https:\/\/biomes.world\/es\/?s={search_term_string}\"},\"query-input\":{\"@type\":\"PropertyValueSpecification\",\"valueRequired\":true,\"valueName\":\"search_term_string\"}}],\"inLanguage\":\"es\"},{\"@type\":\"Organization\",\"@id\":\"https:\/\/biomes.world\/es\/#organization\",\"name\":\"BIOMES 4.0 GmbH\",\"url\":\"https:\/\/biomes.world\/es\/\",\"logo\":{\"@type\":\"ImageObject\",\"inLanguage\":\"es\",\"@id\":\"https:\/\/biomes.world\/es\/#\/schema\/logo\/image\/\",\"url\":\"http:\/\/biomes.world\/wp-content\/uploads\/2024\/04\/biomes_logo_2021_RGB.png\",\"contentUrl\":\"http:\/\/biomes.world\/wp-content\/uploads\/2024\/04\/biomes_logo_2021_RGB.png\",\"width\":10040,\"height\":2599,\"caption\":\"BIOMES 4.0 GmbH\"},\"image\":{\"@id\":\"https:\/\/biomes.world\/es\/#\/schema\/logo\/image\/\"},\"sameAs\":[\"https:\/\/de-de.facebook.com\/BIOMES.world\/\",\"https:\/\/www.youtube.com\/@BIOMESworld\",\"https:\/\/www.instagram.com\/biomes_official\/\"],\"legalName\":\"BIOMES 4.0 GmbH\",\"duns\":\"314778637\"}]}<\/script>\n<!-- \/ Yoast SEO Premium plugin. -->","yoast_head_json":{"title":"Aviso Legal BIOMES - Feel Better","description":"Aviso legal de BIOMES 4.0 GmbH. Analizamos tu flora intestinal y te damos recomendaciones individuales basadas en tu composici\u00f3n microbiana.","robots":{"index":"noindex","follow":"follow"},"og_locale":"es_ES","og_type":"article","og_title":"AVISO LEGAL","og_description":"Aviso legal de BIOMES 4.0 GmbH. Analizamos tu flora intestinal y te damos recomendaciones individuales basadas en tu composici\u00f3n microbiana.","og_url":"https:\/\/biomes.world\/es\/legal\/aviso-legal\/","og_site_name":"BIOMES - Feel better","article_publisher":"https:\/\/de-de.facebook.com\/BIOMES.world\/","article_modified_time":"2026-02-09T10:05:56+00:00","twitter_card":"summary_large_image","twitter_misc":{"Tiempo de lectura":"3 minutos"},"schema":{"@context":"https:\/\/schema.org","@graph":[{"@type":"WebPage","@id":"https:\/\/biomes.world\/es\/legal\/aviso-legal\/","url":"https:\/\/biomes.world\/es\/legal\/aviso-legal\/","name":"Aviso Legal BIOMES - Feel Better","isPartOf":{"@id":"https:\/\/biomes.world\/es\/#website"},"datePublished":"2018-09-09T20:19:56+00:00","dateModified":"2026-02-09T10:05:56+00:00","description":"Aviso legal de BIOMES 4.0 GmbH. Analizamos tu flora intestinal y te damos recomendaciones individuales basadas en tu composici\u00f3n microbiana.","breadcrumb":{"@id":"https:\/\/biomes.world\/es\/legal\/aviso-legal\/#breadcrumb"},"inLanguage":"es","potentialAction":[{"@type":"ReadAction","target":["https:\/\/biomes.world\/es\/legal\/aviso-legal\/"]}]},{"@type":"BreadcrumbList","@id":"https:\/\/biomes.world\/es\/legal\/aviso-legal\/#breadcrumb","itemListElement":[{"@type":"ListItem","position":1,"name":"Home","item":"https:\/\/biomes.world\/es\/"},{"@type":"ListItem","position":2,"name":"Pie de p\u00e1gina legal","item":"https:\/\/biomes.world\/es\/rechtliches\/"},{"@type":"ListItem","position":3,"name":"AVISO LEGAL"}]},{"@type":"WebSite","@id":"https:\/\/biomes.world\/es\/#website","url":"https:\/\/biomes.world\/es\/","name":"BIOMES - Feel better","description":"Cutting-edge biotechnology used to help people","publisher":{"@id":"https:\/\/biomes.world\/es\/#organization"},"potentialAction":[{"@type":"SearchAction","target":{"@type":"EntryPoint","urlTemplate":"https:\/\/biomes.world\/es\/?s={search_term_string}"},"query-input":{"@type":"PropertyValueSpecification","valueRequired":true,"valueName":"search_term_string"}}],"inLanguage":"es"},{"@type":"Organization","@id":"https:\/\/biomes.world\/es\/#organization","name":"BIOMES 4.0 GmbH","url":"https:\/\/biomes.world\/es\/","logo":{"@type":"ImageObject","inLanguage":"es","@id":"https:\/\/biomes.world\/es\/#\/schema\/logo\/image\/","url":"http:\/\/biomes.world\/wp-content\/uploads\/2024\/04\/biomes_logo_2021_RGB.png","contentUrl":"http:\/\/biomes.world\/wp-content\/uploads\/2024\/04\/biomes_logo_2021_RGB.png","width":10040,"height":2599,"caption":"BIOMES 4.0 GmbH"},"image":{"@id":"https:\/\/biomes.world\/es\/#\/schema\/logo\/image\/"},"sameAs":["https:\/\/de-de.facebook.com\/BIOMES.world\/","https:\/\/www.youtube.com\/@BIOMESworld","https:\/\/www.instagram.com\/biomes_official\/"],"legalName":"BIOMES 4.0 GmbH","duns":"314778637"}]}},"_links":{"self":[{"href":"https:\/\/biomes.world\/es\/wp-json\/wp\/v2\/pages\/145548","targetHints":{"allow":["GET"]}}],"collection":[{"href":"https:\/\/biomes.world\/es\/wp-json\/wp\/v2\/pages"}],"about":[{"href":"https:\/\/biomes.world\/es\/wp-json\/wp\/v2\/types\/page"}],"author":[{"embeddable":true,"href":"https:\/\/biomes.world\/es\/wp-json\/wp\/v2\/users\/1572"}],"replies":[{"embeddable":true,"href":"https:\/\/biomes.world\/es\/wp-json\/wp\/v2\/comments?post=145548"}],"version-history":[{"count":6,"href":"https:\/\/biomes.world\/es\/wp-json\/wp\/v2\/pages\/145548\/revisions"}],"predecessor-version":[{"id":634156,"href":"https:\/\/biomes.world\/es\/wp-json\/wp\/v2\/pages\/145548\/revisions\/634156"}],"up":[{"embeddable":true,"href":"https:\/\/biomes.world\/es\/wp-json\/wp\/v2\/pages\/511932"}],"wp:attachment":[{"href":"https:\/\/biomes.world\/es\/wp-json\/wp\/v2\/media?parent=145548"}],"curies":[{"name":"wp","href":"https:\/\/api.w.org\/{rel}","templated":true}]}}