{"id":145542,"date":"2018-09-09T21:57:44","date_gmt":"2018-09-09T19:57:44","guid":{"rendered":"http:\/\/biomes.world\/zweckbestimmung\/"},"modified":"2023-03-07T13:59:49","modified_gmt":"2023-03-07T12:59:49","slug":"finalidad","status":"publish","type":"page","link":"https:\/\/biomes.world\/es\/legal\/finalidad\/","title":{"rendered":"Uso previsto"},"content":{"rendered":"\n<h1 class=\"wp-block-heading\" id=\"h-sub-producto-de-estilo-de-vida-intest-pro-sub-uso-previsto\"><span class=\"subheader\">Producto de estilo de vida:&nbsp;INTEST.pro<\/span>Uso previsto<\/h1>\n\n\n\n<p><strong>INTEST.<\/strong>pro es una prueba de an\u00e1lisis de flora intestinal que se basa en el estudio del ADN microbiano de una prueba de heces. La exposici\u00f3n de los resultados de las pruebas se lleva a cabo en el tablero&nbsp;<strong>BIOMES<\/strong>-Dashboard&nbsp;<a href=\"https:\/\/my.biomes.world\/en\/logines\/login?lang=es\">my.biomes.world<\/a>. Se trata de una aplicaci\u00f3n en l\u00ednea que le da la oportunidad al cliente de investigar su flora intestinal. Gracias a algoritmos de reconocimiento de patrones y a la inteligencia artificial se genera un informe sobre distintas \u00e1reas tem\u00e1ticas. El cliente recibe, junto con la visualizaci\u00f3n de sus resultados de la prueba, recomendaciones de actuaci\u00f3n individual. Las valoraciones y las recomendaciones de actuaci\u00f3n est\u00e1n preparadas de tal manera que se pueden poner a disposici\u00f3n de un m\u00e9dico, natur\u00f3pata, nutricionista, farmac\u00e9utico, etc, como base para m\u00e1s investigaciones o recomendaciones.<\/p>\n\n\n\n<p><strong>INTEST.<\/strong>pro es un producto de estilo de vida y no de uso medicinal. En ning\u00fan caso, puede&nbsp;<strong>BIOMES<\/strong>&nbsp;sustituir una asesor\u00eda m\u00e9dica profesional o tratamiento hecho por parte de un m\u00e9dico \/ natur\u00f3pata licenciado o un nutricionista profesional.&nbsp;<strong>BIOMES<\/strong>&nbsp;remite de manera bien visible y expl\u00edcita al cliente al hecho de que los resultados de la prueba de&nbsp;<strong>INTEST.<\/strong>pro representan exclusivamente un complemento y que en caso de cuestiones medicinales hay que consultar a un m\u00e9dico.<\/p>\n\n\n<div id=\"hero-product-block_537da7a1cd888ff78ba2fd945345007c\" class=\"hero-product--single hero-product site-block\">\n    <div class=\"hero-product__wrap row\">\n        <div class=\"hero-product__media lg-6 xs-12 column\">\n            <img decoding=\"async\" src=\"https:\/\/biomes.world\/wp-content\/uploads\/2021\/05\/intest_pro-1.png\" srcset=\"https:\/\/biomes.world\/wp-content\/uploads\/2021\/05\/intest_pro-1-300x219.png 300w, https:\/\/biomes.world\/wp-content\/uploads\/2021\/05\/intest_pro-1-250x183.png 250w, https:\/\/biomes.world\/wp-content\/uploads\/2021\/05\/intest_pro-1.png 684w\" sizes=\"(max-width: 30em) 100vw, (max-width: 48em) 100vw, (max-width: 62em) 90vw, (max-width: 75em) 50vw, 800px\" alt=\"\">        <\/div>\n        <div class=\"hero-product__content lg-6 xs-12 column\">\n            <div class=\"hero-product__header\">Nuestra prueba intestinal <\/div><b>INTEST.<\/b>pro es el primer an\u00e1lisis completo de la flora intestinal con recomendaciones nutricionales personalizadas para tu intestino, basadas en el an\u00e1lisis del ADN bacteriano y los conocimientos cient\u00edficos m\u00e1s avanzados.<div class=\"hero-product__price\">159,00 \u20ac<\/div><div class=\"hero-product__action\"><a href=\"https:\/\/biomes-salud.es\/products\/intest-pro\" target=\"\" class=\"wp-block-button__link wp-block-button__link--alternate\">Ordena tu INTEST.pro <\/a><\/div>        <\/div>\n    <\/div>\n<\/div>\n","protected":false},"excerpt":{"rendered":"<p>Uso previsto INTEST.pro es una prueba de an\u00e1lisis de flora intestinal que se basa en el estudio del ADN microbiano de una prueba de heces. La exposici\u00f3n de los resultados de las pruebas se lleva a cabo en el tablero&nbsp;BIOMES-Dashboard&nbsp;my.biomes.world. Se trata de una aplicaci\u00f3n en l\u00ednea que le da la oportunidad al cliente de [&#8230;]<\/p>\n","protected":false},"author":3168,"featured_media":0,"parent":511932,"menu_order":0,"comment_status":"closed","ping_status":"closed","template":"","meta":{"_acf_changed":false,"footnotes":""},"class_list":["post-145542","page","type-page","status-publish","hentry"],"acf":[],"yoast_head":"<!-- This site is optimized with the Yoast SEO Premium plugin v26.2 (Yoast SEO v27.2) - https:\/\/yoast.com\/product\/yoast-seo-premium-wordpress\/ -->\n<title>Objetivo de la prueba intestinal INTEST.pro<\/title>\n<meta name=\"description\" content=\"INTEST.pro es un producto de estilo de vida y floratest intestinal basado en la recogida de ADN microbiano de una muestra de heces.\" \/>\n<meta name=\"robots\" content=\"index, follow, max-snippet:-1, max-image-preview:large, max-video-preview:-1\" \/>\n<link rel=\"canonical\" href=\"https:\/\/biomes.world\/es\/legal\/finalidad\/\" \/>\n<meta property=\"og:locale\" content=\"es_ES\" \/>\n<meta property=\"og:type\" content=\"article\" \/>\n<meta property=\"og:title\" content=\"Uso previsto\" \/>\n<meta property=\"og:description\" content=\"INTEST.pro es un producto de estilo de vida y floratest intestinal basado en la recogida de ADN microbiano de una muestra de heces.\" \/>\n<meta property=\"og:url\" content=\"https:\/\/biomes.world\/es\/legal\/finalidad\/\" \/>\n<meta property=\"og:site_name\" content=\"BIOMES - Feel better\" \/>\n<meta property=\"article:publisher\" content=\"https:\/\/de-de.facebook.com\/BIOMES.world\/\" \/>\n<meta property=\"article:modified_time\" content=\"2023-03-07T12:59:49+00:00\" \/>\n<meta name=\"twitter:card\" content=\"summary_large_image\" \/>\n<meta name=\"twitter:label1\" content=\"Tiempo de lectura\" \/>\n\t<meta name=\"twitter:data1\" content=\"2 minutos\" \/>\n<script type=\"application\/ld+json\" class=\"yoast-schema-graph\">{\"@context\":\"https:\/\/schema.org\",\"@graph\":[{\"@type\":\"WebPage\",\"@id\":\"https:\/\/biomes.world\/es\/legal\/finalidad\/\",\"url\":\"https:\/\/biomes.world\/es\/legal\/finalidad\/\",\"name\":\"Objetivo de la prueba intestinal INTEST.pro\",\"isPartOf\":{\"@id\":\"https:\/\/biomes.world\/es\/#website\"},\"datePublished\":\"2018-09-09T19:57:44+00:00\",\"dateModified\":\"2023-03-07T12:59:49+00:00\",\"description\":\"INTEST.pro es un producto de estilo de vida y floratest intestinal basado en la recogida de ADN microbiano de una muestra de heces.\",\"breadcrumb\":{\"@id\":\"https:\/\/biomes.world\/es\/legal\/finalidad\/#breadcrumb\"},\"inLanguage\":\"es\",\"potentialAction\":[{\"@type\":\"ReadAction\",\"target\":[\"https:\/\/biomes.world\/es\/legal\/finalidad\/\"]}]},{\"@type\":\"BreadcrumbList\",\"@id\":\"https:\/\/biomes.world\/es\/legal\/finalidad\/#breadcrumb\",\"itemListElement\":[{\"@type\":\"ListItem\",\"position\":1,\"name\":\"Home\",\"item\":\"https:\/\/biomes.world\/es\/\"},{\"@type\":\"ListItem\",\"position\":2,\"name\":\"Pie de p\u00e1gina legal\",\"item\":\"https:\/\/biomes.world\/es\/rechtliches\/\"},{\"@type\":\"ListItem\",\"position\":3,\"name\":\"Uso previsto\"}]},{\"@type\":\"WebSite\",\"@id\":\"https:\/\/biomes.world\/es\/#website\",\"url\":\"https:\/\/biomes.world\/es\/\",\"name\":\"BIOMES - Feel better\",\"description\":\"Cutting-edge biotechnology used to help people\",\"publisher\":{\"@id\":\"https:\/\/biomes.world\/es\/#organization\"},\"potentialAction\":[{\"@type\":\"SearchAction\",\"target\":{\"@type\":\"EntryPoint\",\"urlTemplate\":\"https:\/\/biomes.world\/es\/?s={search_term_string}\"},\"query-input\":{\"@type\":\"PropertyValueSpecification\",\"valueRequired\":true,\"valueName\":\"search_term_string\"}}],\"inLanguage\":\"es\"},{\"@type\":\"Organization\",\"@id\":\"https:\/\/biomes.world\/es\/#organization\",\"name\":\"BIOMES 4.0 GmbH\",\"url\":\"https:\/\/biomes.world\/es\/\",\"logo\":{\"@type\":\"ImageObject\",\"inLanguage\":\"es\",\"@id\":\"https:\/\/biomes.world\/es\/#\/schema\/logo\/image\/\",\"url\":\"http:\/\/biomes.world\/wp-content\/uploads\/2024\/04\/biomes_logo_2021_RGB.png\",\"contentUrl\":\"http:\/\/biomes.world\/wp-content\/uploads\/2024\/04\/biomes_logo_2021_RGB.png\",\"width\":10040,\"height\":2599,\"caption\":\"BIOMES 4.0 GmbH\"},\"image\":{\"@id\":\"https:\/\/biomes.world\/es\/#\/schema\/logo\/image\/\"},\"sameAs\":[\"https:\/\/de-de.facebook.com\/BIOMES.world\/\",\"https:\/\/www.youtube.com\/@BIOMESworld\",\"https:\/\/www.instagram.com\/biomes_official\/\"],\"legalName\":\"BIOMES 4.0 GmbH\",\"duns\":\"314778637\"}]}<\/script>\n<!-- \/ Yoast SEO Premium plugin. -->","yoast_head_json":{"title":"Objetivo de la prueba intestinal INTEST.pro","description":"INTEST.pro es un producto de estilo de vida y floratest intestinal basado en la recogida de ADN microbiano de una muestra de heces.","robots":{"index":"index","follow":"follow","max-snippet":"max-snippet:-1","max-image-preview":"max-image-preview:large","max-video-preview":"max-video-preview:-1"},"canonical":"https:\/\/biomes.world\/es\/legal\/finalidad\/","og_locale":"es_ES","og_type":"article","og_title":"Uso previsto","og_description":"INTEST.pro es un producto de estilo de vida y floratest intestinal basado en la recogida de ADN microbiano de una muestra de heces.","og_url":"https:\/\/biomes.world\/es\/legal\/finalidad\/","og_site_name":"BIOMES - Feel better","article_publisher":"https:\/\/de-de.facebook.com\/BIOMES.world\/","article_modified_time":"2023-03-07T12:59:49+00:00","twitter_card":"summary_large_image","twitter_misc":{"Tiempo de lectura":"2 minutos"},"schema":{"@context":"https:\/\/schema.org","@graph":[{"@type":"WebPage","@id":"https:\/\/biomes.world\/es\/legal\/finalidad\/","url":"https:\/\/biomes.world\/es\/legal\/finalidad\/","name":"Objetivo de la prueba intestinal INTEST.pro","isPartOf":{"@id":"https:\/\/biomes.world\/es\/#website"},"datePublished":"2018-09-09T19:57:44+00:00","dateModified":"2023-03-07T12:59:49+00:00","description":"INTEST.pro es un producto de estilo de vida y floratest intestinal basado en la recogida de ADN microbiano de una muestra de heces.","breadcrumb":{"@id":"https:\/\/biomes.world\/es\/legal\/finalidad\/#breadcrumb"},"inLanguage":"es","potentialAction":[{"@type":"ReadAction","target":["https:\/\/biomes.world\/es\/legal\/finalidad\/"]}]},{"@type":"BreadcrumbList","@id":"https:\/\/biomes.world\/es\/legal\/finalidad\/#breadcrumb","itemListElement":[{"@type":"ListItem","position":1,"name":"Home","item":"https:\/\/biomes.world\/es\/"},{"@type":"ListItem","position":2,"name":"Pie de p\u00e1gina legal","item":"https:\/\/biomes.world\/es\/rechtliches\/"},{"@type":"ListItem","position":3,"name":"Uso previsto"}]},{"@type":"WebSite","@id":"https:\/\/biomes.world\/es\/#website","url":"https:\/\/biomes.world\/es\/","name":"BIOMES - Feel better","description":"Cutting-edge biotechnology used to help people","publisher":{"@id":"https:\/\/biomes.world\/es\/#organization"},"potentialAction":[{"@type":"SearchAction","target":{"@type":"EntryPoint","urlTemplate":"https:\/\/biomes.world\/es\/?s={search_term_string}"},"query-input":{"@type":"PropertyValueSpecification","valueRequired":true,"valueName":"search_term_string"}}],"inLanguage":"es"},{"@type":"Organization","@id":"https:\/\/biomes.world\/es\/#organization","name":"BIOMES 4.0 GmbH","url":"https:\/\/biomes.world\/es\/","logo":{"@type":"ImageObject","inLanguage":"es","@id":"https:\/\/biomes.world\/es\/#\/schema\/logo\/image\/","url":"http:\/\/biomes.world\/wp-content\/uploads\/2024\/04\/biomes_logo_2021_RGB.png","contentUrl":"http:\/\/biomes.world\/wp-content\/uploads\/2024\/04\/biomes_logo_2021_RGB.png","width":10040,"height":2599,"caption":"BIOMES 4.0 GmbH"},"image":{"@id":"https:\/\/biomes.world\/es\/#\/schema\/logo\/image\/"},"sameAs":["https:\/\/de-de.facebook.com\/BIOMES.world\/","https:\/\/www.youtube.com\/@BIOMESworld","https:\/\/www.instagram.com\/biomes_official\/"],"legalName":"BIOMES 4.0 GmbH","duns":"314778637"}]}},"_links":{"self":[{"href":"https:\/\/biomes.world\/es\/wp-json\/wp\/v2\/pages\/145542","targetHints":{"allow":["GET"]}}],"collection":[{"href":"https:\/\/biomes.world\/es\/wp-json\/wp\/v2\/pages"}],"about":[{"href":"https:\/\/biomes.world\/es\/wp-json\/wp\/v2\/types\/page"}],"author":[{"embeddable":true,"href":"https:\/\/biomes.world\/es\/wp-json\/wp\/v2\/users\/3168"}],"replies":[{"embeddable":true,"href":"https:\/\/biomes.world\/es\/wp-json\/wp\/v2\/comments?post=145542"}],"version-history":[{"count":0,"href":"https:\/\/biomes.world\/es\/wp-json\/wp\/v2\/pages\/145542\/revisions"}],"up":[{"embeddable":true,"href":"https:\/\/biomes.world\/es\/wp-json\/wp\/v2\/pages\/511932"}],"wp:attachment":[{"href":"https:\/\/biomes.world\/es\/wp-json\/wp\/v2\/media?parent=145542"}],"curies":[{"name":"wp","href":"https:\/\/api.w.org\/{rel}","templated":true}]}}