{"id":145531,"date":"2018-09-09T21:45:53","date_gmt":"2018-09-09T19:45:53","guid":{"rendered":"http:\/\/biomes.world\/versandarten-zahlungsarten\/"},"modified":"2021-09-16T21:01:36","modified_gmt":"2021-09-16T19:01:36","slug":"envio-y-pago","status":"publish","type":"page","link":"https:\/\/biomes.world\/es\/envio-y-pago\/","title":{"rendered":"Gastos de env\u00edo"},"content":{"rendered":"\n<h1 class=\"wp-block-heading\" id=\"h-env-o-y-formas-de-pago\">ENV\u00cdO Y FORMAS DE PAGO<\/h1>\n\n\n\n<p>En&nbsp;<strong>BIOMES<\/strong>&nbsp;hacemos entregas a casi todos los pa\u00edses del mundo. Los precios indicados en las p\u00e1ginas donde se promociona el producto incluyen el IVA reglamentario.<\/p>\n\n\n\n<h2 class=\"wp-block-heading\" id=\"h-gastos-de-env-o\">GASTOS DE ENV\u00cdO<\/h2>\n\n\n\n<p>El env\u00edo a Alemania es gratuito para pedidos a partir de 100 \u20ac.<\/p>\n\n\n\n<p>Pedidos en Alemania con un valor menor a 100 \u20ac , se les agrega un importe fijo de 5,90 \u20ac de costos de env\u00edo, adicionales al precio original de los productos.&nbsp;<\/p>\n\n\n\n<p>Env\u00edos dentro de la Uni\u00f3n Europea, se les agrega un importe fijo de 9,90 \u20ac de costos de env\u00edo&nbsp; por pedido, adicionales a los precios de los productos; a partir de 100 \u20ac en el carrito de compra , el env\u00edo dentro de la Uni\u00f3n Europea es gratuito.<\/p>\n\n\n\n<p>Env\u00edos a pa\u00edses europeos que no pertenecen a la Uni\u00f3n Europea, se les agrega un importe fijo de 19,90 \u20ac de costos de env\u00edo por pedido, adicionales a los precios de los productos; a partir de 100 \u20ac en el carrito de compra , el env\u00edo es gratuito a pa\u00edses dentro de Europa no pertenecientes a la Uni\u00f3n Europea.<\/p>\n\n\n\n<p>Env\u00edos a pa\u00edses fuera de Europa, se les agrega un importe fijo de 19,90 \u20ac de costos de env\u00edo por pedido, adicionales a los precios de los productos; a partir&nbsp; de 200 \u20ac en el carrito de compra, el env\u00edo es gratuito a pa\u00edses fuera de Europa.<\/p>\n\n\n\n<p>El importe fijo de gastos de env\u00edo incluye el IVA aplicable (en caso de haberlo).<\/p>\n\n\n\n<p>Al adquirir <strong>INTEST.<\/strong>pro, los gastos de env\u00edo incluyen tanto la entrega como el env\u00edo seguro de regreso de la prueba.<\/p>\n\n\n\n<p>En casos aislados, nuestro proveedor de servicios de transporte cobrar\u00e1 un importe por territorio extraregional de 25 \u20ac, en cual te transferiremos. Si este recargo adicional aplica a tu direcci\u00f3n de entrega, podr\u00e1s verlo en el resumen de tu carrito de compra.<\/p>\n\n\n\n<h2 class=\"wp-block-heading\" id=\"h-m-todos-de-pago\">M\u00c9TODOS DE PAGO<\/h2>\n\n\n\n<p>Ofrecemos las siguientes opciones de pago:<\/p>\n\n\n\n<ul class=\"wp-block-list\"><li><strong>Transferencia bancaria directa y factura<\/strong><br>Transferencia directa a nuestra cuenta bancaria o pago mediante factura. Por favor, utilizar el n\u00famero de pedido como referencia y ponerse en contacto con nuestro servicio de atenci\u00f3n al cliente para ello. Tu muestra solo ser\u00e1 analizada despu\u00e9s de que el pago ha ingresado en nuestra cuenta.<\/li><li><strong>Tarjetas de cr\u00e9dito<\/strong>&nbsp;(Visa, Mastercard, Amex)<br>El procesamiento del pago con tarjeta de cr\u00e9dito se realiza a trav\u00e9s de Paypal (no se requiere una cuenta de Paypal).<\/li><li><strong>GiroPay<\/strong><br>Pagos online directamente por transferencia bancaria.<\/li><li><strong>PayPal<\/strong><br>Pago online a trav\u00e9s de PayPal.<\/li><li><strong>EPS<\/strong><br>Pago online a trav\u00e9s de EPS.<\/li><\/ul>\n","protected":false},"excerpt":{"rendered":"<p>ENV\u00cdO Y FORMAS DE PAGO En&nbsp;BIOMES&nbsp;hacemos entregas a casi todos los pa\u00edses del mundo. Los precios indicados en las p\u00e1ginas donde se promociona el producto incluyen el IVA reglamentario. GASTOS DE ENV\u00cdO El env\u00edo a Alemania es gratuito para pedidos a partir de 100 \u20ac. Pedidos en Alemania con un valor menor a 100 \u20ac [&#8230;]<\/p>\n","protected":false},"author":3168,"featured_media":0,"parent":511932,"menu_order":0,"comment_status":"closed","ping_status":"closed","template":"","meta":{"_acf_changed":false,"footnotes":""},"class_list":["post-145531","page","type-page","status-publish","hentry"],"acf":[],"yoast_head":"<!-- This site is optimized with the Yoast SEO Premium plugin v26.2 (Yoast SEO v27.2) - https:\/\/yoast.com\/product\/yoast-seo-premium-wordpress\/ -->\n<title>Modalidades de pago y env\u00edo | Tienda BIOMES<\/title>\n<meta name=\"description\" content=\"Aqu\u00ed encontrar\u00e1s las modalidades de pago y los gastos de env\u00edo de nuestra tienda BIOMES. Ordena el INTEST.pro e identifica tus problemas.\" \/>\n<meta name=\"robots\" content=\"index, follow, max-snippet:-1, max-image-preview:large, max-video-preview:-1\" \/>\n<link rel=\"canonical\" href=\"https:\/\/biomes.world\/es\/envio-y-pago\/\" \/>\n<meta property=\"og:locale\" content=\"es_ES\" \/>\n<meta property=\"og:type\" content=\"article\" \/>\n<meta property=\"og:title\" content=\"Gastos de env\u00edo\" \/>\n<meta property=\"og:description\" content=\"Aqu\u00ed encontrar\u00e1s las modalidades de pago y los gastos de env\u00edo de nuestra tienda BIOMES. Ordena el INTEST.pro e identifica tus problemas.\" \/>\n<meta property=\"og:url\" content=\"https:\/\/biomes.world\/es\/envio-y-pago\/\" \/>\n<meta property=\"og:site_name\" content=\"BIOMES - Feel better\" \/>\n<meta property=\"article:publisher\" content=\"https:\/\/de-de.facebook.com\/BIOMES.world\/\" \/>\n<meta property=\"article:modified_time\" content=\"2021-09-16T19:01:36+00:00\" \/>\n<meta name=\"twitter:card\" content=\"summary_large_image\" \/>\n<meta name=\"twitter:label1\" content=\"Tiempo de lectura\" \/>\n\t<meta name=\"twitter:data1\" content=\"2 minutos\" \/>\n<script type=\"application\/ld+json\" class=\"yoast-schema-graph\">{\"@context\":\"https:\/\/schema.org\",\"@graph\":[{\"@type\":\"WebPage\",\"@id\":\"https:\/\/biomes.world\/es\/envio-y-pago\/\",\"url\":\"https:\/\/biomes.world\/es\/envio-y-pago\/\",\"name\":\"Modalidades de pago y env\u00edo | Tienda BIOMES\",\"isPartOf\":{\"@id\":\"https:\/\/biomes.world\/es\/#website\"},\"datePublished\":\"2018-09-09T19:45:53+00:00\",\"dateModified\":\"2021-09-16T19:01:36+00:00\",\"description\":\"Aqu\u00ed encontrar\u00e1s las modalidades de pago y los gastos de env\u00edo de nuestra tienda BIOMES. Ordena el INTEST.pro e identifica tus problemas.\",\"breadcrumb\":{\"@id\":\"https:\/\/biomes.world\/es\/envio-y-pago\/#breadcrumb\"},\"inLanguage\":\"es\",\"potentialAction\":[{\"@type\":\"ReadAction\",\"target\":[\"https:\/\/biomes.world\/es\/envio-y-pago\/\"]}]},{\"@type\":\"BreadcrumbList\",\"@id\":\"https:\/\/biomes.world\/es\/envio-y-pago\/#breadcrumb\",\"itemListElement\":[{\"@type\":\"ListItem\",\"position\":1,\"name\":\"Home\",\"item\":\"https:\/\/biomes.world\/es\/\"},{\"@type\":\"ListItem\",\"position\":2,\"name\":\"Pie de p\u00e1gina legal\",\"item\":\"https:\/\/biomes.world\/es\/rechtliches\/\"},{\"@type\":\"ListItem\",\"position\":3,\"name\":\"Gastos de env\u00edo\"}]},{\"@type\":\"WebSite\",\"@id\":\"https:\/\/biomes.world\/es\/#website\",\"url\":\"https:\/\/biomes.world\/es\/\",\"name\":\"BIOMES - Feel better\",\"description\":\"Cutting-edge biotechnology used to help people\",\"publisher\":{\"@id\":\"https:\/\/biomes.world\/es\/#organization\"},\"potentialAction\":[{\"@type\":\"SearchAction\",\"target\":{\"@type\":\"EntryPoint\",\"urlTemplate\":\"https:\/\/biomes.world\/es\/?s={search_term_string}\"},\"query-input\":{\"@type\":\"PropertyValueSpecification\",\"valueRequired\":true,\"valueName\":\"search_term_string\"}}],\"inLanguage\":\"es\"},{\"@type\":\"Organization\",\"@id\":\"https:\/\/biomes.world\/es\/#organization\",\"name\":\"BIOMES 4.0 GmbH\",\"url\":\"https:\/\/biomes.world\/es\/\",\"logo\":{\"@type\":\"ImageObject\",\"inLanguage\":\"es\",\"@id\":\"https:\/\/biomes.world\/es\/#\/schema\/logo\/image\/\",\"url\":\"http:\/\/biomes.world\/wp-content\/uploads\/2024\/04\/biomes_logo_2021_RGB.png\",\"contentUrl\":\"http:\/\/biomes.world\/wp-content\/uploads\/2024\/04\/biomes_logo_2021_RGB.png\",\"width\":10040,\"height\":2599,\"caption\":\"BIOMES 4.0 GmbH\"},\"image\":{\"@id\":\"https:\/\/biomes.world\/es\/#\/schema\/logo\/image\/\"},\"sameAs\":[\"https:\/\/de-de.facebook.com\/BIOMES.world\/\",\"https:\/\/www.youtube.com\/@BIOMESworld\",\"https:\/\/www.instagram.com\/biomes_official\/\"],\"legalName\":\"BIOMES 4.0 GmbH\",\"duns\":\"314778637\"}]}<\/script>\n<!-- \/ Yoast SEO Premium plugin. -->","yoast_head_json":{"title":"Modalidades de pago y env\u00edo | Tienda BIOMES","description":"Aqu\u00ed encontrar\u00e1s las modalidades de pago y los gastos de env\u00edo de nuestra tienda BIOMES. Ordena el INTEST.pro e identifica tus problemas.","robots":{"index":"index","follow":"follow","max-snippet":"max-snippet:-1","max-image-preview":"max-image-preview:large","max-video-preview":"max-video-preview:-1"},"canonical":"https:\/\/biomes.world\/es\/envio-y-pago\/","og_locale":"es_ES","og_type":"article","og_title":"Gastos de env\u00edo","og_description":"Aqu\u00ed encontrar\u00e1s las modalidades de pago y los gastos de env\u00edo de nuestra tienda BIOMES. Ordena el INTEST.pro e identifica tus problemas.","og_url":"https:\/\/biomes.world\/es\/envio-y-pago\/","og_site_name":"BIOMES - Feel better","article_publisher":"https:\/\/de-de.facebook.com\/BIOMES.world\/","article_modified_time":"2021-09-16T19:01:36+00:00","twitter_card":"summary_large_image","twitter_misc":{"Tiempo de lectura":"2 minutos"},"schema":{"@context":"https:\/\/schema.org","@graph":[{"@type":"WebPage","@id":"https:\/\/biomes.world\/es\/envio-y-pago\/","url":"https:\/\/biomes.world\/es\/envio-y-pago\/","name":"Modalidades de pago y env\u00edo | Tienda BIOMES","isPartOf":{"@id":"https:\/\/biomes.world\/es\/#website"},"datePublished":"2018-09-09T19:45:53+00:00","dateModified":"2021-09-16T19:01:36+00:00","description":"Aqu\u00ed encontrar\u00e1s las modalidades de pago y los gastos de env\u00edo de nuestra tienda BIOMES. Ordena el INTEST.pro e identifica tus problemas.","breadcrumb":{"@id":"https:\/\/biomes.world\/es\/envio-y-pago\/#breadcrumb"},"inLanguage":"es","potentialAction":[{"@type":"ReadAction","target":["https:\/\/biomes.world\/es\/envio-y-pago\/"]}]},{"@type":"BreadcrumbList","@id":"https:\/\/biomes.world\/es\/envio-y-pago\/#breadcrumb","itemListElement":[{"@type":"ListItem","position":1,"name":"Home","item":"https:\/\/biomes.world\/es\/"},{"@type":"ListItem","position":2,"name":"Pie de p\u00e1gina legal","item":"https:\/\/biomes.world\/es\/rechtliches\/"},{"@type":"ListItem","position":3,"name":"Gastos de env\u00edo"}]},{"@type":"WebSite","@id":"https:\/\/biomes.world\/es\/#website","url":"https:\/\/biomes.world\/es\/","name":"BIOMES - Feel better","description":"Cutting-edge biotechnology used to help people","publisher":{"@id":"https:\/\/biomes.world\/es\/#organization"},"potentialAction":[{"@type":"SearchAction","target":{"@type":"EntryPoint","urlTemplate":"https:\/\/biomes.world\/es\/?s={search_term_string}"},"query-input":{"@type":"PropertyValueSpecification","valueRequired":true,"valueName":"search_term_string"}}],"inLanguage":"es"},{"@type":"Organization","@id":"https:\/\/biomes.world\/es\/#organization","name":"BIOMES 4.0 GmbH","url":"https:\/\/biomes.world\/es\/","logo":{"@type":"ImageObject","inLanguage":"es","@id":"https:\/\/biomes.world\/es\/#\/schema\/logo\/image\/","url":"http:\/\/biomes.world\/wp-content\/uploads\/2024\/04\/biomes_logo_2021_RGB.png","contentUrl":"http:\/\/biomes.world\/wp-content\/uploads\/2024\/04\/biomes_logo_2021_RGB.png","width":10040,"height":2599,"caption":"BIOMES 4.0 GmbH"},"image":{"@id":"https:\/\/biomes.world\/es\/#\/schema\/logo\/image\/"},"sameAs":["https:\/\/de-de.facebook.com\/BIOMES.world\/","https:\/\/www.youtube.com\/@BIOMESworld","https:\/\/www.instagram.com\/biomes_official\/"],"legalName":"BIOMES 4.0 GmbH","duns":"314778637"}]}},"_links":{"self":[{"href":"https:\/\/biomes.world\/es\/wp-json\/wp\/v2\/pages\/145531","targetHints":{"allow":["GET"]}}],"collection":[{"href":"https:\/\/biomes.world\/es\/wp-json\/wp\/v2\/pages"}],"about":[{"href":"https:\/\/biomes.world\/es\/wp-json\/wp\/v2\/types\/page"}],"author":[{"embeddable":true,"href":"https:\/\/biomes.world\/es\/wp-json\/wp\/v2\/users\/3168"}],"replies":[{"embeddable":true,"href":"https:\/\/biomes.world\/es\/wp-json\/wp\/v2\/comments?post=145531"}],"version-history":[{"count":0,"href":"https:\/\/biomes.world\/es\/wp-json\/wp\/v2\/pages\/145531\/revisions"}],"up":[{"embeddable":true,"href":"https:\/\/biomes.world\/es\/wp-json\/wp\/v2\/pages\/511932"}],"wp:attachment":[{"href":"https:\/\/biomes.world\/es\/wp-json\/wp\/v2\/media?parent=145531"}],"curies":[{"name":"wp","href":"https:\/\/api.w.org\/{rel}","templated":true}]}}