{"id":145477,"date":"2018-09-09T20:39:06","date_gmt":"2018-09-09T18:39:06","guid":{"rendered":"http:\/\/biomes.world\/ueber-uns\/"},"modified":"2026-04-10T09:09:10","modified_gmt":"2026-04-10T07:09:10","slug":"acerca-de","status":"publish","type":"page","link":"https:\/\/biomes.world\/es\/acerca-de\/","title":{"rendered":"Qui\u00e9nes somos"},"content":{"rendered":"\n<h1 class=\"wp-block-heading\" id=\"h-quienes-somos\">Qui\u00e9nes somos<\/h1>\n\n\n\n<h2 class=\"wp-block-heading\" id=\"h-sub-biomes-sub-la-ciencia-es-nuestra-razon-de-ser\"><span class=\"subheader\">BIOMES<\/span>La ciencia es nuestra raz\u00f3n de ser<\/h2>\n\n\n\n<p class=\"lead\">Tras <strong>BIOMES<\/strong> se oculta un equipo de cient\u00edficas y cient\u00edficos comprometidos y experimentados. Hemos desarrollado nuestra empresa sobre la base de a\u00f1os de investigaci\u00f3n con la finalidad de poner la tecnolog\u00eda m\u00e1s avanzada a disposici\u00f3n de todas las personas.<\/p>\n\n\n\n<p>Nuestra visi\u00f3n: queremos ayudar a las personas a llevar una vida m\u00e1s saludable. Para ello, aunamos la alta tecnolog\u00eda y los conocimientos cient\u00edficos m\u00e1s avanzados para crear pruebas dom\u00e9sticas de uso sencillo. Tras una labor investigativa de varios a\u00f1os, en 2017 fundamos nuestra empresa con una beca de la Escuela T\u00e9cnica Superior de Wildau y, poco tiempo despu\u00e9s, lanzamos al mercado nuestro primer producto: nuestra galardonada prueba intestinal <strong>INTEST.<\/strong>pro ayuda a nuestros clientes y clientas a conocer sus bacterias intestinales y compensar sus deficiencias por medio de recomendaciones nutricionales personalizadas. Nuestra plataforma tecnol\u00f3gica, capaz de analizar cualquier ADN presente en el planeta, nos ofrece posibilidades ilimitadas para desarrollar nuestros productos.<\/p>\n\n\n<div\n    id=\"hero-teaser-block_357b1e1e048afe1b6a0f06891c9e8a44\"\n    class=\"hero-teaser site-block\"\n>\n    <div class=\"hero-teaser__media\">\n        <img decoding=\"async\"\n            src=\"https:\/\/biomes.world\/wp-content\/uploads\/2021\/05\/tewo-scaled-1600x650.jpg\"\n            alt=\"\"\n            srcset=\"https:\/\/biomes.world\/wp-content\/uploads\/2021\/05\/tewo-scaled-300x200.jpg 300w, https:\/\/biomes.world\/wp-content\/uploads\/2021\/05\/tewo-scaled-1024x683.jpg 1024w, https:\/\/biomes.world\/wp-content\/uploads\/2021\/05\/tewo-scaled-768x512.jpg 768w, https:\/\/biomes.world\/wp-content\/uploads\/2021\/05\/tewo-scaled-1536x1024.jpg 1536w, https:\/\/biomes.world\/wp-content\/uploads\/2021\/05\/tewo-scaled-2048x1366.jpg 2048w, https:\/\/biomes.world\/wp-content\/uploads\/2021\/05\/tewo-scaled-1440x960.jpg 1440w, https:\/\/biomes.world\/wp-content\/uploads\/2021\/05\/tewo-scaled-250x167.jpg 250w\"\n            sizes=\"(max-width: 30em) 100vw, (max-width: 48em) 100vw, (max-width: 62em) 100vw, (max-width: 75em) 100vw, 1400px\t\"\n        >\n    <\/div>\n    <div class=\"hero-teaser__header\">\n        <div class=\"hero-teaser__col column\">\n            <h2 class=\"hero-teaser__title\">\n                <span>Tecnolog\u00eda<\/span>\n                La biotecnolog\u00eda m\u00e1s avanzada al servicio de las personas             <\/h2>\n            \n\n<p><strong>BIOMES<\/strong> ofrece a las personas instrumentos \u00fatiles para hacerlas m\u00e1s sanas y felices. Queremos ser los acompa\u00f1antes por el camino hacia una vida saludable de las personas y los animales. El an\u00e1lisis de flora intestinal <strong>INTEST.<\/strong>pro es un enorme avance en el campo de los an\u00e1lisis de heces.<\/p>\n\n\n\n<div class=\"wp-block-buttons is-layout-flex wp-block-buttons-is-layout-flex\">\n<div class=\"wp-block-button\"><a class=\"wp-block-button__link wp-element-button\" href=\"https:\/\/biomes.world\/es\/acerca-de\/tecnologia\/\">M\u00e1s informaci\u00f3n sobre nuestra tecnolog\u00eda<\/a><\/div>\n<\/div>\n\n        <\/div>\n    <\/div>\n<\/div>\n\n\n","protected":false},"excerpt":{"rendered":"<p>Qui\u00e9nes somos La ciencia es nuestra raz\u00f3n de ser Tras BIOMES se oculta un equipo de cient\u00edficas y cient\u00edficos comprometidos y experimentados. Hemos desarrollado nuestra empresa sobre la base de a\u00f1os de investigaci\u00f3n con la finalidad de poner la tecnolog\u00eda m\u00e1s avanzada a disposici\u00f3n de todas las personas. Nuestra visi\u00f3n: queremos ayudar a las personas [&#8230;]<\/p>\n","protected":false},"author":3168,"featured_media":0,"parent":0,"menu_order":11,"comment_status":"closed","ping_status":"closed","template":"","meta":{"_acf_changed":false,"footnotes":""},"class_list":["post-145477","page","type-page","status-publish","hentry"],"acf":[],"yoast_head":"<!-- This site is optimized with the Yoast SEO plugin v27.4 - https:\/\/yoast.com\/product\/yoast-seo-wordpress\/ -->\n<title>\u00a1Con BIOMES te olvidaras los problemas intestinales!<\/title>\n<meta name=\"description\" content=\"Conoce al equipo de BIOMES. Analizamos tu flora intestinal y te ofrecemos recomendaciones personalizadas para mejorar tu calidad de vida.\" \/>\n<meta name=\"robots\" content=\"index, follow, max-snippet:-1, max-image-preview:large, max-video-preview:-1\" \/>\n<link rel=\"canonical\" href=\"https:\/\/biomes.world\/es\/acerca-de\/\" \/>\n<meta property=\"og:locale\" content=\"es_ES\" \/>\n<meta property=\"og:type\" content=\"article\" \/>\n<meta property=\"og:title\" content=\"\u00a1Con BIOMES te olvidaras los problemas intestinales!\" \/>\n<meta property=\"og:description\" content=\"Conoce al equipo de BIOMES. Analizamos tu flora intestinal y te ofrecemos recomendaciones personalizadas para mejorar tu calidad de vida.\" \/>\n<meta property=\"og:url\" content=\"https:\/\/biomes.world\/es\/acerca-de\/\" \/>\n<meta property=\"og:site_name\" content=\"BIOMES - Feel better\" \/>\n<meta property=\"article:publisher\" content=\"https:\/\/de-de.facebook.com\/BIOMES.world\/\" \/>\n<meta property=\"article:modified_time\" content=\"2026-04-10T07:09:10+00:00\" \/>\n<meta name=\"twitter:card\" content=\"summary_large_image\" \/>\n<meta name=\"twitter:label1\" content=\"Tiempo de lectura\" \/>\n\t<meta name=\"twitter:data1\" content=\"1 minuto\" \/>\n<script type=\"application\/ld+json\" class=\"yoast-schema-graph\">{\"@context\":\"https:\\\/\\\/schema.org\",\"@graph\":[{\"@type\":\"WebPage\",\"@id\":\"https:\\\/\\\/biomes.world\\\/es\\\/acerca-de\\\/\",\"url\":\"https:\\\/\\\/biomes.world\\\/es\\\/acerca-de\\\/\",\"name\":\"\u00a1Con BIOMES te olvidaras los problemas intestinales!\",\"isPartOf\":{\"@id\":\"https:\\\/\\\/biomes.world\\\/es\\\/#website\"},\"datePublished\":\"2018-09-09T18:39:06+00:00\",\"dateModified\":\"2026-04-10T07:09:10+00:00\",\"description\":\"Conoce al equipo de BIOMES. Analizamos tu flora intestinal y te ofrecemos recomendaciones personalizadas para mejorar tu calidad de vida.\",\"breadcrumb\":{\"@id\":\"https:\\\/\\\/biomes.world\\\/es\\\/acerca-de\\\/#breadcrumb\"},\"inLanguage\":\"es\",\"potentialAction\":[{\"@type\":\"ReadAction\",\"target\":[\"https:\\\/\\\/biomes.world\\\/es\\\/acerca-de\\\/\"]}]},{\"@type\":\"BreadcrumbList\",\"@id\":\"https:\\\/\\\/biomes.world\\\/es\\\/acerca-de\\\/#breadcrumb\",\"itemListElement\":[{\"@type\":\"ListItem\",\"position\":1,\"name\":\"Home\",\"item\":\"https:\\\/\\\/biomes.world\\\/es\\\/\"},{\"@type\":\"ListItem\",\"position\":2,\"name\":\"Qui\u00e9nes somos\"}]},{\"@type\":\"WebSite\",\"@id\":\"https:\\\/\\\/biomes.world\\\/es\\\/#website\",\"url\":\"https:\\\/\\\/biomes.world\\\/es\\\/\",\"name\":\"BIOMES - Feel better\",\"description\":\"Cutting-edge biotechnology used to help people\",\"publisher\":{\"@id\":\"https:\\\/\\\/biomes.world\\\/es\\\/#organization\"},\"potentialAction\":[{\"@type\":\"SearchAction\",\"target\":{\"@type\":\"EntryPoint\",\"urlTemplate\":\"https:\\\/\\\/biomes.world\\\/es\\\/?s={search_term_string}\"},\"query-input\":{\"@type\":\"PropertyValueSpecification\",\"valueRequired\":true,\"valueName\":\"search_term_string\"}}],\"inLanguage\":\"es\"},{\"@type\":\"Organization\",\"@id\":\"https:\\\/\\\/biomes.world\\\/es\\\/#organization\",\"name\":\"BIOMES 4.0 GmbH\",\"url\":\"https:\\\/\\\/biomes.world\\\/es\\\/\",\"logo\":{\"@type\":\"ImageObject\",\"inLanguage\":\"es\",\"@id\":\"https:\\\/\\\/biomes.world\\\/es\\\/#\\\/schema\\\/logo\\\/image\\\/\",\"url\":\"http:\\\/\\\/biomes.world\\\/wp-content\\\/uploads\\\/2024\\\/04\\\/biomes_logo_2021_RGB.png\",\"contentUrl\":\"http:\\\/\\\/biomes.world\\\/wp-content\\\/uploads\\\/2024\\\/04\\\/biomes_logo_2021_RGB.png\",\"width\":10040,\"height\":2599,\"caption\":\"BIOMES 4.0 GmbH\"},\"image\":{\"@id\":\"https:\\\/\\\/biomes.world\\\/es\\\/#\\\/schema\\\/logo\\\/image\\\/\"},\"sameAs\":[\"https:\\\/\\\/de-de.facebook.com\\\/BIOMES.world\\\/\",\"https:\\\/\\\/www.youtube.com\\\/@BIOMESworld\",\"https:\\\/\\\/www.instagram.com\\\/biomes_official\\\/\"]}]}<\/script>\n<!-- \/ Yoast SEO plugin. -->","yoast_head_json":{"title":"\u00a1Con BIOMES te olvidaras los problemas intestinales!","description":"Conoce al equipo de BIOMES. Analizamos tu flora intestinal y te ofrecemos recomendaciones personalizadas para mejorar tu calidad de vida.","robots":{"index":"index","follow":"follow","max-snippet":"max-snippet:-1","max-image-preview":"max-image-preview:large","max-video-preview":"max-video-preview:-1"},"canonical":"https:\/\/biomes.world\/es\/acerca-de\/","og_locale":"es_ES","og_type":"article","og_title":"\u00a1Con BIOMES te olvidaras los problemas intestinales!","og_description":"Conoce al equipo de BIOMES. Analizamos tu flora intestinal y te ofrecemos recomendaciones personalizadas para mejorar tu calidad de vida.","og_url":"https:\/\/biomes.world\/es\/acerca-de\/","og_site_name":"BIOMES - Feel better","article_publisher":"https:\/\/de-de.facebook.com\/BIOMES.world\/","article_modified_time":"2026-04-10T07:09:10+00:00","twitter_card":"summary_large_image","twitter_misc":{"Tiempo de lectura":"1 minuto"},"schema":{"@context":"https:\/\/schema.org","@graph":[{"@type":"WebPage","@id":"https:\/\/biomes.world\/es\/acerca-de\/","url":"https:\/\/biomes.world\/es\/acerca-de\/","name":"\u00a1Con BIOMES te olvidaras los problemas intestinales!","isPartOf":{"@id":"https:\/\/biomes.world\/es\/#website"},"datePublished":"2018-09-09T18:39:06+00:00","dateModified":"2026-04-10T07:09:10+00:00","description":"Conoce al equipo de BIOMES. Analizamos tu flora intestinal y te ofrecemos recomendaciones personalizadas para mejorar tu calidad de vida.","breadcrumb":{"@id":"https:\/\/biomes.world\/es\/acerca-de\/#breadcrumb"},"inLanguage":"es","potentialAction":[{"@type":"ReadAction","target":["https:\/\/biomes.world\/es\/acerca-de\/"]}]},{"@type":"BreadcrumbList","@id":"https:\/\/biomes.world\/es\/acerca-de\/#breadcrumb","itemListElement":[{"@type":"ListItem","position":1,"name":"Home","item":"https:\/\/biomes.world\/es\/"},{"@type":"ListItem","position":2,"name":"Qui\u00e9nes somos"}]},{"@type":"WebSite","@id":"https:\/\/biomes.world\/es\/#website","url":"https:\/\/biomes.world\/es\/","name":"BIOMES - Feel better","description":"Cutting-edge biotechnology used to help people","publisher":{"@id":"https:\/\/biomes.world\/es\/#organization"},"potentialAction":[{"@type":"SearchAction","target":{"@type":"EntryPoint","urlTemplate":"https:\/\/biomes.world\/es\/?s={search_term_string}"},"query-input":{"@type":"PropertyValueSpecification","valueRequired":true,"valueName":"search_term_string"}}],"inLanguage":"es"},{"@type":"Organization","@id":"https:\/\/biomes.world\/es\/#organization","name":"BIOMES 4.0 GmbH","url":"https:\/\/biomes.world\/es\/","logo":{"@type":"ImageObject","inLanguage":"es","@id":"https:\/\/biomes.world\/es\/#\/schema\/logo\/image\/","url":"http:\/\/biomes.world\/wp-content\/uploads\/2024\/04\/biomes_logo_2021_RGB.png","contentUrl":"http:\/\/biomes.world\/wp-content\/uploads\/2024\/04\/biomes_logo_2021_RGB.png","width":10040,"height":2599,"caption":"BIOMES 4.0 GmbH"},"image":{"@id":"https:\/\/biomes.world\/es\/#\/schema\/logo\/image\/"},"sameAs":["https:\/\/de-de.facebook.com\/BIOMES.world\/","https:\/\/www.youtube.com\/@BIOMESworld","https:\/\/www.instagram.com\/biomes_official\/"]}]}},"_links":{"self":[{"href":"https:\/\/biomes.world\/es\/wp-json\/wp\/v2\/pages\/145477","targetHints":{"allow":["GET"]}}],"collection":[{"href":"https:\/\/biomes.world\/es\/wp-json\/wp\/v2\/pages"}],"about":[{"href":"https:\/\/biomes.world\/es\/wp-json\/wp\/v2\/types\/page"}],"author":[{"embeddable":true,"href":"https:\/\/biomes.world\/es\/wp-json\/wp\/v2\/users\/3168"}],"replies":[{"embeddable":true,"href":"https:\/\/biomes.world\/es\/wp-json\/wp\/v2\/comments?post=145477"}],"version-history":[{"count":6,"href":"https:\/\/biomes.world\/es\/wp-json\/wp\/v2\/pages\/145477\/revisions"}],"predecessor-version":[{"id":634272,"href":"https:\/\/biomes.world\/es\/wp-json\/wp\/v2\/pages\/145477\/revisions\/634272"}],"wp:attachment":[{"href":"https:\/\/biomes.world\/es\/wp-json\/wp\/v2\/media?parent=145477"}],"curies":[{"name":"wp","href":"https:\/\/api.w.org\/{rel}","templated":true}]}}