{"id":593579,"date":"2022-06-21T17:12:34","date_gmt":"2022-06-21T15:12:34","guid":{"rendered":"http:\/\/biomes.world\/?page_id=593579"},"modified":"2023-05-11T18:54:29","modified_gmt":"2023-05-11T16:54:29","slug":"intestinal-inflammation","status":"publish","type":"page","link":"https:\/\/biomes.world\/en\/interesting-facts\/intestine\/intestinal-inflammation\/","title":{"rendered":"Category: Intestinal Inflammation"},"content":{"rendered":"\n<h1 class=\"wp-block-heading\" id=\"h-intestinal-inflammation\">Intestinal Inflammation<\/h1>\n\n\n\n<p>People who frequently have problems with their stomach and intestines know that it is often difficult to find the exact cause of abdominal pain, cramps, diarrhoea or gastroenteritis. Often numerous examinations are necessary in order to make an exact diagnosis. Behind such intestinal complaints is not necessarily a serious illness. Also many food intolerances can trigger them. A stool examination provides initial indications as to whether or which bacteria cause intestinal discomfort or inflammation.<\/p>\n\n\n\n<h2 class=\"wp-block-heading\" id=\"h-what-is-gastroenteritis\">What is gastroenteritis?<\/h2>\n\n\n\n<p>Inflammation of the intestine is caused by infection of the intestinal tract. Characteristic for such an inflammation of the intestine is above all a sensitive and irritated intestinal mucosa. Only a small part of the intestine can be affected, but also several intestinal sections can be inflamed at the same time. If stomach problems occur in addition to the symptoms in the intestine, it is enteritis.<\/p>\n\n\n\n<p><\/p>\n\n\n\n<h3 class=\"wp-block-heading\" id=\"h-inflammation-of-the-bowel-often-manifests-itself-with-the-following-symptoms\">Inflammation of the bowel often manifests itself with the following symptoms:<\/h3>\n\n\n\n<ul class=\"wp-block-list\">\n<li>stomach pains<\/li>\n\n\n\n<li>cramps<\/li>\n\n\n\n<li>loss of appetite<\/li>\n\n\n\n<li>vomiting<\/li>\n\n\n\n<li>nausea<\/li>\n\n\n\n<li>fever<\/li>\n\n\n\n<li>diarrhea<\/li>\n\n\n\n<li>mucus or blood in stool<\/li>\n<\/ul>\n\n\n\n\n\n<ol class=\"wp-block-list\">\n<li>bacteria, viruses, parasites, fungi<\/li>\n\n\n\n<li>blood flow disturbances in the gastrointestinal tract<\/li>\n\n\n\n<li>kidney disease<\/li>\n\n\n\n<li>wrong diet (in case of intolerances, allergies)<\/li>\n\n\n\n<li>food poisoning (e.g. by salmonella germs)<\/li>\n\n\n\n<li>abuse of alcohol, drugs, and certain medications<\/li>\n\n\n\n<li>psychic triggers (e.g. permanent stress)<\/li>\n\n\n\n<li>use of medications (e.g. antibiotics or cortisone)<\/li>\n<\/ol>\n\n\n\n<p>Acute or chronic gastroenteritis \u2013 for example in the large intestine \u2013 are sometimes associated with pain, which makes normal everyday life very difficult for those affected.In particular, long-term stress can cause the gastrointestinal tract to do less work. In the case of unexpected dangers or temporary challenges, this makes sense because the body provides more power for the circulation and brain in stressful situations. When the stress is over, for example after a test, the normal performance of the intestine returns: the feeling of hunger returns, the nausea disappears. If, on the other hand, you are permanently stressed, this can damage the immune defence of the gastrointestinal tract in the long term and make it vulnerable to harmful bacteria and viruses . A possible consequence is painful inflammation of the intestine.<\/p>\n\n\n\n<figure class=\"wp-block-image size-large\"><img loading=\"lazy\" decoding=\"async\" width=\"1024\" height=\"682\" src=\"https:\/\/biomes.world\/http:\/\/biomes.world\/wp-content\/uploads\/2019\/01\/Was_haben_chronische_Darmerkrankungen-1024x682.jpg\" alt=\"Was haben chronische Darmerkrankungen mit Bakterien zu tun\" class=\"wp-image-512078\" srcset=\"https:\/\/biomes.world\/wp-content\/uploads\/2019\/01\/Was_haben_chronische_Darmerkrankungen-1024x682.jpg 1024w, https:\/\/biomes.world\/wp-content\/uploads\/2019\/01\/Was_haben_chronische_Darmerkrankungen-300x200.jpg 300w, https:\/\/biomes.world\/wp-content\/uploads\/2019\/01\/Was_haben_chronische_Darmerkrankungen-768x512.jpg 768w, https:\/\/biomes.world\/wp-content\/uploads\/2019\/01\/Was_haben_chronische_Darmerkrankungen-1536x1024.jpg 1536w, https:\/\/biomes.world\/wp-content\/uploads\/2019\/01\/Was_haben_chronische_Darmerkrankungen-1440x960.jpg 1440w, https:\/\/biomes.world\/wp-content\/uploads\/2019\/01\/Was_haben_chronische_Darmerkrankungen-250x167.jpg 250w, https:\/\/biomes.world\/wp-content\/uploads\/2019\/01\/Was_haben_chronische_Darmerkrankungen.jpg 2000w\" sizes=\"auto, (max-width: 1024px) 100vw, 1024px\" \/><figcaption class=\"wp-element-caption\">Girl lying on the sofa having stomach ache<\/figcaption><\/figure>\n\n\n\n<h2 class=\"wp-block-heading\" id=\"h-inflammatory-bowel-diseases-what-are-the-differences\">Inflammatory bowel diseases: What are the differences?<\/h2>\n\n\n\n<p>Bacterial or viral or due to other causes: Inflammations of the intestines manifest themselves differently in each person affected and often progress in very different ways. A careful diagnosis is important so that acute intestinal inflammations do not become chronic at some point. The frequent trigger for acute inflammations in the intestines is eating bad food or food infected with pathogens. For example <a href=\"https:\/\/biomes.world\/en\/interesting-facts\/intestine\/chronic-disease\/crohns-disease\/crohns-disease-diagnosis\/\">Crohn&#8217;s disease<\/a> or <a href=\"https:\/\/biomes.world\/en\/interesting-facts\/intestine\/chronic-disease\/ulcerative-colitis\/\">Ulcerative Colitis<\/a> belong to the chronic intestinal diseases.<\/p>\n\n\n\n<p>The severity of the&nbsp;<a href=\"https:\/\/biomes.world\/en\/interesting-facts\/intestine\/intestinal-diseases\/\" target=\"_blank\" rel=\"noreferrer noopener\">intestinal disease<\/a>&nbsp;also influences which treatment methods are appropriate: In mild bowel inflammation bed rest, tea, light food, a hot-water bottle and drinking plenty of fluids may be sufficient to bring achieve recovery. If it is severe intestinal inflammation, drugs are usually used &#8211; for example antibiotics for bacterial inflammation, cortisone, anticonvulsants or pain killers. In addition, depending on the diagnosis, a change in the diet can have a positive effect on intestinal health<\/p>\n\n\n\n<h2 class=\"wp-block-heading\" id=\"h-possible-steps-for-the-treatment-of-intestinal-inflammation\">Possible steps for the treatment of intestinal inflammation<\/h2>\n\n\n\n<p>Since many intestinal diseases are similar in their symptoms, several examinations are necessary in case of doubt in order to obtain a clear result. A detailed discussion between the patient and the attending doctor is particularly important. If the affected person describes his symptoms precisely, the doctor is often able to draw initial conclusions about possible causes of inflammation. This is followed by the external <strong>scanning of the gastrointestinal tract<\/strong> by the doctor. If he feels hardening there, this may indicate inflammatory areas. For more detailed results, a examination with an <strong>ultrasound device<\/strong> follows.<\/p>\n\n\n\n<p>This is followed by a <strong>blood test<\/strong> and a <strong>stool test<\/strong> to determine any discrepancies. A <strong>gastroscopy or colonoscopy<\/strong> helps to locate previously diagnosed abnormalities and, if necessary, to take samples from the corresponding areas for laboratory examination.<\/p>\n\n\n\n<figure class=\"wp-block-image size-large\"><img loading=\"lazy\" decoding=\"async\" width=\"1024\" height=\"666\" src=\"https:\/\/biomes.world\/http:\/\/biomes.world\/wp-content\/uploads\/2019\/11\/belly1-1024x666.jpg\" alt=\"Bauch\" class=\"wp-image-501777\" title=\"\" srcset=\"https:\/\/biomes.world\/wp-content\/uploads\/2019\/11\/belly1-1024x666.jpg 1024w, https:\/\/biomes.world\/wp-content\/uploads\/2019\/11\/belly1-300x195.jpg 300w, https:\/\/biomes.world\/wp-content\/uploads\/2019\/11\/belly1-768x499.jpg 768w, https:\/\/biomes.world\/wp-content\/uploads\/2019\/11\/belly1-1536x998.jpg 1536w, https:\/\/biomes.world\/wp-content\/uploads\/2019\/11\/belly1-250x163.jpg 250w, https:\/\/biomes.world\/wp-content\/uploads\/2019\/11\/belly1.jpg 1920w\" sizes=\"auto, (max-width: 1024px) 100vw, 1024px\" \/><\/figure>\n\n\n\n<p><\/p>\n\n\n<div\n    id=\"hero-teaser-block_78261808d54f1b7d94cb63242eae0267\"\n    class=\"hero-teaser site-block\"\n>\n    <div class=\"hero-teaser__media\">\n        <img decoding=\"async\"\n            src=\"https:\/\/biomes.world\/wp-content\/uploads\/2021\/05\/Verdauung-1600x650.jpeg\"\n            alt=\"\"\n            srcset=\"https:\/\/biomes.world\/wp-content\/uploads\/2021\/05\/Verdauung-300x128.jpeg 300w, https:\/\/biomes.world\/wp-content\/uploads\/2021\/05\/Verdauung-1024x435.jpeg 1024w, https:\/\/biomes.world\/wp-content\/uploads\/2021\/05\/Verdauung-768x326.jpeg 768w, https:\/\/biomes.world\/wp-content\/uploads\/2021\/05\/Verdauung-1536x653.jpeg 1536w, https:\/\/biomes.world\/wp-content\/uploads\/2021\/05\/Verdauung-250x106.jpeg 250w, https:\/\/biomes.world\/wp-content\/uploads\/2021\/05\/Verdauung.jpeg 1600w\"\n            sizes=\"(max-width: 30em) 100vw, (max-width: 48em) 100vw, (max-width: 62em) 100vw, (max-width: 75em) 100vw, 1400px\t\"\n        >\n    <\/div>\n    <div class=\"hero-teaser__header\">\n        <div class=\"hero-teaser__col column\">\n            <h2 class=\"hero-teaser__title\">\n                <span>More information about INTEST.pro<\/span>\n                The BIOMES intestinal test<br \/>\r\n            <\/h2>\n            \n\n<p>How do we analyse your intestinal flora? What exactly does the test include? Where can you buy <strong>INTEST.<\/strong>pro?<br>And how do we protect your data?<\/p>\n\n\n\n<div class=\"wp-block-buttons is-layout-flex wp-block-buttons-is-layout-flex\">\n<div class=\"wp-block-button\"><a class=\"wp-block-button__link wp-element-button\" href=\"https:\/\/shop.biomes.world\/\" target=\"_blank\" rel=\"noreferrer noopener\">Detailed information<\/a><\/div>\n<\/div>\n\n        <\/div>\n    <\/div>\n<\/div>\n\n\n\n<ul class=\"wp-block-list\">\n<li>Sources:<\/li>\n\n\n\n<li><a href=\"https:\/\/www.aerzteblatt.de\/archiv\/173706\/Chronisch-entzuendliche-Darm%C2%ADer%C2%ADkrank%C2%ADungen\" rel=\"nofollow\">Chronisch entz\u00fcndliche Darmerkrankungen (aerzteblatt.de)<\/a><\/li>\n\n\n\n<li>Forbes A, Escher J, Hebuterne X, et al. (2017) ESPEN guideline: Clinical nutrition in inflammatory bowel disease. <em>Clin Nutr<\/em>.;36(2):321-347.<\/li>\n\n\n\n<li><a href=\"https:\/\/www.uhhospitals.org\/services\/Digestive-health-services\/Conditions-and-treatments\/small-and-large-intestine\/inflammatory-bowel-disease\/diet-guide\" rel=\"nofollow\">Inflammatory Bowel Disease Diet | Foods to Avoid with Inflammatory Bowel Disease &amp; IBD Diet Plans &#8211; Cleveland, Ohio | University Hospitals (uhhospitals.org)<\/a><\/li>\n\n\n\n<li>Prince A., et. Al. (2016) Fermentable Carbohydrate Restriction (Low FODMAP Diet) in Clinical Practice Improves Functional Gastrointestinal Symptoms in Patients with Inflammatory Bowel Disease,&nbsp;<em>Inflammatory Bowel Diseases<\/em>, Volume 22, Issue 5, Pages 1129\u20131136,<\/li>\n\n\n\n<li>Sartor RB. (2008) Microbial influences in inflammatory bowel diseases. <em>Gastroenterology<\/em>.;134(2):577-94. doi: <a href=\"https:\/\/doi.org\/10.1053\/j.gastro.2007.11.059\" target=\"_blank\" rel=\"noreferrer noopener nofollow\">10.1053\/j.gastro.2007.11.059<\/a><\/li>\n\n\n\n<li>Bischoff S, Koletzko B, Lochs H, Meier R, und das DGEM Steering Committee. (2014) S3-Leitlinie der Deutschen Gesellschaft f\u00fcr Ern\u00e4hrungsmedizin (DGEM) in Zusammenarbeit mit der Gesellschaft f\u00fcr klinische Ern\u00e4hrung der Schweiz (GESKES), der \u00d6sterreichischen Arbeitsgemeinschaft f\u00fcr klinische Ern\u00e4hrung (AKE) und der Deutsche Gesellschaft f\u00fcr Gastroenterologie, Verdauungs- und Stoffwechselkrankheiten (DGVS). <em>Aktuell Ernahrungsmed<\/em>. ;39(03):e72-e98. doi:10.1055\/s-0034-1370084<\/li>\n<\/ul>\n","protected":false},"excerpt":{"rendered":"<p>Intestinal Inflammation People who frequently have problems with their stomach and intestines know that it is often difficult to find the exact cause of abdominal pain, cramps, diarrhoea or gastroenteritis. Often numerous examinations are necessary in order to make an exact diagnosis. Behind such intestinal complaints is not necessarily a serious illness. Also many food [&#8230;]<\/p>\n","protected":false},"author":3168,"featured_media":0,"parent":592835,"menu_order":0,"comment_status":"closed","ping_status":"closed","template":"","meta":{"_acf_changed":false,"footnotes":""},"class_list":["post-593579","page","type-page","status-publish","hentry"],"acf":[],"yoast_head":"<!-- This site is optimized with the Yoast SEO plugin v27.4 - https:\/\/yoast.com\/product\/yoast-seo-wordpress\/ -->\n<title>Category: Intestinal Inflammation - BIOMES - Feel better<\/title>\n<meta name=\"description\" content=\"Gastroenteritis can have many causes. A stool test can make a significant contribution to the diagnosis of these inflammations.\" \/>\n<meta name=\"robots\" content=\"index, follow, max-snippet:-1, max-image-preview:large, max-video-preview:-1\" \/>\n<link rel=\"canonical\" href=\"https:\/\/biomes.world\/en\/interesting-facts\/intestine\/intestinal-inflammation\/\" \/>\n<meta property=\"og:locale\" content=\"en_US\" \/>\n<meta property=\"og:type\" content=\"article\" \/>\n<meta property=\"og:title\" content=\"Category: Intestinal Inflammation - BIOMES - Feel better\" \/>\n<meta property=\"og:description\" content=\"Gastroenteritis can have many causes. A stool test can make a significant contribution to the diagnosis of these inflammations.\" \/>\n<meta property=\"og:url\" content=\"https:\/\/biomes.world\/en\/interesting-facts\/intestine\/intestinal-inflammation\/\" \/>\n<meta property=\"og:site_name\" content=\"BIOMES - Feel better\" \/>\n<meta property=\"article:publisher\" content=\"https:\/\/de-de.facebook.com\/BIOMES.world\/\" \/>\n<meta property=\"article:modified_time\" content=\"2023-05-11T16:54:29+00:00\" \/>\n<meta property=\"og:image\" content=\"https:\/\/biomes.world\/http:\/\/biomes.world\/wp-content\/uploads\/2019\/01\/Was_haben_chronische_Darmerkrankungen-1024x682.jpg\" \/>\n<meta name=\"twitter:card\" content=\"summary_large_image\" \/>\n<meta name=\"twitter:label1\" content=\"Est. reading time\" \/>\n\t<meta name=\"twitter:data1\" content=\"4 minutes\" \/>\n<script type=\"application\/ld+json\" class=\"yoast-schema-graph\">{\"@context\":\"https:\\\/\\\/schema.org\",\"@graph\":[{\"@type\":\"WebPage\",\"@id\":\"https:\\\/\\\/biomes.world\\\/en\\\/interesting-facts\\\/intestine\\\/intestinal-inflammation\\\/\",\"url\":\"https:\\\/\\\/biomes.world\\\/en\\\/interesting-facts\\\/intestine\\\/intestinal-inflammation\\\/\",\"name\":\"Category: Intestinal Inflammation - BIOMES - Feel better\",\"isPartOf\":{\"@id\":\"https:\\\/\\\/biomes.world\\\/en\\\/#website\"},\"primaryImageOfPage\":{\"@id\":\"https:\\\/\\\/biomes.world\\\/en\\\/interesting-facts\\\/intestine\\\/intestinal-inflammation\\\/#primaryimage\"},\"image\":{\"@id\":\"https:\\\/\\\/biomes.world\\\/en\\\/interesting-facts\\\/intestine\\\/intestinal-inflammation\\\/#primaryimage\"},\"thumbnailUrl\":\"https:\\\/\\\/biomes.world\\\/http:\\\/\\\/biomes.world\\\/wp-content\\\/uploads\\\/2019\\\/01\\\/Was_haben_chronische_Darmerkrankungen-1024x682.jpg\",\"datePublished\":\"2022-06-21T15:12:34+00:00\",\"dateModified\":\"2023-05-11T16:54:29+00:00\",\"description\":\"Gastroenteritis can have many causes. A stool test can make a significant contribution to the diagnosis of these inflammations.\",\"breadcrumb\":{\"@id\":\"https:\\\/\\\/biomes.world\\\/en\\\/interesting-facts\\\/intestine\\\/intestinal-inflammation\\\/#breadcrumb\"},\"inLanguage\":\"en-US\",\"potentialAction\":[{\"@type\":\"ReadAction\",\"target\":[\"https:\\\/\\\/biomes.world\\\/en\\\/interesting-facts\\\/intestine\\\/intestinal-inflammation\\\/\"]}]},{\"@type\":\"ImageObject\",\"inLanguage\":\"en-US\",\"@id\":\"https:\\\/\\\/biomes.world\\\/en\\\/interesting-facts\\\/intestine\\\/intestinal-inflammation\\\/#primaryimage\",\"url\":\"https:\\\/\\\/biomes.world\\\/http:\\\/\\\/biomes.world\\\/wp-content\\\/uploads\\\/2019\\\/01\\\/Was_haben_chronische_Darmerkrankungen-1024x682.jpg\",\"contentUrl\":\"https:\\\/\\\/biomes.world\\\/http:\\\/\\\/biomes.world\\\/wp-content\\\/uploads\\\/2019\\\/01\\\/Was_haben_chronische_Darmerkrankungen-1024x682.jpg\"},{\"@type\":\"BreadcrumbList\",\"@id\":\"https:\\\/\\\/biomes.world\\\/en\\\/interesting-facts\\\/intestine\\\/intestinal-inflammation\\\/#breadcrumb\",\"itemListElement\":[{\"@type\":\"ListItem\",\"position\":1,\"name\":\"Home\",\"item\":\"https:\\\/\\\/biomes.world\\\/en\\\/\"},{\"@type\":\"ListItem\",\"position\":2,\"name\":\"My Health, My Life\",\"item\":\"https:\\\/\\\/biomes.world\\\/en\\\/interesting-facts\\\/\"},{\"@type\":\"ListItem\",\"position\":3,\"name\":\"Category: Intestine\",\"item\":\"https:\\\/\\\/biomes.world\\\/en\\\/interesting-facts\\\/intestine\\\/\"},{\"@type\":\"ListItem\",\"position\":4,\"name\":\"Category: Intestinal Inflammation\"}]},{\"@type\":\"WebSite\",\"@id\":\"https:\\\/\\\/biomes.world\\\/en\\\/#website\",\"url\":\"https:\\\/\\\/biomes.world\\\/en\\\/\",\"name\":\"BIOMES - Feel better\",\"description\":\"Cutting-edge biotechnology used to help people\",\"publisher\":{\"@id\":\"https:\\\/\\\/biomes.world\\\/en\\\/#organization\"},\"potentialAction\":[{\"@type\":\"SearchAction\",\"target\":{\"@type\":\"EntryPoint\",\"urlTemplate\":\"https:\\\/\\\/biomes.world\\\/en\\\/?s={search_term_string}\"},\"query-input\":{\"@type\":\"PropertyValueSpecification\",\"valueRequired\":true,\"valueName\":\"search_term_string\"}}],\"inLanguage\":\"en-US\"},{\"@type\":\"Organization\",\"@id\":\"https:\\\/\\\/biomes.world\\\/en\\\/#organization\",\"name\":\"BIOMES 4.0 GmbH\",\"url\":\"https:\\\/\\\/biomes.world\\\/en\\\/\",\"logo\":{\"@type\":\"ImageObject\",\"inLanguage\":\"en-US\",\"@id\":\"https:\\\/\\\/biomes.world\\\/en\\\/#\\\/schema\\\/logo\\\/image\\\/\",\"url\":\"https:\\\/\\\/biomes.world\\\/http:\\\/\\\/biomes.world\\\/wp-content\\\/uploads\\\/2024\\\/04\\\/biomes_logo_2021_RGB.png\",\"contentUrl\":\"https:\\\/\\\/biomes.world\\\/http:\\\/\\\/biomes.world\\\/wp-content\\\/uploads\\\/2024\\\/04\\\/biomes_logo_2021_RGB.png\",\"width\":10040,\"height\":2599,\"caption\":\"BIOMES 4.0 GmbH\"},\"image\":{\"@id\":\"https:\\\/\\\/biomes.world\\\/en\\\/#\\\/schema\\\/logo\\\/image\\\/\"},\"sameAs\":[\"https:\\\/\\\/de-de.facebook.com\\\/BIOMES.world\\\/\",\"https:\\\/\\\/www.youtube.com\\\/@BIOMESworld\",\"https:\\\/\\\/www.instagram.com\\\/biomes_official\\\/\"]}]}<\/script>\n<!-- \/ Yoast SEO plugin. -->","yoast_head_json":{"title":"Category: Intestinal Inflammation - BIOMES - Feel better","description":"Gastroenteritis can have many causes. A stool test can make a significant contribution to the diagnosis of these inflammations.","robots":{"index":"index","follow":"follow","max-snippet":"max-snippet:-1","max-image-preview":"max-image-preview:large","max-video-preview":"max-video-preview:-1"},"canonical":"https:\/\/biomes.world\/en\/interesting-facts\/intestine\/intestinal-inflammation\/","og_locale":"en_US","og_type":"article","og_title":"Category: Intestinal Inflammation - BIOMES - Feel better","og_description":"Gastroenteritis can have many causes. A stool test can make a significant contribution to the diagnosis of these inflammations.","og_url":"https:\/\/biomes.world\/en\/interesting-facts\/intestine\/intestinal-inflammation\/","og_site_name":"BIOMES - Feel better","article_publisher":"https:\/\/de-de.facebook.com\/BIOMES.world\/","article_modified_time":"2023-05-11T16:54:29+00:00","og_image":[{"url":"https:\/\/biomes.world\/http:\/\/biomes.world\/wp-content\/uploads\/2019\/01\/Was_haben_chronische_Darmerkrankungen-1024x682.jpg","type":"","width":"","height":""}],"twitter_card":"summary_large_image","twitter_misc":{"Est. reading time":"4 minutes"},"schema":{"@context":"https:\/\/schema.org","@graph":[{"@type":"WebPage","@id":"https:\/\/biomes.world\/en\/interesting-facts\/intestine\/intestinal-inflammation\/","url":"https:\/\/biomes.world\/en\/interesting-facts\/intestine\/intestinal-inflammation\/","name":"Category: Intestinal Inflammation - BIOMES - Feel better","isPartOf":{"@id":"https:\/\/biomes.world\/en\/#website"},"primaryImageOfPage":{"@id":"https:\/\/biomes.world\/en\/interesting-facts\/intestine\/intestinal-inflammation\/#primaryimage"},"image":{"@id":"https:\/\/biomes.world\/en\/interesting-facts\/intestine\/intestinal-inflammation\/#primaryimage"},"thumbnailUrl":"https:\/\/biomes.world\/http:\/\/biomes.world\/wp-content\/uploads\/2019\/01\/Was_haben_chronische_Darmerkrankungen-1024x682.jpg","datePublished":"2022-06-21T15:12:34+00:00","dateModified":"2023-05-11T16:54:29+00:00","description":"Gastroenteritis can have many causes. A stool test can make a significant contribution to the diagnosis of these inflammations.","breadcrumb":{"@id":"https:\/\/biomes.world\/en\/interesting-facts\/intestine\/intestinal-inflammation\/#breadcrumb"},"inLanguage":"en-US","potentialAction":[{"@type":"ReadAction","target":["https:\/\/biomes.world\/en\/interesting-facts\/intestine\/intestinal-inflammation\/"]}]},{"@type":"ImageObject","inLanguage":"en-US","@id":"https:\/\/biomes.world\/en\/interesting-facts\/intestine\/intestinal-inflammation\/#primaryimage","url":"https:\/\/biomes.world\/http:\/\/biomes.world\/wp-content\/uploads\/2019\/01\/Was_haben_chronische_Darmerkrankungen-1024x682.jpg","contentUrl":"https:\/\/biomes.world\/http:\/\/biomes.world\/wp-content\/uploads\/2019\/01\/Was_haben_chronische_Darmerkrankungen-1024x682.jpg"},{"@type":"BreadcrumbList","@id":"https:\/\/biomes.world\/en\/interesting-facts\/intestine\/intestinal-inflammation\/#breadcrumb","itemListElement":[{"@type":"ListItem","position":1,"name":"Home","item":"https:\/\/biomes.world\/en\/"},{"@type":"ListItem","position":2,"name":"My Health, My Life","item":"https:\/\/biomes.world\/en\/interesting-facts\/"},{"@type":"ListItem","position":3,"name":"Category: Intestine","item":"https:\/\/biomes.world\/en\/interesting-facts\/intestine\/"},{"@type":"ListItem","position":4,"name":"Category: Intestinal Inflammation"}]},{"@type":"WebSite","@id":"https:\/\/biomes.world\/en\/#website","url":"https:\/\/biomes.world\/en\/","name":"BIOMES - Feel better","description":"Cutting-edge biotechnology used to help people","publisher":{"@id":"https:\/\/biomes.world\/en\/#organization"},"potentialAction":[{"@type":"SearchAction","target":{"@type":"EntryPoint","urlTemplate":"https:\/\/biomes.world\/en\/?s={search_term_string}"},"query-input":{"@type":"PropertyValueSpecification","valueRequired":true,"valueName":"search_term_string"}}],"inLanguage":"en-US"},{"@type":"Organization","@id":"https:\/\/biomes.world\/en\/#organization","name":"BIOMES 4.0 GmbH","url":"https:\/\/biomes.world\/en\/","logo":{"@type":"ImageObject","inLanguage":"en-US","@id":"https:\/\/biomes.world\/en\/#\/schema\/logo\/image\/","url":"https:\/\/biomes.world\/http:\/\/biomes.world\/wp-content\/uploads\/2024\/04\/biomes_logo_2021_RGB.png","contentUrl":"https:\/\/biomes.world\/http:\/\/biomes.world\/wp-content\/uploads\/2024\/04\/biomes_logo_2021_RGB.png","width":10040,"height":2599,"caption":"BIOMES 4.0 GmbH"},"image":{"@id":"https:\/\/biomes.world\/en\/#\/schema\/logo\/image\/"},"sameAs":["https:\/\/de-de.facebook.com\/BIOMES.world\/","https:\/\/www.youtube.com\/@BIOMESworld","https:\/\/www.instagram.com\/biomes_official\/"]}]}},"_links":{"self":[{"href":"https:\/\/biomes.world\/en\/wp-json\/wp\/v2\/pages\/593579","targetHints":{"allow":["GET"]}}],"collection":[{"href":"https:\/\/biomes.world\/en\/wp-json\/wp\/v2\/pages"}],"about":[{"href":"https:\/\/biomes.world\/en\/wp-json\/wp\/v2\/types\/page"}],"author":[{"embeddable":true,"href":"https:\/\/biomes.world\/en\/wp-json\/wp\/v2\/users\/3168"}],"replies":[{"embeddable":true,"href":"https:\/\/biomes.world\/en\/wp-json\/wp\/v2\/comments?post=593579"}],"version-history":[{"count":1,"href":"https:\/\/biomes.world\/en\/wp-json\/wp\/v2\/pages\/593579\/revisions"}],"predecessor-version":[{"id":616599,"href":"https:\/\/biomes.world\/en\/wp-json\/wp\/v2\/pages\/593579\/revisions\/616599"}],"up":[{"embeddable":true,"href":"https:\/\/biomes.world\/en\/wp-json\/wp\/v2\/pages\/592835"}],"wp:attachment":[{"href":"https:\/\/biomes.world\/en\/wp-json\/wp\/v2\/media?parent=593579"}],"curies":[{"name":"wp","href":"https:\/\/api.w.org\/{rel}","templated":true}]}}