{"id":594773,"date":"2022-06-22T15:24:45","date_gmt":"2022-06-22T13:24:45","guid":{"rendered":"http:\/\/biomes.world\/?page_id=594773"},"modified":"2023-03-03T11:47:48","modified_gmt":"2023-03-03T10:47:48","slug":"muskelaufbau","status":"publish","type":"page","link":"https:\/\/biomes.world\/de\/wissenswertes\/fitness-und-wohlbefinden\/muskelaufbau\/","title":{"rendered":"Kategorie: Muskelaufbau"},"content":{"rendered":"\n<h1 class=\"wp-block-heading\" id=\"h-muskelaufbau\">Muskelaufbau<\/h1>\n\n\n\n<div class=\"post__entries site-blockspace--both\"><div class=\"post__slide lg-up-3 md-up-2 xs-up-1 row\"><div class=\"post__item post column\"><div class=\"post__content\"><a href=\"https:\/\/biomes.world\/de\/wissenswertes\/fitness-und-wohlbefinden\/muskelaufbau\/muskelaufbau-und-abnehmen\/\" class=\"post__thumbnail\" tabindex=\"0\"><img loading=\"lazy\" decoding=\"async\" width=\"800\" height=\"470\" src=\"https:\/\/biomes.world\/wp-content\/uploads\/2019\/12\/Depositphotos_153032898_s-2019-800x470.jpg\" class=\"attachment-post-thumbnail size-post-thumbnail wp-post-image\" alt=\"Abnehmen und Muskelaufbau\" srcset=\"https:\/\/biomes.world\/wp-content\/uploads\/2019\/12\/Depositphotos_153032898_s-2019-800x470.jpg 800w, https:\/\/biomes.world\/wp-content\/uploads\/2019\/12\/Depositphotos_153032898_s-2019-400x235.jpg 400w\" sizes=\"auto, (max-width: 800px) 100vw, 800px\" \/><\/a><div class=\"entry\"><div class=\"entry__meta\"><span class=\"meta__posted-on\">Ver\u00f6ffentlicht am <time class=\"meta__date meta__date--published\" datetime=\"2019-12-20T11:17:15+01:00\" itemprop=\"datePublished\">20. Dezember 2019<\/time><time class=\"meta__date--updated\" datetime=\"2023-07-18T14:46:14+02:00\" itemprop=\"dateModified\"><\/time><\/span><\/div><div class=\"entry__header\"><div class=\"entry__title h2\"><a href=\"https:\/\/biomes.world\/de\/wissenswertes\/fitness-und-wohlbefinden\/muskelaufbau\/muskelaufbau-und-abnehmen\/\">Abnehmen und Muskelaufbau: Wie ist das vereinbar?<\/a><\/div><\/div><div class=\"entry__excerpt\"><p>Muskelaufbau und Fettabbau beruhen auf verschiedenen Stoffwechselprozessen. Und beide haben gegens\u00e4tzliche Voraussetzungen \u2013 das hei\u00dft:Simultan Muskulatur aufzubauen und K\u00f6rperfett abzubauen, [...]<\/p><\/div><\/div><\/div><\/div><div class=\"post__item post column\"><div class=\"post__content\"><a href=\"https:\/\/biomes.world\/de\/wissenswertes\/fitness-und-wohlbefinden\/muskelaufbau\/muskelaufbau-fuer-anfaenger\/\" class=\"post__thumbnail\" tabindex=\"0\"><img loading=\"lazy\" decoding=\"async\" width=\"800\" height=\"470\" src=\"https:\/\/biomes.world\/wp-content\/uploads\/2021\/09\/MicrosoftTeams-image-1-800x470.jpg\" class=\"attachment-post-thumbnail size-post-thumbnail wp-post-image\" alt=\"Bildbeschreibung\" srcset=\"https:\/\/biomes.world\/wp-content\/uploads\/2021\/09\/MicrosoftTeams-image-1-800x470.jpg 800w, https:\/\/biomes.world\/wp-content\/uploads\/2021\/09\/MicrosoftTeams-image-1-400x235.jpg 400w\" sizes=\"auto, (max-width: 800px) 100vw, 800px\" \/><\/a><div class=\"entry\"><div class=\"entry__meta\"><span class=\"meta__posted-on\">Ver\u00f6ffentlicht am <time class=\"meta__date meta__date--published\" datetime=\"2019-10-24T00:33:08+02:00\" itemprop=\"datePublished\">24. Oktober 2019<\/time><time class=\"meta__date--updated\" datetime=\"2024-03-06T10:17:45+01:00\" itemprop=\"dateModified\"><\/time><\/span><\/div><div class=\"entry__header\"><div class=\"entry__title h2\"><a href=\"https:\/\/biomes.world\/de\/wissenswertes\/fitness-und-wohlbefinden\/muskelaufbau\/muskelaufbau-fuer-anfaenger\/\">Muskelaufbau f\u00fcr Anf\u00e4nger: So gelingt der Einstieg<\/a><\/div><\/div><div class=\"entry__excerpt\"><p>Mit Muskelaufbau reagiert dein K\u00f6rper, wenn der entsprechende Muskel durch Training gereizt wird. Forderst du deinen K\u00f6rper \u00fcber seine bisherigen [...]<\/p><\/div><\/div><\/div><\/div><div class=\"post__item post column\"><div class=\"post__content\"><a href=\"https:\/\/biomes.world\/de\/wissenswertes\/fitness-und-wohlbefinden\/muskelaufbau\/schneller-muskelaufbau\/\" class=\"post__thumbnail\" tabindex=\"0\"><img loading=\"lazy\" decoding=\"async\" width=\"800\" height=\"470\" src=\"https:\/\/biomes.world\/wp-content\/uploads\/2019\/10\/Depositphotos_71296193_l-2015-800x470.jpg\" class=\"attachment-post-thumbnail size-post-thumbnail wp-post-image\" alt=\"Muskel Fitness\" srcset=\"https:\/\/biomes.world\/wp-content\/uploads\/2019\/10\/Depositphotos_71296193_l-2015-800x470.jpg 800w, https:\/\/biomes.world\/wp-content\/uploads\/2019\/10\/Depositphotos_71296193_l-2015-400x235.jpg 400w\" sizes=\"auto, (max-width: 800px) 100vw, 800px\" \/><\/a><div class=\"entry\"><div class=\"entry__meta\"><span class=\"meta__posted-on\">Ver\u00f6ffentlicht am <time class=\"meta__date meta__date--published\" datetime=\"2019-10-24T00:10:36+02:00\" itemprop=\"datePublished\">24. Oktober 2019<\/time><time class=\"meta__date--updated\" datetime=\"2023-08-03T10:29:34+02:00\" itemprop=\"dateModified\"><\/time><\/span><\/div><div class=\"entry__header\"><div class=\"entry__title h2\"><a href=\"https:\/\/biomes.world\/de\/wissenswertes\/fitness-und-wohlbefinden\/muskelaufbau\/schneller-muskelaufbau\/\">Schneller Muskelaufbau \u2013 so erzielst du sichtbare Erfolge<\/a><\/div><\/div><div class=\"entry__excerpt\"><p>Muskelmasse verdankst du dem Anpassungsprozess deines K\u00f6rpers: Forderst du ihn \u00fcber seine bisherigen Leistungsgrenzen hinaus, reagiert er mit Muskelaufbau. Die [...]<\/p><\/div><\/div><\/div><\/div><div class=\"post__item post column\"><div class=\"post__content\"><a href=\"https:\/\/biomes.world\/de\/wissenswertes\/fitness-und-wohlbefinden\/muskelaufbau\/muskelaufbau-im-alter\/\" class=\"post__thumbnail\" tabindex=\"0\"><img loading=\"lazy\" decoding=\"async\" width=\"800\" height=\"470\" src=\"https:\/\/biomes.world\/wp-content\/uploads\/2019\/09\/Depositphotos_4843175_xl-2015-scaled-800x470.jpg\" class=\"attachment-post-thumbnail size-post-thumbnail wp-post-image\" alt=\"Bildbeschreibung\" srcset=\"https:\/\/biomes.world\/wp-content\/uploads\/2019\/09\/Depositphotos_4843175_xl-2015-scaled-800x470.jpg 800w, https:\/\/biomes.world\/wp-content\/uploads\/2019\/09\/Depositphotos_4843175_xl-2015-scaled-400x235.jpg 400w\" sizes=\"auto, (max-width: 800px) 100vw, 800px\" \/><\/a><div class=\"entry\"><div class=\"entry__meta\"><span class=\"meta__posted-on\">Ver\u00f6ffentlicht am <time class=\"meta__date meta__date--published\" datetime=\"2019-09-13T10:35:17+02:00\" itemprop=\"datePublished\">13. September 2019<\/time><time class=\"meta__date--updated\" datetime=\"2022-08-05T12:02:03+02:00\" itemprop=\"dateModified\"><\/time><\/span><\/div><div class=\"entry__header\"><div class=\"entry__title h2\"><a href=\"https:\/\/biomes.world\/de\/wissenswertes\/fitness-und-wohlbefinden\/muskelaufbau\/muskelaufbau-im-alter\/\">Muskelaufbau im Alter \u2013 worauf kommt es an?<\/a><\/div><\/div><div class=\"entry__excerpt\"><p>\u00dcbungen f\u00fcr den Muskelaufbau sind in jedem Alter wichtig. Bei BIOMES erf\u00e4hrst du, wie das Training zum Muskelaufbau ab 40, [...]<\/p><\/div><\/div><\/div><\/div><\/div><\/div>\n","protected":false},"excerpt":{"rendered":"<p>\u00dcbungen f\u00fcr den Muskelaufbau sind in jedem Alter wichtig. Bei BIOMES erf\u00e4hrst du, wie das Training zum Muskelaufbau ab 40, [&#8230;]<\/p>\n","protected":false},"author":3168,"featured_media":0,"parent":511054,"menu_order":0,"comment_status":"closed","ping_status":"closed","template":"","meta":{"_acf_changed":false,"footnotes":""},"class_list":["post-594773","page","type-page","status-publish","hentry"],"acf":[],"yoast_head":"<!-- This site is optimized with the Yoast SEO plugin v27.4 - https:\/\/yoast.com\/product\/yoast-seo-wordpress\/ -->\n<title>Effektiver Muskelaufbau durch deinen Darm<\/title>\n<meta name=\"description\" content=\"M\u00f6chtest du Muskelmasse aufbauen und deine Fitness verbessern? Entdecke die besten Methoden f\u00fcr einen effektiven Muskelaufbau.\" \/>\n<meta name=\"robots\" content=\"index, follow, max-snippet:-1, max-image-preview:large, max-video-preview:-1\" \/>\n<link rel=\"canonical\" href=\"https:\/\/biomes.world\/de\/wissenswertes\/fitness-und-wohlbefinden\/muskelaufbau\/\" \/>\n<meta property=\"og:locale\" content=\"de_DE\" \/>\n<meta property=\"og:type\" content=\"article\" \/>\n<meta property=\"og:title\" content=\"Effektiver Muskelaufbau durch deinen Darm\" \/>\n<meta property=\"og:description\" content=\"M\u00f6chtest du Muskelmasse aufbauen und deine Fitness verbessern? Entdecke die besten Methoden f\u00fcr einen effektiven Muskelaufbau.\" \/>\n<meta property=\"og:url\" content=\"https:\/\/biomes.world\/de\/wissenswertes\/fitness-und-wohlbefinden\/muskelaufbau\/\" \/>\n<meta property=\"og:site_name\" content=\"BIOMES - Feel better\" \/>\n<meta property=\"article:publisher\" content=\"https:\/\/de-de.facebook.com\/BIOMES.world\/\" \/>\n<meta property=\"article:modified_time\" content=\"2023-03-03T10:47:48+00:00\" \/>\n<meta name=\"twitter:card\" content=\"summary_large_image\" \/>\n<meta name=\"twitter:label1\" content=\"Gesch\u00e4tzte Lesezeit\" \/>\n\t<meta name=\"twitter:data1\" content=\"1\u00a0Minute\" \/>\n<script type=\"application\/ld+json\" class=\"yoast-schema-graph\">{\"@context\":\"https:\\\/\\\/schema.org\",\"@graph\":[{\"@type\":\"WebPage\",\"@id\":\"https:\\\/\\\/biomes.world\\\/de\\\/wissenswertes\\\/fitness-und-wohlbefinden\\\/muskelaufbau\\\/\",\"url\":\"https:\\\/\\\/biomes.world\\\/de\\\/wissenswertes\\\/fitness-und-wohlbefinden\\\/muskelaufbau\\\/\",\"name\":\"Effektiver Muskelaufbau durch deinen Darm\",\"isPartOf\":{\"@id\":\"https:\\\/\\\/biomes.world\\\/de\\\/#website\"},\"datePublished\":\"2022-06-22T13:24:45+00:00\",\"dateModified\":\"2023-03-03T10:47:48+00:00\",\"description\":\"M\u00f6chtest du Muskelmasse aufbauen und deine Fitness verbessern? Entdecke die besten Methoden f\u00fcr einen effektiven Muskelaufbau.\",\"breadcrumb\":{\"@id\":\"https:\\\/\\\/biomes.world\\\/de\\\/wissenswertes\\\/fitness-und-wohlbefinden\\\/muskelaufbau\\\/#breadcrumb\"},\"inLanguage\":\"de\",\"potentialAction\":[{\"@type\":\"ReadAction\",\"target\":[\"https:\\\/\\\/biomes.world\\\/de\\\/wissenswertes\\\/fitness-und-wohlbefinden\\\/muskelaufbau\\\/\"]}]},{\"@type\":\"BreadcrumbList\",\"@id\":\"https:\\\/\\\/biomes.world\\\/de\\\/wissenswertes\\\/fitness-und-wohlbefinden\\\/muskelaufbau\\\/#breadcrumb\",\"itemListElement\":[{\"@type\":\"ListItem\",\"position\":1,\"name\":\"Home\",\"item\":\"https:\\\/\\\/biomes.world\\\/de\\\/\"},{\"@type\":\"ListItem\",\"position\":2,\"name\":\"My Health, My Life\",\"item\":\"https:\\\/\\\/biomes.world\\\/de\\\/wissenswertes\\\/\"},{\"@type\":\"ListItem\",\"position\":3,\"name\":\"Fitness &amp; Wohlbefinden\",\"item\":\"https:\\\/\\\/biomes.world\\\/de\\\/wissenswertes\\\/fitness-und-wohlbefinden\\\/\"},{\"@type\":\"ListItem\",\"position\":4,\"name\":\"Kategorie: Muskelaufbau\"}]},{\"@type\":\"WebSite\",\"@id\":\"https:\\\/\\\/biomes.world\\\/de\\\/#website\",\"url\":\"https:\\\/\\\/biomes.world\\\/de\\\/\",\"name\":\"BIOMES - Feel better\",\"description\":\"Cutting-edge biotechnology used to help people\",\"publisher\":{\"@id\":\"https:\\\/\\\/biomes.world\\\/de\\\/#organization\"},\"potentialAction\":[{\"@type\":\"SearchAction\",\"target\":{\"@type\":\"EntryPoint\",\"urlTemplate\":\"https:\\\/\\\/biomes.world\\\/de\\\/?s={search_term_string}\"},\"query-input\":{\"@type\":\"PropertyValueSpecification\",\"valueRequired\":true,\"valueName\":\"search_term_string\"}}],\"inLanguage\":\"de\"},{\"@type\":\"Organization\",\"@id\":\"https:\\\/\\\/biomes.world\\\/de\\\/#organization\",\"name\":\"BIOMES 4.0 GmbH\",\"url\":\"https:\\\/\\\/biomes.world\\\/de\\\/\",\"logo\":{\"@type\":\"ImageObject\",\"inLanguage\":\"de\",\"@id\":\"https:\\\/\\\/biomes.world\\\/de\\\/#\\\/schema\\\/logo\\\/image\\\/\",\"url\":\"http:\\\/\\\/biomes.world\\\/wp-content\\\/uploads\\\/2024\\\/04\\\/biomes_logo_2021_RGB.png\",\"contentUrl\":\"http:\\\/\\\/biomes.world\\\/wp-content\\\/uploads\\\/2024\\\/04\\\/biomes_logo_2021_RGB.png\",\"width\":10040,\"height\":2599,\"caption\":\"BIOMES 4.0 GmbH\"},\"image\":{\"@id\":\"https:\\\/\\\/biomes.world\\\/de\\\/#\\\/schema\\\/logo\\\/image\\\/\"},\"sameAs\":[\"https:\\\/\\\/de-de.facebook.com\\\/BIOMES.world\\\/\",\"https:\\\/\\\/www.youtube.com\\\/@BIOMESworld\",\"https:\\\/\\\/www.instagram.com\\\/biomes_official\\\/\"]}]}<\/script>\n<!-- \/ Yoast SEO plugin. -->","yoast_head_json":{"title":"Effektiver Muskelaufbau durch deinen Darm","description":"M\u00f6chtest du Muskelmasse aufbauen und deine Fitness verbessern? Entdecke die besten Methoden f\u00fcr einen effektiven Muskelaufbau.","robots":{"index":"index","follow":"follow","max-snippet":"max-snippet:-1","max-image-preview":"max-image-preview:large","max-video-preview":"max-video-preview:-1"},"canonical":"https:\/\/biomes.world\/de\/wissenswertes\/fitness-und-wohlbefinden\/muskelaufbau\/","og_locale":"de_DE","og_type":"article","og_title":"Effektiver Muskelaufbau durch deinen Darm","og_description":"M\u00f6chtest du Muskelmasse aufbauen und deine Fitness verbessern? Entdecke die besten Methoden f\u00fcr einen effektiven Muskelaufbau.","og_url":"https:\/\/biomes.world\/de\/wissenswertes\/fitness-und-wohlbefinden\/muskelaufbau\/","og_site_name":"BIOMES - Feel better","article_publisher":"https:\/\/de-de.facebook.com\/BIOMES.world\/","article_modified_time":"2023-03-03T10:47:48+00:00","twitter_card":"summary_large_image","twitter_misc":{"Gesch\u00e4tzte Lesezeit":"1\u00a0Minute"},"schema":{"@context":"https:\/\/schema.org","@graph":[{"@type":"WebPage","@id":"https:\/\/biomes.world\/de\/wissenswertes\/fitness-und-wohlbefinden\/muskelaufbau\/","url":"https:\/\/biomes.world\/de\/wissenswertes\/fitness-und-wohlbefinden\/muskelaufbau\/","name":"Effektiver Muskelaufbau durch deinen Darm","isPartOf":{"@id":"https:\/\/biomes.world\/de\/#website"},"datePublished":"2022-06-22T13:24:45+00:00","dateModified":"2023-03-03T10:47:48+00:00","description":"M\u00f6chtest du Muskelmasse aufbauen und deine Fitness verbessern? Entdecke die besten Methoden f\u00fcr einen effektiven Muskelaufbau.","breadcrumb":{"@id":"https:\/\/biomes.world\/de\/wissenswertes\/fitness-und-wohlbefinden\/muskelaufbau\/#breadcrumb"},"inLanguage":"de","potentialAction":[{"@type":"ReadAction","target":["https:\/\/biomes.world\/de\/wissenswertes\/fitness-und-wohlbefinden\/muskelaufbau\/"]}]},{"@type":"BreadcrumbList","@id":"https:\/\/biomes.world\/de\/wissenswertes\/fitness-und-wohlbefinden\/muskelaufbau\/#breadcrumb","itemListElement":[{"@type":"ListItem","position":1,"name":"Home","item":"https:\/\/biomes.world\/de\/"},{"@type":"ListItem","position":2,"name":"My Health, My Life","item":"https:\/\/biomes.world\/de\/wissenswertes\/"},{"@type":"ListItem","position":3,"name":"Fitness &amp; Wohlbefinden","item":"https:\/\/biomes.world\/de\/wissenswertes\/fitness-und-wohlbefinden\/"},{"@type":"ListItem","position":4,"name":"Kategorie: Muskelaufbau"}]},{"@type":"WebSite","@id":"https:\/\/biomes.world\/de\/#website","url":"https:\/\/biomes.world\/de\/","name":"BIOMES - Feel better","description":"Cutting-edge biotechnology used to help people","publisher":{"@id":"https:\/\/biomes.world\/de\/#organization"},"potentialAction":[{"@type":"SearchAction","target":{"@type":"EntryPoint","urlTemplate":"https:\/\/biomes.world\/de\/?s={search_term_string}"},"query-input":{"@type":"PropertyValueSpecification","valueRequired":true,"valueName":"search_term_string"}}],"inLanguage":"de"},{"@type":"Organization","@id":"https:\/\/biomes.world\/de\/#organization","name":"BIOMES 4.0 GmbH","url":"https:\/\/biomes.world\/de\/","logo":{"@type":"ImageObject","inLanguage":"de","@id":"https:\/\/biomes.world\/de\/#\/schema\/logo\/image\/","url":"http:\/\/biomes.world\/wp-content\/uploads\/2024\/04\/biomes_logo_2021_RGB.png","contentUrl":"http:\/\/biomes.world\/wp-content\/uploads\/2024\/04\/biomes_logo_2021_RGB.png","width":10040,"height":2599,"caption":"BIOMES 4.0 GmbH"},"image":{"@id":"https:\/\/biomes.world\/de\/#\/schema\/logo\/image\/"},"sameAs":["https:\/\/de-de.facebook.com\/BIOMES.world\/","https:\/\/www.youtube.com\/@BIOMESworld","https:\/\/www.instagram.com\/biomes_official\/"]}]}},"_links":{"self":[{"href":"https:\/\/biomes.world\/de\/wp-json\/wp\/v2\/pages\/594773","targetHints":{"allow":["GET"]}}],"collection":[{"href":"https:\/\/biomes.world\/de\/wp-json\/wp\/v2\/pages"}],"about":[{"href":"https:\/\/biomes.world\/de\/wp-json\/wp\/v2\/types\/page"}],"author":[{"embeddable":true,"href":"https:\/\/biomes.world\/de\/wp-json\/wp\/v2\/users\/3168"}],"replies":[{"embeddable":true,"href":"https:\/\/biomes.world\/de\/wp-json\/wp\/v2\/comments?post=594773"}],"version-history":[{"count":0,"href":"https:\/\/biomes.world\/de\/wp-json\/wp\/v2\/pages\/594773\/revisions"}],"up":[{"embeddable":true,"href":"https:\/\/biomes.world\/de\/wp-json\/wp\/v2\/pages\/511054"}],"wp:attachment":[{"href":"https:\/\/biomes.world\/de\/wp-json\/wp\/v2\/media?parent=594773"}],"curies":[{"name":"wp","href":"https:\/\/api.w.org\/{rel}","templated":true}]}}