{"id":594762,"date":"2022-06-22T14:57:31","date_gmt":"2022-06-22T12:57:31","guid":{"rendered":"http:\/\/biomes.world\/?page_id=594762"},"modified":"2023-03-03T11:47:02","modified_gmt":"2023-03-03T10:47:02","slug":"studien-kompass","status":"publish","type":"page","link":"https:\/\/biomes.world\/de\/wissenswertes\/studien-kompass\/","title":{"rendered":"Kategorie: Studienkompass"},"content":{"rendered":"\n<h1 class=\"wp-block-heading\" id=\"studienkompass\"><span class=\"subheader\"><strong>Fachwissen einfach erkl\u00e4rt<\/span>BIOMES<\/strong>&nbsp;Studienkompass<\/h1>\n\n\n\n<p>Die Mikrobiom-Forschung ist ein junges Forschungsfeld, in dem nahezu t\u00e4glich neue Forschungsergebnisse ver\u00f6ffentlich werden. Bei&nbsp;<strong>BIOMES<\/strong>&nbsp;arbeiten viele Expert*innen aus den Bereichen Biotechnologie, Mikrobiologie, Ern\u00e4hrungswissenschaft und Pharmazie, die immer auf dem neusten Stand der Wissenschaft sind. Hier stellen sie dir regelm\u00e4\u00dfig die spannendsten Erkenntnisse der weltweiten Mikrobiom-Forschung oder sogar&nbsp;<strong>BIOMES<\/strong>-eigene Studienergebnisse vor.<\/p>\n\n\n<div class=\"post__entries site-blockspace--both\"><div class=\"post__slide lg-up-3 md-up-2 xs-up-1 row\"><div class=\"post__item post column\"><div class=\"post__content\"><a href=\"https:\/\/biomes.world\/de\/wissenswertes\/studien-kompass\/ki-gestuetzte-frueherkennung-von-typ-2-diabetes-durch-darmmikrobiomanalyse\/\" class=\"post__thumbnail\" tabindex=\"0\"><img loading=\"lazy\" decoding=\"async\" width=\"800\" height=\"470\" src=\"https:\/\/biomes.world\/wp-content\/uploads\/2023\/06\/neuronale-Netzwerk-800x470.jpg\" class=\"attachment-post-thumbnail size-post-thumbnail wp-post-image\" alt=\"Bildbeschreibung\" srcset=\"https:\/\/biomes.world\/wp-content\/uploads\/2023\/06\/neuronale-Netzwerk-800x470.jpg 800w, https:\/\/biomes.world\/wp-content\/uploads\/2023\/06\/neuronale-Netzwerk-400x235.jpg 400w\" sizes=\"auto, (max-width: 800px) 100vw, 800px\" \/><\/a><div class=\"entry\"><div class=\"entry__meta\"><span class=\"meta__posted-on\">Ver\u00f6ffentlicht am <time class=\"meta__date meta__date--published\" datetime=\"2023-06-08T11:11:50+02:00\" itemprop=\"datePublished\">8. Juni 2023<\/time><time class=\"meta__date--updated\" datetime=\"2023-06-21T16:13:44+02:00\" itemprop=\"dateModified\"><\/time><\/span><\/div><div class=\"entry__header\"><div class=\"entry__title h2\"><a href=\"https:\/\/biomes.world\/de\/wissenswertes\/studien-kompass\/ki-gestuetzte-frueherkennung-von-typ-2-diabetes-durch-darmmikrobiomanalyse\/\">KI-gest\u00fctzte Fr\u00fcherkennung von Typ-2-Diabetes durch Darmmikrobiom-Analyse<\/a><\/div><\/div><div class=\"entry__excerpt\"><p>Durch die Untersuchung des Darmmikrobioms er\u00f6ffnen sich neue M\u00f6glichkeiten zur Identifizierung und Beschreibung verschiedener Krankheiten, insbesondere im Bereich der Diabetesforschung [...]<\/p><\/div><\/div><\/div><\/div><div class=\"post__item post column\"><div class=\"post__content\"><a href=\"https:\/\/biomes.world\/de\/wissenswertes\/studien-kompass\/blutgruppe-darmflora-beeinfluss\/\" class=\"post__thumbnail\" tabindex=\"0\"><img loading=\"lazy\" decoding=\"async\" width=\"800\" height=\"470\" src=\"https:\/\/biomes.world\/wp-content\/uploads\/2021\/11\/Depositphotos_3306438_L-800x470.jpg\" class=\"attachment-post-thumbnail size-post-thumbnail wp-post-image\" alt=\"Blut Zellen\" srcset=\"https:\/\/biomes.world\/wp-content\/uploads\/2021\/11\/Depositphotos_3306438_L-800x470.jpg 800w, https:\/\/biomes.world\/wp-content\/uploads\/2021\/11\/Depositphotos_3306438_L-400x235.jpg 400w\" sizes=\"auto, (max-width: 800px) 100vw, 800px\" \/><\/a><div class=\"entry\"><div class=\"entry__meta\"><span class=\"meta__posted-on\">Ver\u00f6ffentlicht am <time class=\"meta__date meta__date--published\" datetime=\"2021-11-11T09:11:53+01:00\" itemprop=\"datePublished\">11. November 2021<\/time><time class=\"meta__date--updated\" datetime=\"2023-02-22T12:24:45+01:00\" itemprop=\"dateModified\"><\/time><\/span><\/div><div class=\"entry__header\"><div class=\"entry__title h2\"><a href=\"https:\/\/biomes.world\/de\/wissenswertes\/studien-kompass\/blutgruppe-darmflora-beeinfluss\/\">Wie unsere Blutgruppe die Darmflora beeinflusst<\/a><\/div><\/div><div class=\"entry__excerpt\"><p>Blutgruppe und Darm-Mikrobiom, beides sind&nbsp;Faktoren&nbsp;des menschlichen K\u00f6rpers, zwischen denen es keinen offensichtlichen Zusammenhang gibt.&nbsp;Umso \u00fcberraschender sind die Erkenntnisse einer&nbsp;neuen&nbsp;Genomstudie.&nbsp;Diese legt [...]<\/p><\/div><\/div><\/div><\/div><div class=\"post__item post column\"><div class=\"post__content\"><a href=\"https:\/\/biomes.world\/de\/wissenswertes\/studien-kompass\/darmmikrobiom-langes-leben\/\" class=\"post__thumbnail\" tabindex=\"0\"><img loading=\"lazy\" decoding=\"async\" width=\"800\" height=\"470\" src=\"https:\/\/biomes.world\/wp-content\/uploads\/2019\/09\/Depositphotos_4843175_xl-2015-scaled-800x470.jpg\" class=\"attachment-post-thumbnail size-post-thumbnail wp-post-image\" alt=\"Bildbeschreibung\" srcset=\"https:\/\/biomes.world\/wp-content\/uploads\/2019\/09\/Depositphotos_4843175_xl-2015-scaled-800x470.jpg 800w, https:\/\/biomes.world\/wp-content\/uploads\/2019\/09\/Depositphotos_4843175_xl-2015-scaled-400x235.jpg 400w\" sizes=\"auto, (max-width: 800px) 100vw, 800px\" \/><\/a><div class=\"entry\"><div class=\"entry__meta\"><span class=\"meta__posted-on\">Ver\u00f6ffentlicht am <time class=\"meta__date meta__date--published\" datetime=\"2021-10-06T11:12:18+02:00\" itemprop=\"datePublished\">6. Oktober 2021<\/time><time class=\"meta__date--updated\" datetime=\"2022-06-21T18:13:55+02:00\" itemprop=\"dateModified\"><\/time><\/span><\/div><div class=\"entry__header\"><div class=\"entry__title h2\"><a href=\"https:\/\/biomes.world\/de\/wissenswertes\/studien-kompass\/darmmikrobiom-langes-leben\/\">Mit einzigartigem Darmmikrobiom in ein langes Leben<\/a><\/div><\/div><div class=\"entry__excerpt\"><p>Bis ins hohe Alter gesund zu bleiben ist wohl etwas, das sich jeder w\u00fcnscht. Durch gesunde Lebensgewohnheiten wie einer ausgewogenen [...]<\/p><\/div><\/div><\/div><\/div><div class=\"post__item post column\"><div class=\"post__content\"><a href=\"https:\/\/biomes.world\/de\/wissenswertes\/studien-kompass\/das-buchinger-fasten\/\" class=\"post__thumbnail\" tabindex=\"0\"><img loading=\"lazy\" decoding=\"async\" width=\"800\" height=\"470\" src=\"https:\/\/biomes.world\/wp-content\/uploads\/2021\/02\/Depositphotos_134639218_xl-2015-e1622724952814-800x470.jpg\" class=\"attachment-post-thumbnail size-post-thumbnail wp-post-image\" alt=\"Buchinger-Fasten, l\u00e4nger gesund leben\" srcset=\"https:\/\/biomes.world\/wp-content\/uploads\/2021\/02\/Depositphotos_134639218_xl-2015-e1622724952814-800x470.jpg 800w, https:\/\/biomes.world\/wp-content\/uploads\/2021\/02\/Depositphotos_134639218_xl-2015-e1622724952814-400x235.jpg 400w\" sizes=\"auto, (max-width: 800px) 100vw, 800px\" \/><\/a><div class=\"entry\"><div class=\"entry__meta\"><span class=\"meta__posted-on\">Ver\u00f6ffentlicht am <time class=\"meta__date meta__date--published\" datetime=\"2021-02-02T08:38:48+01:00\" itemprop=\"datePublished\">2. Februar 2021<\/time><time class=\"meta__date--updated\" datetime=\"2022-03-31T17:51:47+02:00\" itemprop=\"dateModified\"><\/time><\/span><\/div><div class=\"entry__header\"><div class=\"entry__title h2\"><a href=\"https:\/\/biomes.world\/de\/wissenswertes\/studien-kompass\/das-buchinger-fasten\/\">Das Buchinger-Fasten: Ab und zu fasten, l\u00e4nger gesund leben<\/a><\/div><\/div><div class=\"entry__excerpt\"><p>Periodisches Fasten wird zwar immer beliebter, um Stoffwechsel- und Entz\u00fcndungskrankheiten zu behandeln, die positive Wirkung auf die Gewichtsabnahme und die [...]<\/p><\/div><\/div><\/div><\/div><div class=\"post__item post column\"><div class=\"post__content\"><a href=\"https:\/\/biomes.world\/de\/wissenswertes\/studien-kompass\/dna-tests-und-stuhltransplantationen\/\" class=\"post__thumbnail\" tabindex=\"0\"><img loading=\"lazy\" decoding=\"async\" width=\"800\" height=\"470\" src=\"https:\/\/biomes.world\/wp-content\/uploads\/2021\/01\/Depositphotos_20134539_xl-2015-scaled-800x470.jpg\" class=\"attachment-post-thumbnail size-post-thumbnail wp-post-image\" alt=\"Bildbeschreibung\" srcset=\"https:\/\/biomes.world\/wp-content\/uploads\/2021\/01\/Depositphotos_20134539_xl-2015-scaled-800x470.jpg 800w, https:\/\/biomes.world\/wp-content\/uploads\/2021\/01\/Depositphotos_20134539_xl-2015-scaled-400x235.jpg 400w\" sizes=\"auto, (max-width: 800px) 100vw, 800px\" \/><\/a><div class=\"entry\"><div class=\"entry__meta\"><span class=\"meta__posted-on\">Ver\u00f6ffentlicht am <time class=\"meta__date meta__date--published\" datetime=\"2021-01-21T15:34:20+01:00\" itemprop=\"datePublished\">21. Januar 2021<\/time><time class=\"meta__date--updated\" datetime=\"2022-06-27T11:57:11+02:00\" itemprop=\"dateModified\"><\/time><\/span><\/div><div class=\"entry__header\"><div class=\"entry__title h2\"><a href=\"https:\/\/biomes.world\/de\/wissenswertes\/studien-kompass\/dna-tests-und-stuhltransplantationen\/\">DNA-Tests und Stuhltransplantationen: Die neuesten Erkenntnisse der Darmflora-Forschung<\/a><\/div><\/div><div class=\"entry__excerpt\"><p>Der Mikrobiom-Forschung hat in den vergangenen Jahren zahlreiche neue und \u00fcberraschende Erkenntnisse hervorgebracht. Auch deshalb sind Wissenschaftler*innen und \u00c4rzt*innen heute [...]<\/p><\/div><\/div><\/div><\/div><div class=\"post__item post column\"><div class=\"post__content\"><a href=\"https:\/\/biomes.world\/de\/wissenswertes\/studien-kompass\/probiotika-gegen-covid19\/\" class=\"post__thumbnail\" tabindex=\"0\"><img loading=\"lazy\" decoding=\"async\" width=\"800\" height=\"470\" src=\"https:\/\/biomes.world\/wp-content\/uploads\/2021\/01\/Depositphotos_317699070_xl-2015-scaled-800x470.jpg\" class=\"attachment-post-thumbnail size-post-thumbnail wp-post-image\" alt=\"Bildbeschreibung\" srcset=\"https:\/\/biomes.world\/wp-content\/uploads\/2021\/01\/Depositphotos_317699070_xl-2015-scaled-800x470.jpg 800w, https:\/\/biomes.world\/wp-content\/uploads\/2021\/01\/Depositphotos_317699070_xl-2015-scaled-400x235.jpg 400w\" sizes=\"auto, (max-width: 800px) 100vw, 800px\" \/><\/a><div class=\"entry\"><div class=\"entry__meta\"><span class=\"meta__posted-on\">Ver\u00f6ffentlicht am <time class=\"meta__date meta__date--published\" datetime=\"2021-01-18T13:13:18+01:00\" itemprop=\"datePublished\">18. Januar 2021<\/time><time class=\"meta__date--updated\" datetime=\"2023-05-07T21:41:52+02:00\" itemprop=\"dateModified\"><\/time><\/span><\/div><div class=\"entry__header\"><div class=\"entry__title h2\"><a href=\"https:\/\/biomes.world\/de\/wissenswertes\/studien-kompass\/probiotika-gegen-covid19\/\">K\u00f6nnen Probiotika COVID-19 Beschwerden lindern und schwere Verl\u00e4ufe reduzieren?<\/a><\/div><\/div><div class=\"entry__excerpt\"><p>Das Jahr 2020 wurde von einem Virus beherrscht. SARS-CoV-2, umgangssprachlich \u201eCorona Virus\u201c, ist noch nicht umfassend erforscht, aber klar ist [...]<\/p><\/div><\/div><\/div><\/div><\/div><\/div>","protected":false},"excerpt":{"rendered":"<p>Das Jahr 2020 wurde von einem Virus beherrscht. SARS-CoV-2, umgangssprachlich \u201eCorona Virus\u201c, ist noch nicht umfassend erforscht, aber klar ist [&#8230;]<\/p>\n","protected":false},"author":3168,"featured_media":0,"parent":328575,"menu_order":0,"comment_status":"closed","ping_status":"closed","template":"","meta":{"_acf_changed":false,"footnotes":""},"class_list":["post-594762","page","type-page","status-publish","hentry"],"acf":[],"yoast_head":"<!-- This site is optimized with the Yoast SEO plugin v27.4 - https:\/\/yoast.com\/product\/yoast-seo-wordpress\/ -->\n<title>Studien rund um die Darmgesundheit | BIOMES<\/title>\n<meta name=\"description\" content=\"In unserem Studienkompass findest du schnell und einfach wissenschaftliche Studien zu Themen wie Darmgesundheit und Mikrobiom.\" \/>\n<meta name=\"robots\" content=\"index, follow, max-snippet:-1, max-image-preview:large, max-video-preview:-1\" \/>\n<link rel=\"canonical\" href=\"https:\/\/biomes.world\/de\/wissenswertes\/studien-kompass\/\" \/>\n<meta property=\"og:locale\" content=\"de_DE\" \/>\n<meta property=\"og:type\" content=\"article\" \/>\n<meta property=\"og:title\" content=\"Studien rund um die Darmgesundheit | BIOMES\" \/>\n<meta property=\"og:description\" content=\"In unserem Studienkompass findest du schnell und einfach wissenschaftliche Studien zu Themen wie Darmgesundheit und Mikrobiom.\" \/>\n<meta property=\"og:url\" content=\"https:\/\/biomes.world\/de\/wissenswertes\/studien-kompass\/\" \/>\n<meta property=\"og:site_name\" content=\"BIOMES - Feel better\" \/>\n<meta property=\"article:publisher\" content=\"https:\/\/de-de.facebook.com\/BIOMES.world\/\" \/>\n<meta property=\"article:modified_time\" content=\"2023-03-03T10:47:02+00:00\" \/>\n<meta name=\"twitter:card\" content=\"summary_large_image\" \/>\n<meta name=\"twitter:label1\" content=\"Gesch\u00e4tzte Lesezeit\" \/>\n\t<meta name=\"twitter:data1\" content=\"1\u00a0Minute\" \/>\n<script type=\"application\/ld+json\" class=\"yoast-schema-graph\">{\"@context\":\"https:\\\/\\\/schema.org\",\"@graph\":[{\"@type\":\"WebPage\",\"@id\":\"https:\\\/\\\/biomes.world\\\/de\\\/wissenswertes\\\/studien-kompass\\\/\",\"url\":\"https:\\\/\\\/biomes.world\\\/de\\\/wissenswertes\\\/studien-kompass\\\/\",\"name\":\"Studien rund um die Darmgesundheit | BIOMES\",\"isPartOf\":{\"@id\":\"https:\\\/\\\/biomes.world\\\/de\\\/#website\"},\"datePublished\":\"2022-06-22T12:57:31+00:00\",\"dateModified\":\"2023-03-03T10:47:02+00:00\",\"description\":\"In unserem Studienkompass findest du schnell und einfach wissenschaftliche Studien zu Themen wie Darmgesundheit und Mikrobiom.\",\"breadcrumb\":{\"@id\":\"https:\\\/\\\/biomes.world\\\/de\\\/wissenswertes\\\/studien-kompass\\\/#breadcrumb\"},\"inLanguage\":\"de\",\"potentialAction\":[{\"@type\":\"ReadAction\",\"target\":[\"https:\\\/\\\/biomes.world\\\/de\\\/wissenswertes\\\/studien-kompass\\\/\"]}]},{\"@type\":\"BreadcrumbList\",\"@id\":\"https:\\\/\\\/biomes.world\\\/de\\\/wissenswertes\\\/studien-kompass\\\/#breadcrumb\",\"itemListElement\":[{\"@type\":\"ListItem\",\"position\":1,\"name\":\"Home\",\"item\":\"https:\\\/\\\/biomes.world\\\/de\\\/\"},{\"@type\":\"ListItem\",\"position\":2,\"name\":\"My Health, My Life\",\"item\":\"https:\\\/\\\/biomes.world\\\/de\\\/wissenswertes\\\/\"},{\"@type\":\"ListItem\",\"position\":3,\"name\":\"Kategorie: Studienkompass\"}]},{\"@type\":\"WebSite\",\"@id\":\"https:\\\/\\\/biomes.world\\\/de\\\/#website\",\"url\":\"https:\\\/\\\/biomes.world\\\/de\\\/\",\"name\":\"BIOMES - Feel better\",\"description\":\"Cutting-edge biotechnology used to help people\",\"publisher\":{\"@id\":\"https:\\\/\\\/biomes.world\\\/de\\\/#organization\"},\"potentialAction\":[{\"@type\":\"SearchAction\",\"target\":{\"@type\":\"EntryPoint\",\"urlTemplate\":\"https:\\\/\\\/biomes.world\\\/de\\\/?s={search_term_string}\"},\"query-input\":{\"@type\":\"PropertyValueSpecification\",\"valueRequired\":true,\"valueName\":\"search_term_string\"}}],\"inLanguage\":\"de\"},{\"@type\":\"Organization\",\"@id\":\"https:\\\/\\\/biomes.world\\\/de\\\/#organization\",\"name\":\"BIOMES 4.0 GmbH\",\"url\":\"https:\\\/\\\/biomes.world\\\/de\\\/\",\"logo\":{\"@type\":\"ImageObject\",\"inLanguage\":\"de\",\"@id\":\"https:\\\/\\\/biomes.world\\\/de\\\/#\\\/schema\\\/logo\\\/image\\\/\",\"url\":\"http:\\\/\\\/biomes.world\\\/wp-content\\\/uploads\\\/2024\\\/04\\\/biomes_logo_2021_RGB.png\",\"contentUrl\":\"http:\\\/\\\/biomes.world\\\/wp-content\\\/uploads\\\/2024\\\/04\\\/biomes_logo_2021_RGB.png\",\"width\":10040,\"height\":2599,\"caption\":\"BIOMES 4.0 GmbH\"},\"image\":{\"@id\":\"https:\\\/\\\/biomes.world\\\/de\\\/#\\\/schema\\\/logo\\\/image\\\/\"},\"sameAs\":[\"https:\\\/\\\/de-de.facebook.com\\\/BIOMES.world\\\/\",\"https:\\\/\\\/www.youtube.com\\\/@BIOMESworld\",\"https:\\\/\\\/www.instagram.com\\\/biomes_official\\\/\"]}]}<\/script>\n<!-- \/ Yoast SEO plugin. -->","yoast_head_json":{"title":"Studien rund um die Darmgesundheit | BIOMES","description":"In unserem Studienkompass findest du schnell und einfach wissenschaftliche Studien zu Themen wie Darmgesundheit und Mikrobiom.","robots":{"index":"index","follow":"follow","max-snippet":"max-snippet:-1","max-image-preview":"max-image-preview:large","max-video-preview":"max-video-preview:-1"},"canonical":"https:\/\/biomes.world\/de\/wissenswertes\/studien-kompass\/","og_locale":"de_DE","og_type":"article","og_title":"Studien rund um die Darmgesundheit | BIOMES","og_description":"In unserem Studienkompass findest du schnell und einfach wissenschaftliche Studien zu Themen wie Darmgesundheit und Mikrobiom.","og_url":"https:\/\/biomes.world\/de\/wissenswertes\/studien-kompass\/","og_site_name":"BIOMES - Feel better","article_publisher":"https:\/\/de-de.facebook.com\/BIOMES.world\/","article_modified_time":"2023-03-03T10:47:02+00:00","twitter_card":"summary_large_image","twitter_misc":{"Gesch\u00e4tzte Lesezeit":"1\u00a0Minute"},"schema":{"@context":"https:\/\/schema.org","@graph":[{"@type":"WebPage","@id":"https:\/\/biomes.world\/de\/wissenswertes\/studien-kompass\/","url":"https:\/\/biomes.world\/de\/wissenswertes\/studien-kompass\/","name":"Studien rund um die Darmgesundheit | BIOMES","isPartOf":{"@id":"https:\/\/biomes.world\/de\/#website"},"datePublished":"2022-06-22T12:57:31+00:00","dateModified":"2023-03-03T10:47:02+00:00","description":"In unserem Studienkompass findest du schnell und einfach wissenschaftliche Studien zu Themen wie Darmgesundheit und Mikrobiom.","breadcrumb":{"@id":"https:\/\/biomes.world\/de\/wissenswertes\/studien-kompass\/#breadcrumb"},"inLanguage":"de","potentialAction":[{"@type":"ReadAction","target":["https:\/\/biomes.world\/de\/wissenswertes\/studien-kompass\/"]}]},{"@type":"BreadcrumbList","@id":"https:\/\/biomes.world\/de\/wissenswertes\/studien-kompass\/#breadcrumb","itemListElement":[{"@type":"ListItem","position":1,"name":"Home","item":"https:\/\/biomes.world\/de\/"},{"@type":"ListItem","position":2,"name":"My Health, My Life","item":"https:\/\/biomes.world\/de\/wissenswertes\/"},{"@type":"ListItem","position":3,"name":"Kategorie: Studienkompass"}]},{"@type":"WebSite","@id":"https:\/\/biomes.world\/de\/#website","url":"https:\/\/biomes.world\/de\/","name":"BIOMES - Feel better","description":"Cutting-edge biotechnology used to help people","publisher":{"@id":"https:\/\/biomes.world\/de\/#organization"},"potentialAction":[{"@type":"SearchAction","target":{"@type":"EntryPoint","urlTemplate":"https:\/\/biomes.world\/de\/?s={search_term_string}"},"query-input":{"@type":"PropertyValueSpecification","valueRequired":true,"valueName":"search_term_string"}}],"inLanguage":"de"},{"@type":"Organization","@id":"https:\/\/biomes.world\/de\/#organization","name":"BIOMES 4.0 GmbH","url":"https:\/\/biomes.world\/de\/","logo":{"@type":"ImageObject","inLanguage":"de","@id":"https:\/\/biomes.world\/de\/#\/schema\/logo\/image\/","url":"http:\/\/biomes.world\/wp-content\/uploads\/2024\/04\/biomes_logo_2021_RGB.png","contentUrl":"http:\/\/biomes.world\/wp-content\/uploads\/2024\/04\/biomes_logo_2021_RGB.png","width":10040,"height":2599,"caption":"BIOMES 4.0 GmbH"},"image":{"@id":"https:\/\/biomes.world\/de\/#\/schema\/logo\/image\/"},"sameAs":["https:\/\/de-de.facebook.com\/BIOMES.world\/","https:\/\/www.youtube.com\/@BIOMESworld","https:\/\/www.instagram.com\/biomes_official\/"]}]}},"_links":{"self":[{"href":"https:\/\/biomes.world\/de\/wp-json\/wp\/v2\/pages\/594762","targetHints":{"allow":["GET"]}}],"collection":[{"href":"https:\/\/biomes.world\/de\/wp-json\/wp\/v2\/pages"}],"about":[{"href":"https:\/\/biomes.world\/de\/wp-json\/wp\/v2\/types\/page"}],"author":[{"embeddable":true,"href":"https:\/\/biomes.world\/de\/wp-json\/wp\/v2\/users\/3168"}],"replies":[{"embeddable":true,"href":"https:\/\/biomes.world\/de\/wp-json\/wp\/v2\/comments?post=594762"}],"version-history":[{"count":0,"href":"https:\/\/biomes.world\/de\/wp-json\/wp\/v2\/pages\/594762\/revisions"}],"up":[{"embeddable":true,"href":"https:\/\/biomes.world\/de\/wp-json\/wp\/v2\/pages\/328575"}],"wp:attachment":[{"href":"https:\/\/biomes.world\/de\/wp-json\/wp\/v2\/media?parent=594762"}],"curies":[{"name":"wp","href":"https:\/\/api.w.org\/{rel}","templated":true}]}}