{"id":592881,"date":"2022-06-21T16:33:17","date_gmt":"2022-06-21T14:33:17","guid":{"rendered":"http:\/\/biomes.world\/?page_id=592881"},"modified":"2023-05-07T21:29:36","modified_gmt":"2023-05-07T19:29:36","slug":"colitis-ulcerosa","status":"publish","type":"page","link":"https:\/\/biomes.world\/de\/wissenswertes\/darm\/chronische-erkrankungen\/colitis-ulcerosa\/","title":{"rendered":"Kategorie: Colitis Ulcerosa"},"content":{"rendered":"\n<h1 class=\"wp-block-heading\" id=\"h-colitis-ulcerosa\">Colitis Ulcerosa<\/h1>\n\n\n\n<p>Colitis ulcerosa geh\u00f6rt wie&nbsp;<a href=\"http:\/\/biomes.world\/de\/wissenswertes\/darm\/chronische-erkrankungen\/morbus-crohn\/\" target=\"_blank\" rel=\"noreferrer noopener\">Morbus Crohn<\/a>&nbsp;zu den&nbsp;<strong>chronisch entz\u00fcndlichen Darmerkrankungen<\/strong>&nbsp;(kurz CED). Zumeist tritt die Erkrankung das erste Mal zwischen dem 20. und 40. Lebensjahr auf und kommt dann in&nbsp;<a href=\"http:\/\/biomes.world\/de\/wissenswertes\/darm\/chronische-erkrankungen\/colitis-ulcerosa\/colitis-ulcerosa-verlauf\/\" target=\"_blank\" rel=\"noreferrer noopener\">Sch\u00fcben<\/a>&nbsp;immer wieder. Vereinfacht gesagt entz\u00fcndet sich bei Colitis ulcerosa die Darmschleimhaut, was zur Bildung von Geschw\u00fcren f\u00fchrt. W\u00e4hrend eines Schubes leiden die Betroffenen unter heftigen&nbsp;<a href=\"http:\/\/biomes.world\/de\/wissenswertes\/darm\/chronische-erkrankungen\/colitis-ulcerosa\/colitis-ulcerosa-symptome\/\" target=\"_blank\" rel=\"noreferrer noopener\">Symptomen<\/a>, die den Alltag stark beeinflussen k\u00f6nnen. Was die&nbsp;<a href=\"http:\/\/biomes.world\/de\/wissenswertes\/darm\/chronische-erkrankungen\/colitis-ulcerosa\/colitis-ulcerosa-ursachen\/\" target=\"_blank\" rel=\"noreferrer noopener\">Ursachen&nbsp;<\/a>dieser Darmerkrankung sind, ist noch nicht abschlie\u00dfend gekl\u00e4rt. Es gibt aber Theorien und zum Gl\u00fcck auch wirksame&nbsp;<a href=\"http:\/\/biomes.world\/de\/wissenswertes\/darm\/chronische-erkrankungen\/colitis-ulcerosa\/colitis-ulcerosa-therapie\/\" target=\"_blank\" rel=\"noreferrer noopener\">Therapien<\/a>.&nbsp;<\/p>\n\n\n\n<h2 class=\"wp-block-heading\" id=\"h-colitis-ulcerosa-eine-definition\">Colitis ulcerosa: Eine Definition<\/h2>\n\n\n\n<p>Die Darmerkrankung Colitis ulcerosa zeichnet sich unter anderem durch folgende Eigenschaften aus:<\/p>\n\n\n\n<ul class=\"wp-block-list\">\n<li>Von der Entz\u00fcndung ist zumeist nur der Dickdarm betroffen.<\/li>\n\n\n\n<li>Die entz\u00fcndete Fl\u00e4che im Darm ist durchgehend.<\/li>\n\n\n\n<li>Die Entz\u00fcndung betrifft die oberste Darmschicht.<\/li>\n<\/ul>\n\n\n\n<p>Dadurch unterscheidet sich Colitis ulcerosa deutlich von der am h\u00e4ufigsten auftretenden Darmerkrankung <strong>Morbus Crohn<\/strong>. Bei dieser k\u00f6nnen auch andere Teile des Verdauungssystems von der Entz\u00fcndung betroffen sein. Au\u00dferdem ist die Entz\u00fcndung bei Morbus Crohn nicht auf einer durchgehenden Fl\u00e4che verteilt und betrifft auch tiefer liegende Schichten unter der Darmschleimhaut.<\/p>\n\n\n\n<h2 class=\"wp-block-heading\" id=\"h-wie-aussert-sich-colitis-ulcerosa\">Wie \u00e4u\u00dfert sich Colitis ulcerosa?<\/h2>\n\n\n\n<p>Da Colitis ulcerosa eine Krankheit ist, die in Sch\u00fcben auftritt, k\u00f6nnen Betroffene teilweise ganz ohne Beschwerden leben. Kommt es aber zu einem Schub, kann sich dieser durch viele unterschiedliche <strong>Symptome<\/strong> \u00e4u\u00dfern. Dazu k\u00f6nnen geh\u00f6ren:<\/p>\n\n\n\n<ol class=\"wp-block-list\">\n<li>Schmerzen und Kr\u00e4mpfe im Bauch<\/li>\n\n\n\n<li>Durchfall, oft mit Blut<\/li>\n\n\n\n<li>M\u00fcdigkeit<\/li>\n\n\n\n<li>Gelenkschmerzen<\/li>\n\n\n\n<li>Probleme mit Haut oder Augen<\/li>\n\n\n\n<li>Gewichtsverlust<\/li>\n<\/ol>\n\n\n\n<p>Nat\u00fcrlich k\u00f6nnen alle diese Beschwerden auch auf andere Erkrankungen hinweisen. Ob es sich tats\u00e4chlich um Colitis ulcerosa handelt, m\u00fcssen Betroffene daher immer <strong>gemeinsam mit einem Mediziner herausfinden<\/strong>.<\/p>\n\n\n\n<h2 class=\"wp-block-heading\" id=\"h-welche-ausloser-gibt-es-fur-colitis-ulcerosa\">Welche Ausl\u00f6ser gibt es f\u00fcr Colitis ulcerosa?<\/h2>\n\n\n\n<p>Die Gr\u00fcnde, weswegen jemand an Colitis ulcerosa erkrankt, sind noch nicht ersch\u00f6pfend erforscht. Als sicher gilt, dass bei einem Colitis-ulcerosa-Patienten <strong>das Immunsystem<\/strong> nicht zwischen guten und schlechten Organismen im Darm unterscheiden kann. Es reagiert darauf, indem es eine st\u00e4ndige Entz\u00fcndung produziert. Ursachen f\u00fcr diese Fehlinterpretation k\u00f6nnten ein Gendefekt, Umwelteinfl\u00fcsse oder auch mikrobiologische Faktoren sein.<\/p>\n\n\n\n<p>Zur genaueren Erkl\u00e4rung: Ein&nbsp;<strong>Gendefekt&nbsp;<\/strong>k\u00f6nnte beispielsweise ein Ausl\u00f6ser daf\u00fcr sein, dass bestimmte Bakterien im Darm angegriffen werden und die Darmwand weniger gesch\u00fctzt ist.&nbsp;<strong>Umwelteinfl\u00fcsse&nbsp;<\/strong>wie die&nbsp;<a href=\"http:\/\/biomes.world\/de\/wissenswertes\/darm\/chronische-erkrankungen\/colitis-ulcerosa\/colitis-ulcerosa-ernaehrung\/\" target=\"_blank\" rel=\"noreferrer noopener\">Ern\u00e4hrung<\/a>&nbsp;und andere Lebensumst\u00e4nde sind bei der Entstehung weniger erheblich, wirken sich aber eventuell auf den Verlauf von chronischen Darmerkrankungen aus. So ist es durchaus auff\u00e4llig, dass in einer industrialisierten Umgebung vermehrt Krankheiten wie Colitis ulcerosa auftreten. Also k\u00f6nnten bestimmte Bestandteile eines typischen Lebenswandels in der modernen Welt die Entstehung von Darmentz\u00fcndungen beg\u00fcnstigen.<\/p>\n\n\n\n<p>Eine weitere, damit zusammenh\u00e4ngende Beobachtung ist, dass Colitis-ulcerosa-Patienten ein unausgeglichenes Mikrobiom haben. Das hei\u00dft: In der Darmflora leben mehr sch\u00e4dliche als hilfreiche Mikroorganismen. Diese ung\u00fcnstige Ver\u00e4nderung des Mikrobioms, die auch als <strong>Microbial dysbiosis<\/strong> bekannt ist, k\u00f6nnte ebenfalls ein Grund daf\u00fcr sein, dass es zu einer dauerhaften Darmentz\u00fcndung kommt. Sie \u00e4u\u00dfert sich dadurch, dass bestimmte Darmbakterien vermehrt vorkommen, w\u00e4hrend andere g\u00e4nzlich fehlen oder nur in sehr geringem Ma\u00df vorhanden sind.<\/p>\n\n\n\n<p>Ein erster Schritt herauszufinden, ob du unter Colitis ulcerosa leidest, kann also sein, deine <strong>Darmflora untersuchen<\/strong> zu lassen. Mit dem <a href=\"http:\/\/biomes.world\/de\/feel-better\/intest-pro\/\" target=\"_blank\" rel=\"noreferrer noopener\"><strong>INTEST.<\/strong>pro<\/a> von <strong>BIOMES <\/strong>kannst du leicht mehr \u00fcber die Zusammensetzung deines Mikrobioms erfahren. Du bekommst zu deinem Ergebnis sogar passende Tipps, was du f\u00fcr die Gesundheit deines Darms tun kannst. Eine richtige Diagnose f\u00fcr bestimmte Krankheiten vom Arzt kann der Test nat\u00fcrlich nicht ersetzen, aber dir viel \u00fcber die Gegebenheiten in deinem Darm verraten.<\/p>\n\n\n    <section class=\"cta horizontal_split\">\n        <div class=\"image_container light_purple-background\">\n            <img loading=\"lazy\" decoding=\"async\" width=\"800\" height=\"800\" src=\"https:\/\/biomes.world\/wp-content\/uploads\/2023\/06\/darmflora-test-erwachsene-800x800.webp\" class=\"product__img\" alt=\"darmflora-test-erwachsene\" srcset=\"https:\/\/biomes.world\/wp-content\/uploads\/2023\/06\/darmflora-test-erwachsene-300x300.webp 300w, https:\/\/biomes.world\/wp-content\/uploads\/2023\/06\/darmflora-test-erwachsene-1024x1024.webp 1024w, https:\/\/biomes.world\/wp-content\/uploads\/2023\/06\/darmflora-test-erwachsene-150x150.webp 150w, https:\/\/biomes.world\/wp-content\/uploads\/2023\/06\/darmflora-test-erwachsene-768x769.webp 768w, https:\/\/biomes.world\/wp-content\/uploads\/2023\/06\/darmflora-test-erwachsene-800x800.webp 800w, https:\/\/biomes.world\/wp-content\/uploads\/2023\/06\/darmflora-test-erwachsene-250x250.webp 250w, https:\/\/biomes.world\/wp-content\/uploads\/2023\/06\/darmflora-test-erwachsene-100x100.webp 100w, https:\/\/biomes.world\/wp-content\/uploads\/2023\/06\/darmflora-test-erwachsene-400x400.webp 400w, https:\/\/biomes.world\/wp-content\/uploads\/2023\/06\/darmflora-test-erwachsene.webp 1206w\" sizes=\"auto, (max-width: 30em) 100vw, (max-width: 48em) 100vw, (max-width: 62em) 1000vw, (max-width: 75em) 800px, 800px\" \/><div class=\"figure_tag\">159 EUR<\/div>        <\/div>\n        <div class=\"vertical_center_child white-background\">\n            <div>\n                <h2>Finde heraus, was deinem Darm gut tut<\/h2>                <p>Bestelle jetzt die Darmfloraanalyse <b>INTEST<\/b>.pro und starte ein gl\u00fcckliches Leben.<\/p>                <button class=\"yellow_theme--button yellow\"><a href=\"https:\/\/shop.biomes.world\/products\/intest-pro\">Jetzt bestellen<\/a><\/button>\n            <\/div>\n        <\/div>\n    <\/section>\n\n\n\n<h2 class=\"wp-block-heading\" id=\"h-was-folgt-auf-einen-colitis-ulcerosa-verdacht\">Was folgt auf einen Colitis-ulcerosa-Verdacht?<\/h2>\n\n\n\n<p>Als erstes muss nat\u00fcrlich eine \u00e4rztliche Diagnose gestellt werden. Diese kann aus einem Blut- oder Stuhltest bestehen. Oder der Darm wird mithilfe einer Kamera untersucht. Ist eine Colitis ulcerosa festgestellt, gibt es verschiedene Behandlungsmethoden. Dazu k\u00f6nnen beispielsweise&nbsp;<strong>Medikamente&nbsp;<\/strong>geh\u00f6ren, aber auch eine Umstellung des Lebensstils. Vielversprechende Erfolge hat man auch mit dem Einsatz von<strong>&nbsp;probiotischen Bakterien&shy;kulturen&nbsp;<\/strong>erreicht. Ausschlaggebend f\u00fcr die Therapie ist, wie stark die Darmschleimh\u00e4ute angegriffen und welche Darmteile betroffen sind, sowie nicht zuletzt der Leidensdruck des Patienten. Nicht jede Colitis ulcerosa verl\u00e4uft gleich \u2013 das wird bei der Auswahl der Behandlungswege mitbedacht.<\/p>\n","protected":false},"excerpt":{"rendered":"<p>Colitis Ulcerosa Colitis ulcerosa geh\u00f6rt wie&nbsp;Morbus Crohn&nbsp;zu den&nbsp;chronisch entz\u00fcndlichen Darmerkrankungen&nbsp;(kurz CED). Zumeist tritt die Erkrankung das erste Mal zwischen dem 20. und 40. Lebensjahr auf und kommt dann in&nbsp;Sch\u00fcben&nbsp;immer wieder. Vereinfacht gesagt entz\u00fcndet sich bei Colitis ulcerosa die Darmschleimhaut, was zur Bildung von Geschw\u00fcren f\u00fchrt. W\u00e4hrend eines Schubes leiden die Betroffenen unter heftigen&nbsp;Symptomen, die den [&#8230;]<\/p>\n","protected":false},"author":3168,"featured_media":0,"parent":592844,"menu_order":0,"comment_status":"closed","ping_status":"closed","template":"","meta":{"_acf_changed":false,"footnotes":""},"class_list":["post-592881","page","type-page","status-publish","hentry"],"acf":[],"yoast_head":"<!-- This site is optimized with the Yoast SEO Premium plugin v26.2 (Yoast SEO v27.2) - https:\/\/yoast.com\/product\/yoast-seo-premium-wordpress\/ -->\n<title>Kategorie: Colitis Ulcerosa - BIOMES - Feel better<\/title>\n<meta name=\"description\" content=\"Per Definition ist eine chronische Darmerkrankung. Was sie auszeichnet und welche Unterschiede es zu Morbus Crohn gibt, erf\u00e4hrst du hier.\" \/>\n<meta name=\"robots\" content=\"index, follow, max-snippet:-1, max-image-preview:large, max-video-preview:-1\" \/>\n<link rel=\"canonical\" href=\"https:\/\/biomes.world\/de\/wissenswertes\/darm\/chronische-erkrankungen\/colitis-ulcerosa\/\" \/>\n<meta property=\"og:locale\" content=\"de_DE\" \/>\n<meta property=\"og:type\" content=\"article\" \/>\n<meta property=\"og:title\" content=\"Kategorie: Colitis Ulcerosa\" \/>\n<meta property=\"og:description\" content=\"Per Definition ist eine chronische Darmerkrankung. Was sie auszeichnet und welche Unterschiede es zu Morbus Crohn gibt, erf\u00e4hrst du hier.\" \/>\n<meta property=\"og:url\" content=\"https:\/\/biomes.world\/de\/wissenswertes\/darm\/chronische-erkrankungen\/colitis-ulcerosa\/\" \/>\n<meta property=\"og:site_name\" content=\"BIOMES - Feel better\" \/>\n<meta property=\"article:publisher\" content=\"https:\/\/de-de.facebook.com\/BIOMES.world\/\" \/>\n<meta property=\"article:modified_time\" content=\"2023-05-07T19:29:36+00:00\" \/>\n<meta name=\"twitter:card\" content=\"summary_large_image\" \/>\n<meta name=\"twitter:label1\" content=\"Gesch\u00e4tzte Lesezeit\" \/>\n\t<meta name=\"twitter:data1\" content=\"4\u00a0Minuten\" \/>\n<script type=\"application\/ld+json\" class=\"yoast-schema-graph\">{\"@context\":\"https:\/\/schema.org\",\"@graph\":[{\"@type\":\"WebPage\",\"@id\":\"https:\/\/biomes.world\/de\/wissenswertes\/darm\/chronische-erkrankungen\/colitis-ulcerosa\/\",\"url\":\"https:\/\/biomes.world\/de\/wissenswertes\/darm\/chronische-erkrankungen\/colitis-ulcerosa\/\",\"name\":\"Kategorie: Colitis Ulcerosa - BIOMES - Feel better\",\"isPartOf\":{\"@id\":\"https:\/\/biomes.world\/de\/#website\"},\"datePublished\":\"2022-06-21T14:33:17+00:00\",\"dateModified\":\"2023-05-07T19:29:36+00:00\",\"description\":\"Per Definition ist eine chronische Darmerkrankung. Was sie auszeichnet und welche Unterschiede es zu Morbus Crohn gibt, erf\u00e4hrst du hier.\",\"breadcrumb\":{\"@id\":\"https:\/\/biomes.world\/de\/wissenswertes\/darm\/chronische-erkrankungen\/colitis-ulcerosa\/#breadcrumb\"},\"inLanguage\":\"de\",\"potentialAction\":[{\"@type\":\"ReadAction\",\"target\":[\"https:\/\/biomes.world\/de\/wissenswertes\/darm\/chronische-erkrankungen\/colitis-ulcerosa\/\"]}]},{\"@type\":\"BreadcrumbList\",\"@id\":\"https:\/\/biomes.world\/de\/wissenswertes\/darm\/chronische-erkrankungen\/colitis-ulcerosa\/#breadcrumb\",\"itemListElement\":[{\"@type\":\"ListItem\",\"position\":1,\"name\":\"Home\",\"item\":\"https:\/\/biomes.world\/de\/\"},{\"@type\":\"ListItem\",\"position\":2,\"name\":\"My Health, My Life\",\"item\":\"https:\/\/biomes.world\/de\/wissenswertes\/\"},{\"@type\":\"ListItem\",\"position\":3,\"name\":\"Kategorie: Darm\",\"item\":\"https:\/\/biomes.world\/de\/wissenswertes\/darm\/\"},{\"@type\":\"ListItem\",\"position\":4,\"name\":\"Kategorie: Chronische Erkrankungen\",\"item\":\"https:\/\/biomes.world\/de\/wissenswertes\/darm\/chronische-erkrankungen\/\"},{\"@type\":\"ListItem\",\"position\":5,\"name\":\"Kategorie: Colitis Ulcerosa\"}]},{\"@type\":\"WebSite\",\"@id\":\"https:\/\/biomes.world\/de\/#website\",\"url\":\"https:\/\/biomes.world\/de\/\",\"name\":\"BIOMES - Feel better\",\"description\":\"Cutting-edge biotechnology used to help people\",\"publisher\":{\"@id\":\"https:\/\/biomes.world\/de\/#organization\"},\"potentialAction\":[{\"@type\":\"SearchAction\",\"target\":{\"@type\":\"EntryPoint\",\"urlTemplate\":\"https:\/\/biomes.world\/de\/?s={search_term_string}\"},\"query-input\":{\"@type\":\"PropertyValueSpecification\",\"valueRequired\":true,\"valueName\":\"search_term_string\"}}],\"inLanguage\":\"de\"},{\"@type\":\"Organization\",\"@id\":\"https:\/\/biomes.world\/de\/#organization\",\"name\":\"BIOMES 4.0 GmbH\",\"url\":\"https:\/\/biomes.world\/de\/\",\"logo\":{\"@type\":\"ImageObject\",\"inLanguage\":\"de\",\"@id\":\"https:\/\/biomes.world\/de\/#\/schema\/logo\/image\/\",\"url\":\"http:\/\/biomes.world\/wp-content\/uploads\/2024\/04\/biomes_logo_2021_RGB.png\",\"contentUrl\":\"http:\/\/biomes.world\/wp-content\/uploads\/2024\/04\/biomes_logo_2021_RGB.png\",\"width\":10040,\"height\":2599,\"caption\":\"BIOMES 4.0 GmbH\"},\"image\":{\"@id\":\"https:\/\/biomes.world\/de\/#\/schema\/logo\/image\/\"},\"sameAs\":[\"https:\/\/de-de.facebook.com\/BIOMES.world\/\",\"https:\/\/www.youtube.com\/@BIOMESworld\",\"https:\/\/www.instagram.com\/biomes_official\/\"],\"legalName\":\"BIOMES 4.0 GmbH\",\"duns\":\"314778637\"}]}<\/script>\n<!-- \/ Yoast SEO Premium plugin. -->","yoast_head_json":{"title":"Kategorie: Colitis Ulcerosa - BIOMES - Feel better","description":"Per Definition ist eine chronische Darmerkrankung. Was sie auszeichnet und welche Unterschiede es zu Morbus Crohn gibt, erf\u00e4hrst du hier.","robots":{"index":"index","follow":"follow","max-snippet":"max-snippet:-1","max-image-preview":"max-image-preview:large","max-video-preview":"max-video-preview:-1"},"canonical":"https:\/\/biomes.world\/de\/wissenswertes\/darm\/chronische-erkrankungen\/colitis-ulcerosa\/","og_locale":"de_DE","og_type":"article","og_title":"Kategorie: Colitis Ulcerosa","og_description":"Per Definition ist eine chronische Darmerkrankung. Was sie auszeichnet und welche Unterschiede es zu Morbus Crohn gibt, erf\u00e4hrst du hier.","og_url":"https:\/\/biomes.world\/de\/wissenswertes\/darm\/chronische-erkrankungen\/colitis-ulcerosa\/","og_site_name":"BIOMES - Feel better","article_publisher":"https:\/\/de-de.facebook.com\/BIOMES.world\/","article_modified_time":"2023-05-07T19:29:36+00:00","twitter_card":"summary_large_image","twitter_misc":{"Gesch\u00e4tzte Lesezeit":"4\u00a0Minuten"},"schema":{"@context":"https:\/\/schema.org","@graph":[{"@type":"WebPage","@id":"https:\/\/biomes.world\/de\/wissenswertes\/darm\/chronische-erkrankungen\/colitis-ulcerosa\/","url":"https:\/\/biomes.world\/de\/wissenswertes\/darm\/chronische-erkrankungen\/colitis-ulcerosa\/","name":"Kategorie: Colitis Ulcerosa - BIOMES - Feel better","isPartOf":{"@id":"https:\/\/biomes.world\/de\/#website"},"datePublished":"2022-06-21T14:33:17+00:00","dateModified":"2023-05-07T19:29:36+00:00","description":"Per Definition ist eine chronische Darmerkrankung. Was sie auszeichnet und welche Unterschiede es zu Morbus Crohn gibt, erf\u00e4hrst du hier.","breadcrumb":{"@id":"https:\/\/biomes.world\/de\/wissenswertes\/darm\/chronische-erkrankungen\/colitis-ulcerosa\/#breadcrumb"},"inLanguage":"de","potentialAction":[{"@type":"ReadAction","target":["https:\/\/biomes.world\/de\/wissenswertes\/darm\/chronische-erkrankungen\/colitis-ulcerosa\/"]}]},{"@type":"BreadcrumbList","@id":"https:\/\/biomes.world\/de\/wissenswertes\/darm\/chronische-erkrankungen\/colitis-ulcerosa\/#breadcrumb","itemListElement":[{"@type":"ListItem","position":1,"name":"Home","item":"https:\/\/biomes.world\/de\/"},{"@type":"ListItem","position":2,"name":"My Health, My Life","item":"https:\/\/biomes.world\/de\/wissenswertes\/"},{"@type":"ListItem","position":3,"name":"Kategorie: Darm","item":"https:\/\/biomes.world\/de\/wissenswertes\/darm\/"},{"@type":"ListItem","position":4,"name":"Kategorie: Chronische Erkrankungen","item":"https:\/\/biomes.world\/de\/wissenswertes\/darm\/chronische-erkrankungen\/"},{"@type":"ListItem","position":5,"name":"Kategorie: Colitis Ulcerosa"}]},{"@type":"WebSite","@id":"https:\/\/biomes.world\/de\/#website","url":"https:\/\/biomes.world\/de\/","name":"BIOMES - Feel better","description":"Cutting-edge biotechnology used to help people","publisher":{"@id":"https:\/\/biomes.world\/de\/#organization"},"potentialAction":[{"@type":"SearchAction","target":{"@type":"EntryPoint","urlTemplate":"https:\/\/biomes.world\/de\/?s={search_term_string}"},"query-input":{"@type":"PropertyValueSpecification","valueRequired":true,"valueName":"search_term_string"}}],"inLanguage":"de"},{"@type":"Organization","@id":"https:\/\/biomes.world\/de\/#organization","name":"BIOMES 4.0 GmbH","url":"https:\/\/biomes.world\/de\/","logo":{"@type":"ImageObject","inLanguage":"de","@id":"https:\/\/biomes.world\/de\/#\/schema\/logo\/image\/","url":"http:\/\/biomes.world\/wp-content\/uploads\/2024\/04\/biomes_logo_2021_RGB.png","contentUrl":"http:\/\/biomes.world\/wp-content\/uploads\/2024\/04\/biomes_logo_2021_RGB.png","width":10040,"height":2599,"caption":"BIOMES 4.0 GmbH"},"image":{"@id":"https:\/\/biomes.world\/de\/#\/schema\/logo\/image\/"},"sameAs":["https:\/\/de-de.facebook.com\/BIOMES.world\/","https:\/\/www.youtube.com\/@BIOMESworld","https:\/\/www.instagram.com\/biomes_official\/"],"legalName":"BIOMES 4.0 GmbH","duns":"314778637"}]}},"_links":{"self":[{"href":"https:\/\/biomes.world\/de\/wp-json\/wp\/v2\/pages\/592881","targetHints":{"allow":["GET"]}}],"collection":[{"href":"https:\/\/biomes.world\/de\/wp-json\/wp\/v2\/pages"}],"about":[{"href":"https:\/\/biomes.world\/de\/wp-json\/wp\/v2\/types\/page"}],"author":[{"embeddable":true,"href":"https:\/\/biomes.world\/de\/wp-json\/wp\/v2\/users\/3168"}],"replies":[{"embeddable":true,"href":"https:\/\/biomes.world\/de\/wp-json\/wp\/v2\/comments?post=592881"}],"version-history":[{"count":1,"href":"https:\/\/biomes.world\/de\/wp-json\/wp\/v2\/pages\/592881\/revisions"}],"predecessor-version":[{"id":616302,"href":"https:\/\/biomes.world\/de\/wp-json\/wp\/v2\/pages\/592881\/revisions\/616302"}],"up":[{"embeddable":true,"href":"https:\/\/biomes.world\/de\/wp-json\/wp\/v2\/pages\/592844"}],"wp:attachment":[{"href":"https:\/\/biomes.world\/de\/wp-json\/wp\/v2\/media?parent=592881"}],"curies":[{"name":"wp","href":"https:\/\/api.w.org\/{rel}","templated":true}]}}