{"id":592844,"date":"2022-06-21T16:23:30","date_gmt":"2022-06-21T14:23:30","guid":{"rendered":"http:\/\/biomes.world\/?page_id=592844"},"modified":"2025-03-11T16:17:19","modified_gmt":"2025-03-11T15:17:19","slug":"chronische-erkrankungen","status":"publish","type":"page","link":"https:\/\/biomes.world\/de\/wissenswertes\/darm\/chronische-erkrankungen\/","title":{"rendered":"Kategorie: Chronische Erkrankungen"},"content":{"rendered":"\n<h1 class=\"wp-block-heading\" id=\"h-chronische-erkrankungen\">Chronische Erkrankungen<\/h1>\n\n\n\n<h2 class=\"wp-block-heading\" id=\"h-was-haben-chronische-darmerkrankungen-mit-bakterien-zu-tun\">Was haben chronische Darmerkrankungen mit Bakterien zu tun?<\/h2>\n\n\n\n<p>Dein gesamter Darm ist von Bakterien besiedelt. Das klingt erst mal besorgniserregend, ist es aber nicht. Die Einzeller sorgen daf\u00fcr, dass du gesund und munter bist \u2013 es sei denn, es herrscht ein Ungleichgewicht zwischen \u201eguten\u201c und \u201eschlechten\u201c Mikroben. Dann k\u00f6nnen zum Beispiel Darm-, Immun- oder Gewichtsbeschwerden die Folge sein. Daten weisen sogar darauf hin, dass spezielle Mikroorganismen sowie Ver\u00e4nderungen in der Zusammensetzung und Vielfalt der Darmbakterien mit <strong>chronisch-entz\u00fcndlichen Darmerkrankungen in Verbindung stehen<\/strong>.<\/p>\n\n\n\n<h2 class=\"wp-block-heading\" id=\"h-chronisch-entzundliche-darmerkrankungen-morbus-crohn-und-colitis-ulcerosa\">Chronisch-entz\u00fcndliche Darmerkrankungen: Morbus Crohn und Colitis ulcerosa<\/h2>\n\n\n\n<p>Sowohl <a href=\"http:\/\/biomes.world\/de\/wissenswertes\/darm\/chronische-erkrankungen\/morbus-crohn\/\" target=\"_blank\" rel=\"noreferrer noopener\">Morbus Crohn<\/a> als auch <a href=\"http:\/\/biomes.world\/de\/wissenswertes\/darm\/chronische-erkrankungen\/colitis-ulcerosa\/\" target=\"_blank\" rel=\"noreferrer noopener\">Colitis ulcerosa<\/a> geh\u00f6ren zu den chronisch-entz\u00fcndlichen Darmerkrankungen. Beide <strong>verlaufen schubweise<\/strong> \u2013 Betroffene haben mitunter monatelang keine Beschwerden, in seltenen F\u00e4llen sogar jahrelang. Beide Erkrankungen gehen mit einer Entz\u00fcndung der Darmschleimhaut einher. Auf Dauer wird das Gewebe des Darms durch die Entz\u00fcndungen gesch\u00e4digt. W\u00e4hrend bei Morbus Crohn das gesamte Verdauungssystem vom Mund bis zum After betroffen sein kann, beschr\u00e4nkt sich Colitis ulcerosa auf den Dickdarm.<\/p>\n\n\n\n<p>In manchen F\u00e4llen sind neben dem Darm weitere Organe betroffen. <strong>Entz\u00fcndungen der Haut oder der Gelenke<\/strong> sind zum Beispiel keine Seltenheit. Die entz\u00fcndlichen Darmerkrankungen k\u00f6nnen auch Komplikationen nach sich ziehen: Darmverschl\u00fcsse und Darmdurchbr\u00fcche sind Notf\u00e4lle und m\u00fcssen umgehend im Krankenhaus behandelt werden.<\/p>\n\n\n\n<p>Wichtig zu wissen ist auch, dass Menschen mit chronisch-entz\u00fcndlichen Darmerkrankungen ein h\u00f6heres <strong>Risiko f\u00fcr Darmkrebs<\/strong> haben. Bist du betroffen, sind regelm\u00e4\u00dfige Vorsorgetermine besonders wichtig.<\/p>\n\n\n\n<p>Die Ursachen der beiden Darmerkrankungen sind nicht bekannt. Experten vermuten, dass eine Autoimmunerkrankung dahintersteckt, ebenso werden genetische Veranlagungen diskutiert. Doch auch <strong>Darmbakterien haben vermutlich einen Einfluss<\/strong>; so scheint es einen Zusammenhang zwischen einer aus dem Gleichgewicht geratenen Zusammensetzung der <a href=\"http:\/\/biomes.world\/de\/wissenswertes\/darm\/darmbakterien\/\" target=\"_blank\" rel=\"noreferrer noopener\">Darmbakterien<\/a> und chronisch-entz\u00fcndlichen Darmerkrankungen zu geben.<a href=\"http:\/\/biomes.world\/de\/wissenswertes\/darm\/chronische-erkrankungen\/#link_1\"><sup>1<\/sup><\/a><\/p>\n\n\n\n<p>Menschen mit einer chronisch-entz\u00fcndlichen Darmkrankheit haben generell eine <strong>weniger artenreiche Darmflora<\/strong>. Au\u00dferdem haben sie <strong>weniger \u201egute\u201c Bakterien<\/strong> wie \u201eFaecalibacterium\u201c und mehr \u201eschlechte\u201c Bakterien wie \u201eEscherichia coli\u201c. Ein weiteres Forschungsergebnis ist, dass ein \u00dcberschuss an oder eine Infektion mit \u201eClostridium difficile\u201c Sch\u00fcbe beziehungsweise <strong>R\u00fcckf\u00e4lle beg\u00fcnstigt<\/strong>. Leidest du unter einer chronischen Darmerkrankung, ist eine Darmanalyse auf jeden Fall sinnvoll.<\/p>\n\n\n\n<figure class=\"wp-block-image size-large\"><img loading=\"lazy\" decoding=\"async\" width=\"1024\" height=\"576\" src=\"http:\/\/biomes.world\/wp-content\/uploads\/2019\/04\/Reizdarm_Ursachen_der_Beschwerden-1024x576.jpg\" alt=\"Reizdarm und seine Ursache\" class=\"wp-image-500018\" srcset=\"https:\/\/biomes.world\/wp-content\/uploads\/2019\/04\/Reizdarm_Ursachen_der_Beschwerden-1024x576.jpg 1024w, https:\/\/biomes.world\/wp-content\/uploads\/2019\/04\/Reizdarm_Ursachen_der_Beschwerden-300x169.jpg 300w, https:\/\/biomes.world\/wp-content\/uploads\/2019\/04\/Reizdarm_Ursachen_der_Beschwerden-768x432.jpg 768w, https:\/\/biomes.world\/wp-content\/uploads\/2019\/04\/Reizdarm_Ursachen_der_Beschwerden-1536x864.jpg 1536w, https:\/\/biomes.world\/wp-content\/uploads\/2019\/04\/Reizdarm_Ursachen_der_Beschwerden-250x141.jpg 250w, https:\/\/biomes.world\/wp-content\/uploads\/2019\/04\/Reizdarm_Ursachen_der_Beschwerden.jpg 1620w\" sizes=\"auto, (max-width: 1024px) 100vw, 1024px\" \/><\/figure>\n\n\n\n<h2 class=\"wp-block-heading\" id=\"h-gibt-es-chronische-magen-darm-erkrankungen\">Gibt es chronische Magen-Darm-Erkrankungen?<\/h2>\n\n\n\n<p>Bei einer Magen-Darm-Erkrankung denken die meisten an furchtbare \u00dcbelkeit, Erbrechen und Durchfall. Dahinter steckt meist eine <strong>Magen-Darm-Grippe<\/strong> oder das Norovirus. Diese Erkrankung ist allerdings nicht chronisch \u2013 sie klingt wieder ab. Chronisch bedeutet andauernd oder immer wiederkehrend. Hast du immer, oft oder immer mal wieder mit Darmbeschwerden zu tun, kann das <strong>Reizdarmsyndrom<\/strong> dahinterstecken.<\/p>\n\n\n\n<p>Diese chronischen Magen-Darm-Beschwerden haben vielf\u00e4ltige Symptome und die Ursachen sind unklar. Mediziner sprechen von einer <strong>Funktionsst\u00f6rung des Darms<\/strong>. Organisch ist allerdings trotz Beschwerden meist alles in Ordnung. Aus diesem Grund bezeichnen Experten den Reizdarm als Syndrom und nicht als Erkrankung, auch wenn der Begriff <a href=\"http:\/\/biomes.world\/de\/wissenswertes\/darm\/darmerkrankungen\/darmerkrankungen-symptome\/\" target=\"_blank\" rel=\"noreferrer noopener\">Darmerkrankung<\/a> weit verbreitet ist<\/p>\n\n\n\n<p>Auff\u00e4llig ist, dass sich die Symptome des Reizdarms bei <strong>psychischer Anspannung<\/strong> oft verschlimmern. Hast du oft Stress, Angst, Kummer oder \u00c4rger, ist das eine m\u00f6gliche Ursache f\u00fcr deine Beschwerden. Scharfes oder ungewohntes Essen auf Reisen scheint die Symptome ebenfalls zu verst\u00e4rken.<\/p>\n\n\n\n<p><strong>Bauchschmerzen, Durchfall, Erbrechen oder Verstopfung<\/strong> sind klassische Symptome eines Reizdarmsyndroms. Aber auch V\u00f6llegef\u00fchl, Bl\u00e4hungen und ein unangenehmer Magendruck sind weit verbreitet. Viele Betroffene beobachten, dass die Symptome nach dem Essen schlimmer sind. Versuche in jedem Fall, langsam zu essen und herauszufinden, nach welchen Nahrungsmitteln die Beschwerden auftreten und nach welchen nicht. Hast du chronische Darmbeschwerden, wird dich dein Arzt gr\u00fcndlich untersuchen. <strong>Ergeben die Untersuchungen keine Auff\u00e4lligkeiten<\/strong>, ist ein Reizdarmsyndrom naheliegend.<\/p>\n\n\n\n<h2 class=\"wp-block-heading\" id=\"h-hast-du-genugend-gute-darmbakterien\">Hast du gen\u00fcgend gute Darmbakterien?<\/h2>\n\n\n\n<p>Gute Frage, oder? Das findest du ganz einfach mittels einer Stuhlprobe heraus. Mit <a href=\"https:\/\/shop.biomes.world\/\" target=\"_blank\" rel=\"noreferrer noopener\"><strong>INTEST.<\/strong>pro<\/a> von <strong>BIOMES<\/strong> erf\u00e4hrst du, <strong>wie es in deinem Darm aussieht<\/strong>. Und zwar mit einer Genauigkeit, die europaweit ihresgleichen sucht. Die Ergebnisse aus deiner Stuhlprobe gleicht <strong>BIOMES<\/strong> mit einer umfangreichen Wissensdatenbank ab. Anhand von \u00fcber 20.000 Datens\u00e4tzen erstellen wir dir ein Darmflora-Profil, das so einzigartig ist wie dein Fingerabdruck.<\/p>\n\n\n\n<p>Die Wissenschaftler von <strong>BIOMES<\/strong> untersuchen deine Stuhlprobe per Hochdurchsatz-Sequenzierung. So bekommst du Aufschluss \u00fcber viele Aspekte deiner Gesundheit, unter anderem wie gut du Vitamine aufnehmen kannst, wie widerstandsf\u00e4hig dein Immunsystem ist, ob es in deinem Darm Anzeichen f\u00fcr Entz\u00fcndungen gibt und wie ausgeglichen deine Darmbakterien generell sind.<\/p>\n\n\n<div\n    id=\"hero-teaser-block_90e7ac631b864f95b419386840ab7c8d\"\n    class=\"hero-teaser site-block\"\n>\n    <div class=\"hero-teaser__media\">\n        <img decoding=\"async\"\n            src=\"https:\/\/biomes.world\/wp-content\/uploads\/2021\/05\/Fitness-1600x650.jpeg\"\n            alt=\"\"\n            srcset=\"https:\/\/biomes.world\/wp-content\/uploads\/2021\/05\/Fitness-300x128.jpeg 300w, https:\/\/biomes.world\/wp-content\/uploads\/2021\/05\/Fitness-1024x435.jpeg 1024w, https:\/\/biomes.world\/wp-content\/uploads\/2021\/05\/Fitness-768x326.jpeg 768w, https:\/\/biomes.world\/wp-content\/uploads\/2021\/05\/Fitness-1536x653.jpeg 1536w, https:\/\/biomes.world\/wp-content\/uploads\/2021\/05\/Fitness-250x106.jpeg 250w, https:\/\/biomes.world\/wp-content\/uploads\/2021\/05\/Fitness.jpeg 1600w\"\n            sizes=\"(max-width: 30em) 100vw, (max-width: 48em) 100vw, (max-width: 62em) 100vw, (max-width: 75em) 100vw, 1400px\t\"\n        >\n    <\/div>\n    <div class=\"hero-teaser__header\">\n        <div class=\"hero-teaser__col column\">\n            <h2 class=\"hero-teaser__title\">\n                <span>Erfahre mehr \u00fcber INTEST.pro<\/span>\n                Der Darmtest von BIOMES            <\/h2>\n            \n\n<p>Wie analysieren wir deine Darmflora? Was beinhaltet der Test genau? Wo kannst du <strong>INTEST.<\/strong>pro kaufen?<br>Und wie sch\u00fctzen wir deine Daten?<\/p>\n\n\n\n<div class=\"wp-block-buttons is-layout-flex wp-block-buttons-is-layout-flex\">\n<div class=\"wp-block-button\"><a class=\"wp-block-button__link wp-element-button\" href=\"https:\/\/shop.biomes.world\/\" target=\"_blank\" rel=\"noreferrer noopener\">Ausf\u00fchrliche Informationen<\/a><\/div>\n<\/div>\n\n        <\/div>\n    <\/div>\n<\/div>\n\n\n\n<p class=\"footnote\">1. Ni J, Wu GD, Albenberg L, Tomov VT. Gut microbiota and IBD: causation or correlation? Nat Rev Gastroenterol Hepatol. 2017 ;14:573\u201384. <a href=\"https:\/\/www.nature.com\/articles\/nrgastro.2017.88\">https:\/\/www.nature.com\/articles\/nrgastro.2017.88<\/a>\u21a9<\/p>\n","protected":false},"excerpt":{"rendered":"<p>Chronische Erkrankungen Was haben chronische Darmerkrankungen mit Bakterien zu tun? Dein gesamter Darm ist von Bakterien besiedelt. Das klingt erst mal besorgniserregend, ist es aber nicht. Die Einzeller sorgen daf\u00fcr, dass du gesund und munter bist \u2013 es sei denn, es herrscht ein Ungleichgewicht zwischen \u201eguten\u201c und \u201eschlechten\u201c Mikroben. Dann k\u00f6nnen zum Beispiel Darm-, Immun- [&#8230;]<\/p>\n","protected":false},"author":3168,"featured_media":0,"parent":592832,"menu_order":0,"comment_status":"closed","ping_status":"closed","template":"","meta":{"_acf_changed":false,"footnotes":""},"class_list":["post-592844","page","type-page","status-publish","hentry"],"acf":[],"yoast_head":"<!-- This site is optimized with the Yoast SEO Premium plugin v26.2 (Yoast SEO v27.2) - https:\/\/yoast.com\/product\/yoast-seo-premium-wordpress\/ -->\n<title>Kategorie: Chronische Erkrankungen - BIOMES - Feel better<\/title>\n<meta name=\"description\" content=\"Wie h\u00e4ngen chronisch-entz\u00fcndliche Darmerkrankungen mit der Darmflora zusammen? Wie deine Darmbakterien die Gesundheit beeinflussen.\" \/>\n<meta name=\"robots\" content=\"index, follow, max-snippet:-1, max-image-preview:large, max-video-preview:-1\" \/>\n<link rel=\"canonical\" href=\"https:\/\/biomes.world\/de\/wissenswertes\/darm\/chronische-erkrankungen\/\" \/>\n<meta property=\"og:locale\" content=\"de_DE\" \/>\n<meta property=\"og:type\" content=\"article\" \/>\n<meta property=\"og:title\" content=\"Kategorie: Chronische Erkrankungen\" \/>\n<meta property=\"og:description\" content=\"Wie h\u00e4ngen chronisch-entz\u00fcndliche Darmerkrankungen mit der Darmflora zusammen? Wie deine Darmbakterien die Gesundheit beeinflussen.\" \/>\n<meta property=\"og:url\" content=\"https:\/\/biomes.world\/de\/wissenswertes\/darm\/chronische-erkrankungen\/\" \/>\n<meta property=\"og:site_name\" content=\"BIOMES - Feel better\" \/>\n<meta property=\"article:publisher\" content=\"https:\/\/de-de.facebook.com\/BIOMES.world\/\" \/>\n<meta property=\"article:modified_time\" content=\"2025-03-11T15:17:19+00:00\" \/>\n<meta property=\"og:image\" content=\"http:\/\/biomes.world\/wp-content\/uploads\/2019\/04\/Reizdarm_Ursachen_der_Beschwerden-1024x576.jpg\" \/>\n<meta name=\"twitter:card\" content=\"summary_large_image\" \/>\n<meta name=\"twitter:label1\" content=\"Gesch\u00e4tzte Lesezeit\" \/>\n\t<meta name=\"twitter:data1\" content=\"4\u00a0Minuten\" \/>\n<script type=\"application\/ld+json\" class=\"yoast-schema-graph\">{\"@context\":\"https:\/\/schema.org\",\"@graph\":[{\"@type\":\"WebPage\",\"@id\":\"https:\/\/biomes.world\/de\/wissenswertes\/darm\/chronische-erkrankungen\/\",\"url\":\"https:\/\/biomes.world\/de\/wissenswertes\/darm\/chronische-erkrankungen\/\",\"name\":\"Kategorie: Chronische Erkrankungen - BIOMES - Feel better\",\"isPartOf\":{\"@id\":\"https:\/\/biomes.world\/de\/#website\"},\"primaryImageOfPage\":{\"@id\":\"https:\/\/biomes.world\/de\/wissenswertes\/darm\/chronische-erkrankungen\/#primaryimage\"},\"image\":{\"@id\":\"https:\/\/biomes.world\/de\/wissenswertes\/darm\/chronische-erkrankungen\/#primaryimage\"},\"thumbnailUrl\":\"http:\/\/biomes.world\/wp-content\/uploads\/2019\/04\/Reizdarm_Ursachen_der_Beschwerden-1024x576.jpg\",\"datePublished\":\"2022-06-21T14:23:30+00:00\",\"dateModified\":\"2025-03-11T15:17:19+00:00\",\"description\":\"Wie h\u00e4ngen chronisch-entz\u00fcndliche Darmerkrankungen mit der Darmflora zusammen? Wie deine Darmbakterien die Gesundheit beeinflussen.\",\"breadcrumb\":{\"@id\":\"https:\/\/biomes.world\/de\/wissenswertes\/darm\/chronische-erkrankungen\/#breadcrumb\"},\"inLanguage\":\"de\",\"potentialAction\":[{\"@type\":\"ReadAction\",\"target\":[\"https:\/\/biomes.world\/de\/wissenswertes\/darm\/chronische-erkrankungen\/\"]}]},{\"@type\":\"ImageObject\",\"inLanguage\":\"de\",\"@id\":\"https:\/\/biomes.world\/de\/wissenswertes\/darm\/chronische-erkrankungen\/#primaryimage\",\"url\":\"http:\/\/biomes.world\/wp-content\/uploads\/2019\/04\/Reizdarm_Ursachen_der_Beschwerden-1024x576.jpg\",\"contentUrl\":\"http:\/\/biomes.world\/wp-content\/uploads\/2019\/04\/Reizdarm_Ursachen_der_Beschwerden-1024x576.jpg\"},{\"@type\":\"BreadcrumbList\",\"@id\":\"https:\/\/biomes.world\/de\/wissenswertes\/darm\/chronische-erkrankungen\/#breadcrumb\",\"itemListElement\":[{\"@type\":\"ListItem\",\"position\":1,\"name\":\"Home\",\"item\":\"https:\/\/biomes.world\/de\/\"},{\"@type\":\"ListItem\",\"position\":2,\"name\":\"My Health, My Life\",\"item\":\"https:\/\/biomes.world\/de\/wissenswertes\/\"},{\"@type\":\"ListItem\",\"position\":3,\"name\":\"Kategorie: Darm\",\"item\":\"https:\/\/biomes.world\/de\/wissenswertes\/darm\/\"},{\"@type\":\"ListItem\",\"position\":4,\"name\":\"Kategorie: Chronische Erkrankungen\"}]},{\"@type\":\"WebSite\",\"@id\":\"https:\/\/biomes.world\/de\/#website\",\"url\":\"https:\/\/biomes.world\/de\/\",\"name\":\"BIOMES - Feel better\",\"description\":\"Cutting-edge biotechnology used to help people\",\"publisher\":{\"@id\":\"https:\/\/biomes.world\/de\/#organization\"},\"potentialAction\":[{\"@type\":\"SearchAction\",\"target\":{\"@type\":\"EntryPoint\",\"urlTemplate\":\"https:\/\/biomes.world\/de\/?s={search_term_string}\"},\"query-input\":{\"@type\":\"PropertyValueSpecification\",\"valueRequired\":true,\"valueName\":\"search_term_string\"}}],\"inLanguage\":\"de\"},{\"@type\":\"Organization\",\"@id\":\"https:\/\/biomes.world\/de\/#organization\",\"name\":\"BIOMES 4.0 GmbH\",\"url\":\"https:\/\/biomes.world\/de\/\",\"logo\":{\"@type\":\"ImageObject\",\"inLanguage\":\"de\",\"@id\":\"https:\/\/biomes.world\/de\/#\/schema\/logo\/image\/\",\"url\":\"http:\/\/biomes.world\/wp-content\/uploads\/2024\/04\/biomes_logo_2021_RGB.png\",\"contentUrl\":\"http:\/\/biomes.world\/wp-content\/uploads\/2024\/04\/biomes_logo_2021_RGB.png\",\"width\":10040,\"height\":2599,\"caption\":\"BIOMES 4.0 GmbH\"},\"image\":{\"@id\":\"https:\/\/biomes.world\/de\/#\/schema\/logo\/image\/\"},\"sameAs\":[\"https:\/\/de-de.facebook.com\/BIOMES.world\/\",\"https:\/\/www.youtube.com\/@BIOMESworld\",\"https:\/\/www.instagram.com\/biomes_official\/\"],\"legalName\":\"BIOMES 4.0 GmbH\",\"duns\":\"314778637\"}]}<\/script>\n<!-- \/ Yoast SEO Premium plugin. -->","yoast_head_json":{"title":"Kategorie: Chronische Erkrankungen - BIOMES - Feel better","description":"Wie h\u00e4ngen chronisch-entz\u00fcndliche Darmerkrankungen mit der Darmflora zusammen? Wie deine Darmbakterien die Gesundheit beeinflussen.","robots":{"index":"index","follow":"follow","max-snippet":"max-snippet:-1","max-image-preview":"max-image-preview:large","max-video-preview":"max-video-preview:-1"},"canonical":"https:\/\/biomes.world\/de\/wissenswertes\/darm\/chronische-erkrankungen\/","og_locale":"de_DE","og_type":"article","og_title":"Kategorie: Chronische Erkrankungen","og_description":"Wie h\u00e4ngen chronisch-entz\u00fcndliche Darmerkrankungen mit der Darmflora zusammen? Wie deine Darmbakterien die Gesundheit beeinflussen.","og_url":"https:\/\/biomes.world\/de\/wissenswertes\/darm\/chronische-erkrankungen\/","og_site_name":"BIOMES - Feel better","article_publisher":"https:\/\/de-de.facebook.com\/BIOMES.world\/","article_modified_time":"2025-03-11T15:17:19+00:00","og_image":[{"url":"http:\/\/biomes.world\/wp-content\/uploads\/2019\/04\/Reizdarm_Ursachen_der_Beschwerden-1024x576.jpg","type":"","width":"","height":""}],"twitter_card":"summary_large_image","twitter_misc":{"Gesch\u00e4tzte Lesezeit":"4\u00a0Minuten"},"schema":{"@context":"https:\/\/schema.org","@graph":[{"@type":"WebPage","@id":"https:\/\/biomes.world\/de\/wissenswertes\/darm\/chronische-erkrankungen\/","url":"https:\/\/biomes.world\/de\/wissenswertes\/darm\/chronische-erkrankungen\/","name":"Kategorie: Chronische Erkrankungen - BIOMES - Feel better","isPartOf":{"@id":"https:\/\/biomes.world\/de\/#website"},"primaryImageOfPage":{"@id":"https:\/\/biomes.world\/de\/wissenswertes\/darm\/chronische-erkrankungen\/#primaryimage"},"image":{"@id":"https:\/\/biomes.world\/de\/wissenswertes\/darm\/chronische-erkrankungen\/#primaryimage"},"thumbnailUrl":"http:\/\/biomes.world\/wp-content\/uploads\/2019\/04\/Reizdarm_Ursachen_der_Beschwerden-1024x576.jpg","datePublished":"2022-06-21T14:23:30+00:00","dateModified":"2025-03-11T15:17:19+00:00","description":"Wie h\u00e4ngen chronisch-entz\u00fcndliche Darmerkrankungen mit der Darmflora zusammen? Wie deine Darmbakterien die Gesundheit beeinflussen.","breadcrumb":{"@id":"https:\/\/biomes.world\/de\/wissenswertes\/darm\/chronische-erkrankungen\/#breadcrumb"},"inLanguage":"de","potentialAction":[{"@type":"ReadAction","target":["https:\/\/biomes.world\/de\/wissenswertes\/darm\/chronische-erkrankungen\/"]}]},{"@type":"ImageObject","inLanguage":"de","@id":"https:\/\/biomes.world\/de\/wissenswertes\/darm\/chronische-erkrankungen\/#primaryimage","url":"http:\/\/biomes.world\/wp-content\/uploads\/2019\/04\/Reizdarm_Ursachen_der_Beschwerden-1024x576.jpg","contentUrl":"http:\/\/biomes.world\/wp-content\/uploads\/2019\/04\/Reizdarm_Ursachen_der_Beschwerden-1024x576.jpg"},{"@type":"BreadcrumbList","@id":"https:\/\/biomes.world\/de\/wissenswertes\/darm\/chronische-erkrankungen\/#breadcrumb","itemListElement":[{"@type":"ListItem","position":1,"name":"Home","item":"https:\/\/biomes.world\/de\/"},{"@type":"ListItem","position":2,"name":"My Health, My Life","item":"https:\/\/biomes.world\/de\/wissenswertes\/"},{"@type":"ListItem","position":3,"name":"Kategorie: Darm","item":"https:\/\/biomes.world\/de\/wissenswertes\/darm\/"},{"@type":"ListItem","position":4,"name":"Kategorie: Chronische Erkrankungen"}]},{"@type":"WebSite","@id":"https:\/\/biomes.world\/de\/#website","url":"https:\/\/biomes.world\/de\/","name":"BIOMES - Feel better","description":"Cutting-edge biotechnology used to help people","publisher":{"@id":"https:\/\/biomes.world\/de\/#organization"},"potentialAction":[{"@type":"SearchAction","target":{"@type":"EntryPoint","urlTemplate":"https:\/\/biomes.world\/de\/?s={search_term_string}"},"query-input":{"@type":"PropertyValueSpecification","valueRequired":true,"valueName":"search_term_string"}}],"inLanguage":"de"},{"@type":"Organization","@id":"https:\/\/biomes.world\/de\/#organization","name":"BIOMES 4.0 GmbH","url":"https:\/\/biomes.world\/de\/","logo":{"@type":"ImageObject","inLanguage":"de","@id":"https:\/\/biomes.world\/de\/#\/schema\/logo\/image\/","url":"http:\/\/biomes.world\/wp-content\/uploads\/2024\/04\/biomes_logo_2021_RGB.png","contentUrl":"http:\/\/biomes.world\/wp-content\/uploads\/2024\/04\/biomes_logo_2021_RGB.png","width":10040,"height":2599,"caption":"BIOMES 4.0 GmbH"},"image":{"@id":"https:\/\/biomes.world\/de\/#\/schema\/logo\/image\/"},"sameAs":["https:\/\/de-de.facebook.com\/BIOMES.world\/","https:\/\/www.youtube.com\/@BIOMESworld","https:\/\/www.instagram.com\/biomes_official\/"],"legalName":"BIOMES 4.0 GmbH","duns":"314778637"}]}},"_links":{"self":[{"href":"https:\/\/biomes.world\/de\/wp-json\/wp\/v2\/pages\/592844","targetHints":{"allow":["GET"]}}],"collection":[{"href":"https:\/\/biomes.world\/de\/wp-json\/wp\/v2\/pages"}],"about":[{"href":"https:\/\/biomes.world\/de\/wp-json\/wp\/v2\/types\/page"}],"author":[{"embeddable":true,"href":"https:\/\/biomes.world\/de\/wp-json\/wp\/v2\/users\/3168"}],"replies":[{"embeddable":true,"href":"https:\/\/biomes.world\/de\/wp-json\/wp\/v2\/comments?post=592844"}],"version-history":[{"count":2,"href":"https:\/\/biomes.world\/de\/wp-json\/wp\/v2\/pages\/592844\/revisions"}],"predecessor-version":[{"id":621419,"href":"https:\/\/biomes.world\/de\/wp-json\/wp\/v2\/pages\/592844\/revisions\/621419"}],"up":[{"embeddable":true,"href":"https:\/\/biomes.world\/de\/wp-json\/wp\/v2\/pages\/592832"}],"wp:attachment":[{"href":"https:\/\/biomes.world\/de\/wp-json\/wp\/v2\/media?parent=592844"}],"curies":[{"name":"wp","href":"https:\/\/api.w.org\/{rel}","templated":true}]}}