{"id":590842,"date":"2022-05-30T16:55:04","date_gmt":"2022-05-30T14:55:04","guid":{"rendered":"http:\/\/biomes.world\/?page_id=590842"},"modified":"2024-04-10T12:15:40","modified_gmt":"2024-04-10T10:15:40","slug":"koerper-entschlacken","status":"publish","type":"page","link":"https:\/\/biomes.world\/de\/wissenswertes\/detox\/koerper-entschlacken\/","title":{"rendered":"K\u00f6rper entschlacken"},"content":{"rendered":"\n<h1 class=\"wp-block-heading\">Tipps zum Entschlacken<\/h1>\n\n\n\n<p><strong>Den K\u00f6rper entschlacken liegen im Trend. Sie sollen dabei helfen, den K\u00f6rper von sch\u00e4dlichen Stoffen zu befreien, und insgesamt zu mehr Wohlbefinden f\u00fchren. Auch wenn es wissenschaftlich erwiesen ist, dass es so etwas wie \u201eSchlacken\u201c im K\u00f6rper nicht gibt, k\u00f6nnen&nbsp;<a href=\"http:\/\/biomes.world\/de\/wissenswertes\/detox\/koerper-entgiften\/entgiftende-lebensmittel\/\" target=\"_blank\" rel=\"noreferrer noopener\">entgiftende Lebensmittel<\/a>&nbsp;sowie der bewusste Verzicht auf Stoffe wie Koffein, Nikotin oder Alkohol zu einem sp\u00fcrbar besseren K\u00f6rpergef\u00fchl f\u00fchren. Du m\u00f6chtest es ausprobieren? Mit diesen Tipps zum Entschlacken f\u00fchlst du dich bald rundum ges\u00fcnder und wohler.<\/strong><\/p>\n\n\n\n<h2 class=\"wp-block-heading\" id=\"h-die-gesunde-alternative-zu-koffein\">Die gesunde Alternative zu Koffein<\/h2>\n\n\n\n<p>Ohne Kaffee kommst du morgens nicht in die G\u00e4nge? Zum Gl\u00fcck ist das koffeinhaltige Hei\u00dfgetr\u00e4nk nicht der einzige Wachmacher auf dem Fr\u00fchst\u00fcckstisch. Auch mit lauwarmem <strong>Zitronenwasser<\/strong> bringst du deinen Kreislauf in Schwung und f\u00fchrst deinem K\u00f6rper gleichzeitig eine ordentliche Portion Vitamin C zu. Und noch einen netten Nebeneffekt hat der spritzige Kaffee-Ersatz: Er sp\u00fclt Giftstoffe aus dem K\u00f6rper. Nicht umsonst gilt die morgendliche Erfrischung als gute Wahl beim Entschlacken. Noch wacher r\u00fcttelst du dich mit einem Hauch Ingwer, schwarzem Pfeffer oder Kurkuma. Die Gew\u00fcrze kurbeln deinen Stoffwechsel an und wirken zudem entz\u00fcndungshemmend.<\/p>\n\n\n\n<figure class=\"wp-block-image size-large\"><img loading=\"lazy\" decoding=\"async\" width=\"999\" height=\"562\" src=\"http:\/\/biomes.world\/wp-content\/uploads\/2019\/09\/Depositphotos_169298664_s-2019.jpg\" alt=\"Wasser mit Limetten\" class=\"wp-image-501637\" srcset=\"https:\/\/biomes.world\/wp-content\/uploads\/2019\/09\/Depositphotos_169298664_s-2019.jpg 999w, https:\/\/biomes.world\/wp-content\/uploads\/2019\/09\/Depositphotos_169298664_s-2019-300x169.jpg 300w, https:\/\/biomes.world\/wp-content\/uploads\/2019\/09\/Depositphotos_169298664_s-2019-768x432.jpg 768w, https:\/\/biomes.world\/wp-content\/uploads\/2019\/09\/Depositphotos_169298664_s-2019-250x141.jpg 250w\" sizes=\"auto, (max-width: 999px) 100vw, 999px\" \/><\/figure>\n\n\n\n<h2 class=\"wp-block-heading has-text-align-center\" id=\"h-neuester-beitrag\">Neuester Beitrag<\/h2>\n\n\n\n<div id=\"post-197152\" class=\"post__item--sticky post__item post-197152 post type-post status-publish format-standard has-post-thumbnail hentry category-detox category-koerper-entschlacken tag-detox tag-detoxkur tag-entschlacken tag-ernaehrung tag-koerper-detox tag-koerper-entschlacken tag-wissenswertes\">\n    <div class=\"post__content\">\n\n        <div class=\"stage--sticky stage\">\n            <div class=\"stage__media--sticky stage__media\">\n                <img loading=\"lazy\" decoding=\"async\" width=\"1600\" height=\"650\" src=\"https:\/\/biomes.world\/wp-content\/uploads\/2019\/09\/So_geht_Detox2-1600x650.jpg\" class=\"attachment-post-header size-post-header wp-post-image\" alt=\"Bildbeschreibung\" srcset=\"https:\/\/biomes.world\/wp-content\/uploads\/2019\/09\/So_geht_Detox2-1600x650.jpg 1600w, https:\/\/biomes.world\/wp-content\/uploads\/2019\/09\/So_geht_Detox2-800x325.jpg 800w\" sizes=\"auto, (max-width: 1600px) 100vw, 1600px\" \/><div class=\"post__thumbnail\"><\/div>            <\/div>\n            <div class=\"stage__header--sticky stage__header\">\n                <div class=\"stage__col column\">\n                    <div class=\"stage__title--sticky stage__title h1\">\n                        <span class=\"cat-links\"><a href=\"https:\/\/biomes.world\/de\/.\/wissenswertes\/detox\/\" rel=\"tag\">Detox<\/a>, <a href=\"https:\/\/biomes.world\/de\/.\/wissenswertes\/detox\/koerper-entschlacken\/\" rel=\"tag\">K\u00f6rper entschlacken<\/a><\/span>                        <a href=\"https:\/\/biomes.world\/de\/wissenswertes\/detox\/koerper-entschlacken\/entschlackungskur\/\" aria-hidden=\"true\" tabindex=\"-1\">\n                            <strong>Entschlackungskur \u2013 so geht das<\/strong>                        <\/a>\n                    <\/div>\n                <\/div>\n                <a href=\"https:\/\/biomes.world\/de\/wissenswertes\/detox\/koerper-entschlacken\/entschlackungskur\/\" aria-hidden=\"true\" tabindex=\"-1\" class=\"stage__blocklink\">\n                    <span class=\"show-for-sr\"><strong>Entschlackungskur \u2013 so geht das<\/strong><\/span>\n                <\/a>\n            <\/div><!-- .stage__header -->\n        <\/div>\n\n    <\/div>\n<\/div><!-- #post-197152 -->\n\n\n\n\n<p><\/p>\n\n\n\n<h2 class=\"wp-block-heading\" id=\"h-bitter-statt-suss\">Bitter statt s\u00fc\u00df<\/h2>\n\n\n\n<p>Kleine Naschereien wie Schokolade, Kuchen oder Desserts hat jeder von Zeit zu Zeit gerne auf dem Teller. Leider sind solche S\u00fc\u00dfspeisen auch reich an Zucker und Fett und damit nicht sonderlich geeignet, wenn du deinen K\u00f6rper entschlacken m\u00f6chtest. Doch wie w\u00e4re es zur Abwechslung mal mit bitter statt s\u00fc\u00df? <strong>Bitterstoffe<\/strong> setzen n\u00e4mlich nicht nur aufregende kulinarische Akzente, sondern tun auch noch der Leber gut. Richtig eingesetzt, k\u00f6nnen sie dem \u00fcberlasteten Entgiftungsorgan w\u00e4hrend einer <a href=\"http:\/\/biomes.world\/de\/wissenswertes\/detox\/koerper-entschlacken\/entschlackungskur\/\">Entschlackungskur<\/a> helfen. Ob als Bitterbasenpulver, als alkoholfreies Kr\u00e4uterelixier oder \u00fcber pflanzliche Nahrungsmittel wie L\u00f6wenzahn, Chicor\u00e9e oder Radicchio \u2013 Bitterstoffe stecken in vielen gesunden Lebensmitteln und bringen aufregende und intensive Geschmacksnoten in deine Mahlzeiten.<\/p>\n\n\n\n<h2 class=\"wp-block-heading\" id=\"h-korper-entschlacken-mit-basenbadern\">K\u00f6rper entschlacken mit Basenb\u00e4dern<\/h2>\n\n\n\n<p>F\u00fchlst du dich nach einem langen Tag gestresst und ausgelaugt? Ein basisches Bad kann dir dabei helfen, abzuschalten, Kraft zu tanken und deinen K\u00f6rper zu entschlacken. Das Detox-Geheimnis von Basenb\u00e4dern sind die darin enthaltenen Mineralien. Sie tun nicht nur deiner Haut gut, sondern sorgen au\u00dferdem daf\u00fcr, dass Schadstoffe aus deinem K\u00f6rper bef\u00f6rdert werden. Die basischen Zus\u00e4tze gibt es in Drogerien, Reformh\u00e4usern und gut sortierten Superm\u00e4rkten. Aber auch im K\u00fcchenschrank verstecken sich die <strong>mineralisierten Badezus\u00e4tze<\/strong>: Vor allem Kaiser Natron hat sich f\u00fcr wohltuende Basenb\u00e4der bew\u00e4hrt. Wer zur Entschlackung ein bis zwei Packungen in die Wanne kippt und anschlie\u00dfend bis zu 40 Minuten im Wasser entspannt, kann seinen S\u00e4ure-Basen-Haushalt im K\u00f6rper ausgleichen und sch\u00e4dliche Stoffe herausschwemmen.<\/p>\n\n\n\n<h2 class=\"wp-block-heading\" id=\"h-tee-trinken-und-entschlacken\">Tee trinken und entschlacken<\/h2>\n\n\n\n<p>Ob bei Heiserkeit, Magenbeschwerden oder Kreislaufst\u00f6rungen \u2013 Tee ist ein Allesk\u00f6nner. Selbst beim Entschlacken ist das hei\u00dfe Wundergetr\u00e4nk behilflich. Insbesondere <strong>Kr\u00e4utertees<\/strong> helfen dabei, den K\u00f6rper von Giftstoffen zu befreien und damit gr\u00fcndlich zu reinigen. Eine gute Wahl triffst du zum Beispiel mit folgenden Sorten:<\/p>\n\n\n\n<ul class=\"wp-block-list\">\n<li>Brennnessel<\/li>\n\n\n\n<li>Lindenbl\u00fcten<\/li>\n\n\n\n<li>Ingwer<\/li>\n\n\n\n<li>Ginseng<\/li>\n\n\n\n<li>Gro\u00dfe Klette<\/li>\n<\/ul>\n\n\n\n<p>Ein Klassiker unter den Entgiftungstees ist auch Zistrosentee. Das mediterrane Kraut wirkt nachweislich entz\u00fcndungshemmend. Auch seine entgiftende Kraft wurde bereits wissenschaftlich belegt<a href=\"http:\/\/biomes.world\/de\/wissenswertes\/detox\/koerper-entschlacken\/#fn-1\"><sup>1<\/sup><\/a>. Kein Wunder also, dass der nat\u00fcrliche Entgiftungsprofi bei der Entschlackung hoch im Kurs steht.<\/p>\n\n\n\n<h2 class=\"wp-block-heading\" id=\"h-dem-darm-beim-entschlacken-helfen\">Dem Darm beim Entschlacken helfen<\/h2>\n\n\n\n<p>Der Darm spielt eine wesentliche Rolle bei der Entschlackung. Noch bevor Speisen und Getr\u00e4nke zur Leber gelangen, werden sie im Darm verarbeitet. Und je besser dieser funktioniert, umso weniger stark wird am Ende die Leber mit giftigen Stoffwechselresten belastet. Daher ist ein gesunder Darm das A und O, wenn du deinen K\u00f6rper gr\u00fcndlich entschlacken m\u00f6chtest. Um herauszufinden, wie es um deine Darmgesundheit steht, solltest du auf die Expertise von <strong>BIOMES<\/strong> vertrauen. <\/p>\n\n\n\n<p>Mithilfe des Darmtests&nbsp;<a href=\"https:\/\/shop.biomes.world\/\"><strong>INTEST<\/strong>.pro<\/a>&nbsp;hast du die M\u00f6glichkeit, mehr \u00fcber deine&nbsp;<a href=\"http:\/\/biomes.world\/de\/wissenswertes\/darm\/darmflora\/\">Darmflora<\/a>&nbsp;und den Bakterienhaushalt in deinem Darm zu erfahren. Die Analyse der Darmbakterien erfolgt nach neuesten biotechnologischen Standards<a href=\"http:\/\/biomes.world\/de\/wissenswertes\/detox\/koerper-entschlacken\/#fn-2\"><sup>2<\/sup><\/a> und gibt Aufschluss dar\u00fcber, ob sich der Bakterienhaushalt in deinem Darm zugunsten sch\u00e4dlicher Bakterien verschoben hat oder sich in gesunder Balance befindet. Anhand der Testergebnisse erstellt dir&nbsp;<strong>BIOMES<\/strong>&nbsp;im Anschluss einen personalisierten&nbsp;<a href=\"http:\/\/biomes.world\/de\/wissenswertes\/ernaehrung\/ernaehrungsplan\/\" target=\"_blank\" rel=\"noreferrer noopener\">Ern\u00e4hrungsplan<\/a>, der deine Ern\u00e4hrungsgewohnheiten ber\u00fccksichtigt, gut f\u00fcr deinen Darm ist und dir zus\u00e4tzlich beim Entschlacken helfen kann.<\/p>\n\n\n    <section class=\"cta horizontal_split\">\n        <div class=\"image_container light_purple-background\">\n            <img loading=\"lazy\" decoding=\"async\" width=\"800\" height=\"800\" src=\"https:\/\/biomes.world\/wp-content\/uploads\/2023\/06\/darmflora-test-erwachsene-800x800.webp\" class=\"product__img\" alt=\"darmflora-test-erwachsene\" srcset=\"https:\/\/biomes.world\/wp-content\/uploads\/2023\/06\/darmflora-test-erwachsene-300x300.webp 300w, https:\/\/biomes.world\/wp-content\/uploads\/2023\/06\/darmflora-test-erwachsene-1024x1024.webp 1024w, https:\/\/biomes.world\/wp-content\/uploads\/2023\/06\/darmflora-test-erwachsene-150x150.webp 150w, https:\/\/biomes.world\/wp-content\/uploads\/2023\/06\/darmflora-test-erwachsene-768x769.webp 768w, https:\/\/biomes.world\/wp-content\/uploads\/2023\/06\/darmflora-test-erwachsene-800x800.webp 800w, https:\/\/biomes.world\/wp-content\/uploads\/2023\/06\/darmflora-test-erwachsene-250x250.webp 250w, https:\/\/biomes.world\/wp-content\/uploads\/2023\/06\/darmflora-test-erwachsene-100x100.webp 100w, https:\/\/biomes.world\/wp-content\/uploads\/2023\/06\/darmflora-test-erwachsene-400x400.webp 400w, https:\/\/biomes.world\/wp-content\/uploads\/2023\/06\/darmflora-test-erwachsene.webp 1206w\" sizes=\"auto, (max-width: 30em) 100vw, (max-width: 48em) 100vw, (max-width: 62em) 1000vw, (max-width: 75em) 800px, 800px\" \/><div class=\"figure_tag\">159 EUR<\/div>        <\/div>\n        <div class=\"vertical_center_child white-background\">\n            <div>\n                <h2>Finde heraus, was deinem Darm gut tut<\/h2>                <p>Bestelle jetzt die Darmfloraanalyse <b>INTEST.<\/b>pro und starte ein gl\u00fcckliches Leben.<\/p>                <button class=\"yellow_theme--button yellow\"><a href=\"https:\/\/shop.biomes.world\/products\/intest-pro\">Starte jetzt!<\/a><\/button>\n            <\/div>\n        <\/div>\n    <\/section>\n\n\n\n<p id=\"fn-1\" style=\"font-size:10px\">1. Siegers, C. P. (2008): Release of heavy metals (cadmium, mercury) from human blood and urine by Cystus Sud; Planta Medica. https:\/\/mypfadfinder.com\/entschlacken-des-koerpers\/<a href=\"http:\/\/biomes.world\/de\/wissenswertes\/detox\/koerper-entschlacken\/#fnref-1\">\u21a9<\/a><\/p>\n\n\n\n<p id=\"fn-\" style=\"font-size:10px\">2. Cho I, Blaser M J. The human microbiome: at the interface of health and disease. Nature Reviews Genetics 2012:13, 260-270. https:\/\/www.nature.com\/articles\/nrg3182<a href=\"http:\/\/biomes.world\/de\/wissenswertes\/detox\/koerper-entschlacken\/#fnref-2\">\u21a9<\/a><\/p>\n\n\n\n<p><\/p>\n","protected":false},"excerpt":{"rendered":"<p>Entschlackungskuren sollen den K\u00f6rper von Giftstoffen befreien und ihn bei der Regeneration unterst\u00fctzen. Anleitungen f\u00fcr Entschlackungskuren gibt es viele \u2013 doch welche davon sind wirklich sinnvoll? Wir haben f\u00fcr dich die Studienlage \u00fcberpr\u00fcft und zeigen dir hier, wie du deinem K\u00f6rper etwas Gutes tun kannst. Kurz gefasst: Immer mehr Menschen nutzen Entschlackungskuren wie Rohkostdi\u00e4ten und [&#8230;]<\/p>\n","protected":false},"author":3168,"featured_media":0,"parent":340032,"menu_order":0,"comment_status":"closed","ping_status":"closed","template":"","meta":{"_acf_changed":false,"footnotes":""},"class_list":["post-590842","page","type-page","status-publish","hentry"],"acf":[],"yoast_head":"<!-- This site is optimized with the Yoast SEO plugin v27.4 - https:\/\/yoast.com\/product\/yoast-seo-wordpress\/ -->\n<title>K\u00f6rper entschlacken - BIOMES - Feel better<\/title>\n<meta name=\"description\" content=\"M\u00f6chtest du deinen K\u00f6rper entgiften und dich erfrischt und gesund f\u00fchlen? Entdecke die besten Tipps und Methoden.\" \/>\n<meta name=\"robots\" content=\"index, follow, max-snippet:-1, max-image-preview:large, max-video-preview:-1\" \/>\n<link rel=\"canonical\" href=\"https:\/\/biomes.world\/de\/wissenswertes\/detox\/koerper-entschlacken\/\" \/>\n<meta property=\"og:locale\" content=\"de_DE\" \/>\n<meta property=\"og:type\" content=\"article\" \/>\n<meta property=\"og:title\" content=\"K\u00f6rper entschlacken - BIOMES - Feel better\" \/>\n<meta property=\"og:description\" content=\"M\u00f6chtest du deinen K\u00f6rper entgiften und dich erfrischt und gesund f\u00fchlen? Entdecke die besten Tipps und Methoden.\" \/>\n<meta property=\"og:url\" content=\"https:\/\/biomes.world\/de\/wissenswertes\/detox\/koerper-entschlacken\/\" \/>\n<meta property=\"og:site_name\" content=\"BIOMES - Feel better\" \/>\n<meta property=\"article:publisher\" content=\"https:\/\/de-de.facebook.com\/BIOMES.world\/\" \/>\n<meta property=\"article:modified_time\" content=\"2024-04-10T10:15:40+00:00\" \/>\n<meta property=\"og:image\" content=\"http:\/\/biomes.world\/wp-content\/uploads\/2019\/09\/Depositphotos_169298664_s-2019.jpg\" \/>\n<meta name=\"twitter:card\" content=\"summary_large_image\" \/>\n<meta name=\"twitter:label1\" content=\"Gesch\u00e4tzte Lesezeit\" \/>\n\t<meta name=\"twitter:data1\" content=\"5\u00a0Minuten\" \/>\n<script type=\"application\/ld+json\" class=\"yoast-schema-graph\">{\"@context\":\"https:\\\/\\\/schema.org\",\"@graph\":[{\"@type\":\"WebPage\",\"@id\":\"https:\\\/\\\/biomes.world\\\/de\\\/wissenswertes\\\/detox\\\/koerper-entschlacken\\\/\",\"url\":\"https:\\\/\\\/biomes.world\\\/de\\\/wissenswertes\\\/detox\\\/koerper-entschlacken\\\/\",\"name\":\"K\u00f6rper entschlacken - BIOMES - Feel better\",\"isPartOf\":{\"@id\":\"https:\\\/\\\/biomes.world\\\/de\\\/#website\"},\"primaryImageOfPage\":{\"@id\":\"https:\\\/\\\/biomes.world\\\/de\\\/wissenswertes\\\/detox\\\/koerper-entschlacken\\\/#primaryimage\"},\"image\":{\"@id\":\"https:\\\/\\\/biomes.world\\\/de\\\/wissenswertes\\\/detox\\\/koerper-entschlacken\\\/#primaryimage\"},\"thumbnailUrl\":\"http:\\\/\\\/biomes.world\\\/wp-content\\\/uploads\\\/2019\\\/09\\\/Depositphotos_169298664_s-2019.jpg\",\"datePublished\":\"2022-05-30T14:55:04+00:00\",\"dateModified\":\"2024-04-10T10:15:40+00:00\",\"description\":\"M\u00f6chtest du deinen K\u00f6rper entgiften und dich erfrischt und gesund f\u00fchlen? Entdecke die besten Tipps und Methoden.\",\"breadcrumb\":{\"@id\":\"https:\\\/\\\/biomes.world\\\/de\\\/wissenswertes\\\/detox\\\/koerper-entschlacken\\\/#breadcrumb\"},\"inLanguage\":\"de\",\"potentialAction\":[{\"@type\":\"ReadAction\",\"target\":[\"https:\\\/\\\/biomes.world\\\/de\\\/wissenswertes\\\/detox\\\/koerper-entschlacken\\\/\"]}]},{\"@type\":\"ImageObject\",\"inLanguage\":\"de\",\"@id\":\"https:\\\/\\\/biomes.world\\\/de\\\/wissenswertes\\\/detox\\\/koerper-entschlacken\\\/#primaryimage\",\"url\":\"http:\\\/\\\/biomes.world\\\/wp-content\\\/uploads\\\/2019\\\/09\\\/Depositphotos_169298664_s-2019.jpg\",\"contentUrl\":\"http:\\\/\\\/biomes.world\\\/wp-content\\\/uploads\\\/2019\\\/09\\\/Depositphotos_169298664_s-2019.jpg\"},{\"@type\":\"BreadcrumbList\",\"@id\":\"https:\\\/\\\/biomes.world\\\/de\\\/wissenswertes\\\/detox\\\/koerper-entschlacken\\\/#breadcrumb\",\"itemListElement\":[{\"@type\":\"ListItem\",\"position\":1,\"name\":\"Home\",\"item\":\"https:\\\/\\\/biomes.world\\\/de\\\/\"},{\"@type\":\"ListItem\",\"position\":2,\"name\":\"My Health, My Life\",\"item\":\"https:\\\/\\\/biomes.world\\\/de\\\/wissenswertes\\\/\"},{\"@type\":\"ListItem\",\"position\":3,\"name\":\"Kategorie: Detox\",\"item\":\"https:\\\/\\\/biomes.world\\\/de\\\/wissenswertes\\\/detox\\\/\"},{\"@type\":\"ListItem\",\"position\":4,\"name\":\"K\u00f6rper entschlacken\"}]},{\"@type\":\"WebSite\",\"@id\":\"https:\\\/\\\/biomes.world\\\/de\\\/#website\",\"url\":\"https:\\\/\\\/biomes.world\\\/de\\\/\",\"name\":\"BIOMES - Feel better\",\"description\":\"Cutting-edge biotechnology used to help people\",\"publisher\":{\"@id\":\"https:\\\/\\\/biomes.world\\\/de\\\/#organization\"},\"potentialAction\":[{\"@type\":\"SearchAction\",\"target\":{\"@type\":\"EntryPoint\",\"urlTemplate\":\"https:\\\/\\\/biomes.world\\\/de\\\/?s={search_term_string}\"},\"query-input\":{\"@type\":\"PropertyValueSpecification\",\"valueRequired\":true,\"valueName\":\"search_term_string\"}}],\"inLanguage\":\"de\"},{\"@type\":\"Organization\",\"@id\":\"https:\\\/\\\/biomes.world\\\/de\\\/#organization\",\"name\":\"BIOMES 4.0 GmbH\",\"url\":\"https:\\\/\\\/biomes.world\\\/de\\\/\",\"logo\":{\"@type\":\"ImageObject\",\"inLanguage\":\"de\",\"@id\":\"https:\\\/\\\/biomes.world\\\/de\\\/#\\\/schema\\\/logo\\\/image\\\/\",\"url\":\"http:\\\/\\\/biomes.world\\\/wp-content\\\/uploads\\\/2024\\\/04\\\/biomes_logo_2021_RGB.png\",\"contentUrl\":\"http:\\\/\\\/biomes.world\\\/wp-content\\\/uploads\\\/2024\\\/04\\\/biomes_logo_2021_RGB.png\",\"width\":10040,\"height\":2599,\"caption\":\"BIOMES 4.0 GmbH\"},\"image\":{\"@id\":\"https:\\\/\\\/biomes.world\\\/de\\\/#\\\/schema\\\/logo\\\/image\\\/\"},\"sameAs\":[\"https:\\\/\\\/de-de.facebook.com\\\/BIOMES.world\\\/\",\"https:\\\/\\\/www.youtube.com\\\/@BIOMESworld\",\"https:\\\/\\\/www.instagram.com\\\/biomes_official\\\/\"]}]}<\/script>\n<!-- \/ Yoast SEO plugin. -->","yoast_head_json":{"title":"K\u00f6rper entschlacken - BIOMES - Feel better","description":"M\u00f6chtest du deinen K\u00f6rper entgiften und dich erfrischt und gesund f\u00fchlen? Entdecke die besten Tipps und Methoden.","robots":{"index":"index","follow":"follow","max-snippet":"max-snippet:-1","max-image-preview":"max-image-preview:large","max-video-preview":"max-video-preview:-1"},"canonical":"https:\/\/biomes.world\/de\/wissenswertes\/detox\/koerper-entschlacken\/","og_locale":"de_DE","og_type":"article","og_title":"K\u00f6rper entschlacken - BIOMES - Feel better","og_description":"M\u00f6chtest du deinen K\u00f6rper entgiften und dich erfrischt und gesund f\u00fchlen? Entdecke die besten Tipps und Methoden.","og_url":"https:\/\/biomes.world\/de\/wissenswertes\/detox\/koerper-entschlacken\/","og_site_name":"BIOMES - Feel better","article_publisher":"https:\/\/de-de.facebook.com\/BIOMES.world\/","article_modified_time":"2024-04-10T10:15:40+00:00","og_image":[{"url":"http:\/\/biomes.world\/wp-content\/uploads\/2019\/09\/Depositphotos_169298664_s-2019.jpg","type":"","width":"","height":""}],"twitter_card":"summary_large_image","twitter_misc":{"Gesch\u00e4tzte Lesezeit":"5\u00a0Minuten"},"schema":{"@context":"https:\/\/schema.org","@graph":[{"@type":"WebPage","@id":"https:\/\/biomes.world\/de\/wissenswertes\/detox\/koerper-entschlacken\/","url":"https:\/\/biomes.world\/de\/wissenswertes\/detox\/koerper-entschlacken\/","name":"K\u00f6rper entschlacken - BIOMES - Feel better","isPartOf":{"@id":"https:\/\/biomes.world\/de\/#website"},"primaryImageOfPage":{"@id":"https:\/\/biomes.world\/de\/wissenswertes\/detox\/koerper-entschlacken\/#primaryimage"},"image":{"@id":"https:\/\/biomes.world\/de\/wissenswertes\/detox\/koerper-entschlacken\/#primaryimage"},"thumbnailUrl":"http:\/\/biomes.world\/wp-content\/uploads\/2019\/09\/Depositphotos_169298664_s-2019.jpg","datePublished":"2022-05-30T14:55:04+00:00","dateModified":"2024-04-10T10:15:40+00:00","description":"M\u00f6chtest du deinen K\u00f6rper entgiften und dich erfrischt und gesund f\u00fchlen? Entdecke die besten Tipps und Methoden.","breadcrumb":{"@id":"https:\/\/biomes.world\/de\/wissenswertes\/detox\/koerper-entschlacken\/#breadcrumb"},"inLanguage":"de","potentialAction":[{"@type":"ReadAction","target":["https:\/\/biomes.world\/de\/wissenswertes\/detox\/koerper-entschlacken\/"]}]},{"@type":"ImageObject","inLanguage":"de","@id":"https:\/\/biomes.world\/de\/wissenswertes\/detox\/koerper-entschlacken\/#primaryimage","url":"http:\/\/biomes.world\/wp-content\/uploads\/2019\/09\/Depositphotos_169298664_s-2019.jpg","contentUrl":"http:\/\/biomes.world\/wp-content\/uploads\/2019\/09\/Depositphotos_169298664_s-2019.jpg"},{"@type":"BreadcrumbList","@id":"https:\/\/biomes.world\/de\/wissenswertes\/detox\/koerper-entschlacken\/#breadcrumb","itemListElement":[{"@type":"ListItem","position":1,"name":"Home","item":"https:\/\/biomes.world\/de\/"},{"@type":"ListItem","position":2,"name":"My Health, My Life","item":"https:\/\/biomes.world\/de\/wissenswertes\/"},{"@type":"ListItem","position":3,"name":"Kategorie: Detox","item":"https:\/\/biomes.world\/de\/wissenswertes\/detox\/"},{"@type":"ListItem","position":4,"name":"K\u00f6rper entschlacken"}]},{"@type":"WebSite","@id":"https:\/\/biomes.world\/de\/#website","url":"https:\/\/biomes.world\/de\/","name":"BIOMES - Feel better","description":"Cutting-edge biotechnology used to help people","publisher":{"@id":"https:\/\/biomes.world\/de\/#organization"},"potentialAction":[{"@type":"SearchAction","target":{"@type":"EntryPoint","urlTemplate":"https:\/\/biomes.world\/de\/?s={search_term_string}"},"query-input":{"@type":"PropertyValueSpecification","valueRequired":true,"valueName":"search_term_string"}}],"inLanguage":"de"},{"@type":"Organization","@id":"https:\/\/biomes.world\/de\/#organization","name":"BIOMES 4.0 GmbH","url":"https:\/\/biomes.world\/de\/","logo":{"@type":"ImageObject","inLanguage":"de","@id":"https:\/\/biomes.world\/de\/#\/schema\/logo\/image\/","url":"http:\/\/biomes.world\/wp-content\/uploads\/2024\/04\/biomes_logo_2021_RGB.png","contentUrl":"http:\/\/biomes.world\/wp-content\/uploads\/2024\/04\/biomes_logo_2021_RGB.png","width":10040,"height":2599,"caption":"BIOMES 4.0 GmbH"},"image":{"@id":"https:\/\/biomes.world\/de\/#\/schema\/logo\/image\/"},"sameAs":["https:\/\/de-de.facebook.com\/BIOMES.world\/","https:\/\/www.youtube.com\/@BIOMESworld","https:\/\/www.instagram.com\/biomes_official\/"]}]}},"_links":{"self":[{"href":"https:\/\/biomes.world\/de\/wp-json\/wp\/v2\/pages\/590842","targetHints":{"allow":["GET"]}}],"collection":[{"href":"https:\/\/biomes.world\/de\/wp-json\/wp\/v2\/pages"}],"about":[{"href":"https:\/\/biomes.world\/de\/wp-json\/wp\/v2\/types\/page"}],"author":[{"embeddable":true,"href":"https:\/\/biomes.world\/de\/wp-json\/wp\/v2\/users\/3168"}],"replies":[{"embeddable":true,"href":"https:\/\/biomes.world\/de\/wp-json\/wp\/v2\/comments?post=590842"}],"version-history":[{"count":3,"href":"https:\/\/biomes.world\/de\/wp-json\/wp\/v2\/pages\/590842\/revisions"}],"predecessor-version":[{"id":632146,"href":"https:\/\/biomes.world\/de\/wp-json\/wp\/v2\/pages\/590842\/revisions\/632146"}],"up":[{"embeddable":true,"href":"https:\/\/biomes.world\/de\/wp-json\/wp\/v2\/pages\/340032"}],"wp:attachment":[{"href":"https:\/\/biomes.world\/de\/wp-json\/wp\/v2\/media?parent=590842"}],"curies":[{"name":"wp","href":"https:\/\/api.w.org\/{rel}","templated":true}]}}