{"id":580648,"date":"2021-09-27T15:39:07","date_gmt":"2021-09-27T13:39:07","guid":{"rendered":"http:\/\/biomes.world\/?page_id=580648"},"modified":"2022-06-30T12:41:31","modified_gmt":"2022-06-30T10:41:31","slug":"webinar-anmeldung","status":"publish","type":"page","link":"https:\/\/biomes.world\/de\/webinar-anmeldung\/","title":{"rendered":"Webinar Anmeldung"},"content":{"rendered":"<div\n    id=\"hero-teaser-block_6151c532d2de7\"\n    class=\"hero-teaser hero-teaser--reverse site-block\"\n>\n    <div class=\"hero-teaser__media\">\n        <img decoding=\"async\"\n            src=\"https:\/\/biomes.world\/wp-content\/uploads\/2022\/06\/zg-bgm.jpg\"\n            alt=\"\"\n            srcset=\"https:\/\/biomes.world\/wp-content\/uploads\/2022\/06\/zg-bgm-300x244.jpg 300w, https:\/\/biomes.world\/wp-content\/uploads\/2022\/06\/zg-bgm-768x624.jpg 768w, https:\/\/biomes.world\/wp-content\/uploads\/2022\/06\/zg-bgm-250x203.jpg 250w, https:\/\/biomes.world\/wp-content\/uploads\/2022\/06\/zg-bgm.jpg 800w\"\n            sizes=\"(max-width: 30em) 100vw, (max-width: 48em) 100vw, (max-width: 62em) 100vw, (max-width: 75em) 100vw, 1400px\t\"\n        >\n    <\/div>\n    <div class=\"hero-teaser__header\">\n        <div class=\"hero-teaser__col column\">\n            <h2 class=\"hero-teaser__title\">\n                <span>Live-Webinar zum Thema BGM<\/span>\n                Wie Ihre Ma\u00dfnahmen messbar werden            <\/h2>\n            \n\n<p>In unserem kostenfreien Live-Webinar f\u00fcr Beratende im Betrieblichen Gesundheitsmanagement geht es darum, wie Sie Ihre Beratung mit wissenschaftlichem Fundament st\u00e4rken und den Erfolg Ihrer Ma\u00dfnahmen messbar machen.&nbsp;<\/p>\n\n        <\/div>\n    <\/div>\n<\/div>\n\n\n\n<h2 class=\"wp-block-heading\" id=\"h-sub-nicht-verpassen-sub-donnerstag-30-juni-um-16-30-uhr\"><span class=\"subheader\"><strong>Nicht verpassen<\/strong><\/span> <strong><strong>Donnerstag, 30. Juni um 16:30 Uhr<\/strong><\/strong><\/h2>\n\n\n\n<p><\/p>\n\n\n\n<p>Melden Sie sich jetzt f\u00fcr das kostenfreie Live-Webinar an. Alles Weitere ist ganz einfach: Sie erhalten eine E-Mail mit einem Best\u00e4tigungsklick. Nach einem Klick sind Sie angemeldet und erhalten am Webinar-Tag eine E-Mail mit dem Link zum Live-Webinar. Wir freuen uns auf Ihre Teilnahme!\u202f<\/p>\n\n\n\n<hr class=\"wp-block-separator has-css-opacity\"\/>\n\n\n\n<p class=\"has-text-align-center\"><\/p>\n\n\n\n<p> <\/p>\n\n\n\n<p><\/p>\n\n\n\n<p><\/p>\n\n\n\n<p><\/p>\n\n\n\n<p><\/p>\n\n\n\n<h2 class=\"wp-block-heading\" id=\"h-mit-wenigen-informationen-anmelden\">Mit wenigen Informationen anmelden&nbsp;<\/h2>\n\n\n<div class=\"site-blockspace--both zohoform\"><!--Zoho Marketing Automation Web-Optin Form Starts Here--><div id=\"sf3zac749285fa1047ab45a70d4dbbeb5014ae664bffe4883e60f0fe5008e0e48390\" data-type=\"signupform\" style=\"margin-top: -65px\"><div id=\"customForm\"><input type=\"hidden\" id=\"recapTheme\" value=\"2\"><input type=\"hidden\" id=\"recapMode\" value=\"70822000061515526\"><input type=\"hidden\" id=\"signupFormType\" value=\"LargeForm_Vertical\"><div name=\"SIGNUP_PAGE\" id=\"SIGNUP_PAGE\" class=\"SIGNUP_PAGE large_form_2_css\"><div><div name=\"\" changeid=\"\" changename=\"\"><div id=\"imgBlock\" name=\"LOGO_DIV\" logo=\"true\"><img decoding=\"async\" valign=\"middle\" src=\"https:\/\/campaign-image.eu\/zohocampaigns\/14acb55c29_biomes_logo_1000px_6.png\" name=\"LOGO\" id=\"iframeImg\"><\/div><\/div><br><div id=\"signupMainDiv\" name=\"SIGNUPFORM\" changeid=\"SIGNUPFORM\" changename=\"SIGNUPFORM\"><div><div style=\"position:relative;\"><div id=\"Zc_SignupSuccess\" style=\"display:none;position:absolute;margin-left:4%;width:90%;background-color: white; padding: 3px; border: 3px solid rgb(194, 225, 154); margin-top: 10px;margin-bottom:10px;word-break:break-all \"><table width=\"100%\" cellpadding=\"0\" cellspacing=\"0\" border=\"0\"><tbody><tr><td width=\"10%\"><img decoding=\"async\" loading=lazy class=\"successicon\" src=\"https:\/\/sngh.maillist-manage.eu\/images\/challangeiconenable.jpg\" align=\"absmiddle\"><\/td><td><span id=\"signupSuccessMsg\" style=\"color: rgb(73, 140, 132); font-family: sans-serif; font-size: 14px;word-break:break-word\">&nbsp;&nbsp;Thank you for Signing Up<\/span><\/td><\/tr><\/tbody><\/table><\/div><\/div><form method=\"POST\" id=\"zcampaignOptinForm\" action=\"https:\/\/sngh.maillist-manage.eu\/weboptin.zc\" target=\"_blank\"><div id=\"SIGNUP_BODY_ALL\" name=\"SIGNUP_BODY_ALL\"><h2 id=\"SIGNUP_HEADING\" name=\"SIGNUP_HEADING\" changeid=\"SIGNUP_MSG\" changetype=\"SIGNUP_HEADER\">BIOMES-WEBINAR 30. Juni 2022<\/h2><div id=\"SIGNUP_BODY\" name=\"SIGNUP_BODY\"; \"><div><div class=\"\" changeid=\"SIGNUP_MSG\" id=\"SIGNUP_DESCRIPTION\" changetype=\"SIGNUP_DESCRIPTION\" style=\"color: black\">Ich m\u00f6chte mich gerne zum Webinar am 30. Juni 2022 anmelden:<\/div><div id=\"errorMsgDiv\">&nbsp;&nbsp;Bitte korrigieren Sie die nachstehenden markierten Felder.<\/div><div><div name=\"fieldsdivSf\" class=\"zcsffieldsdiv\"><div class=\"zcsffield \" fieldid=\"70822000000000019\"><div><div name=\"SIGNUP_FORM_LABEL\">Vorname&nbsp; <span name=\"SIGNUP_REQUIRED\">*<\/span><\/div><div><!-- check to mark emailid field as type email, and other mandatory fields as type required --><input name=\"FIRSTNAME\" changeitem=\"SIGNUP_FORM_FIELD\" maxlength=\"100\" type=\"text\" required=\"true\" value=\"\"><\/div><\/div><div><\/div><\/div><div class=\"zcsffield \" fieldid=\"70822000000000021\"><div><div name=\"SIGNUP_FORM_LABEL\">Nachname&nbsp;<span name=\"SIGNUP_REQUIRED\">*<\/span><\/div><div><!-- check to mark emailid field as type email, and other mandatory fields as type required --><input name=\"LASTNAME\" changeitem=\"SIGNUP_FORM_FIELD\" maxlength=\"100\" type=\"text\" required=\"true\" value=\"\"><\/div><\/div><div><\/div><\/div><div class=\"zcsffield \" fieldid=\"70822000000000025\"><div><div name=\"SIGNUP_FORM_LABEL\">Name meines Unternehmens&nbsp;<span name=\"SIGNUP_REQUIRED\">*<\/span><\/div><div><!-- check to mark emailid field as type email, and other mandatory fields as type required --><input name=\"COMPANYNAME\" changeitem=\"SIGNUP_FORM_FIELD\" maxlength=\"100\" type=\"text\" required=\"true\" value=\"\"><\/div><\/div><div><\/div><\/div><div class=\"zcsffield \" fieldid=\"70822000000000015\"><div><div name=\"SIGNUP_FORM_LABEL\">E-Mail-Adresse&nbsp;<span name=\"SIGNUP_REQUIRED\">*<\/span><\/div><div><!-- check to mark emailid field as type email, and other mandatory fields as type required --><input name=\"CONTACT_EMAIL\" changeitem=\"SIGNUP_FORM_FIELD\" maxlength=\"100\" type=\"email\" required=\"true\" value=\"\"><\/div><\/div><div><\/div><\/div><div class=\"zcsffield \" fieldid=\"70822000004329001\"><div><div name=\"SIGNUP_FORM_LABEL\">Telefonnummer&nbsp;<\/div><div><!-- check to mark emailid field as type email, and other mandatory fields as type required --><input name=\"CONTACT_CF32\" changeitem=\"SIGNUP_FORM_FIELD\" maxlength=\"100\" type=\"text\" value=\"\"><\/div><\/div><div><\/div><\/div><\/div><!-- Captcha for Signup --><div class=\"recapDivlight recaptcha\" id=\"recapDiv\"><\/div><input type=\"hidden\" id=\"secretid\" value=\"6LdNeDUUAAAAAG5l7cJfv1AA5OKLslkrOa_xXxLs\"><!-- Captcha for Signup End--><!-- Other Lists Subscription Start--><!-- Other Lists Subscription End--><div><\/div><div id=\" REQUIRED_FIELD_TEXT\" changetype=\"REQUIRED_FIELD_TEXT\" name=\"SIGNUP_REQUIRED\">*Pflichtfeld<\/div><div name=\"privacyPolicy\"><input type=\"checkbox\" name=\"PRIVACY_POLICY\" value=\"PRIVACY_AGREED\"><span style=\"vertical-align:middle;margin-left:5px\">Hiermit willige ich in die Verarbeitung meiner E-Mail-Adresse und meines Vor- und Nachnamens zum Zwecke der Kontaktaufnahme durch das Vertriebsteam von BIOMES ein. Die Einwilligung kann jederzeit ohne Angaben von Gr\u00fcnden widerrufen werden. Weitere Informationen finden Sie in unseren&nbsp; <a href=\"http:\/\/biomes.world\/de\/rechtliches\/datenschutz\/\" target=\"_blank\" rel=\"noopener\">Datenschutzbestimmungen<\/a>&nbsp;und&nbsp; <a href=\"http:\/\/biomes.world\/de\/rechtliches\/zweckbestimmung\/\" target=\"_blank\" rel=\"noopener\">Zweckbestimmungen.<\/a>&nbsp;<\/span><\/div><div><input type=\"submit\" class=\"wp-block-button__link\" action=\"Save\" id=\"zcWebOptin\" name=\"SIGNUP_SUBMIT_BUTTON\" changetype=\"SIGNUP_SUBMIT_BUTTON_TEXT\" value=\"Einsenden\"><\/div><!-- Do not edit the below Zoho Campaigns hidden tags --><input type=\"hidden\" id=\"fieldBorder\" value=\"rgb(222, 222, 222)\"><input type=\"hidden\" name=\"zc_trackCode\" id=\"zc_trackCode\" value=\"ZCFORMVIEW\" onload=\"\"><input type=\"hidden\" id=\"submitType\" name=\"submitType\" value=\"optinCustomView\"><input type=\"hidden\" id=\"lD\" name=\"lD\" value=\"1fb9c3bdbe44529\"><input type=\"hidden\" name=\"emailReportId\" id=\"emailReportId\" value=\"\"><input type=\"hidden\" name=\"zx\" id=\"cmpZuid\" value=\"14acb55c29\"><input type=\"hidden\" name=\"zcvers\" value=\"2.0\"><input type=\"hidden\" name=\"oldListIds\" id=\"allCheckedListIds\" value=\"\"><input type=\"hidden\" id=\"mode\" name=\"mode\" value=\"OptinCreateView\"><input type=\"hidden\" id=\"zcld\" name=\"zcld\" value=\"1fb9c3bdbe44529\"><input type=\"hidden\" id=\"zctd\" name=\"zctd\" value=\"\"><input type=\"hidden\" id=\"document_domain\" value=\"zoho.eu\"><input type=\"hidden\" id=\"zc_Url\" value=\"sngh.maillist-manage.eu\"><input type=\"hidden\" id=\"new_optin_response_in\" value=\"0\"><input type=\"hidden\" id=\"duplicate_optin_response_in\" value=\"0\"><input type=\"hidden\" id=\"zc_formIx\" name=\"zc_formIx\" value=\"3zac749285fa1047ab45a70d4dbbeb5014ae664bffe4883e60f0fe5008e0e48390\"><!-- End of the campaigns hidden tags --><\/div><\/div><input type=\"hidden\" id=\"isCaptchaNeeded\" value=\"false\"><\/div><\/div><input type=\"hidden\" id=\"scriptless\" name=\"scriptless\" value=\"yes\"><\/form><\/div><\/div><\/div><\/div><\/div><\/div><div id=\"zcOptinOverLay\" oncontextmenu=\"return false\" style=\"display:none;text-align: center; background-color: rgb(0, 0, 0); opacity: 0.5; z-index: 100; position: fixed; width: 100%; top: 0px; left: 0px; height: 988px;\"><\/div><div id=\"zcOptinSuccessPopup\" style=\"display:none;z-index: 9999;width: 800px; height: 40%;top: 84px;position: fixed; left: 26%;background-color: #FFFFFF;border-color: #E6E6E6; border-style: solid; border-width: 1px; box-shadow: 0 1px 10px #424242;padding: 35px;\"><span style=\"position: absolute;top: -16px;right:-14px;z-index:99999;cursor: pointer;\" id=\"closeSuccess\"><img decoding=\"async\" src=\"https:\/\/sngh.maillist-manage.eu\/images\/videoclose.png\"><\/span><div id=\"zcOptinSuccessPanel\"><\/div><\/div><!--Zoho Marketing Automation Web-Optin Form Ends Here--><\/div>\n\n\n<div id=\"textpic-images-block_6151c849d2e2d\" class=\"textpic--imageslide textpic textpic-images site-block\">\n<div class=\"textpic__wrap\">\n    <div class=\"textpic__row expanded row\">\n        <div class=\"textpic__media\">\n                            <div class=\"textpic__slide\">\n                                        <div class=\"textpic__item\">\n                        <img loading=\"lazy\" decoding=\"async\" width=\"800\" height=\"800\" src=\"https:\/\/biomes.world\/wp-content\/uploads\/2019\/07\/Ernaehrungsplan-erstellen-800x800.jpg\" class=\"attachment-post-square size-post-square\" alt=\"Ern\u00e4hrungsplan erstellen Assoziationsbild\" srcset=\"https:\/\/biomes.world\/wp-content\/uploads\/2019\/07\/Ernaehrungsplan-erstellen-800x800.jpg 800w, https:\/\/biomes.world\/wp-content\/uploads\/2019\/07\/Ernaehrungsplan-erstellen-150x150.jpg 150w, https:\/\/biomes.world\/wp-content\/uploads\/2019\/07\/Ernaehrungsplan-erstellen-100x100.jpg 100w, https:\/\/biomes.world\/wp-content\/uploads\/2019\/07\/Ernaehrungsplan-erstellen-400x400.jpg 400w\" sizes=\"auto, (max-width: 800px) 100vw, 800px\" \/>                    <\/div>\n                                    <\/div>\n                    <\/div>\n\n        <div class=\"textpic__pull--text textpic__pull\">\n            <div class=\"textpic__text\">\n                <div class=\"h2\">\n                    <span class=\"sub-header\">Webinar-Inhalte<\/span>\n                    In ca. 50 Minuten lernen Sie L\u00f6sungen kennen:                 <\/div>\n                <p>&nbsp;<\/p>\n<ol>\n<li><span class=\"TextRun SCXW52041079 BCX9\" lang=\"DE-DE\" xml:lang=\"DE-DE\" data-contrast=\"auto\"><span class=\"NormalTextRun SCXW52041079 BCX9\">die helfen, Verbesserungen durch Ihre BGF-Arbeit messbar zu belegen<\/span><\/span><\/li>\n<li>die Ihrem BGM-Partner die Sinnhaftigkeit der Investitionen in Sie und Ihre Ma\u00dfnahmen aufzeigen<\/li>\n<li>die Ihnen helfen, Ihre Auftraggeber langfristig zu \u00fcberzeugen und wiederholt zu gewinnen<\/li>\n<\/ol>\n<p><span class=\"TextRun SCXW126684396 BCX9\" lang=\"DE-DE\" xml:lang=\"DE-DE\" data-contrast=\"auto\"><span class=\"NormalTextRun SCXW126684396 BCX9\">Werden Sie <\/span><span class=\"NormalTextRun SCXW126684396 BCX9\">wissenschaftlich, messbar und <\/span><\/span><em><span class=\"TextRun SCXW126684396 BCX9\" lang=\"DE-DE\" xml:lang=\"DE-DE\" data-contrast=\"auto\"><span class=\"NormalTextRun SCXW126684396 BCX9\">nachweislich<\/span><\/span><\/em><span class=\"TextRun SCXW126684396 BCX9\" lang=\"DE-DE\" xml:lang=\"DE-DE\" data-contrast=\"auto\"><span class=\"NormalTextRun SCXW126684396 BCX9\"> kompetent<\/span><span class=\"NormalTextRun SCXW126684396 BCX9\">.\u00a0<\/span><\/span><span class=\"EOP SCXW126684396 BCX9\" data-ccp-props=\"{}\">\u00a0<\/span><\/p>\n            <\/div>\n        <\/div>\n    <\/div>\n<\/div>\n<\/div>\n\n\n\n<hr class=\"wp-block-separator has-css-opacity\"\/>\n\n\n\n<p><strong>Dieses Webinar richtet sich speziell an:<\/strong> Akteur*innen im Bereich der Betrieblichen Gesundheitsf\u00f6rderung und des Betrieblichen Gesundheitsmanagements<\/p>\n\n\n\n<p><\/p>\n\n\n\n<h2 class=\"wp-block-heading\" id=\"h-sub-webinar-sub-ihre-modertor-innen\"> <span class=\"subheader\">Webinar<\/span><strong><strong>Ihre Modertor*innen<\/strong><\/strong><\/h2>\n\n\n\n<p>Jeanette Fritsch und Dr. Paul Hammer schlagen die Br\u00fccke von Wissenschaft zu Beratungsexpertise und setzen sich f\u00fcr die Interessen des Bundesverbandes f\u00fcr Betriebliches Gesundheitsmanagement ein.&nbsp;&nbsp;<\/p>\n\n\n<div id=\"teaser-block_6152ff31a5021\" class=\"wp-block-biomesworld-teaser site-blockspace--both site-block\">\n    <div class=\"wp-block-biomesworld-teaser__row row xs-up-1 md-up-2 lg-up-2\">\n                                    <div class=\"wp-block-biomesworld-teaser__col column\">\n                    <a href=\"mailto:Vertrieb@biomes.world\" class=\"wp-block-biomesworld-teaser__item\">                        <span class=\"wp-block-biomesworld-teaser__media\">\n                            <svg xmlns=\"http:\/\/www.w3.org\/2000\/svg\" viewBox=\"0 0 400 358.6\" preserveAspectRatio=\"xMaxYMax slice\">\n                            <image xlink:href=\"https:\/\/biomes.world\/wp-content\/uploads\/2021\/09\/Jaenette_Gross-400x360.png\"  clip-path=\"url(#clip-teaser)\"\/>                                <clipPath id=\"clip-teaser\">\n                                    <path d=\"M277.3,0H122.7c-16.2,0-31.2,8.7-39.3,22.7L6.1,156.6c-8.1,14-8.1,31.3,0,45.4l77.3,133.9 c8.1,14,23.1,22.7,39.3,22.7h154.6c16.2,0,31.2-8.7,39.3-22.7L393.9,202c8.1-14,8.1-31.3,0-45.4L316.6,22.7 C308.5,8.7,293.5,0,277.3,0z\"\/>\n                                <\/clipPath>&#8218;;\n                                                        <\/svg>\n                        <\/span>\n                        <span class=\"wp-block-biomesworld-teaser__text\">\n                            <b>Jeanette N. Fritsch<\/b>Vitalstoffberaterin, Gesundheits- und Pr\u00e4ventionscoach, Themenschwerpunkt Frauen 40+ Jahre <br \/>\r\n                        <\/span>\n                    <\/a>                <\/div>\n                            <div class=\"wp-block-biomesworld-teaser__col column\">\n                    <div class=\"wp-block-biomesworld-teaser__item\">                        <span class=\"wp-block-biomesworld-teaser__media\">\n                            <svg xmlns=\"http:\/\/www.w3.org\/2000\/svg\" viewBox=\"0 0 400 358.6\" preserveAspectRatio=\"xMaxYMax slice\">\n                            <image xlink:href=\"https:\/\/biomes.world\/wp-content\/uploads\/2021\/06\/CEO_Dr._Paul_Hammer_Expertenprofilbild-400x360.png\"  clip-path=\"url(#clip-teaser)\"\/>                                <clipPath id=\"clip-teaser\">\n                                    <path d=\"M277.3,0H122.7c-16.2,0-31.2,8.7-39.3,22.7L6.1,156.6c-8.1,14-8.1,31.3,0,45.4l77.3,133.9 c8.1,14,23.1,22.7,39.3,22.7h154.6c16.2,0,31.2-8.7,39.3-22.7L393.9,202c8.1-14,8.1-31.3,0-45.4L316.6,22.7 C308.5,8.7,293.5,0,277.3,0z\"\/>\n                                <\/clipPath>&#8218;;\n                                                        <\/svg>\n                        <\/span>\n                        <span class=\"wp-block-biomesworld-teaser__text\">\n                            <b>Dr. Paul Hammer<\/b>Biotech- Pionier &amp; Unternehmer, Gr\u00fcnder von BIOMES, neustes BBGM-F\u00f6rdermitglied                        <\/span>\n                    <\/div>                <\/div>\n                        <\/div>\n<\/div>\n","protected":false},"excerpt":{"rendered":"<p>&nbsp;&nbsp;Thank you for Signing Up BIOMES-WEBINAR 30. Juni 2022<\/p>\n","protected":false},"author":3168,"featured_media":0,"parent":0,"menu_order":0,"comment_status":"closed","ping_status":"closed","template":"","meta":{"_acf_changed":false,"footnotes":""},"class_list":["post-580648","page","type-page","status-publish","hentry"],"acf":[],"yoast_head":"<!-- This site is optimized with the Yoast SEO plugin v27.4 - https:\/\/yoast.com\/product\/yoast-seo-wordpress\/ -->\n<title>Webinar Anmeldung - BIOMES - Feel better<\/title>\n<meta name=\"robots\" content=\"noindex, follow\" \/>\n<meta property=\"og:locale\" content=\"de_DE\" \/>\n<meta property=\"og:type\" content=\"article\" \/>\n<meta property=\"og:title\" content=\"Webinar Anmeldung - BIOMES - Feel better\" \/>\n<meta property=\"og:description\" content=\"&nbsp;&nbsp;Thank you for Signing Up BIOMES-WEBINAR 30. Juni 2022\" \/>\n<meta property=\"og:url\" content=\"https:\/\/biomes.world\/de\/webinar-anmeldung\/\" \/>\n<meta property=\"og:site_name\" content=\"BIOMES - Feel better\" \/>\n<meta property=\"article:publisher\" content=\"https:\/\/de-de.facebook.com\/BIOMES.world\/\" \/>\n<meta property=\"article:modified_time\" content=\"2022-06-30T10:41:31+00:00\" \/>\n<meta property=\"og:image\" content=\"https:\/\/biomes.world\/wp-content\/uploads\/2022\/06\/zg-bgm.jpg\" \/>\n\t<meta property=\"og:image:width\" content=\"800\" \/>\n\t<meta property=\"og:image:height\" content=\"650\" \/>\n\t<meta property=\"og:image:type\" content=\"image\/jpeg\" \/>\n<meta name=\"twitter:card\" content=\"summary_large_image\" \/>\n<meta name=\"twitter:image\" content=\"https:\/\/biomes.world\/wp-content\/uploads\/2022\/06\/zg-bgm.jpg\" \/>\n<meta name=\"twitter:label1\" content=\"Gesch\u00e4tzte Lesezeit\" \/>\n\t<meta name=\"twitter:data1\" content=\"1\u00a0Minute\" \/>\n<script type=\"application\/ld+json\" class=\"yoast-schema-graph\">{\"@context\":\"https:\\\/\\\/schema.org\",\"@graph\":[{\"@type\":\"WebPage\",\"@id\":\"https:\\\/\\\/biomes.world\\\/de\\\/webinar-anmeldung\\\/\",\"url\":\"https:\\\/\\\/biomes.world\\\/de\\\/webinar-anmeldung\\\/\",\"name\":\"Webinar Anmeldung - BIOMES - Feel better\",\"isPartOf\":{\"@id\":\"https:\\\/\\\/biomes.world\\\/de\\\/#website\"},\"datePublished\":\"2021-09-27T13:39:07+00:00\",\"dateModified\":\"2022-06-30T10:41:31+00:00\",\"breadcrumb\":{\"@id\":\"https:\\\/\\\/biomes.world\\\/de\\\/webinar-anmeldung\\\/#breadcrumb\"},\"inLanguage\":\"de\",\"potentialAction\":[{\"@type\":\"ReadAction\",\"target\":[\"https:\\\/\\\/biomes.world\\\/de\\\/webinar-anmeldung\\\/\"]}]},{\"@type\":\"BreadcrumbList\",\"@id\":\"https:\\\/\\\/biomes.world\\\/de\\\/webinar-anmeldung\\\/#breadcrumb\",\"itemListElement\":[{\"@type\":\"ListItem\",\"position\":1,\"name\":\"Home\",\"item\":\"https:\\\/\\\/biomes.world\\\/de\\\/\"},{\"@type\":\"ListItem\",\"position\":2,\"name\":\"Webinar Anmeldung\"}]},{\"@type\":\"WebSite\",\"@id\":\"https:\\\/\\\/biomes.world\\\/de\\\/#website\",\"url\":\"https:\\\/\\\/biomes.world\\\/de\\\/\",\"name\":\"BIOMES - Feel better\",\"description\":\"Cutting-edge biotechnology used to help people\",\"publisher\":{\"@id\":\"https:\\\/\\\/biomes.world\\\/de\\\/#organization\"},\"potentialAction\":[{\"@type\":\"SearchAction\",\"target\":{\"@type\":\"EntryPoint\",\"urlTemplate\":\"https:\\\/\\\/biomes.world\\\/de\\\/?s={search_term_string}\"},\"query-input\":{\"@type\":\"PropertyValueSpecification\",\"valueRequired\":true,\"valueName\":\"search_term_string\"}}],\"inLanguage\":\"de\"},{\"@type\":\"Organization\",\"@id\":\"https:\\\/\\\/biomes.world\\\/de\\\/#organization\",\"name\":\"BIOMES 4.0 GmbH\",\"url\":\"https:\\\/\\\/biomes.world\\\/de\\\/\",\"logo\":{\"@type\":\"ImageObject\",\"inLanguage\":\"de\",\"@id\":\"https:\\\/\\\/biomes.world\\\/de\\\/#\\\/schema\\\/logo\\\/image\\\/\",\"url\":\"http:\\\/\\\/biomes.world\\\/wp-content\\\/uploads\\\/2024\\\/04\\\/biomes_logo_2021_RGB.png\",\"contentUrl\":\"http:\\\/\\\/biomes.world\\\/wp-content\\\/uploads\\\/2024\\\/04\\\/biomes_logo_2021_RGB.png\",\"width\":10040,\"height\":2599,\"caption\":\"BIOMES 4.0 GmbH\"},\"image\":{\"@id\":\"https:\\\/\\\/biomes.world\\\/de\\\/#\\\/schema\\\/logo\\\/image\\\/\"},\"sameAs\":[\"https:\\\/\\\/de-de.facebook.com\\\/BIOMES.world\\\/\",\"https:\\\/\\\/www.youtube.com\\\/@BIOMESworld\",\"https:\\\/\\\/www.instagram.com\\\/biomes_official\\\/\"]}]}<\/script>\n<!-- \/ Yoast SEO plugin. -->","yoast_head_json":{"title":"Webinar Anmeldung - BIOMES - Feel better","robots":{"index":"noindex","follow":"follow"},"og_locale":"de_DE","og_type":"article","og_title":"Webinar Anmeldung - BIOMES - Feel better","og_description":"&nbsp;&nbsp;Thank you for Signing Up BIOMES-WEBINAR 30. Juni 2022","og_url":"https:\/\/biomes.world\/de\/webinar-anmeldung\/","og_site_name":"BIOMES - Feel better","article_publisher":"https:\/\/de-de.facebook.com\/BIOMES.world\/","article_modified_time":"2022-06-30T10:41:31+00:00","og_image":[{"width":800,"height":650,"url":"https:\/\/biomes.world\/wp-content\/uploads\/2022\/06\/zg-bgm.jpg","type":"image\/jpeg"}],"twitter_card":"summary_large_image","twitter_image":"https:\/\/biomes.world\/wp-content\/uploads\/2022\/06\/zg-bgm.jpg","twitter_misc":{"Gesch\u00e4tzte Lesezeit":"1\u00a0Minute"},"schema":{"@context":"https:\/\/schema.org","@graph":[{"@type":"WebPage","@id":"https:\/\/biomes.world\/de\/webinar-anmeldung\/","url":"https:\/\/biomes.world\/de\/webinar-anmeldung\/","name":"Webinar Anmeldung - BIOMES - Feel better","isPartOf":{"@id":"https:\/\/biomes.world\/de\/#website"},"datePublished":"2021-09-27T13:39:07+00:00","dateModified":"2022-06-30T10:41:31+00:00","breadcrumb":{"@id":"https:\/\/biomes.world\/de\/webinar-anmeldung\/#breadcrumb"},"inLanguage":"de","potentialAction":[{"@type":"ReadAction","target":["https:\/\/biomes.world\/de\/webinar-anmeldung\/"]}]},{"@type":"BreadcrumbList","@id":"https:\/\/biomes.world\/de\/webinar-anmeldung\/#breadcrumb","itemListElement":[{"@type":"ListItem","position":1,"name":"Home","item":"https:\/\/biomes.world\/de\/"},{"@type":"ListItem","position":2,"name":"Webinar Anmeldung"}]},{"@type":"WebSite","@id":"https:\/\/biomes.world\/de\/#website","url":"https:\/\/biomes.world\/de\/","name":"BIOMES - Feel better","description":"Cutting-edge biotechnology used to help people","publisher":{"@id":"https:\/\/biomes.world\/de\/#organization"},"potentialAction":[{"@type":"SearchAction","target":{"@type":"EntryPoint","urlTemplate":"https:\/\/biomes.world\/de\/?s={search_term_string}"},"query-input":{"@type":"PropertyValueSpecification","valueRequired":true,"valueName":"search_term_string"}}],"inLanguage":"de"},{"@type":"Organization","@id":"https:\/\/biomes.world\/de\/#organization","name":"BIOMES 4.0 GmbH","url":"https:\/\/biomes.world\/de\/","logo":{"@type":"ImageObject","inLanguage":"de","@id":"https:\/\/biomes.world\/de\/#\/schema\/logo\/image\/","url":"http:\/\/biomes.world\/wp-content\/uploads\/2024\/04\/biomes_logo_2021_RGB.png","contentUrl":"http:\/\/biomes.world\/wp-content\/uploads\/2024\/04\/biomes_logo_2021_RGB.png","width":10040,"height":2599,"caption":"BIOMES 4.0 GmbH"},"image":{"@id":"https:\/\/biomes.world\/de\/#\/schema\/logo\/image\/"},"sameAs":["https:\/\/de-de.facebook.com\/BIOMES.world\/","https:\/\/www.youtube.com\/@BIOMESworld","https:\/\/www.instagram.com\/biomes_official\/"]}]}},"_links":{"self":[{"href":"https:\/\/biomes.world\/de\/wp-json\/wp\/v2\/pages\/580648","targetHints":{"allow":["GET"]}}],"collection":[{"href":"https:\/\/biomes.world\/de\/wp-json\/wp\/v2\/pages"}],"about":[{"href":"https:\/\/biomes.world\/de\/wp-json\/wp\/v2\/types\/page"}],"author":[{"embeddable":true,"href":"https:\/\/biomes.world\/de\/wp-json\/wp\/v2\/users\/3168"}],"replies":[{"embeddable":true,"href":"https:\/\/biomes.world\/de\/wp-json\/wp\/v2\/comments?post=580648"}],"version-history":[{"count":0,"href":"https:\/\/biomes.world\/de\/wp-json\/wp\/v2\/pages\/580648\/revisions"}],"wp:attachment":[{"href":"https:\/\/biomes.world\/de\/wp-json\/wp\/v2\/media?parent=580648"}],"curies":[{"name":"wp","href":"https:\/\/api.w.org\/{rel}","templated":true}]}}