{"id":572478,"date":"2021-07-30T16:35:44","date_gmt":"2021-07-30T14:35:44","guid":{"rendered":"http:\/\/biomes.world\/?page_id=572478"},"modified":"2023-02-27T10:57:03","modified_gmt":"2023-02-27T09:57:03","slug":"efre-foerderung","status":"publish","type":"page","link":"https:\/\/biomes.world\/de\/service\/efre-foerderung\/","title":{"rendered":"EFRE F\u00f6rderung"},"content":{"rendered":"\n<h1 class=\"wp-block-heading\" id=\"h-europ-ischen-fond-f-r-regionale-entwicklung-sub-gef-rdert-aus-mitteln-des-europ-ischen-fond-f-r-regionale-entwicklung-sub\">Europ\u00e4ischen Fond f\u00fcr Regionale Entwicklung<span class=\"subheader\">Gef\u00f6rdert aus Mitteln des Europ\u00e4ischen Fond f\u00fcr Regionale Entwicklung<\/span><\/h1>\n\n\n\n<figure class=\"wp-block-image size-full\"><img loading=\"lazy\" decoding=\"async\" width=\"300\" height=\"79\" src=\"http:\/\/biomes.world\/wp-content\/uploads\/2021\/05\/EFRE_Logo_rechts_oweb_4C.jpg\" alt=\"EFRE Logo\" class=\"wp-image-503526\" srcset=\"https:\/\/biomes.world\/wp-content\/uploads\/2021\/05\/EFRE_Logo_rechts_oweb_4C.jpg 300w, https:\/\/biomes.world\/wp-content\/uploads\/2021\/05\/EFRE_Logo_rechts_oweb_4C-250x66.jpg 250w\" sizes=\"auto, (max-width: 300px) 100vw, 300px\" \/><\/figure>\n\n\n\n<p><strong>BIOMES<\/strong> wird durch den EFRE von der Europ\u00e4ischen Union bei folgenden Aufgaben gef\u00f6rdert:<\/p>\n\n\n\n<ul class=\"wp-block-list\">\n<li>Einstellung eines Markterschlie\u00dfungsassistenten<\/li>\n\n\n\n<li>Entwicklung eines neuen Analyseverfahrenes: \u201eProject ProFit\u201c<\/li>\n<\/ul>\n\n\n\n<h3 class=\"wp-block-heading\">Aufgaben des Markterschlie\u00dfungsassistenten<\/h3>\n\n\n\n<ul class=\"wp-block-list\">\n<li>Situationsanalyse des Zielmarktes: Analyse der strategischen Entwicklung der M\u00e4rkte auf dem s\u00fcdamerikanischen Kontinent und der dortigen operativen Markenf\u00fchrung<\/li>\n\n\n\n<li>Erarbeitung einer Entscheidungsstrategie unter Ber\u00fccksichtigung der jeweiligen landesspezifischen Faktoren f\u00fcr den s\u00fcdamerikanischen Raum unter Einbeziehung von markt-, umwelt- und sozialpolitischen \u00dcberlegungen passend zum Zielland<\/li>\n\n\n\n<li>Datenbasierte Auswahl eines Ziellandes f\u00fcr die Markteinf\u00fchrung des Produkts und Begleitung der Expansion.<\/li>\n<\/ul>\n\n\n\n<p>Die EFRE Zuwendung dient der Finanzierung der Personalkosten.<\/p>\n\n\n\n<h3 class=\"wp-block-heading\">Project ProFit<\/h3>\n\n\n\n<p>Bestandteile des Projektes beinhalten: Vorkl\u00e4rungen von Voraussetzungen f\u00fcr die Entwicklung eines neuen molekularbiologischen Analyseverfahrens. Sowie die Entwicklung eines neuen molekularbiologischen Analyseverfahrens f\u00fcr das Mikrobiom von Tieren.<\/p>\n\n\n\n<p>Die EFRE Zuwendung dient der Finanzierung verschiedener Arbeitspakete im Rahmen des Projekts.<\/p>\n","protected":false},"excerpt":{"rendered":"<p>Europ\u00e4ischen Fond f\u00fcr Regionale Entwicklung BIOMES wird durch den EFRE von der Europ\u00e4ischen Union bei folgenden Aufgaben gef\u00f6rdert: Einstellung eines Markterschlie\u00dfungsassistenten Entwicklung eines neuen Analyseverfahrenes: \u201eProject ProFit\u201c Aufgaben des Markterschlie\u00dfungsassistenten Situationsanalyse des Zielmarktes: Analyse der strategischen Entwicklung der M\u00e4rkte auf dem s\u00fcdamerikanischen Kontinent und der dortigen operativen Markenf\u00fchrung Erarbeitung einer Entscheidungsstrategie unter Ber\u00fccksichtigung der jeweiligen [&#8230;]<\/p>\n","protected":false},"author":3168,"featured_media":0,"parent":500601,"menu_order":0,"comment_status":"closed","ping_status":"closed","template":"","meta":{"_acf_changed":false,"footnotes":""},"class_list":["post-572478","page","type-page","status-publish","hentry"],"acf":[],"yoast_head":"<!-- This site is optimized with the Yoast SEO Premium plugin v26.2 (Yoast SEO v27.2) - https:\/\/yoast.com\/product\/yoast-seo-premium-wordpress\/ -->\n<title>EFRE F\u00f6rderung - BIOMES - Feel better<\/title>\n<meta name=\"description\" content=\"BIOMES wird f\u00fcr die Entwicklung durch den Europ\u00e4ischen Fond f\u00fcr Regionale Entwicklung von der Europ\u00e4ischen Union gef\u00f6rdert.\" \/>\n<meta name=\"robots\" content=\"index, follow, max-snippet:-1, max-image-preview:large, max-video-preview:-1\" \/>\n<link rel=\"canonical\" href=\"https:\/\/biomes.world\/de\/service\/efre-foerderung\/\" \/>\n<meta property=\"og:locale\" content=\"de_DE\" \/>\n<meta property=\"og:type\" content=\"article\" \/>\n<meta property=\"og:title\" content=\"EFRE F\u00f6rderung\" \/>\n<meta property=\"og:description\" content=\"BIOMES wird f\u00fcr die Entwicklung durch den Europ\u00e4ischen Fond f\u00fcr Regionale Entwicklung von der Europ\u00e4ischen Union gef\u00f6rdert.\" \/>\n<meta property=\"og:url\" content=\"https:\/\/biomes.world\/de\/service\/efre-foerderung\/\" \/>\n<meta property=\"og:site_name\" content=\"BIOMES - Feel better\" \/>\n<meta property=\"article:publisher\" content=\"https:\/\/de-de.facebook.com\/BIOMES.world\/\" \/>\n<meta property=\"article:modified_time\" content=\"2023-02-27T09:57:03+00:00\" \/>\n<meta property=\"og:image\" content=\"http:\/\/biomes.world\/wp-content\/uploads\/2021\/05\/EFRE_Logo_rechts_oweb_4C.jpg\" \/>\n<meta name=\"twitter:card\" content=\"summary_large_image\" \/>\n<meta name=\"twitter:label1\" content=\"Gesch\u00e4tzte Lesezeit\" \/>\n\t<meta name=\"twitter:data1\" content=\"1\u00a0Minute\" \/>\n<script type=\"application\/ld+json\" class=\"yoast-schema-graph\">{\"@context\":\"https:\/\/schema.org\",\"@graph\":[{\"@type\":\"WebPage\",\"@id\":\"https:\/\/biomes.world\/de\/service\/efre-foerderung\/\",\"url\":\"https:\/\/biomes.world\/de\/service\/efre-foerderung\/\",\"name\":\"EFRE F\u00f6rderung - BIOMES - Feel better\",\"isPartOf\":{\"@id\":\"https:\/\/biomes.world\/de\/#website\"},\"primaryImageOfPage\":{\"@id\":\"https:\/\/biomes.world\/de\/service\/efre-foerderung\/#primaryimage\"},\"image\":{\"@id\":\"https:\/\/biomes.world\/de\/service\/efre-foerderung\/#primaryimage\"},\"thumbnailUrl\":\"http:\/\/biomes.world\/wp-content\/uploads\/2021\/05\/EFRE_Logo_rechts_oweb_4C.jpg\",\"datePublished\":\"2021-07-30T14:35:44+00:00\",\"dateModified\":\"2023-02-27T09:57:03+00:00\",\"description\":\"BIOMES wird f\u00fcr die Entwicklung durch den Europ\u00e4ischen Fond f\u00fcr Regionale Entwicklung von der Europ\u00e4ischen Union gef\u00f6rdert.\",\"breadcrumb\":{\"@id\":\"https:\/\/biomes.world\/de\/service\/efre-foerderung\/#breadcrumb\"},\"inLanguage\":\"de\",\"potentialAction\":[{\"@type\":\"ReadAction\",\"target\":[\"https:\/\/biomes.world\/de\/service\/efre-foerderung\/\"]}]},{\"@type\":\"ImageObject\",\"inLanguage\":\"de\",\"@id\":\"https:\/\/biomes.world\/de\/service\/efre-foerderung\/#primaryimage\",\"url\":\"http:\/\/biomes.world\/wp-content\/uploads\/2021\/05\/EFRE_Logo_rechts_oweb_4C.jpg\",\"contentUrl\":\"http:\/\/biomes.world\/wp-content\/uploads\/2021\/05\/EFRE_Logo_rechts_oweb_4C.jpg\"},{\"@type\":\"BreadcrumbList\",\"@id\":\"https:\/\/biomes.world\/de\/service\/efre-foerderung\/#breadcrumb\",\"itemListElement\":[{\"@type\":\"ListItem\",\"position\":1,\"name\":\"Home\",\"item\":\"https:\/\/biomes.world\/de\/\"},{\"@type\":\"ListItem\",\"position\":2,\"name\":\"Footer Service\",\"item\":\"https:\/\/biomes.world\/de\/service\/\"},{\"@type\":\"ListItem\",\"position\":3,\"name\":\"EFRE F\u00f6rderung\"}]},{\"@type\":\"WebSite\",\"@id\":\"https:\/\/biomes.world\/de\/#website\",\"url\":\"https:\/\/biomes.world\/de\/\",\"name\":\"BIOMES - Feel better\",\"description\":\"Cutting-edge biotechnology used to help people\",\"publisher\":{\"@id\":\"https:\/\/biomes.world\/de\/#organization\"},\"potentialAction\":[{\"@type\":\"SearchAction\",\"target\":{\"@type\":\"EntryPoint\",\"urlTemplate\":\"https:\/\/biomes.world\/de\/?s={search_term_string}\"},\"query-input\":{\"@type\":\"PropertyValueSpecification\",\"valueRequired\":true,\"valueName\":\"search_term_string\"}}],\"inLanguage\":\"de\"},{\"@type\":\"Organization\",\"@id\":\"https:\/\/biomes.world\/de\/#organization\",\"name\":\"BIOMES 4.0 GmbH\",\"url\":\"https:\/\/biomes.world\/de\/\",\"logo\":{\"@type\":\"ImageObject\",\"inLanguage\":\"de\",\"@id\":\"https:\/\/biomes.world\/de\/#\/schema\/logo\/image\/\",\"url\":\"http:\/\/biomes.world\/wp-content\/uploads\/2024\/04\/biomes_logo_2021_RGB.png\",\"contentUrl\":\"http:\/\/biomes.world\/wp-content\/uploads\/2024\/04\/biomes_logo_2021_RGB.png\",\"width\":10040,\"height\":2599,\"caption\":\"BIOMES 4.0 GmbH\"},\"image\":{\"@id\":\"https:\/\/biomes.world\/de\/#\/schema\/logo\/image\/\"},\"sameAs\":[\"https:\/\/de-de.facebook.com\/BIOMES.world\/\",\"https:\/\/www.youtube.com\/@BIOMESworld\",\"https:\/\/www.instagram.com\/biomes_official\/\"],\"legalName\":\"BIOMES 4.0 GmbH\",\"duns\":\"314778637\"}]}<\/script>\n<!-- \/ Yoast SEO Premium plugin. -->","yoast_head_json":{"title":"EFRE F\u00f6rderung - BIOMES - Feel better","description":"BIOMES wird f\u00fcr die Entwicklung durch den Europ\u00e4ischen Fond f\u00fcr Regionale Entwicklung von der Europ\u00e4ischen Union gef\u00f6rdert.","robots":{"index":"index","follow":"follow","max-snippet":"max-snippet:-1","max-image-preview":"max-image-preview:large","max-video-preview":"max-video-preview:-1"},"canonical":"https:\/\/biomes.world\/de\/service\/efre-foerderung\/","og_locale":"de_DE","og_type":"article","og_title":"EFRE F\u00f6rderung","og_description":"BIOMES wird f\u00fcr die Entwicklung durch den Europ\u00e4ischen Fond f\u00fcr Regionale Entwicklung von der Europ\u00e4ischen Union gef\u00f6rdert.","og_url":"https:\/\/biomes.world\/de\/service\/efre-foerderung\/","og_site_name":"BIOMES - Feel better","article_publisher":"https:\/\/de-de.facebook.com\/BIOMES.world\/","article_modified_time":"2023-02-27T09:57:03+00:00","og_image":[{"url":"http:\/\/biomes.world\/wp-content\/uploads\/2021\/05\/EFRE_Logo_rechts_oweb_4C.jpg","type":"","width":"","height":""}],"twitter_card":"summary_large_image","twitter_misc":{"Gesch\u00e4tzte Lesezeit":"1\u00a0Minute"},"schema":{"@context":"https:\/\/schema.org","@graph":[{"@type":"WebPage","@id":"https:\/\/biomes.world\/de\/service\/efre-foerderung\/","url":"https:\/\/biomes.world\/de\/service\/efre-foerderung\/","name":"EFRE F\u00f6rderung - BIOMES - Feel better","isPartOf":{"@id":"https:\/\/biomes.world\/de\/#website"},"primaryImageOfPage":{"@id":"https:\/\/biomes.world\/de\/service\/efre-foerderung\/#primaryimage"},"image":{"@id":"https:\/\/biomes.world\/de\/service\/efre-foerderung\/#primaryimage"},"thumbnailUrl":"http:\/\/biomes.world\/wp-content\/uploads\/2021\/05\/EFRE_Logo_rechts_oweb_4C.jpg","datePublished":"2021-07-30T14:35:44+00:00","dateModified":"2023-02-27T09:57:03+00:00","description":"BIOMES wird f\u00fcr die Entwicklung durch den Europ\u00e4ischen Fond f\u00fcr Regionale Entwicklung von der Europ\u00e4ischen Union gef\u00f6rdert.","breadcrumb":{"@id":"https:\/\/biomes.world\/de\/service\/efre-foerderung\/#breadcrumb"},"inLanguage":"de","potentialAction":[{"@type":"ReadAction","target":["https:\/\/biomes.world\/de\/service\/efre-foerderung\/"]}]},{"@type":"ImageObject","inLanguage":"de","@id":"https:\/\/biomes.world\/de\/service\/efre-foerderung\/#primaryimage","url":"http:\/\/biomes.world\/wp-content\/uploads\/2021\/05\/EFRE_Logo_rechts_oweb_4C.jpg","contentUrl":"http:\/\/biomes.world\/wp-content\/uploads\/2021\/05\/EFRE_Logo_rechts_oweb_4C.jpg"},{"@type":"BreadcrumbList","@id":"https:\/\/biomes.world\/de\/service\/efre-foerderung\/#breadcrumb","itemListElement":[{"@type":"ListItem","position":1,"name":"Home","item":"https:\/\/biomes.world\/de\/"},{"@type":"ListItem","position":2,"name":"Footer Service","item":"https:\/\/biomes.world\/de\/service\/"},{"@type":"ListItem","position":3,"name":"EFRE F\u00f6rderung"}]},{"@type":"WebSite","@id":"https:\/\/biomes.world\/de\/#website","url":"https:\/\/biomes.world\/de\/","name":"BIOMES - Feel better","description":"Cutting-edge biotechnology used to help people","publisher":{"@id":"https:\/\/biomes.world\/de\/#organization"},"potentialAction":[{"@type":"SearchAction","target":{"@type":"EntryPoint","urlTemplate":"https:\/\/biomes.world\/de\/?s={search_term_string}"},"query-input":{"@type":"PropertyValueSpecification","valueRequired":true,"valueName":"search_term_string"}}],"inLanguage":"de"},{"@type":"Organization","@id":"https:\/\/biomes.world\/de\/#organization","name":"BIOMES 4.0 GmbH","url":"https:\/\/biomes.world\/de\/","logo":{"@type":"ImageObject","inLanguage":"de","@id":"https:\/\/biomes.world\/de\/#\/schema\/logo\/image\/","url":"http:\/\/biomes.world\/wp-content\/uploads\/2024\/04\/biomes_logo_2021_RGB.png","contentUrl":"http:\/\/biomes.world\/wp-content\/uploads\/2024\/04\/biomes_logo_2021_RGB.png","width":10040,"height":2599,"caption":"BIOMES 4.0 GmbH"},"image":{"@id":"https:\/\/biomes.world\/de\/#\/schema\/logo\/image\/"},"sameAs":["https:\/\/de-de.facebook.com\/BIOMES.world\/","https:\/\/www.youtube.com\/@BIOMESworld","https:\/\/www.instagram.com\/biomes_official\/"],"legalName":"BIOMES 4.0 GmbH","duns":"314778637"}]}},"_links":{"self":[{"href":"https:\/\/biomes.world\/de\/wp-json\/wp\/v2\/pages\/572478","targetHints":{"allow":["GET"]}}],"collection":[{"href":"https:\/\/biomes.world\/de\/wp-json\/wp\/v2\/pages"}],"about":[{"href":"https:\/\/biomes.world\/de\/wp-json\/wp\/v2\/types\/page"}],"author":[{"embeddable":true,"href":"https:\/\/biomes.world\/de\/wp-json\/wp\/v2\/users\/3168"}],"replies":[{"embeddable":true,"href":"https:\/\/biomes.world\/de\/wp-json\/wp\/v2\/comments?post=572478"}],"version-history":[{"count":0,"href":"https:\/\/biomes.world\/de\/wp-json\/wp\/v2\/pages\/572478\/revisions"}],"up":[{"embeddable":true,"href":"https:\/\/biomes.world\/de\/wp-json\/wp\/v2\/pages\/500601"}],"wp:attachment":[{"href":"https:\/\/biomes.world\/de\/wp-json\/wp\/v2\/media?parent=572478"}],"curies":[{"name":"wp","href":"https:\/\/api.w.org\/{rel}","templated":true}]}}